{"id":20936,"date":"2023-11-21T10:42:03","date_gmt":"2023-11-21T15:42:03","guid":{"rendered":"https:\/\/newyorkhipknee.com\/contacto\/little-neck-mejor-cirujano-de-reemplazo-de-cadera-y-rodilla\/ciudad-jardin-nueva-york\/"},"modified":"2023-11-21T10:42:03","modified_gmt":"2023-11-21T15:42:03","slug":"ciudad-jardin-nueva-york","status":"publish","type":"page","link":"https:\/\/www.newyorkhipknee.com\/es\/contacto\/little-neck-mejor-cirujano-de-reemplazo-de-cadera-y-rodilla\/ciudad-jardin-nueva-york\/","title":{"rendered":"Ciudad Jard\u00edn, Nueva York"},"content":{"rendered":"<h1>Saludos a Complete Orthopedics: \u00a1Su proveedor l\u00edder de atenci\u00f3n ortop\u00e9dica en Garden City, NY!<\/h1>\n<p>En el coraz\u00f3n del trabajo del Dr. Nakul Karkare est\u00e1 proporcionar atenci\u00f3n ortop\u00e9dica integral. Tanto si se trata de un tratamiento ortop\u00e9dico derivado como si s\u00f3lo necesita asesoramiento sobre cualquier problema ortop\u00e9dico, nuestro equipo especializado, disponible las 24 horas del d\u00eda, los 7 d\u00edas de la semana, est\u00e1 a s\u00f3lo una llamada de distancia. Estamos aqu\u00ed para ofrecerle asistencia r\u00e1pida y compasiva.<\/p>\n<p>Entendemos que muchas personas con lesiones relacionadas con el trabajo cubiertas por el seguro de accidentes de trabajo y el seguro sin culpa a menudo se dirigen a centros de atenci\u00f3n urgente y hospitales. Si su lesi\u00f3n no requiere una visita al hospital, estaremos encantados de ofrecerle un tratamiento ortop\u00e9dico especializado adaptado a su caso concreto. Su bienestar es nuestra m\u00e1xima prioridad.<\/p>\n<p>&nbsp;<\/p>\n<h1>Estamos orgullosos de ofrecer una amplia gama de servicios ortop\u00e9dicos en Garden City, NY.<\/h1>\n<h2><a href=\"https:\/\/newyorkhipknee.com\/hip-replacement-surgery\/\" target=\"_blank\" rel=\"noopener\">Pr\u00f3tesis total de cadera<\/a><\/h2>\n<p>La artroplastia total de cadera consiste en sustituir una articulaci\u00f3n de la cadera da\u00f1ada o desgastada por otra artificial. Este procedimiento suele recomendarse a personas que sufren dolor intenso de cadera, rigidez o movilidad reducida debido a afecciones como artritis o fracturas.<\/p>\n<p>El Dr. Nakul Karkare destaca como una excelente opci\u00f3n para esta cirug\u00eda por varias razones. Su amplia experiencia y conocimientos en cirug\u00eda ortop\u00e9dica, especialmente en el campo de las pr\u00f3tesis de cadera, le convierten en una opci\u00f3n de primera categor\u00eda. El Dr. Karkare es conocido por su compromiso con la atenci\u00f3n personalizada al paciente, asegurando que cada individuo reciba un plan de tratamiento adaptado a sus necesidades y circunstancias espec\u00edficas.<\/p>\n<p>Adem\u00e1s, su uso de t\u00e9cnicas quir\u00fargicas avanzadas y tecnolog\u00edas de vanguardia contribuye a obtener resultados \u00f3ptimos en los pacientes que se someten a una artroplastia total de cadera. La reputaci\u00f3n del Dr. Karkare para la atenci\u00f3n compasiva, junto con su dedicaci\u00f3n a mantenerse al d\u00eda con los \u00faltimos avances en ortopedia, lo consolidan a\u00fan m\u00e1s como una opci\u00f3n confiable y fiable para la cirug\u00eda de reemplazo total de cadera.<\/p>\n<p>&nbsp;<\/p>\n<h2><a href=\"https:\/\/newyorkhipknee.com\/faqs\/total-knee-replacement-faqs\/\" target=\"_blank\" rel=\"noopener\">Pr\u00f3tesis de rodilla a medida<\/a><\/h2>\n<p>Estamos muy contentos de ofrecer la cirug\u00eda de reemplazo de rodilla personalizada adaptada a las necesidades \u00fanicas de cada individuo aqu\u00ed en Garden City, NY. Cuando se trata de este procedimiento especializado, el Dr. Nakul Karkare es una excelente elecci\u00f3n. Con su gran experiencia y su compromiso con la atenci\u00f3n personalizada, destaca como la opci\u00f3n a la que acudir. El uso de t\u00e9cnicas avanzadas por parte del Dr. Karkare y su actualizaci\u00f3n sobre lo \u00faltimo en ortopedia garantizan que usted reciba la mejor atenci\u00f3n posible para su pr\u00f3tesis de rodilla personalizada. Puede confiar en \u00e9l para aportar un toque humano a su viaje ortop\u00e9dico.<\/p>\n<p>El Dr. Nakul Karkare se considera una opci\u00f3n \u00f3ptima para la cirug\u00eda de pr\u00f3tesis de rodilla a medida por varias razones de peso. Su amplia experiencia y conocimientos en cirug\u00eda ortop\u00e9dica, en particular en el \u00e1mbito de las pr\u00f3tesis de rodilla, le distinguen. El Dr. Karkare es conocido por su compromiso con la atenci\u00f3n individualizada del paciente, teniendo en cuenta las necesidades y afecciones espec\u00edficas de cada persona.<\/p>\n<p>Adem\u00e1s, el Dr. Karkare incorpora a su pr\u00e1ctica t\u00e9cnicas quir\u00fargicas avanzadas y tecnolog\u00edas de vanguardia, mejorando la precisi\u00f3n y los resultados de los pacientes que se someten a una pr\u00f3tesis de rodilla a medida. Su reputaci\u00f3n por la atenci\u00f3n compasiva y la dedicaci\u00f3n a mantenerse al d\u00eda de los \u00faltimos avances en ortopedia lo convierten en una opci\u00f3n fiable y de confianza para aquellos que buscan un enfoque personalizado a la cirug\u00eda de reemplazo de rodilla.<\/p>\n<p>&nbsp;<\/p>\n<h1>Acerca de Garden City<\/h1>\n<p>Garden City, NY es un pueblo situado en Long Island, en el condado de Nassau, Nueva York. El pueblo cuenta con una historia diversa, una animada escena cultural y un sector tur\u00edstico en expansi\u00f3n.<\/p>\n<p>&nbsp;<\/p>\n<h3>Historia de Garden City, NY<\/h3>\n<p>Fundada en 1869 por el comerciante textil Alexander Turney Stewart, Garden City, Nueva York, es una de las primeras comunidades planificadas de Estados Unidos. Los descendientes de Stewart fundaron The Garden City Company, que desempe\u00f1\u00f3 un papel fundamental en la supervisi\u00f3n del crecimiento de la comunidad hasta que se convirti\u00f3 oficialmente en un pueblo mediante su incorporaci\u00f3n en 1919.<\/p>\n<p>El pueblo es famoso por sus atractivos barrios residenciales y su tranquilo ambiente ajardinado, y alberga la catedral g\u00f3tica inglesa de la Encarnaci\u00f3n, sede de la di\u00f3cesis episcopal de Long Island. La Memorial School of Theology est\u00e1 situada en Garden City. Adem\u00e1s, la Universidad Adelphi, establecida originalmente en 1896 en Brooklyn, se traslad\u00f3 a Garden City en 1929.Garden City es la sede del Nassau Community College, miembro del sistema de la Universidad Estatal de Nueva York.<\/p>\n<p>&nbsp;<\/p>\n<h3>Cultura de Garden City, NY<\/h3>\n<p>Garden City, Nueva York, cuenta con una rica historia cultural, con el pueblo siendo la residencia de varios museos e instituciones culturales. El pueblo alberga un distrito comercial que incluye una vibrante vida nocturna, hoteles, restaurantes frente al mar, y una gran variedad de tiendas.<\/p>\n<p>&nbsp;<\/p>\n<h3>Turismo en Garden City, NY<\/h3>\n<p>Garden City, NY, se est\u00e1 convirtiendo en un lugar tur\u00edstico cada vez m\u00e1s popular, gracias a sus atractivos parques, sus pintorescos pueblos y su abundante patrimonio cultural. El pueblo alberga diversas atracciones que seducen a visitantes de todo el mundo. Entre ellos, el Museo Cuna de la Aviaci\u00f3n destaca como destacada instituci\u00f3n cultural, con diversas exposiciones y eventos durante todo el a\u00f1o.<\/p>\n<p>El museo se ha comprometido a mostrar la historia y la importancia cultural de la aviaci\u00f3n. Otro destino muy apreciado en Garden City es el Roosevelt Field Mall, un centro comercial que alberga una variada gama de tiendas y restaurantes. El centro comercial toma su nombre del adyacente Roosevelt Field, hist\u00f3rico lugar de despegue del vuelo transatl\u00e1ntico pionero de Charles A. Lindbergh en 1927.<\/p>\n<p>Garden City, Nueva York, es un pueblo cargado de historia, adornado con una animada cultura y que experimenta un floreciente sector tur\u00edstico. Quienes se aventuren a visitarla podr\u00e1n adentrarse en sus museos y establecimientos culturales, deleitarse con la belleza de sus parques y reservas naturales y desconectar en sus encantadores pueblos. Tanto si le apasiona la historia, como si aprecia la naturaleza o le gusta ir de compras, Garden City satisface una amplia gama de intereses.<\/p>\n<h1>Indicaciones<\/h1>\n<p>Estas son las indicaciones desde Garden City, NY para llegar a Complete Orthopedics en 52-21 Little Neck Parkway, Little Neck, NY 11362:<\/p>\n<p>1. Dir\u00edjase hacia el este por Stewart Ave hacia Franklin Ave.<br \/>\n2. Gire a la izquierda en Franklin Ave.<br \/>\n3. Gire a la derecha en 7th St.<br \/>\n4. Gire a la izquierda en Nassau Blvd.<br \/>\n5. Gire a la derecha en Jericho Turnpike.<br \/>\n6. Gire a la izquierda en Lakeville Rd.<br \/>\n7. Gire a la derecha en la rampa hacia NY-25 E \/ Jericho Turnpike.<br \/>\n8. Incorp\u00f3rese a NY-25 E\/Jericho Turnpike.<br \/>\n9. Gire a la derecha en Little Neck Pkwy.<br \/>\n10. Complete Orthopedics estar\u00e1 a la derecha en 52-21 Little Neck Pkwy.<\/p>\n<p>Nota: Las indicaciones exactas pueden variar en funci\u00f3n de la ubicaci\u00f3n de partida. Se recomienda utilizar un GPS o un servicio de mapas para obtener las direcciones m\u00e1s precisas.<\/p>\n<p>&nbsp;<\/p>\n<h1>Atenci\u00f3n m\u00e9dica cerca de Garden City<\/h1>\n<h4>Farmacias<\/h4>\n<ol class=\"list-outside list-decimal marker:font-mono marker:text-sm pl-11\">\n<li><span class=\"\">Farmacia CVS &#8211; 630 Old Country Rd, Garden City, NY 11530<\/span><\/li>\n<li><span class=\"\">Farmacia Walgreens &#8211; 655 Franklin Ave, Franklin Square, NY 11010<\/span><\/li>\n<li><span class=\"\">Farmacia Rite Aid &#8211; 925 Hempstead Turnpike, Franklin Square, NY 11010<\/span><\/li>\n<\/ol>\n<h4>Centros de Radiolog\u00eda<\/h4>\n<ol class=\"list-outside list-decimal marker:font-mono marker:text-sm pl-11\">\n<li><span class=\"\">Radiolog\u00eda South Nassau &#8211; 2277 Grand Ave, Baldwin, NY 11510<\/span><\/li>\n<li><span class=\"\">South Shore Radiology &#8211; 242 Merrick Rd, Rockville Centre, NY 11570<\/span><\/li>\n<li><span class=\"\">Diagnostic Radiology Associates &#8211; 165 N Village Ave, Rockville Centre, NY 11570<\/span><\/li>\n<\/ol>\n<h4>Centros de Atenci\u00f3n de Urgencia<\/h4>\n<ol class=\"list-outside list-decimal marker:font-mono marker:text-sm pl-11\">\n<li><span class=\"\">Northwell Health-GoHealth Urgent Care &#8211; 243 Merrick Rd, Rockville Centre, NY 11570<\/span><\/li>\n<li><span class=\"\">CityMD Rockville Centre Urgent Care &#8211; Long Island &#8211; 77 N Centre Ave, Rockville Centre, NY 11570<\/span><\/li>\n<li><span class=\"\">ProHEALTH Atenci\u00f3n de Urgencia &#8211; 2064 Merrick Rd, Merrick, NY 11566<\/span><\/li>\n<\/ol>\n<h4>Hospitales<\/h4>\n<ol class=\"list-outside list-decimal marker:font-mono marker:text-sm pl-11\">\n<li><span class=\"\">Centro M\u00e9dico Jud\u00edo de Long Island &#8211; 270-05 76th Ave, New Hyde Park, NY 11040<\/span><\/li>\n<li><span class=\"\">Hospital Universitario North Shore &#8211; 300 Community Dr, Manhasset, NY 11030<\/span><\/li>\n<li><span class=\"\">Centro M\u00e9dico Mercy &#8211; 1000 N Village Ave, Rockville Centre, NY 11570<\/span><\/li>\n<\/ol>\n<p>Nuestra misi\u00f3n central gira en torno a la prestaci\u00f3n de una atenci\u00f3n ortop\u00e9dica integral a las personas de nuestra comunidad, incluidas las mencionadas anteriormente. Tanto si le han remitido a nosotros para un tratamiento ortop\u00e9dico como si busca orientaci\u00f3n para cualquier problema ortop\u00e9dico, nuestro equipo dedicado 24 horas al d\u00eda, 7 d\u00edas a la semana, est\u00e1 a s\u00f3lo una llamada de distancia, listo para proporcionarle asistencia r\u00e1pida y compasiva.<\/p>\n<p>Reconocemos que muchas personas con lesiones relacionadas con el trabajo cubiertos por la compensaci\u00f3n del trabajador y el seguro sin culpa a menudo recurren a los centros de atenci\u00f3n de urgencia y hospitales para recibir tratamiento. Si su lesi\u00f3n no requiere una visita al hospital, estamos m\u00e1s que dispuestos a proporcionarle un tratamiento ortop\u00e9dico especializado adaptado a su caso concreto. No dude en ponerse en contacto con nosotros en el 631-981-2663 para concertar una cita hoy mismo. Su bienestar sigue siendo nuestra m\u00e1xima prioridad.<\/p>\n","protected":false},"excerpt":{"rendered":"<p>Saludos a Complete Orthopedics: \u00a1Su proveedor l\u00edder de atenci\u00f3n ortop\u00e9dica en Garden City, NY! En el coraz\u00f3n del trabajo del Dr. Nakul Karkare est\u00e1 proporcionar atenci\u00f3n ortop\u00e9dica integral. Tanto si se trata de un tratamiento ortop\u00e9dico derivado como si s\u00f3lo necesita asesoramiento sobre cualquier problema ortop\u00e9dico, nuestro equipo especializado, disponible las 24 horas del d\u00eda, [&hellip;]<\/p>\n","protected":false},"author":33,"featured_media":0,"parent":16528,"menu_order":0,"comment_status":"closed","ping_status":"closed","template":"","meta":{"_et_pb_use_builder":"","_et_pb_old_content":"","_et_gb_content_width":"","footnotes":""},"class_list":["post-20936","page","type-page","status-publish","hentry"],"yoast_head":"<!-- This site is optimized with the Yoast SEO plugin v27.2 - https:\/\/yoast.com\/product\/yoast-seo-wordpress\/ -->\n<title>Ciudad Jard\u00edn, Nueva York | Best Hip &amp; Knee Surgeon | NY, USA<\/title>\n<meta name=\"description\" content=\"Saludos a Complete Orthopedics: \u00a1Su proveedor l\u00edder de atenci\u00f3n ortop\u00e9dica en Garden City, NY! En el coraz\u00f3n del trabajo del Dr. Nakul Karkare est\u00e1\" \/>\n<meta name=\"robots\" content=\"index, follow, max-snippet:-1, max-image-preview:large, max-video-preview:-1\" \/>\n<link rel=\"canonical\" href=\"https:\/\/www.newyorkhipknee.com\/es\/contacto\/little-neck-mejor-cirujano-de-reemplazo-de-cadera-y-rodilla\/ciudad-jardin-nueva-york\/\" \/>\n<meta property=\"og:locale\" content=\"es_ES\" \/>\n<meta property=\"og:type\" content=\"article\" \/>\n<meta property=\"og:title\" content=\"Ciudad Jard\u00edn, Nueva York | Best Hip &amp; Knee Surgeon | NY, USA\" \/>\n<meta property=\"og:description\" content=\"Saludos a Complete Orthopedics: \u00a1Su proveedor l\u00edder de atenci\u00f3n ortop\u00e9dica en Garden City, NY! En el coraz\u00f3n del trabajo del Dr. Nakul Karkare est\u00e1\" \/>\n<meta property=\"og:url\" content=\"https:\/\/www.newyorkhipknee.com\/es\/contacto\/little-neck-mejor-cirujano-de-reemplazo-de-cadera-y-rodilla\/ciudad-jardin-nueva-york\/\" \/>\n<meta property=\"og:site_name\" content=\"Best Hip &amp; Knee Surgeon | NY, USA\" \/>\n<meta name=\"twitter:card\" content=\"summary_large_image\" \/>\n<meta name=\"twitter:label1\" content=\"Tiempo de lectura\" \/>\n\t<meta name=\"twitter:data1\" content=\"8 minutos\" \/>\n<script type=\"application\/ld+json\" class=\"yoast-schema-graph\">{\"@context\":\"https:\/\/schema.org\",\"@graph\":[{\"@type\":[\"WebPage\",\"MedicalWebPage\"],\"@id\":\"https:\/\/www.newyorkhipknee.com\/es\/contacto\/little-neck-mejor-cirujano-de-reemplazo-de-cadera-y-rodilla\/ciudad-jardin-nueva-york\/\",\"url\":\"https:\/\/www.newyorkhipknee.com\/es\/contacto\/little-neck-mejor-cirujano-de-reemplazo-de-cadera-y-rodilla\/ciudad-jardin-nueva-york\/\",\"name\":\"Ciudad Jard\u00edn, Nueva York | Best Hip &amp; Knee Surgeon | NY, USA\",\"isPartOf\":{\"@id\":\"https:\/\/www.newyorkhipknee.com\/es\/#website\"},\"datePublished\":\"2023-11-21T15:42:03+00:00\",\"description\":\"Saludos a Complete Orthopedics: \u00a1Su proveedor l\u00edder de atenci\u00f3n ortop\u00e9dica en Garden City, NY! En el coraz\u00f3n del trabajo del Dr. Nakul Karkare est\u00e1\",\"breadcrumb\":{\"@id\":\"https:\/\/www.newyorkhipknee.com\/es\/contacto\/little-neck-mejor-cirujano-de-reemplazo-de-cadera-y-rodilla\/ciudad-jardin-nueva-york\/#breadcrumb\"},\"inLanguage\":\"es\",\"potentialAction\":[{\"@type\":\"ReadAction\",\"target\":[\"https:\/\/www.newyorkhipknee.com\/es\/contacto\/little-neck-mejor-cirujano-de-reemplazo-de-cadera-y-rodilla\/ciudad-jardin-nueva-york\/\"]}]},{\"@type\":\"BreadcrumbList\",\"@id\":\"https:\/\/www.newyorkhipknee.com\/es\/contacto\/little-neck-mejor-cirujano-de-reemplazo-de-cadera-y-rodilla\/ciudad-jardin-nueva-york\/#breadcrumb\",\"itemListElement\":[{\"@type\":\"ListItem\",\"position\":1,\"name\":\"Home\",\"item\":\"https:\/\/www.newyorkhipknee.com\/es\/\"},{\"@type\":\"ListItem\",\"position\":2,\"name\":\"Contacto\",\"item\":\"https:\/\/www.newyorkhipknee.com\/es\/contacto\/\"},{\"@type\":\"ListItem\",\"position\":3,\"name\":\"Little Neck &#8211; Mejor Cirujano de Reemplazo de Cadera y Rodilla\",\"item\":\"https:\/\/www.newyorkhipknee.com\/es\/contacto\/little-neck-mejor-cirujano-de-reemplazo-de-cadera-y-rodilla\/\"},{\"@type\":\"ListItem\",\"position\":4,\"name\":\"Ciudad Jard\u00edn, Nueva York\"}]},{\"@type\":\"WebSite\",\"@id\":\"https:\/\/www.newyorkhipknee.com\/es\/#website\",\"url\":\"https:\/\/www.newyorkhipknee.com\/es\/\",\"name\":\"Best Hip & Knee Surgeon | NY, USA\",\"description\":\"\",\"potentialAction\":[{\"@type\":\"SearchAction\",\"target\":{\"@type\":\"EntryPoint\",\"urlTemplate\":\"https:\/\/www.newyorkhipknee.com\/es\/?s={search_term_string}\"},\"query-input\":{\"@type\":\"PropertyValueSpecification\",\"valueRequired\":true,\"valueName\":\"search_term_string\"}}],\"inLanguage\":\"es\"}]}<\/script>\n<!-- \/ Yoast SEO plugin. -->","yoast_head_json":{"title":"Ciudad Jard\u00edn, Nueva York | Best Hip &amp; Knee Surgeon | NY, USA","description":"Saludos a Complete Orthopedics: \u00a1Su proveedor l\u00edder de atenci\u00f3n ortop\u00e9dica en Garden City, NY! En el coraz\u00f3n del trabajo del Dr. Nakul Karkare est\u00e1","robots":{"index":"index","follow":"follow","max-snippet":"max-snippet:-1","max-image-preview":"max-image-preview:large","max-video-preview":"max-video-preview:-1"},"canonical":"https:\/\/www.newyorkhipknee.com\/es\/contacto\/little-neck-mejor-cirujano-de-reemplazo-de-cadera-y-rodilla\/ciudad-jardin-nueva-york\/","og_locale":"es_ES","og_type":"article","og_title":"Ciudad Jard\u00edn, Nueva York | Best Hip &amp; Knee Surgeon | NY, USA","og_description":"Saludos a Complete Orthopedics: \u00a1Su proveedor l\u00edder de atenci\u00f3n ortop\u00e9dica en Garden City, NY! En el coraz\u00f3n del trabajo del Dr. Nakul Karkare est\u00e1","og_url":"https:\/\/www.newyorkhipknee.com\/es\/contacto\/little-neck-mejor-cirujano-de-reemplazo-de-cadera-y-rodilla\/ciudad-jardin-nueva-york\/","og_site_name":"Best Hip &amp; Knee Surgeon | NY, USA","twitter_card":"summary_large_image","twitter_misc":{"Tiempo de lectura":"8 minutos"},"schema":{"@context":"https:\/\/schema.org","@graph":[{"@type":["WebPage","MedicalWebPage"],"@id":"https:\/\/www.newyorkhipknee.com\/es\/contacto\/little-neck-mejor-cirujano-de-reemplazo-de-cadera-y-rodilla\/ciudad-jardin-nueva-york\/","url":"https:\/\/www.newyorkhipknee.com\/es\/contacto\/little-neck-mejor-cirujano-de-reemplazo-de-cadera-y-rodilla\/ciudad-jardin-nueva-york\/","name":"Ciudad Jard\u00edn, Nueva York | Best Hip &amp; Knee Surgeon | NY, USA","isPartOf":{"@id":"https:\/\/www.newyorkhipknee.com\/es\/#website"},"datePublished":"2023-11-21T15:42:03+00:00","description":"Saludos a Complete Orthopedics: \u00a1Su proveedor l\u00edder de atenci\u00f3n ortop\u00e9dica en Garden City, NY! En el coraz\u00f3n del trabajo del Dr. Nakul Karkare est\u00e1","breadcrumb":{"@id":"https:\/\/www.newyorkhipknee.com\/es\/contacto\/little-neck-mejor-cirujano-de-reemplazo-de-cadera-y-rodilla\/ciudad-jardin-nueva-york\/#breadcrumb"},"inLanguage":"es","potentialAction":[{"@type":"ReadAction","target":["https:\/\/www.newyorkhipknee.com\/es\/contacto\/little-neck-mejor-cirujano-de-reemplazo-de-cadera-y-rodilla\/ciudad-jardin-nueva-york\/"]}]},{"@type":"BreadcrumbList","@id":"https:\/\/www.newyorkhipknee.com\/es\/contacto\/little-neck-mejor-cirujano-de-reemplazo-de-cadera-y-rodilla\/ciudad-jardin-nueva-york\/#breadcrumb","itemListElement":[{"@type":"ListItem","position":1,"name":"Home","item":"https:\/\/www.newyorkhipknee.com\/es\/"},{"@type":"ListItem","position":2,"name":"Contacto","item":"https:\/\/www.newyorkhipknee.com\/es\/contacto\/"},{"@type":"ListItem","position":3,"name":"Little Neck &#8211; Mejor Cirujano de Reemplazo de Cadera y Rodilla","item":"https:\/\/www.newyorkhipknee.com\/es\/contacto\/little-neck-mejor-cirujano-de-reemplazo-de-cadera-y-rodilla\/"},{"@type":"ListItem","position":4,"name":"Ciudad Jard\u00edn, Nueva York"}]},{"@type":"WebSite","@id":"https:\/\/www.newyorkhipknee.com\/es\/#website","url":"https:\/\/www.newyorkhipknee.com\/es\/","name":"Best Hip & Knee Surgeon | NY, USA","description":"","potentialAction":[{"@type":"SearchAction","target":{"@type":"EntryPoint","urlTemplate":"https:\/\/www.newyorkhipknee.com\/es\/?s={search_term_string}"},"query-input":{"@type":"PropertyValueSpecification","valueRequired":true,"valueName":"search_term_string"}}],"inLanguage":"es"}]}},"_links":{"self":[{"href":"https:\/\/www.newyorkhipknee.com\/es\/wp-json\/wp\/v2\/pages\/20936","targetHints":{"allow":["GET"]}}],"collection":[{"href":"https:\/\/www.newyorkhipknee.com\/es\/wp-json\/wp\/v2\/pages"}],"about":[{"href":"https:\/\/www.newyorkhipknee.com\/es\/wp-json\/wp\/v2\/types\/page"}],"author":[{"embeddable":true,"href":"https:\/\/www.newyorkhipknee.com\/es\/wp-json\/wp\/v2\/users\/33"}],"replies":[{"embeddable":true,"href":"https:\/\/www.newyorkhipknee.com\/es\/wp-json\/wp\/v2\/comments?post=20936"}],"version-history":[{"count":0,"href":"https:\/\/www.newyorkhipknee.com\/es\/wp-json\/wp\/v2\/pages\/20936\/revisions"}],"up":[{"embeddable":true,"href":"https:\/\/www.newyorkhipknee.com\/es\/wp-json\/wp\/v2\/pages\/16528"}],"wp:attachment":[{"href":"https:\/\/www.newyorkhipknee.com\/es\/wp-json\/wp\/v2\/media?parent=20936"}],"curies":[{"name":"wp","href":"https:\/\/api.w.org\/{rel}","templated":true}]}}