{"id":20937,"date":"2023-11-20T15:47:09","date_gmt":"2023-11-20T20:47:09","guid":{"rendered":"https:\/\/newyorkhipknee.com\/contacto\/little-neck-mejor-cirujano-de-reemplazo-de-cadera-y-rodilla\/parque-floral-nueva-york\/"},"modified":"2023-11-20T15:47:09","modified_gmt":"2023-11-20T20:47:09","slug":"parque-floral-nueva-york","status":"publish","type":"page","link":"https:\/\/www.newyorkhipknee.com\/es\/contacto\/little-neck-mejor-cirujano-de-reemplazo-de-cadera-y-rodilla\/parque-floral-nueva-york\/","title":{"rendered":"Parque Floral, Nueva York"},"content":{"rendered":"<h2>Bienvenido a Dr.Nakul Karkare Orthopedics: Su Proveedor de Cuidado Ortop\u00e9dico de Confianza en Floral Park, NY<\/h2>\n<p>Saludos del Dr. Nakul Karkare, su dedicado proveedor de atenci\u00f3n ortop\u00e9dica situado en Litlle Neck, NY. Estamos encantados de ampliar nuestros servicios ortop\u00e9dicos profesional y amable a la maravillosa comunidad de Floral Park, NY. En Complete Orthopedics, vamos m\u00e1s all\u00e1 de ser una pr\u00e1ctica m\u00e9dica; Somos sus socios compasivos en su viaje hacia una mejor salud ortop\u00e9dica.<\/p>\n<h2>Por qu\u00e9 elegir al Dr. Nakul Karkare:<\/h2>\n<p>Dr. Nakul Karkare se destaca como un faro de excelencia en el campo ortop\u00e9dico, y aqu\u00ed es por qu\u00e9 somos su opci\u00f3n preferida para la atenci\u00f3n ortop\u00e9dica en Floral Park:<\/p>\n<p><strong>Equipo experimentado<\/strong>: Nuestro equipo est\u00e1 formado por especialistas ortop\u00e9dicos altamente cualificados, cada uno de los cuales destaca en su \u00e1rea espec\u00edfica. Con su amplia experiencia y su c\u00e1lido enfoque, se dedican a brindar el m\u00e1s alto nivel de atenci\u00f3n.<\/p>\n<p><strong>Atenci\u00f3n personalizada<\/strong>: Entendemos que cada paciente es \u00fanico. Nuestro enfoque es individualizado, lo que garantiza que su plan de tratamiento se adapte a sus necesidades particulares. Su comodidad y bienestar son nuestras principales prioridades.<\/p>\n<p><strong>Soluciones de vanguardia<\/strong>: Estamos comprometidos a mantenernos a la vanguardia de los avances ortop\u00e9dicos. Este compromiso garantiza que tenga acceso a los \u00faltimos tratamientos y tecnolog\u00edas, ofreci\u00e9ndole la mejor atenci\u00f3n posible.<\/p>\n<p><strong>Integraci\u00f3n<\/strong> comunitaria: Creemos firmemente en hacer que la atenci\u00f3n ortop\u00e9dica excepcional sea accesible para todos. Nuestra decisi\u00f3n de ampliar nuestros servicios a Floral Park refleja nuestra dedicaci\u00f3n a atender las necesidades ortop\u00e9dicas de su comunidad.<\/p>\n<p><strong>Excelencia comprobada<\/strong>: Nuestra trayectoria dice mucho sobre nuestro compromiso de ayudar a las personas a recuperar la movilidad, aliviar el dolor y mejorar su calidad de vida.<\/p>\n<p>Su salud ortop\u00e9dica es de suma importancia, y estamos encantados de formar parte de la comunidad de Floral Park. Si usted est\u00e1 tratando con preocupaciones conjuntas, lesiones relacionadas con el deporte, fracturas, o cualquier otro problema ortop\u00e9dico, el Dr. Nakul Karkare est\u00e1 aqu\u00ed para apoyarle profesionalmente y con un comportamiento amable.<\/p>\n<p>Si usted reside en Floral Park, NY, y est\u00e1 en busca de atenci\u00f3n ortop\u00e9dica, le invitamos a experimentar el servicio excepcional del Dr. Nakul Karkare. Comun\u00edquese con nosotros al <a role=\"link\" href=\"tel:(631)%20981-2663\" target=\"_blank\" rel=\"noopener\">(631) 981-2663<\/a> y perm\u00edtanos ser sus socios de confianza en su viaje hacia una salud ortop\u00e9dica superior. Estamos aqu\u00ed para ayudarlo con profesionalismo y una sonrisa genuina.<\/p>\n<p>&nbsp;<\/p>\n<h2>Estamos orgullosos de ofrecer una amplia gama de servicios ortop\u00e9dicos en el Floral Park, NY alrededores:<\/h2>\n<h2><a role=\"link\" href=\"https:\/\/newyorkhipknee.com\/hip-replacement-surgery\/\" target=\"_blank\" rel=\"noopener\">Cirug\u00eda de reemplazo de cadera:<\/a><\/h2>\n<p><strong>Indicaciones:<\/strong> La artroplastia de cadera suele recomendarse a personas que sufren da\u00f1os en la articulaci\u00f3n de la cadera debido a afecciones como artrosis, artritis reumatoide o fracturas. El objetivo principal de este procedimiento quir\u00fargico es aliviar el dolor, restaurar la movilidad y mejorar la calidad de vida general del paciente.<\/p>\n<p><strong>Opciones quir\u00fargicas:<\/strong> Existen dos tipos principales de pr\u00f3tesis de cadera: la pr\u00f3tesis total de cadera (THR) y la pr\u00f3tesis parcial de cadera (hemiartroplastia). La pr\u00f3tesis total de cadera consiste en sustituir tanto la r\u00f3tula como la cavidad de la articulaci\u00f3n de la cadera, mientras que la hemiartroplastia s\u00f3lo sustituye la r\u00f3tula.<\/p>\n<p><strong>Implantes:<\/strong> Los componentes artificiales de la articulaci\u00f3n de cadera suelen estar fabricados con materiales como metal, pl\u00e1stico o cer\u00e1mica, elegidos en funci\u00f3n de la edad, el nivel de actividad y las necesidades espec\u00edficas del paciente.<\/p>\n<p><strong>Recuperaci\u00f3n:<\/strong> Tras la intervenci\u00f3n, los pacientes suelen someterse a un periodo de fisioterapia para recuperar la fuerza y la movilidad. Esto reduce el dolor y mejora la funci\u00f3n de la cadera, ayudando a los pacientes a retomar sus actividades normales.<\/p>\n<p>&nbsp;<\/p>\n<h2><a role=\"link\" href=\"https:\/\/newyorkhipknee.com\/custom-knee-replacement-surgery\/\" target=\"_blank\" rel=\"noopener\">Reemplazo de rodilla personalizado:<\/a><\/h2>\n<p><strong>Indicaciones:<\/strong> La artroplastia de rodilla a medida es un enfoque altamente individualizado de la artroplastia de rodilla, dise\u00f1ado para personas que sufren dolor intenso de rodilla o da\u00f1os articulares que no han respondido a los tratamientos conservadores.<\/p>\n<p><strong>Proceso quir\u00fargico:<\/strong> Para evaluar la anatom\u00eda de la rodilla del paciente antes de la cirug\u00eda se utilizan im\u00e1genes avanzadas y modelado por ordenador. Esta informaci\u00f3n es crucial para dise\u00f1ar un implante de rodilla a medida que se adapte perfectamente a la anatom\u00eda \u00fanica del paciente.<\/p>\n<p><strong>Ventajas:<\/strong> Las pr\u00f3tesis de rodilla a medida suelen mejorar la alineaci\u00f3n, la estabilidad y reducir el dolor en comparaci\u00f3n con las pr\u00f3tesis de rodilla est\u00e1ndar.<\/p>\n<p><strong>Rehabilitaci\u00f3n:<\/strong> El proceso de recuperaci\u00f3n incluye un periodo de fisioterapia para recuperar la fuerza y la amplitud de movimiento de la rodilla. Por lo general, esto provoca menos dolor y mejora la funci\u00f3n de la rodilla, lo que permite a los pacientes retomar sus actividades cotidianas con mayor comodidad.<\/p>\n<p>&nbsp;<\/p>\n<p>&nbsp;<\/p>\n<h1>Acerca de Floral park<\/h1>\n<p><span class=\"\">Floral Park, NY es un pueblo incorporado ubicado en el condado de Nassau, en Long Island, Nueva York, Estados Unidos. El pueblo tiene una rica historia, una cultura vibrante y una creciente industria tur\u00edstica.<\/span><\/p>\n<h3>Historia de Floral Park, NY<\/h3>\n<p><span class=\"\">La historia de Floral Park comienza en 1874, cuando John Lewis Childs, de 17 a\u00f1os, lleg\u00f3 a la zona conocida como East Hinsdale. La comunidad, entonces parte de Queens, era principalmente una comunidad agr\u00edcola, siendo la agricultura y la pesca las principales industrias. Childs era un exitoso comerciante de semillas y horticultor que ten\u00eda la visi\u00f3n de crear una comunidad modelo. Compr\u00f3 una gran extensi\u00f3n de tierra y comenz\u00f3 a desarrollarla, construyendo casas, tiendas y una oficina de correos.<\/span><\/p>\n<p><span class=\"\">Childs llam\u00f3 al nuevo territorio Parque Floral, nombrando las calles y avenidas por flores y \u00e1rboles. La oficina de correos pronto pas\u00f3 a llamarse Oficina de Correos de Floral Park, y en 1888, el ferrocarril cambi\u00f3 de manera similar el nombre de su estaci\u00f3n.<\/span><span class=\"\">En 1904, la autopista de peaje y Light Horse Road (ahora Tulip Avenue) fue un lugar popular para ver la primera carrera de la Copa Vanderbilt. En 1926, Floral Park fue clasificado como un pueblo de primera clase con una poblaci\u00f3n de m\u00e1s de 5.000 habitantes. En 1921 se emiti\u00f3 un bono para pavimentar las calles del pueblo, un proyecto que tard\u00f3 muchos a\u00f1os en completarse.<\/span><\/p>\n<p><span class=\"\">El pueblo ahora tiene aproximadamente 37 millas de caminos pavimentados.<\/span><span class=\"\">A principios de los a\u00f1os 60 se produjo un cambio importante con la ampliaci\u00f3n de la autopista Jericho Turnpike por parte del Estado de Nueva York. Los terrenos y edificios fueron expropiados en el lado norte de la calle, y el pueblo pudo comprar el terreno y crear un campo de estacionamiento municipal.<\/span><\/p>\n<h3><\/h3>\n<h3>Cultura de Floral Park, NY<\/h3>\n<p><span class=\"\">Floral Park, Nueva York, tiene una rica historia cultural, y el pueblo alberga una serie de museos e instituciones culturales. El pueblo tambi\u00e9n es conocido por sus hermosos parques, que atraen a visitantes de todo el mundo. El pueblo alberga un distrito comercial con vida nocturna, hoteles, restaurantes frente al mar y una variedad de tiendas.<\/span><\/p>\n<h3><\/h3>\n<h3>Turismo en Floral Park, NY<\/h3>\n<p><span class=\"\">Floral Park, NY es un destino tur\u00edstico en crecimiento, gracias en parte a sus hermosos parques, pueblos encantadores y un rico patrimonio cultural. El pueblo alberga una serie de atracciones que atraen a visitantes de todo el mundo.<\/span><span class=\"\">Una de las atracciones m\u00e1s populares de Floral Park es el Belmont Park, un hip\u00f3dromo de caballos pura sangre situado justo al este de los l\u00edmites de la ciudad de Nueva York.<\/span><\/p>\n<p><span class=\"\">El hip\u00f3dromo, la tribuna, el entrenamiento y las instalaciones del granero se encuentran en su totalidad en la comunidad de Elmont en el condado de Nassau, Nueva York. Belmont Park es una de las principales pistas del noreste de los Estados Unidos y es el hogar del Belmont Stakes, la tercera etapa de la Triple Corona de las Carreras de Pura Sangre.<\/span><span class=\"\">Otra atracci\u00f3n popular en el Parque Floral es la Sociedad Hist\u00f3rica del Parque Floral, que es una instituci\u00f3n cultural que ofrece una variedad de exhibiciones y eventos durante todo el a\u00f1o. La sociedad se dedica a promover la historia y la cultura de la regi\u00f3n.<\/span><\/p>\n<h3>Conclusi\u00f3n<\/h3>\n<p><span class=\"\">Floral Park, NY es un pueblo con una rica historia, una cultura vibrante y una creciente industria tur\u00edstica. Los visitantes del pueblo pueden explorar sus museos e instituciones culturales, disfrutar de sus hermosos parques y reservas naturales, y relajarse en sus encantadores pueblos. Tanto si eres un aficionado a la historia, un amante de la naturaleza o un entusiasta de las carreras de caballos.<\/span><\/p>\n<p>&nbsp;<\/p>\n<h1>Indicaciones<\/h1>\n<p>Aqu\u00ed est\u00e1n las instrucciones desde Floral Park, NY para completar la ortopedia en 52-21 Little Neck Parkway, Little Neck, NY 11362:<\/p>\n<p>1. Dir\u00edjase hacia el norte por Tulip Ave hacia Verbena Ave.<br \/>\n2. Gire a la derecha en Jericho Turnpike.<br \/>\n3. Gire a la izquierda en Lakeville Rd.<br \/>\n4. Gire a la derecha en la rampa hacia NY-25 E \/ Jericho Turnpike.<br \/>\n5. Incorp\u00f3rese a la autopista de peaje NY-25 E\/Jericho.<br \/>\n6. Gire a la derecha en Little Neck Pkwy.<br \/>\n7. La ortopedia completa estar\u00e1 a la derecha en 52-21 Little Neck Pkwy.<\/p>\n<p>Nota: Las indicaciones exactas pueden variar en funci\u00f3n de la ubicaci\u00f3n de partida. Se recomienda utilizar un GPS o un servicio de mapas para obtener las direcciones m\u00e1s precisas.<\/p>\n<p>&nbsp;<\/p>\n<h1>Atenci\u00f3n m\u00e9dica cerca de Floral park<\/h1>\n<h4>Farmacias<\/h4>\n<ol class=\"list-outside list-decimal marker:font-mono marker:text-sm pl-11\">\n<li><span class=\"\">Farmacia CVS &#8211; 35 Covert Ave, Floral Park, NY 11001<\/span><\/li>\n<li><span class=\"\">Farmacia Walgreens &#8211; 259-01 Union Tpke, Glen Oaks, NY 11004<\/span><\/li>\n<li><span class=\"\">Farmacia Rite Aid &#8211; 248-12 Northern Blvd, Little Neck, NY 11362<\/span><\/li>\n<\/ol>\n<h4>Centros de Radiolog\u00eda<\/h4>\n<ol class=\"list-outside list-decimal marker:font-mono marker:text-sm pl-11\">\n<li><span class=\"\">North Shore Radiology Associates &#8211; 611 Northern Blvd, Great Neck, NY 11021<\/span><\/li>\n<li><span class=\"\">South Shore Radiology &#8211; 242 Merrick Rd, Rockville Centre, NY 11570<\/span><\/li>\n<li><span class=\"\">Diagnostic Radiology Associates &#8211; 165 N Village Ave, Rockville Centre, NY 11570<\/span><\/li>\n<\/ol>\n<h4>Centros de Atenci\u00f3n de Urgencia<\/h4>\n<ol class=\"list-outside list-decimal marker:font-mono marker:text-sm pl-11\">\n<li><span class=\"\">Northwell Health-GoHealth Urgent Care &#8211; 243 Merrick Rd, Rockville Centre, NY 11570<\/span><\/li>\n<li><span class=\"\">CityMD Rockville Centre Urgent Care &#8211; Long Island &#8211; 77 N Centre Ave, Rockville Centre, NY 11570<\/span><\/li>\n<li><span class=\"\">ProHEALTH Atenci\u00f3n de Urgencia &#8211; 2064 Merrick Rd, Merrick, NY 11566<\/span><\/li>\n<\/ol>\n<h4>Hospitales<\/h4>\n<ol class=\"list-outside list-decimal marker:font-mono marker:text-sm pl-11\">\n<li><span class=\"\">Centro M\u00e9dico Jud\u00edo de Long Island &#8211; 270-05 76th Ave, New Hyde Park, NY 11040<\/span><\/li>\n<li><span class=\"\">Hospital Universitario North Shore &#8211; 300 Community Dr, Manhasset, NY 11030<\/span><\/li>\n<li><span class=\"\">Centro M\u00e9dico Mercy &#8211; 1000 N Village Ave, Rockville Centre, NY 11570<\/span><\/li>\n<\/ol>\n<p><span class=\"\">Nota: La informaci\u00f3n proporcionada es precisa a partir de octubre de 2023. Siempre se recomienda verificar la informaci\u00f3n antes de visitar cualquiera de las ubicaciones.<\/span><\/p>\n<p>Ya sea que haya sido referido a nosotros para un tratamiento ortop\u00e9dico o si simplemente tiene preguntas sobre problemas ortop\u00e9dicos, no dude en comunicarse con nuestro equipo dedicado las 24 horas del d\u00eda, los 7 d\u00edas de la semana. Estamos aqu\u00ed para ofrecer asistencia r\u00e1pida y compasiva.<\/p>\n<p>Muchas personas buscan tratamiento para lesiones relacionadas con el trabajo y casos de seguro sin culpa en centros de atenci\u00f3n de urgencia y hospitales. Si su lesi\u00f3n no requiere una visita al hospital, estamos encantados de ofrecerle atenci\u00f3n ortop\u00e9dica especializada adaptada a tales situaciones. No dude en contactarnos al 631-981-2663 para programar una cita con nosotros hoy. Su bienestar es nuestra principal prioridad, y estamos aqu\u00ed para ayudarle en su camino hacia la recuperaci\u00f3n.<\/p>\n<p>&nbsp;<\/p>\n","protected":false},"excerpt":{"rendered":"<p>Bienvenido a Dr.Nakul Karkare Orthopedics: Su Proveedor de Cuidado Ortop\u00e9dico de Confianza en Floral Park, NY Saludos del Dr. Nakul Karkare, su dedicado proveedor de atenci\u00f3n ortop\u00e9dica situado en Litlle Neck, NY. Estamos encantados de ampliar nuestros servicios ortop\u00e9dicos profesional y amable a la maravillosa comunidad de Floral Park, NY. En Complete Orthopedics, vamos m\u00e1s [&hellip;]<\/p>\n","protected":false},"author":33,"featured_media":0,"parent":16528,"menu_order":0,"comment_status":"closed","ping_status":"closed","template":"","meta":{"_et_pb_use_builder":"","_et_pb_old_content":"","_et_gb_content_width":"","footnotes":""},"class_list":["post-20937","page","type-page","status-publish","hentry"],"yoast_head":"<!-- This site is optimized with the Yoast SEO plugin v27.2 - https:\/\/yoast.com\/product\/yoast-seo-wordpress\/ -->\n<title>Parque Floral, Nueva York | Best Hip &amp; Knee Surgeon | NY, USA<\/title>\n<meta name=\"description\" content=\"Bienvenido a Dr.Nakul Karkare Orthopedics: Su Proveedor de Cuidado Ortop\u00e9dico de Confianza en Floral Park, NY Saludos del Dr. Nakul Karkare, su dedicado\" \/>\n<meta name=\"robots\" content=\"index, follow, max-snippet:-1, max-image-preview:large, max-video-preview:-1\" \/>\n<link rel=\"canonical\" href=\"https:\/\/www.newyorkhipknee.com\/es\/contacto\/little-neck-mejor-cirujano-de-reemplazo-de-cadera-y-rodilla\/parque-floral-nueva-york\/\" \/>\n<meta property=\"og:locale\" content=\"es_ES\" \/>\n<meta property=\"og:type\" content=\"article\" \/>\n<meta property=\"og:title\" content=\"Parque Floral, Nueva York | Best Hip &amp; Knee Surgeon | NY, USA\" \/>\n<meta property=\"og:description\" content=\"Bienvenido a Dr.Nakul Karkare Orthopedics: Su Proveedor de Cuidado Ortop\u00e9dico de Confianza en Floral Park, NY Saludos del Dr. Nakul Karkare, su dedicado\" \/>\n<meta property=\"og:url\" content=\"https:\/\/www.newyorkhipknee.com\/es\/contacto\/little-neck-mejor-cirujano-de-reemplazo-de-cadera-y-rodilla\/parque-floral-nueva-york\/\" \/>\n<meta property=\"og:site_name\" content=\"Best Hip &amp; Knee Surgeon | NY, USA\" \/>\n<meta name=\"twitter:card\" content=\"summary_large_image\" \/>\n<meta name=\"twitter:label1\" content=\"Tiempo de lectura\" \/>\n\t<meta name=\"twitter:data1\" content=\"9 minutos\" \/>\n<script type=\"application\/ld+json\" class=\"yoast-schema-graph\">{\"@context\":\"https:\/\/schema.org\",\"@graph\":[{\"@type\":[\"WebPage\",\"MedicalWebPage\"],\"@id\":\"https:\/\/www.newyorkhipknee.com\/es\/contacto\/little-neck-mejor-cirujano-de-reemplazo-de-cadera-y-rodilla\/parque-floral-nueva-york\/\",\"url\":\"https:\/\/www.newyorkhipknee.com\/es\/contacto\/little-neck-mejor-cirujano-de-reemplazo-de-cadera-y-rodilla\/parque-floral-nueva-york\/\",\"name\":\"Parque Floral, Nueva York | Best Hip &amp; Knee Surgeon | NY, USA\",\"isPartOf\":{\"@id\":\"https:\/\/www.newyorkhipknee.com\/es\/#website\"},\"datePublished\":\"2023-11-20T20:47:09+00:00\",\"description\":\"Bienvenido a Dr.Nakul Karkare Orthopedics: Su Proveedor de Cuidado Ortop\u00e9dico de Confianza en Floral Park, NY Saludos del Dr. Nakul Karkare, su dedicado\",\"breadcrumb\":{\"@id\":\"https:\/\/www.newyorkhipknee.com\/es\/contacto\/little-neck-mejor-cirujano-de-reemplazo-de-cadera-y-rodilla\/parque-floral-nueva-york\/#breadcrumb\"},\"inLanguage\":\"es\",\"potentialAction\":[{\"@type\":\"ReadAction\",\"target\":[\"https:\/\/www.newyorkhipknee.com\/es\/contacto\/little-neck-mejor-cirujano-de-reemplazo-de-cadera-y-rodilla\/parque-floral-nueva-york\/\"]}]},{\"@type\":\"BreadcrumbList\",\"@id\":\"https:\/\/www.newyorkhipknee.com\/es\/contacto\/little-neck-mejor-cirujano-de-reemplazo-de-cadera-y-rodilla\/parque-floral-nueva-york\/#breadcrumb\",\"itemListElement\":[{\"@type\":\"ListItem\",\"position\":1,\"name\":\"Home\",\"item\":\"https:\/\/www.newyorkhipknee.com\/es\/\"},{\"@type\":\"ListItem\",\"position\":2,\"name\":\"Contacto\",\"item\":\"https:\/\/www.newyorkhipknee.com\/es\/contacto\/\"},{\"@type\":\"ListItem\",\"position\":3,\"name\":\"Little Neck &#8211; Mejor Cirujano de Reemplazo de Cadera y Rodilla\",\"item\":\"https:\/\/www.newyorkhipknee.com\/es\/contacto\/little-neck-mejor-cirujano-de-reemplazo-de-cadera-y-rodilla\/\"},{\"@type\":\"ListItem\",\"position\":4,\"name\":\"Parque Floral, Nueva York\"}]},{\"@type\":\"WebSite\",\"@id\":\"https:\/\/www.newyorkhipknee.com\/es\/#website\",\"url\":\"https:\/\/www.newyorkhipknee.com\/es\/\",\"name\":\"Best Hip & Knee Surgeon | NY, USA\",\"description\":\"\",\"potentialAction\":[{\"@type\":\"SearchAction\",\"target\":{\"@type\":\"EntryPoint\",\"urlTemplate\":\"https:\/\/www.newyorkhipknee.com\/es\/?s={search_term_string}\"},\"query-input\":{\"@type\":\"PropertyValueSpecification\",\"valueRequired\":true,\"valueName\":\"search_term_string\"}}],\"inLanguage\":\"es\"}]}<\/script>\n<!-- \/ Yoast SEO plugin. -->","yoast_head_json":{"title":"Parque Floral, Nueva York | Best Hip &amp; Knee Surgeon | NY, USA","description":"Bienvenido a Dr.Nakul Karkare Orthopedics: Su Proveedor de Cuidado Ortop\u00e9dico de Confianza en Floral Park, NY Saludos del Dr. Nakul Karkare, su dedicado","robots":{"index":"index","follow":"follow","max-snippet":"max-snippet:-1","max-image-preview":"max-image-preview:large","max-video-preview":"max-video-preview:-1"},"canonical":"https:\/\/www.newyorkhipknee.com\/es\/contacto\/little-neck-mejor-cirujano-de-reemplazo-de-cadera-y-rodilla\/parque-floral-nueva-york\/","og_locale":"es_ES","og_type":"article","og_title":"Parque Floral, Nueva York | Best Hip &amp; Knee Surgeon | NY, USA","og_description":"Bienvenido a Dr.Nakul Karkare Orthopedics: Su Proveedor de Cuidado Ortop\u00e9dico de Confianza en Floral Park, NY Saludos del Dr. Nakul Karkare, su dedicado","og_url":"https:\/\/www.newyorkhipknee.com\/es\/contacto\/little-neck-mejor-cirujano-de-reemplazo-de-cadera-y-rodilla\/parque-floral-nueva-york\/","og_site_name":"Best Hip &amp; Knee Surgeon | NY, USA","twitter_card":"summary_large_image","twitter_misc":{"Tiempo de lectura":"9 minutos"},"schema":{"@context":"https:\/\/schema.org","@graph":[{"@type":["WebPage","MedicalWebPage"],"@id":"https:\/\/www.newyorkhipknee.com\/es\/contacto\/little-neck-mejor-cirujano-de-reemplazo-de-cadera-y-rodilla\/parque-floral-nueva-york\/","url":"https:\/\/www.newyorkhipknee.com\/es\/contacto\/little-neck-mejor-cirujano-de-reemplazo-de-cadera-y-rodilla\/parque-floral-nueva-york\/","name":"Parque Floral, Nueva York | Best Hip &amp; Knee Surgeon | NY, USA","isPartOf":{"@id":"https:\/\/www.newyorkhipknee.com\/es\/#website"},"datePublished":"2023-11-20T20:47:09+00:00","description":"Bienvenido a Dr.Nakul Karkare Orthopedics: Su Proveedor de Cuidado Ortop\u00e9dico de Confianza en Floral Park, NY Saludos del Dr. Nakul Karkare, su dedicado","breadcrumb":{"@id":"https:\/\/www.newyorkhipknee.com\/es\/contacto\/little-neck-mejor-cirujano-de-reemplazo-de-cadera-y-rodilla\/parque-floral-nueva-york\/#breadcrumb"},"inLanguage":"es","potentialAction":[{"@type":"ReadAction","target":["https:\/\/www.newyorkhipknee.com\/es\/contacto\/little-neck-mejor-cirujano-de-reemplazo-de-cadera-y-rodilla\/parque-floral-nueva-york\/"]}]},{"@type":"BreadcrumbList","@id":"https:\/\/www.newyorkhipknee.com\/es\/contacto\/little-neck-mejor-cirujano-de-reemplazo-de-cadera-y-rodilla\/parque-floral-nueva-york\/#breadcrumb","itemListElement":[{"@type":"ListItem","position":1,"name":"Home","item":"https:\/\/www.newyorkhipknee.com\/es\/"},{"@type":"ListItem","position":2,"name":"Contacto","item":"https:\/\/www.newyorkhipknee.com\/es\/contacto\/"},{"@type":"ListItem","position":3,"name":"Little Neck &#8211; Mejor Cirujano de Reemplazo de Cadera y Rodilla","item":"https:\/\/www.newyorkhipknee.com\/es\/contacto\/little-neck-mejor-cirujano-de-reemplazo-de-cadera-y-rodilla\/"},{"@type":"ListItem","position":4,"name":"Parque Floral, Nueva York"}]},{"@type":"WebSite","@id":"https:\/\/www.newyorkhipknee.com\/es\/#website","url":"https:\/\/www.newyorkhipknee.com\/es\/","name":"Best Hip & Knee Surgeon | NY, USA","description":"","potentialAction":[{"@type":"SearchAction","target":{"@type":"EntryPoint","urlTemplate":"https:\/\/www.newyorkhipknee.com\/es\/?s={search_term_string}"},"query-input":{"@type":"PropertyValueSpecification","valueRequired":true,"valueName":"search_term_string"}}],"inLanguage":"es"}]}},"_links":{"self":[{"href":"https:\/\/www.newyorkhipknee.com\/es\/wp-json\/wp\/v2\/pages\/20937","targetHints":{"allow":["GET"]}}],"collection":[{"href":"https:\/\/www.newyorkhipknee.com\/es\/wp-json\/wp\/v2\/pages"}],"about":[{"href":"https:\/\/www.newyorkhipknee.com\/es\/wp-json\/wp\/v2\/types\/page"}],"author":[{"embeddable":true,"href":"https:\/\/www.newyorkhipknee.com\/es\/wp-json\/wp\/v2\/users\/33"}],"replies":[{"embeddable":true,"href":"https:\/\/www.newyorkhipknee.com\/es\/wp-json\/wp\/v2\/comments?post=20937"}],"version-history":[{"count":0,"href":"https:\/\/www.newyorkhipknee.com\/es\/wp-json\/wp\/v2\/pages\/20937\/revisions"}],"up":[{"embeddable":true,"href":"https:\/\/www.newyorkhipknee.com\/es\/wp-json\/wp\/v2\/pages\/16528"}],"wp:attachment":[{"href":"https:\/\/www.newyorkhipknee.com\/es\/wp-json\/wp\/v2\/media?parent=20937"}],"curies":[{"name":"wp","href":"https:\/\/api.w.org\/{rel}","templated":true}]}}