{"id":20940,"date":"2023-11-21T09:31:34","date_gmt":"2023-11-21T14:31:34","guid":{"rendered":"https:\/\/newyorkhipknee.com\/contacto\/little-neck-mejor-cirujano-de-reemplazo-de-cadera-y-rodilla\/franklin-square-nueva-york\/"},"modified":"2023-11-21T09:31:34","modified_gmt":"2023-11-21T14:31:34","slug":"franklin-square-nueva-york","status":"publish","type":"page","link":"https:\/\/www.newyorkhipknee.com\/es\/contacto\/little-neck-mejor-cirujano-de-reemplazo-de-cadera-y-rodilla\/franklin-square-nueva-york\/","title":{"rendered":"Franklin Square, Nueva York"},"content":{"rendered":"<h1>Explore los servicios excepcionales de Complete Orthopedics en Franklin Square, NY.<\/h1>\n<p>\u00a1Hola! El sitio web de Ortopedia del Dr. Nakul Karkare no es el sitio t\u00edpico, \u00a1piensa en \u00e9l m\u00e1s bien como tu gu\u00eda amistosa para sentirte incre\u00edble! Nuestro lugar principal est\u00e1 en el coraz\u00f3n de Little Neck, pero \u00bfadivina qu\u00e9? Queremos saludar a la fant\u00e1stica gente de Franklin Square, Nueva York.<\/p>\n<p>Imag\u00ednese que somos sus amigos ortop\u00e9dicos con los pies en la tierra, a la vuelta de la esquina para ofrecerle una sonrisa y una atenci\u00f3n ortop\u00e9dica de primera categor\u00eda. Little Neck es nuestro hogar, pero en Franklin Square estamos preparados para formar parte de su equipo de apoyo ortop\u00e9dico.<\/p>\n<p>Tanto si est\u00e1s aqu\u00ed para charlar, como si necesitas el consejo de un experto o quieres concertar una visita, somos todo o\u00eddos (y articulaciones, y huesos, ya nos entiendes). Navegue tranquilamente por nuestro sitio web y no dude en ponerse en contacto con nosotros. \u00bfTiene alguna pregunta? \u00a1Tenemos respuestas amistosas!<\/p>\n<p>Dr. Nakul Karkare y todo el equipo son realmente bombeados a ser las caras amables que usted puede contar para todas las cosas ortop\u00e9dicas. As\u00ed que, Franklin Square, \u00a1hagamos que tu viaje ortop\u00e9dico sea humano, c\u00e1lido y francamente incre\u00edble! Bienvenido a nuestra relajada familia ortop\u00e9dica!.<\/p>\n<p>Conozca al Dr. Nakul Karkare &#8211; \u00a1el mago ortop\u00e9dico de su barrio! No se trata de un simple m\u00e9dico, sino de una persona que sabe que los huesos y las articulaciones son importantes, al igual que tu comodidad.<\/p>\n<p><strong>\u00bfQui\u00e9n es el Dr. Nakul Karkare?<\/strong><br \/>\nAdem\u00e1s de ser un experto en ortopedia, el Dr. Karkare es la persona a la que puedes acudir para charlar amistosamente sobre tus huesos. No se trata s\u00f3lo de los t\u00edtulos m\u00e9dicos y la destreza quir\u00fargica; se trata de conectar con usted a nivel personal.<\/p>\n<p><strong>\u00bfQu\u00e9 le mueve?<\/strong><br \/>\nDurante m\u00e1s de una d\u00e9cada, el Dr. Karkare ha estado buceando en el mundo de la ortopedia, aprendiendo y dominando el oficio. Formado en algunas instituciones de primera categor\u00eda, no s\u00f3lo es bueno; es su experto en reconstrucci\u00f3n de extremidades, pr\u00f3tesis articulares, percances deportivos, problemas de columna y problemas ortop\u00e9dicos infantiles.<\/p>\n<p><strong>\u00bfPor qu\u00e9 elegir al Dr. Karkare?<\/strong><br \/>\nExperiencia real: \u00bfFormaci\u00f3n de primera? Compru\u00e9balo. \u00bfMucha experiencia? Compru\u00e9balo. El Dr. Karkare aporta el paquete completo.<br \/>\nSu plan ortop\u00e9dico personal: Aqu\u00ed no hay soluciones prefabricadas. El Dr. Karkare lo hace todo a su medida.<br \/>\nAmbiente agradable: Olv\u00eddate del ambiente est\u00e9ril de las cl\u00ednicas. El Dr. Karkare y su equipo son c\u00e1lidos, amables y francamente humanos.<\/p>\n<p>As\u00ed pues, si quiere un experto en huesos que no se ocupe s\u00f3lo de los huesos, sino tambi\u00e9n de la persona unida a ellos, el Dr. Nakul Karkare es su hombre. Su viaje ortop\u00e9dico acaba de recibir un toque humano!.<\/p>\n<h2>Estamos orgullosos de ofrecer una amplia gama de servicios ortop\u00e9dicos en el Franklin Square, NY zona:<\/h2>\n<h2><a href=\"https:\/\/newyorkhipknee.com\/custom-knee-replacement-surgery\/\" target=\"_blank\" rel=\"noopener\">Dr. Nakul Karkare: Su especialista en pr\u00f3tesis de rodilla<\/a><\/h2>\n<p>Emb\u00e1rquese en un viaje para redescubrir la movilidad sin dolor con el Dr. Nakul Karkare, su especialista en pr\u00f3tesis de rodilla.<\/p>\n<p><strong>Navegar por la cirug\u00eda de pr\u00f3tesis de rodilla:<\/strong><\/p>\n<p>La artroplastia de rodilla no es s\u00f3lo un procedimiento; es un meticuloso oficio que domina el Dr. Karkare. Su experiencia quir\u00fargica transforma lo que parece complejo en un proceso \u00e1gil centrado en restaurar la funci\u00f3n de su rodilla y aliviar el dolor.<\/p>\n<p><strong>Credenciales que hablan por s\u00ed solas:<\/strong><\/p>\n<p><strong>Experiencia:<\/strong> El Dr. Karkare es un profesional experimentado con una gran experiencia en cirug\u00eda ortop\u00e9dica, lo que garantiza que su rodilla reciba el m\u00e1s alto nivel de atenci\u00f3n.<\/p>\n<p><strong>Experiencia:<\/strong> Con a\u00f1os de experiencia, el Dr. Karkare ha perfeccionado sus habilidades, por lo que es experto en el tratamiento de un espectro de problemas relacionados con la rodilla con precisi\u00f3n y delicadeza.<\/p>\n<p><strong>Enfoque centrado en el paciente:<\/strong> M\u00e1s all\u00e1 de la cirug\u00eda, el Dr. Karkare adopta un enfoque centrado en el paciente. Su viaje es personalizado, con especial atenci\u00f3n a sus necesidades y preocupaciones particulares.<\/p>\n<p><strong>\u00bfPor qu\u00e9 confiar sus rodillas al Dr. Nakul Karkare?<\/strong><\/p>\n<p>Porque cuando se trata de cirug\u00eda de reemplazo de rodilla, el Dr. Karkare encarna el compromiso, la precisi\u00f3n y la dedicaci\u00f3n a mejorar su calidad de vida. Cada procedimiento no es s\u00f3lo una intervenci\u00f3n m\u00e9dica, sino un paso transformador hacia un futuro sin dolor.<\/p>\n<p>Si busca un especialista que combine su experiencia con un enfoque centrado en el paciente, el Dr. Nakul Karkare est\u00e1 aqu\u00ed para guiarle en el camino hacia una atenci\u00f3n integral de la rodilla.<\/p>\n<p>&nbsp;<\/p>\n<h2><a href=\"https:\/\/newyorkhipknee.com\/hip-replacement-surgery\/\" target=\"_blank\" rel=\"noopener\">Pr\u00f3tesis total de cadera<\/a><\/h2>\n<p>\u00bfEst\u00e1 pensando en someterse a una artroplastia total de cadera? Es un procedimiento dise\u00f1ado para aliviar el dolor de cadera y mejorar la movilidad. Puede ser una opci\u00f3n para usted si padece artritis grave de cadera, fracturas u otros problemas articulares que no han mejorado con otros tratamientos.<\/p>\n<h2>Por qu\u00e9 considerar el reemplazo total de cadera:<\/h2>\n<p><strong>Problemas de artrosis:<\/strong> Cuando la articulaci\u00f3n de la cadera acusa el desgaste y te causa un dolor persistente.<br \/>\nLucha <strong>contra la artritis<\/strong>: Especialmente si la artritis inflamatoria le est\u00e1 haciendo pasar un mal rato a su cadera.<br \/>\n<strong>Fracturas<\/strong>: Para las fracturas dif\u00edciles que no se curan con otros m\u00e9todos.<br \/>\n<strong>Otros problemas de cadera:<\/strong> Afecciones como la necrosis avascular, la displasia de cadera o lesiones que dificultan el estilo de su cadera.<\/p>\n<p>Si, a pesar de haber probado otras soluciones, como medicaci\u00f3n, fisioterapia y cambios en su estilo de vida, sufre dolor de cadera, rigidez y una disminuci\u00f3n de su calidad de vida, la artroplastia total de cadera puede ser la soluci\u00f3n.<\/p>\n<p><strong>C\u00f3mo se hace:<\/strong><br \/>\n<strong>1. Preparaci\u00f3n<\/strong>: Le preparar\u00e1n para la intervenci\u00f3n, incluida la anestesia para que se sienta c\u00f3modo.<br \/>\n<strong>2. El corte:<\/strong> El cirujano hace un corte para llegar a la articulaci\u00f3n de la cadera.<br \/>\n<strong>3. Arreglar la cad<\/strong>era: Dependiendo del grado de arreglo que necesite su cadera, pueden suavizar las cosas o cambiar la articulaci\u00f3n por una pr\u00f3tesis.<br \/>\n<strong>4. T\u00f3matelo con calma:<\/strong> Despu\u00e9s de la operaci\u00f3n, toca un poco de recuperaci\u00f3n y rehabilitaci\u00f3n para volver a ponerte en pie.<\/p>\n<p>Ahora bien, \u00bfpor qu\u00e9 considerar al Dr. Nakul Karkare para este viaje? Bueno, adem\u00e1s de su impresionante experiencia y habilidades en pr\u00f3tesis articulares, el Dr. Karkare tiene un don para hacer que los pacientes se sientan vistos y escuchados. Su enfoque consiste en adaptar la atenci\u00f3n a usted, asegur\u00e1ndose de que se sienta seguro y c\u00f3modo durante todo el proceso. Los pacientes le adoran no s\u00f3lo por sus conocimientos, sino por la aut\u00e9ntica atenci\u00f3n que presta.<\/p>\n<p><strong>\u00bfPensando en un reajuste de cadera?<\/strong>  El Dr. Nakul Karkare puede ser el amable experto que necesita para hacer el viaje m\u00e1s llevadero. \u00bfListo para charlar?<\/p>\n<p>&nbsp;<\/p>\n<h1>Acerca de Franklin Square, NY<\/h1>\n<p>La tribu de nativos americanos Matinecock fue la primera pobladora de Franklin Square, Nueva York. El pueblo era predominantemente una comunidad agraria, con la agricultura y la pesca como principales actividades econ\u00f3micas. En el siglo XIX, el pueblo atrajo a acaudalados neoyorquinos que construyeron residencias de verano y complejos tur\u00edsticos, convirti\u00e9ndolo en un destino favorito.<\/p>\n<p>En 1874, John Lewis Childs, un pr\u00f3spero comerciante de semillas y horticultor, lleg\u00f3 a la regi\u00f3n conocida como East Hinsdale, adquiri\u00f3 un extenso terreno e inici\u00f3 su desarrollo construyendo residencias, tiendas y estableciendo una oficina de correos.<\/p>\n<p>Childs bautiz\u00f3 la zona reci\u00e9n urbanizada con el nombre de Floral Park, asignando a las calles y avenidas nombres inspirados en flores y \u00e1rboles. La oficina de correos fue r\u00e1pidamente rebautizada como Floral Park Post Office, y en 1888, el ferrocarril modific\u00f3 igualmente el nombre de su estaci\u00f3n.En 1923, el pueblo sufri\u00f3 un cambio de nombre a Franklin Square como homenaje a Benjamin Franklin.El pueblo era predominantemente una zona residencial, con una combinaci\u00f3n de casas unifamiliares, apartamentos y condominios.<\/p>\n<h3>Cultura de Franklin Square, NY<\/h3>\n<p>Franklin Square, NY cuenta con un variado patrimonio cultural, y el pueblo alberga varios museos y establecimientos culturales. El pueblo es famoso por sus pintorescos parques, que atraen a visitantes de todo el mundo. Adem\u00e1s, alberga una zona comercial con vida nocturna, hoteles, establecimientos de restauraci\u00f3n frente al mar y diversas tiendas.<\/p>\n<p>&nbsp;<\/p>\n<h3>Turismo en Franklin Square, NY<\/h3>\n<p>Debido en parte a sus atractivos parques, sus pintorescos pueblos y su vibrante historia cultural, Franklin Square, Nueva York, se est\u00e1 convirtiendo en un popular destino tur\u00edstico.El pueblo alberga varias atracciones que atraen a visitantes de todo el mundo.Rath Park, una atracci\u00f3n muy querida en Franklin Square, sirve como centro cultural con una serie de exposiciones y eventos que se celebran durante todo el a\u00f1o.<\/p>\n<p>El Parque y Complejo de Piscinas de Averill Boulevard, otro de los destinos favoritos de Franklin Square, es una instalaci\u00f3n recreativa que ofrece una amplia gama de actividades adecuadas para visitantes de todas las edades.<\/p>\n<p>Franklin Square, NY, es un pueblo con un pasado lleno de historia.Una animada escena cultural y un sector tur\u00edstico en expansi\u00f3n caracterizan la zona.Los visitantes del pueblo tienen la oportunidad de descubrir sus museos y establecimientos culturales, apreciar sus pintorescos parques y reservas naturales, y relajarse en sus encantadores pueblos.Tanto si le apasiona la historia, como si ama la naturaleza o aprecia el arte, Franklin Square tiene atracciones adaptadas a cada inter\u00e9s.<\/p>\n<h1>Indicaciones<\/h1>\n<p>Aqu\u00ed est\u00e1n las direcciones de Franklin Square, NY a la oficina del Dr. Nakul Karkare en 52-21 Little Neck Parkway, Little Neck, NY 11362:<\/p>\n<p>1. Dir\u00edjase hacia el este por Franklin Ave hacia Washington St.<br \/>\n2. Gire a la derecha en Washington St.<br \/>\n3. Gire a la izquierda en Hempstead Turnpike.<br \/>\n4. Gire a la derecha en Lakeville Rd.<br \/>\n5. Gire a la izquierda en la rampa hacia NY-25 E \/ Jericho Turnpike.<br \/>\n6. Incorp\u00f3rese a NY-25 E\/Jericho Turnpike.<br \/>\n7. Gire a la derecha en Little Neck Pkwy.<br \/>\n8. Complete Orthopedics estar\u00e1 a la derecha en 52-21 Little Neck Pkwy.<\/p>\n<p>Nota: Las indicaciones exactas pueden variar en funci\u00f3n de la ubicaci\u00f3n de partida. Se recomienda utilizar un GPS o un servicio de mapas para obtener las direcciones m\u00e1s precisas.<\/p>\n<h1>Atenci\u00f3n m\u00e9dica cerca de Franklin Square<\/h1>\n<h4>Farmacias<\/h4>\n<ol class=\"list-outside list-decimal marker:font-mono marker:text-sm pl-11\">\n<li><span class=\"\">Farmacia CVS &#8211; 640 Franklin Ave, Franklin Square, NY 11010<\/span><\/li>\n<li><span class=\"\">Farmacia Walgreens &#8211; 655 Franklin Ave, Franklin Square, NY 11010<\/span><\/li>\n<li><span class=\"\">Farmacia Rite Aid &#8211; 925 Hempstead Turnpike, Franklin Square, NY 11010<\/span><\/li>\n<\/ol>\n<h4>Centros de Radiolog\u00eda<\/h4>\n<ol class=\"list-outside list-decimal marker:font-mono marker:text-sm pl-11\">\n<li><span class=\"\">Radiolog\u00eda South Nassau &#8211; 2277 Grand Ave, Baldwin, NY 11510<\/span><\/li>\n<li><span class=\"\">South Shore Radiology &#8211; 242 Merrick Rd, Rockville Centre, NY 11570<\/span><\/li>\n<li><span class=\"\">Diagnostic Radiology Associates &#8211; 165 N Village Ave, Rockville Centre, NY 11570<\/span><\/li>\n<\/ol>\n<h4>Centros de Atenci\u00f3n de Urgencia<\/h4>\n<ol class=\"list-outside list-decimal marker:font-mono marker:text-sm pl-11\">\n<li><span class=\"\">Northwell Health-GoHealth Urgent Care &#8211; 243 Merrick Rd, Rockville Centre, NY 11570<\/span><\/li>\n<li><span class=\"\">CityMD Rockville Centre Urgent Care &#8211; Long Island &#8211; 77 N Centre Ave, Rockville Centre, NY 11570<\/span><\/li>\n<li><span class=\"\">ProHEALTH Atenci\u00f3n de Urgencia &#8211; 2064 Merrick Rd, Merrick, NY 11566<\/span><\/li>\n<\/ol>\n<h4>Hospitales<\/h4>\n<ol class=\"list-outside list-decimal marker:font-mono marker:text-sm pl-11\">\n<li><span class=\"\">Centro M\u00e9dico Jud\u00edo de Long Island &#8211; 270-05 76th Ave, New Hyde Park, NY 11040<\/span><\/li>\n<li><span class=\"\">Hospital Universitario North Shore &#8211; 300 Community Dr, Manhasset, NY 11030<\/span><\/li>\n<li><span class=\"\">Centro M\u00e9dico Mercy &#8211; 1000 N Village Ave, Rockville Centre, NY 11570<\/span><\/li>\n<\/ol>\n<p>&nbsp;<\/p>\n<div class=\"flex-1 overflow-hidden\">\n<div class=\"react-scroll-to-bottom--css-aijdt-79elbk h-full\">\n<div class=\"react-scroll-to-bottom--css-aijdt-1n7m0yu\">\n<div class=\"flex flex-col text-sm gizmo:pb-9 dark:bg-gray-800 gizmo:dark:bg-transparent\">\n<div class=\"w-full text-token-text-primary border-b border-black\/10 gizmo:border-0 dark:border-gray-900\/50 gizmo:dark:border-0 bg-gray-50 gizmo:bg-transparent dark:bg-[#444654] gizmo:dark:bg-transparent\" data-testid=\"conversation-turn-53\">\n<div class=\"p-4 gizmo:py-2 justify-center text-base md:gap-6 md:py-6 m-auto\">\n<div class=\"flex flex-1 gap-4 text-base mx-auto md:gap-6 gizmo:gap-3 gizmo:md:px-5 gizmo:lg:px-1 gizmo:xl:px-5 md:max-w-2xl lg:max-w-[38rem] gizmo:md:max-w-3xl gizmo:lg:max-w-[40rem] gizmo:xl:max-w-[48rem] xl:max-w-3xl } group final-completion\">\n<div class=\"relative flex w-[calc(100%-50px)] flex-col gizmo:w-full lg:w-[calc(100%-115px)] agent-turn\">\n<div class=\"flex-col gap-1 md:gap-3\">\n<div class=\"flex flex-grow flex-col max-w-full gap-3 gizmo:gap-0\">\n<div class=\"min-h-[20px] text-message flex flex-col items-start gap-3 whitespace-pre-wrap break-words [.text-message+&amp;]:mt-5 overflow-x-auto\" data-message-author-role=\"assistant\" data-message-id=\"cb26dee0-ddc5-421a-b47e-3c430d9f7e30\">\n<div class=\"markdown prose w-full break-words dark:prose-invert dark\">\n<p>Estamos muy orgullosos de la amplia atenci\u00f3n ortop\u00e9dica que ofrecemos a los pacientes remitidos de varios hospitales locales y centros de atenci\u00f3n de urgencia, incluidos los mencionados anteriormente. Si usted ha sido recomendado a nosotros para la atenci\u00f3n ortop\u00e9dica o si simplemente tiene preguntas o preocupaciones acerca de su bienestar ortop\u00e9dica, no dude en ponerse en contacto con nuestro equipo dedicado 24\/7. Estamos aqu\u00ed para ayudarle r\u00e1pidamente y con sincera empat\u00eda.<\/p>\n<p>Reconocemos que muchas personas recurren a los centros de atenci\u00f3n de urgencia y hospitales para las lesiones asociadas con la compensaci\u00f3n del trabajador y el seguro sin culpa.Si su lesi\u00f3n no necesita un viaje al hospital, estamos m\u00e1s que encantados de proporcionar tratamiento ortop\u00e9dico especializado dise\u00f1ado espec\u00edficamente para sus necesidades. No dude en comunicarse con nosotros al 631-981-2663 para programar una cita con nosotros hoy. Su salud es nuestra m\u00e1xima prioridad, y nos comprometemos a estar a su lado en su camino hacia la recuperaci\u00f3n.<\/p>\n<\/div>\n<\/div>\n<\/div>\n<div class=\"flex justify-between empty:hidden gizmo:mt-1 gizmo:justify-start gizmo:gap-3 lg:block gizmo:lg:flex\">\n<div class=\"text-gray-400 flex self-end lg:self-center justify-center gizmo:lg:justify-start mt-2 gizmo:mt-0 visible gap-1\"><button class=\"flex ml-auto gizmo:ml-0 gap-1 items-center rounded-md p-1 text-xs gizmo:gap-1.5 gizmo:pl-0 dark:text-gray-400 dark:hover:text-gray-200 disabled:dark:hover:text-gray-400 hover:text-gray-950 md:invisible md:group-hover:visible md:group-[.final-completion]:visible\"><\/button><\/p>\n<div class=\"flex gap-1\"><\/div>\n<div class=\"flex items-center gap-1.5 text-xs\"><\/div>\n<\/div>\n<\/div>\n<\/div>\n<\/div>\n<\/div>\n<\/div>\n<\/div>\n<\/div>\n<\/div>\n<\/div>\n<\/div>\n<div class=\"w-full pt-2 md:pt-0 border-t md:border-t-0 gizmo:border-t-0 dark:border-white\/20 md:border-transparent md:dark:border-transparent md:pl-2 gizmo:pl-0 gizmo:md:pl-0 md:w-[calc(100%-.5rem)]\">\n<form class=\"stretch mx-2 flex flex-row gap-3 last:mb-2 md:mx-4 md:last:mb-6 lg:mx-auto lg:max-w-2xl xl:max-w-3xl\">\n<div class=\"relative flex h-full flex-1 items-stretch md:flex-col\">\n<div class=\"flex w-full items-center\"><\/div>\n<\/div>\n<\/form>\n<\/div>\n<p>&nbsp;<\/p>\n","protected":false},"excerpt":{"rendered":"<p>Explore los servicios excepcionales de Complete Orthopedics en Franklin Square, NY. \u00a1Hola! El sitio web de Ortopedia del Dr. Nakul Karkare no es el sitio t\u00edpico, \u00a1piensa en \u00e9l m\u00e1s bien como tu gu\u00eda amistosa para sentirte incre\u00edble! Nuestro lugar principal est\u00e1 en el coraz\u00f3n de Little Neck, pero \u00bfadivina qu\u00e9? Queremos saludar a la [&hellip;]<\/p>\n","protected":false},"author":33,"featured_media":0,"parent":16528,"menu_order":0,"comment_status":"closed","ping_status":"closed","template":"","meta":{"_et_pb_use_builder":"","_et_pb_old_content":"","_et_gb_content_width":"","footnotes":""},"class_list":["post-20940","page","type-page","status-publish","hentry"],"yoast_head":"<!-- This site is optimized with the Yoast SEO plugin v27.2 - https:\/\/yoast.com\/product\/yoast-seo-wordpress\/ -->\n<title>Franklin Square, Nueva York | Best Hip &amp; Knee Surgeon | NY, USA<\/title>\n<meta name=\"description\" content=\"Explore los servicios excepcionales de Complete Orthopedics en Franklin Square, NY. \u00a1Hola! El sitio web de Ortopedia del Dr. Nakul Karkare no es el sitio\" \/>\n<meta name=\"robots\" content=\"index, follow, max-snippet:-1, max-image-preview:large, max-video-preview:-1\" \/>\n<link rel=\"canonical\" href=\"https:\/\/www.newyorkhipknee.com\/es\/contacto\/little-neck-mejor-cirujano-de-reemplazo-de-cadera-y-rodilla\/franklin-square-nueva-york\/\" \/>\n<meta property=\"og:locale\" content=\"es_ES\" \/>\n<meta property=\"og:type\" content=\"article\" \/>\n<meta property=\"og:title\" content=\"Franklin Square, Nueva York | Best Hip &amp; Knee Surgeon | NY, USA\" \/>\n<meta property=\"og:description\" content=\"Explore los servicios excepcionales de Complete Orthopedics en Franklin Square, NY. \u00a1Hola! El sitio web de Ortopedia del Dr. Nakul Karkare no es el sitio\" \/>\n<meta property=\"og:url\" content=\"https:\/\/www.newyorkhipknee.com\/es\/contacto\/little-neck-mejor-cirujano-de-reemplazo-de-cadera-y-rodilla\/franklin-square-nueva-york\/\" \/>\n<meta property=\"og:site_name\" content=\"Best Hip &amp; Knee Surgeon | NY, USA\" \/>\n<meta name=\"twitter:card\" content=\"summary_large_image\" \/>\n<meta name=\"twitter:label1\" content=\"Tiempo de lectura\" \/>\n\t<meta name=\"twitter:data1\" content=\"10 minutos\" \/>\n<script type=\"application\/ld+json\" class=\"yoast-schema-graph\">{\"@context\":\"https:\/\/schema.org\",\"@graph\":[{\"@type\":[\"WebPage\",\"MedicalWebPage\"],\"@id\":\"https:\/\/www.newyorkhipknee.com\/es\/contacto\/little-neck-mejor-cirujano-de-reemplazo-de-cadera-y-rodilla\/franklin-square-nueva-york\/\",\"url\":\"https:\/\/www.newyorkhipknee.com\/es\/contacto\/little-neck-mejor-cirujano-de-reemplazo-de-cadera-y-rodilla\/franklin-square-nueva-york\/\",\"name\":\"Franklin Square, Nueva York | Best Hip &amp; Knee Surgeon | NY, USA\",\"isPartOf\":{\"@id\":\"https:\/\/www.newyorkhipknee.com\/es\/#website\"},\"datePublished\":\"2023-11-21T14:31:34+00:00\",\"description\":\"Explore los servicios excepcionales de Complete Orthopedics en Franklin Square, NY. \u00a1Hola! El sitio web de Ortopedia del Dr. Nakul Karkare no es el sitio\",\"breadcrumb\":{\"@id\":\"https:\/\/www.newyorkhipknee.com\/es\/contacto\/little-neck-mejor-cirujano-de-reemplazo-de-cadera-y-rodilla\/franklin-square-nueva-york\/#breadcrumb\"},\"inLanguage\":\"es\",\"potentialAction\":[{\"@type\":\"ReadAction\",\"target\":[\"https:\/\/www.newyorkhipknee.com\/es\/contacto\/little-neck-mejor-cirujano-de-reemplazo-de-cadera-y-rodilla\/franklin-square-nueva-york\/\"]}]},{\"@type\":\"BreadcrumbList\",\"@id\":\"https:\/\/www.newyorkhipknee.com\/es\/contacto\/little-neck-mejor-cirujano-de-reemplazo-de-cadera-y-rodilla\/franklin-square-nueva-york\/#breadcrumb\",\"itemListElement\":[{\"@type\":\"ListItem\",\"position\":1,\"name\":\"Home\",\"item\":\"https:\/\/www.newyorkhipknee.com\/es\/\"},{\"@type\":\"ListItem\",\"position\":2,\"name\":\"Contacto\",\"item\":\"https:\/\/www.newyorkhipknee.com\/es\/contacto\/\"},{\"@type\":\"ListItem\",\"position\":3,\"name\":\"Little Neck &#8211; Mejor Cirujano de Reemplazo de Cadera y Rodilla\",\"item\":\"https:\/\/www.newyorkhipknee.com\/es\/contacto\/little-neck-mejor-cirujano-de-reemplazo-de-cadera-y-rodilla\/\"},{\"@type\":\"ListItem\",\"position\":4,\"name\":\"Franklin Square, Nueva York\"}]},{\"@type\":\"WebSite\",\"@id\":\"https:\/\/www.newyorkhipknee.com\/es\/#website\",\"url\":\"https:\/\/www.newyorkhipknee.com\/es\/\",\"name\":\"Best Hip & Knee Surgeon | NY, USA\",\"description\":\"\",\"potentialAction\":[{\"@type\":\"SearchAction\",\"target\":{\"@type\":\"EntryPoint\",\"urlTemplate\":\"https:\/\/www.newyorkhipknee.com\/es\/?s={search_term_string}\"},\"query-input\":{\"@type\":\"PropertyValueSpecification\",\"valueRequired\":true,\"valueName\":\"search_term_string\"}}],\"inLanguage\":\"es\"}]}<\/script>\n<!-- \/ Yoast SEO plugin. -->","yoast_head_json":{"title":"Franklin Square, Nueva York | Best Hip &amp; Knee Surgeon | NY, USA","description":"Explore los servicios excepcionales de Complete Orthopedics en Franklin Square, NY. \u00a1Hola! El sitio web de Ortopedia del Dr. Nakul Karkare no es el sitio","robots":{"index":"index","follow":"follow","max-snippet":"max-snippet:-1","max-image-preview":"max-image-preview:large","max-video-preview":"max-video-preview:-1"},"canonical":"https:\/\/www.newyorkhipknee.com\/es\/contacto\/little-neck-mejor-cirujano-de-reemplazo-de-cadera-y-rodilla\/franklin-square-nueva-york\/","og_locale":"es_ES","og_type":"article","og_title":"Franklin Square, Nueva York | Best Hip &amp; Knee Surgeon | NY, USA","og_description":"Explore los servicios excepcionales de Complete Orthopedics en Franklin Square, NY. \u00a1Hola! El sitio web de Ortopedia del Dr. Nakul Karkare no es el sitio","og_url":"https:\/\/www.newyorkhipknee.com\/es\/contacto\/little-neck-mejor-cirujano-de-reemplazo-de-cadera-y-rodilla\/franklin-square-nueva-york\/","og_site_name":"Best Hip &amp; Knee Surgeon | NY, USA","twitter_card":"summary_large_image","twitter_misc":{"Tiempo de lectura":"10 minutos"},"schema":{"@context":"https:\/\/schema.org","@graph":[{"@type":["WebPage","MedicalWebPage"],"@id":"https:\/\/www.newyorkhipknee.com\/es\/contacto\/little-neck-mejor-cirujano-de-reemplazo-de-cadera-y-rodilla\/franklin-square-nueva-york\/","url":"https:\/\/www.newyorkhipknee.com\/es\/contacto\/little-neck-mejor-cirujano-de-reemplazo-de-cadera-y-rodilla\/franklin-square-nueva-york\/","name":"Franklin Square, Nueva York | Best Hip &amp; Knee Surgeon | NY, USA","isPartOf":{"@id":"https:\/\/www.newyorkhipknee.com\/es\/#website"},"datePublished":"2023-11-21T14:31:34+00:00","description":"Explore los servicios excepcionales de Complete Orthopedics en Franklin Square, NY. \u00a1Hola! El sitio web de Ortopedia del Dr. Nakul Karkare no es el sitio","breadcrumb":{"@id":"https:\/\/www.newyorkhipknee.com\/es\/contacto\/little-neck-mejor-cirujano-de-reemplazo-de-cadera-y-rodilla\/franklin-square-nueva-york\/#breadcrumb"},"inLanguage":"es","potentialAction":[{"@type":"ReadAction","target":["https:\/\/www.newyorkhipknee.com\/es\/contacto\/little-neck-mejor-cirujano-de-reemplazo-de-cadera-y-rodilla\/franklin-square-nueva-york\/"]}]},{"@type":"BreadcrumbList","@id":"https:\/\/www.newyorkhipknee.com\/es\/contacto\/little-neck-mejor-cirujano-de-reemplazo-de-cadera-y-rodilla\/franklin-square-nueva-york\/#breadcrumb","itemListElement":[{"@type":"ListItem","position":1,"name":"Home","item":"https:\/\/www.newyorkhipknee.com\/es\/"},{"@type":"ListItem","position":2,"name":"Contacto","item":"https:\/\/www.newyorkhipknee.com\/es\/contacto\/"},{"@type":"ListItem","position":3,"name":"Little Neck &#8211; Mejor Cirujano de Reemplazo de Cadera y Rodilla","item":"https:\/\/www.newyorkhipknee.com\/es\/contacto\/little-neck-mejor-cirujano-de-reemplazo-de-cadera-y-rodilla\/"},{"@type":"ListItem","position":4,"name":"Franklin Square, Nueva York"}]},{"@type":"WebSite","@id":"https:\/\/www.newyorkhipknee.com\/es\/#website","url":"https:\/\/www.newyorkhipknee.com\/es\/","name":"Best Hip & Knee Surgeon | NY, USA","description":"","potentialAction":[{"@type":"SearchAction","target":{"@type":"EntryPoint","urlTemplate":"https:\/\/www.newyorkhipknee.com\/es\/?s={search_term_string}"},"query-input":{"@type":"PropertyValueSpecification","valueRequired":true,"valueName":"search_term_string"}}],"inLanguage":"es"}]}},"_links":{"self":[{"href":"https:\/\/www.newyorkhipknee.com\/es\/wp-json\/wp\/v2\/pages\/20940","targetHints":{"allow":["GET"]}}],"collection":[{"href":"https:\/\/www.newyorkhipknee.com\/es\/wp-json\/wp\/v2\/pages"}],"about":[{"href":"https:\/\/www.newyorkhipknee.com\/es\/wp-json\/wp\/v2\/types\/page"}],"author":[{"embeddable":true,"href":"https:\/\/www.newyorkhipknee.com\/es\/wp-json\/wp\/v2\/users\/33"}],"replies":[{"embeddable":true,"href":"https:\/\/www.newyorkhipknee.com\/es\/wp-json\/wp\/v2\/comments?post=20940"}],"version-history":[{"count":0,"href":"https:\/\/www.newyorkhipknee.com\/es\/wp-json\/wp\/v2\/pages\/20940\/revisions"}],"up":[{"embeddable":true,"href":"https:\/\/www.newyorkhipknee.com\/es\/wp-json\/wp\/v2\/pages\/16528"}],"wp:attachment":[{"href":"https:\/\/www.newyorkhipknee.com\/es\/wp-json\/wp\/v2\/media?parent=20940"}],"curies":[{"name":"wp","href":"https:\/\/api.w.org\/{rel}","templated":true}]}}