{"id":20941,"date":"2023-11-21T12:15:12","date_gmt":"2023-11-21T17:15:12","guid":{"rendered":"https:\/\/newyorkhipknee.com\/contacto\/little-neck-mejor-cirujano-de-reemplazo-de-cadera-y-rodilla\/desembarco-de-gleenwood-nueva-york\/"},"modified":"2023-11-21T12:15:12","modified_gmt":"2023-11-21T17:15:12","slug":"desembarco-de-gleenwood-nueva-york","status":"publish","type":"page","link":"https:\/\/www.newyorkhipknee.com\/es\/contacto\/little-neck-mejor-cirujano-de-reemplazo-de-cadera-y-rodilla\/desembarco-de-gleenwood-nueva-york\/","title":{"rendered":"Desembarco de Gleenwood, Nueva York"},"content":{"rendered":"<div class=\"flex-1 overflow-hidden\">\n<div class=\"react-scroll-to-bottom--css-aijdt-79elbk h-full\">\n<div class=\"react-scroll-to-bottom--css-aijdt-1n7m0yu\">\n<div class=\"flex flex-col text-sm gizmo:pb-9 dark:bg-gray-800 gizmo:dark:bg-transparent\">\n<div class=\"w-full text-token-text-primary border-b border-black\/10 gizmo:border-0 dark:border-gray-900\/50 gizmo:dark:border-0 bg-gray-50 gizmo:bg-transparent dark:bg-[#444654] gizmo:dark:bg-transparent\" data-testid=\"conversation-turn-87\">\n<div class=\"p-4 gizmo:py-2 justify-center text-base md:gap-6 md:py-6 m-auto\">\n<div class=\"flex flex-1 gap-4 text-base mx-auto md:gap-6 gizmo:gap-3 gizmo:md:px-5 gizmo:lg:px-1 gizmo:xl:px-5 md:max-w-2xl lg:max-w-[38rem] gizmo:md:max-w-3xl gizmo:lg:max-w-[40rem] gizmo:xl:max-w-[48rem] xl:max-w-3xl } group final-completion\">\n<div class=\"relative flex w-[calc(100%-50px)] flex-col gizmo:w-full lg:w-[calc(100%-115px)] agent-turn\">\n<div class=\"flex-col gap-1 md:gap-3\">\n<div class=\"flex flex-grow flex-col max-w-full gap-3 gizmo:gap-0\">\n<div class=\"min-h-[20px] text-message flex flex-col items-start gap-3 whitespace-pre-wrap break-words [.text-message+&amp;]:mt-5 overflow-x-auto\" data-message-author-role=\"assistant\" data-message-id=\"70c1f87d-83d4-4d1e-b85f-8d6c9c893bf0\">\n<div class=\"markdown prose w-full break-words dark:prose-invert dark\">\n<h1>Bienvenido a la Ortopedia del Dr. Nakul Karkare &#8211; Su Socio Personalizado en Cuidados Ortop\u00e9dicos en Little Neck, NY, \u00a1Ahora Extendiendo Orgullosamente Nuestros Servicios a la Comunidad de Gleenwood Landing, NY!<\/h1>\n<p>Aqu\u00ed, en la ortopedia del Dr. Nakul Karkare, somos m\u00e1s que una consulta m\u00e9dica; somos sus compa\u00f1eros dedicados en su viaje ortop\u00e9dico. Ubicado en Little Neck, NY, nuestro equipo de especialistas ortop\u00e9dicos compasivos, dirigido por el estimado Dr. Nakul Karkare, es genuinamente entusiasta de llevar nuestra atenci\u00f3n a la comunidad Gleenwood Landing.<\/p>\n<p><strong>Acerca del Dr. Nakul Karkare:<\/strong> El Dr. Nakul Karkare no es s\u00f3lo un cirujano ortop\u00e9dico experto; es un profesional atento con un compromiso genuino con su bienestar. Con una amplia experiencia en el campo, el Dr. Karkare dirige nuestro equipo con un enfoque centrado en el paciente, asegurando que sus necesidades y preocupaciones \u00fanicas se abordan con empat\u00eda y experiencia.<\/p>\n<p><strong>Nuestros servicios integrales:<\/strong> Entendemos que cada viaje ortop\u00e9dico es \u00fanico. Si usted est\u00e1 tratando con dolor en las articulaciones, la recuperaci\u00f3n de una lesi\u00f3n relacionada con el deporte, o la gesti\u00f3n de las fracturas, nuestro equipo, bajo la direcci\u00f3n del Dr. Karkare, est\u00e1 aqu\u00ed para ofrecerle una atenci\u00f3n personalizada y una serie de opciones de tratamiento.<\/p>\n<p>Nuestros servicios abarcan: &#8211; Consultas y evaluaciones ortop\u00e9dicas reflexivas &#8211; Diagn\u00f3stico por imagen avanzado, incluyendo radiograf\u00edas y resonancias magn\u00e9ticas &#8211; Tratamientos no quir\u00fargicos compasivos como fisioterapia e inyecciones &#8211; Procedimientos ortop\u00e9dicos m\u00ednimamente invasivos adaptados a sus necesidades &#8211; Intervenciones quir\u00fargicas cuando sea necesario, realizadas con precisi\u00f3n por nuestros cirujanos ortop\u00e9dicos expertos.<\/p>\n<p><strong>Lo que nos distingue:<\/strong><\/p>\n<ol>\n<li><strong>Enfoque centrado en las personas:<\/strong> En Ortopedia del Dr. Nakul Karkare, su bienestar no es s\u00f3lo una prioridad &#8211; es nuestro foco central. Nos dedicamos a hacer que su experiencia ortop\u00e9dica sea lo m\u00e1s humana y c\u00f3moda posible.<\/li>\n<li><strong>Un equipo con experiencia:<\/strong> Nuestro equipo, dirigido por el Dr. Karkare, es m\u00e1s que un grupo de expertos: somos personas afectuosas con el objetivo com\u00fan de ayudarle a recuperar la movilidad y mejorar su calidad de vida.<\/li>\n<li><strong>Atenci\u00f3n hol\u00edstica:<\/strong> Proporcionamos no s\u00f3lo atenci\u00f3n m\u00e9dica, sino un enfoque hol\u00edstico de su salud ortop\u00e9dica, con planes de tratamiento individualizados dise\u00f1ados para adaptarse a su estilo de vida.<\/li>\n<li><strong>Ubicaci\u00f3n accesible:<\/strong> Convenientemente situado cerca de Gleenwood Landing, NY, nuestras modernas instalaciones est\u00e1n equipadas con tecnolog\u00eda de \u00faltima generaci\u00f3n para asegurar que usted reciba la atenci\u00f3n de m\u00e1s alta calidad.<\/li>\n<\/ol>\n<p>No s\u00f3lo estamos aqu\u00ed para tratar sus problemas ortop\u00e9dicos; estamos aqu\u00ed para acompa\u00f1arle en cada paso del camino. Su viaje hacia una mejor salud ortop\u00e9dica comienza con nosotros &#8211; Ortopedia del Dr. Nakul Karkare, donde la compasi\u00f3n se une a la experiencia.<\/p>\n<\/div>\n<h2>Nos sentimos honrados de ofrecer una amplia gama de servicios ortop\u00e9dicos en las cercan\u00edas de Gleenwood Landing, NY:<\/h2>\n<h2><a href=\"https:\/\/newyorkhipknee.com\/custom-knee-replacement-surgery\/\" target=\"_blank\" rel=\"noopener\">Reemplazo de rodilla personalizado<\/a><\/h2>\n<p><strong>Objetivo:<\/strong> La pr\u00f3tesis de rodilla a medida se presenta como una soluci\u00f3n personalizada para la artroplastia de rodilla, dise\u00f1ada espec\u00edficamente para personas que sufren dolor intenso de rodilla o lesiones articulares que no responden a los tratamientos conservadores.<\/p>\n<p><strong>Procedimiento:<\/strong> Utilizando im\u00e1genes avanzadas y modelado por ordenador, la anatom\u00eda de la rodilla del paciente se eval\u00faa exhaustivamente antes de la cirug\u00eda. Este innovador enfoque permite crear un implante de rodilla a medida, intrincadamente adaptado a los contornos \u00fanicos de la anatom\u00eda del paciente.<\/p>\n<p><strong>Ventajas:<\/strong> Las pr\u00f3tesis de rodilla a medida suelen ofrecer resultados superiores, como una mejor alineaci\u00f3n, una mayor estabilidad y una notable reducci\u00f3n del dolor en comparaci\u00f3n con las pr\u00f3tesis de rodilla est\u00e1ndar.<\/p>\n<p><strong>Recuperaci\u00f3n:<\/strong> El proceso de recuperaci\u00f3n postoperatoria se caracteriza por un r\u00e9gimen de fisioterapia espec\u00edfico, dirigido a restaurar la fuerza y la amplitud de movimiento de la rodilla. Este enfoque integral suele reducir el dolor y mejorar significativamente la funci\u00f3n de la rodilla, garantizando una recuperaci\u00f3n m\u00e1s c\u00f3moda y eficaz.<\/p>\n<p><strong>Por qu\u00e9 el Dr. Nakul Karkare es su mejor opci\u00f3n para el reemplazo de rodilla personalizado:<\/strong> La experiencia del Dr. Nakul Karkare brilla en el \u00e1mbito de los reemplazos de rodilla a medida. Su compromiso de aprovechar las t\u00e9cnicas de vanguardia y la atenci\u00f3n personalizada garantiza que cada paciente reciba una soluci\u00f3n a medida, dise\u00f1ada para obtener resultados \u00f3ptimos. Con el Dr. Karkare al tim\u00f3n, puede confiar en un enfoque personalizado que da prioridad a sus necesidades \u00fanicas, lo que resulta en una recuperaci\u00f3n m\u00e1s eficaz y c\u00f3moda.<\/p>\n<p>&nbsp;<\/p>\n<h2><a href=\"https:\/\/newyorkhipknee.com\/hip-replacement-surgery\/\" target=\"_blank\" rel=\"noopener\">Cirug\u00eda de reemplazo de cadera:<\/a><\/h2>\n<p><strong>Objetivo:<\/strong> La artroplastia de cadera resulta esencial para las personas que sufren da\u00f1os en la articulaci\u00f3n de la cadera debido a afecciones como la artrosis, la artritis reumatoide o las fracturas. El objetivo principal es aliviar las molestias, recuperar la movilidad perdida y, en \u00faltima instancia, mejorar la calidad de vida en general.<\/p>\n<p><strong>Procedimiento:<\/strong> Los dos tipos principales de pr\u00f3tesis de cadera, la pr\u00f3tesis total de cadera (THR) y la pr\u00f3tesis parcial de cadera (hemiartroplastia), ofrecen enfoques distintos. La pr\u00f3tesis total de cadera consiste en sustituir tanto la r\u00f3tula como la cavidad de la articulaci\u00f3n de la cadera, mientras que la hemiartroplastia se ocupa exclusivamente de la r\u00f3tula.<\/p>\n<p><strong>Implantes:<\/strong> Los componentes artificiales de la articulaci\u00f3n de cadera, normalmente fabricados con materiales como metal, pl\u00e1stico o cer\u00e1mica, se seleccionan cuidadosamente en funci\u00f3n de consideraciones como la edad del paciente, su nivel de actividad y sus requisitos espec\u00edficos.<\/p>\n<p><strong>Recuperaci\u00f3n:<\/strong> En el postoperatorio, un r\u00e9gimen de fisioterapia adaptado es fundamental para recuperar la fuerza y la movilidad. Este enfoque espec\u00edfico reduce el dolor y mejora la funci\u00f3n de la cadera, lo que contribuye a una recuperaci\u00f3n m\u00e1s suave.<\/p>\n<p><strong>Por qu\u00e9 el Dr. Nakul Karkare es su mejor opci\u00f3n para el reemplazo de cadera:<\/strong> Dr. Nakul Karkare, un cirujano ortop\u00e9dico experimentado, se destaca como su mejor opci\u00f3n para las cirug\u00edas de reemplazo de cadera. Con una gran experiencia y un enfoque centrado en el paciente, el Dr. Karkare se asegura de que cada procedimiento se adapte meticulosamente a las necesidades del individuo, ofreciendo no s\u00f3lo alivio, sino un camino hacia una mejor calidad de vida.<\/p>\n<p>&nbsp;<\/p>\n<div class=\"markdown prose w-full break-words dark:prose-invert dark\">\n<h1>Acerca de Glenwood Landing, NY<\/h1>\n<p>Bienvenido al coraz\u00f3n de Glenwood Landing, Nueva York, una encantadora aldea enclavada en la ciudad de Oyster Bay, en el condado de Nassau, Nueva York. Con una poblaci\u00f3n de 3.948 habitantes seg\u00fan el censo de 2020, Glenwood Landing encarna la calidez y el esp\u00edritu comunitario que definen la costa norte de Long Island.<\/p>\n<p><strong>Un tapiz de historia:<\/strong> Las ra\u00edces de Glenwood Landing se remontan al siglo XVII, cuando los colonos holandeses e ingleses llegaron por primera vez a sus costas. Originalmente un para\u00edso agr\u00edcola, la aldea floreci\u00f3 con la agricultura y la pesca como sustento. En el siglo XIX, se transform\u00f3 en refugio de la \u00e9lite neoyorquina, que buscaba cobijo en sus casas de veraneo y balnearios. El siglo XX marc\u00f3 el comienzo de una nueva era en la que Glenwood Landing se convirti\u00f3 en una vibrante comunidad residencial, con una ecl\u00e9ctica mezcla de casas unifamiliares, apartamentos y condominios. La aldea se incorpor\u00f3 oficialmente como Lugar Designado por el Censo (CDP) en el a\u00f1o 2020.<\/p>\n<p><strong>Tapiz cultural:<\/strong> Glenwood Landing teje un rico tapiz cultural, con numerosos museos e instituciones culturales que a\u00f1aden profundidad a su identidad. Los parques panor\u00e1micos de la aldea, que atraen a visitantes de todas partes, son testimonio de su belleza natural. El distrito comercial, adornado con vida nocturna, hoteles, restaurantes frente al mar y una gran variedad de tiendas, ofrece una imagen v\u00edvida del car\u00e1cter din\u00e1mico de la aldea.<\/p>\n<p><strong>Para\u00edso tur\u00edstico:<\/strong> Glenwood Landing se ha convertido en un floreciente destino tur\u00edstico que invita a explorar sus hermosos parques, sus encantadores pueblos y su rico patrimonio cultural. Entre sus atractivos se encuentra el famoso Garvies Point Museum and Preserve, una instituci\u00f3n cultural que acoge diversas exposiciones y eventos a lo largo del a\u00f1o. Este museo se esfuerza apasionadamente por promover la rica historia y cultura de la regi\u00f3n.<\/p>\n<p>Otra joya de la corona de Glenwood Landing es la playa de Tappen, un para\u00edso recreativo que ofrece actividades para visitantes de todas las edades. Con un parque infantil, una zona de picnic y un muelle para pescar, la playa de Tappen garantiza una experiencia encantadora tanto a familias como a aficionados.<\/p>\n<p><strong>En conclusi\u00f3n:<\/strong> Glenwood Landing, NY, no es s\u00f3lo una aldea; es un tesoro de historia, cultura y maravillas naturales. Al recorrer sus museos, parques y encantadores pueblos, descubrir\u00e1 una comunidad que acoge por igual a aficionados a la historia, amantes de la naturaleza y entusiastas de la playa. Glenwood Landing llama con los brazos abiertos, prometiendo una experiencia enriquecedora a todos los que quieran descubrir su encanto \u00fanico.<\/p>\n<\/div>\n<\/div>\n<\/div>\n<div class=\"flex justify-between empty:hidden gizmo:mt-1 gizmo:justify-start gizmo:gap-3 lg:block gizmo:lg:flex\">\n<div class=\"text-gray-400 flex self-end lg:self-center justify-center gizmo:lg:justify-start mt-2 gizmo:mt-0 visible gap-1\"><button class=\"flex ml-auto gizmo:ml-0 gap-1 items-center rounded-md p-1 text-xs gizmo:gap-1.5 gizmo:pl-0 dark:text-gray-400 dark:hover:text-gray-200 disabled:dark:hover:text-gray-400 hover:text-gray-950 md:invisible md:group-hover:visible md:group-[.final-completion]:visible\"><\/button><\/p>\n<div class=\"flex gap-1\"><\/div>\n<div class=\"flex items-center gap-1.5 text-xs\">\n<h1>Indicaciones<\/h1>\n<p>Aqu\u00ed est\u00e1n las instrucciones desde Glenwood Landing, NY para Complete Orthopedics en 52-21 Little Neck Parkway, Little Neck, NY 11362:<\/p>\n<p>1. Dir\u00edjase hacia el sur por Glenwood Rd hacia Glenwood Landing Rd.<br \/>\n2. Gire a la izquierda en Glenwood Rd.<br \/>\n3. Gire a la derecha en Glen Cove Ave.<br \/>\n4. Gire a la izquierda en Cedar Swamp Rd.<br \/>\n5. Gire a la derecha en NY-25A W\/Northern Blvd.<br \/>\n6. Gire a la izquierda en Lakeville Rd.<br \/>\n7. Gire a la derecha en la rampa hacia NY-25 E \/ Jericho Turnpike.<br \/>\n8. Incorp\u00f3rese a NY-25 E\/Jericho Turnpike.<br \/>\n9. Gire a la derecha en Little Neck Pkwy.<br \/>\n10. Complete Orthopedics estar\u00e1 a la derecha en 52-21 Little Neck Pkwy.<\/p>\n<p>Nota: Las indicaciones exactas pueden variar en funci\u00f3n de la ubicaci\u00f3n de partida. Se recomienda utilizar un GPS o un servicio de mapas para obtener las direcciones m\u00e1s precisas.<\/p>\n<p>&nbsp;<\/p>\n<h1>Atenci\u00f3n m\u00e9dica cerca de Gleenwood Landing<\/h1>\n<h4>Farmacias<\/h4>\n<ol class=\"list-outside list-decimal marker:font-mono marker:text-sm pl-11\">\n<li><span class=\"\">Farmacia CVS &#8211; 671 Glen Cove Ave, Glen Head, NY 11545<\/span><\/li>\n<li><span class=\"\">Farmacia Walgreens &#8211; 333 Glen Cove Ave, Sea Cliff, NY 11579<\/span><\/li>\n<li><span class=\"\">Farmacia Rite Aid &#8211; 1 School St, Glen Cove, NY 11542<\/span><\/li>\n<\/ol>\n<h4>Centros de Radiolog\u00eda<\/h4>\n<ol class=\"list-outside list-decimal marker:font-mono marker:text-sm pl-11\">\n<li><span class=\"\">North Shore Radiology Associates &#8211; 611 Northern Blvd, Great Neck, NY 11021<\/span><\/li>\n<li><span class=\"\">South Shore Radiology &#8211; 242 Merrick Rd, Rockville Centre, NY 11570<\/span><\/li>\n<li><span class=\"\">Diagnostic Radiology Associates &#8211; 165 N Village Ave, Rockville Centre, NY 11570<\/span><\/li>\n<\/ol>\n<h4>Centros de Atenci\u00f3n de Urgencia<\/h4>\n<ol class=\"list-outside list-decimal marker:font-mono marker:text-sm pl-11\">\n<li><span class=\"\">Northwell Health-GoHealth Urgent Care &#8211; 243 Merrick Rd, Rockville Centre, NY 11570<\/span><\/li>\n<li><span class=\"\">CityMD Rockville Centre Urgent Care &#8211; Long Island &#8211; 77 N Centre Ave, Rockville Centre, NY 11570<\/span><\/li>\n<li><span class=\"\">ProHEALTH Atenci\u00f3n de Urgencia &#8211; 2064 Merrick Rd, Merrick, NY 11566<\/span><\/li>\n<\/ol>\n<h4>Hospitales<\/h4>\n<ol class=\"list-outside list-decimal marker:font-mono marker:text-sm pl-11\">\n<li><span class=\"\">Centro M\u00e9dico Jud\u00edo de Long Island &#8211; 270-05 76th Ave, New Hyde Park, NY 11040<\/span><\/li>\n<li><span class=\"\">Hospital Universitario North Shore &#8211; 300 Community Dr, Manhasset, NY 11030<\/span><\/li>\n<li><span class=\"\">Centro M\u00e9dico Mercy &#8211; 1000 N Village Ave, Rockville Centre, NY 11570<\/span><\/li>\n<\/ol>\n<p><span class=\"\">Nota: La informaci\u00f3n proporcionada es precisa a partir de octubre de 2023. Siempre se recomienda verificar la informaci\u00f3n antes de visitar cualquiera de las ubicaciones.<\/span><\/p>\n<p>En el coraz\u00f3n de nuestra misi\u00f3n est\u00e1 brindar atenci\u00f3n ortop\u00e9dica integral a los pacientes dentro de nuestra comunidad, incluidos los mencionados anteriormente. Ya sea que acuda a nosotros a trav\u00e9s de una referencia para un tratamiento ortop\u00e9dico o busque orientaci\u00f3n para cualquier inquietud ortop\u00e9dica, nuestro equipo dedicado las 24 horas del d\u00eda, los 7 d\u00edas de la semana, siempre est\u00e1 a solo una llamada de distancia. Estamos aqu\u00ed para brindarle asistencia r\u00e1pida y compasiva.<\/p>\n<p>Entendemos que muchas personas buscan tratamiento para lesiones relacionadas con el trabajo cubiertas por la compensaci\u00f3n laboral y el seguro sin culpa en centros de atenci\u00f3n de urgencia y hospitales. Si su lesi\u00f3n no requiere una visita al hospital, estaremos encantados de ofrecerle un tratamiento ortop\u00e9dico especializado adaptado a su caso espec\u00edfico. No dude en comunicarse con nosotros al 631-981-2663 para programar una cita hoy. Su bienestar sigue siendo nuestra m\u00e1xima prioridad.<\/p>\n<\/div>\n<\/div>\n<\/div>\n<\/div>\n<\/div>\n<\/div>\n<\/div>\n<\/div>\n<\/div>\n<\/div>\n<\/div>\n<\/div>\n<div class=\"w-full pt-2 md:pt-0 border-t md:border-t-0 gizmo:border-t-0 dark:border-white\/20 md:border-transparent md:dark:border-transparent md:pl-2 gizmo:pl-0 gizmo:md:pl-0 md:w-[calc(100%-.5rem)]\">\n<form class=\"stretch mx-2 flex flex-row gap-3 last:mb-2 md:mx-4 md:last:mb-6 lg:mx-auto lg:max-w-2xl xl:max-w-3xl\">\n<div class=\"relative flex h-full flex-1 items-stretch md:flex-col\">\n<div class=\"flex w-full items-center\"><\/div>\n<\/div>\n<\/form>\n<\/div>\n","protected":false},"excerpt":{"rendered":"<p>Bienvenido a la Ortopedia del Dr. Nakul Karkare &#8211; Su Socio Personalizado en Cuidados Ortop\u00e9dicos en Little Neck, NY, \u00a1Ahora Extendiendo Orgullosamente Nuestros Servicios a la Comunidad de Gleenwood Landing, NY! Aqu\u00ed, en la ortopedia del Dr. Nakul Karkare, somos m\u00e1s que una consulta m\u00e9dica; somos sus compa\u00f1eros dedicados en su viaje ortop\u00e9dico. Ubicado en [&hellip;]<\/p>\n","protected":false},"author":33,"featured_media":0,"parent":16528,"menu_order":0,"comment_status":"closed","ping_status":"closed","template":"","meta":{"_et_pb_use_builder":"","_et_pb_old_content":"","_et_gb_content_width":"","footnotes":""},"class_list":["post-20941","page","type-page","status-publish","hentry"],"yoast_head":"<!-- This site is optimized with the Yoast SEO plugin v27.2 - https:\/\/yoast.com\/product\/yoast-seo-wordpress\/ -->\n<title>Desembarco de Gleenwood, Nueva York | Best Hip &amp; Knee Surgeon | NY, USA<\/title>\n<meta name=\"description\" content=\"Bienvenido a la Ortopedia del Dr. Nakul Karkare - Su Socio Personalizado en Cuidados Ortop\u00e9dicos en Little Neck, NY, \u00a1Ahora Extendiendo Orgullosamente\" \/>\n<meta name=\"robots\" content=\"index, follow, max-snippet:-1, max-image-preview:large, max-video-preview:-1\" \/>\n<link rel=\"canonical\" href=\"https:\/\/www.newyorkhipknee.com\/es\/contacto\/little-neck-mejor-cirujano-de-reemplazo-de-cadera-y-rodilla\/desembarco-de-gleenwood-nueva-york\/\" \/>\n<meta property=\"og:locale\" content=\"es_ES\" \/>\n<meta property=\"og:type\" content=\"article\" \/>\n<meta property=\"og:title\" content=\"Desembarco de Gleenwood, Nueva York | Best Hip &amp; Knee Surgeon | NY, USA\" \/>\n<meta property=\"og:description\" content=\"Bienvenido a la Ortopedia del Dr. Nakul Karkare - Su Socio Personalizado en Cuidados Ortop\u00e9dicos en Little Neck, NY, \u00a1Ahora Extendiendo Orgullosamente\" \/>\n<meta property=\"og:url\" content=\"https:\/\/www.newyorkhipknee.com\/es\/contacto\/little-neck-mejor-cirujano-de-reemplazo-de-cadera-y-rodilla\/desembarco-de-gleenwood-nueva-york\/\" \/>\n<meta property=\"og:site_name\" content=\"Best Hip &amp; Knee Surgeon | NY, USA\" \/>\n<meta name=\"twitter:card\" content=\"summary_large_image\" \/>\n<meta name=\"twitter:label1\" content=\"Tiempo de lectura\" \/>\n\t<meta name=\"twitter:data1\" content=\"10 minutos\" \/>\n<script type=\"application\/ld+json\" class=\"yoast-schema-graph\">{\"@context\":\"https:\/\/schema.org\",\"@graph\":[{\"@type\":[\"WebPage\",\"MedicalWebPage\"],\"@id\":\"https:\/\/www.newyorkhipknee.com\/es\/contacto\/little-neck-mejor-cirujano-de-reemplazo-de-cadera-y-rodilla\/desembarco-de-gleenwood-nueva-york\/\",\"url\":\"https:\/\/www.newyorkhipknee.com\/es\/contacto\/little-neck-mejor-cirujano-de-reemplazo-de-cadera-y-rodilla\/desembarco-de-gleenwood-nueva-york\/\",\"name\":\"Desembarco de Gleenwood, Nueva York | Best Hip &amp; Knee Surgeon | NY, USA\",\"isPartOf\":{\"@id\":\"https:\/\/www.newyorkhipknee.com\/es\/#website\"},\"datePublished\":\"2023-11-21T17:15:12+00:00\",\"description\":\"Bienvenido a la Ortopedia del Dr. Nakul Karkare - Su Socio Personalizado en Cuidados Ortop\u00e9dicos en Little Neck, NY, \u00a1Ahora Extendiendo Orgullosamente\",\"breadcrumb\":{\"@id\":\"https:\/\/www.newyorkhipknee.com\/es\/contacto\/little-neck-mejor-cirujano-de-reemplazo-de-cadera-y-rodilla\/desembarco-de-gleenwood-nueva-york\/#breadcrumb\"},\"inLanguage\":\"es\",\"potentialAction\":[{\"@type\":\"ReadAction\",\"target\":[\"https:\/\/www.newyorkhipknee.com\/es\/contacto\/little-neck-mejor-cirujano-de-reemplazo-de-cadera-y-rodilla\/desembarco-de-gleenwood-nueva-york\/\"]}]},{\"@type\":\"BreadcrumbList\",\"@id\":\"https:\/\/www.newyorkhipknee.com\/es\/contacto\/little-neck-mejor-cirujano-de-reemplazo-de-cadera-y-rodilla\/desembarco-de-gleenwood-nueva-york\/#breadcrumb\",\"itemListElement\":[{\"@type\":\"ListItem\",\"position\":1,\"name\":\"Home\",\"item\":\"https:\/\/www.newyorkhipknee.com\/es\/\"},{\"@type\":\"ListItem\",\"position\":2,\"name\":\"Contacto\",\"item\":\"https:\/\/www.newyorkhipknee.com\/es\/contacto\/\"},{\"@type\":\"ListItem\",\"position\":3,\"name\":\"Little Neck &#8211; Mejor Cirujano de Reemplazo de Cadera y Rodilla\",\"item\":\"https:\/\/www.newyorkhipknee.com\/es\/contacto\/little-neck-mejor-cirujano-de-reemplazo-de-cadera-y-rodilla\/\"},{\"@type\":\"ListItem\",\"position\":4,\"name\":\"Desembarco de Gleenwood, Nueva York\"}]},{\"@type\":\"WebSite\",\"@id\":\"https:\/\/www.newyorkhipknee.com\/es\/#website\",\"url\":\"https:\/\/www.newyorkhipknee.com\/es\/\",\"name\":\"Best Hip & Knee Surgeon | NY, USA\",\"description\":\"\",\"potentialAction\":[{\"@type\":\"SearchAction\",\"target\":{\"@type\":\"EntryPoint\",\"urlTemplate\":\"https:\/\/www.newyorkhipknee.com\/es\/?s={search_term_string}\"},\"query-input\":{\"@type\":\"PropertyValueSpecification\",\"valueRequired\":true,\"valueName\":\"search_term_string\"}}],\"inLanguage\":\"es\"}]}<\/script>\n<!-- \/ Yoast SEO plugin. -->","yoast_head_json":{"title":"Desembarco de Gleenwood, Nueva York | Best Hip &amp; Knee Surgeon | NY, USA","description":"Bienvenido a la Ortopedia del Dr. Nakul Karkare - Su Socio Personalizado en Cuidados Ortop\u00e9dicos en Little Neck, NY, \u00a1Ahora Extendiendo Orgullosamente","robots":{"index":"index","follow":"follow","max-snippet":"max-snippet:-1","max-image-preview":"max-image-preview:large","max-video-preview":"max-video-preview:-1"},"canonical":"https:\/\/www.newyorkhipknee.com\/es\/contacto\/little-neck-mejor-cirujano-de-reemplazo-de-cadera-y-rodilla\/desembarco-de-gleenwood-nueva-york\/","og_locale":"es_ES","og_type":"article","og_title":"Desembarco de Gleenwood, Nueva York | Best Hip &amp; Knee Surgeon | NY, USA","og_description":"Bienvenido a la Ortopedia del Dr. Nakul Karkare - Su Socio Personalizado en Cuidados Ortop\u00e9dicos en Little Neck, NY, \u00a1Ahora Extendiendo Orgullosamente","og_url":"https:\/\/www.newyorkhipknee.com\/es\/contacto\/little-neck-mejor-cirujano-de-reemplazo-de-cadera-y-rodilla\/desembarco-de-gleenwood-nueva-york\/","og_site_name":"Best Hip &amp; Knee Surgeon | NY, USA","twitter_card":"summary_large_image","twitter_misc":{"Tiempo de lectura":"10 minutos"},"schema":{"@context":"https:\/\/schema.org","@graph":[{"@type":["WebPage","MedicalWebPage"],"@id":"https:\/\/www.newyorkhipknee.com\/es\/contacto\/little-neck-mejor-cirujano-de-reemplazo-de-cadera-y-rodilla\/desembarco-de-gleenwood-nueva-york\/","url":"https:\/\/www.newyorkhipknee.com\/es\/contacto\/little-neck-mejor-cirujano-de-reemplazo-de-cadera-y-rodilla\/desembarco-de-gleenwood-nueva-york\/","name":"Desembarco de Gleenwood, Nueva York | Best Hip &amp; Knee Surgeon | NY, USA","isPartOf":{"@id":"https:\/\/www.newyorkhipknee.com\/es\/#website"},"datePublished":"2023-11-21T17:15:12+00:00","description":"Bienvenido a la Ortopedia del Dr. Nakul Karkare - Su Socio Personalizado en Cuidados Ortop\u00e9dicos en Little Neck, NY, \u00a1Ahora Extendiendo Orgullosamente","breadcrumb":{"@id":"https:\/\/www.newyorkhipknee.com\/es\/contacto\/little-neck-mejor-cirujano-de-reemplazo-de-cadera-y-rodilla\/desembarco-de-gleenwood-nueva-york\/#breadcrumb"},"inLanguage":"es","potentialAction":[{"@type":"ReadAction","target":["https:\/\/www.newyorkhipknee.com\/es\/contacto\/little-neck-mejor-cirujano-de-reemplazo-de-cadera-y-rodilla\/desembarco-de-gleenwood-nueva-york\/"]}]},{"@type":"BreadcrumbList","@id":"https:\/\/www.newyorkhipknee.com\/es\/contacto\/little-neck-mejor-cirujano-de-reemplazo-de-cadera-y-rodilla\/desembarco-de-gleenwood-nueva-york\/#breadcrumb","itemListElement":[{"@type":"ListItem","position":1,"name":"Home","item":"https:\/\/www.newyorkhipknee.com\/es\/"},{"@type":"ListItem","position":2,"name":"Contacto","item":"https:\/\/www.newyorkhipknee.com\/es\/contacto\/"},{"@type":"ListItem","position":3,"name":"Little Neck &#8211; Mejor Cirujano de Reemplazo de Cadera y Rodilla","item":"https:\/\/www.newyorkhipknee.com\/es\/contacto\/little-neck-mejor-cirujano-de-reemplazo-de-cadera-y-rodilla\/"},{"@type":"ListItem","position":4,"name":"Desembarco de Gleenwood, Nueva York"}]},{"@type":"WebSite","@id":"https:\/\/www.newyorkhipknee.com\/es\/#website","url":"https:\/\/www.newyorkhipknee.com\/es\/","name":"Best Hip & Knee Surgeon | NY, USA","description":"","potentialAction":[{"@type":"SearchAction","target":{"@type":"EntryPoint","urlTemplate":"https:\/\/www.newyorkhipknee.com\/es\/?s={search_term_string}"},"query-input":{"@type":"PropertyValueSpecification","valueRequired":true,"valueName":"search_term_string"}}],"inLanguage":"es"}]}},"_links":{"self":[{"href":"https:\/\/www.newyorkhipknee.com\/es\/wp-json\/wp\/v2\/pages\/20941","targetHints":{"allow":["GET"]}}],"collection":[{"href":"https:\/\/www.newyorkhipknee.com\/es\/wp-json\/wp\/v2\/pages"}],"about":[{"href":"https:\/\/www.newyorkhipknee.com\/es\/wp-json\/wp\/v2\/types\/page"}],"author":[{"embeddable":true,"href":"https:\/\/www.newyorkhipknee.com\/es\/wp-json\/wp\/v2\/users\/33"}],"replies":[{"embeddable":true,"href":"https:\/\/www.newyorkhipknee.com\/es\/wp-json\/wp\/v2\/comments?post=20941"}],"version-history":[{"count":0,"href":"https:\/\/www.newyorkhipknee.com\/es\/wp-json\/wp\/v2\/pages\/20941\/revisions"}],"up":[{"embeddable":true,"href":"https:\/\/www.newyorkhipknee.com\/es\/wp-json\/wp\/v2\/pages\/16528"}],"wp:attachment":[{"href":"https:\/\/www.newyorkhipknee.com\/es\/wp-json\/wp\/v2\/media?parent=20941"}],"curies":[{"name":"wp","href":"https:\/\/api.w.org\/{rel}","templated":true}]}}