{"id":20943,"date":"2023-11-21T11:05:24","date_gmt":"2023-11-21T16:05:24","guid":{"rendered":"https:\/\/newyorkhipknee.com\/contacto\/little-neck-mejor-cirujano-de-reemplazo-de-cadera-y-rodilla\/glen-cove-nueva-york\/"},"modified":"2023-11-21T11:05:24","modified_gmt":"2023-11-21T16:05:24","slug":"glen-cove-nueva-york","status":"publish","type":"page","link":"https:\/\/www.newyorkhipknee.com\/es\/contacto\/little-neck-mejor-cirujano-de-reemplazo-de-cadera-y-rodilla\/glen-cove-nueva-york\/","title":{"rendered":"Glen Cove, Nueva York"},"content":{"rendered":"<h1>Dr.Nakul Karkare da una calurosa bienvenida a la Glen Cove, NY comunidad.<\/h1>\n<p>Como un distinguido proveedor de atenci\u00f3n ortop\u00e9dica situado en Little Neck, NY, estamos encantados de ampliar nuestros servicios excepcionales a los residentes de Glen Cove bajo la experiencia del Dr. Nakul Karkare. La consulta del Dr. Karkare va m\u00e1s all\u00e1 de los servicios m\u00e9dicos tradicionales; representa una asociaci\u00f3n dedicada a la b\u00fasqueda de una salud ortop\u00e9dica excepcional.<\/p>\n<p>Dr. Nakul Karkare se erige como un faro de excelencia en el campo ortop\u00e9dico, por lo que su pr\u00e1ctica la mejor opci\u00f3n para la atenci\u00f3n ortop\u00e9dica en Glen Cove. He aqu\u00ed por qu\u00e9:<\/p>\n<p><strong>Equipo experimentado<\/strong>: El equipo del Dr. Karkare est\u00e1 formado por especialistas ortop\u00e9dicos altamente cualificados, cada uno de los cuales destaca en sus respectivas \u00e1reas de especializaci\u00f3n. Con su amplia experiencia y su compromiso inquebrantable, garantizan que los pacientes reciban la mejor atenci\u00f3n.<\/p>\n<p><strong>Atenci\u00f3n personalizada:<\/strong> Reconociendo la singularidad de cada paciente, el enfoque del Dr. Karkare se adapta para satisfacer las necesidades espec\u00edficas, dando prioridad a la comodidad y el bienestar.<\/p>\n<p><strong>Soluciones de vanguardia<\/strong>: El compromiso del Dr. Karkare de mantenerse a la vanguardia de los avances ortop\u00e9dicos garantiza a los pacientes el acceso a los \u00faltimos tratamientos y tecnolog\u00edas, asegurando la mejor atenci\u00f3n posible.<\/p>\n<p><strong>Dedicaci\u00f3n a la comunidad:<\/strong> El Dr. Karkare cree en hacer que la atenci\u00f3n ortop\u00e9dica excepcional sea accesible para todos. Su decisi\u00f3n de ampliar los servicios a Glen Cove refleja su compromiso de atender las necesidades ortop\u00e9dicas de la comunidad.<\/p>\n<p><strong>Excelencia probada:<\/strong> El historial del Dr. Karkare dice mucho de su dedicaci\u00f3n a ayudar a las personas a recuperar la movilidad, aliviar el dolor y mejorar su calidad de vida en general.<\/p>\n<p>Adem\u00e1s de ser un cirujano ortop\u00e9dico altamente cualificado, el Dr. Nakul Karkare es conocido por su enfoque compasivo y centrado en el paciente. Se toma el tiempo necesario para comprender los problemas espec\u00edficos de cada paciente y ofrece planes de tratamiento completos y personalizados. El Dr. Karkare participa activamente en la investigaci\u00f3n y sigue contribuyendo a los avances en el campo de la ortopedia.<\/p>\n<p>Su salud ortop\u00e9dica es de suma importancia, y la pr\u00e1ctica del Dr. Nakul Karkare est\u00e1 encantado de ser parte de la comunidad Glen Cove, ofreciendo el m\u00e1s alto nivel de profesionalismo y experiencia. Si se trata de preocupaciones conjuntas, lesiones relacionadas con el deporte, fracturas, o cualquier otro problema ortop\u00e9dico, la pr\u00e1ctica del Dr. Nakul Karkare est\u00e1 aqu\u00ed para apoyarle en su viaje a la salud ortop\u00e9dica \u00f3ptima.<\/p>\n<p><strong>Tenemos el honor de ofrecer una amplia gama de servicios ortop\u00e9dicos a la comunidad de Elmont, NY, y entre nuestras ofertas, nos especializamos en procedimientos personalizados de reemplazo de rodilla y cadera adaptados a las necesidades \u00fanicas de cada paciente.<\/strong><\/p>\n<p><strong><a href=\"https:\/\/newyorkhipknee.com\/custom-knee-replacement-surgery\/\" target=\"_blank\" rel=\"noopener\">Sustituci\u00f3n<\/a> personalizada de rodilla:<\/strong> Las indicaciones para el reemplazo personalizado de rodilla incluyen dolor intenso de rodilla, rigidez e hinchaz\u00f3n que afectan significativamente a las actividades diarias y a la calidad de vida en general. Este procedimiento ofrece alivio al reducir el dolor, aumentar la movilidad y mejorar la calidad de vida general del paciente. El Dr. Nakul Karkare, conocido por su experiencia en t\u00e9cnicas quir\u00fargicas m\u00ednimamente invasivas, garantiza una colocaci\u00f3n precisa de los implantes a trav\u00e9s de incisiones m\u00e1s peque\u00f1as que preservan los tejidos. Los pacientes que se someten a una pr\u00f3tesis de rodilla personalizada pueden esperar una recuperaci\u00f3n m\u00e1s r\u00e1pida, menos molestias y una mayor amplitud de movimiento en comparaci\u00f3n con la cirug\u00eda de pr\u00f3tesis de rodilla tradicional.<\/p>\n<p><a href=\"https:\/\/newyorkhipknee.com\/faqs\/total-hip-replacement-faqs\/\" target=\"_blank\" rel=\"noopener\"><br \/>\n  <strong>Pr\u00f3tesis de cadera:<\/strong><br \/>\n<\/a> La cirug\u00eda de reemplazo de cadera se recomienda para aquellos que luchan con dolor de cadera severo, rigidez e hinchaz\u00f3n que impiden significativamente las actividades diarias y la calidad de vida en general. Este procedimiento consiste en sustituir una articulaci\u00f3n de cadera da\u00f1ada por un implante artificial meticulosamente dise\u00f1ado para imitar la estructura y funci\u00f3n naturales de la articulaci\u00f3n de la cadera. La competencia del Dr. Karkare en los m\u00e9todos tradicionales y m\u00ednimamente invasivos de sustituci\u00f3n de cadera garantiza que los pacientes experimenten menos dolor, una recuperaci\u00f3n m\u00e1s r\u00e1pida y una mayor amplitud de movimiento en comparaci\u00f3n con el estado en que se encontraban antes de la intervenci\u00f3n.<\/p>\n<p><strong>Ventajas de la pr\u00f3tesis personalizada de rodilla y cadera:<\/strong><\/p>\n<ul>\n<li>Alivio del dolor y las molestias derivadas de lesiones articulares<\/li>\n<li>Mayor movilidad y amplitud de movimiento<\/li>\n<li>Mejora de la calidad de vida en general<\/li>\n<\/ul>\n<p><strong>Recuperaci\u00f3n:<\/strong> Los pacientes que se someten a estos procedimientos personalizados de reemplazo de rodilla y cadera pueden esperar una r\u00e1pida recuperaci\u00f3n en comparaci\u00f3n con la cirug\u00eda tradicional. El uso de t\u00e9cnicas m\u00ednimamente invasivas por parte del Dr. Karkare se traduce en menos molestias y tiempos de recuperaci\u00f3n m\u00e1s r\u00e1pidos. Los pacientes pueden disfrutar de una mejor calidad de vida en general y de una mayor movilidad.<\/p>\n<p><strong>Por qu\u00e9 elegir al Dr. Nakul Karkare:<\/strong> La competencia del Dr. Nakul Karkare en t\u00e9cnicas m\u00ednimamente invasivas, enfoques innovadores y tecnolog\u00eda avanzada lo convierten en una opci\u00f3n \u00f3ptima para los reemplazos personalizados de rodilla y cadera. Su compromiso con la precisi\u00f3n y el bienestar del paciente garantiza una experiencia m\u00e1s c\u00f3moda, una recuperaci\u00f3n m\u00e1s r\u00e1pida y una mejor calidad de vida en general.<\/p>\n<p>Al elegir procedimientos personalizados de reemplazo de rodilla y cadera bajo la direcci\u00f3n del Dr. Karkare, los pacientes no s\u00f3lo abordan el da\u00f1o articular y las molestias, sino que tambi\u00e9n se embarcan en un viaje hacia una mayor movilidad y una calidad de vida general enriquecida. Experimente los beneficios de estos procedimientos, incluyendo una r\u00e1pida recuperaci\u00f3n, menos molestias, y la mejora de la amplitud de movimiento, como el Dr. Nakul Karkare le lleva en el camino hacia el bienestar ortop\u00e9dico.<\/p>\n<p>&nbsp;<\/p>\n<h1>Acerca de Glen Cove, NY<\/h1>\n<p>Glen Cove (Nueva York), situada en el condado de Nassau, en la costa norte de Long Island (Nueva York, Estados Unidos), es una ciudad con una larga historia, una animada cultura y una floreciente industria tur\u00edstica.<\/p>\n<h3>Historia de Glen Cove, NY<\/h3>\n<p>Glen Cove, Nueva York, tiene una historia \u00edntimamente ligada a su paseo mar\u00edtimo. Inicialmente hogar de la tribu de nativos americanos Matinecock, la ciudad vio la llegada de colonos holandeses e ingleses en el siglo XVII, lo que marc\u00f3 el inicio de la construcci\u00f3n naval y la pesca como actividades destacadas. En el siglo XIX, Glen Cove gan\u00f3 popularidad entre los neoyorquinos acaudalados, que construyeron casas de veraneo y complejos tur\u00edsticos en la regi\u00f3n.<\/p>\n<div class=\"flex-1 overflow-hidden\">\n<div class=\"react-scroll-to-bottom--css-aijdt-79elbk h-full\">\n<div class=\"react-scroll-to-bottom--css-aijdt-1n7m0yu\">\n<div class=\"flex flex-col text-sm gizmo:pb-9 dark:bg-gray-800 gizmo:dark:bg-transparent\">\n<div class=\"w-full text-token-text-primary border-b border-black\/10 gizmo:border-0 dark:border-gray-900\/50 gizmo:dark:border-0 bg-gray-50 gizmo:bg-transparent dark:bg-[#444654] gizmo:dark:bg-transparent\" data-testid=\"conversation-turn-61\">\n<div class=\"p-4 gizmo:py-2 justify-center text-base md:gap-6 md:py-6 m-auto\">\n<div class=\"flex flex-1 gap-4 text-base mx-auto md:gap-6 gizmo:gap-3 gizmo:md:px-5 gizmo:lg:px-1 gizmo:xl:px-5 md:max-w-2xl lg:max-w-[38rem] gizmo:md:max-w-3xl gizmo:lg:max-w-[40rem] gizmo:xl:max-w-[48rem] xl:max-w-3xl } group final-completion\">\n<div class=\"relative flex w-[calc(100%-50px)] flex-col gizmo:w-full lg:w-[calc(100%-115px)] agent-turn\">\n<div class=\"flex-col gap-1 md:gap-3\">\n<div class=\"flex flex-grow flex-col max-w-full gap-3 gizmo:gap-0\">\n<div class=\"min-h-[20px] text-message flex flex-col items-start gap-3 whitespace-pre-wrap break-words [.text-message+&amp;]:mt-5 overflow-x-auto\" data-message-author-role=\"assistant\" data-message-id=\"8c7d0741-61e3-40ad-ae2f-a0e7164ca414\">\n<div class=\"markdown prose w-full break-words dark:prose-invert dark\">\n<p>Glen Cove, NY, se incorpor\u00f3 en 1918, tras haber alcanzado el estatus de ciudad en 1917. La ciudad posee un importante legado arquitect\u00f3nico, con numerosos edificios y casas hist\u00f3ricos. Entre sus monumentos hist\u00f3ricos destaca la Mansi\u00f3n Glen Cove, construida en 1910 y que actualmente funciona como hotel y centro de conferencias.<\/p>\n<\/div>\n<\/div>\n<\/div>\n<div class=\"flex justify-between empty:hidden gizmo:mt-1 gizmo:justify-start gizmo:gap-3 lg:block gizmo:lg:flex\"><\/div>\n<\/div>\n<\/div>\n<\/div>\n<\/div>\n<\/div>\n<\/div>\n<\/div>\n<\/div>\n<\/div>\n<div class=\"w-full pt-2 md:pt-0 border-t md:border-t-0 gizmo:border-t-0 dark:border-white\/20 md:border-transparent md:dark:border-transparent md:pl-2 gizmo:pl-0 gizmo:md:pl-0 md:w-[calc(100%-.5rem)]\">\n<form class=\"stretch mx-2 flex flex-row gap-3 last:mb-2 md:mx-4 md:last:mb-6 lg:mx-auto lg:max-w-2xl xl:max-w-3xl\">\n<div class=\"flex w-full items-center\"><\/div>\n<div>\n<h3>Cultura de Glen Cove, NY<\/h3>\n<p>Glen Cove, NY, presume de una vibrante historia cultural, albergando varios museos e instituciones culturales. Conocida por sus pintorescos parques, la ciudad atrae a visitantes de todo el mundo. Adem\u00e1s, Glen Cove cuenta con un animado distrito comercial con una vibrante vida nocturna, hoteles, restaurantes frente al mar y diversas tiendas.<\/p>\n<p>&nbsp;<\/p>\n<\/div>\n<h3>Turismo en Glen Cove, NY<\/h3>\n<p>Glen Cove, Nueva York, se est\u00e1 convirtiendo en un floreciente destino tur\u00edstico, gracias a sus encantadores parques, sus encantadores pueblos y su cautivador patrimonio cultural. La ciudad alberga diversas atracciones que seducen a visitantes de todo el mundo. Entre los destinos destacados de Glen Cove se encuentra el Garvies Point Museum and Preserve, una instituci\u00f3n cultural que ofrece diversas exposiciones y eventos durante todo el a\u00f1o, lo que la convierte en una de las atracciones m\u00e1s populares de la ciudad.<\/p>\n<p>El museo de Glen Cove se dedica a mostrar y promover la historia y la cultura de la regi\u00f3n. Otra atracci\u00f3n muy apreciada de la ciudad es el Morgan Memorial Park, una instalaci\u00f3n recreativa que ofrece diversas actividades aptas para visitantes de todas las edades. El parque cuenta con una playa, un parque infantil y una zona de picnic.<\/p>\n<p>Glen Cove, NY, es una ciudad con una rica historia, una cultura viva y una pr\u00f3spera industria tur\u00edstica. Quienes exploren la ciudad podr\u00e1n adentrarse en sus museos e instituciones culturales, deleitarse con sus hermosos parques y reservas naturales y relajarse en sus encantadores pueblos. Si le apasiona la historia, la naturaleza o simplemente disfruta de la playa, Glen Cove satisface una gran variedad de intereses.<\/p>\n<h1>Indicaciones<\/h1>\n<p>Estas son las indicaciones desde Garden City, NY para llegar a Complete Orthopedics en 52-21 Little Neck Parkway, Little Neck, NY 11362:<\/p>\n<p>1. Dir\u00edjase hacia el este por Stewart Ave hacia Franklin Ave.<br \/>\n2. Gire a la izquierda en Franklin Ave.<br \/>\n3. Gire a la derecha en 7th St.<br \/>\n4. Gire a la izquierda en Nassau Blvd.<br \/>\n5. Gire a la derecha en Jericho Turnpike.<br \/>\n6. Gire a la izquierda en Lakeville Rd.<br \/>\n7. Gire a la derecha en la rampa hacia NY-25 E \/ Jericho Turnpike.<br \/>\n8. Incorp\u00f3rese a NY-25 E\/Jericho Turnpike.<br \/>\n9. Gire a la derecha en Little Neck Pkwy.<br \/>\n10. Complete Orthopedics estar\u00e1 a la derecha en 52-21 Little Neck Pkwy.<\/p>\n<p>Nota: Las indicaciones exactas pueden variar en funci\u00f3n de la ubicaci\u00f3n de partida. Se recomienda utilizar un GPS o un servicio de mapas para obtener las direcciones m\u00e1s precisas.<\/p>\n<p>&nbsp;<\/p>\n<h1>Atenci\u00f3n m\u00e9dica cerca de Glen Cove<\/h1>\n<h4>Farmacias<\/h4>\n<ol class=\"list-outside list-decimal marker:font-mono marker:text-sm pl-11\">\n<li><span class=\"\">Farmacia CVS &#8211; 66 Forest Ave, Glen Cove, NY 11542<\/span><\/li>\n<li><span class=\"\">Farmacia Walgreens &#8211; 100 Forest Ave, Glen Cove, NY 11542<\/span><\/li>\n<li><span class=\"\">Farmacia Rite Aid &#8211; 214 Glen St, Glen Cove, NY 11542<\/span><\/li>\n<\/ol>\n<h4>Centros de Radiolog\u00eda<\/h4>\n<ol class=\"list-outside list-decimal marker:font-mono marker:text-sm pl-11\">\n<li><span class=\"\">North Shore Radiology Associates &#8211; 611 Northern Blvd, Great Neck, NY 11021<\/span><\/li>\n<li><span class=\"\">South Shore Radiology &#8211; 242 Merrick Rd, Rockville Centre, NY 11570<\/span><\/li>\n<li><span class=\"\">Diagnostic Radiology Associates &#8211; 165 N Village Ave, Rockville Centre, NY 11570<\/span><\/li>\n<\/ol>\n<h4>Centros de Atenci\u00f3n de Urgencia<\/h4>\n<ol class=\"list-outside list-decimal marker:font-mono marker:text-sm pl-11\">\n<li><span class=\"\">Northwell Health-GoHealth Urgent Care &#8211; 243 Merrick Rd, Rockville Centre, NY 11570<\/span><\/li>\n<li><span class=\"\">CityMD Rockville Centre Urgent Care &#8211; Long Island &#8211; 77 N Centre Ave, Rockville Centre, NY 11570<\/span><\/li>\n<li><span class=\"\">ProHEALTH Atenci\u00f3n de Urgencia &#8211; 2064 Merrick Rd, Merrick, NY 11566<\/span><\/li>\n<\/ol>\n<h4>Hospitales<\/h4>\n<ol class=\"list-outside list-decimal marker:font-mono marker:text-sm pl-11\">\n<li><span class=\"\">Centro M\u00e9dico Jud\u00edo de Long Island &#8211; 270-05 76th Ave, New Hyde Park, NY 11040<\/span><\/li>\n<li><span class=\"\">Hospital Universitario North Shore &#8211; 300 Community Dr, Manhasset, NY 11030<\/span><\/li>\n<li><span class=\"\">Centro M\u00e9dico Mercy &#8211; 1000 N Village Ave, Rockville Centre, NY 11570<\/span><\/li>\n<\/ol>\n<p><span class=\"\">Nota: La informaci\u00f3n proporcionada es precisa a partir de octubre de 2023. Siempre se recomienda verificar la informaci\u00f3n antes de visitar cualquiera de las ubicaciones.<\/span><\/p>\n<div class=\"Hhmu2e wDYxhc NFQFxe viOShc LKPcQc\" lang=\"en-US\" data-md=\"16\" data-hveid=\"CAkQAA\" data-ved=\"2ahUKEwiz5YbKg8uBAxX2MjQIHcl-BGcQhyh6BAgJEAA\">\n<div class=\"Ftghae iirjIb DaSCDf GUV4E\">\n<div class=\"SPZz6b\">\n<div class=\"wDYxhc\" lang=\"en-US\" data-attrid=\"kc:\/local:lu attribute list\" data-md=\"205\" data-hveid=\"CAsQAA\" data-ved=\"2ahUKEwiXoobZg8uBAxX9MjQIHVDrDX0Q1rkBegQICxAA\">\n<div class=\"TLYLSe MaBy9\">\n<div class=\"CJQ04\">En el coraz\u00f3n de nuestra misi\u00f3n se encuentra un firme compromiso de brindar atenci\u00f3n ortop\u00e9dica integral a nuestra comunidad local, incluidas las personas mencionadas anteriormente. Ya sea que acuda a nosotros a trav\u00e9s de una referencia para un tratamiento ortop\u00e9dico o si tiene alguna inquietud ortop\u00e9dica, nuestro equipo dedicado las 24 horas del d\u00eda, los 7 d\u00edas de la semana, est\u00e1 disponible a trav\u00e9s de una simple llamada telef\u00f3nica, listo para ofrecer asistencia r\u00e1pida y emp\u00e1tica.<\/div>\n<\/div>\n<\/div>\n<\/div>\n<\/div>\n<\/div>\n<p>Reconocemos que muchas personas buscan tratamiento para lesiones relacionadas con el trabajo cubiertas por la compensaci\u00f3n laboral y el seguro sin culpa en centros de atenci\u00f3n de urgencia y hospitales. Si su lesi\u00f3n no requiere una visita al hospital, estamos m\u00e1s que preparados para brindarle tratamiento ortop\u00e9dico especializado adaptado a sus circunstancias \u00fanicas. No dude en comunicarse con nosotros al 631-981-2663 para programar una cita sin demora. Su bienestar sigue siendo nuestra m\u00e1xima prioridad.<\/p>\n<\/form>\n<\/div>\n","protected":false},"excerpt":{"rendered":"<p>Dr.Nakul Karkare da una calurosa bienvenida a la Glen Cove, NY comunidad. Como un distinguido proveedor de atenci\u00f3n ortop\u00e9dica situado en Little Neck, NY, estamos encantados de ampliar nuestros servicios excepcionales a los residentes de Glen Cove bajo la experiencia del Dr. Nakul Karkare. La consulta del Dr. Karkare va m\u00e1s all\u00e1 de los servicios [&hellip;]<\/p>\n","protected":false},"author":33,"featured_media":0,"parent":16528,"menu_order":0,"comment_status":"closed","ping_status":"closed","template":"","meta":{"_et_pb_use_builder":"","_et_pb_old_content":"","_et_gb_content_width":"","footnotes":""},"class_list":["post-20943","page","type-page","status-publish","hentry"],"yoast_head":"<!-- This site is optimized with the Yoast SEO plugin v27.2 - https:\/\/yoast.com\/product\/yoast-seo-wordpress\/ -->\n<title>Glen Cove, Nueva York | Best Hip &amp; Knee Surgeon | NY, USA<\/title>\n<meta name=\"description\" content=\"Dr.Nakul Karkare da una calurosa bienvenida a la Glen Cove, NY comunidad. Como un distinguido proveedor de atenci\u00f3n ortop\u00e9dica situado en Little Neck, NY,\" \/>\n<meta name=\"robots\" content=\"index, follow, max-snippet:-1, max-image-preview:large, max-video-preview:-1\" \/>\n<link rel=\"canonical\" href=\"https:\/\/www.newyorkhipknee.com\/es\/contacto\/little-neck-mejor-cirujano-de-reemplazo-de-cadera-y-rodilla\/glen-cove-nueva-york\/\" \/>\n<meta property=\"og:locale\" content=\"es_ES\" \/>\n<meta property=\"og:type\" content=\"article\" \/>\n<meta property=\"og:title\" content=\"Glen Cove, Nueva York | Best Hip &amp; Knee Surgeon | NY, USA\" \/>\n<meta property=\"og:description\" content=\"Dr.Nakul Karkare da una calurosa bienvenida a la Glen Cove, NY comunidad. Como un distinguido proveedor de atenci\u00f3n ortop\u00e9dica situado en Little Neck, NY,\" \/>\n<meta property=\"og:url\" content=\"https:\/\/www.newyorkhipknee.com\/es\/contacto\/little-neck-mejor-cirujano-de-reemplazo-de-cadera-y-rodilla\/glen-cove-nueva-york\/\" \/>\n<meta property=\"og:site_name\" content=\"Best Hip &amp; Knee Surgeon | NY, USA\" \/>\n<meta name=\"twitter:card\" content=\"summary_large_image\" \/>\n<meta name=\"twitter:label1\" content=\"Tiempo de lectura\" \/>\n\t<meta name=\"twitter:data1\" content=\"10 minutos\" \/>\n<script type=\"application\/ld+json\" class=\"yoast-schema-graph\">{\"@context\":\"https:\/\/schema.org\",\"@graph\":[{\"@type\":[\"WebPage\",\"MedicalWebPage\"],\"@id\":\"https:\/\/www.newyorkhipknee.com\/es\/contacto\/little-neck-mejor-cirujano-de-reemplazo-de-cadera-y-rodilla\/glen-cove-nueva-york\/\",\"url\":\"https:\/\/www.newyorkhipknee.com\/es\/contacto\/little-neck-mejor-cirujano-de-reemplazo-de-cadera-y-rodilla\/glen-cove-nueva-york\/\",\"name\":\"Glen Cove, Nueva York | Best Hip &amp; Knee Surgeon | NY, USA\",\"isPartOf\":{\"@id\":\"https:\/\/www.newyorkhipknee.com\/es\/#website\"},\"datePublished\":\"2023-11-21T16:05:24+00:00\",\"description\":\"Dr.Nakul Karkare da una calurosa bienvenida a la Glen Cove, NY comunidad. Como un distinguido proveedor de atenci\u00f3n ortop\u00e9dica situado en Little Neck, NY,\",\"breadcrumb\":{\"@id\":\"https:\/\/www.newyorkhipknee.com\/es\/contacto\/little-neck-mejor-cirujano-de-reemplazo-de-cadera-y-rodilla\/glen-cove-nueva-york\/#breadcrumb\"},\"inLanguage\":\"es\",\"potentialAction\":[{\"@type\":\"ReadAction\",\"target\":[\"https:\/\/www.newyorkhipknee.com\/es\/contacto\/little-neck-mejor-cirujano-de-reemplazo-de-cadera-y-rodilla\/glen-cove-nueva-york\/\"]}]},{\"@type\":\"BreadcrumbList\",\"@id\":\"https:\/\/www.newyorkhipknee.com\/es\/contacto\/little-neck-mejor-cirujano-de-reemplazo-de-cadera-y-rodilla\/glen-cove-nueva-york\/#breadcrumb\",\"itemListElement\":[{\"@type\":\"ListItem\",\"position\":1,\"name\":\"Home\",\"item\":\"https:\/\/www.newyorkhipknee.com\/es\/\"},{\"@type\":\"ListItem\",\"position\":2,\"name\":\"Contacto\",\"item\":\"https:\/\/www.newyorkhipknee.com\/es\/contacto\/\"},{\"@type\":\"ListItem\",\"position\":3,\"name\":\"Little Neck &#8211; Mejor Cirujano de Reemplazo de Cadera y Rodilla\",\"item\":\"https:\/\/www.newyorkhipknee.com\/es\/contacto\/little-neck-mejor-cirujano-de-reemplazo-de-cadera-y-rodilla\/\"},{\"@type\":\"ListItem\",\"position\":4,\"name\":\"Glen Cove, Nueva York\"}]},{\"@type\":\"WebSite\",\"@id\":\"https:\/\/www.newyorkhipknee.com\/es\/#website\",\"url\":\"https:\/\/www.newyorkhipknee.com\/es\/\",\"name\":\"Best Hip & Knee Surgeon | NY, USA\",\"description\":\"\",\"potentialAction\":[{\"@type\":\"SearchAction\",\"target\":{\"@type\":\"EntryPoint\",\"urlTemplate\":\"https:\/\/www.newyorkhipknee.com\/es\/?s={search_term_string}\"},\"query-input\":{\"@type\":\"PropertyValueSpecification\",\"valueRequired\":true,\"valueName\":\"search_term_string\"}}],\"inLanguage\":\"es\"}]}<\/script>\n<!-- \/ Yoast SEO plugin. -->","yoast_head_json":{"title":"Glen Cove, Nueva York | Best Hip &amp; Knee Surgeon | NY, USA","description":"Dr.Nakul Karkare da una calurosa bienvenida a la Glen Cove, NY comunidad. Como un distinguido proveedor de atenci\u00f3n ortop\u00e9dica situado en Little Neck, NY,","robots":{"index":"index","follow":"follow","max-snippet":"max-snippet:-1","max-image-preview":"max-image-preview:large","max-video-preview":"max-video-preview:-1"},"canonical":"https:\/\/www.newyorkhipknee.com\/es\/contacto\/little-neck-mejor-cirujano-de-reemplazo-de-cadera-y-rodilla\/glen-cove-nueva-york\/","og_locale":"es_ES","og_type":"article","og_title":"Glen Cove, Nueva York | Best Hip &amp; Knee Surgeon | NY, USA","og_description":"Dr.Nakul Karkare da una calurosa bienvenida a la Glen Cove, NY comunidad. Como un distinguido proveedor de atenci\u00f3n ortop\u00e9dica situado en Little Neck, NY,","og_url":"https:\/\/www.newyorkhipknee.com\/es\/contacto\/little-neck-mejor-cirujano-de-reemplazo-de-cadera-y-rodilla\/glen-cove-nueva-york\/","og_site_name":"Best Hip &amp; Knee Surgeon | NY, USA","twitter_card":"summary_large_image","twitter_misc":{"Tiempo de lectura":"10 minutos"},"schema":{"@context":"https:\/\/schema.org","@graph":[{"@type":["WebPage","MedicalWebPage"],"@id":"https:\/\/www.newyorkhipknee.com\/es\/contacto\/little-neck-mejor-cirujano-de-reemplazo-de-cadera-y-rodilla\/glen-cove-nueva-york\/","url":"https:\/\/www.newyorkhipknee.com\/es\/contacto\/little-neck-mejor-cirujano-de-reemplazo-de-cadera-y-rodilla\/glen-cove-nueva-york\/","name":"Glen Cove, Nueva York | Best Hip &amp; Knee Surgeon | NY, USA","isPartOf":{"@id":"https:\/\/www.newyorkhipknee.com\/es\/#website"},"datePublished":"2023-11-21T16:05:24+00:00","description":"Dr.Nakul Karkare da una calurosa bienvenida a la Glen Cove, NY comunidad. Como un distinguido proveedor de atenci\u00f3n ortop\u00e9dica situado en Little Neck, NY,","breadcrumb":{"@id":"https:\/\/www.newyorkhipknee.com\/es\/contacto\/little-neck-mejor-cirujano-de-reemplazo-de-cadera-y-rodilla\/glen-cove-nueva-york\/#breadcrumb"},"inLanguage":"es","potentialAction":[{"@type":"ReadAction","target":["https:\/\/www.newyorkhipknee.com\/es\/contacto\/little-neck-mejor-cirujano-de-reemplazo-de-cadera-y-rodilla\/glen-cove-nueva-york\/"]}]},{"@type":"BreadcrumbList","@id":"https:\/\/www.newyorkhipknee.com\/es\/contacto\/little-neck-mejor-cirujano-de-reemplazo-de-cadera-y-rodilla\/glen-cove-nueva-york\/#breadcrumb","itemListElement":[{"@type":"ListItem","position":1,"name":"Home","item":"https:\/\/www.newyorkhipknee.com\/es\/"},{"@type":"ListItem","position":2,"name":"Contacto","item":"https:\/\/www.newyorkhipknee.com\/es\/contacto\/"},{"@type":"ListItem","position":3,"name":"Little Neck &#8211; Mejor Cirujano de Reemplazo de Cadera y Rodilla","item":"https:\/\/www.newyorkhipknee.com\/es\/contacto\/little-neck-mejor-cirujano-de-reemplazo-de-cadera-y-rodilla\/"},{"@type":"ListItem","position":4,"name":"Glen Cove, Nueva York"}]},{"@type":"WebSite","@id":"https:\/\/www.newyorkhipknee.com\/es\/#website","url":"https:\/\/www.newyorkhipknee.com\/es\/","name":"Best Hip & Knee Surgeon | NY, USA","description":"","potentialAction":[{"@type":"SearchAction","target":{"@type":"EntryPoint","urlTemplate":"https:\/\/www.newyorkhipknee.com\/es\/?s={search_term_string}"},"query-input":{"@type":"PropertyValueSpecification","valueRequired":true,"valueName":"search_term_string"}}],"inLanguage":"es"}]}},"_links":{"self":[{"href":"https:\/\/www.newyorkhipknee.com\/es\/wp-json\/wp\/v2\/pages\/20943","targetHints":{"allow":["GET"]}}],"collection":[{"href":"https:\/\/www.newyorkhipknee.com\/es\/wp-json\/wp\/v2\/pages"}],"about":[{"href":"https:\/\/www.newyorkhipknee.com\/es\/wp-json\/wp\/v2\/types\/page"}],"author":[{"embeddable":true,"href":"https:\/\/www.newyorkhipknee.com\/es\/wp-json\/wp\/v2\/users\/33"}],"replies":[{"embeddable":true,"href":"https:\/\/www.newyorkhipknee.com\/es\/wp-json\/wp\/v2\/comments?post=20943"}],"version-history":[{"count":0,"href":"https:\/\/www.newyorkhipknee.com\/es\/wp-json\/wp\/v2\/pages\/20943\/revisions"}],"up":[{"embeddable":true,"href":"https:\/\/www.newyorkhipknee.com\/es\/wp-json\/wp\/v2\/pages\/16528"}],"wp:attachment":[{"href":"https:\/\/www.newyorkhipknee.com\/es\/wp-json\/wp\/v2\/media?parent=20943"}],"curies":[{"name":"wp","href":"https:\/\/api.w.org\/{rel}","templated":true}]}}