{"id":20948,"date":"2023-11-21T12:44:08","date_gmt":"2023-11-21T17:44:08","guid":{"rendered":"https:\/\/newyorkhipknee.com\/contacto\/little-neck-mejor-cirujano-de-reemplazo-de-cadera-y-rodilla\/gran-cuello-nueva-york\/"},"modified":"2023-11-21T12:44:08","modified_gmt":"2023-11-21T17:44:08","slug":"gran-cuello-nueva-york","status":"publish","type":"page","link":"https:\/\/www.newyorkhipknee.com\/es\/contacto\/little-neck-mejor-cirujano-de-reemplazo-de-cadera-y-rodilla\/gran-cuello-nueva-york\/","title":{"rendered":"Gran Cuello, Nueva York"},"content":{"rendered":"<h1>Bienvenido a la consulta de ortopedia del Dr. Nakul Karkare en Great Neck.<\/h1>\n<p>En nuestra estimada pr\u00e1ctica de ortopedia, situada en el coraz\u00f3n de Little Neck, nos enorgullecemos de ofrecer una atenci\u00f3n compasiva que va m\u00e1s all\u00e1 de lo ordinario. Pero, \u00bfqu\u00e9 nos hace realmente excepcionales? Perm\u00edtanos compartir con usted por qu\u00e9 se nos considera los mejores, mientras extendemos nuestro compromiso de servicio a la acogedora comunidad de Great Neck.<\/p>\n<p><strong>Un toque curativo con un enfoque personal:<\/strong> Nuestro equipo entiende que cada paciente es \u00fanico, y adoptamos un enfoque personalizado para la atenci\u00f3n ortop\u00e9dica. El Dr. Nakul Karkare y nuestro personal dedicado se toman el tiempo para escuchar, asegur\u00e1ndose de que sus preocupaciones y preguntas no s\u00f3lo se escuchan, sino que realmente se entienden. Creemos en el tratamiento no s\u00f3lo de la enfermedad sino de la persona, fomentando un entorno en el que te sientas valorado y atendido.<\/p>\n<p><strong>Atenci\u00f3n centrada en la comunidad en Great Neck:<\/strong> Estamos encantados de ampliar nuestros servicios a la vibrante comunidad de Great Neck. Nuestra consulta no es s\u00f3lo un centro m\u00e9dico; es un lugar donde los vecinos cuidan de los vecinos. Al ser una parte integral de la comunidad de Great Neck, forjamos v\u00ednculos que van m\u00e1s all\u00e1 del entorno cl\u00ednico, haciendo que cada paciente se sienta como un miembro bienvenido de nuestra gran familia.<\/p>\n<p><strong>Experiencia l\u00edder con un toque humano:<\/strong> El Dr. Nakul Karkare aporta una gran experiencia en ortopedia, ofreciendo soluciones de vanguardia combinadas con un trato compasivo. Nuestro equipo se esfuerza por hacer que su viaje ortop\u00e9dico sea lo m\u00e1s fluido posible, utilizando tecnolog\u00eda de vanguardia y pr\u00e1cticas basadas en la evidencia para garantizar los mejores resultados. Con nosotros, usted no es s\u00f3lo un paciente; es un socio en su salud y bienestar.<\/p>\n<p><strong>Entorno c\u00f3modo y agradable:<\/strong> Una visita a nuestra consulta es algo m\u00e1s que una cita m\u00e9dica; es una experiencia dise\u00f1ada para que se sienta c\u00f3modo. Nuestro ambiente c\u00e1lido y acogedor se ha creado pensando en su comodidad, desde el momento en que cruza nuestras puertas hasta que se marcha. Queremos que no s\u00f3lo se sienta atendido, sino tambi\u00e9n c\u00f3modo durante todo el proceso de curaci\u00f3n.<\/p>\n<p><strong>Innovaci\u00f3n impulsada por la compasi\u00f3n:<\/strong> Lo que nos diferencia no es solo nuestra experiencia m\u00e9dica, sino nuestro compromiso con la innovaci\u00f3n. Nos esforzamos continuamente por integrar los \u00faltimos avances en ortopedia, garantizando que usted reciba la mejor atenci\u00f3n posible. Pero en el centro de todos nuestros avances hay un profundo sentido de la compasi\u00f3n que gu\u00eda todos los aspectos de nuestra pr\u00e1ctica.<\/p>\n<p>Elegir la consulta de ortopedia del Dr. Nakul Karkare significa elegir un lugar donde la experiencia se une a la empat\u00eda, y donde su camino hacia la recuperaci\u00f3n est\u00e1 marcado por un toque humano. Nos sentimos honrados de servir a la maravillosa comunidad de Great Neck y le invitamos a experimentar la atenci\u00f3n ortop\u00e9dica como nunca antes.<\/p>\n<p>Acomp\u00e1\u00f1enos en su camino hacia el bienestar. Porque en nuestra consulta, su salud no es s\u00f3lo nuestra prioridad; es nuestra pasi\u00f3n.<\/p>\n<h1>Estamos encantados de ofrecer una amplia gama de servicios ortop\u00e9dicos adaptados espec\u00edficamente para los residentes de Great Neck:<\/h1>\n<h2><a href=\"https:\/\/newyorkhipknee.com\/custom-knee-replacement-surgery\/\" target=\"_blank\" rel=\"noopener\"><strong>Reemplazo de rodilla personalizado:<\/strong><\/a><\/h2>\n<p><strong><br \/>\n  <em>Qui\u00e9n puede beneficiarse:<\/em><br \/>\n<\/strong> La artroplastia de rodilla a medida, tambi\u00e9n conocida como artroplastia de rodilla personalizada, se recomienda a las personas que sufren dolor intenso, rigidez e inflamaci\u00f3n de la rodilla que dificultan considerablemente sus actividades cotidianas y su calidad de vida en general. Esta afecci\u00f3n suele estar asociada a factores como la artrosis, la artritis reumatoide, las lesiones traum\u00e1ticas u otros trastornos degenerativos de la articulaci\u00f3n de la rodilla.<\/p>\n<p><strong><br \/>\n  <em>El proceso quir\u00fargico:<\/em><br \/>\n<\/strong> La pr\u00f3tesis de rodilla a medida representa una intervenci\u00f3n quir\u00fargica avanzada en la que la articulaci\u00f3n de la rodilla da\u00f1ada se sustituye por un implante artificial intrincadamente adaptado y dise\u00f1ado para ajustarse a la estructura anat\u00f3mica \u00fanica del paciente. Este proceso se inicia con la utilizaci\u00f3n de tecnolog\u00eda de imagen de vanguardia, que crea un modelo tridimensional detallado de la articulaci\u00f3n de la rodilla del paciente. Este modelo sirve de modelo para elaborar un implante personalizado que se adapte perfectamente a la rodilla del paciente.<\/p>\n<p>Durante el procedimiento quir\u00fargico, nuestro cirujano ortop\u00e9dico retira h\u00e1bilmente la articulaci\u00f3n da\u00f1ada y la sustituye por el implante personalizado. Todo el proceso se realiza bajo anestesia para garantizar que el paciente se sienta c\u00f3modo y sin dolor.<\/p>\n<p><em><strong>Ventajas<\/strong>:<\/em> La pr\u00f3tesis de rodilla a medida aporta numerosas ventajas a los pacientes, entre ellas:<\/p>\n<ol>\n<li><strong>Alivio del dolor:<\/strong> El implante personalizado est\u00e1 dise\u00f1ado para minimizar las molestias, lo que permite a los pacientes recuperar la movilidad y reanudar sus rutinas diarias.<\/li>\n<li><strong>Mayor movilidad:<\/strong> Este procedimiento mejora la amplitud de movimiento del paciente, facilitando un movimiento m\u00e1s natural de la articulaci\u00f3n de la rodilla.<\/li>\n<li><strong>Mejora de la calidad de vida:<\/strong> Los pacientes suelen experimentar una mejora sustancial de su calidad de vida en general, ya que pueden volver a realizar actividades que el dolor de rodilla les hab\u00eda limitado anteriormente.<\/li>\n<li><strong>Recuperaci\u00f3n m\u00e1s r\u00e1pida:<\/strong> Las pr\u00f3tesis de rodilla a medida suelen conllevar una recuperaci\u00f3n m\u00e1s r\u00e1pida que las cirug\u00edas de pr\u00f3tesis de rodilla tradicionales. La precisi\u00f3n del implante personalizado y las t\u00e9cnicas quir\u00fargicas m\u00ednimamente invasivas pueden reducir el dolor postoperatorio y acelerar el proceso de rehabilitaci\u00f3n.<\/li>\n<\/ol>\n<p>&nbsp;<\/p>\n<h2><a href=\"https:\/\/newyorkhipknee.com\/faqs\/total-hip-replacement-faqs\/\" target=\"_blank\" rel=\"noopener\"><strong>Pr\u00f3tesis de cadera:<\/strong><\/a><\/h2>\n<p><strong><br \/>\n  <em>Qui\u00e9n puede beneficiarse:<\/em><br \/>\n<\/strong> La artroplastia de cadera se recomienda a las personas que sufren dolor intenso, rigidez e inflamaci\u00f3n de la cadera que dificultan considerablemente sus actividades cotidianas y su calidad de vida. Las causas m\u00e1s comunes son la artrosis, la artritis reumatoide, la necrosis avascular o las fracturas de cadera.<\/p>\n<p><em><strong>El proceso quir\u00fargico<\/strong>:<\/em> La artroplastia de cadera es un procedimiento quir\u00fargico que consiste en la sustituci\u00f3n de una articulaci\u00f3n de cadera da\u00f1ada por un implante artificial meticulosamente dise\u00f1ado para reproducir la estructura y funci\u00f3n naturales de la articulaci\u00f3n de la cadera. Esto permite a los pacientes recuperar la movilidad y aliviar las molestias.<\/p>\n<p>Durante la intervenci\u00f3n, nuestro cirujano ortop\u00e9dico retira h\u00e1bilmente la articulaci\u00f3n da\u00f1ada y la sustituye por el implante artificial, todo ello bajo anestesia para garantizar la comodidad del paciente.<\/p>\n<p><em><strong>Ventajas<\/strong>:<\/em> La artroplastia de cadera ofrece varias ventajas a los pacientes:<\/p>\n<ol>\n<li><strong>Alivio del dolor:<\/strong> El principal beneficio es el alivio del dolor intenso de cadera, lo que permite a los pacientes recuperar la movilidad y reanudar sus actividades cotidianas.<\/li>\n<li><strong>Mayor movilidad:<\/strong> Las pr\u00f3tesis de cadera mejoran la amplitud de movimiento de la articulaci\u00f3n de la cadera, proporcionando a los pacientes un movimiento y una flexibilidad m\u00e1s naturales.<\/li>\n<li><strong>Mejora de la calidad de vida:<\/strong> Los pacientes suelen experimentar una mejora significativa de su calidad de vida en general, ya que recuperan la capacidad de realizar actividades que antes les resultaban dif\u00edciles o imposibles debido al dolor de cadera.<\/li>\n<li><strong>Recuperaci\u00f3n acelerada:<\/strong> La cirug\u00eda de pr\u00f3tesis de cadera suele conllevar una recuperaci\u00f3n m\u00e1s r\u00e1pida, y los pacientes experimentan una reducci\u00f3n del dolor y una mejora de la amplitud de movimiento en comparaci\u00f3n con su estado antes de la intervenci\u00f3n.<\/li>\n<\/ol>\n<p>En ambos casos, el Dr. Nakul Karkare emplea t\u00e9cnicas quir\u00fargicas avanzadas y tecnolog\u00eda de vanguardia para garantizar la colocaci\u00f3n precisa de los componentes del implante a trav\u00e9s de incisiones m\u00e1s peque\u00f1as que no da\u00f1an los tejidos. Este enfoque minimiza las molestias y acelera el proceso de recuperaci\u00f3n. La experiencia del Dr. Karkare en estos procedimientos, combinada con la naturaleza individualizada de los implantes a medida, contribuye a mejorar los resultados de los pacientes que buscan alivio para sus problemas articulares de rodilla y cadera.<\/p>\n<p>Si usted est\u00e1 experimentando dolor en las articulaciones, rigidez, hinchaz\u00f3n, o ha sufrido una lesi\u00f3n, por favor no dude en ponerse en contacto con el Centro Ortop\u00e9dico del Dr. Nakul Karkare. Nuestro equipo de especialistas se dedica a ayudarle a recuperar la movilidad, aliviar el dolor y mejorar su calidad de vida en general. Su bienestar es nuestra m\u00e1xima prioridad, y estamos aqu\u00ed para guiarle en su camino hacia una mejor salud ortop\u00e9dica.<\/p>\n<p>&nbsp;<\/p>\n<h1>Acerca de Great Neck, NY<\/h1>\n<p>Bienvenido a Great Neck, Nueva York, un pueblo situado en la encantadora costa norte de Long Island, en el condado de Nassau, Nueva York. Aqu\u00ed, dentro del abrazo de la ciudad de North Hempstead, descubrir\u00e1 no s\u00f3lo un pueblo, sino una comunidad famosa por su afluencia, sus excelentes escuelas y su esp\u00edritu vibrante.<\/p>\n<p><strong>Desvelando el tapiz de la historia de Great Neck:<\/strong> Great Neck, NY despliega una historia cautivadora que remonta sus ra\u00edces al siglo XVII, cuando los colonos holandeses e ingleses establecieron por primera vez su presencia. Inicialmente un para\u00edso agr\u00edcola con la agricultura y la pesca en su n\u00facleo, el pueblo se transform\u00f3 en un refugio para los neoyorquinos ricos en el siglo XIX. Casas de veraneo y complejos tur\u00edsticos adornaban el paisaje, preparando el terreno para la evoluci\u00f3n de Great Neck hacia una comunidad residencial a principios del siglo XX. El pueblo presume de un rico patrimonio arquitect\u00f3nico, con monumentos hist\u00f3ricos como Great Neck Village Green, un parque p\u00fablico impregnado del encanto del siglo XVIII.<\/p>\n<p><strong>Sumergirse en el mosaico cultural de Great Neck, NY:<\/strong> Great Neck, NY irradia una cultura diversa y vibrante, con una gran variedad de museos e instituciones culturales que contribuyen a su encanto. Los hermosos parques, que atraen a visitantes de todo el mundo, est\u00e1n entretejidos en el tejido del pueblo. En medio del distrito comercial, donde florecen la vida nocturna, los hoteles, los restaurantes frente al mar y diversas tiendas, prospera una din\u00e1mica escena cultural.<\/p>\n<p><strong>Embarcarse en un viaje tur\u00edstico en Great Neck:<\/strong> Great Neck, Nueva York, se est\u00e1 forjando un lugar como floreciente destino tur\u00edstico, invitando a explorar sus parques, encantadores pueblos y riquezas culturales. El Great Neck Arts Center se erige como faro, ofreciendo una mir\u00edada de exposiciones y eventos a lo largo del a\u00f1o, dedicados a promover las artes y la cultura de la regi\u00f3n. Mientras tanto, el parque Steppingstone, una joya recreativa, atrae con su playa, su parque infantil y sus acogedoras zonas de picnic.<\/p>\n<p><strong>Para terminar, Great Neck Beckons:<\/strong> Great Neck, Nueva York, no es s\u00f3lo un pueblo; es un tapiz de historia, una celebraci\u00f3n de la cultura y un floreciente centro tur\u00edstico. Al recorrer sus museos, parques y encantadores pueblos, descubrir\u00e1 una comunidad en la que confluyen historia, naturaleza y belleza costera. Great Neck te invita a sumergirte en su historia, a disfrutar de la naturaleza o del encanto de la playa. Hay algo para todos los gustos en este pueblo con un rico pasado y un futuro en constante crecimiento.<\/p>\n<p>&nbsp;<\/p>\n<h1>Indicaciones<\/h1>\n<p>Aqu\u00ed est\u00e1n las instrucciones desde Great Neck, NY a Complete Orthopedics en 52-21 Little Neck Parkway, Little Neck, NY 11362:<\/p>\n<p>1. Dir\u00edjase hacia el este por Middle Neck Rd hacia Hicks Ln.<br \/>\n2. Gire a la izquierda en Hicks Ln.<br \/>\n3. Gire a la derecha en Old Mill Rd.<br \/>\n4. Gire a la izquierda en Northern Blvd.<br \/>\n5. Gire a la derecha en Lakeville Rd.<br \/>\n6. Gire a la derecha en la rampa hacia NY-25 E \/ Jericho Turnpike.<br \/>\n7. Incorp\u00f3rese a NY-25 E\/Jericho Turnpike.<br \/>\n8. Gire a la derecha en Little Neck Pkwy.<br \/>\n9. La ortopedia completa estar\u00e1 a la derecha en 52-21 Little Neck Pkwy.<\/p>\n<h1><\/h1>\n<h1>Atenci\u00f3n m\u00e9dica cerca de Great Neck<\/h1>\n<h4>Farmacias<\/h4>\n<ol class=\"list-outside list-decimal marker:font-mono marker:text-sm pl-11\">\n<li><span class=\"\">Farmacia CVS &#8211; 660 Middle Neck Rd, Great Neck, NY 11023<\/span><\/li>\n<li><span class=\"\">Farmacia Walgreens &#8211; 655 Middle Neck Rd, Great Neck, NY 11023<\/span><\/li>\n<li><span class=\"\">Farmacia Rite Aid &#8211; 120 Middle Neck Rd, Great Neck, NY 11021<\/span><\/li>\n<\/ol>\n<h4>Centros de Radiolog\u00eda<\/h4>\n<ol class=\"list-outside list-decimal marker:font-mono marker:text-sm pl-11\">\n<li><span class=\"\">North Shore Radiology Associates &#8211; 611 Northern Blvd, Great Neck, NY 11021<\/span><\/li>\n<li><span class=\"\">South Shore Radiology &#8211; 242 Merrick Rd, Rockville Centre, NY 11570<\/span><\/li>\n<li><span class=\"\">Diagnostic Radiology Associates &#8211; 165 N Village Ave, Rockville Centre, NY 11570<\/span><\/li>\n<\/ol>\n<h4>Centros de Atenci\u00f3n de Urgencia<\/h4>\n<ol class=\"list-outside list-decimal marker:font-mono marker:text-sm pl-11\">\n<li><span class=\"\">Northwell Health-GoHealth Urgent Care &#8211; 243 Merrick Rd, Rockville Centre, NY 11570<\/span><\/li>\n<li><span class=\"\">CityMD Rockville Centre Urgent Care &#8211; Long Island &#8211; 77 N Centre Ave, Rockville Centre, NY 11570<\/span><\/li>\n<li><span class=\"\">ProHEALTH Atenci\u00f3n de Urgencia &#8211; 2064 Merrick Rd, Merrick, NY 11566<\/span><\/li>\n<\/ol>\n<h4>Hospitales<\/h4>\n<ol class=\"list-outside list-decimal marker:font-mono marker:text-sm pl-11\">\n<li><span class=\"\">Centro M\u00e9dico Jud\u00edo de Long Island &#8211; 270-05 76th Ave, New Hyde Park, NY 11040<\/span><\/li>\n<li><span class=\"\">Hospital Universitario North Shore &#8211; 300 Community Dr, Manhasset, NY 11030<\/span><\/li>\n<li><span class=\"\">Centro M\u00e9dico Mercy &#8211; 1000 N Village Ave, Rockville Centre, NY 11570<\/span><\/li>\n<\/ol>\n<p><span class=\"\">Nota: La informaci\u00f3n proporcionada es precisa a partir de octubre de 2023. Siempre se recomienda verificar la informaci\u00f3n antes de visitar cualquiera de las ubicaciones.<\/span><\/p>\n<p>&nbsp;<\/p>\n<p>En esencia, nuestro compromiso inquebrantable gira en torno a brindar atenci\u00f3n ortop\u00e9dica integral a los miembros de nuestra comunidad, incluidos los que hemos mencionado anteriormente. Ya sea que se acerque a nosotros a trav\u00e9s de una referencia para tratamiento ortop\u00e9dico o si simplemente busca orientaci\u00f3n sobre cualquier inquietud ortop\u00e9dica, extendemos una c\u00e1lida invitaci\u00f3n para comunicarse con nuestro equipo dedicado las 24 horas del d\u00eda, los 7 d\u00edas de la semana. Tenga la seguridad de que estamos aqu\u00ed para ofrecerle asistencia r\u00e1pida y emp\u00e1tica.<\/p>\n<p>Reconocemos que muchas personas buscan tratamiento por lesiones relacionadas con la compensaci\u00f3n laboral y el seguro sin culpa en centros de atenci\u00f3n de urgencia y hospitales. Si su lesi\u00f3n no requiere una visita al hospital, estaremos encantados de brindarle tratamiento ortop\u00e9dico especializado adaptado a sus circunstancias \u00fanicas. No dude en contactarnos al 631-981-2663 para programar una cita hoy. Su bienestar es, y siempre ser\u00e1, nuestra m\u00e1xima prioridad<\/p>\n","protected":false},"excerpt":{"rendered":"<p>Bienvenido a la consulta de ortopedia del Dr. Nakul Karkare en Great Neck. En nuestra estimada pr\u00e1ctica de ortopedia, situada en el coraz\u00f3n de Little Neck, nos enorgullecemos de ofrecer una atenci\u00f3n compasiva que va m\u00e1s all\u00e1 de lo ordinario. Pero, \u00bfqu\u00e9 nos hace realmente excepcionales? Perm\u00edtanos compartir con usted por qu\u00e9 se nos considera [&hellip;]<\/p>\n","protected":false},"author":33,"featured_media":0,"parent":16528,"menu_order":0,"comment_status":"closed","ping_status":"closed","template":"","meta":{"_et_pb_use_builder":"","_et_pb_old_content":"","_et_gb_content_width":"","footnotes":""},"class_list":["post-20948","page","type-page","status-publish","hentry"],"yoast_head":"<!-- This site is optimized with the Yoast SEO plugin v27.2 - https:\/\/yoast.com\/product\/yoast-seo-wordpress\/ -->\n<title>Gran Cuello, Nueva York | Best Hip &amp; Knee Surgeon | NY, USA<\/title>\n<meta name=\"description\" content=\"Bienvenido a la consulta de ortopedia del Dr. Nakul Karkare en Great Neck. En nuestra estimada pr\u00e1ctica de ortopedia, situada en el coraz\u00f3n de Little\" \/>\n<meta name=\"robots\" content=\"index, follow, max-snippet:-1, max-image-preview:large, max-video-preview:-1\" \/>\n<link rel=\"canonical\" href=\"https:\/\/www.newyorkhipknee.com\/es\/contacto\/little-neck-mejor-cirujano-de-reemplazo-de-cadera-y-rodilla\/gran-cuello-nueva-york\/\" \/>\n<meta property=\"og:locale\" content=\"es_ES\" \/>\n<meta property=\"og:type\" content=\"article\" \/>\n<meta property=\"og:title\" content=\"Gran Cuello, Nueva York | Best Hip &amp; Knee Surgeon | NY, USA\" \/>\n<meta property=\"og:description\" content=\"Bienvenido a la consulta de ortopedia del Dr. Nakul Karkare en Great Neck. En nuestra estimada pr\u00e1ctica de ortopedia, situada en el coraz\u00f3n de Little\" \/>\n<meta property=\"og:url\" content=\"https:\/\/www.newyorkhipknee.com\/es\/contacto\/little-neck-mejor-cirujano-de-reemplazo-de-cadera-y-rodilla\/gran-cuello-nueva-york\/\" \/>\n<meta property=\"og:site_name\" content=\"Best Hip &amp; Knee Surgeon | NY, USA\" \/>\n<meta name=\"twitter:card\" content=\"summary_large_image\" \/>\n<meta name=\"twitter:label1\" content=\"Tiempo de lectura\" \/>\n\t<meta name=\"twitter:data1\" content=\"12 minutos\" \/>\n<script type=\"application\/ld+json\" class=\"yoast-schema-graph\">{\"@context\":\"https:\/\/schema.org\",\"@graph\":[{\"@type\":[\"WebPage\",\"MedicalWebPage\"],\"@id\":\"https:\/\/www.newyorkhipknee.com\/es\/contacto\/little-neck-mejor-cirujano-de-reemplazo-de-cadera-y-rodilla\/gran-cuello-nueva-york\/\",\"url\":\"https:\/\/www.newyorkhipknee.com\/es\/contacto\/little-neck-mejor-cirujano-de-reemplazo-de-cadera-y-rodilla\/gran-cuello-nueva-york\/\",\"name\":\"Gran Cuello, Nueva York | Best Hip &amp; Knee Surgeon | NY, USA\",\"isPartOf\":{\"@id\":\"https:\/\/www.newyorkhipknee.com\/es\/#website\"},\"datePublished\":\"2023-11-21T17:44:08+00:00\",\"description\":\"Bienvenido a la consulta de ortopedia del Dr. Nakul Karkare en Great Neck. En nuestra estimada pr\u00e1ctica de ortopedia, situada en el coraz\u00f3n de Little\",\"breadcrumb\":{\"@id\":\"https:\/\/www.newyorkhipknee.com\/es\/contacto\/little-neck-mejor-cirujano-de-reemplazo-de-cadera-y-rodilla\/gran-cuello-nueva-york\/#breadcrumb\"},\"inLanguage\":\"es\",\"potentialAction\":[{\"@type\":\"ReadAction\",\"target\":[\"https:\/\/www.newyorkhipknee.com\/es\/contacto\/little-neck-mejor-cirujano-de-reemplazo-de-cadera-y-rodilla\/gran-cuello-nueva-york\/\"]}]},{\"@type\":\"BreadcrumbList\",\"@id\":\"https:\/\/www.newyorkhipknee.com\/es\/contacto\/little-neck-mejor-cirujano-de-reemplazo-de-cadera-y-rodilla\/gran-cuello-nueva-york\/#breadcrumb\",\"itemListElement\":[{\"@type\":\"ListItem\",\"position\":1,\"name\":\"Home\",\"item\":\"https:\/\/www.newyorkhipknee.com\/es\/\"},{\"@type\":\"ListItem\",\"position\":2,\"name\":\"Contacto\",\"item\":\"https:\/\/www.newyorkhipknee.com\/es\/contacto\/\"},{\"@type\":\"ListItem\",\"position\":3,\"name\":\"Little Neck &#8211; Mejor Cirujano de Reemplazo de Cadera y Rodilla\",\"item\":\"https:\/\/www.newyorkhipknee.com\/es\/contacto\/little-neck-mejor-cirujano-de-reemplazo-de-cadera-y-rodilla\/\"},{\"@type\":\"ListItem\",\"position\":4,\"name\":\"Gran Cuello, Nueva York\"}]},{\"@type\":\"WebSite\",\"@id\":\"https:\/\/www.newyorkhipknee.com\/es\/#website\",\"url\":\"https:\/\/www.newyorkhipknee.com\/es\/\",\"name\":\"Best Hip & Knee Surgeon | NY, USA\",\"description\":\"\",\"potentialAction\":[{\"@type\":\"SearchAction\",\"target\":{\"@type\":\"EntryPoint\",\"urlTemplate\":\"https:\/\/www.newyorkhipknee.com\/es\/?s={search_term_string}\"},\"query-input\":{\"@type\":\"PropertyValueSpecification\",\"valueRequired\":true,\"valueName\":\"search_term_string\"}}],\"inLanguage\":\"es\"}]}<\/script>\n<!-- \/ Yoast SEO plugin. -->","yoast_head_json":{"title":"Gran Cuello, Nueva York | Best Hip &amp; Knee Surgeon | NY, USA","description":"Bienvenido a la consulta de ortopedia del Dr. Nakul Karkare en Great Neck. En nuestra estimada pr\u00e1ctica de ortopedia, situada en el coraz\u00f3n de Little","robots":{"index":"index","follow":"follow","max-snippet":"max-snippet:-1","max-image-preview":"max-image-preview:large","max-video-preview":"max-video-preview:-1"},"canonical":"https:\/\/www.newyorkhipknee.com\/es\/contacto\/little-neck-mejor-cirujano-de-reemplazo-de-cadera-y-rodilla\/gran-cuello-nueva-york\/","og_locale":"es_ES","og_type":"article","og_title":"Gran Cuello, Nueva York | Best Hip &amp; Knee Surgeon | NY, USA","og_description":"Bienvenido a la consulta de ortopedia del Dr. Nakul Karkare en Great Neck. En nuestra estimada pr\u00e1ctica de ortopedia, situada en el coraz\u00f3n de Little","og_url":"https:\/\/www.newyorkhipknee.com\/es\/contacto\/little-neck-mejor-cirujano-de-reemplazo-de-cadera-y-rodilla\/gran-cuello-nueva-york\/","og_site_name":"Best Hip &amp; Knee Surgeon | NY, USA","twitter_card":"summary_large_image","twitter_misc":{"Tiempo de lectura":"12 minutos"},"schema":{"@context":"https:\/\/schema.org","@graph":[{"@type":["WebPage","MedicalWebPage"],"@id":"https:\/\/www.newyorkhipknee.com\/es\/contacto\/little-neck-mejor-cirujano-de-reemplazo-de-cadera-y-rodilla\/gran-cuello-nueva-york\/","url":"https:\/\/www.newyorkhipknee.com\/es\/contacto\/little-neck-mejor-cirujano-de-reemplazo-de-cadera-y-rodilla\/gran-cuello-nueva-york\/","name":"Gran Cuello, Nueva York | Best Hip &amp; Knee Surgeon | NY, USA","isPartOf":{"@id":"https:\/\/www.newyorkhipknee.com\/es\/#website"},"datePublished":"2023-11-21T17:44:08+00:00","description":"Bienvenido a la consulta de ortopedia del Dr. Nakul Karkare en Great Neck. En nuestra estimada pr\u00e1ctica de ortopedia, situada en el coraz\u00f3n de Little","breadcrumb":{"@id":"https:\/\/www.newyorkhipknee.com\/es\/contacto\/little-neck-mejor-cirujano-de-reemplazo-de-cadera-y-rodilla\/gran-cuello-nueva-york\/#breadcrumb"},"inLanguage":"es","potentialAction":[{"@type":"ReadAction","target":["https:\/\/www.newyorkhipknee.com\/es\/contacto\/little-neck-mejor-cirujano-de-reemplazo-de-cadera-y-rodilla\/gran-cuello-nueva-york\/"]}]},{"@type":"BreadcrumbList","@id":"https:\/\/www.newyorkhipknee.com\/es\/contacto\/little-neck-mejor-cirujano-de-reemplazo-de-cadera-y-rodilla\/gran-cuello-nueva-york\/#breadcrumb","itemListElement":[{"@type":"ListItem","position":1,"name":"Home","item":"https:\/\/www.newyorkhipknee.com\/es\/"},{"@type":"ListItem","position":2,"name":"Contacto","item":"https:\/\/www.newyorkhipknee.com\/es\/contacto\/"},{"@type":"ListItem","position":3,"name":"Little Neck &#8211; Mejor Cirujano de Reemplazo de Cadera y Rodilla","item":"https:\/\/www.newyorkhipknee.com\/es\/contacto\/little-neck-mejor-cirujano-de-reemplazo-de-cadera-y-rodilla\/"},{"@type":"ListItem","position":4,"name":"Gran Cuello, Nueva York"}]},{"@type":"WebSite","@id":"https:\/\/www.newyorkhipknee.com\/es\/#website","url":"https:\/\/www.newyorkhipknee.com\/es\/","name":"Best Hip & Knee Surgeon | NY, USA","description":"","potentialAction":[{"@type":"SearchAction","target":{"@type":"EntryPoint","urlTemplate":"https:\/\/www.newyorkhipknee.com\/es\/?s={search_term_string}"},"query-input":{"@type":"PropertyValueSpecification","valueRequired":true,"valueName":"search_term_string"}}],"inLanguage":"es"}]}},"_links":{"self":[{"href":"https:\/\/www.newyorkhipknee.com\/es\/wp-json\/wp\/v2\/pages\/20948","targetHints":{"allow":["GET"]}}],"collection":[{"href":"https:\/\/www.newyorkhipknee.com\/es\/wp-json\/wp\/v2\/pages"}],"about":[{"href":"https:\/\/www.newyorkhipknee.com\/es\/wp-json\/wp\/v2\/types\/page"}],"author":[{"embeddable":true,"href":"https:\/\/www.newyorkhipknee.com\/es\/wp-json\/wp\/v2\/users\/33"}],"replies":[{"embeddable":true,"href":"https:\/\/www.newyorkhipknee.com\/es\/wp-json\/wp\/v2\/comments?post=20948"}],"version-history":[{"count":0,"href":"https:\/\/www.newyorkhipknee.com\/es\/wp-json\/wp\/v2\/pages\/20948\/revisions"}],"up":[{"embeddable":true,"href":"https:\/\/www.newyorkhipknee.com\/es\/wp-json\/wp\/v2\/pages\/16528"}],"wp:attachment":[{"href":"https:\/\/www.newyorkhipknee.com\/es\/wp-json\/wp\/v2\/media?parent=20948"}],"curies":[{"name":"wp","href":"https:\/\/api.w.org\/{rel}","templated":true}]}}