{"id":20949,"date":"2023-11-21T13:05:20","date_gmt":"2023-11-21T18:05:20","guid":{"rendered":"https:\/\/newyorkhipknee.com\/contacto\/little-neck-mejor-cirujano-de-reemplazo-de-cadera-y-rodilla\/greenvale-nueva-york\/"},"modified":"2023-11-21T13:05:20","modified_gmt":"2023-11-21T18:05:20","slug":"greenvale-nueva-york","status":"publish","type":"page","link":"https:\/\/www.newyorkhipknee.com\/es\/contacto\/little-neck-mejor-cirujano-de-reemplazo-de-cadera-y-rodilla\/greenvale-nueva-york\/","title":{"rendered":"Greenvale, Nueva York"},"content":{"rendered":"<h1>\u00a1Saludos desde la consulta de ortopedia del Dr. Nakul Karkare en el coraz\u00f3n de Greenvale,NY!<\/h1>\n<p>Estamos encantados de compartir la emocionante noticia de que nuestros cuidados compasivos se extienden ahora a la vibrante comunidad de Greenvale.<\/p>\n<p><strong>Conozca al Dr. Nakul Karkare:<\/strong> Detr\u00e1s de nuestra pr\u00e1ctica se encuentra la experiencia del Dr. Nakul Karkare, un renombrado especialista ortop\u00e9dico dedicado a mejorar la vida a trav\u00e9s de una atenci\u00f3n integral y personalizada. El Dr. Karkare aporta una gran experiencia, ya que ha obtenido sus t\u00edtulos en prestigiosas instituciones y ha perfeccionado sus habilidades a lo largo de a\u00f1os de pr\u00e1ctica. Su compromiso de mantenerse a la vanguardia de los avances ortop\u00e9dicos asegura que usted reciba la mejor atenci\u00f3n posible.<\/p>\n<p><strong>Credenciales del Dr. Nakul Karkare:<\/strong>. Su ilustre carrera est\u00e1 marcada por una profunda pasi\u00f3n por la ortopedia, y ha demostrado continuamente su compromiso con el bienestar de sus pacientes. M\u00e1s all\u00e1 de sus t\u00edtulos y galardones, el Dr. Karkare es reconocido por su enfoque compasivo, una fusi\u00f3n de experiencia m\u00e9dica y aut\u00e9ntica conexi\u00f3n humana.<\/p>\n<p><strong>Trayendo experiencia a Greenvale:<\/strong> \u00bfPor qu\u00e9 elegir la consulta de ortopedia del Dr. Nakul Karkare en Greenvale? Somos m\u00e1s que un centro m\u00e9dico; somos sus socios en salud, ofreci\u00e9ndole un entorno c\u00e1lido y acogedor que trasciende el \u00e1mbito cl\u00ednico. Nuestra consulta refleja el esp\u00edritu diverso y acogedor del propio Greenvale.<\/p>\n<p><strong>Atenci\u00f3n personalizada a su medida:<\/strong> En nuestro centro de Greenvale, nuestro compromiso con la atenci\u00f3n personalizada es inquebrantable. El Dr. Karkare y nuestro equipo dedicado se toman el tiempo para entender sus necesidades y preocupaciones \u00fanicas, asegurando un plan de tratamiento que se alinea con su viaje individual hacia el bienestar.<\/p>\n<p><strong>Integrados en la comunidad:<\/strong> As\u00ed como Greenvale es m\u00e1s que un lugar, nuestra pr\u00e1ctica es m\u00e1s que un consultorio m\u00e9dico. Somos parte integrante de la comunidad, y su salud y comodidad son nuestras principales prioridades. Si usted est\u00e1 tratando con problemas ortop\u00e9dicos, la b\u00fasqueda de atenci\u00f3n preventiva, o la exploraci\u00f3n de opciones para un estilo de vida m\u00e1s saludable, estamos aqu\u00ed para usted en cada paso del camino.<\/p>\n<p><strong>M\u00e1s all\u00e1 de la experiencia, un toque humano:<\/strong> Lo que nos diferencia no es s\u00f3lo la experiencia del Dr. Karkare; es la compasi\u00f3n y la preocupaci\u00f3n genuina que aportamos a cada paciente. Entendemos que detr\u00e1s de cada enfermedad hay una persona con una historia \u00fanica, y estamos aqu\u00ed para escucharle, apoyarle y guiarle en su camino hacia la recuperaci\u00f3n.<\/p>\n<p>Elegir la consulta de ortopedia del Dr. Nakul Karkare en Greenvale significa elegir una experiencia sanitaria que va m\u00e1s all\u00e1 de lo ordinario. Significa confiar su bienestar ortop\u00e9dico a un equipo que combina habilidad con coraz\u00f3n, en una comunidad que se siente como en familia.<\/p>\n<p>Bienvenido a una nueva era de la atenci\u00f3n ortop\u00e9dica en Greenvale, donde la experiencia se une a la empat\u00eda, y su viaje hacia el bienestar es guiado por un toque amistoso y humano.<\/p>\n<p>&nbsp;<\/p>\n<h2>Nuestros servicios ortop\u00e9dicos integrales abarcan:<\/h2>\n<h2><a href=\"https:\/\/newyorkhipknee.com\/custom-knee-replacement-surgery\/\" target=\"_blank\" rel=\"noopener\"><strong>Cirug\u00eda personalizada de pr\u00f3tesis de rodilla:<\/strong><\/a><\/h2>\n<p><strong><em>Indicaciones:<\/em> <\/strong>Cuando la articulaci\u00f3n de la rodilla est\u00e1 da\u00f1ada debido a artritis, lesiones u otras afecciones ortop\u00e9dicas, y los tratamientos conservadores ya no proporcionan alivio, puede recomendarse la cirug\u00eda de reemplazo de rodilla a medida. El Dr. Nakul Karkare se especializa en la evaluaci\u00f3n de sus necesidades \u00fanicas, asegurando que este procedimiento se adapte a usted perfectamente.<\/p>\n<p><em><strong>Ventajas<\/strong>:<\/em> La pr\u00f3tesis de rodilla a medida ofrece una soluci\u00f3n personalizada, dise\u00f1ada para adaptarse con precisi\u00f3n a su anatom\u00eda. El resultado es una mejora de la funci\u00f3n articular, una reducci\u00f3n del dolor y una sensaci\u00f3n m\u00e1s natural. El enfoque del Dr. Karkare asegura que su reemplazo de rodilla no es s\u00f3lo una cirug\u00eda &#8211; es una experiencia personalizada dise\u00f1ada para mejorar su calidad de vida.<\/p>\n<p><strong><em>Procedimiento:<\/em> <\/strong>Bajo las h\u00e1biles manos del Dr. Karkare, la cirug\u00eda de pr\u00f3tesis de rodilla a medida consiste en eliminar el cart\u00edlago y el hueso da\u00f1ados, sustituy\u00e9ndolos por un implante prot\u00e9sico que imita la articulaci\u00f3n natural. El uso de tecnolog\u00eda de imagen avanzada permite un ajuste a medida, optimizando la alineaci\u00f3n y la funci\u00f3n del implante.<\/p>\n<p><strong><br \/>\n  <em>Recuperaci\u00f3n:<\/em><br \/>\n<\/strong> El enfoque personalizado del Dr. Karkare se extiende a su plan de recuperaci\u00f3n. Centrado en la rehabilitaci\u00f3n y los cuidados postoperatorios, trabajar\u00e1 en estrecha colaboraci\u00f3n con nuestro equipo para recuperar la fuerza y la movilidad. El objetivo no es s\u00f3lo una r\u00e1pida recuperaci\u00f3n, sino volver a las actividades que le gustan, sin dolor.<\/p>\n<p>&nbsp;<\/p>\n<h2><a href=\"https:\/\/newyorkhipknee.com\/faqs\/total-hip-replacement-faqs\/\" target=\"_blank\" rel=\"noopener\"><strong>Cirug\u00eda de pr\u00f3tesis total de cadera:<\/strong><\/a><\/h2>\n<p><strong><br \/>\n  <em>Indicaciones:<\/em><br \/>\n<\/strong> Cuando el dolor de cadera interfiere en su vida diaria debido a artritis, lesiones u otras afecciones de la cadera, la artroplastia total de cadera se convierte en una soluci\u00f3n viable. La experiencia del Dr. Nakul Karkare garantiza que este procedimiento se recomiende cuando sea el m\u00e1s adecuado para sus necesidades espec\u00edficas.<\/p>\n<p><em><strong>Ventajas<\/strong>:<\/em> La artroplastia total de cadera ofrece alivio del dolor, mejora la funci\u00f3n articular y aumenta la movilidad. El enfoque del Dr. Karkare consiste en seleccionar los materiales y t\u00e9cnicas m\u00e1s adecuados, garantizando que su nueva articulaci\u00f3n de cadera se adapte perfectamente a su cuerpo.<\/p>\n<p><strong><br \/>\n  <em>Procedimiento:<\/em><br \/>\n<\/strong> La meticulosa t\u00e9cnica del Dr. Karkare consiste en eliminar el cart\u00edlago y el hueso da\u00f1ados de la articulaci\u00f3n de la cadera y sustituirlos por un implante artificial. La precisi\u00f3n en la colocaci\u00f3n y la elecci\u00f3n de los materiales de los implantes contribuyen a la longevidad y funcionalidad de la nueva articulaci\u00f3n.<\/p>\n<p><strong><br \/>\n  <em>Recuperaci\u00f3n:<\/em><br \/>\n<\/strong> Su viaje de recuperaci\u00f3n despu\u00e9s del reemplazo total de cadera es guiado por el equipo del Dr. Karkare, centr\u00e1ndose en la terapia f\u00edsica y un plan de rehabilitaci\u00f3n personalizado. El objetivo no es s\u00f3lo restablecer la funci\u00f3n de la cadera, sino permitirle llevar una vida activa y sin dolor.<\/p>\n<p><strong>Por qu\u00e9 el Dr. Nakul Karkare es la mejor elecci\u00f3n:<\/strong><\/p>\n<p>La incomparable experiencia del Dr. Nakul Karkare en pr\u00f3tesis de rodilla a medida y cirug\u00eda de pr\u00f3tesis total de cadera es fruto de a\u00f1os de dedicaci\u00f3n a la excelencia ortop\u00e9dica. Su enfoque personalizado garantiza que cada paciente reciba una atenci\u00f3n adaptada a sus necesidades y circunstancias particulares. M\u00e1s all\u00e1 de la habilidad quir\u00fargica, el Dr. Karkare da prioridad a la conexi\u00f3n humana, creando una experiencia centrada en el paciente que es a la vez compasiva e integral.<\/p>\n<p>Elegir al Dr. Karkare significa confiar su salud ortop\u00e9dica a un cirujano que combina competencia t\u00e9cnica con un compromiso genuino con su bienestar. Experimente la diferencia de una atenci\u00f3n personalizada bajo la experta direcci\u00f3n del Dr. Nakul Karkare, un cirujano que no s\u00f3lo entiende la ciencia de la ortopedia, sino tambi\u00e9n el arte de la curaci\u00f3n compasiva.<\/p>\n<p>&nbsp;<\/p>\n<h1>Acerca de Greenvale, NY.<\/h1>\n<p>Bienvenido a la encantadora aldea de Greenvale, NY, enclavada en el coraz\u00f3n del condado de Nassau, en la pintoresca costa norte de Long Island, Nueva York, Estados Unidos. Esta vibrante comunidad, que forma parte de la ciudad de North Hempstead, es famosa por sus impresionantes parques, escuelas de primera categor\u00eda y un animado ambiente que atrae a residentes y visitantes por igual.<\/p>\n<p><strong>Desvelando el tapiz de la historia de Greenvale:<\/strong> La historia de Greenvale est\u00e1 tejida con hilos que se remontan al siglo XVII, cuando colonos holandeses e ingleses establecieron su primer hogar en la regi\u00f3n. Inicialmente un para\u00edso agr\u00edcola, la aldea prosper\u00f3 con la agricultura y la pesca como industrias principales. En el siglo XIX, Greenvale se convirti\u00f3 en un para\u00edso para los neoyorquinos adinerados que buscaban refugio en sus casas de veraneo y complejos tur\u00edsticos. Con la llegada del siglo XX, la aldea se transform\u00f3 en una joya residencial, con una mezcla de casas unifamiliares, apartamentos y condominios. Greenvale presume de un rico patrimonio arquitect\u00f3nico, con numerosos edificios y casas hist\u00f3ricos. Entre sus tesoros se encuentra la estaci\u00f3n de ferrocarril de Greenvale, emblema de tiempos pasados, construida en 1898 y que ahora figura en el Registro Nacional de Lugares Hist\u00f3ricos.<\/p>\n<p><strong>Abrazar el caleidoscopio cultural:<\/strong> El coraz\u00f3n de Greenvale late con un pulso cultural diverso y vibrante. Museos e instituciones culturales salpican el paisaje, ofreciendo una visi\u00f3n del rico tapiz de la aldea. Dentro de sus l\u00edmites hay impresionantes parques que atraen a visitantes de todo el mundo, mientras que un distrito comercial bulle de vida nocturna, restaurantes frente al mar, hoteles y una gran variedad de tiendas.<\/p>\n<p><strong>La estrella emergente del turismo en Greenvale:<\/strong> A medida que sale el sol en la industria tur\u00edstica de Greenvale, la aldea se erige como un destino floreciente. Su encanto reside en el abrazo de hermosos parques, pueblos con encanto y un patrimonio cultural que cautiva. Old Westbury Gardens, una finca hist\u00f3rica, cautiva con exposiciones y eventos durante todo el a\u00f1o, rindiendo homenaje a la historia y la cultura de la regi\u00f3n. El Tilles Center for the Performing Arts ocupa un lugar central, promoviendo las artes y la cultura de la zona a trav\u00e9s de sus diversas actuaciones y eventos.<\/p>\n<p><strong>Para terminar:<\/strong> Greenvale, NY, no es simplemente una aldea; es un viaje cautivador a trav\u00e9s del tiempo, la cultura y la belleza natural. Recorra sus museos, disfrute de la tranquilidad de sus parques y reservas y sum\u00e9rjase en el encanto de sus pueblos. Tanto si es un aficionado a la historia, un entusiasta de la naturaleza o un admirador de las artes, Greenvale le recibe con los brazos abiertos, prometi\u00e9ndole una experiencia tan diversa y vibrante como la propia aldea. Venga y forme parte de la historia de Greenvale, un tapiz tejido con hilos de historia, cultura y un esp\u00edritu de hospitalidad cada vez mayor.<\/p>\n<h1>Indicaciones<\/h1>\n<p>Estas son las instrucciones desde Green Vale, NY a Complete Orthopedics en 52-21 Little Neck Parkway, Little Neck, NY 11362:<\/p>\n<p>1. Dir\u00edjase hacia el este por Chicken Valley Rd hacia Wheatley Rd.<br \/>\n2. Gire a la izquierda en Wheatley Rd.<br \/>\n3. Gire a la derecha en Northern Blvd.<br \/>\n4. Gire a la izquierda en Lakeville Rd.<br \/>\n5. Gire a la derecha en la rampa hacia NY-25 E\/Jericho Turnpike.<br \/>\n6. Incorp\u00f3rese a NY-25 E\/Jericho Turnpike.<br \/>\n7. Gire a la derecha en Little Neck Pkwy.<br \/>\n8. Complete Orthopedics estar\u00e1 a la derecha en 52-21 Little Neck Pkwy.<\/p>\n<h1><\/h1>\n<h1>Atenci\u00f3n m\u00e9dica cerca de Greenvale<\/h1>\n<h4>Farmacias<\/h4>\n<ol class=\"list-outside list-decimal marker:font-mono marker:text-sm pl-11\">\n<li><span class=\"\">Farmacia CVS &#8211; 5 Northern Blvd, Greenvale, NY 11548<\/span><\/li>\n<li><span class=\"\">Farmacia Walgreens &#8211; 399 Hillside Ave, Williston Park, NY 11596<\/span><\/li>\n<li><span class=\"\">Farmacia Rite Aid &#8211; 600 Hillside Ave, New Hyde Park, NY 11040<\/span><\/li>\n<\/ol>\n<h4>Centros de Radiolog\u00eda<\/h4>\n<ol class=\"list-outside list-decimal marker:font-mono marker:text-sm pl-11\">\n<li><span class=\"\">North Shore Radiology Associates &#8211; 611 Northern Blvd, Great Neck, NY 11021<\/span><\/li>\n<li><span class=\"\">South Shore Radiology &#8211; 242 Merrick Rd, Rockville Centre, NY 11570<\/span><\/li>\n<li><span class=\"\">Diagnostic Radiology Associates &#8211; 165 N Village Ave, Rockville Centre, NY 11570<\/span><\/li>\n<\/ol>\n<h4>Centros de Atenci\u00f3n de Urgencia<\/h4>\n<ol class=\"list-outside list-decimal marker:font-mono marker:text-sm pl-11\">\n<li><span class=\"\">Northwell Health-GoHealth Urgent Care &#8211; 243 Merrick Rd, Rockville Centre, NY 11570<\/span><\/li>\n<li><span class=\"\">CityMD Rockville Centre Urgent Care &#8211; Long Island &#8211; 77 N Centre Ave, Rockville Centre, NY 11570<\/span><\/li>\n<li><span class=\"\">ProHEALTH Atenci\u00f3n de Urgencia &#8211; 2064 Merrick Rd, Merrick, NY 11566<\/span><\/li>\n<\/ol>\n<h4>Hospitales<\/h4>\n<ol class=\"list-outside list-decimal marker:font-mono marker:text-sm pl-11\">\n<li><span class=\"\">Centro M\u00e9dico Jud\u00edo de Long Island &#8211; 270-05 76th Ave, New Hyde Park, NY 11040<\/span><\/li>\n<li><span class=\"\">Hospital Universitario North Shore &#8211; 300 Community Dr, Manhasset, NY 11030<\/span><\/li>\n<li><span class=\"\">Centro M\u00e9dico Mercy &#8211; 1000 N Village Ave, Rockville Centre, NY 11570<\/span><\/li>\n<\/ol>\n<p><span class=\"\">Nota: La informaci\u00f3n proporcionada es precisa a partir de octubre de 2023. Siempre se recomienda verificar la informaci\u00f3n antes de visitar cualquiera de las ubicaciones.<\/span><\/p>\n<div id=\"main-content\">\n<div class=\"container\">\n<div id=\"content-area\" class=\"clearfix\">\n<div id=\"left-area\">\n<article id=\"post-33881\" class=\"post-33881 page type-page status-publish has-post-thumbnail hentry\">\n<div class=\"entry-content\">\n<p>En esencia, nuestro compromiso inquebrantable gira en torno a brindar atenci\u00f3n ortop\u00e9dica integral a los miembros de nuestra comunidad, incluidos los que hemos mencionado anteriormente. Ya sea que se acerque a nosotros a trav\u00e9s de una referencia para tratamiento ortop\u00e9dico o si simplemente busca orientaci\u00f3n sobre cualquier inquietud ortop\u00e9dica, extendemos una c\u00e1lida invitaci\u00f3n para comunicarse con nuestro equipo dedicado las 24 horas del d\u00eda, los 7 d\u00edas de la semana. Tenga la seguridad de que estamos aqu\u00ed para ofrecerle asistencia r\u00e1pida y emp\u00e1tica.<\/p>\n<p>Reconocemos que muchas personas buscan tratamiento por lesiones relacionadas con la compensaci\u00f3n laboral y el seguro sin culpa en centros de atenci\u00f3n de urgencia y hospitales. Si su lesi\u00f3n no requiere una visita al hospital, estaremos encantados de brindarle tratamiento ortop\u00e9dico especializado adaptado a sus circunstancias \u00fanicas. No dude en contactarnos al 631-981-2663 para programar una cita hoy. Su bienestar es, y siempre ser\u00e1, nuestra m\u00e1xima prioridad.<\/p>\n<\/div>\n<\/article>\n<\/div>\n<\/div>\n<\/div>\n<\/div>\n","protected":false},"excerpt":{"rendered":"<p>\u00a1Saludos desde la consulta de ortopedia del Dr. Nakul Karkare en el coraz\u00f3n de Greenvale,NY! Estamos encantados de compartir la emocionante noticia de que nuestros cuidados compasivos se extienden ahora a la vibrante comunidad de Greenvale. Conozca al Dr. Nakul Karkare: Detr\u00e1s de nuestra pr\u00e1ctica se encuentra la experiencia del Dr. Nakul Karkare, un renombrado [&hellip;]<\/p>\n","protected":false},"author":33,"featured_media":0,"parent":16528,"menu_order":0,"comment_status":"closed","ping_status":"closed","template":"","meta":{"_et_pb_use_builder":"","_et_pb_old_content":"","_et_gb_content_width":"","footnotes":""},"class_list":["post-20949","page","type-page","status-publish","hentry"],"yoast_head":"<!-- This site is optimized with the Yoast SEO plugin v27.2 - https:\/\/yoast.com\/product\/yoast-seo-wordpress\/ -->\n<title>Greenvale, Nueva York | Best Hip &amp; Knee Surgeon | NY, USA<\/title>\n<meta name=\"description\" content=\"\u00a1Saludos desde la consulta de ortopedia del Dr. Nakul Karkare en el coraz\u00f3n de Greenvale,NY! Estamos encantados de compartir la emocionante noticia de que\" \/>\n<meta name=\"robots\" content=\"index, follow, max-snippet:-1, max-image-preview:large, max-video-preview:-1\" \/>\n<link rel=\"canonical\" href=\"https:\/\/www.newyorkhipknee.com\/es\/contacto\/little-neck-mejor-cirujano-de-reemplazo-de-cadera-y-rodilla\/greenvale-nueva-york\/\" \/>\n<meta property=\"og:locale\" content=\"es_ES\" \/>\n<meta property=\"og:type\" content=\"article\" \/>\n<meta property=\"og:title\" content=\"Greenvale, Nueva York | Best Hip &amp; Knee Surgeon | NY, USA\" \/>\n<meta property=\"og:description\" content=\"\u00a1Saludos desde la consulta de ortopedia del Dr. Nakul Karkare en el coraz\u00f3n de Greenvale,NY! Estamos encantados de compartir la emocionante noticia de que\" \/>\n<meta property=\"og:url\" content=\"https:\/\/www.newyorkhipknee.com\/es\/contacto\/little-neck-mejor-cirujano-de-reemplazo-de-cadera-y-rodilla\/greenvale-nueva-york\/\" \/>\n<meta property=\"og:site_name\" content=\"Best Hip &amp; Knee Surgeon | NY, USA\" \/>\n<meta name=\"twitter:card\" content=\"summary_large_image\" \/>\n<meta name=\"twitter:label1\" content=\"Tiempo de lectura\" \/>\n\t<meta name=\"twitter:data1\" content=\"11 minutos\" \/>\n<script type=\"application\/ld+json\" class=\"yoast-schema-graph\">{\"@context\":\"https:\/\/schema.org\",\"@graph\":[{\"@type\":[\"WebPage\",\"MedicalWebPage\"],\"@id\":\"https:\/\/www.newyorkhipknee.com\/es\/contacto\/little-neck-mejor-cirujano-de-reemplazo-de-cadera-y-rodilla\/greenvale-nueva-york\/\",\"url\":\"https:\/\/www.newyorkhipknee.com\/es\/contacto\/little-neck-mejor-cirujano-de-reemplazo-de-cadera-y-rodilla\/greenvale-nueva-york\/\",\"name\":\"Greenvale, Nueva York | Best Hip &amp; Knee Surgeon | NY, USA\",\"isPartOf\":{\"@id\":\"https:\/\/www.newyorkhipknee.com\/es\/#website\"},\"datePublished\":\"2023-11-21T18:05:20+00:00\",\"description\":\"\u00a1Saludos desde la consulta de ortopedia del Dr. Nakul Karkare en el coraz\u00f3n de Greenvale,NY! Estamos encantados de compartir la emocionante noticia de que\",\"breadcrumb\":{\"@id\":\"https:\/\/www.newyorkhipknee.com\/es\/contacto\/little-neck-mejor-cirujano-de-reemplazo-de-cadera-y-rodilla\/greenvale-nueva-york\/#breadcrumb\"},\"inLanguage\":\"es\",\"potentialAction\":[{\"@type\":\"ReadAction\",\"target\":[\"https:\/\/www.newyorkhipknee.com\/es\/contacto\/little-neck-mejor-cirujano-de-reemplazo-de-cadera-y-rodilla\/greenvale-nueva-york\/\"]}]},{\"@type\":\"BreadcrumbList\",\"@id\":\"https:\/\/www.newyorkhipknee.com\/es\/contacto\/little-neck-mejor-cirujano-de-reemplazo-de-cadera-y-rodilla\/greenvale-nueva-york\/#breadcrumb\",\"itemListElement\":[{\"@type\":\"ListItem\",\"position\":1,\"name\":\"Home\",\"item\":\"https:\/\/www.newyorkhipknee.com\/es\/\"},{\"@type\":\"ListItem\",\"position\":2,\"name\":\"Contacto\",\"item\":\"https:\/\/www.newyorkhipknee.com\/es\/contacto\/\"},{\"@type\":\"ListItem\",\"position\":3,\"name\":\"Little Neck &#8211; Mejor Cirujano de Reemplazo de Cadera y Rodilla\",\"item\":\"https:\/\/www.newyorkhipknee.com\/es\/contacto\/little-neck-mejor-cirujano-de-reemplazo-de-cadera-y-rodilla\/\"},{\"@type\":\"ListItem\",\"position\":4,\"name\":\"Greenvale, Nueva York\"}]},{\"@type\":\"WebSite\",\"@id\":\"https:\/\/www.newyorkhipknee.com\/es\/#website\",\"url\":\"https:\/\/www.newyorkhipknee.com\/es\/\",\"name\":\"Best Hip & Knee Surgeon | NY, USA\",\"description\":\"\",\"potentialAction\":[{\"@type\":\"SearchAction\",\"target\":{\"@type\":\"EntryPoint\",\"urlTemplate\":\"https:\/\/www.newyorkhipknee.com\/es\/?s={search_term_string}\"},\"query-input\":{\"@type\":\"PropertyValueSpecification\",\"valueRequired\":true,\"valueName\":\"search_term_string\"}}],\"inLanguage\":\"es\"}]}<\/script>\n<!-- \/ Yoast SEO plugin. -->","yoast_head_json":{"title":"Greenvale, Nueva York | Best Hip &amp; Knee Surgeon | NY, USA","description":"\u00a1Saludos desde la consulta de ortopedia del Dr. Nakul Karkare en el coraz\u00f3n de Greenvale,NY! Estamos encantados de compartir la emocionante noticia de que","robots":{"index":"index","follow":"follow","max-snippet":"max-snippet:-1","max-image-preview":"max-image-preview:large","max-video-preview":"max-video-preview:-1"},"canonical":"https:\/\/www.newyorkhipknee.com\/es\/contacto\/little-neck-mejor-cirujano-de-reemplazo-de-cadera-y-rodilla\/greenvale-nueva-york\/","og_locale":"es_ES","og_type":"article","og_title":"Greenvale, Nueva York | Best Hip &amp; Knee Surgeon | NY, USA","og_description":"\u00a1Saludos desde la consulta de ortopedia del Dr. Nakul Karkare en el coraz\u00f3n de Greenvale,NY! Estamos encantados de compartir la emocionante noticia de que","og_url":"https:\/\/www.newyorkhipknee.com\/es\/contacto\/little-neck-mejor-cirujano-de-reemplazo-de-cadera-y-rodilla\/greenvale-nueva-york\/","og_site_name":"Best Hip &amp; Knee Surgeon | NY, USA","twitter_card":"summary_large_image","twitter_misc":{"Tiempo de lectura":"11 minutos"},"schema":{"@context":"https:\/\/schema.org","@graph":[{"@type":["WebPage","MedicalWebPage"],"@id":"https:\/\/www.newyorkhipknee.com\/es\/contacto\/little-neck-mejor-cirujano-de-reemplazo-de-cadera-y-rodilla\/greenvale-nueva-york\/","url":"https:\/\/www.newyorkhipknee.com\/es\/contacto\/little-neck-mejor-cirujano-de-reemplazo-de-cadera-y-rodilla\/greenvale-nueva-york\/","name":"Greenvale, Nueva York | Best Hip &amp; Knee Surgeon | NY, USA","isPartOf":{"@id":"https:\/\/www.newyorkhipknee.com\/es\/#website"},"datePublished":"2023-11-21T18:05:20+00:00","description":"\u00a1Saludos desde la consulta de ortopedia del Dr. Nakul Karkare en el coraz\u00f3n de Greenvale,NY! Estamos encantados de compartir la emocionante noticia de que","breadcrumb":{"@id":"https:\/\/www.newyorkhipknee.com\/es\/contacto\/little-neck-mejor-cirujano-de-reemplazo-de-cadera-y-rodilla\/greenvale-nueva-york\/#breadcrumb"},"inLanguage":"es","potentialAction":[{"@type":"ReadAction","target":["https:\/\/www.newyorkhipknee.com\/es\/contacto\/little-neck-mejor-cirujano-de-reemplazo-de-cadera-y-rodilla\/greenvale-nueva-york\/"]}]},{"@type":"BreadcrumbList","@id":"https:\/\/www.newyorkhipknee.com\/es\/contacto\/little-neck-mejor-cirujano-de-reemplazo-de-cadera-y-rodilla\/greenvale-nueva-york\/#breadcrumb","itemListElement":[{"@type":"ListItem","position":1,"name":"Home","item":"https:\/\/www.newyorkhipknee.com\/es\/"},{"@type":"ListItem","position":2,"name":"Contacto","item":"https:\/\/www.newyorkhipknee.com\/es\/contacto\/"},{"@type":"ListItem","position":3,"name":"Little Neck &#8211; Mejor Cirujano de Reemplazo de Cadera y Rodilla","item":"https:\/\/www.newyorkhipknee.com\/es\/contacto\/little-neck-mejor-cirujano-de-reemplazo-de-cadera-y-rodilla\/"},{"@type":"ListItem","position":4,"name":"Greenvale, Nueva York"}]},{"@type":"WebSite","@id":"https:\/\/www.newyorkhipknee.com\/es\/#website","url":"https:\/\/www.newyorkhipknee.com\/es\/","name":"Best Hip & Knee Surgeon | NY, USA","description":"","potentialAction":[{"@type":"SearchAction","target":{"@type":"EntryPoint","urlTemplate":"https:\/\/www.newyorkhipknee.com\/es\/?s={search_term_string}"},"query-input":{"@type":"PropertyValueSpecification","valueRequired":true,"valueName":"search_term_string"}}],"inLanguage":"es"}]}},"_links":{"self":[{"href":"https:\/\/www.newyorkhipknee.com\/es\/wp-json\/wp\/v2\/pages\/20949","targetHints":{"allow":["GET"]}}],"collection":[{"href":"https:\/\/www.newyorkhipknee.com\/es\/wp-json\/wp\/v2\/pages"}],"about":[{"href":"https:\/\/www.newyorkhipknee.com\/es\/wp-json\/wp\/v2\/types\/page"}],"author":[{"embeddable":true,"href":"https:\/\/www.newyorkhipknee.com\/es\/wp-json\/wp\/v2\/users\/33"}],"replies":[{"embeddable":true,"href":"https:\/\/www.newyorkhipknee.com\/es\/wp-json\/wp\/v2\/comments?post=20949"}],"version-history":[{"count":0,"href":"https:\/\/www.newyorkhipknee.com\/es\/wp-json\/wp\/v2\/pages\/20949\/revisions"}],"up":[{"embeddable":true,"href":"https:\/\/www.newyorkhipknee.com\/es\/wp-json\/wp\/v2\/pages\/16528"}],"wp:attachment":[{"href":"https:\/\/www.newyorkhipknee.com\/es\/wp-json\/wp\/v2\/media?parent=20949"}],"curies":[{"name":"wp","href":"https:\/\/api.w.org\/{rel}","templated":true}]}}