{"id":20952,"date":"2023-11-22T10:48:17","date_gmt":"2023-11-22T15:48:17","guid":{"rendered":"https:\/\/newyorkhipknee.com\/contacto\/little-neck-mejor-cirujano-de-reemplazo-de-cadera-y-rodilla\/long-beach-nueva-york\/"},"modified":"2023-11-22T10:48:17","modified_gmt":"2023-11-22T15:48:17","slug":"long-beach-nueva-york","status":"publish","type":"page","link":"https:\/\/www.newyorkhipknee.com\/es\/contacto\/little-neck-mejor-cirujano-de-reemplazo-de-cadera-y-rodilla\/long-beach-nueva-york\/","title":{"rendered":"Long Beach, Nueva York"},"content":{"rendered":"<h1>\u00a1Bienvenido a Dr. Nakul Karkare Ortopedia en Long Beach, NY &#8211; Su Premier Ortopedia Destino!<\/h1>\n<p>Nos complace extender nuestra atenci\u00f3n ortop\u00e9dica especializada a la vibrante comunidad de Long Beach, NY. Ubicado en Little Neck, NY, el Dr. Nakul Karkare Ortopedia se dedica a proporcionar servicios ortop\u00e9dicos profesionales y sofisticados adaptados a las necesidades \u00fanicas de Jamesport y sus \u00e1reas vecinas.<\/p>\n<p>\u00bfPor qu\u00e9 elegir el Dr. Nakul Karkare Ortopedia en Long Beach?<\/p>\n<ol>\n<li><strong>Excelencia ortop\u00e9dica:<\/strong> Nuestro equipo est\u00e1 formado por especialistas ortop\u00e9dicos altamente cualificados con una amplia experiencia. No nos limitamos a ofrecer una atenci\u00f3n de primera categor\u00eda; nos esforzamos por ser sus socios ortop\u00e9dicos de confianza.<\/li>\n<li><strong>Atenci\u00f3n personalizada:<\/strong> Reconociendo la individualidad de cada paciente, invertimos el tiempo necesario para elaborar planes de tratamiento ortop\u00e9dico personalizados dise\u00f1ados espec\u00edficamente para usted. Sus necesidades y objetivos particulares son los principios rectores de nuestro planteamiento.<\/li>\n<li><strong>Tratamiento de vanguardia:<\/strong> Comprometidos a mantenerse a la vanguardia de los avances ortop\u00e9dicos, nuestra pr\u00e1ctica ofrece acceso a tratamientos y t\u00e9cnicas de vanguardia que abordan un amplio espectro de condiciones ortop\u00e9dicas.<\/li>\n<li><strong>Integraci\u00f3n en la comunidad:<\/strong> Nuestra expansi\u00f3n a Levittown subraya nuestro compromiso de convertirnos en parte integrante de su comunidad. Estamos aqu\u00ed para tener un impacto sustancial en la salud ortop\u00e9dica y el bienestar de los residentes de Long Beach.<\/li>\n<li><strong>Resultados probados:<\/strong> Nuestro historial lo dice todo. Innumerables pacientes han experimentado una mejora de la movilidad, un alivio del dolor y una mayor calidad de vida en general. Nuestro compromiso inquebrantable de brindar una atenci\u00f3n excepcional nos distingue.<\/li>\n<\/ol>\n<p>Si usted est\u00e1 luchando con problemas en las articulaciones, lesiones relacionadas con el deporte, fracturas, o cualquier otra preocupaci\u00f3n ortop\u00e9dica, el Dr. Nakul Karkare Ortopedia es su socio de confianza en Long Beach. Nuestra misi\u00f3n es clara: ayudarle a llevar una vida m\u00e1s sana y activa. Su bienestar ortop\u00e9dico es nuestra prioridad, y esperamos embarcarnos en este viaje con usted.<\/p>\n<p>Bienvenido al reino de la excelencia ortop\u00e9dica, donde nos especializamos en dos procedimientos transformadores: La cirug\u00eda de reemplazo de rodilla a medida y la cirug\u00eda de reemplazo total de cadera. Al frente de estas innovadoras intervenciones se encuentra el distinguido Dr. Nakul Karkare, famoso por su incomparable experiencia y compromiso con su bienestar ortop\u00e9dico.<\/p>\n<p><a href=\"https:\/\/newyorkhipknee.com\/custom-knee-replacement-surgery\/\" target=\"_blank\" rel=\"noopener\"><strong>Cirug\u00eda personalizada de pr\u00f3tesis de rodilla:<\/strong><\/a><\/p>\n<p><em>Indicaciones:<\/em> La pr\u00f3tesis de rodilla a medida, tambi\u00e9n conocida como pr\u00f3tesis de rodilla personalizada, es un rayo de esperanza para las personas que sufren dolor intenso de rodilla, rigidez e inflamaci\u00f3n que limitan considerablemente sus actividades cotidianas. Ya sea causada por artrosis, artritis reumatoide, lesiones traum\u00e1ticas u otros trastornos degenerativos de la articulaci\u00f3n de la rodilla, esta cirug\u00eda se adapta a quienes buscan un alivio duradero.<\/p>\n<p><em>Procedimiento:<\/em> Emprendiendo un viaje de precisi\u00f3n, el proceso comienza con una tecnolog\u00eda de imagen de vanguardia que genera un modelo tridimensional de su articulaci\u00f3n de rodilla \u00fanica. Este plano sirve de base para elaborar un implante personalizado, perfectamente adaptado a la anatom\u00eda de su rodilla. Bajo las h\u00e1biles manos del Dr. Nakul Karkare, la articulaci\u00f3n da\u00f1ada se sustituye durante la cirug\u00eda, asegurando un ajuste perfecto para una comodidad y movilidad \u00f3ptimas.<\/p>\n<p><em>Ventajas:<\/em><\/p>\n<ul>\n<li><strong>Alivio del dolor:<\/strong> Experimente la liberaci\u00f3n del dolor cr\u00f3nico de rodilla, permiti\u00e9ndole abrazar una movilidad renovada.<\/li>\n<li><strong>Movilidad mejorada:<\/strong> Redescubra la alegr\u00eda del movimiento natural a medida que su rodilla funciona con una alineaci\u00f3n y estabilidad mejoradas.<\/li>\n<li><strong>Mayor calidad de vida:<\/strong> Diga adi\u00f3s a las limitaciones y d\u00e9 la bienvenida a una vida en la que las actividades cotidianas ya no se vean obstaculizadas por el dolor de rodilla.<\/li>\n<li><strong>Recuperaci\u00f3n m\u00e1s r\u00e1pida:<\/strong> Benef\u00edciese de una recuperaci\u00f3n m\u00e1s r\u00e1pida, gracias a la precisi\u00f3n de los implantes personalizados y a las t\u00e9cnicas quir\u00fargicas m\u00ednimamente invasivas.<\/li>\n<\/ul>\n<p><a href=\"https:\/\/newyorkhipknee.com\/hip-replacement-surgery\/\" target=\"_blank\" rel=\"noopener\"><strong>Cirug\u00eda de pr\u00f3tesis total de cadera:<\/strong><\/a><\/p>\n<p><em>Indicaciones:<\/em> La cirug\u00eda de reemplazo total de cadera es una fuente de esperanza para las personas que sufren dolor intenso de cadera, rigidez e inflamaci\u00f3n que les impiden realizar sus actividades cotidianas. Ya sea por artrosis, artritis reumatoide, necrosis avascular o fracturas de cadera, esta cirug\u00eda est\u00e1 pensada para quienes anhelan recuperar una movilidad sin dolor.<\/p>\n<p><em>Procedimiento:<\/em> Bajo la h\u00e1bil direcci\u00f3n del Dr. Nakul Karkare, el reemplazo total de cadera consiste en sustituir una articulaci\u00f3n de cadera da\u00f1ada por un implante artificial de intrincado dise\u00f1o. Esta pr\u00f3tesis imita la estructura y funci\u00f3n naturales de la articulaci\u00f3n de la cadera, ofreciendo una v\u00eda para recuperar la movilidad y aliviar las molestias. La intervenci\u00f3n, realizada bajo anestesia, garantiza al paciente una experiencia fluida y sin dolor.<\/p>\n<p><em>Ventajas:<\/em><\/p>\n<ul>\n<li><strong>Alivio del dolor:<\/strong> Desp\u00eddase del dolor agudo de cadera, allanando el camino para una renovada sensaci\u00f3n de movilidad y actividad diaria.<\/li>\n<li><strong>Movilidad mejorada:<\/strong> Experimenta una mayor amplitud de movimiento en la articulaci\u00f3n de la cadera, fomentando el movimiento natural y la flexibilidad.<\/li>\n<li><strong>Mayor calidad de vida:<\/strong> Recupere la capacidad de participar en actividades que antes eran dif\u00edciles debido al dolor de cadera.<\/li>\n<li><strong>Recuperaci\u00f3n m\u00e1s r\u00e1pida:<\/strong> Disfrute de una recuperaci\u00f3n m\u00e1s r\u00e1pida, marcada por la reducci\u00f3n del dolor y la mejora de la amplitud de movimiento en comparaci\u00f3n con las condiciones previas a la cirug\u00eda.<\/li>\n<\/ul>\n<p><strong>\u00bfPor qu\u00e9 elegir al Dr. Nakul Karkare?<\/strong><\/p>\n<p>El Dr. Nakul Karkare, una lumbrera en el campo de la cirug\u00eda ortop\u00e9dica, aporta m\u00e1s de 15 a\u00f1os de experiencia a la mesa de operaciones. Su compromiso con la atenci\u00f3n personalizada, junto con t\u00e9cnicas quir\u00fargicas innovadoras, garantiza resultados \u00f3ptimos para sus pacientes. Como socio ortop\u00e9dico de confianza, la misi\u00f3n del Dr. Karkare es clara: guiarle en un viaje de curaci\u00f3n, en el que el dolor se sustituya por vitalidad y las limitaciones den paso a una vida de posibilidades ilimitadas. Su transformaci\u00f3n ortop\u00e9dica comienza aqu\u00ed.<\/p>\n<p>.<\/p>\n<h1>Acerca de Long Beach, NY<\/h1>\n<p>Bienvenido a Long Beach, Nueva York, una vibrante ciudad enclavada en la costa sur de Long Island, conocida por su cautivadora historia, su variada cultura y sus impresionantes playas. Desde el animado paseo mar\u00edtimo hasta colegios de primera categor\u00eda y una pr\u00f3spera comunidad, Long Beach tiene algo para todos los gustos.<\/p>\n<p>La rica historia de Long Beach: Profundice en las ra\u00edces coloniales de Long Beach, habitada originalmente por la tribu de nativos americanos Lenape. En el siglo XVII llegaron los colonos europeos, que transformaron la zona en un centro de pesca y agricultura. En el siglo XIX, se convirti\u00f3 en un codiciado refugio para los neoyorquinos ricos, dando lugar a casas de veraneo, complejos tur\u00edsticos y una floreciente industria naval y pesquera. Con la llegada del siglo XX, Long Beach se convirti\u00f3 en una comunidad residencial que combinaba casas unifamiliares, apartamentos y condominios, mostrando un rico patrimonio arquitect\u00f3nico.<\/p>\n<p>Cultura en Long Beach, NY: Disfrute de la diversa y animada cultura de Long Beach, con su variedad de museos, instituciones culturales y cautivadoras playas que atraen a visitantes de todo el mundo. El distrito comercial de la ciudad aumenta su atractivo, con una vibrante vida nocturna, restaurantes frente al mar, hoteles y una ecl\u00e9ctica mezcla de tiendas.<\/p>\n<p>Turismo en Long Beach, NY: Long Beach se erige como uno de los destinos tur\u00edsticos favoritos, gracias a sus hermosas playas, encantadores pueblos y joyas culturales. Explore el emblem\u00e1tico paseo mar\u00edtimo de Long Beach, de 3,2 kil\u00f3metros, o sum\u00e9rjase en la historia de la ciudad en el Museo Hist\u00f3rico de Long Beach.<\/p>\n<p>Las playas v\u00edrgenes de Long Beach: Long Beach, NY cuenta con algunas de las playas m\u00e1s renombradas, cada una con su encanto \u00fanico:<\/p>\n<ol>\n<li><strong>Playa Larga:<\/strong> La playa principal, famosa por su arena suave y aguas cristalinas, perfectas para nadar, tomar el sol y relajarse.<\/li>\n<li><strong>Playa del Lido:<\/strong> Un lugar popular con una amplia extensi\u00f3n de arena y aguas tranquilas, ideal para nadar, hacer surf y jugar al v\u00f3ley playa.<\/li>\n<li><strong>Playa Nickerson:<\/strong> Familiar, ofrece aguas tranquilas y arena suave, creando un entorno ideal para nadar, tomar el sol y jugar en la playa.<\/li>\n<\/ol>\n<p>The Pike &#8211; Long Beach, California: Viaje a trav\u00e9s de las costas hasta Long Beach, California, donde se encuentra The Pike, una emblem\u00e1tica zona de atracciones fundada en 1902. Con monta\u00f1as rusas, una noria y un animado paseo mar\u00edtimo, The Pike era uno de los lugares favoritos de turistas y lugare\u00f1os.<\/p>\n<h1>Indicaciones<\/h1>\n<div class=\"relative default font-sans text-base text-textMain dark:text-textMainDark selection:bg-superDuper selection:text-textMain\">\n<div class=\"break-words min-w-0 [word-break:break-word]\">\n<div dir=\"auto\">\n<div class=\"prose dark:prose-invert inline leading-normal break-words min-w-0 [word-break:break-word]\"><span class=\"\">Estas son las indicaciones desde Long Beach, NY para llegar a Complete Orthopedics en 52-21 Little Neck Parkway, Little Neck, NY 11362:<\/span>&nbsp;<\/p>\n<ol class=\"list-outside list-decimal marker:font-mono marker:text-sm pl-11\">\n<li><span class=\"\">Dir\u00edjase hacia el este por Park Ave hacia Long Beach Blvd.<\/span><\/li>\n<li><span class=\"\">Gire a la derecha en Long Beach Blvd.<\/span><\/li>\n<li><span class=\"\">Gire a la izquierda en E Park Ave.<\/span><\/li>\n<li><span class=\"\">Gire a la derecha en Long Beach Rd.<\/span><\/li>\n<li><span class=\"\">Gire a la izquierda en NY-25A W\/Northern Blvd.<\/span><\/li>\n<li><span class=\"\">Gire a la derecha en Little Neck Pkwy.<\/span><\/li>\n<li><span class=\"\">Complete Orthopedics estar\u00e1 a la izquierda en 52-21 Little Neck Pkwy.<\/span><\/li>\n<\/ol>\n<p><span class=\"\">Nota: Las indicaciones exactas pueden variar en funci\u00f3n de la ubicaci\u00f3n de partida. Se recomienda utilizar un GPS o un servicio de mapas para obtener las direcciones m\u00e1s precisas.<\/span><\/p>\n<\/div>\n<\/div>\n<\/div>\n<\/div>\n<div class=\"flex items-center justify-between\">\n<div class=\"flex items-center gap-xs mt-sm -ml-sm\">\n<div>\n<div class=\"flex items-center leading-none justify-center gap-xs\">\n<div class=\"text-align-center relative\"><\/div>\n<\/div>\n<\/div>\n<\/div>\n<\/div>\n<h1>Atenci\u00f3n m\u00e9dica cerca de Long Beach<\/h1>\n<p><span class=\"\">Aqu\u00ed hay tres farmacias, tres centros de radiolog\u00eda, tres centros de atenci\u00f3n de urgencia y tres hospitales cerca de Long Beach, NY con sus direcciones:<\/span><\/p>\n<h4>Farmacias<\/h4>\n<ol class=\"list-outside list-decimal marker:font-mono marker:text-sm pl-11\">\n<li><span class=\"\">Farmacia CVS &#8211; 665 Long Beach Blvd, Long Beach, NY 11561<\/span><\/li>\n<li><span class=\"\">Walgreens Pharmacy &#8211; 120 E Park Ave, Long Beach, NY 11561<\/span><\/li>\n<li><span class=\"\">Farmacia Rite Aid &#8211; 221 E Park Ave, Long Beach, NY 11561<\/span><\/li>\n<\/ol>\n<h4>Centros de Radiolog\u00eda<\/h4>\n<ol class=\"list-outside list-decimal marker:font-mono marker:text-sm pl-11\">\n<li><span class=\"\">Radiolog\u00eda South Nassau &#8211; 325 E Bay Dr, Long Beach, NY 11561<\/span><\/li>\n<li><span class=\"\">Long Beach Medical Imaging &#8211; 325 E Bay Dr, Long Beach, NY 11561<\/span><\/li>\n<li><span class=\"\">Diagnostic Radiology Associates &#8211; 165 N Village Ave, Rockville Centre, NY 11570<\/span><\/li>\n<\/ol>\n<h4>Centros de Atenci\u00f3n de Urgencia<\/h4>\n<ol class=\"list-outside list-decimal marker:font-mono marker:text-sm pl-11\">\n<li><span class=\"\">CityMD Long Beach Urgent Care &#8211; 698 Long Beach Blvd, Long Beach, NY 11561<\/span><\/li>\n<li><span class=\"\">ProHEALTH Urgent Care &#8211; 698 Long Beach Blvd, Long Beach, NY 11561<\/span><\/li>\n<li><span class=\"\">South Nassau Urgent Care &#8211; 325 E Bay Dr, Long Beach, NY 11561<\/span><\/li>\n<\/ol>\n<h4>Hospitales<\/h4>\n<ol class=\"list-outside list-decimal marker:font-mono marker:text-sm pl-11\">\n<li><span class=\"\">Centro M\u00e9dico de Long Beach &#8211; 455 E Bay Dr, Long Beach, NY 11561<\/span><\/li>\n<li><span class=\"\">South Nassau Communities Hospital &#8211; 1 Healthy Way, Oceanside, NY 11572<\/span><\/li>\n<li><span class=\"\">NYU Langone Hospital-Long Island &#8211; 455 E Bay Dr, Long Beach, NY 11561<\/span><\/li>\n<\/ol>\n<p><span class=\"\">Nota: La informaci\u00f3n proporcionada es precisa a partir de octubre de 2023.<\/span><\/p>\n<p>&nbsp;<\/p>\n<p>En Complete Orthopedics, estamos orgullosos de ofrecer atenci\u00f3n ortop\u00e9dica integral a pacientes de varios centros de atenci\u00f3n m\u00e9dica dentro de nuestra comunidad, incluidos los mencionados anteriormente. Ya sea que acuda a nosotros a trav\u00e9s de una referencia para un tratamiento ortop\u00e9dico o si simplemente desea consultar sobre cualquier inquietud ortop\u00e9dica, nuestro equipo dedicado las 24 horas del d\u00eda, los 7 d\u00edas de la semana, est\u00e1 aqu\u00ed para ofrecer asistencia r\u00e1pida y compasiva.<\/p>\n<p>Entendemos que muchas personas buscan tratamiento para la compensaci\u00f3n laboral y las lesiones relacionadas con el seguro sin culpa en centros de atenci\u00f3n de urgencia y hospitales. Si su lesi\u00f3n no requiere una visita al hospital, estamos encantados de ofrecer atenci\u00f3n ortop\u00e9dica especializada adaptada a tales situaciones. No dude en contactarnos al 631-981-2663 para concertar una cita con nosotros hoy. Su bienestar es nuestra m\u00e1xima prioridad, y estamos aqu\u00ed para ayudarle en su camino hacia la recuperaci\u00f3n.<\/p>\n<p>&nbsp;<\/p>\n","protected":false},"excerpt":{"rendered":"<p>\u00a1Bienvenido a Dr. Nakul Karkare Ortopedia en Long Beach, NY &#8211; Su Premier Ortopedia Destino! Nos complace extender nuestra atenci\u00f3n ortop\u00e9dica especializada a la vibrante comunidad de Long Beach, NY. Ubicado en Little Neck, NY, el Dr. Nakul Karkare Ortopedia se dedica a proporcionar servicios ortop\u00e9dicos profesionales y sofisticados adaptados a las necesidades \u00fanicas de [&hellip;]<\/p>\n","protected":false},"author":33,"featured_media":0,"parent":16528,"menu_order":0,"comment_status":"closed","ping_status":"closed","template":"","meta":{"_et_pb_use_builder":"","_et_pb_old_content":"","_et_gb_content_width":"","footnotes":""},"class_list":["post-20952","page","type-page","status-publish","hentry"],"yoast_head":"<!-- This site is optimized with the Yoast SEO plugin v27.2 - https:\/\/yoast.com\/product\/yoast-seo-wordpress\/ -->\n<title>Long Beach, Nueva York | Best Hip &amp; Knee Surgeon | NY, USA<\/title>\n<meta name=\"description\" content=\"\u00a1Bienvenido a Dr. Nakul Karkare Ortopedia en Long Beach, NY - Su Premier Ortopedia Destino! Nos complace extender nuestra atenci\u00f3n ortop\u00e9dica\" \/>\n<meta name=\"robots\" content=\"index, follow, max-snippet:-1, max-image-preview:large, max-video-preview:-1\" \/>\n<link rel=\"canonical\" href=\"https:\/\/www.newyorkhipknee.com\/es\/contacto\/little-neck-mejor-cirujano-de-reemplazo-de-cadera-y-rodilla\/long-beach-nueva-york\/\" \/>\n<meta property=\"og:locale\" content=\"es_ES\" \/>\n<meta property=\"og:type\" content=\"article\" \/>\n<meta property=\"og:title\" content=\"Long Beach, Nueva York | Best Hip &amp; Knee Surgeon | NY, USA\" \/>\n<meta property=\"og:description\" content=\"\u00a1Bienvenido a Dr. Nakul Karkare Ortopedia en Long Beach, NY - Su Premier Ortopedia Destino! Nos complace extender nuestra atenci\u00f3n ortop\u00e9dica\" \/>\n<meta property=\"og:url\" content=\"https:\/\/www.newyorkhipknee.com\/es\/contacto\/little-neck-mejor-cirujano-de-reemplazo-de-cadera-y-rodilla\/long-beach-nueva-york\/\" \/>\n<meta property=\"og:site_name\" content=\"Best Hip &amp; Knee Surgeon | NY, USA\" \/>\n<meta name=\"twitter:card\" content=\"summary_large_image\" \/>\n<meta name=\"twitter:label1\" content=\"Tiempo de lectura\" \/>\n\t<meta name=\"twitter:data1\" content=\"10 minutos\" \/>\n<script type=\"application\/ld+json\" class=\"yoast-schema-graph\">{\"@context\":\"https:\/\/schema.org\",\"@graph\":[{\"@type\":[\"WebPage\",\"MedicalWebPage\"],\"@id\":\"https:\/\/www.newyorkhipknee.com\/es\/contacto\/little-neck-mejor-cirujano-de-reemplazo-de-cadera-y-rodilla\/long-beach-nueva-york\/\",\"url\":\"https:\/\/www.newyorkhipknee.com\/es\/contacto\/little-neck-mejor-cirujano-de-reemplazo-de-cadera-y-rodilla\/long-beach-nueva-york\/\",\"name\":\"Long Beach, Nueva York | Best Hip &amp; Knee Surgeon | NY, USA\",\"isPartOf\":{\"@id\":\"https:\/\/www.newyorkhipknee.com\/es\/#website\"},\"datePublished\":\"2023-11-22T15:48:17+00:00\",\"description\":\"\u00a1Bienvenido a Dr. Nakul Karkare Ortopedia en Long Beach, NY - Su Premier Ortopedia Destino! Nos complace extender nuestra atenci\u00f3n ortop\u00e9dica\",\"breadcrumb\":{\"@id\":\"https:\/\/www.newyorkhipknee.com\/es\/contacto\/little-neck-mejor-cirujano-de-reemplazo-de-cadera-y-rodilla\/long-beach-nueva-york\/#breadcrumb\"},\"inLanguage\":\"es\",\"potentialAction\":[{\"@type\":\"ReadAction\",\"target\":[\"https:\/\/www.newyorkhipknee.com\/es\/contacto\/little-neck-mejor-cirujano-de-reemplazo-de-cadera-y-rodilla\/long-beach-nueva-york\/\"]}]},{\"@type\":\"BreadcrumbList\",\"@id\":\"https:\/\/www.newyorkhipknee.com\/es\/contacto\/little-neck-mejor-cirujano-de-reemplazo-de-cadera-y-rodilla\/long-beach-nueva-york\/#breadcrumb\",\"itemListElement\":[{\"@type\":\"ListItem\",\"position\":1,\"name\":\"Home\",\"item\":\"https:\/\/www.newyorkhipknee.com\/es\/\"},{\"@type\":\"ListItem\",\"position\":2,\"name\":\"Contacto\",\"item\":\"https:\/\/www.newyorkhipknee.com\/es\/contacto\/\"},{\"@type\":\"ListItem\",\"position\":3,\"name\":\"Little Neck &#8211; Mejor Cirujano de Reemplazo de Cadera y Rodilla\",\"item\":\"https:\/\/www.newyorkhipknee.com\/es\/contacto\/little-neck-mejor-cirujano-de-reemplazo-de-cadera-y-rodilla\/\"},{\"@type\":\"ListItem\",\"position\":4,\"name\":\"Long Beach, Nueva York\"}]},{\"@type\":\"WebSite\",\"@id\":\"https:\/\/www.newyorkhipknee.com\/es\/#website\",\"url\":\"https:\/\/www.newyorkhipknee.com\/es\/\",\"name\":\"Best Hip & Knee Surgeon | NY, USA\",\"description\":\"\",\"potentialAction\":[{\"@type\":\"SearchAction\",\"target\":{\"@type\":\"EntryPoint\",\"urlTemplate\":\"https:\/\/www.newyorkhipknee.com\/es\/?s={search_term_string}\"},\"query-input\":{\"@type\":\"PropertyValueSpecification\",\"valueRequired\":true,\"valueName\":\"search_term_string\"}}],\"inLanguage\":\"es\"}]}<\/script>\n<!-- \/ Yoast SEO plugin. -->","yoast_head_json":{"title":"Long Beach, Nueva York | Best Hip &amp; Knee Surgeon | NY, USA","description":"\u00a1Bienvenido a Dr. Nakul Karkare Ortopedia en Long Beach, NY - Su Premier Ortopedia Destino! Nos complace extender nuestra atenci\u00f3n ortop\u00e9dica","robots":{"index":"index","follow":"follow","max-snippet":"max-snippet:-1","max-image-preview":"max-image-preview:large","max-video-preview":"max-video-preview:-1"},"canonical":"https:\/\/www.newyorkhipknee.com\/es\/contacto\/little-neck-mejor-cirujano-de-reemplazo-de-cadera-y-rodilla\/long-beach-nueva-york\/","og_locale":"es_ES","og_type":"article","og_title":"Long Beach, Nueva York | Best Hip &amp; Knee Surgeon | NY, USA","og_description":"\u00a1Bienvenido a Dr. Nakul Karkare Ortopedia en Long Beach, NY - Su Premier Ortopedia Destino! Nos complace extender nuestra atenci\u00f3n ortop\u00e9dica","og_url":"https:\/\/www.newyorkhipknee.com\/es\/contacto\/little-neck-mejor-cirujano-de-reemplazo-de-cadera-y-rodilla\/long-beach-nueva-york\/","og_site_name":"Best Hip &amp; Knee Surgeon | NY, USA","twitter_card":"summary_large_image","twitter_misc":{"Tiempo de lectura":"10 minutos"},"schema":{"@context":"https:\/\/schema.org","@graph":[{"@type":["WebPage","MedicalWebPage"],"@id":"https:\/\/www.newyorkhipknee.com\/es\/contacto\/little-neck-mejor-cirujano-de-reemplazo-de-cadera-y-rodilla\/long-beach-nueva-york\/","url":"https:\/\/www.newyorkhipknee.com\/es\/contacto\/little-neck-mejor-cirujano-de-reemplazo-de-cadera-y-rodilla\/long-beach-nueva-york\/","name":"Long Beach, Nueva York | Best Hip &amp; Knee Surgeon | NY, USA","isPartOf":{"@id":"https:\/\/www.newyorkhipknee.com\/es\/#website"},"datePublished":"2023-11-22T15:48:17+00:00","description":"\u00a1Bienvenido a Dr. Nakul Karkare Ortopedia en Long Beach, NY - Su Premier Ortopedia Destino! Nos complace extender nuestra atenci\u00f3n ortop\u00e9dica","breadcrumb":{"@id":"https:\/\/www.newyorkhipknee.com\/es\/contacto\/little-neck-mejor-cirujano-de-reemplazo-de-cadera-y-rodilla\/long-beach-nueva-york\/#breadcrumb"},"inLanguage":"es","potentialAction":[{"@type":"ReadAction","target":["https:\/\/www.newyorkhipknee.com\/es\/contacto\/little-neck-mejor-cirujano-de-reemplazo-de-cadera-y-rodilla\/long-beach-nueva-york\/"]}]},{"@type":"BreadcrumbList","@id":"https:\/\/www.newyorkhipknee.com\/es\/contacto\/little-neck-mejor-cirujano-de-reemplazo-de-cadera-y-rodilla\/long-beach-nueva-york\/#breadcrumb","itemListElement":[{"@type":"ListItem","position":1,"name":"Home","item":"https:\/\/www.newyorkhipknee.com\/es\/"},{"@type":"ListItem","position":2,"name":"Contacto","item":"https:\/\/www.newyorkhipknee.com\/es\/contacto\/"},{"@type":"ListItem","position":3,"name":"Little Neck &#8211; Mejor Cirujano de Reemplazo de Cadera y Rodilla","item":"https:\/\/www.newyorkhipknee.com\/es\/contacto\/little-neck-mejor-cirujano-de-reemplazo-de-cadera-y-rodilla\/"},{"@type":"ListItem","position":4,"name":"Long Beach, Nueva York"}]},{"@type":"WebSite","@id":"https:\/\/www.newyorkhipknee.com\/es\/#website","url":"https:\/\/www.newyorkhipknee.com\/es\/","name":"Best Hip & Knee Surgeon | NY, USA","description":"","potentialAction":[{"@type":"SearchAction","target":{"@type":"EntryPoint","urlTemplate":"https:\/\/www.newyorkhipknee.com\/es\/?s={search_term_string}"},"query-input":{"@type":"PropertyValueSpecification","valueRequired":true,"valueName":"search_term_string"}}],"inLanguage":"es"}]}},"_links":{"self":[{"href":"https:\/\/www.newyorkhipknee.com\/es\/wp-json\/wp\/v2\/pages\/20952","targetHints":{"allow":["GET"]}}],"collection":[{"href":"https:\/\/www.newyorkhipknee.com\/es\/wp-json\/wp\/v2\/pages"}],"about":[{"href":"https:\/\/www.newyorkhipknee.com\/es\/wp-json\/wp\/v2\/types\/page"}],"author":[{"embeddable":true,"href":"https:\/\/www.newyorkhipknee.com\/es\/wp-json\/wp\/v2\/users\/33"}],"replies":[{"embeddable":true,"href":"https:\/\/www.newyorkhipknee.com\/es\/wp-json\/wp\/v2\/comments?post=20952"}],"version-history":[{"count":0,"href":"https:\/\/www.newyorkhipknee.com\/es\/wp-json\/wp\/v2\/pages\/20952\/revisions"}],"up":[{"embeddable":true,"href":"https:\/\/www.newyorkhipknee.com\/es\/wp-json\/wp\/v2\/pages\/16528"}],"wp:attachment":[{"href":"https:\/\/www.newyorkhipknee.com\/es\/wp-json\/wp\/v2\/media?parent=20952"}],"curies":[{"name":"wp","href":"https:\/\/api.w.org\/{rel}","templated":true}]}}