{"id":20958,"date":"2023-11-22T12:15:43","date_gmt":"2023-11-22T17:15:43","guid":{"rendered":"https:\/\/newyorkhipknee.com\/contacto\/little-neck-mejor-cirujano-de-reemplazo-de-cadera-y-rodilla\/lynbrook-nueva-york\/"},"modified":"2023-11-22T12:15:43","modified_gmt":"2023-11-22T17:15:43","slug":"lynbrook-nueva-york","status":"publish","type":"page","link":"https:\/\/www.newyorkhipknee.com\/es\/contacto\/little-neck-mejor-cirujano-de-reemplazo-de-cadera-y-rodilla\/lynbrook-nueva-york\/","title":{"rendered":"Lynbrook, Nueva York"},"content":{"rendered":"<h1>Ortopedia completa: su primera opci\u00f3n para la atenci\u00f3n ortop\u00e9dica en Lynbrook, NY<\/h1>\n<p>Bienvenido al Centro Ortop\u00e9dico del Dr. Nakul Karkare, su destino para la atenci\u00f3n ortop\u00e9dica excepcional aqu\u00ed en Lynbrook, NY. Ubicado en Little Neck, Nueva York, nuestro equipo est\u00e1 encantado de llevar nuestra experiencia a la comunidad Lynbrook, proporcionando soluciones ortop\u00e9dicas sin precedentes dise\u00f1ados para mejorar su bienestar general y la movilidad.<\/p>\n<p>\u00bfPor qu\u00e9 elegir el Centro Ortop\u00e9dico del Dr. Nakul Karkare en Lynbrook?<\/p>\n<ol>\n<li><strong>Experiencia inigualable:<\/strong> Nuestros especialistas en ortopedia aportan a\u00f1os de experiencia y conocimientos especializados que abarcan diversos aspectos de la atenci\u00f3n ortop\u00e9dica. Su salud y su comodidad son nuestras m\u00e1ximas prioridades.<\/li>\n<li><strong>Atenci\u00f3n personalizada:<\/strong> Reconociendo que cada paciente es \u00fanico, adoptamos un enfoque personalizado para el tratamiento. Su plan ortop\u00e9dico se elabora en funci\u00f3n de sus necesidades individuales, lo que garantiza una soluci\u00f3n personalizada y eficaz.<\/li>\n<li><strong>T\u00e9cnicas de vanguardia:<\/strong> Manteni\u00e9ndonos a la vanguardia de la medicina ortop\u00e9dica, adoptamos los \u00faltimos avances en el campo. Cuente con nosotros para ofrecerle soluciones de vanguardia para su dolencia espec\u00edfica, utilizando t\u00e9cnicas de vanguardia.<\/li>\n<li><strong>Centrados en la comunidad:<\/strong> Nuestra reciente expansi\u00f3n a Old Bethpage refleja nuestro profundo compromiso de servir a la comunidad local. Estamos aqu\u00ed para tener un impacto positivo en la salud ortop\u00e9dica de los residentes de Lynbrook.<\/li>\n<li><strong>Historial probado:<\/strong> Nuestro historial de \u00e9xitos es testimonio de la excelencia que aportamos a la atenci\u00f3n ortop\u00e9dica. Numerosas personas han confiado en nosotros para recuperar la movilidad, aliviar el dolor y mejorar su calidad de vida en general.<\/li>\n<\/ol>\n<p>Si usted est\u00e1 luchando con problemas en las articulaciones, lesiones deportivas, fracturas, o cualquier preocupaci\u00f3n ortop\u00e9dica, el Centro Ortop\u00e9dico del Dr. Nakul Karkare es su socio dedicado. Nos enorgullecemos de ofrecer una atenci\u00f3n compasiva y experta a la comunidad de Yaphank, permiti\u00e9ndole abrazar y disfrutar de la vida al m\u00e1ximo. Su viaje hacia una mejor salud ortop\u00e9dica comienza con nosotros.<\/p>\n<h2>Estamos muy orgullosos de ofrecer una amplia gama de servicios ortop\u00e9dicos en el \u00e1rea de Montauk, NY:<\/h2>\n<h3><a href=\"https:\/\/newyorkhipknee.com\/custom-knee-replacement-surgery\/\" target=\"_blank\" rel=\"noopener\"><strong>Reemplazo de rodilla personalizado:<\/strong><\/a><\/h3>\n<p><em>Qui\u00e9n se beneficia de este procedimiento:<\/em> La pr\u00f3tesis de rodilla personalizada, tambi\u00e9n conocida como artroplastia de rodilla a medida, es una soluci\u00f3n muy recomendable para las personas que sufren dolor intenso, rigidez e inflamaci\u00f3n en la rodilla, lo que afecta considerablemente a sus actividades diarias y a su calidad de vida en general. Estos s\u00edntomas suelen deberse a afecciones como la artrosis, la artritis reumatoide, lesiones traum\u00e1ticas u otros trastornos degenerativos de la articulaci\u00f3n de la rodilla.<\/p>\n<p><em>El proceso quir\u00fargico:<\/em> La pr\u00f3tesis de rodilla a medida representa una intervenci\u00f3n quir\u00fargica avanzada en la que una articulaci\u00f3n de rodilla da\u00f1ada se sustituye de forma experta por un implante artificial adaptado con precisi\u00f3n. Este implante se adapta a la estructura anat\u00f3mica \u00fanica del paciente, creada mediante una avanzada tecnolog\u00eda de imagen que produce un modelo tridimensional exacto de la articulaci\u00f3n de la rodilla del paciente. Este modelo gu\u00eda el desarrollo de un implante que se adapta perfectamente a la rodilla del paciente. La intervenci\u00f3n quir\u00fargica propiamente dicha se realiza bajo anestesia para garantizar la comodidad del paciente. Durante la intervenci\u00f3n, el cirujano ortop\u00e9dico retira meticulosamente la articulaci\u00f3n da\u00f1ada e introduce el implante a medida.<\/p>\n<p><em>Ventajas:<\/em> La pr\u00f3tesis de rodilla a medida ofrece multitud de ventajas a los pacientes, entre ellas:<\/p>\n<ol>\n<li><strong>Alivio del dolor:<\/strong> El implante personalizado est\u00e1 dise\u00f1ado para minimizar las molestias, permitiendo a los pacientes recuperar su movilidad y volver a sus rutinas diarias.<\/li>\n<li><strong>Mayor movilidad:<\/strong> Las pr\u00f3tesis de rodilla a medida mejoran dr\u00e1sticamente la amplitud de movimiento del paciente, permitiendo un movimiento m\u00e1s natural y sin dolor en la articulaci\u00f3n de la rodilla.<\/li>\n<li><strong>Mejora de la calidad de vida:<\/strong> Los pacientes experimentan con frecuencia una mejora significativa de su calidad de vida en general, recuperando la capacidad de participar en actividades a las que ten\u00edan que renunciar debido al dolor de rodilla.<\/li>\n<li><strong>R\u00e1pida recuperaci\u00f3n:<\/strong> Las pr\u00f3tesis de rodilla a medida suelen conllevar una recuperaci\u00f3n m\u00e1s r\u00e1pida que las pr\u00f3tesis de rodilla tradicionales, lo que minimiza el dolor postoperatorio y acelera la rehabilitaci\u00f3n.<\/li>\n<\/ol>\n<p>&nbsp;<\/p>\n<p><a href=\"https:\/\/newyorkhipknee.com\/hip-replacement-surgery\/\" target=\"_blank\" rel=\"noopener\"><strong>Pr\u00f3tesis de cadera:<\/strong><\/a><\/p>\n<p><em>Qui\u00e9n se beneficia de esta intervenci\u00f3n:<\/em> La artroplastia de cadera es muy recomendable para las personas que padecen dolor intenso de cadera, rigidez e inflamaci\u00f3n que dificultan considerablemente sus actividades cotidianas y su calidad de vida en general. Entre las causas subyacentes m\u00e1s comunes se encuentran la artrosis, la artritis reumatoide, la necrosis avascular o las fracturas de cadera.<\/p>\n<p><em>El proceso quir\u00fargico:<\/em> La artroplastia de cadera es un sofisticado procedimiento quir\u00fargico en el que se sustituye una articulaci\u00f3n de cadera da\u00f1ada por un implante artificial de intrincado dise\u00f1o. Este implante reproduce la estructura y funci\u00f3n naturales de la articulaci\u00f3n de la cadera, ofreciendo a los pacientes una renovada sensaci\u00f3n de movilidad y alivio de las molestias. Bajo anestesia, el cirujano ortop\u00e9dico retira h\u00e1bilmente la articulaci\u00f3n da\u00f1ada e introduce el implante artificial, de forma muy similar al procedimiento de sustituci\u00f3n de rodilla.<\/p>\n<p><em>Beneficios:<\/em> La artroplastia de cadera confiere multitud de beneficios a los pacientes, entre ellos:<\/p>\n<ol>\n<li><strong>Alivio del dolor:<\/strong> El principal beneficio es el alivio del dolor intenso de cadera, lo que permite a los pacientes recuperar su movilidad y reanudar sin problemas sus actividades cotidianas.<\/li>\n<li><strong>Mayor movilidad:<\/strong> Las pr\u00f3tesis de cadera mejoran considerablemente la amplitud de movimiento de la articulaci\u00f3n de la cadera, lo que permite a los pacientes un movimiento m\u00e1s fluido y flexible.<\/li>\n<li><strong>Mayor calidad de vida:<\/strong> Los pacientes experimentan a menudo una profunda mejora de su calidad de vida en general, recuperando la capacidad de participar en actividades que antes les resultaban dif\u00edciles o imposibles debido al dolor de cadera.<\/li>\n<li><strong>R\u00e1pida recuperaci\u00f3n:<\/strong> La artroplastia de cadera suele conllevar una recuperaci\u00f3n m\u00e1s r\u00e1pida, con una reducci\u00f3n del dolor y una mejora de la amplitud de movimiento en comparaci\u00f3n con el estado previo a la intervenci\u00f3n.<\/li>\n<\/ol>\n<p>En ambos casos, el Dr. Nakul Karkare utiliza t\u00e9cnicas quir\u00fargicas avanzadas y tecnolog\u00eda de vanguardia para garantizar la colocaci\u00f3n precisa de los componentes del implante a trav\u00e9s de incisiones m\u00e1s peque\u00f1as que no da\u00f1an los tejidos. Este enfoque minimiza las molestias y acelera el proceso de recuperaci\u00f3n. La experiencia del Dr. Karkare en estos procedimientos, combinada con la naturaleza individualizada de los implantes a medida, contribuye a obtener resultados superiores para los pacientes que buscan alivio de los problemas articulares de rodilla y cadera.<\/p>\n<p>Si usted est\u00e1 luchando con dolor en las articulaciones, rigidez, hinchaz\u00f3n, o ha sufrido una lesi\u00f3n, por favor no dude en ponerse en contacto con el Centro Ortop\u00e9dico del Dr. Nakul Karkare. Nuestro equipo de expertos se dedica a ayudarle a recuperar la movilidad, aliviar el dolor y elevar su calidad de vida en general. Su bienestar es nuestra m\u00e1xima prioridad, y estamos aqu\u00ed para guiarle en su camino hacia una mejor salud ortop\u00e9dica.<\/p>\n<p>&nbsp;<\/p>\n<h1>Acerca de Lynbrook, NY<\/h1>\n<p>Bienvenido a Lynbrook, un encantador pueblo enclavado en la costa sur de Long Island, Nueva York, donde florecen la historia, la cultura y la comunidad. Lynbrook no es s\u00f3lo un pueblo; es un tapiz de experiencias, desde sus encantadores parques y escuelas de primera categor\u00eda hasta su bullicioso distrito comercial.<\/p>\n<p><strong>Un vistazo al pasado de Lynbrook:<\/strong> Viaje en el tiempo a trav\u00e9s de la rica historia de Lynbrook, que se remonta a la \u00e9poca colonial, cuando la tierra fue habitada por primera vez por la tribu de nativos americanos Lenape. En el siglo XVII llegaron los colonos europeos, que transformaron Lynbrook en un centro de agricultura y pesca. En el siglo XIX, el pueblo se convirti\u00f3 en un para\u00edso para los neoyorquinos adinerados, que adornaron el paisaje con casas de veraneo y complejos tur\u00edsticos. Las ra\u00edces industriales de Lynbrook, como cervecer\u00edas, curtidur\u00edas y astilleros, contribuyeron a enriquecer su tejido. Al entrar en el siglo XX, Lynbrook se convirti\u00f3 en una comunidad residencial con un variado patrimonio arquitect\u00f3nico de edificios y viviendas hist\u00f3ricos.<\/p>\n<p><strong>Vive la vibrante cultura de Lynbrook:<\/strong> El latido del coraz\u00f3n de Lynbrook resuena en su cultura diversa y vibrante, exhibida a trav\u00e9s de museos, instituciones culturales y parques impresionantes. Los hermosos parques, que atraen a visitantes de todo el mundo, ofrecen una visi\u00f3n de la belleza natural de Lynbrook. El distrito comercial, adornado con vida nocturna, hoteles, restaurantes frente al mar y una gran variedad de tiendas, pinta un cuadro animado de la cultura contempor\u00e1nea de Lynbrook.<\/p>\n<p><strong>Delicias tur\u00edsticas en Lynbrook:<\/strong> Emb\u00e1rcate en un viaje de exploraci\u00f3n en Lynbrook, un floreciente destino tur\u00edstico c\u00e9lebre por sus hermosos parques, sus encantadores pueblos y su riqueza cultural. El parque Greis es un para\u00edso recreativo de 28 acres con piscina, pistas de tenis y parque infantil, un destino muy apreciado por lugare\u00f1os y turistas. Descubra las cautivadoras historias del pasado de Lynbrook en la Sociedad Hist\u00f3rica de Lynbrook, donde las exposiciones del museo tejen una narrativa que resuena tanto en los residentes como en los visitantes.<\/p>\n<p>A medida que Lynbrook se convierte en un destino codiciado, la mezcla de historia, cultura y belleza natural crea un atractivo tapiz para todos los que se aventuran por aqu\u00ed. Explore, del\u00e9itese y saboree el encanto \u00fanico que define a Lynbrook, convirti\u00e9ndolo en un pueblo sin igual.<\/p>\n<p>&nbsp;<\/p>\n<h1>Indicaciones<\/h1>\n<p><span class=\"\">Estas son las indicaciones desde Lynbrook, NY para completar la ortopedia en 52-21 Little Neck Parkway, Little Neck, NY 11362:<\/span><\/p>\n<ol class=\"list-outside list-decimal marker:font-mono marker:text-sm pl-11\">\n<li><span class=\"\">Dir\u00edjase hacia el este por Merrick Rd hacia Horton Ave.<\/span><\/li>\n<li><span class=\"\">Gire a la izquierda en Peninsula Blvd.<\/span><\/li>\n<li><span class=\"\">Gire a la derecha en Nassau Expy.<\/span><\/li>\n<li><span class=\"\">Incorp\u00f3rese a Cross Island Pkwy.<\/span><\/li>\n<li><span class=\"\">Tome la salida 29N hacia Little Neck Pkwy.<\/span><\/li>\n<li><span class=\"\">Incorp\u00f3rese a Little Neck Pkwy.<\/span><\/li>\n<li><span class=\"\">Complete Orthopedics estar\u00e1 a la izquierda en 52-21 Little Neck Pkwy.<\/span><\/li>\n<\/ol>\n<p><span class=\"\">Nota: Las indicaciones exactas pueden variar en funci\u00f3n de la ubicaci\u00f3n de partida. Se recomienda utilizar un GPS o un servicio de mapas para obtener las direcciones m\u00e1s precisas.<\/span><\/p>\n<p>&nbsp;<\/p>\n<h1>Atenci\u00f3n m\u00e9dica cerca de Lynbrook<\/h1>\n<h3><\/h3>\n<p><span class=\"\">Aqu\u00ed hay tres farmacias, tres centros de radiolog\u00eda, tres centros de atenci\u00f3n de urgencia y tres hospitales cerca de Lynbrook, NY con sus direcciones:<\/span><\/p>\n<h4>Farmacias<\/h4>\n<ol class=\"list-outside list-decimal marker:font-mono marker:text-sm pl-11\">\n<li><span class=\"\">Farmacia CVS &#8211; 20 Atlantic Ave, Lynbrook, NY 11563<\/span><\/li>\n<li><span class=\"\">Farmacia Walgreens &#8211; 405 Sunrise Hwy, Lynbrook, NY 11563<\/span><\/li>\n<li><span class=\"\">Farmacia Rite Aid &#8211; 2 Broadway, Lynbrook, NY 11563<\/span><\/li>\n<\/ol>\n<h4>Centros de Radiolog\u00eda<\/h4>\n<ol class=\"list-outside list-decimal marker:font-mono marker:text-sm pl-11\">\n<li><span class=\"\">Radiolog\u00eda South Nassau &#8211; 1 Healthy Way, Oceanside, NY 11572<\/span><\/li>\n<li><span class=\"\">Lynbrook Medical Imaging &#8211; 444 Merrick Rd, Lynbrook, NY 11563<\/span><\/li>\n<li><span class=\"\">Diagnostic Radiology Associates &#8211; 165 N Village Ave, Rockville Centre, NY 11570<\/span><\/li>\n<\/ol>\n<h4>Centros de Atenci\u00f3n de Urgencia<\/h4>\n<ol class=\"list-outside list-decimal marker:font-mono marker:text-sm pl-11\">\n<li><span class=\"\">CityMD Lynbrook Urgent Care &#8211; 693 Sunrise Hwy, Lynbrook, NY 11563<\/span><\/li>\n<li><span class=\"\">ProHEALTH Atenci\u00f3n de Urgencia &#8211; 444 Merrick Rd, Lynbrook, NY 11563<\/span><\/li>\n<li><span class=\"\">South Nassau Urgent Care &#8211; 325 E Bay Dr, Long Beach, NY 11561<\/span><\/li>\n<\/ol>\n<h4>Hospitales<\/h4>\n<ol class=\"list-outside list-decimal marker:font-mono marker:text-sm pl-11\">\n<li><span class=\"\">South Nassau Communities Hospital &#8211; 1 Healthy Way, Oceanside, NY 11572<\/span><\/li>\n<li><span class=\"\">Centro M\u00e9dico Mercy &#8211; 1000 N Village Ave, Rockville Centre, NY 11570<\/span><\/li>\n<li><span class=\"\">NYU Langone Hospital-Long Island &#8211; 259 1st St, Mineola, NY 11501<\/span><\/li>\n<\/ol>\n<p><span class=\"\">Nota: La informaci\u00f3n proporcionada es precisa a partir de octubre de 2023<\/span><\/p>\n<p>&nbsp;<\/p>\n<p>Nos enorgullecemos de brindar atenci\u00f3n ortop\u00e9dica integral a pacientes de varios hospitales y centros de atenci\u00f3n de urgencia en nuestra comunidad, incluidos los mencionados anteriormente.<\/p>\n<p>Ya sea que tenga una referencia para tratamiento ortop\u00e9dico o simplemente desee consultar con nosotros para cualquier inquietud ortop\u00e9dica, no dude en comunicarse con nuestro equipo dedicado las 24 horas del d\u00eda, los 7 d\u00edas de la semana. Estamos aqu\u00ed para ayudarlo de manera r\u00e1pida y compasiva.<\/p>\n<p>Muchas personas visitan centros de atenci\u00f3n de urgencia y hospitales por compensaci\u00f3n laboral y lesiones relacionadas con el seguro sin culpa. Si su lesi\u00f3n no requiere una visita al hospital, nos complace brindarle un tratamiento ortop\u00e9dico profesional adaptado a tales casos. No dude en ponerse en contacto con nosotros al <a href=\"tel:631-981-2663\" target=\"_blank\" rel=\"noopener\">631-981-2663<\/a> para programar una cita con nosotros hoy mismo. Tu bienestar es nuestra prioridad<\/p>\n","protected":false},"excerpt":{"rendered":"<p>Ortopedia completa: su primera opci\u00f3n para la atenci\u00f3n ortop\u00e9dica en Lynbrook, NY Bienvenido al Centro Ortop\u00e9dico del Dr. Nakul Karkare, su destino para la atenci\u00f3n ortop\u00e9dica excepcional aqu\u00ed en Lynbrook, NY. Ubicado en Little Neck, Nueva York, nuestro equipo est\u00e1 encantado de llevar nuestra experiencia a la comunidad Lynbrook, proporcionando soluciones ortop\u00e9dicas sin precedentes dise\u00f1ados [&hellip;]<\/p>\n","protected":false},"author":33,"featured_media":0,"parent":16528,"menu_order":0,"comment_status":"closed","ping_status":"closed","template":"","meta":{"_et_pb_use_builder":"","_et_pb_old_content":"","_et_gb_content_width":"","footnotes":""},"class_list":["post-20958","page","type-page","status-publish","hentry"],"yoast_head":"<!-- This site is optimized with the Yoast SEO plugin v27.2 - https:\/\/yoast.com\/product\/yoast-seo-wordpress\/ -->\n<title>Lynbrook, Nueva York | Best Hip &amp; Knee Surgeon | NY, USA<\/title>\n<meta name=\"description\" content=\"Ortopedia completa: su primera opci\u00f3n para la atenci\u00f3n ortop\u00e9dica en Lynbrook, NY Bienvenido al Centro Ortop\u00e9dico del Dr. Nakul Karkare, su destino para\" \/>\n<meta name=\"robots\" content=\"index, follow, max-snippet:-1, max-image-preview:large, max-video-preview:-1\" \/>\n<link rel=\"canonical\" href=\"https:\/\/www.newyorkhipknee.com\/es\/contacto\/little-neck-mejor-cirujano-de-reemplazo-de-cadera-y-rodilla\/lynbrook-nueva-york\/\" \/>\n<meta property=\"og:locale\" content=\"es_ES\" \/>\n<meta property=\"og:type\" content=\"article\" \/>\n<meta property=\"og:title\" content=\"Lynbrook, Nueva York | Best Hip &amp; Knee Surgeon | NY, USA\" \/>\n<meta property=\"og:description\" content=\"Ortopedia completa: su primera opci\u00f3n para la atenci\u00f3n ortop\u00e9dica en Lynbrook, NY Bienvenido al Centro Ortop\u00e9dico del Dr. Nakul Karkare, su destino para\" \/>\n<meta property=\"og:url\" content=\"https:\/\/www.newyorkhipknee.com\/es\/contacto\/little-neck-mejor-cirujano-de-reemplazo-de-cadera-y-rodilla\/lynbrook-nueva-york\/\" \/>\n<meta property=\"og:site_name\" content=\"Best Hip &amp; Knee Surgeon | NY, USA\" \/>\n<meta name=\"twitter:card\" content=\"summary_large_image\" \/>\n<meta name=\"twitter:label1\" content=\"Tiempo de lectura\" \/>\n\t<meta name=\"twitter:data1\" content=\"10 minutos\" \/>\n<script type=\"application\/ld+json\" class=\"yoast-schema-graph\">{\"@context\":\"https:\/\/schema.org\",\"@graph\":[{\"@type\":[\"WebPage\",\"MedicalWebPage\"],\"@id\":\"https:\/\/www.newyorkhipknee.com\/es\/contacto\/little-neck-mejor-cirujano-de-reemplazo-de-cadera-y-rodilla\/lynbrook-nueva-york\/\",\"url\":\"https:\/\/www.newyorkhipknee.com\/es\/contacto\/little-neck-mejor-cirujano-de-reemplazo-de-cadera-y-rodilla\/lynbrook-nueva-york\/\",\"name\":\"Lynbrook, Nueva York | Best Hip &amp; Knee Surgeon | NY, USA\",\"isPartOf\":{\"@id\":\"https:\/\/www.newyorkhipknee.com\/es\/#website\"},\"datePublished\":\"2023-11-22T17:15:43+00:00\",\"description\":\"Ortopedia completa: su primera opci\u00f3n para la atenci\u00f3n ortop\u00e9dica en Lynbrook, NY Bienvenido al Centro Ortop\u00e9dico del Dr. Nakul Karkare, su destino para\",\"breadcrumb\":{\"@id\":\"https:\/\/www.newyorkhipknee.com\/es\/contacto\/little-neck-mejor-cirujano-de-reemplazo-de-cadera-y-rodilla\/lynbrook-nueva-york\/#breadcrumb\"},\"inLanguage\":\"es\",\"potentialAction\":[{\"@type\":\"ReadAction\",\"target\":[\"https:\/\/www.newyorkhipknee.com\/es\/contacto\/little-neck-mejor-cirujano-de-reemplazo-de-cadera-y-rodilla\/lynbrook-nueva-york\/\"]}]},{\"@type\":\"BreadcrumbList\",\"@id\":\"https:\/\/www.newyorkhipknee.com\/es\/contacto\/little-neck-mejor-cirujano-de-reemplazo-de-cadera-y-rodilla\/lynbrook-nueva-york\/#breadcrumb\",\"itemListElement\":[{\"@type\":\"ListItem\",\"position\":1,\"name\":\"Home\",\"item\":\"https:\/\/www.newyorkhipknee.com\/es\/\"},{\"@type\":\"ListItem\",\"position\":2,\"name\":\"Contacto\",\"item\":\"https:\/\/www.newyorkhipknee.com\/es\/contacto\/\"},{\"@type\":\"ListItem\",\"position\":3,\"name\":\"Little Neck &#8211; Mejor Cirujano de Reemplazo de Cadera y Rodilla\",\"item\":\"https:\/\/www.newyorkhipknee.com\/es\/contacto\/little-neck-mejor-cirujano-de-reemplazo-de-cadera-y-rodilla\/\"},{\"@type\":\"ListItem\",\"position\":4,\"name\":\"Lynbrook, Nueva York\"}]},{\"@type\":\"WebSite\",\"@id\":\"https:\/\/www.newyorkhipknee.com\/es\/#website\",\"url\":\"https:\/\/www.newyorkhipknee.com\/es\/\",\"name\":\"Best Hip & Knee Surgeon | NY, USA\",\"description\":\"\",\"potentialAction\":[{\"@type\":\"SearchAction\",\"target\":{\"@type\":\"EntryPoint\",\"urlTemplate\":\"https:\/\/www.newyorkhipknee.com\/es\/?s={search_term_string}\"},\"query-input\":{\"@type\":\"PropertyValueSpecification\",\"valueRequired\":true,\"valueName\":\"search_term_string\"}}],\"inLanguage\":\"es\"}]}<\/script>\n<!-- \/ Yoast SEO plugin. -->","yoast_head_json":{"title":"Lynbrook, Nueva York | Best Hip &amp; Knee Surgeon | NY, USA","description":"Ortopedia completa: su primera opci\u00f3n para la atenci\u00f3n ortop\u00e9dica en Lynbrook, NY Bienvenido al Centro Ortop\u00e9dico del Dr. Nakul Karkare, su destino para","robots":{"index":"index","follow":"follow","max-snippet":"max-snippet:-1","max-image-preview":"max-image-preview:large","max-video-preview":"max-video-preview:-1"},"canonical":"https:\/\/www.newyorkhipknee.com\/es\/contacto\/little-neck-mejor-cirujano-de-reemplazo-de-cadera-y-rodilla\/lynbrook-nueva-york\/","og_locale":"es_ES","og_type":"article","og_title":"Lynbrook, Nueva York | Best Hip &amp; Knee Surgeon | NY, USA","og_description":"Ortopedia completa: su primera opci\u00f3n para la atenci\u00f3n ortop\u00e9dica en Lynbrook, NY Bienvenido al Centro Ortop\u00e9dico del Dr. Nakul Karkare, su destino para","og_url":"https:\/\/www.newyorkhipknee.com\/es\/contacto\/little-neck-mejor-cirujano-de-reemplazo-de-cadera-y-rodilla\/lynbrook-nueva-york\/","og_site_name":"Best Hip &amp; Knee Surgeon | NY, USA","twitter_card":"summary_large_image","twitter_misc":{"Tiempo de lectura":"10 minutos"},"schema":{"@context":"https:\/\/schema.org","@graph":[{"@type":["WebPage","MedicalWebPage"],"@id":"https:\/\/www.newyorkhipknee.com\/es\/contacto\/little-neck-mejor-cirujano-de-reemplazo-de-cadera-y-rodilla\/lynbrook-nueva-york\/","url":"https:\/\/www.newyorkhipknee.com\/es\/contacto\/little-neck-mejor-cirujano-de-reemplazo-de-cadera-y-rodilla\/lynbrook-nueva-york\/","name":"Lynbrook, Nueva York | Best Hip &amp; Knee Surgeon | NY, USA","isPartOf":{"@id":"https:\/\/www.newyorkhipknee.com\/es\/#website"},"datePublished":"2023-11-22T17:15:43+00:00","description":"Ortopedia completa: su primera opci\u00f3n para la atenci\u00f3n ortop\u00e9dica en Lynbrook, NY Bienvenido al Centro Ortop\u00e9dico del Dr. Nakul Karkare, su destino para","breadcrumb":{"@id":"https:\/\/www.newyorkhipknee.com\/es\/contacto\/little-neck-mejor-cirujano-de-reemplazo-de-cadera-y-rodilla\/lynbrook-nueva-york\/#breadcrumb"},"inLanguage":"es","potentialAction":[{"@type":"ReadAction","target":["https:\/\/www.newyorkhipknee.com\/es\/contacto\/little-neck-mejor-cirujano-de-reemplazo-de-cadera-y-rodilla\/lynbrook-nueva-york\/"]}]},{"@type":"BreadcrumbList","@id":"https:\/\/www.newyorkhipknee.com\/es\/contacto\/little-neck-mejor-cirujano-de-reemplazo-de-cadera-y-rodilla\/lynbrook-nueva-york\/#breadcrumb","itemListElement":[{"@type":"ListItem","position":1,"name":"Home","item":"https:\/\/www.newyorkhipknee.com\/es\/"},{"@type":"ListItem","position":2,"name":"Contacto","item":"https:\/\/www.newyorkhipknee.com\/es\/contacto\/"},{"@type":"ListItem","position":3,"name":"Little Neck &#8211; Mejor Cirujano de Reemplazo de Cadera y Rodilla","item":"https:\/\/www.newyorkhipknee.com\/es\/contacto\/little-neck-mejor-cirujano-de-reemplazo-de-cadera-y-rodilla\/"},{"@type":"ListItem","position":4,"name":"Lynbrook, Nueva York"}]},{"@type":"WebSite","@id":"https:\/\/www.newyorkhipknee.com\/es\/#website","url":"https:\/\/www.newyorkhipknee.com\/es\/","name":"Best Hip & Knee Surgeon | NY, USA","description":"","potentialAction":[{"@type":"SearchAction","target":{"@type":"EntryPoint","urlTemplate":"https:\/\/www.newyorkhipknee.com\/es\/?s={search_term_string}"},"query-input":{"@type":"PropertyValueSpecification","valueRequired":true,"valueName":"search_term_string"}}],"inLanguage":"es"}]}},"_links":{"self":[{"href":"https:\/\/www.newyorkhipknee.com\/es\/wp-json\/wp\/v2\/pages\/20958","targetHints":{"allow":["GET"]}}],"collection":[{"href":"https:\/\/www.newyorkhipknee.com\/es\/wp-json\/wp\/v2\/pages"}],"about":[{"href":"https:\/\/www.newyorkhipknee.com\/es\/wp-json\/wp\/v2\/types\/page"}],"author":[{"embeddable":true,"href":"https:\/\/www.newyorkhipknee.com\/es\/wp-json\/wp\/v2\/users\/33"}],"replies":[{"embeddable":true,"href":"https:\/\/www.newyorkhipknee.com\/es\/wp-json\/wp\/v2\/comments?post=20958"}],"version-history":[{"count":0,"href":"https:\/\/www.newyorkhipknee.com\/es\/wp-json\/wp\/v2\/pages\/20958\/revisions"}],"up":[{"embeddable":true,"href":"https:\/\/www.newyorkhipknee.com\/es\/wp-json\/wp\/v2\/pages\/16528"}],"wp:attachment":[{"href":"https:\/\/www.newyorkhipknee.com\/es\/wp-json\/wp\/v2\/media?parent=20958"}],"curies":[{"name":"wp","href":"https:\/\/api.w.org\/{rel}","templated":true}]}}