{"id":20960,"date":"2023-11-22T08:50:19","date_gmt":"2023-11-22T13:50:19","guid":{"rendered":"https:\/\/newyorkhipknee.com\/contacto\/little-neck-mejor-cirujano-de-reemplazo-de-cadera-y-rodilla\/lawrence-nueva-york\/"},"modified":"2023-11-22T08:50:19","modified_gmt":"2023-11-22T13:50:19","slug":"lawrence-nueva-york","status":"publish","type":"page","link":"https:\/\/www.newyorkhipknee.com\/es\/contacto\/little-neck-mejor-cirujano-de-reemplazo-de-cadera-y-rodilla\/lawrence-nueva-york\/","title":{"rendered":"Lawrence, Nueva York"},"content":{"rendered":"<h1>Dr. Nakul Karkare Ortopedia extiende una c\u00e1lida bienvenida a Lawrence, NY: Sus aliados de confianza en la excelencia ortop\u00e9dica<\/h1>\n<p>Bienvenido al reino de la excelencia ortop\u00e9dica dirigida por el Dr. Nakul Karkare, situado en Little Neck, NY, y dedicada a la prestaci\u00f3n de servicios ortop\u00e9dicos pendientes a la estimada comunidad de Lawrence, NY. Dr. Nakul Karkare, un aclamado cirujano ortop\u00e9dico con m\u00e1s de 15 a\u00f1os de experiencia, es la fuerza impulsora detr\u00e1s de esta pr\u00e1ctica ortop\u00e9dica de primera clase, estableciendo el est\u00e1ndar de excelencia en el campo a trav\u00e9s de Nueva York.<\/p>\n<p><strong>Elegir al Dr. Nakul Karkare: Su inigualable socio ortop\u00e9dico<\/strong><\/p>\n<p>En la consulta del Dr. Nakul Karkare, trascendemos lo ordinario y redefinimos la atenci\u00f3n ortop\u00e9dica. He aqu\u00ed por qu\u00e9 las personas exigentes nos eligen como su principal proveedor de servicios ortop\u00e9dicos en Nueva York:<\/p>\n<ol>\n<li><strong>Liderazgo en ortopedia:<\/strong> Nuestro equipo est\u00e1 formado por especialistas ortop\u00e9dicos experimentados, cada uno reconocido como l\u00edder en sus campos espec\u00edficos. El Dr. Nakul Karkare, con su dilatada trayectoria de 15 a\u00f1os, es una figura destacada de la cirug\u00eda ortop\u00e9dica, que ofrece excelencia de forma constante.<\/li>\n<li><strong>Tratamiento de vanguardia:<\/strong> Nos mantenemos a la vanguardia de los avances ortop\u00e9dicos, garantizando que nuestros pacientes se beneficien de las \u00faltimas innovaciones y tecnolog\u00edas. Sus cuidados est\u00e1n respaldados por las normas m\u00e1s exigentes del sector.<\/li>\n<li><strong>Atenci\u00f3n personalizada:<\/strong> Reconociendo la individualidad de cada paciente, nuestro enfoque est\u00e1 dise\u00f1ado para alinearse con sus necesidades \u00fanicas. Este toque personalizado garantiza un plan de tratamiento adaptado a su situaci\u00f3n espec\u00edfica, optimizando el potencial de un resultado satisfactorio.<\/li>\n<li><strong>Accesibilidad para todos:<\/strong> Mientras que nuestra base reside en Stony Brook, NY, extendemos nuestros servicios excepcionales a Lawrence, creyendo que la atenci\u00f3n ortop\u00e9dica excepcional debe ser accesible a todos. Estamos orgullosos de servir a su comunidad con una dedicaci\u00f3n inquebrantable.<\/li>\n<li><strong>Excelencia probada:<\/strong> Nuestras historias de \u00e9xito se hacen eco de nuestro compromiso con la excelencia. El Dr. Nakul Karkare y su equipo han ayudado a numerosos pacientes a recuperar la movilidad, aliviar el dolor y mejorar su calidad de vida en general.<\/li>\n<\/ol>\n<p>Su bienestar ortop\u00e9dico no es s\u00f3lo un compromiso, sino una dedicaci\u00f3n inquebrantable. Si usted est\u00e1 luchando con problemas en las articulaciones, lesiones deportivas, fracturas, o cualquier otro problema ortop\u00e9dico, el Dr. Nakul Karkare es su compa\u00f1ero de confianza en el camino hacia la recuperaci\u00f3n.<\/p>\n<p>&nbsp;<\/p>\n<h2>Estamos muy orgullosos de ofrecer una amplia gama de servicios ortop\u00e9dicos en el Lawrence, NY zona:<\/h2>\n<p><strong><a href=\"https:\/\/newyorkhipknee.com\/hip-replacement-surgery\/\" target=\"_blank\" rel=\"noopener\">Pr\u00f3tesis de<\/a> cadera:<\/strong> Objetivo: La artroplastia de cadera se recomienda a las personas que sufren da\u00f1os en la articulaci\u00f3n de la cadera debido a enfermedades como la artrosis, la artritis reumatoide o las fracturas. El objetivo principal es aliviar las molestias, restablecer la movilidad y aumentar la calidad de vida en general.<\/p>\n<p><strong>Procedimiento<\/strong>: Existen dos tipos fundamentales de pr\u00f3tesis de cadera: la pr\u00f3tesis total de cadera (THR) y la pr\u00f3tesis parcial de cadera (hemiartroplastia). La pr\u00f3tesis total de cadera implica la sustituci\u00f3n tanto de la r\u00f3tula como de la cavidad de la articulaci\u00f3n de la cadera, mientras que la hemiartroplastia se ocupa exclusivamente del componente de la r\u00f3tula.<\/p>\n<p><strong>Implantes:<\/strong> Los componentes artificiales de la articulaci\u00f3n de cadera suelen estar fabricados con materiales como metal, pl\u00e1stico o cer\u00e1mica. La selecci\u00f3n se basa en la edad del paciente, su nivel de actividad y sus necesidades espec\u00edficas.<\/p>\n<p><strong>Recuperaci\u00f3n:<\/strong> En el postoperatorio, los pacientes realizan fisioterapia para recuperar la fuerza y la movilidad, lo que se traduce en una disminuci\u00f3n del dolor y una mejora de la funci\u00f3n de la cadera.<\/p>\n<p><a href=\"https:\/\/newyorkhipknee.com\/custom-knee-replacement-surgery\/\" target=\"_blank\" rel=\"noopener\"><br \/>\n  <strong>Sustituci\u00f3n de rodilla a medida:<\/strong><br \/>\n<\/a> Objetivo: La artroplastia de rodilla a medida ofrece un enfoque personalizado de la artroplastia de rodilla, dirigido a personas con dolor intenso de rodilla o da\u00f1os articulares que no responden a los tratamientos conservadores.<\/p>\n<p><strong>Procedimiento:<\/strong> Utilizando im\u00e1genes avanzadas y modelado por ordenador, la anatom\u00eda de la rodilla del paciente se eval\u00faa minuciosamente antes de la cirug\u00eda. Esto permite dise\u00f1ar un implante de rodilla a medida, adaptado a su anatom\u00eda \u00fanica.<\/p>\n<p><strong>Ventajas:<\/strong> Las pr\u00f3tesis de rodilla a medida suelen mejorar la alineaci\u00f3n, la estabilidad y disminuir el dolor en comparaci\u00f3n con las pr\u00f3tesis de rodilla est\u00e1ndar.<\/p>\n<p><strong>Recuperaci\u00f3n:<\/strong> El proceso de recuperaci\u00f3n incluye fisioterapia para recuperar la fuerza y la amplitud de movimiento de la rodilla, lo que normalmente conduce a una reducci\u00f3n del dolor y una mejora de la funci\u00f3n de la rodilla.<\/p>\n<p>&nbsp;<\/p>\n<h1>Acerca de Lawrence, NY<\/h1>\n<p>Lawrence, NY, situada en el condado de Nassau, en la pintoresca costa sur de Long Island, Nueva York, es una aldea cautivadora que cuenta con un rico tapiz de historia, diversidad cultural y una comunidad floreciente. Con sus espl\u00e9ndidos parques, escuelas de primera categor\u00eda y un animado distrito comercial, Lawrence se ha convertido en una joya de Long Island.<\/p>\n<p><strong>Explorando el pasado de Lawrence:<\/strong> Si nos adentramos en la historia de Lawrence, encontramos ra\u00edces que se remontan a la \u00e9poca colonial, cuando estaba enclavada en las extensas llanuras de Hempstead, que serv\u00edan de pasto para el ganado que cuidaban los colonos holandeses e ingleses en el siglo XVII. Lawrence se convirti\u00f3 en un centro agr\u00edcola y pesquero, y en el siglo XIX se convirti\u00f3 en un codiciado refugio para los neoyorquinos adinerados, lo que dio lugar a la construcci\u00f3n de casas de veraneo y complejos tur\u00edsticos. La aldea prosper\u00f3 con varias industrias, como cervecer\u00edas, curtidur\u00edas y astilleros.<\/p>\n<p>A medida que avanzaba el siglo XX, Lawrence se fue transformando en una comunidad residencial en la que se mezclaban casas unifamiliares, apartamentos y condominios, creando as\u00ed un patrimonio arquitect\u00f3nico \u00fanico con una gran variedad de edificios hist\u00f3ricos.<\/p>\n<p><strong>Diversidad y vitalidad en la cultura de Lawrence:<\/strong> Lawrence, NY, es el hogar de un mosaico cultural que se manifiesta en su comunidad diversa y vibrante. Museos e instituciones culturales adornan la aldea, ofreciendo un tapiz de experiencias. Los hermosos parques, que atraen a visitantes de todo el mundo, contribuyen al encanto de Lawrence. El distrito comercial rebosa vida, con vida nocturna, restaurantes frente al mar y una gran variedad de tiendas.<\/p>\n<p><strong>Un para\u00edso tur\u00edstico:<\/strong> Lawrence, Nueva York, se est\u00e1 convirtiendo en un floreciente destino tur\u00edstico gracias a sus impresionantes parques, sus encantadores pueblos y su legado cultural. Entre las atracciones destaca el distrito hist\u00f3rico de Lawrence Village, que atrae tanto a lugare\u00f1os como a turistas con sus edificios y casas hist\u00f3ricos. Igualmente tentador es el Lawrence Beach Club, un para\u00edso recreativo que ofrece diversas actividades, desde playas de arena a zonas de juego y merenderos.<\/p>\n<p><strong>Lawrence-Pedia y Tesoros Hist\u00f3ricos:<\/strong> Los entusiastas de la historia de Lawrence pueden sumergirse en Lawrence-Pedia, un recurso ofrecido por la Biblioteca P\u00fablica de Lawrence. Este repositorio organizado proporciona informaci\u00f3n sobre diversas facetas de la historia de la aldea, que abarca personas, edificios y lugares. La colecci\u00f3n Lawrence History, un tesoro de libros que datan desde el siglo XVIII hasta la actualidad, incluye ediciones raras, como \u00abPleasure; The Life and Labors of Elias Hicks\u00bb de Christopher Morley, de 1832, y \u00abHistory of Long Island\u00bb de Nathaniel Prime.<\/p>\n<p>Lawrence, NY, es testimonio de un pasado vibrante, un presente cultural rico y un futuro prometedor. Tanto si le gusta la historia local como si es un aficionado a la naturaleza o alguien que busca una deliciosa escapada, Lawrence le invita a explorar sus innumerables ofertas.<\/p>\n<p>&nbsp;<\/p>\n<h1>Indicaciones<\/h1>\n<p>Aqu\u00ed est\u00e1n las instrucciones desde Lawrence, NY a Complete Orthopedics en 52-21 Little Neck Parkway, Little Neck, NY 11362:<\/p>\n<p>1. Dir\u00edjase hacia el este por Broadway hacia Rockaway Turnpike.<br \/>\n2. Gire a la izquierda en Rockaway Turnpike.<br \/>\n3. Gire a la derecha en Peninsula Blvd.<br \/>\n4. Gire a la izquierda en Nassau Expy.<br \/>\n5. Incorp\u00f3rese a Cross Island Pkwy.<br \/>\n6. Tome la salida 29N hacia Little Neck Pkwy.<br \/>\n7. Incorp\u00f3rese a Little Neck Pkwy.<br \/>\n8. La ortopedia completa estar\u00e1 a la izquierda en 52-21 Little Neck Pkwy.<\/p>\n<p>Nota: Las indicaciones exactas pueden variar en funci\u00f3n de la ubicaci\u00f3n de partida. Se recomienda utilizar un GPS o un servicio de mapas para obtener las direcciones m\u00e1s precisas.<\/p>\n<p>&nbsp;<\/p>\n<h1>Atenci\u00f3n m\u00e9dica cerca de Lawrence<\/h1>\n<h4>Farmacias<\/h4>\n<ol class=\"list-outside list-decimal marker:font-mono marker:text-sm pl-11\">\n<li><span class=\"\">Farmacia CVS &#8211; 329 Rockaway Turnpike, Lawrence, NY 11559<\/span><\/li>\n<li><span class=\"\">Farmacia Walgreens &#8211; 20 Burnside Ave, Lawrence, NY 11559<\/span><\/li>\n<li><span class=\"\">Farmacia Rite Aid &#8211; 325 Rockaway Turnpike, Lawrence, NY 11559<\/span><\/li>\n<\/ol>\n<h4>Centros de Radiolog\u00eda<\/h4>\n<ol class=\"list-outside list-decimal marker:font-mono marker:text-sm pl-11\">\n<li><span class=\"\">Radiolog\u00eda South Nassau &#8211; 227 Franklin Ave, Hewlett, NY 11557<\/span><\/li>\n<li><span class=\"\">Diagnostic Radiology Associates &#8211; 165 N Village Ave, Rockville Centre, NY 11570<\/span><\/li>\n<li><span class=\"\">North Shore Radiology Associates &#8211; 611 Northern Blvd, Great Neck, NY 11021<\/span><\/li>\n<\/ol>\n<h4>Centros de Atenci\u00f3n de Urgencia<\/h4>\n<ol class=\"list-outside list-decimal marker:font-mono marker:text-sm pl-11\">\n<li><span class=\"\">Northwell Health-GoHealth Urgent Care &#8211; 243 Merrick Rd, Rockville Centre, NY 11570<\/span><\/li>\n<li><span class=\"\">CityMD Rockville Centre Urgent Care &#8211; Long Island &#8211; 77 N Centre Ave, Rockville Centre, NY 11570<\/span><\/li>\n<li><span class=\"\">ProHEALTH Atenci\u00f3n de Urgencia &#8211; 2064 Merrick Rd, Merrick, NY 11566<\/span><\/li>\n<\/ol>\n<h4>Hospitales<\/h4>\n<ol class=\"list-outside list-decimal marker:font-mono marker:text-sm pl-11\">\n<li><span class=\"\">Centro M\u00e9dico Jud\u00edo de Long Island &#8211; 270-05 76th Ave, New Hyde Park, NY 11040<\/span><\/li>\n<li><span class=\"\">Hospital Universitario North Shore &#8211; 300 Community Dr, Manhasset, NY 11030<\/span><\/li>\n<li><span class=\"\">Centro M\u00e9dico Mercy &#8211; 1000 N Village Ave, Rockville Centre, NY 11570<\/span><\/li>\n<\/ol>\n<p><span class=\"\">Nota: La informaci\u00f3n proporcionada es precisa a partir de octubre de 2023.<\/span><\/p>\n<p>Nos enorgullecemos de brindar atenci\u00f3n ortop\u00e9dica integral a pacientes de varios hospitales y centros de atenci\u00f3n de urgencia en nuestra comunidad, incluidos los mencionados anteriormente.<\/p>\n<p>Ya sea que tenga una referencia para tratamiento ortop\u00e9dico o simplemente desee consultar con nosotros para cualquier inquietud ortop\u00e9dica, no dude en comunicarse con nuestro equipo dedicado las 24 horas del d\u00eda, los 7 d\u00edas de la semana. Estamos aqu\u00ed para ayudarlo de manera r\u00e1pida y compasiva.<\/p>\n<p>Muchas personas visitan centros de atenci\u00f3n de urgencia y hospitales por compensaci\u00f3n laboral y lesiones relacionadas con el seguro sin culpa. Si su lesi\u00f3n no requiere una visita al hospital, nos complace brindarle un tratamiento ortop\u00e9dico profesional adaptado a tales casos. No dude en ponerse en contacto con nosotros al <a href=\"tel:631-981-2663\" target=\"_blank\" rel=\"noopener\">631-981-2663<\/a> para programar una cita con nosotros hoy mismo. Tu bienestar es nuestra prioridad<\/p>\n","protected":false},"excerpt":{"rendered":"<p>Dr. Nakul Karkare Ortopedia extiende una c\u00e1lida bienvenida a Lawrence, NY: Sus aliados de confianza en la excelencia ortop\u00e9dica Bienvenido al reino de la excelencia ortop\u00e9dica dirigida por el Dr. Nakul Karkare, situado en Little Neck, NY, y dedicada a la prestaci\u00f3n de servicios ortop\u00e9dicos pendientes a la estimada comunidad de Lawrence, NY. Dr. Nakul [&hellip;]<\/p>\n","protected":false},"author":33,"featured_media":0,"parent":16528,"menu_order":0,"comment_status":"closed","ping_status":"closed","template":"","meta":{"_et_pb_use_builder":"","_et_pb_old_content":"","_et_gb_content_width":"","footnotes":""},"class_list":["post-20960","page","type-page","status-publish","hentry"],"yoast_head":"<!-- This site is optimized with the Yoast SEO plugin v27.2 - https:\/\/yoast.com\/product\/yoast-seo-wordpress\/ -->\n<title>Lawrence, Nueva York | Best Hip &amp; Knee Surgeon | NY, USA<\/title>\n<meta name=\"description\" content=\"Dr. Nakul Karkare Ortopedia extiende una c\u00e1lida bienvenida a Lawrence, NY: Sus aliados de confianza en la excelencia ortop\u00e9dica Bienvenido al reino de la\" \/>\n<meta name=\"robots\" content=\"index, follow, max-snippet:-1, max-image-preview:large, max-video-preview:-1\" \/>\n<link rel=\"canonical\" href=\"https:\/\/www.newyorkhipknee.com\/es\/contacto\/little-neck-mejor-cirujano-de-reemplazo-de-cadera-y-rodilla\/lawrence-nueva-york\/\" \/>\n<meta property=\"og:locale\" content=\"es_ES\" \/>\n<meta property=\"og:type\" content=\"article\" \/>\n<meta property=\"og:title\" content=\"Lawrence, Nueva York | Best Hip &amp; Knee Surgeon | NY, USA\" \/>\n<meta property=\"og:description\" content=\"Dr. Nakul Karkare Ortopedia extiende una c\u00e1lida bienvenida a Lawrence, NY: Sus aliados de confianza en la excelencia ortop\u00e9dica Bienvenido al reino de la\" \/>\n<meta property=\"og:url\" content=\"https:\/\/www.newyorkhipknee.com\/es\/contacto\/little-neck-mejor-cirujano-de-reemplazo-de-cadera-y-rodilla\/lawrence-nueva-york\/\" \/>\n<meta property=\"og:site_name\" content=\"Best Hip &amp; Knee Surgeon | NY, USA\" \/>\n<meta name=\"twitter:card\" content=\"summary_large_image\" \/>\n<meta name=\"twitter:label1\" content=\"Tiempo de lectura\" \/>\n\t<meta name=\"twitter:data1\" content=\"9 minutos\" \/>\n<script type=\"application\/ld+json\" class=\"yoast-schema-graph\">{\"@context\":\"https:\/\/schema.org\",\"@graph\":[{\"@type\":[\"WebPage\",\"MedicalWebPage\"],\"@id\":\"https:\/\/www.newyorkhipknee.com\/es\/contacto\/little-neck-mejor-cirujano-de-reemplazo-de-cadera-y-rodilla\/lawrence-nueva-york\/\",\"url\":\"https:\/\/www.newyorkhipknee.com\/es\/contacto\/little-neck-mejor-cirujano-de-reemplazo-de-cadera-y-rodilla\/lawrence-nueva-york\/\",\"name\":\"Lawrence, Nueva York | Best Hip &amp; Knee Surgeon | NY, USA\",\"isPartOf\":{\"@id\":\"https:\/\/www.newyorkhipknee.com\/es\/#website\"},\"datePublished\":\"2023-11-22T13:50:19+00:00\",\"description\":\"Dr. Nakul Karkare Ortopedia extiende una c\u00e1lida bienvenida a Lawrence, NY: Sus aliados de confianza en la excelencia ortop\u00e9dica Bienvenido al reino de la\",\"breadcrumb\":{\"@id\":\"https:\/\/www.newyorkhipknee.com\/es\/contacto\/little-neck-mejor-cirujano-de-reemplazo-de-cadera-y-rodilla\/lawrence-nueva-york\/#breadcrumb\"},\"inLanguage\":\"es\",\"potentialAction\":[{\"@type\":\"ReadAction\",\"target\":[\"https:\/\/www.newyorkhipknee.com\/es\/contacto\/little-neck-mejor-cirujano-de-reemplazo-de-cadera-y-rodilla\/lawrence-nueva-york\/\"]}]},{\"@type\":\"BreadcrumbList\",\"@id\":\"https:\/\/www.newyorkhipknee.com\/es\/contacto\/little-neck-mejor-cirujano-de-reemplazo-de-cadera-y-rodilla\/lawrence-nueva-york\/#breadcrumb\",\"itemListElement\":[{\"@type\":\"ListItem\",\"position\":1,\"name\":\"Home\",\"item\":\"https:\/\/www.newyorkhipknee.com\/es\/\"},{\"@type\":\"ListItem\",\"position\":2,\"name\":\"Contacto\",\"item\":\"https:\/\/www.newyorkhipknee.com\/es\/contacto\/\"},{\"@type\":\"ListItem\",\"position\":3,\"name\":\"Little Neck &#8211; Mejor Cirujano de Reemplazo de Cadera y Rodilla\",\"item\":\"https:\/\/www.newyorkhipknee.com\/es\/contacto\/little-neck-mejor-cirujano-de-reemplazo-de-cadera-y-rodilla\/\"},{\"@type\":\"ListItem\",\"position\":4,\"name\":\"Lawrence, Nueva York\"}]},{\"@type\":\"WebSite\",\"@id\":\"https:\/\/www.newyorkhipknee.com\/es\/#website\",\"url\":\"https:\/\/www.newyorkhipknee.com\/es\/\",\"name\":\"Best Hip & Knee Surgeon | NY, USA\",\"description\":\"\",\"potentialAction\":[{\"@type\":\"SearchAction\",\"target\":{\"@type\":\"EntryPoint\",\"urlTemplate\":\"https:\/\/www.newyorkhipknee.com\/es\/?s={search_term_string}\"},\"query-input\":{\"@type\":\"PropertyValueSpecification\",\"valueRequired\":true,\"valueName\":\"search_term_string\"}}],\"inLanguage\":\"es\"}]}<\/script>\n<!-- \/ Yoast SEO plugin. -->","yoast_head_json":{"title":"Lawrence, Nueva York | Best Hip &amp; Knee Surgeon | NY, USA","description":"Dr. Nakul Karkare Ortopedia extiende una c\u00e1lida bienvenida a Lawrence, NY: Sus aliados de confianza en la excelencia ortop\u00e9dica Bienvenido al reino de la","robots":{"index":"index","follow":"follow","max-snippet":"max-snippet:-1","max-image-preview":"max-image-preview:large","max-video-preview":"max-video-preview:-1"},"canonical":"https:\/\/www.newyorkhipknee.com\/es\/contacto\/little-neck-mejor-cirujano-de-reemplazo-de-cadera-y-rodilla\/lawrence-nueva-york\/","og_locale":"es_ES","og_type":"article","og_title":"Lawrence, Nueva York | Best Hip &amp; Knee Surgeon | NY, USA","og_description":"Dr. Nakul Karkare Ortopedia extiende una c\u00e1lida bienvenida a Lawrence, NY: Sus aliados de confianza en la excelencia ortop\u00e9dica Bienvenido al reino de la","og_url":"https:\/\/www.newyorkhipknee.com\/es\/contacto\/little-neck-mejor-cirujano-de-reemplazo-de-cadera-y-rodilla\/lawrence-nueva-york\/","og_site_name":"Best Hip &amp; Knee Surgeon | NY, USA","twitter_card":"summary_large_image","twitter_misc":{"Tiempo de lectura":"9 minutos"},"schema":{"@context":"https:\/\/schema.org","@graph":[{"@type":["WebPage","MedicalWebPage"],"@id":"https:\/\/www.newyorkhipknee.com\/es\/contacto\/little-neck-mejor-cirujano-de-reemplazo-de-cadera-y-rodilla\/lawrence-nueva-york\/","url":"https:\/\/www.newyorkhipknee.com\/es\/contacto\/little-neck-mejor-cirujano-de-reemplazo-de-cadera-y-rodilla\/lawrence-nueva-york\/","name":"Lawrence, Nueva York | Best Hip &amp; Knee Surgeon | NY, USA","isPartOf":{"@id":"https:\/\/www.newyorkhipknee.com\/es\/#website"},"datePublished":"2023-11-22T13:50:19+00:00","description":"Dr. Nakul Karkare Ortopedia extiende una c\u00e1lida bienvenida a Lawrence, NY: Sus aliados de confianza en la excelencia ortop\u00e9dica Bienvenido al reino de la","breadcrumb":{"@id":"https:\/\/www.newyorkhipknee.com\/es\/contacto\/little-neck-mejor-cirujano-de-reemplazo-de-cadera-y-rodilla\/lawrence-nueva-york\/#breadcrumb"},"inLanguage":"es","potentialAction":[{"@type":"ReadAction","target":["https:\/\/www.newyorkhipknee.com\/es\/contacto\/little-neck-mejor-cirujano-de-reemplazo-de-cadera-y-rodilla\/lawrence-nueva-york\/"]}]},{"@type":"BreadcrumbList","@id":"https:\/\/www.newyorkhipknee.com\/es\/contacto\/little-neck-mejor-cirujano-de-reemplazo-de-cadera-y-rodilla\/lawrence-nueva-york\/#breadcrumb","itemListElement":[{"@type":"ListItem","position":1,"name":"Home","item":"https:\/\/www.newyorkhipknee.com\/es\/"},{"@type":"ListItem","position":2,"name":"Contacto","item":"https:\/\/www.newyorkhipknee.com\/es\/contacto\/"},{"@type":"ListItem","position":3,"name":"Little Neck &#8211; Mejor Cirujano de Reemplazo de Cadera y Rodilla","item":"https:\/\/www.newyorkhipknee.com\/es\/contacto\/little-neck-mejor-cirujano-de-reemplazo-de-cadera-y-rodilla\/"},{"@type":"ListItem","position":4,"name":"Lawrence, Nueva York"}]},{"@type":"WebSite","@id":"https:\/\/www.newyorkhipknee.com\/es\/#website","url":"https:\/\/www.newyorkhipknee.com\/es\/","name":"Best Hip & Knee Surgeon | NY, USA","description":"","potentialAction":[{"@type":"SearchAction","target":{"@type":"EntryPoint","urlTemplate":"https:\/\/www.newyorkhipknee.com\/es\/?s={search_term_string}"},"query-input":{"@type":"PropertyValueSpecification","valueRequired":true,"valueName":"search_term_string"}}],"inLanguage":"es"}]}},"_links":{"self":[{"href":"https:\/\/www.newyorkhipknee.com\/es\/wp-json\/wp\/v2\/pages\/20960","targetHints":{"allow":["GET"]}}],"collection":[{"href":"https:\/\/www.newyorkhipknee.com\/es\/wp-json\/wp\/v2\/pages"}],"about":[{"href":"https:\/\/www.newyorkhipknee.com\/es\/wp-json\/wp\/v2\/types\/page"}],"author":[{"embeddable":true,"href":"https:\/\/www.newyorkhipknee.com\/es\/wp-json\/wp\/v2\/users\/33"}],"replies":[{"embeddable":true,"href":"https:\/\/www.newyorkhipknee.com\/es\/wp-json\/wp\/v2\/comments?post=20960"}],"version-history":[{"count":0,"href":"https:\/\/www.newyorkhipknee.com\/es\/wp-json\/wp\/v2\/pages\/20960\/revisions"}],"up":[{"embeddable":true,"href":"https:\/\/www.newyorkhipknee.com\/es\/wp-json\/wp\/v2\/pages\/16528"}],"wp:attachment":[{"href":"https:\/\/www.newyorkhipknee.com\/es\/wp-json\/wp\/v2\/media?parent=20960"}],"curies":[{"name":"wp","href":"https:\/\/api.w.org\/{rel}","templated":true}]}}