{"id":20962,"date":"2023-11-21T14:56:54","date_gmt":"2023-11-21T19:56:54","guid":{"rendered":"https:\/\/newyorkhipknee.com\/contacto\/little-neck-mejor-cirujano-de-reemplazo-de-cadera-y-rodilla\/inwood-nueva-york\/"},"modified":"2023-11-21T14:56:54","modified_gmt":"2023-11-21T19:56:54","slug":"inwood-nueva-york","status":"publish","type":"page","link":"https:\/\/www.newyorkhipknee.com\/es\/contacto\/little-neck-mejor-cirujano-de-reemplazo-de-cadera-y-rodilla\/inwood-nueva-york\/","title":{"rendered":"Inwood, Nueva York"},"content":{"rendered":"<div class=\"flex-1 overflow-hidden\">\n<div class=\"react-scroll-to-bottom--css-aijdt-79elbk h-full\">\n<div class=\"react-scroll-to-bottom--css-aijdt-1n7m0yu\">\n<div class=\"flex flex-col text-sm gizmo:pb-9 dark:bg-gray-800 gizmo:dark:bg-transparent\">\n<div class=\"w-full text-token-text-primary border-b border-black\/10 gizmo:border-0 dark:border-gray-900\/50 gizmo:dark:border-0 bg-gray-50 gizmo:bg-transparent dark:bg-[#444654] gizmo:dark:bg-transparent\" data-testid=\"conversation-turn-23\">\n<div class=\"p-4 gizmo:py-2 justify-center text-base md:gap-6 md:py-6 m-auto\">\n<div class=\"flex flex-1 gap-4 text-base mx-auto md:gap-6 gizmo:gap-3 gizmo:md:px-5 gizmo:lg:px-1 gizmo:xl:px-5 md:max-w-2xl lg:max-w-[38rem] gizmo:md:max-w-3xl gizmo:lg:max-w-[40rem] gizmo:xl:max-w-[48rem] xl:max-w-3xl } group final-completion\">\n<div class=\"relative flex w-[calc(100%-50px)] flex-col gizmo:w-full lg:w-[calc(100%-115px)] agent-turn\">\n<div class=\"flex-col gap-1 md:gap-3\">\n<div class=\"flex flex-grow flex-col max-w-full gap-3 gizmo:gap-0\">\n<div class=\"min-h-[20px] text-message flex flex-col items-start gap-3 whitespace-pre-wrap break-words [.text-message+&amp;]:mt-5 overflow-x-auto\" data-message-author-role=\"assistant\" data-message-id=\"242e0e13-17f6-482f-937a-613f676ad518\">\n<div class=\"markdown prose w-full break-words dark:prose-invert dark\">\n<h1><strong>Presentaci\u00f3n de la pr\u00e1ctica ortop\u00e9dica del Dr. Nakul Karkare en Inwood<\/strong><\/h1>\n<p>Tenemos el honor de anunciar la ampliaci\u00f3n de la estimada atenci\u00f3n ortop\u00e9dica del Dr. Nakul Karkare a la distinguida comunidad de Inwood. Situado en Little Neck, nuestra pr\u00e1ctica se dedica a ofrecer experiencia ortop\u00e9dica sin precedentes con un enfoque en la precisi\u00f3n, la compasi\u00f3n y la atenci\u00f3n individualizada.<\/p>\n<p><strong>Dr. Nakul Karkare:<\/strong> Al frente de nuestra pr\u00e1ctica se encuentra el Dr. Nakul Karkare, una luminaria ortop\u00e9dica cuya trayectoria se caracteriza por una amplia experiencia y un compromiso inquebrantable con la excelencia. Las credenciales del Dr. Karkare, que incluyen [insert degrees and certifications], subrayan su dedicaci\u00f3n al avance del campo de la ortopedia. M\u00e1s all\u00e1 de sus impresionantes cualificaciones, lo que le distingue es su enfoque serio y emp\u00e1tico, una s\u00edntesis de competencia m\u00e9dica y aut\u00e9ntica conexi\u00f3n humana.<\/p>\n<p><strong>Credenciales de Distinci\u00f3n:<\/strong> Las calificaciones del Dr. Karkare dicen mucho de su compromiso con los m\u00e1s altos est\u00e1ndares de atenci\u00f3n ortop\u00e9dica. Sin embargo, es la amalgama de destreza acad\u00e9mica y un trato compasivo lo que realmente define la atenci\u00f3n que se puede esperar de \u00e9l.<\/p>\n<p><strong>\u00bfPor qu\u00e9 elegir la pr\u00e1ctica de ortopedia del Dr. Nakul Karkare en Inwood?<\/strong><\/p>\n<p><strong>Precisi\u00f3n a su medida:<\/strong> Nuestro compromiso va m\u00e1s all\u00e1 de la atenci\u00f3n ortop\u00e9dica convencional. La pr\u00e1ctica del Dr. Nakul Karkare se distingue por un enfoque personalizado que reconoce la naturaleza \u00fanica del viaje de cada paciente. Su historia se convierte en la base sobre la que elaboramos un plan de tratamiento a medida.<\/p>\n<p><strong>Integrados en la comunidad de Inwood:<\/strong> Al elegir nuestra consulta, usted opta por algo m\u00e1s que experiencia m\u00e9dica. Nos convertimos en parte integrante de la comunidad de Inwood y consideramos a los pacientes no s\u00f3lo como casos, sino como miembros vitales de nuestra extensa red. Su salud y bienestar son primordiales.<\/p>\n<p><strong>Un matrimonio de experiencia y empat\u00eda:<\/strong> Lo que nos distingue como la primera opci\u00f3n en Inwood no es s\u00f3lo la perspicacia cl\u00ednica del Dr. Karkare, pero la profunda empat\u00eda que subraya cada interacci\u00f3n. Entendemos que detr\u00e1s de cada problema ortop\u00e9dico hay un individuo con una historia \u00fanica. Nuestro compromiso es escucharle, apoyarle y guiarle en su viaje hacia la recuperaci\u00f3n.<\/p>\n<p>La elecci\u00f3n del Dr. Nakul Karkare Ortopedia Pr\u00e1ctica en Inwood significa un compromiso con una experiencia de atenci\u00f3n m\u00e9dica definida por la experiencia meticulosa, precisi\u00f3n reflexiva, y la empat\u00eda genuina. Su camino hacia el bienestar ortop\u00e9dico no es s\u00f3lo nuestra responsabilidad, es nuestra vocaci\u00f3n. \ud83c\udf1f<\/p>\n<\/div>\n<\/div>\n<\/div>\n<div class=\"flex justify-between empty:hidden gizmo:mt-1 gizmo:justify-start gizmo:gap-3 lg:block gizmo:lg:flex\"><\/div>\n<\/div>\n<\/div>\n<\/div>\n<\/div>\n<\/div>\n<\/div>\n<\/div>\n<\/div>\n<\/div>\n<div class=\"w-full pt-2 md:pt-0 border-t md:border-t-0 gizmo:border-t-0 dark:border-white\/20 md:border-transparent md:dark:border-transparent md:pl-2 gizmo:pl-0 gizmo:md:pl-0 md:w-[calc(100%-.5rem)]\">\n<form class=\"stretch mx-2 flex flex-row gap-3 last:mb-2 md:mx-4 md:last:mb-6 lg:mx-auto lg:max-w-2xl xl:max-w-3xl\">\n<div class=\"flex w-full items-center\"><\/div>\n<div>\n<h2>Servicios que ofrecemos:<\/h2>\n<h2><a href=\"https:\/\/newyorkhipknee.com\/faqs\/total-knee-replacement-faqs\/\" target=\"_blank\" rel=\"noopener\"><strong>Reemplazo de rodilla personalizado:<\/strong><\/a><\/h2>\n<p><em>Qui\u00e9n puede beneficiarse:<\/em> La pr\u00f3tesis de rodilla a medida, tambi\u00e9n conocida como pr\u00f3tesis de rodilla personalizada, es una soluci\u00f3n a medida para quienes padecen dolor intenso de rodilla, rigidez e inflamaci\u00f3n que les impiden realizar sus actividades cotidianas. Las causas pueden ir desde la artrosis y la artritis reumatoide hasta las lesiones traum\u00e1ticas y los trastornos degenerativos de la articulaci\u00f3n de la rodilla.<\/p>\n<p><em>El procedimiento:<\/em> Esta intervenci\u00f3n quir\u00fargica consiste en sustituir la articulaci\u00f3n de la rodilla da\u00f1ada por un implante artificial meticulosamente elaborado y personalizado seg\u00fan la anatom\u00eda \u00fanica del paciente. La tecnolog\u00eda de imagen m\u00e1s avanzada genera un modelo 3D de la articulaci\u00f3n de la rodilla, lo que garantiza un ajuste personalizado. El procedimiento se realiza bajo anestesia, dando prioridad a la comodidad del paciente en todo momento.<\/p>\n<p><em>Los beneficios:<\/em><\/p>\n<ul>\n<li><strong>Alivio del dolor:<\/strong> Los implantes personalizados minimizan las molestias, facilitando la recuperaci\u00f3n de la movilidad y las actividades cotidianas.<\/li>\n<li><strong>Movilidad mejorada:<\/strong> Mejora el rango de movimiento para un movimiento m\u00e1s natural de la articulaci\u00f3n de la rodilla.<\/li>\n<li><strong>Mejora de la calidad de vida:<\/strong> Los pacientes recuperan la capacidad de realizar actividades que antes estaban limitadas por el dolor de rodilla.<\/li>\n<li><strong>Recuperaci\u00f3n m\u00e1s r\u00e1pida:<\/strong> La precisi\u00f3n y las t\u00e9cnicas m\u00ednimamente invasivas conducen a tiempos de recuperaci\u00f3n m\u00e1s r\u00e1pidos en comparaci\u00f3n con los m\u00e9todos tradicionales.<\/li>\n<\/ul>\n<p>&nbsp;<\/p>\n<h2><a href=\"https:\/\/newyorkhipknee.com\/hip-replacement-surgery\/\" target=\"_blank\" rel=\"noopener\"><strong>Pr\u00f3tesis de cadera:<\/strong><\/a><\/h2>\n<p><em>Qui\u00e9n puede beneficiarse:<\/em> La artroplastia de cadera se recomienda a las personas que sufren dolor, rigidez e hinchaz\u00f3n graves de cadera, a menudo debido a artrosis, artritis reumatoide, necrosis avascular o fracturas de cadera.<\/p>\n<p><em>La intervenci\u00f3n:<\/em> Una maravilla quir\u00fargica que implica la sustituci\u00f3n de una articulaci\u00f3n de cadera da\u00f1ada por un implante artificial meticulosamente dise\u00f1ado para replicar la estructura y funci\u00f3n de la articulaci\u00f3n de cadera natural. Al igual que el reemplazo de rodilla, este procedimiento se realiza bajo anestesia, lo que garantiza la comodidad del paciente.<\/p>\n<p><em>Los beneficios:<\/em><\/p>\n<ul>\n<li><strong>Alivio del dolor:<\/strong> Alivia el dolor intenso de cadera, recuperando la movilidad y las actividades cotidianas.<\/li>\n<li><strong>Mejora la movilidad:<\/strong> Mejora la amplitud de movimiento en la articulaci\u00f3n de la cadera.<\/li>\n<li><strong>Mejora de la calidad de vida:<\/strong> Los pacientes recuperan la capacidad de participar en actividades obstaculizadas por el dolor de cadera.<\/li>\n<li><strong>Recuperaci\u00f3n m\u00e1s r\u00e1pida:<\/strong> Tiempos de recuperaci\u00f3n m\u00e1s r\u00e1pidos, con reducci\u00f3n del dolor y mejora de la amplitud de movimiento en comparaci\u00f3n con las condiciones previas a la cirug\u00eda.<\/li>\n<\/ul>\n<p>En ambos procedimientos, el Dr. Nakul Karkare emplea t\u00e9cnicas quir\u00fargicas innovadoras y tecnolog\u00eda de vanguardia para la colocaci\u00f3n precisa de implantes a trav\u00e9s de incisiones m\u00e1s peque\u00f1as que preservan los tejidos. Este enfoque minimiza el dolor y acelera la recuperaci\u00f3n.<\/p>\n<p>La experiencia del Dr. Karkare, unida a la naturaleza personalizada de los implantes a medida, garantiza unos resultados superiores para los pacientes que buscan alivio para sus problemas articulares de rodilla y cadera.<\/p>\n<p>Si el dolor en las articulaciones, rigidez, hinchaz\u00f3n o lesi\u00f3n le preocupa, no dude en llegar a Centro Ortop\u00e9dico del Dr. Nakul Karkare. Su equipo especializado se compromete a ayudarle a recuperar la movilidad, aliviar el dolor y mejorar su calidad de vida en general. Su bienestar es su principal preocupaci\u00f3n, gui\u00e1ndole en el camino hacia una mejor salud ortop\u00e9dica.<\/p>\n<p>&nbsp;<\/p>\n<\/div>\n<\/form>\n<\/div>\n<h1>Acerca de Inwood, NY<\/h1>\n<p>Enclavado en la parte m\u00e1s septentrional de la isla de Manhattan, Inwood, Nueva York, le invita a explorar un barrio cargado de historia, cultura diversa y turismo floreciente. Bordeado por el r\u00edo Hudson, el arroyo Spuyten Duyvil, Marble Hill, el r\u00edo Harlem y Washington Heights, Inwood se erige como una joya \u00fanica dentro del tapiz de Nueva York.<\/p>\n<p><strong>Un vistazo a la rica historia de Inwood:<\/strong> Las ra\u00edces de Inwood se remontan a la \u00e9poca colonial, habitada originalmente por los nativos americanos Lenape, que la llamaron Shorakapok. En el siglo XVII, los colonos holandeses e ingleses transformaron el paisaje en un centro agr\u00edcola y pesquero. En el siglo XIX, Inwood se convirti\u00f3 en un refugio codiciado por los neoyorquinos acaudalados, albergando casas de veraneo y complejos tur\u00edsticos.<\/p>\n<p>El legado industrial del barrio, con cervecer\u00edas, curtidur\u00edas y astilleros, a\u00f1ade profundidad a su narrativa. Con la llegada del siglo XX, Inwood se convirti\u00f3 en un para\u00edso residencial, con una ecl\u00e9ctica mezcla de casas unifamiliares, apartamentos y condominios. En 2018, el barrio obtuvo su designaci\u00f3n como distrito hist\u00f3rico, un testimonio de su car\u00e1cter distintivo y patrimonio arquitect\u00f3nico.<\/p>\n<p><strong>Abrazar la cultura de Inwood:<\/strong> Inwood palpita con una cultura diversa y vibrante, que se manifiesta a trav\u00e9s de museos, instituciones culturales y hermosos parques que atraen a visitantes de todo el mundo. Un animado distrito comercial contribuye al encanto del barrio, con vida nocturna, hoteles, restaurantes frente al mar y una gran variedad de tiendas.<\/p>\n<p><strong>De excursi\u00f3n por Inwood, NY:<\/strong> Posicionado como un destino tur\u00edstico en crecimiento, Inwood cautiva con sus pintorescos parques, pintorescos pueblos y un tapiz cultural que invita a la exploraci\u00f3n. Entre sus atracciones se encuentra el famoso Inwood Hill Park, un para\u00edso recreativo que ofrece playa, parque infantil y una serena zona de picnic.<\/p>\n<p>El Dyckman Farmhouse Museum, otro hito notable, es una instituci\u00f3n cultural que acoge diversas exposiciones y eventos a lo largo del a\u00f1o, dedicada a promover la historia y la cultura de la regi\u00f3n.<\/p>\n<p><strong>Washington Heights:<\/strong> Justo al sur de Inwood se encuentra Washington Heights, un barrio con historias y culturas entrelazadas. Recibe su nombre de Fort Washington, una fortificaci\u00f3n de la Guerra de la Independencia, y cuenta con una vibrante comunidad dominicana, que se suma a la animada cultura y vida nocturna del barrio.<\/p>\n<p>Inwood, NY, no es s\u00f3lo un barrio; es un viaje en el tiempo, una celebraci\u00f3n de la diversidad y un centro de turismo creciente. Tanto si es un entusiasta de la historia, un amante de la naturaleza o alguien que busca la tranquilidad de una playa, Inwood le da la bienvenida para explorar sus museos, parques y encantadores pueblos, una invitaci\u00f3n a descubrir algo \u00fanico para cada uno.<\/p>\n<h1>Indicaciones<\/h1>\n<p>Estas son las instrucciones desde Inwood, NY para completar la ortopedia en 52-21 Little Neck Parkway, Little Neck, NY 11362:<\/p>\n<p>1. Dir\u00edjase hacia el noreste por Dyckman St hacia Payson Ave.<br \/>\n2. Gire a la derecha en Payson Ave.<br \/>\n3. Gire a la izquierda en Seaman Ave.<br \/>\n4. Gire a la derecha en W 207th St.<br \/>\n5. Gire a la izquierda en Broadway.<br \/>\n6. Gire a la derecha en W 225th St.<br \/>\n7. Gire a la izquierda en Bailey Ave.<br \/>\n8. Gire a la derecha en W 231st St.<br \/>\n9. Gire a la izquierda en la rampa hacia la I-87 S.<br \/>\n10. Incorp\u00f3rese a Major Deegan Expy.<br \/>\n11. Tome la salida 7N-S hacia Saw Mill Pkwy S\/New York City.<br \/>\n12. Incorp\u00f3rese a Saw Mill River Pkwy S.<br \/>\n13. Tome la salida 4 hacia Cross County Pkwy E.<br \/>\n14. Incorp\u00f3rese a Cross County Pkwy.<br \/>\n15. Tome la salida 9N-S para la I-295 N \/ Throgs Neck Br hacia Whitestone Br.<br \/>\n16. Incorp\u00f3rese a la I-295 S.<br \/>\n17. Tome la salida 32A hacia Little Neck Pkwy.<br \/>\n18. Incorp\u00f3rese a Little Neck Pkwy.<br \/>\n19. Complete Orthopedics estar\u00e1 a la derecha en 52-21 Little Neck Pkwy.<\/p>\n<p>&nbsp;<\/p>\n<h1>Atenci\u00f3n m\u00e9dica cerca de Inwood<\/h1>\n<h4>Farmacias<\/h4>\n<ol class=\"list-outside list-decimal marker:font-mono marker:text-sm pl-11\">\n<li><span class=\"\">Farmacia CVS &#8211; 4925 Broadway, Nueva York, NY 10034<\/span><\/li>\n<li><span class=\"\">Farmacia Walgreens &#8211; 3775 Broadway, Nueva York, NY 10032<\/span><\/li>\n<li><span class=\"\">Farmacia Rite Aid &#8211; 500 W 207th St, Nueva York, NY 10034<\/span><\/li>\n<\/ol>\n<h4>Centros de Radiolog\u00eda<\/h4>\n<ol class=\"list-outside list-decimal marker:font-mono marker:text-sm pl-11\">\n<li><span class=\"\">North Shore Radiology Associates &#8211; 611 Northern Blvd, Great Neck, NY 11021<\/span><\/li>\n<li><span class=\"\">South Shore Radiology &#8211; 242 Merrick Rd, Rockville Centre, NY 11570<\/span><\/li>\n<li><span class=\"\">Diagnostic Radiology Associates &#8211; 165 N Village Ave, Rockville Centre, NY 11570<\/span><\/li>\n<\/ol>\n<h4>Centros de Atenci\u00f3n de Urgencia<\/h4>\n<ol class=\"list-outside list-decimal marker:font-mono marker:text-sm pl-11\">\n<li><span class=\"\">Northwell Health-GoHealth Urgent Care &#8211; 243 Merrick Rd, Rockville Centre, NY 11570<\/span><\/li>\n<li><span class=\"\">CityMD Rockville Centre Urgent Care &#8211; Long Island &#8211; 77 N Centre Ave, Rockville Centre, NY 11570<\/span><\/li>\n<li><span class=\"\">ProHEALTH Atenci\u00f3n de Urgencia &#8211; 2064 Merrick Rd, Merrick, NY 11566<\/span><\/li>\n<\/ol>\n<h4>Hospitales<\/h4>\n<ol class=\"list-outside list-decimal marker:font-mono marker:text-sm pl-11\">\n<li><span class=\"\">NewYork-Presbyterian Allen Hospital &#8211; 5141 Broadway, Nueva York, NY 10034<\/span><\/li>\n<li><span class=\"\">Mount Sinai St. Luke&#8217;s &#8211; 1111 Amsterdam Ave, Nueva York, NY 10025<\/span><\/li>\n<li><span class=\"\">NewYork-Presbyterian Columbia University Irving Medical Center &#8211; 622 W 168th St, Nueva York, NY 10032<\/span><\/li>\n<\/ol>\n<p><span class=\"\">Nota: La informaci\u00f3n proporcionada es precisa a partir de octubre de 2023. Siempre se recomienda verificar la informaci\u00f3n antes de visitar cualquiera de las ubicaciones.<\/span><\/p>\n<div class=\"wDYxhc\" lang=\"en-US\" data-attrid=\"kc:\/local:lu attribute list\" data-md=\"205\" data-hveid=\"CB4QAA\" data-ved=\"2ahUKEwibg7-Ti9-BAxVrGTQIHdl4C9oQ1rkBegQIHhAA\">\n<div class=\"TLYLSe MaBy9\">\n<div class=\"CJQ04\">\n<p>Nos enorgullecemos inmensamente de brindar atenci\u00f3n ortop\u00e9dica integral a pacientes de varios centros de atenci\u00f3n m\u00e9dica dentro de nuestra comunidad, incluidos los mencionados anteriormente.<\/p>\n<p>Ya sea que acuda a nosotros a trav\u00e9s de una referencia para un tratamiento ortop\u00e9dico o si simplemente desea consultar sobre cualquier inquietud ortop\u00e9dica, no dude en ponerse en contacto con nuestro equipo dedicado las 24 horas del d\u00eda, los 7 d\u00edas de la semana. Estamos aqu\u00ed para ofrecer asistencia r\u00e1pida y compasiva.<\/p>\n<p>Muchas personas buscan tratamiento para lesiones relacionadas con la compensaci\u00f3n laboral y el seguro sin culpa en centros de atenci\u00f3n de urgencia y hospitales. Si su lesi\u00f3n no requiere una visita al hospital, estamos encantados de ofrecer atenci\u00f3n ortop\u00e9dica especializada adaptada a tales situaciones. No dude en contactarnos al 631-981-2663 para concertar una cita con nosotros hoy. Su bienestar es nuestra m\u00e1xima prioridad.<\/p>\n<\/div>\n<\/div>\n<\/div>\n<p>&nbsp;<\/p>\n","protected":false},"excerpt":{"rendered":"<p>Presentaci\u00f3n de la pr\u00e1ctica ortop\u00e9dica del Dr. Nakul Karkare en Inwood Tenemos el honor de anunciar la ampliaci\u00f3n de la estimada atenci\u00f3n ortop\u00e9dica del Dr. Nakul Karkare a la distinguida comunidad de Inwood. Situado en Little Neck, nuestra pr\u00e1ctica se dedica a ofrecer experiencia ortop\u00e9dica sin precedentes con un enfoque en la precisi\u00f3n, la compasi\u00f3n [&hellip;]<\/p>\n","protected":false},"author":33,"featured_media":0,"parent":16528,"menu_order":0,"comment_status":"closed","ping_status":"closed","template":"","meta":{"_et_pb_use_builder":"","_et_pb_old_content":"","_et_gb_content_width":"","footnotes":""},"class_list":["post-20962","page","type-page","status-publish","hentry"],"yoast_head":"<!-- This site is optimized with the Yoast SEO plugin v27.2 - https:\/\/yoast.com\/product\/yoast-seo-wordpress\/ -->\n<title>Inwood, Nueva York | Best Hip &amp; Knee Surgeon | NY, USA<\/title>\n<meta name=\"description\" content=\"Presentaci\u00f3n de la pr\u00e1ctica ortop\u00e9dica del Dr. Nakul Karkare en Inwood Tenemos el honor de anunciar la ampliaci\u00f3n de la estimada atenci\u00f3n ortop\u00e9dica del\" \/>\n<meta name=\"robots\" content=\"index, follow, max-snippet:-1, max-image-preview:large, max-video-preview:-1\" \/>\n<link rel=\"canonical\" href=\"https:\/\/www.newyorkhipknee.com\/es\/contacto\/little-neck-mejor-cirujano-de-reemplazo-de-cadera-y-rodilla\/inwood-nueva-york\/\" \/>\n<meta property=\"og:locale\" content=\"es_ES\" \/>\n<meta property=\"og:type\" content=\"article\" \/>\n<meta property=\"og:title\" content=\"Inwood, Nueva York | Best Hip &amp; Knee Surgeon | NY, USA\" \/>\n<meta property=\"og:description\" content=\"Presentaci\u00f3n de la pr\u00e1ctica ortop\u00e9dica del Dr. Nakul Karkare en Inwood Tenemos el honor de anunciar la ampliaci\u00f3n de la estimada atenci\u00f3n ortop\u00e9dica del\" \/>\n<meta property=\"og:url\" content=\"https:\/\/www.newyorkhipknee.com\/es\/contacto\/little-neck-mejor-cirujano-de-reemplazo-de-cadera-y-rodilla\/inwood-nueva-york\/\" \/>\n<meta property=\"og:site_name\" content=\"Best Hip &amp; Knee Surgeon | NY, USA\" \/>\n<meta name=\"twitter:card\" content=\"summary_large_image\" \/>\n<meta name=\"twitter:label1\" content=\"Tiempo de lectura\" \/>\n\t<meta name=\"twitter:data1\" content=\"10 minutos\" \/>\n<script type=\"application\/ld+json\" class=\"yoast-schema-graph\">{\"@context\":\"https:\/\/schema.org\",\"@graph\":[{\"@type\":[\"WebPage\",\"MedicalWebPage\"],\"@id\":\"https:\/\/www.newyorkhipknee.com\/es\/contacto\/little-neck-mejor-cirujano-de-reemplazo-de-cadera-y-rodilla\/inwood-nueva-york\/\",\"url\":\"https:\/\/www.newyorkhipknee.com\/es\/contacto\/little-neck-mejor-cirujano-de-reemplazo-de-cadera-y-rodilla\/inwood-nueva-york\/\",\"name\":\"Inwood, Nueva York | Best Hip &amp; Knee Surgeon | NY, USA\",\"isPartOf\":{\"@id\":\"https:\/\/www.newyorkhipknee.com\/es\/#website\"},\"datePublished\":\"2023-11-21T19:56:54+00:00\",\"description\":\"Presentaci\u00f3n de la pr\u00e1ctica ortop\u00e9dica del Dr. Nakul Karkare en Inwood Tenemos el honor de anunciar la ampliaci\u00f3n de la estimada atenci\u00f3n ortop\u00e9dica del\",\"breadcrumb\":{\"@id\":\"https:\/\/www.newyorkhipknee.com\/es\/contacto\/little-neck-mejor-cirujano-de-reemplazo-de-cadera-y-rodilla\/inwood-nueva-york\/#breadcrumb\"},\"inLanguage\":\"es\",\"potentialAction\":[{\"@type\":\"ReadAction\",\"target\":[\"https:\/\/www.newyorkhipknee.com\/es\/contacto\/little-neck-mejor-cirujano-de-reemplazo-de-cadera-y-rodilla\/inwood-nueva-york\/\"]}]},{\"@type\":\"BreadcrumbList\",\"@id\":\"https:\/\/www.newyorkhipknee.com\/es\/contacto\/little-neck-mejor-cirujano-de-reemplazo-de-cadera-y-rodilla\/inwood-nueva-york\/#breadcrumb\",\"itemListElement\":[{\"@type\":\"ListItem\",\"position\":1,\"name\":\"Home\",\"item\":\"https:\/\/www.newyorkhipknee.com\/es\/\"},{\"@type\":\"ListItem\",\"position\":2,\"name\":\"Contacto\",\"item\":\"https:\/\/www.newyorkhipknee.com\/es\/contacto\/\"},{\"@type\":\"ListItem\",\"position\":3,\"name\":\"Little Neck &#8211; Mejor Cirujano de Reemplazo de Cadera y Rodilla\",\"item\":\"https:\/\/www.newyorkhipknee.com\/es\/contacto\/little-neck-mejor-cirujano-de-reemplazo-de-cadera-y-rodilla\/\"},{\"@type\":\"ListItem\",\"position\":4,\"name\":\"Inwood, Nueva York\"}]},{\"@type\":\"WebSite\",\"@id\":\"https:\/\/www.newyorkhipknee.com\/es\/#website\",\"url\":\"https:\/\/www.newyorkhipknee.com\/es\/\",\"name\":\"Best Hip & Knee Surgeon | NY, USA\",\"description\":\"\",\"potentialAction\":[{\"@type\":\"SearchAction\",\"target\":{\"@type\":\"EntryPoint\",\"urlTemplate\":\"https:\/\/www.newyorkhipknee.com\/es\/?s={search_term_string}\"},\"query-input\":{\"@type\":\"PropertyValueSpecification\",\"valueRequired\":true,\"valueName\":\"search_term_string\"}}],\"inLanguage\":\"es\"}]}<\/script>\n<!-- \/ Yoast SEO plugin. -->","yoast_head_json":{"title":"Inwood, Nueva York | Best Hip &amp; Knee Surgeon | NY, USA","description":"Presentaci\u00f3n de la pr\u00e1ctica ortop\u00e9dica del Dr. Nakul Karkare en Inwood Tenemos el honor de anunciar la ampliaci\u00f3n de la estimada atenci\u00f3n ortop\u00e9dica del","robots":{"index":"index","follow":"follow","max-snippet":"max-snippet:-1","max-image-preview":"max-image-preview:large","max-video-preview":"max-video-preview:-1"},"canonical":"https:\/\/www.newyorkhipknee.com\/es\/contacto\/little-neck-mejor-cirujano-de-reemplazo-de-cadera-y-rodilla\/inwood-nueva-york\/","og_locale":"es_ES","og_type":"article","og_title":"Inwood, Nueva York | Best Hip &amp; Knee Surgeon | NY, USA","og_description":"Presentaci\u00f3n de la pr\u00e1ctica ortop\u00e9dica del Dr. Nakul Karkare en Inwood Tenemos el honor de anunciar la ampliaci\u00f3n de la estimada atenci\u00f3n ortop\u00e9dica del","og_url":"https:\/\/www.newyorkhipknee.com\/es\/contacto\/little-neck-mejor-cirujano-de-reemplazo-de-cadera-y-rodilla\/inwood-nueva-york\/","og_site_name":"Best Hip &amp; Knee Surgeon | NY, USA","twitter_card":"summary_large_image","twitter_misc":{"Tiempo de lectura":"10 minutos"},"schema":{"@context":"https:\/\/schema.org","@graph":[{"@type":["WebPage","MedicalWebPage"],"@id":"https:\/\/www.newyorkhipknee.com\/es\/contacto\/little-neck-mejor-cirujano-de-reemplazo-de-cadera-y-rodilla\/inwood-nueva-york\/","url":"https:\/\/www.newyorkhipknee.com\/es\/contacto\/little-neck-mejor-cirujano-de-reemplazo-de-cadera-y-rodilla\/inwood-nueva-york\/","name":"Inwood, Nueva York | Best Hip &amp; Knee Surgeon | NY, USA","isPartOf":{"@id":"https:\/\/www.newyorkhipknee.com\/es\/#website"},"datePublished":"2023-11-21T19:56:54+00:00","description":"Presentaci\u00f3n de la pr\u00e1ctica ortop\u00e9dica del Dr. Nakul Karkare en Inwood Tenemos el honor de anunciar la ampliaci\u00f3n de la estimada atenci\u00f3n ortop\u00e9dica del","breadcrumb":{"@id":"https:\/\/www.newyorkhipknee.com\/es\/contacto\/little-neck-mejor-cirujano-de-reemplazo-de-cadera-y-rodilla\/inwood-nueva-york\/#breadcrumb"},"inLanguage":"es","potentialAction":[{"@type":"ReadAction","target":["https:\/\/www.newyorkhipknee.com\/es\/contacto\/little-neck-mejor-cirujano-de-reemplazo-de-cadera-y-rodilla\/inwood-nueva-york\/"]}]},{"@type":"BreadcrumbList","@id":"https:\/\/www.newyorkhipknee.com\/es\/contacto\/little-neck-mejor-cirujano-de-reemplazo-de-cadera-y-rodilla\/inwood-nueva-york\/#breadcrumb","itemListElement":[{"@type":"ListItem","position":1,"name":"Home","item":"https:\/\/www.newyorkhipknee.com\/es\/"},{"@type":"ListItem","position":2,"name":"Contacto","item":"https:\/\/www.newyorkhipknee.com\/es\/contacto\/"},{"@type":"ListItem","position":3,"name":"Little Neck &#8211; Mejor Cirujano de Reemplazo de Cadera y Rodilla","item":"https:\/\/www.newyorkhipknee.com\/es\/contacto\/little-neck-mejor-cirujano-de-reemplazo-de-cadera-y-rodilla\/"},{"@type":"ListItem","position":4,"name":"Inwood, Nueva York"}]},{"@type":"WebSite","@id":"https:\/\/www.newyorkhipknee.com\/es\/#website","url":"https:\/\/www.newyorkhipknee.com\/es\/","name":"Best Hip & Knee Surgeon | NY, USA","description":"","potentialAction":[{"@type":"SearchAction","target":{"@type":"EntryPoint","urlTemplate":"https:\/\/www.newyorkhipknee.com\/es\/?s={search_term_string}"},"query-input":{"@type":"PropertyValueSpecification","valueRequired":true,"valueName":"search_term_string"}}],"inLanguage":"es"}]}},"_links":{"self":[{"href":"https:\/\/www.newyorkhipknee.com\/es\/wp-json\/wp\/v2\/pages\/20962","targetHints":{"allow":["GET"]}}],"collection":[{"href":"https:\/\/www.newyorkhipknee.com\/es\/wp-json\/wp\/v2\/pages"}],"about":[{"href":"https:\/\/www.newyorkhipknee.com\/es\/wp-json\/wp\/v2\/types\/page"}],"author":[{"embeddable":true,"href":"https:\/\/www.newyorkhipknee.com\/es\/wp-json\/wp\/v2\/users\/33"}],"replies":[{"embeddable":true,"href":"https:\/\/www.newyorkhipknee.com\/es\/wp-json\/wp\/v2\/comments?post=20962"}],"version-history":[{"count":0,"href":"https:\/\/www.newyorkhipknee.com\/es\/wp-json\/wp\/v2\/pages\/20962\/revisions"}],"up":[{"embeddable":true,"href":"https:\/\/www.newyorkhipknee.com\/es\/wp-json\/wp\/v2\/pages\/16528"}],"wp:attachment":[{"href":"https:\/\/www.newyorkhipknee.com\/es\/wp-json\/wp\/v2\/media?parent=20962"}],"curies":[{"name":"wp","href":"https:\/\/api.w.org\/{rel}","templated":true}]}}