{"id":20963,"date":"2023-11-22T13:05:12","date_gmt":"2023-11-22T18:05:12","guid":{"rendered":"https:\/\/newyorkhipknee.com\/contacto\/little-neck-mejor-cirujano-de-reemplazo-de-cadera-y-rodilla\/manhasset-nueva-york\/"},"modified":"2023-11-22T13:05:12","modified_gmt":"2023-11-22T18:05:12","slug":"manhasset-nueva-york","status":"publish","type":"page","link":"https:\/\/www.newyorkhipknee.com\/es\/contacto\/little-neck-mejor-cirujano-de-reemplazo-de-cadera-y-rodilla\/manhasset-nueva-york\/","title":{"rendered":"Manhasset, Nueva York"},"content":{"rendered":"<h1>Bienvenido a la consulta de ortopedia del Dr. Nakul Karkare en Little Neck, \u00a1orgullosamente al servicio de la comunidad de Manhasset!<\/h1>\n<p>A la vanguardia de la excelencia ortop\u00e9dica, el Dr. Nakul Karkare dirige un distinguido equipo de especialistas dedicados a proporcionar una atenci\u00f3n sin igual a la comunidad de Manhasset. Como cirujano ortop\u00e9dico altamente experimentado, el Dr. Karkare aporta un nivel de experiencia y profesionalidad que distingue a nuestra pr\u00e1ctica.<\/p>\n<p><strong>\u00bfPor qu\u00e9 elegir la ortopedia del Dr. Nakul Karkare en Manhasset?<\/strong><\/p>\n<ol>\n<li><strong>Reconocida experiencia ortop\u00e9dica:<\/strong> El Dr. Nakul Karkare es un cirujano ortop\u00e9dico certificado con amplia formaci\u00f3n y experiencia en el campo. Su experiencia abarca una amplia gama de especialidades ortop\u00e9dicas, asegurando que cada paciente reciba el m\u00e1s alto nivel de atenci\u00f3n.<\/li>\n<li><strong>Liderazgo en innovaci\u00f3n ortop\u00e9dica:<\/strong> El Dr. Karkare se compromete a mantenerse a la vanguardia de los avances ortop\u00e9dicos. Incorpora las \u00faltimas tecnolog\u00edas y tratamientos de vanguardia en su consulta, ofreciendo a los pacientes soluciones de vanguardia para diversas afecciones ortop\u00e9dicas.<\/li>\n<li><strong>Atenci\u00f3n individualizada al paciente:<\/strong> Reconociendo la singularidad de cada paciente, el Dr. Karkare emplea un enfoque personalizado para la atenci\u00f3n ortop\u00e9dica. Se toma el tiempo necesario para comprender las necesidades, preocupaciones y objetivos espec\u00edficos de cada paciente, garantizando un plan de tratamiento a medida para obtener resultados \u00f3ptimos.<\/li>\n<li><strong>Enfoque centrado en la comunidad:<\/strong> La presencia del Dr. Karkare en Manhasset es m\u00e1s que profesional; es un compromiso con el bienestar de la comunidad. \u00c9l y su equipo se esfuerzan por contribuir activamente a la salud de la comunidad, fomentando un sentimiento de confianza y fiabilidad.<\/li>\n<li><strong>Excelencia probada y \u00e9xito de los pacientes:<\/strong> El historial de \u00e9xitos del Dr. Karkare lo dice todo. Numerosos pacientes han experimentado mejoras que les han cambiado la vida en cuanto a movilidad, alivio del dolor y calidad de vida en general bajo su experto cuidado.<\/li>\n<\/ol>\n<p>Para aquellos que luchan con problemas en las articulaciones, lesiones relacionadas con el deporte, fracturas, o cualquier preocupaci\u00f3n ortop\u00e9dica, Ortopedia del Dr. Nakul Karkare se erige como el faro de la atenci\u00f3n profesional y compasiva en Manhasset. Nos enorgullecemos de ofrecer el m\u00e1s alto nivel de experiencia con un compromiso con su bienestar.<\/p>\n<p>Su salud ortop\u00e9dica est\u00e1 en manos de un profesional acreditado. Si usted est\u00e1 buscando atenci\u00f3n ortop\u00e9dica especializada, el Dr. Nakul Karkare y su equipo est\u00e1n aqu\u00ed para guiarle en el camino hacia la recuperaci\u00f3n y la mejora de la salud con un nivel de profesionalismo y experiencia que usted puede confiar.<\/p>\n<h2>Tenemos el honor de ofrecer una amplia gama de servicios ortop\u00e9dicos en los alrededores de Manhasset,NY<\/h2>\n<h2><a role=\"link\" href=\"https:\/\/newyorkhipknee.com\/custom-knee-replacement-surgery\/\" target=\"_blank\" rel=\"noopener\">Reemplazo de rodilla personalizado:<\/a><\/h2>\n<p><strong>Para qui\u00e9n es beneficioso este procedimiento:<\/strong> La artroplastia de rodilla personalizada, tambi\u00e9n denominada artroplastia de rodilla a medida, es una soluci\u00f3n muy recomendable para las personas que padecen dolor intenso de rodilla, rigidez e hinchaz\u00f3n que limitan considerablemente sus actividades diarias y su calidad de vida en general. Estos s\u00edntomas suelen deberse a afecciones como la artrosis, la artritis reumatoide, lesiones traum\u00e1ticas u otros trastornos degenerativos de la articulaci\u00f3n de la rodilla.<\/p>\n<p><strong>El proceso quir\u00fargico:<\/strong> La pr\u00f3tesis de rodilla a medida representa una intervenci\u00f3n quir\u00fargica avanzada en la que una articulaci\u00f3n de rodilla da\u00f1ada se sustituye de forma experta por un implante artificial adaptado con precisi\u00f3n. Este implante se adapta a la estructura anat\u00f3mica \u00fanica del paciente y se crea utilizando tecnolog\u00eda de imagen avanzada, produciendo un modelo tridimensional exacto de la articulaci\u00f3n de la rodilla del paciente. Este modelo gu\u00eda el desarrollo de un implante que se adapta perfectamente a la rodilla del paciente.<\/p>\n<p>La intervenci\u00f3n quir\u00fargica propiamente dicha se realiza bajo anestesia, lo que garantiza la comodidad del paciente. Durante la intervenci\u00f3n, el cirujano ortop\u00e9dico retira meticulosamente la articulaci\u00f3n da\u00f1ada e introduce el implante a medida.<\/p>\n<p><strong>Ventajas:<\/strong> La pr\u00f3tesis de rodilla a medida ofrece multitud de ventajas a los pacientes, entre ellas:<\/p>\n<ol>\n<li><strong>Alivio del dolor:<\/strong> La principal ventaja es el alivio del dolor cr\u00f3nico de rodilla. El implante personalizado est\u00e1 dise\u00f1ado para minimizar las molestias, lo que permite a los pacientes recuperar su movilidad y volver a sus rutinas diarias.<\/li>\n<li><strong>Mayor movilidad:<\/strong> Las pr\u00f3tesis de rodilla a medida mejoran dr\u00e1sticamente la amplitud de movimiento del paciente, permitiendo un movimiento m\u00e1s natural y sin dolor en la articulaci\u00f3n de la rodilla.<\/li>\n<li><strong>Mejora de la calidad de vida:<\/strong> Los pacientes experimentan con frecuencia una mejora significativa de su calidad de vida en general. Pueden volver a participar en actividades a las que ten\u00edan que renunciar debido al dolor de rodilla.<\/li>\n<li><strong>R\u00e1pida recuperaci\u00f3n:<\/strong> Las pr\u00f3tesis de rodilla personalizadas suelen conllevar una recuperaci\u00f3n m\u00e1s r\u00e1pida que las pr\u00f3tesis de rodilla tradicionales. La precisi\u00f3n del implante personalizado y las t\u00e9cnicas quir\u00fargicas m\u00ednimamente invasivas pueden reducir el dolor postoperatorio y acelerar la rehabilitaci\u00f3n.<\/li>\n<\/ol>\n<p>&nbsp;<\/p>\n<h2><a role=\"link\" href=\"https:\/\/newyorkhipknee.com\/hip-replacement-surgery\/\" target=\"_blank\" rel=\"noopener\">Pr\u00f3tesis de cadera:<\/a><\/h2>\n<p><strong>Para qui\u00e9n es beneficioso este procedimiento:<\/strong> La artroplastia de cadera es muy recomendable para las personas que padecen dolor intenso de cadera, rigidez e inflamaci\u00f3n que dificultan considerablemente sus actividades cotidianas y su calidad de vida en general. Entre las causas subyacentes m\u00e1s comunes se encuentran la artrosis, la artritis reumatoide, la necrosis avascular o las fracturas de cadera.<\/p>\n<p><strong>El proceso quir\u00fargico:<\/strong> La artroplastia de cadera es un sofisticado procedimiento quir\u00fargico en el que se sustituye una articulaci\u00f3n de cadera da\u00f1ada por un implante artificial de intrincado dise\u00f1o. Este implante reproduce la estructura y funci\u00f3n naturales de la articulaci\u00f3n de la cadera, ofreciendo a los pacientes una renovada sensaci\u00f3n de movilidad y alivio de las molestias.<\/p>\n<p>Bajo anestesia, el cirujano ortop\u00e9dico retira h\u00e1bilmente la articulaci\u00f3n da\u00f1ada e introduce el implante artificial, de forma muy similar al procedimiento de sustituci\u00f3n de rodilla.<\/p>\n<p><strong>Los beneficios:<\/strong> La artroplastia de cadera confiere multitud de beneficios a los pacientes, entre ellos:<\/p>\n<ol>\n<li><strong>Alivio del dolor:<\/strong> El principal beneficio es el alivio del dolor intenso de cadera, lo que permite a los pacientes recuperar su movilidad y reanudar sin problemas sus actividades cotidianas.<\/li>\n<li><strong>Mayor movilidad:<\/strong> Las pr\u00f3tesis de cadera mejoran considerablemente la amplitud de movimiento de la articulaci\u00f3n de la cadera, lo que permite a los pacientes un movimiento m\u00e1s fluido y flexible.<\/li>\n<li><strong>Mayor calidad de vida:<\/strong> Los pacientes suelen experimentar una profunda mejora de su calidad de vida en general. Recuperan la capacidad de participar en actividades que antes les resultaban dif\u00edciles o imposibles debido al dolor de cadera.<\/li>\n<li><strong>R\u00e1pida recuperaci\u00f3n:<\/strong> La artroplastia de cadera suele conllevar una recuperaci\u00f3n m\u00e1s r\u00e1pida, con una reducci\u00f3n del dolor y una mejora de la amplitud de movimiento en comparaci\u00f3n con el estado previo a la intervenci\u00f3n.<\/li>\n<\/ol>\n<p>En ambos casos, el Dr. Nakul Karkare emplea t\u00e9cnicas quir\u00fargicas avanzadas y tecnolog\u00eda de vanguardia para garantizar la colocaci\u00f3n precisa de los componentes del implante a trav\u00e9s de incisiones m\u00e1s peque\u00f1as que no da\u00f1an los tejidos.<\/p>\n<p>Este enfoque minimiza las molestias y acelera el proceso de recuperaci\u00f3n. La experiencia del Dr. Karkare en estos procedimientos, combinada con la naturaleza individualizada de los implantes a medida, contribuye a obtener resultados superiores para los pacientes que buscan alivio de los problemas articulares de rodilla y cadera.<\/p>\n<p>Si usted est\u00e1 luchando con dolor en las articulaciones, rigidez, hinchaz\u00f3n, o ha sufrido una lesi\u00f3n, por favor no dude en ponerse en contacto con el Centro Ortop\u00e9dico del Dr. Nakul Karkare. Nuestro equipo de expertos se dedica a ayudarle a recuperar la movilidad, aliviar el dolor y elevar su calidad de vida en general. Su bienestar es nuestra m\u00e1xima prioridad, y estamos aqu\u00ed para guiarle en su camino hacia una mejor salud ortop\u00e9dica.<\/p>\n<p>&nbsp;<\/p>\n<h1>Acerca de Manhasset, NY<\/h1>\n<p>Bienvenido a Manhasset, NY, una encantadora aldea situada en el condado de Nassau, en la costa norte de Long Island, Nueva York, Estados Unidos. Nuestra comunidad es conocida por su rica historia, su vibrante cultura y su floreciente poblaci\u00f3n. Manhasset ofrece un sinf\u00edn de atracciones, desde pintorescos parques hasta excelentes colegios y un animado distrito comercial.<\/p>\n<p><strong>Historia de Manhasset, NY:<\/strong> Ad\u00e9ntrese en la fascinante historia de Manhasset, cuyas ra\u00edces se remontan a la \u00e9poca colonial, cuando fue habitada inicialmente por la tribu de nativos americanos Matinecock. Los colonos europeos llegaron en el siglo XVII y establecieron la zona como centro agr\u00edcola y pesquero. En el siglo XIX, Manhasset se convirti\u00f3 en un refugio codiciado por los neoyorquinos adinerados, que construyeron casas de veraneo y fincas. Industrias como la construcci\u00f3n naval y la ostricultura florecieron, contribuyendo al variado patrimonio de la aldea. A medida que avanzaba el siglo XX, Manhasset se convirti\u00f3 en una comunidad residencial, con una mezcla de casas unifamiliares, apartamentos y condominios, cada uno de ellos con un encanto arquitect\u00f3nico \u00fanico.<\/p>\n<p><strong>Cultura de Manhasset, NY:<\/strong> Explore la diversa y vibrante cultura de Manhasset, sede de numerosos museos e instituciones culturales. Nuestra aldea presume de hermosos parques que cautivan a visitantes de todo el mundo. El distrito comercial es un animado centro con vida nocturna, hoteles, restaurantes frente al mar y una gran variedad de tiendas.<\/p>\n<p><strong>Turismo en Manhasset, NY:<\/strong> Manhasset se ha convertido en un destino tur\u00edstico cada vez m\u00e1s popular, atrayendo visitantes con sus encantadores parques, encantadores pueblos y rico patrimonio cultural. Entre las atracciones de visita obligada se encuentra el Americana Manhasset, un centro comercial de lujo que alberga tiendas y restaurantes de lujo. Tanto si es local como turista, este para\u00edso de las compras es uno de sus destinos favoritos. Otra joya de Manhasset es el puerto deportivo de Manhasset Bay, que ofrece una gran variedad de actividades recreativas como paseos en barco, pesca y kayak. El puerto deportivo es apreciado tanto por los lugare\u00f1os como por los visitantes.<\/p>\n<p>Manhasset le invita a sumergirse en su historia, abrazar su variada cultura y explorar las atracciones que la convierten en un creciente centro de atracci\u00f3n tur\u00edstica. Ya sea paseando por nuestras hist\u00f3ricas calles o disfrutando de la oferta de nuestros vibrantes espacios comerciales, Manhasset promete una experiencia encantadora para todos.<\/p>\n<h1>Indicaciones<\/h1>\n<p><span class=\"\">Aqu\u00ed est\u00e1n las instrucciones desde Manhasset, NY a Complete Orthopedics en 52-21 Little Neck Parkway, Little Neck, NY 11362:<\/span><\/p>\n<ol class=\"list-outside list-decimal marker:font-mono marker:text-sm pl-11\">\n<li><span class=\"\">Dir\u00edjase hacia el sur por Plandome Rd hacia Northern Blvd.<\/span><\/li>\n<li><span class=\"\">Gire a la izquierda en Northern Blvd.<\/span><\/li>\n<li><span class=\"\">Gire a la derecha en Little Neck Pkwy.<\/span><\/li>\n<li><span class=\"\">Complete Orthopedics estar\u00e1 a la derecha en 52-21 Little Neck Pkwy.<\/span><\/li>\n<\/ol>\n<p><span class=\"\">Nota: Las indicaciones exactas pueden variar en funci\u00f3n de la ubicaci\u00f3n de partida. Se recomienda utilizar un GPS o un servicio de mapas para obtener las direcciones m\u00e1s precisas.<\/span><\/p>\n<p>&nbsp;<\/p>\n<h1>Atenci\u00f3n m\u00e9dica cerca de Manhasset<\/h1>\n<p><span class=\"\">Aqu\u00ed hay tres farmacias, tres centros de radiolog\u00eda, tres centros de atenci\u00f3n de urgencia y tres hospitales cerca de Manhasset, NY con sus direcciones:<\/span><\/p>\n<h4>Farmacias<\/h4>\n<ol class=\"list-outside list-decimal marker:font-mono marker:text-sm pl-11\">\n<li><span class=\"\">Farmacia CVS &#8211; 366 Plandome Rd, Manhasset, NY 11030<\/span><\/li>\n<li><span class=\"\">Farmacia Walgreens &#8211; 1350 Northern Blvd, Manhasset, NY 11030<\/span><\/li>\n<li><span class=\"\">Farmacia Rite Aid &#8211; 136 Plandome Rd, Manhasset, NY 11030<\/span><\/li>\n<\/ol>\n<h4>Centros de Radiolog\u00eda<\/h4>\n<ol class=\"list-outside list-decimal marker:font-mono marker:text-sm pl-11\">\n<li><span class=\"\">North Shore Radiology Associates &#8211; 300 Community Dr, Manhasset, NY 11030<\/span><\/li>\n<li><span class=\"\">Manhasset Medical Imaging &#8211; 2110 Northern Blvd, Manhasset, NY 11030<\/span><\/li>\n<li><span class=\"\">Diagnostic Radiology Associates &#8211; 165 N Village Ave, Rockville Centre, NY 11570<\/span><\/li>\n<\/ol>\n<h4>Centros de Atenci\u00f3n de Urgencia<\/h4>\n<ol class=\"list-outside list-decimal marker:font-mono marker:text-sm pl-11\">\n<li><span class=\"\">CityMD Manhasset Urgent Care &#8211; 1350 Northern Blvd, Manhasset, NY 11030<\/span><\/li>\n<li><span class=\"\">ProHEALTH Urgent Care &#8211; 2110 Northern Blvd, Manhasset, NY 11030<\/span><\/li>\n<li><span class=\"\">Northwell Health-GoHealth Urgent Care &#8211; 1070 Northern Blvd, Roslyn, NY 11576<\/span><\/li>\n<\/ol>\n<h4>Hospitales<\/h4>\n<ol class=\"list-outside list-decimal marker:font-mono marker:text-sm pl-11\">\n<li><span class=\"\">Hospital Universitario North Shore &#8211; 300 Community Dr, Manhasset, NY 11030<\/span><\/li>\n<li><span class=\"\">St. Francis Hospital &#8211; 100 Port Washington Blvd, Roslyn, NY 11576<\/span><\/li>\n<li><span class=\"\">Centro M\u00e9dico Jud\u00edo de Long Island &#8211; 270-05 76th Ave, New Hyde Park, NY 11040<\/span><\/li>\n<\/ol>\n<p><span class=\"\">Nota: La informaci\u00f3n proporcionada es precisa a partir de octubre de 2023.<\/span><\/p>\n<p>&nbsp;<\/p>\n<p>Nos enorgullecemos inmensamente de brindar atenci\u00f3n ortop\u00e9dica integral a pacientes de varios centros de atenci\u00f3n m\u00e9dica dentro de nuestra comunidad, incluidos los mencionados anteriormente.<\/p>\n<p>Ya sea que tenga una referencia para tratamiento ortop\u00e9dico o simplemente desee consultar con nosotros para cualquier inquietud ortop\u00e9dica, no dude en comunicarse con nuestro equipo dedicado las 24 horas del d\u00eda, los 7 d\u00edas de la semana. Estamos aqu\u00ed para brindarle asistencia r\u00e1pida y compasiva.<\/p>\n<p>Muchas personas visitan centros de atenci\u00f3n de urgencia y hospitales debido a lesiones relacionadas con el trabajo cubiertas por la compensaci\u00f3n laboral y el seguro sin culpa. Si su lesi\u00f3n no requiere una visita al hospital, nos complace ofrecer un tratamiento ortop\u00e9dico especializado adaptado a tales casos. No dude en contactarnos al 631-981-2663 para programar una cita con nosotros hoy. Su bienestar sigue siendo nuestra m\u00e1xima prioridad.<\/p>\n","protected":false},"excerpt":{"rendered":"<p>Bienvenido a la consulta de ortopedia del Dr. Nakul Karkare en Little Neck, \u00a1orgullosamente al servicio de la comunidad de Manhasset! A la vanguardia de la excelencia ortop\u00e9dica, el Dr. Nakul Karkare dirige un distinguido equipo de especialistas dedicados a proporcionar una atenci\u00f3n sin igual a la comunidad de Manhasset. Como cirujano ortop\u00e9dico altamente experimentado, [&hellip;]<\/p>\n","protected":false},"author":33,"featured_media":0,"parent":16528,"menu_order":0,"comment_status":"closed","ping_status":"closed","template":"","meta":{"_et_pb_use_builder":"","_et_pb_old_content":"","_et_gb_content_width":"","footnotes":""},"class_list":["post-20963","page","type-page","status-publish","hentry"],"yoast_head":"<!-- This site is optimized with the Yoast SEO plugin v27.2 - https:\/\/yoast.com\/product\/yoast-seo-wordpress\/ -->\n<title>Manhasset, Nueva York | Best Hip &amp; Knee Surgeon | NY, USA<\/title>\n<meta name=\"description\" content=\"Bienvenido a la consulta de ortopedia del Dr. Nakul Karkare en Little Neck, \u00a1orgullosamente al servicio de la comunidad de Manhasset! A la vanguardia de\" \/>\n<meta name=\"robots\" content=\"index, follow, max-snippet:-1, max-image-preview:large, max-video-preview:-1\" \/>\n<link rel=\"canonical\" href=\"https:\/\/www.newyorkhipknee.com\/es\/contacto\/little-neck-mejor-cirujano-de-reemplazo-de-cadera-y-rodilla\/manhasset-nueva-york\/\" \/>\n<meta property=\"og:locale\" content=\"es_ES\" \/>\n<meta property=\"og:type\" content=\"article\" \/>\n<meta property=\"og:title\" content=\"Manhasset, Nueva York | Best Hip &amp; Knee Surgeon | NY, USA\" \/>\n<meta property=\"og:description\" content=\"Bienvenido a la consulta de ortopedia del Dr. Nakul Karkare en Little Neck, \u00a1orgullosamente al servicio de la comunidad de Manhasset! A la vanguardia de\" \/>\n<meta property=\"og:url\" content=\"https:\/\/www.newyorkhipknee.com\/es\/contacto\/little-neck-mejor-cirujano-de-reemplazo-de-cadera-y-rodilla\/manhasset-nueva-york\/\" \/>\n<meta property=\"og:site_name\" content=\"Best Hip &amp; Knee Surgeon | NY, USA\" \/>\n<meta name=\"twitter:card\" content=\"summary_large_image\" \/>\n<meta name=\"twitter:label1\" content=\"Tiempo de lectura\" \/>\n\t<meta name=\"twitter:data1\" content=\"11 minutos\" \/>\n<script type=\"application\/ld+json\" class=\"yoast-schema-graph\">{\"@context\":\"https:\/\/schema.org\",\"@graph\":[{\"@type\":[\"WebPage\",\"MedicalWebPage\"],\"@id\":\"https:\/\/www.newyorkhipknee.com\/es\/contacto\/little-neck-mejor-cirujano-de-reemplazo-de-cadera-y-rodilla\/manhasset-nueva-york\/\",\"url\":\"https:\/\/www.newyorkhipknee.com\/es\/contacto\/little-neck-mejor-cirujano-de-reemplazo-de-cadera-y-rodilla\/manhasset-nueva-york\/\",\"name\":\"Manhasset, Nueva York | Best Hip &amp; Knee Surgeon | NY, USA\",\"isPartOf\":{\"@id\":\"https:\/\/www.newyorkhipknee.com\/es\/#website\"},\"datePublished\":\"2023-11-22T18:05:12+00:00\",\"description\":\"Bienvenido a la consulta de ortopedia del Dr. Nakul Karkare en Little Neck, \u00a1orgullosamente al servicio de la comunidad de Manhasset! A la vanguardia de\",\"breadcrumb\":{\"@id\":\"https:\/\/www.newyorkhipknee.com\/es\/contacto\/little-neck-mejor-cirujano-de-reemplazo-de-cadera-y-rodilla\/manhasset-nueva-york\/#breadcrumb\"},\"inLanguage\":\"es\",\"potentialAction\":[{\"@type\":\"ReadAction\",\"target\":[\"https:\/\/www.newyorkhipknee.com\/es\/contacto\/little-neck-mejor-cirujano-de-reemplazo-de-cadera-y-rodilla\/manhasset-nueva-york\/\"]}]},{\"@type\":\"BreadcrumbList\",\"@id\":\"https:\/\/www.newyorkhipknee.com\/es\/contacto\/little-neck-mejor-cirujano-de-reemplazo-de-cadera-y-rodilla\/manhasset-nueva-york\/#breadcrumb\",\"itemListElement\":[{\"@type\":\"ListItem\",\"position\":1,\"name\":\"Home\",\"item\":\"https:\/\/www.newyorkhipknee.com\/es\/\"},{\"@type\":\"ListItem\",\"position\":2,\"name\":\"Contacto\",\"item\":\"https:\/\/www.newyorkhipknee.com\/es\/contacto\/\"},{\"@type\":\"ListItem\",\"position\":3,\"name\":\"Little Neck &#8211; Mejor Cirujano de Reemplazo de Cadera y Rodilla\",\"item\":\"https:\/\/www.newyorkhipknee.com\/es\/contacto\/little-neck-mejor-cirujano-de-reemplazo-de-cadera-y-rodilla\/\"},{\"@type\":\"ListItem\",\"position\":4,\"name\":\"Manhasset, Nueva York\"}]},{\"@type\":\"WebSite\",\"@id\":\"https:\/\/www.newyorkhipknee.com\/es\/#website\",\"url\":\"https:\/\/www.newyorkhipknee.com\/es\/\",\"name\":\"Best Hip & Knee Surgeon | NY, USA\",\"description\":\"\",\"potentialAction\":[{\"@type\":\"SearchAction\",\"target\":{\"@type\":\"EntryPoint\",\"urlTemplate\":\"https:\/\/www.newyorkhipknee.com\/es\/?s={search_term_string}\"},\"query-input\":{\"@type\":\"PropertyValueSpecification\",\"valueRequired\":true,\"valueName\":\"search_term_string\"}}],\"inLanguage\":\"es\"}]}<\/script>\n<!-- \/ Yoast SEO plugin. -->","yoast_head_json":{"title":"Manhasset, Nueva York | Best Hip &amp; Knee Surgeon | NY, USA","description":"Bienvenido a la consulta de ortopedia del Dr. Nakul Karkare en Little Neck, \u00a1orgullosamente al servicio de la comunidad de Manhasset! A la vanguardia de","robots":{"index":"index","follow":"follow","max-snippet":"max-snippet:-1","max-image-preview":"max-image-preview:large","max-video-preview":"max-video-preview:-1"},"canonical":"https:\/\/www.newyorkhipknee.com\/es\/contacto\/little-neck-mejor-cirujano-de-reemplazo-de-cadera-y-rodilla\/manhasset-nueva-york\/","og_locale":"es_ES","og_type":"article","og_title":"Manhasset, Nueva York | Best Hip &amp; Knee Surgeon | NY, USA","og_description":"Bienvenido a la consulta de ortopedia del Dr. Nakul Karkare en Little Neck, \u00a1orgullosamente al servicio de la comunidad de Manhasset! A la vanguardia de","og_url":"https:\/\/www.newyorkhipknee.com\/es\/contacto\/little-neck-mejor-cirujano-de-reemplazo-de-cadera-y-rodilla\/manhasset-nueva-york\/","og_site_name":"Best Hip &amp; Knee Surgeon | NY, USA","twitter_card":"summary_large_image","twitter_misc":{"Tiempo de lectura":"11 minutos"},"schema":{"@context":"https:\/\/schema.org","@graph":[{"@type":["WebPage","MedicalWebPage"],"@id":"https:\/\/www.newyorkhipknee.com\/es\/contacto\/little-neck-mejor-cirujano-de-reemplazo-de-cadera-y-rodilla\/manhasset-nueva-york\/","url":"https:\/\/www.newyorkhipknee.com\/es\/contacto\/little-neck-mejor-cirujano-de-reemplazo-de-cadera-y-rodilla\/manhasset-nueva-york\/","name":"Manhasset, Nueva York | Best Hip &amp; Knee Surgeon | NY, USA","isPartOf":{"@id":"https:\/\/www.newyorkhipknee.com\/es\/#website"},"datePublished":"2023-11-22T18:05:12+00:00","description":"Bienvenido a la consulta de ortopedia del Dr. Nakul Karkare en Little Neck, \u00a1orgullosamente al servicio de la comunidad de Manhasset! A la vanguardia de","breadcrumb":{"@id":"https:\/\/www.newyorkhipknee.com\/es\/contacto\/little-neck-mejor-cirujano-de-reemplazo-de-cadera-y-rodilla\/manhasset-nueva-york\/#breadcrumb"},"inLanguage":"es","potentialAction":[{"@type":"ReadAction","target":["https:\/\/www.newyorkhipknee.com\/es\/contacto\/little-neck-mejor-cirujano-de-reemplazo-de-cadera-y-rodilla\/manhasset-nueva-york\/"]}]},{"@type":"BreadcrumbList","@id":"https:\/\/www.newyorkhipknee.com\/es\/contacto\/little-neck-mejor-cirujano-de-reemplazo-de-cadera-y-rodilla\/manhasset-nueva-york\/#breadcrumb","itemListElement":[{"@type":"ListItem","position":1,"name":"Home","item":"https:\/\/www.newyorkhipknee.com\/es\/"},{"@type":"ListItem","position":2,"name":"Contacto","item":"https:\/\/www.newyorkhipknee.com\/es\/contacto\/"},{"@type":"ListItem","position":3,"name":"Little Neck &#8211; Mejor Cirujano de Reemplazo de Cadera y Rodilla","item":"https:\/\/www.newyorkhipknee.com\/es\/contacto\/little-neck-mejor-cirujano-de-reemplazo-de-cadera-y-rodilla\/"},{"@type":"ListItem","position":4,"name":"Manhasset, Nueva York"}]},{"@type":"WebSite","@id":"https:\/\/www.newyorkhipknee.com\/es\/#website","url":"https:\/\/www.newyorkhipknee.com\/es\/","name":"Best Hip & Knee Surgeon | NY, USA","description":"","potentialAction":[{"@type":"SearchAction","target":{"@type":"EntryPoint","urlTemplate":"https:\/\/www.newyorkhipknee.com\/es\/?s={search_term_string}"},"query-input":{"@type":"PropertyValueSpecification","valueRequired":true,"valueName":"search_term_string"}}],"inLanguage":"es"}]}},"_links":{"self":[{"href":"https:\/\/www.newyorkhipknee.com\/es\/wp-json\/wp\/v2\/pages\/20963","targetHints":{"allow":["GET"]}}],"collection":[{"href":"https:\/\/www.newyorkhipknee.com\/es\/wp-json\/wp\/v2\/pages"}],"about":[{"href":"https:\/\/www.newyorkhipknee.com\/es\/wp-json\/wp\/v2\/types\/page"}],"author":[{"embeddable":true,"href":"https:\/\/www.newyorkhipknee.com\/es\/wp-json\/wp\/v2\/users\/33"}],"replies":[{"embeddable":true,"href":"https:\/\/www.newyorkhipknee.com\/es\/wp-json\/wp\/v2\/comments?post=20963"}],"version-history":[{"count":0,"href":"https:\/\/www.newyorkhipknee.com\/es\/wp-json\/wp\/v2\/pages\/20963\/revisions"}],"up":[{"embeddable":true,"href":"https:\/\/www.newyorkhipknee.com\/es\/wp-json\/wp\/v2\/pages\/16528"}],"wp:attachment":[{"href":"https:\/\/www.newyorkhipknee.com\/es\/wp-json\/wp\/v2\/media?parent=20963"}],"curies":[{"name":"wp","href":"https:\/\/api.w.org\/{rel}","templated":true}]}}