{"id":20970,"date":"2023-11-22T16:32:00","date_gmt":"2023-11-22T21:32:00","guid":{"rendered":"https:\/\/newyorkhipknee.com\/contacto\/little-neck-mejor-cirujano-de-reemplazo-de-cadera-y-rodilla\/viejo-westbury-nueva-york\/"},"modified":"2023-11-22T16:32:00","modified_gmt":"2023-11-22T21:32:00","slug":"viejo-westbury-nueva-york","status":"publish","type":"page","link":"https:\/\/www.newyorkhipknee.com\/es\/contacto\/little-neck-mejor-cirujano-de-reemplazo-de-cadera-y-rodilla\/viejo-westbury-nueva-york\/","title":{"rendered":"Viejo Westbury, Nueva York"},"content":{"rendered":"<h1>Bienvenido a la pr\u00e1ctica ortop\u00e9dica del Dr. Nakul Karkare, su fuente de confianza para la atenci\u00f3n ortop\u00e9dica sin igual, ahora con orgullo sirviendo a la vibrante comunidad de Old Westbury, NY.<\/h1>\n<p>Ubicado en el coraz\u00f3n de Little Neck, nuestra pr\u00e1ctica se dedica a fomentar un ambiente c\u00e1lido y compasivo al tiempo que ofrece servicios de ortopedia de primera categor\u00eda.<\/p>\n<p><strong>Por qu\u00e9 elegir la consulta ortop\u00e9dica del Dr. Nakul Karkare:<\/strong><\/p>\n<p><strong>1. Experiencia con un toque personal:<\/strong> El Dr. Nakul Karkare y nuestro equipo de especialistas ortop\u00e9dicos aportan una gran experiencia en el campo, especializ\u00e1ndose en la reconstrucci\u00f3n de extremidades y la cirug\u00eda de reemplazo de articulaciones. M\u00e1s all\u00e1 de nuestra destreza profesional, nos enorgullecemos de cultivar conexiones personales con nuestros pacientes. Su viaje hacia la salud ortop\u00e9dica no es s\u00f3lo una experiencia m\u00e9dica, sino tambi\u00e9n humana, y estamos aqu\u00ed para guiarle en cada paso del camino.<\/p>\n<p><strong>2. Enfoque centrado en la comunidad:<\/strong> Entendemos las necesidades \u00fanicas de la comunidad de Old Westbury, y nuestra pr\u00e1ctica est\u00e1 dise\u00f1ada para servirle de manera integral. Desde tratar problemas articulares hasta ofrecer soluciones a medida para lesiones deportivas y fracturas, nuestro compromiso va m\u00e1s all\u00e1 de la experiencia m\u00e9dica: se trata de ser sus socios de confianza en su camino hacia la recuperaci\u00f3n.<\/p>\n<p><strong>3. Tratamiento de vanguardia con un toque suave:<\/strong> Manteni\u00e9ndonos a la vanguardia de los avances ortop\u00e9dicos, nos aseguramos de que nuestros pacientes se beneficien de los \u00faltimos tratamientos y tecnolog\u00edas. La habilidad quir\u00fargica del Dr. Karkare se complementa con un compromiso de atenci\u00f3n personalizada, garantizando que cada paciente reciba un plan de tratamiento adaptado a sus necesidades individuales.<\/p>\n<p><strong>4. Atenci\u00f3n centrada en el paciente:<\/strong> Su bienestar es nuestra prioridad, y nos tomamos el tiempo necesario para educar a nuestros pacientes. Creemos que las decisiones informadas conducen a mejores resultados. El Dr. Karkare y nuestro equipo discutir\u00e1n las opciones quir\u00fargicas disponibles, teniendo en cuenta factores como la edad, la salud y el nivel de actividad, proporcion\u00e1ndole los conocimientos necesarios para tomar las mejores decisiones para su salud ortop\u00e9dica.<\/p>\n<p><strong>5. Acceso conveniente:<\/strong> Situado en Little Neck, nuestra pr\u00e1ctica ofrece una ubicaci\u00f3n conveniente para los residentes de Old Westbury. Acceder a una atenci\u00f3n ortop\u00e9dica excepcional deber\u00eda ser f\u00e1cil, y estamos encantados de acercar nuestros servicios a su comunidad.<\/p>\n<p>Emprenda su viaje hacia el bienestar ortop\u00e9dico con la consulta ortop\u00e9dica del Dr. Nakul Karkare. M\u00e1s all\u00e1 de la competencia m\u00e9dica, encontrar\u00e1 un equipo dedicado a crear un entorno agradable y acogedor. Su comodidad, confianza y resultados positivos son nuestras fuerzas motrices. Esperamos ser sus socios en salud y guiarle hacia una vida de movilidad, confort y vitalidad. Bienvenido a una nueva era de la atenci\u00f3n ortop\u00e9dica, donde la profesionalidad se une a la compasi\u00f3n y la experiencia a la empat\u00eda.<\/p>\n<h4>Bienvenido al mundo de la atenci\u00f3n ortop\u00e9dica en la pr\u00e1ctica del Dr. Nakul Karkare, donde sus necesidades \u00fanicas toman el centro del escenario. Si tiene problemas en las articulaciones de la rodilla o la cadera, le presentamos nuestras cirug\u00edas especializadas: el reemplazo personalizado de rodilla y el reemplazo total de cadera.<\/h4>\n<h3><a href=\"https:\/\/newyorkhipknee.com\/custom-knee-replacement-surgery\/\" target=\"_blank\" rel=\"noopener\"><strong>Cirug\u00eda personalizada de pr\u00f3tesis de rodilla:<\/strong><\/a><\/h3>\n<p><em>Indicaciones:<\/em> Cuando la vida te depara artritis, lesiones o afecciones ortop\u00e9dicas y los tratamientos habituales se quedan cortos, el Dr. Nakul Karkare recomienda considerar la cirug\u00eda de reemplazo de rodilla a medida. Su experiencia garantiza un procedimiento a su medida.<\/p>\n<p><em>Ventajas:<\/em> Piense en la pr\u00f3tesis de rodilla a medida como una soluci\u00f3n personalizada esculpida para adaptarse a su anatom\u00eda. Esto se traduce en una mejora de la funci\u00f3n articular, una reducci\u00f3n del dolor y una experiencia de pr\u00f3tesis de rodilla dise\u00f1ada exclusivamente para usted.<\/p>\n<p><em>Intervenci\u00f3n:<\/em> Bajo las h\u00e1biles manos del Dr. Karkare, la cirug\u00eda consiste en eliminar el cart\u00edlago y el hueso da\u00f1ados, sustituy\u00e9ndolos por un implante prot\u00e9sico que imita su articulaci\u00f3n natural. Las im\u00e1genes avanzadas garantizan un ajuste a medida para una alineaci\u00f3n y un funcionamiento \u00f3ptimos.<\/p>\n<p><em>Recuperaci\u00f3n:<\/em> El Dr. Karkare extiende su toque personalizado a su recuperaci\u00f3n. En estrecha colaboraci\u00f3n con nuestro equipo, se elabora un plan de rehabilitaci\u00f3n para ayudarle a recuperar la fuerza y la movilidad, con el objetivo no s\u00f3lo de que se recupere r\u00e1pidamente, sino de que vuelva a realizar sin dolor las actividades que le gustan.<\/p>\n<h3><a href=\"https:\/\/newyorkhipknee.com\/hip-replacement-surgery\/\" target=\"_blank\" rel=\"noopener\"><strong>Cirug\u00eda de pr\u00f3tesis total de cadera:<\/strong><\/a><\/h3>\n<p><em>Indicaciones:<\/em> Cuando el dolor de cadera se convierte en un obst\u00e1culo diario debido a la artritis, lesiones u otras afecciones de la cadera, el reemplazo total de cadera es su posible soluci\u00f3n. El Dr. Nakul Karkare recomienda este procedimiento cuando se ajusta perfectamente a sus necesidades espec\u00edficas.<\/p>\n<p><em>Ventajas:<\/em> La pr\u00f3tesis total de cadera ofrece alivio, mejora la funci\u00f3n articular y aumenta la movilidad. El meticuloso enfoque del Dr. Karkare consiste en seleccionar los materiales y t\u00e9cnicas adecuados para conseguir una nueva articulaci\u00f3n de cadera que se adapte perfectamente a su cuerpo.<\/p>\n<p><em>Procedimiento:<\/em> La t\u00e9cnica del Dr. Karkare elimina el cart\u00edlago y el hueso da\u00f1ados, sustituy\u00e9ndolos por un implante artificial. La precisi\u00f3n en la colocaci\u00f3n y la elecci\u00f3n de los materiales de los implantes contribuyen a la longevidad y funcionalidad de la nueva articulaci\u00f3n.<\/p>\n<p><em>Recuperaci\u00f3n:<\/em> Guiado por el equipo del Dr. Karkare, su viaje de recuperaci\u00f3n se centra en la fisioterapia y un plan de rehabilitaci\u00f3n personalizado. El objetivo no es s\u00f3lo restablecer la funci\u00f3n de la cadera, sino permitirle llevar una vida activa y sin dolor.<\/p>\n<p><strong>Por qu\u00e9 el Dr. Nakul Karkare es su mejor elecci\u00f3n:<\/strong><\/p>\n<p>El Dr. Nakul Karkare aporta una experiencia sin parang\u00f3n a las cirug\u00edas personalizadas de reemplazo total de rodilla y cadera, fruto de a\u00f1os dedicados a la excelencia ortop\u00e9dica. Su enfoque garantiza que cada paciente reciba una atenci\u00f3n adaptada a sus necesidades espec\u00edficas. M\u00e1s all\u00e1 de la habilidad quir\u00fargica, el Dr. Karkare da prioridad a la conexi\u00f3n humana, creando una experiencia centrada en el paciente que es a la vez compasiva e integral.<\/p>\n<p>Elegir al Dr. Karkare significa confiar su salud ortop\u00e9dica a un cirujano que combina competencia t\u00e9cnica con un compromiso genuino con su bienestar. Experimente la diferencia de una atenci\u00f3n personalizada bajo la experta direcci\u00f3n del Dr. Nakul Karkare, un cirujano que no s\u00f3lo entiende la ciencia de la ortopedia, sino tambi\u00e9n el arte de la curaci\u00f3n compasiva. Bienvenido a la atenci\u00f3n ortop\u00e9dica redefinida.<\/p>\n<h1>Acerca de Old Westbury, NY<\/h1>\n<p>Bienvenido a Old Westbury, NY, un encantador pueblo enclavado en el condado de Nassau, en la pintoresca Long Island, Nueva York, Estados Unidos. C\u00e9lebre por su cautivadora historia, su diverso tapiz cultural y sus id\u00edlicos paisajes naturales, Old Westbury es una comunidad que combina a la perfecci\u00f3n el pasado con el presente, ofreciendo una pl\u00e9tora de experiencias, desde monumentos hist\u00f3ricos hasta instituciones educativas de primera categor\u00eda y una pr\u00f3spera comunidad local.<\/p>\n<p><strong>Historia de Old Westbury, NY:<\/strong> Old Westbury, NY, remonta sus ra\u00edces a la \u00e9poca colonial, habitada originalmente por la tribu de nativos americanos Matinecock. En el siglo XVII, los colonos europeos marcaron la zona como centro de la agricultura y la pesca. El siglo XIX fue testigo de la transformaci\u00f3n de Old Westbury en refugio de neoyorquinos adinerados que buscaban casas de veraneo y grandes fincas. Con una historia enriquecida por la construcci\u00f3n naval y el cultivo de ostras, el pueblo evolucion\u00f3 hasta convertirse en una comunidad residencial a principios del siglo XX, con una mezcla de casas unifamiliares, apartamentos y condominios. El patrimonio arquitect\u00f3nico est\u00e1 grabado en edificios y casas hist\u00f3ricas, que narran el perdurable legado del pueblo.<\/p>\n<p><strong>Cultura de Old Westbury, NY<\/strong>: Con una cultura vibrante y diversa, Old Westbury alberga numerosos museos e instituciones culturales que dan vida a su relato hist\u00f3rico. Los encantadores parques del pueblo atraen a visitantes de todo el mundo, mientras que el distrito comercial, adornado con vida nocturna, hoteles, restaurantes frente al mar y tiendas ecl\u00e9cticas, invita a la exploraci\u00f3n.<\/p>\n<p><strong>Turismo en Old Westbury, NY:<\/strong> Old Westbury se ha convertido en un floreciente destino tur\u00edstico, que atrae a los visitantes con sus pintorescos parques, sus pintorescos pueblos y su rico patrimonio cultural. Entre sus atracciones m\u00e1s destacadas se encuentran los famosos Jardines de Old Westbury, una mansi\u00f3n hist\u00f3rica y unos jardines que datan de principios del siglo XX. Venerados por lugare\u00f1os y turistas, los jardines sirven de pintoresco escenario para bodas y acontecimientos especiales. Adem\u00e1s, el campus de SUNY Old Westbury, una universidad p\u00fablica de artes liberales perteneciente al sistema de la Universidad Estatal de Nueva York, es un destino destacado tanto para estudiantes como para visitantes, y a menudo acoge programas y actos educativos.<\/p>\n<p>Tanto si le atrae el encanto hist\u00f3rico de Old Westbury Gardens como el atractivo educativo del campus de SUNY Old Westbury, el pueblo promete una experiencia enriquecedora a todos los que se aventuren en su acogedor abrazo. Visite Old Westbury y sum\u00e9rjase en un tapiz de historia, cultura y belleza natural que sigue cautivando a corazones de todo el mundo.<\/p>\n<p>&nbsp;<\/p>\n<h1>Indicaciones<\/h1>\n<ol class=\"list-outside list-decimal marker:font-mono marker:text-sm pl-11\">\n<li><span class=\"\">Dir\u00edjase hacia el este por Old Country Rd hacia Post Ave.<\/span><\/li>\n<li><span class=\"\">Gire a la derecha en Post Ave.<\/span><\/li>\n<li><span class=\"\">Gire a la izquierda en Jericho Turnpike.<\/span><\/li>\n<li><span class=\"\">Gire a la derecha en Lakeville Rd.<\/span><\/li>\n<li><span class=\"\">Gire a la izquierda en Northern Blvd.<\/span><\/li>\n<li><span class=\"\">Gire a la izquierda en Little Neck Pkwy.<\/span><\/li>\n<li><span class=\"\">Complete Orthopedics estar\u00e1 a la izquierda en 52-21 Little Neck Pkwy.<\/span><\/li>\n<\/ol>\n<p><span class=\"\">Nota: Las indicaciones exactas pueden variar en funci\u00f3n de la ubicaci\u00f3n de partida. Se recomienda utilizar un GPS o un servicio de mapas para obtener las direcciones m\u00e1s precisas.<\/span><\/p>\n<h1><\/h1>\n<h1>Atenci\u00f3n m\u00e9dica cerca de Old Westbury<\/h1>\n<h4>Farmacias<\/h4>\n<ol class=\"list-outside list-decimal marker:font-mono marker:text-sm pl-11\">\n<li><span class=\"\">Farmacia CVS &#8211; 1050 Old Country Rd, Westbury, NY 11590<\/span><\/li>\n<li><span class=\"\">Farmacia Walgreens &#8211; 15 Old Country Rd, Westbury, NY 11590<\/span><\/li>\n<li><span class=\"\">Farmacia Rite Aid &#8211; 700 Old Country Rd, Garden City, NY 11530<\/span><\/li>\n<\/ol>\n<h4>Centros de Radiolog\u00eda<\/h4>\n<ol class=\"list-outside list-decimal marker:font-mono marker:text-sm pl-11\">\n<li><span class=\"\">North Shore Radiology Associates &#8211; 300 Community Dr, Manhasset, NY 11030<\/span><\/li>\n<li><span class=\"\">Long Island Radiology Associates &#8211; 865 Merrick Ave, Westbury, NY 11590<\/span><\/li>\n<li><span class=\"\">Diagnostic Radiology Associates &#8211; 165 N Village Ave, Rockville Centre, NY 11570<\/span><\/li>\n<\/ol>\n<h4>Centros de Atenci\u00f3n de Urgencia<\/h4>\n<ol class=\"list-outside list-decimal marker:font-mono marker:text-sm pl-11\">\n<li><span class=\"\">CityMD Westbury Urgent Care &#8211; 865 Merrick Ave, Westbury, NY 11590<\/span><\/li>\n<li><span class=\"\">ProHEALTH Urgent Care &#8211; 865 Merrick Ave, Westbury, NY 11590<\/span><\/li>\n<li><span class=\"\">Northwell Health-GoHealth Urgent Care &#8211; 1070 Northern Blvd, Roslyn, NY 11576<\/span><\/li>\n<\/ol>\n<h4>Hospitales<\/h4>\n<ol class=\"list-outside list-decimal marker:font-mono marker:text-sm pl-11\">\n<li><span class=\"\">NYU Langone Hospital-Long Island &#8211; 259 1st St, Mineola, NY 11501<\/span><\/li>\n<li><span class=\"\">Winthrop-University Hospital &#8211; 259 1st St, Mineola, NY 11501<\/span><\/li>\n<li><span class=\"\">St. Francis Hospital &#8211; 100 Port Washington Blvd, Roslyn, NY 11576<\/span><\/li>\n<\/ol>\n<p><span class=\"\">Nota: La informaci\u00f3n proporcionada es precisa a partir de octubre de 2023.<\/span><\/p>\n<p>En esencia, nos enorgullecemos de brindar atenci\u00f3n ortop\u00e9dica integral a pacientes de varios centros de atenci\u00f3n m\u00e9dica dentro de nuestra comunidad, incluidos los mencionados anteriormente.<\/p>\n<p>Ya sea que acuda a nosotros a trav\u00e9s de una referencia para un tratamiento ortop\u00e9dico o simplemente busque orientaci\u00f3n experta para sus inquietudes ortop\u00e9dicas, queremos que sepa que nuestro equipo dedicado las 24 horas del d\u00eda, los 7 d\u00edas de la semana, est\u00e1 a solo una llamada de distancia, siempre listo para brindarle asistencia r\u00e1pida y compasiva.<\/p>\n<p>Entendemos que las lesiones relacionadas con el trabajo cubiertas por la compensaci\u00f3n del trabajador y el seguro sin culpa a menudo llevan a las personas a centros de atenci\u00f3n de urgencia y hospitales. Sin embargo, si su lesi\u00f3n no requiere una visita al hospital, estamos encantados de ofrecer un tratamiento ortop\u00e9dico especializado adaptado a estos casos espec\u00edficos<\/p>\n<p>No dude en comunicarse con nosotros al 631-981-2663 para programar una cita con nosotros hoy. Su bienestar es, y siempre ser\u00e1, nuestra m\u00e1xima prioridad.<\/p>\n","protected":false},"excerpt":{"rendered":"<p>Bienvenido a la pr\u00e1ctica ortop\u00e9dica del Dr. Nakul Karkare, su fuente de confianza para la atenci\u00f3n ortop\u00e9dica sin igual, ahora con orgullo sirviendo a la vibrante comunidad de Old Westbury, NY. Ubicado en el coraz\u00f3n de Little Neck, nuestra pr\u00e1ctica se dedica a fomentar un ambiente c\u00e1lido y compasivo al tiempo que ofrece servicios de [&hellip;]<\/p>\n","protected":false},"author":33,"featured_media":0,"parent":16528,"menu_order":0,"comment_status":"closed","ping_status":"closed","template":"","meta":{"_et_pb_use_builder":"","_et_pb_old_content":"","_et_gb_content_width":"","footnotes":""},"class_list":["post-20970","page","type-page","status-publish","hentry"],"yoast_head":"<!-- This site is optimized with the Yoast SEO plugin v27.2 - https:\/\/yoast.com\/product\/yoast-seo-wordpress\/ -->\n<title>Viejo Westbury, Nueva York | Best Hip &amp; Knee Surgeon | NY, USA<\/title>\n<meta name=\"description\" content=\"Bienvenido a la pr\u00e1ctica ortop\u00e9dica del Dr. Nakul Karkare, su fuente de confianza para la atenci\u00f3n ortop\u00e9dica sin igual, ahora con orgullo sirviendo a la\" \/>\n<meta name=\"robots\" content=\"index, follow, max-snippet:-1, max-image-preview:large, max-video-preview:-1\" \/>\n<link rel=\"canonical\" href=\"https:\/\/www.newyorkhipknee.com\/es\/contacto\/little-neck-mejor-cirujano-de-reemplazo-de-cadera-y-rodilla\/viejo-westbury-nueva-york\/\" \/>\n<meta property=\"og:locale\" content=\"es_ES\" \/>\n<meta property=\"og:type\" content=\"article\" \/>\n<meta property=\"og:title\" content=\"Viejo Westbury, Nueva York | Best Hip &amp; Knee Surgeon | NY, USA\" \/>\n<meta property=\"og:description\" content=\"Bienvenido a la pr\u00e1ctica ortop\u00e9dica del Dr. Nakul Karkare, su fuente de confianza para la atenci\u00f3n ortop\u00e9dica sin igual, ahora con orgullo sirviendo a la\" \/>\n<meta property=\"og:url\" content=\"https:\/\/www.newyorkhipknee.com\/es\/contacto\/little-neck-mejor-cirujano-de-reemplazo-de-cadera-y-rodilla\/viejo-westbury-nueva-york\/\" \/>\n<meta property=\"og:site_name\" content=\"Best Hip &amp; Knee Surgeon | NY, USA\" \/>\n<meta name=\"twitter:card\" content=\"summary_large_image\" \/>\n<meta name=\"twitter:label1\" content=\"Tiempo de lectura\" \/>\n\t<meta name=\"twitter:data1\" content=\"10 minutos\" \/>\n<script type=\"application\/ld+json\" class=\"yoast-schema-graph\">{\"@context\":\"https:\/\/schema.org\",\"@graph\":[{\"@type\":[\"WebPage\",\"MedicalWebPage\"],\"@id\":\"https:\/\/www.newyorkhipknee.com\/es\/contacto\/little-neck-mejor-cirujano-de-reemplazo-de-cadera-y-rodilla\/viejo-westbury-nueva-york\/\",\"url\":\"https:\/\/www.newyorkhipknee.com\/es\/contacto\/little-neck-mejor-cirujano-de-reemplazo-de-cadera-y-rodilla\/viejo-westbury-nueva-york\/\",\"name\":\"Viejo Westbury, Nueva York | Best Hip &amp; Knee Surgeon | NY, USA\",\"isPartOf\":{\"@id\":\"https:\/\/www.newyorkhipknee.com\/es\/#website\"},\"datePublished\":\"2023-11-22T21:32:00+00:00\",\"description\":\"Bienvenido a la pr\u00e1ctica ortop\u00e9dica del Dr. Nakul Karkare, su fuente de confianza para la atenci\u00f3n ortop\u00e9dica sin igual, ahora con orgullo sirviendo a la\",\"breadcrumb\":{\"@id\":\"https:\/\/www.newyorkhipknee.com\/es\/contacto\/little-neck-mejor-cirujano-de-reemplazo-de-cadera-y-rodilla\/viejo-westbury-nueva-york\/#breadcrumb\"},\"inLanguage\":\"es\",\"potentialAction\":[{\"@type\":\"ReadAction\",\"target\":[\"https:\/\/www.newyorkhipknee.com\/es\/contacto\/little-neck-mejor-cirujano-de-reemplazo-de-cadera-y-rodilla\/viejo-westbury-nueva-york\/\"]}]},{\"@type\":\"BreadcrumbList\",\"@id\":\"https:\/\/www.newyorkhipknee.com\/es\/contacto\/little-neck-mejor-cirujano-de-reemplazo-de-cadera-y-rodilla\/viejo-westbury-nueva-york\/#breadcrumb\",\"itemListElement\":[{\"@type\":\"ListItem\",\"position\":1,\"name\":\"Home\",\"item\":\"https:\/\/www.newyorkhipknee.com\/es\/\"},{\"@type\":\"ListItem\",\"position\":2,\"name\":\"Contacto\",\"item\":\"https:\/\/www.newyorkhipknee.com\/es\/contacto\/\"},{\"@type\":\"ListItem\",\"position\":3,\"name\":\"Little Neck &#8211; Mejor Cirujano de Reemplazo de Cadera y Rodilla\",\"item\":\"https:\/\/www.newyorkhipknee.com\/es\/contacto\/little-neck-mejor-cirujano-de-reemplazo-de-cadera-y-rodilla\/\"},{\"@type\":\"ListItem\",\"position\":4,\"name\":\"Viejo Westbury, Nueva York\"}]},{\"@type\":\"WebSite\",\"@id\":\"https:\/\/www.newyorkhipknee.com\/es\/#website\",\"url\":\"https:\/\/www.newyorkhipknee.com\/es\/\",\"name\":\"Best Hip & Knee Surgeon | NY, USA\",\"description\":\"\",\"potentialAction\":[{\"@type\":\"SearchAction\",\"target\":{\"@type\":\"EntryPoint\",\"urlTemplate\":\"https:\/\/www.newyorkhipknee.com\/es\/?s={search_term_string}\"},\"query-input\":{\"@type\":\"PropertyValueSpecification\",\"valueRequired\":true,\"valueName\":\"search_term_string\"}}],\"inLanguage\":\"es\"}]}<\/script>\n<!-- \/ Yoast SEO plugin. -->","yoast_head_json":{"title":"Viejo Westbury, Nueva York | Best Hip &amp; Knee Surgeon | NY, USA","description":"Bienvenido a la pr\u00e1ctica ortop\u00e9dica del Dr. Nakul Karkare, su fuente de confianza para la atenci\u00f3n ortop\u00e9dica sin igual, ahora con orgullo sirviendo a la","robots":{"index":"index","follow":"follow","max-snippet":"max-snippet:-1","max-image-preview":"max-image-preview:large","max-video-preview":"max-video-preview:-1"},"canonical":"https:\/\/www.newyorkhipknee.com\/es\/contacto\/little-neck-mejor-cirujano-de-reemplazo-de-cadera-y-rodilla\/viejo-westbury-nueva-york\/","og_locale":"es_ES","og_type":"article","og_title":"Viejo Westbury, Nueva York | Best Hip &amp; Knee Surgeon | NY, USA","og_description":"Bienvenido a la pr\u00e1ctica ortop\u00e9dica del Dr. Nakul Karkare, su fuente de confianza para la atenci\u00f3n ortop\u00e9dica sin igual, ahora con orgullo sirviendo a la","og_url":"https:\/\/www.newyorkhipknee.com\/es\/contacto\/little-neck-mejor-cirujano-de-reemplazo-de-cadera-y-rodilla\/viejo-westbury-nueva-york\/","og_site_name":"Best Hip &amp; Knee Surgeon | NY, USA","twitter_card":"summary_large_image","twitter_misc":{"Tiempo de lectura":"10 minutos"},"schema":{"@context":"https:\/\/schema.org","@graph":[{"@type":["WebPage","MedicalWebPage"],"@id":"https:\/\/www.newyorkhipknee.com\/es\/contacto\/little-neck-mejor-cirujano-de-reemplazo-de-cadera-y-rodilla\/viejo-westbury-nueva-york\/","url":"https:\/\/www.newyorkhipknee.com\/es\/contacto\/little-neck-mejor-cirujano-de-reemplazo-de-cadera-y-rodilla\/viejo-westbury-nueva-york\/","name":"Viejo Westbury, Nueva York | Best Hip &amp; Knee Surgeon | NY, USA","isPartOf":{"@id":"https:\/\/www.newyorkhipknee.com\/es\/#website"},"datePublished":"2023-11-22T21:32:00+00:00","description":"Bienvenido a la pr\u00e1ctica ortop\u00e9dica del Dr. Nakul Karkare, su fuente de confianza para la atenci\u00f3n ortop\u00e9dica sin igual, ahora con orgullo sirviendo a la","breadcrumb":{"@id":"https:\/\/www.newyorkhipknee.com\/es\/contacto\/little-neck-mejor-cirujano-de-reemplazo-de-cadera-y-rodilla\/viejo-westbury-nueva-york\/#breadcrumb"},"inLanguage":"es","potentialAction":[{"@type":"ReadAction","target":["https:\/\/www.newyorkhipknee.com\/es\/contacto\/little-neck-mejor-cirujano-de-reemplazo-de-cadera-y-rodilla\/viejo-westbury-nueva-york\/"]}]},{"@type":"BreadcrumbList","@id":"https:\/\/www.newyorkhipknee.com\/es\/contacto\/little-neck-mejor-cirujano-de-reemplazo-de-cadera-y-rodilla\/viejo-westbury-nueva-york\/#breadcrumb","itemListElement":[{"@type":"ListItem","position":1,"name":"Home","item":"https:\/\/www.newyorkhipknee.com\/es\/"},{"@type":"ListItem","position":2,"name":"Contacto","item":"https:\/\/www.newyorkhipknee.com\/es\/contacto\/"},{"@type":"ListItem","position":3,"name":"Little Neck &#8211; Mejor Cirujano de Reemplazo de Cadera y Rodilla","item":"https:\/\/www.newyorkhipknee.com\/es\/contacto\/little-neck-mejor-cirujano-de-reemplazo-de-cadera-y-rodilla\/"},{"@type":"ListItem","position":4,"name":"Viejo Westbury, Nueva York"}]},{"@type":"WebSite","@id":"https:\/\/www.newyorkhipknee.com\/es\/#website","url":"https:\/\/www.newyorkhipknee.com\/es\/","name":"Best Hip & Knee Surgeon | NY, USA","description":"","potentialAction":[{"@type":"SearchAction","target":{"@type":"EntryPoint","urlTemplate":"https:\/\/www.newyorkhipknee.com\/es\/?s={search_term_string}"},"query-input":{"@type":"PropertyValueSpecification","valueRequired":true,"valueName":"search_term_string"}}],"inLanguage":"es"}]}},"_links":{"self":[{"href":"https:\/\/www.newyorkhipknee.com\/es\/wp-json\/wp\/v2\/pages\/20970","targetHints":{"allow":["GET"]}}],"collection":[{"href":"https:\/\/www.newyorkhipknee.com\/es\/wp-json\/wp\/v2\/pages"}],"about":[{"href":"https:\/\/www.newyorkhipknee.com\/es\/wp-json\/wp\/v2\/types\/page"}],"author":[{"embeddable":true,"href":"https:\/\/www.newyorkhipknee.com\/es\/wp-json\/wp\/v2\/users\/33"}],"replies":[{"embeddable":true,"href":"https:\/\/www.newyorkhipknee.com\/es\/wp-json\/wp\/v2\/comments?post=20970"}],"version-history":[{"count":0,"href":"https:\/\/www.newyorkhipknee.com\/es\/wp-json\/wp\/v2\/pages\/20970\/revisions"}],"up":[{"embeddable":true,"href":"https:\/\/www.newyorkhipknee.com\/es\/wp-json\/wp\/v2\/pages\/16528"}],"wp:attachment":[{"href":"https:\/\/www.newyorkhipknee.com\/es\/wp-json\/wp\/v2\/media?parent=20970"}],"curies":[{"name":"wp","href":"https:\/\/api.w.org\/{rel}","templated":true}]}}