{"id":20971,"date":"2023-11-17T16:37:28","date_gmt":"2023-11-17T21:37:28","guid":{"rendered":"https:\/\/newyorkhipknee.com\/contacto\/little-neck-mejor-cirujano-de-reemplazo-de-cadera-y-rodilla\/monte-sinai-nueva-york\/"},"modified":"2023-11-17T16:37:28","modified_gmt":"2023-11-17T21:37:28","slug":"monte-sinai-nueva-york","status":"publish","type":"page","link":"https:\/\/www.newyorkhipknee.com\/es\/contacto\/little-neck-mejor-cirujano-de-reemplazo-de-cadera-y-rodilla\/monte-sinai-nueva-york\/","title":{"rendered":"Monte Sina\u00ed, Nueva York"},"content":{"rendered":"<h1>Centro Ortop\u00e9dico del Dr. Nakul Karkare: Su destino local de atenci\u00f3n ortop\u00e9dica de Little Neck a Mount Sinai, NY<\/h1>\n<p>Bienvenido al Centro Ortop\u00e9dico del Dr. Nakul Karkare, su principal fuente de atenci\u00f3n ortop\u00e9dica excepcional que se extiende sin problemas desde Little Neck hasta la vibrante comunidad de Mount Sinai, Nueva York. Nos sentimos honrados de ser su centro ortop\u00e9dico local de confianza, comprometido con la mejora del bienestar de los residentes y las personas de esta din\u00e1mica regi\u00f3n.<\/p>\n<p>En el Centro Ortop\u00e9dico del Dr. Nakul Karkare, nuestra misi\u00f3n es inquebrantable: proporcionar atenci\u00f3n ortop\u00e9dica integral, compasiva y de vanguardia. Entendemos el papel fundamental que desempe\u00f1a la salud ortop\u00e9dica en su vida diaria.<\/p>\n<p>Tanto si est\u00e1 en v\u00edas de recuperarse de una lesi\u00f3n, como si est\u00e1 tratando afecciones musculoesquel\u00e9ticas cr\u00f3nicas o buscando orientaci\u00f3n para alcanzar y mantener un bienestar ortop\u00e9dico \u00f3ptimo, nuestro equipo de expertos est\u00e1 aqu\u00ed para guiarle hacia una movilidad mejorada y una vida libre de molestias.<\/p>\n<p>Nuestra presencia conecta a la perfecci\u00f3n Little Neck con Mount Sinai, garantiz\u00e1ndole un c\u00f3modo acceso a nuestros excepcionales servicios ortop\u00e9dicos. A trav\u00e9s de nuestro blog informativo y nuestros recursos educativos, pretendemos ofrecerle informaci\u00f3n valiosa, los \u00faltimos avances en tratamientos ortop\u00e9dicos y consejos pr\u00e1cticos para ayudarle a llevar un estilo de vida activo y saludable.<\/p>\n<h2>Estamos muy orgullosos de ofrecer una amplia gama de servicios ortop\u00e9dicos en Mount Sinai, NY zona:<\/h2>\n<h2><a role=\"link\" href=\"https:\/\/newyorkhipknee.com\/custom-knee-replacement-surgery\/\" target=\"_blank\" rel=\"noopener\"><strong>Reemplazo de rodilla personalizado:<\/strong><\/a><\/h2>\n<p><strong>\u00bfQui\u00e9n se beneficiar\u00eda de una pr\u00f3tesis de rodilla personalizada?<\/strong> La artroplastia de rodilla personalizada, tambi\u00e9n conocida como artroplastia de rodilla a medida, se suele recomendar a personas que sufren dolor intenso de rodilla, rigidez e inflamaci\u00f3n que dificultan considerablemente sus actividades cotidianas y su calidad de vida en general. Entre los factores subyacentes comunes de esta afecci\u00f3n se incluyen la artrosis, la artritis reumatoide, las lesiones traum\u00e1ticas u otros trastornos degenerativos de la articulaci\u00f3n de la rodilla.<\/p>\n<p><strong>El procedimiento quir\u00fargico:<\/strong> La pr\u00f3tesis de rodilla a medida es una intervenci\u00f3n quir\u00fargica avanzada en la que la articulaci\u00f3n de la rodilla da\u00f1ada se sustituye por un implante artificial dise\u00f1ado con precisi\u00f3n para adaptarse a la estructura anat\u00f3mica \u00fanica del paciente. El proceso comienza con la utilizaci\u00f3n de tecnolog\u00eda de imagen avanzada, que crea un modelo tridimensional detallado de la articulaci\u00f3n de la rodilla del paciente. A continuaci\u00f3n, este modelo se emplea para elaborar un implante personalizado que se adapte perfectamente a la rodilla del paciente.<\/p>\n<p>Durante el procedimiento quir\u00fargico, el cirujano ortop\u00e9dico retira meticulosamente la articulaci\u00f3n da\u00f1ada y la sustituye por el implante a medida. Todo el proceso se realiza bajo anestesia para garantizar que el paciente se sienta c\u00f3modo y sin dolor.<\/p>\n<p><strong>Ventajas:<\/strong> La pr\u00f3tesis de rodilla a medida ofrece numerosas ventajas a los pacientes, entre ellas:<\/p>\n<ol>\n<li><strong>Alivio del dolor:<\/strong> Uno de los principales beneficios es el alivio del dolor cr\u00f3nico de rodilla. El implante personalizado est\u00e1 dise\u00f1ado para minimizar las molestias, lo que permite a los pacientes recuperar la movilidad y volver a sus rutinas diarias.<\/li>\n<li><strong>Mayor movilidad:<\/strong> Las pr\u00f3tesis de rodilla a medida mejoran la amplitud de movimiento del paciente, permitiendo un movimiento m\u00e1s natural de la articulaci\u00f3n de la rodilla.<\/li>\n<li><strong>Mejora de la calidad de vida:<\/strong> Los pacientes experimentan con frecuencia una mejora sustancial de su calidad de vida en general, ya que pueden volver a realizar actividades a las que ten\u00edan que renunciar debido al dolor de rodilla.<\/li>\n<li><strong>Recuperaci\u00f3n m\u00e1s r\u00e1pida:<\/strong> Las pr\u00f3tesis de rodilla a medida suelen conllevar una recuperaci\u00f3n m\u00e1s r\u00e1pida que las cirug\u00edas de pr\u00f3tesis de rodilla tradicionales. La precisi\u00f3n del implante personalizado y las t\u00e9cnicas quir\u00fargicas m\u00ednimamente invasivas pueden reducir el dolor postoperatorio y acelerar el proceso de rehabilitaci\u00f3n.<\/li>\n<\/ol>\n<p>&nbsp;<\/p>\n<h2><a role=\"link\" href=\"https:\/\/newyorkhipknee.com\/hip-replacement-surgery\/\" target=\"_blank\" rel=\"noopener\"><strong>Pr\u00f3tesis de cadera:<\/strong><\/a><\/h2>\n<p><strong>Qui\u00e9n se beneficiar\u00eda de una artroplastia de cadera:<\/strong> La artroplastia de cadera se recomienda a las personas que padecen dolor intenso, rigidez e inflamaci\u00f3n de la cadera que dificultan considerablemente sus actividades cotidianas y su calidad de vida. Las causas m\u00e1s comunes de esta afecci\u00f3n son la artrosis, la artritis reumatoide, la necrosis avascular o las fracturas de cadera.<\/p>\n<p><strong>El procedimiento quir\u00fargico:<\/strong> La artroplastia de cadera es un procedimiento quir\u00fargico que consiste en la sustituci\u00f3n de una articulaci\u00f3n de cadera da\u00f1ada por un implante artificial meticulosamente dise\u00f1ado para reproducir la estructura y funci\u00f3n naturales de la articulaci\u00f3n de la cadera, lo que permite a los pacientes recuperar la movilidad y aliviar las molestias.<\/p>\n<p>Durante la intervenci\u00f3n, el cirujano ortop\u00e9dico retira h\u00e1bilmente la articulaci\u00f3n da\u00f1ada y la sustituye por el implante artificial. Al igual que la artroplastia de rodilla, esta intervenci\u00f3n se realiza bajo anestesia para garantizar la comodidad del paciente.<\/p>\n<p><strong>Ventajas:<\/strong> La artroplastia de cadera ofrece varias ventajas a los pacientes:<\/p>\n<ol>\n<li><strong>Alivio del dolor:<\/strong> El principal beneficio es el alivio del dolor intenso de cadera, lo que permite a los pacientes recuperar su movilidad y reanudar sus actividades cotidianas.<\/li>\n<li><strong>Mayor movilidad:<\/strong> Las pr\u00f3tesis de cadera mejoran la amplitud de movimiento de la articulaci\u00f3n de la cadera, proporcionando a los pacientes un movimiento y una flexibilidad m\u00e1s naturales.<\/li>\n<li><strong>Mejora de la calidad de vida:<\/strong> Los pacientes suelen experimentar una mejora significativa de su calidad de vida en general, ya que recuperan la capacidad de realizar actividades que antes les resultaban dif\u00edciles o imposibles debido al dolor de cadera.<\/li>\n<li><strong>Recuperaci\u00f3n acelerada:<\/strong> La cirug\u00eda de pr\u00f3tesis de cadera suele conllevar una recuperaci\u00f3n m\u00e1s r\u00e1pida, y los pacientes experimentan una reducci\u00f3n del dolor y una mejora de la amplitud de movimiento en comparaci\u00f3n con su estado antes de la intervenci\u00f3n.<\/li>\n<\/ol>\n<p>En ambos casos, el Dr. Nakul Karkare emplea t\u00e9cnicas quir\u00fargicas avanzadas y tecnolog\u00eda de vanguardia para garantizar la colocaci\u00f3n precisa de los componentes del implante a trav\u00e9s de incisiones m\u00e1s peque\u00f1as que no da\u00f1an los tejidos.<\/p>\n<p>Este enfoque ayuda a minimizar las molestias y a acelerar el proceso de recuperaci\u00f3n. La experiencia del Dr. Karkare en estos procedimientos, combinada con la naturaleza individualizada de los implantes a medida, contribuye a mejorar los resultados de los pacientes que buscan alivio para sus problemas articulares de rodilla y cadera. Si usted est\u00e1 experimentando dolor en las articulaciones, rigidez, hinchaz\u00f3n, o ha sufrido una lesi\u00f3n, por favor no dude en ponerse en contacto con el Centro Ortop\u00e9dico del Dr. Nakul Karkare.<\/p>\n<p>Su equipo de especialistas se dedica a ayudarle a recuperar la movilidad, aliviar el dolor y mejorar su calidad de vida en general. Su bienestar es su m\u00e1xima prioridad, y est\u00e1n aqu\u00ed para guiarle en su camino hacia una mejor salud ortop\u00e9dica.<\/p>\n<p>&nbsp;<\/p>\n<h1><\/h1>\n<h1>Acerca del Monte Sina\u00ed<\/h1>\n<p>Mount Sinai, NY es una aldea y lugar designado por el censo ubicado dentro de la ciudad de Brookhaven, en el condado de Suffolk, Nueva York, Estados Unidos. La poblaci\u00f3n era de 12.118 habitantes en el censo de 2010. La aldea se encuentra en la costa norte de Long Island, bordeando el estrecho de Long Island. Mount Sinai es una comunidad en crecimiento con una rica historia, una cultura vibrante y una industria tur\u00edstica en crecimiento.<\/p>\n<p><strong>Historia de Mount Sinai, NY<\/strong><\/p>\n<p>Mount Sinai, Nueva York, fue colonizado originalmente por la tribu nativa americana Setauket. La aldea lleva el nombre del b\u00edblico Monte Sina\u00ed, que se cree que es el lugar donde Mois\u00e9s recibi\u00f3 los Diez Mandamientos. La aldea era principalmente una comunidad agr\u00edcola, siendo la agricultura y la pesca las principales industrias. Durante el siglo XIX, la aldea se convirti\u00f3 en un destino popular para los neoyorquinos adinerados, que construyeron casas de verano y centros tur\u00edsticos en la zona.<\/p>\n<p><strong>Cultura del Monte Sina\u00ed, NY<\/strong><\/p>\n<p>Mount Sinai, Nueva York, tiene una rica historia cultural, y la aldea alberga una serie de museos e instituciones culturales. La aldea tambi\u00e9n es conocida por sus hermosas playas, que atraen a visitantes de todo el mundo. La aldea alberga un distrito comercial con vida nocturna, hoteles, restaurantes frente al mar y una variedad de tiendas.<\/p>\n<p>La aldea tambi\u00e9n alberga el Hospital Mount Sinai, que es una instituci\u00f3n de investigaci\u00f3n de renombre mundial que ha realizado importantes contribuciones a los campos de la medicina y la atenci\u00f3n m\u00e9dica. El hospital ofrece una variedad de programas y eventos durante todo el a\u00f1o, que incluyen conferencias, talleres y otros eventos culturales.<\/p>\n<p><strong>Turismo en Mount Sinai, NY<\/strong><\/p>\n<p>Mount Sinai, Nueva York, es un destino tur\u00edstico en crecimiento, gracias en parte a sus hermosas playas, pueblos encantadores y un rico patrimonio cultural. La aldea alberga una serie de atracciones que atraen a visitantes de todo el mundo.<\/p>\n<p>Una de las atracciones m\u00e1s populares del Monte Sina\u00ed son sus hermosas playas. Los visitantes pueden nadar, tomar el sol y disfrutar de diversos deportes acu\u00e1ticos en las playas de la aldea. La aldea tambi\u00e9n alberga una serie de parques y reservas naturales, incluido el Parque del Condado de Cedar Beach, que ofrece rutas de senderismo y oportunidades de observaci\u00f3n de aves.<\/p>\n<p>Otra atracci\u00f3n popular en Mount Sinai es el Hospital Mount Sinai, que ofrece una variedad de programas y eventos durante todo el a\u00f1o. Los visitantes pueden asistir a conferencias, talleres y otros eventos culturales en el hospital.<\/p>\n<p><strong>Conclusi\u00f3n<\/strong><\/p>\n<p>Mount Sinai, Nueva York, es una aldea con una rica historia, una cultura vibrante y una creciente industria tur\u00edstica. Los visitantes de la aldea pueden explorar sus museos e instituciones culturales, disfrutar de sus hermosas playas y reservas naturales, y relajarse en sus encantadores pueblos. Tanto si eres un aficionado a la historia, un amante de la naturaleza o un ba\u00f1ista, el Monte Sina\u00ed tiene algo que ofrecer a todo el mundo.<\/p>\n<p>&nbsp;<\/p>\n<h1>Indicaciones<\/h1>\n<p>Estas son las instrucciones desde Mount Sinai, NY para completar la ortopedia en 52-21 Little Neck Parkway, Little Neck, NY 11362:<\/p>\n<p>1. Dir\u00edjase hacia el sur por NY-25A W hacia Shore Rd.<br \/>\n2. Gire a la izquierda en NY-25 W.<br \/>\n3. Gire a la derecha en NY-347 E.<br \/>\n4. Use los 2 carriles de la izquierda para girar a la izquierda en NY-454 E \/ Veterans Memorial Hwy.<br \/>\n5. Use el carril derecho para tomar la rampa hacia Northern State Pkwy.<br \/>\n6. Incorp\u00f3rese a Northern State Pkwy.<br \/>\n7. Use los 2 carriles de la derecha para tomar la salida 25A para incorporarse a NY-25A E\/Northern Blvd hacia Roslyn.<br \/>\n8. Gire a la derecha en Little Neck Pkwy.<br \/>\n9. La ortopedia completa estar\u00e1 a la derecha en 52-21 Little Neck Pkwy.<\/p>\n<p>&nbsp;<\/p>\n<h2>Atenci\u00f3n m\u00e9dica cerca de Mount Sinai<\/h2>\n<p><strong>Farmacias<\/strong><\/p>\n<p>1. Farmacia CVS &#8211; 5507 Nesconset Hwy, Mount Sinai, NY 11766<br \/>\n2. Farmacia Walgreens &#8211; 331 Rte 25A, Mount Sinai, NY 11766<br \/>\n3. Farmacia Rite Aid &#8211; 5507 Nesconset Hwy, Mount Sinai, NY 11766<\/p>\n<p><strong>Centros de Radiolog\u00eda<\/strong><\/p>\n<p>1. Radiolog\u00eda del Centro M\u00e9dico Peconic Bay &#8211; 1300 Roanoke Ave, Riverhead, NY 11901<br \/>\n2. East End Radiology &#8211; 1333 Roanoke Ave, Riverhead, NY 11901<br \/>\n3. Northwell Health Imaging at Riverhead &#8211; 877 E Main St, Riverhead, NY 11901<\/p>\n<p><strong>Centros de Atenci\u00f3n de Urgencia<\/strong><\/p>\n<p>1. ProHEALTH Urgent Care &#8211; 5507 Nesconset Hwy, Mount Sinai, NY 11766<br \/>\n2. Northwell Health-GoHealth Urgent Care &#8211; 499-5 NY-25A, Rocky Point, NY 11778<br \/>\n3. Stat Health Immediate Medical Care &#8211; 4747 Nesconset Hwy, Port Jefferson Station, NY 11776<\/p>\n<p><strong>Hospitales<\/strong><\/p>\n<p>1. John T. Mather Memorial Hospital &#8211; 75 N Country Rd, Port Jefferson, NY 11777<br \/>\n2. Hospital Stony Brook Eastern Long Island &#8211; 201 Manor Pl, Greenport, NY 11944<br \/>\n3. St. Charles Hospital &#8211; 200 Belle Terre Rd, Port Jefferson, NY 11777<\/p>\n<p>Nota: La informaci\u00f3n proporcionada es precisa a partir de octubre de 2023. Siempre se recomienda verificar la informaci\u00f3n antes de visitar cualquiera de las ubicaciones.<\/p>\n<p>En el coraz\u00f3n de nuestra misi\u00f3n se encuentra un firme compromiso de brindar atenci\u00f3n ortop\u00e9dica integral a nuestra comunidad local, incluidas las personas mencionadas anteriormente. Ya sea que acuda a nosotros a trav\u00e9s de una referencia para tratamiento ortop\u00e9dico o si tiene alguna inquietud ortop\u00e9dica, nuestro equipo dedicado las 24 horas del d\u00eda, los 7 d\u00edas de la semana, est\u00e1 a solo una llamada de distancia, listo para brindarle asistencia r\u00e1pida y emp\u00e1tica.<\/p>\n<p>Entendemos que muchas personas buscan atenci\u00f3n por lesiones relacionadas con el trabajo cubiertas por la compensaci\u00f3n laboral y el seguro sin culpa en centros de atenci\u00f3n de urgencia y hospitales. Si su lesi\u00f3n no requiere una visita al hospital, estamos m\u00e1s que dispuestos a ofrecer un tratamiento ortop\u00e9dico especializado adaptado a su situaci\u00f3n espec\u00edfica. No dude en comunicarse con nosotros al 631-981-2663 para programar una cita hoy. Su bienestar sigue siendo nuestra m\u00e1xima prioridad.<\/p>\n","protected":false},"excerpt":{"rendered":"<p>Centro Ortop\u00e9dico del Dr. Nakul Karkare: Su destino local de atenci\u00f3n ortop\u00e9dica de Little Neck a Mount Sinai, NY Bienvenido al Centro Ortop\u00e9dico del Dr. Nakul Karkare, su principal fuente de atenci\u00f3n ortop\u00e9dica excepcional que se extiende sin problemas desde Little Neck hasta la vibrante comunidad de Mount Sinai, Nueva York. Nos sentimos honrados de [&hellip;]<\/p>\n","protected":false},"author":33,"featured_media":0,"parent":16528,"menu_order":0,"comment_status":"closed","ping_status":"closed","template":"","meta":{"_et_pb_use_builder":"","_et_pb_old_content":"","_et_gb_content_width":"","footnotes":""},"class_list":["post-20971","page","type-page","status-publish","hentry"],"yoast_head":"<!-- This site is optimized with the Yoast SEO plugin v27.2 - https:\/\/yoast.com\/product\/yoast-seo-wordpress\/ -->\n<title>Monte Sina\u00ed, Nueva York | Best Hip &amp; Knee Surgeon | NY, USA<\/title>\n<meta name=\"description\" content=\"Centro Ortop\u00e9dico del Dr. Nakul Karkare: Su destino local de atenci\u00f3n ortop\u00e9dica de Little Neck a Mount Sinai, NY Bienvenido al Centro Ortop\u00e9dico del Dr.\" \/>\n<meta name=\"robots\" content=\"index, follow, max-snippet:-1, max-image-preview:large, max-video-preview:-1\" \/>\n<link rel=\"canonical\" href=\"https:\/\/www.newyorkhipknee.com\/es\/contacto\/little-neck-mejor-cirujano-de-reemplazo-de-cadera-y-rodilla\/monte-sinai-nueva-york\/\" \/>\n<meta property=\"og:locale\" content=\"es_ES\" \/>\n<meta property=\"og:type\" content=\"article\" \/>\n<meta property=\"og:title\" content=\"Monte Sina\u00ed, Nueva York | Best Hip &amp; Knee Surgeon | NY, USA\" \/>\n<meta property=\"og:description\" content=\"Centro Ortop\u00e9dico del Dr. Nakul Karkare: Su destino local de atenci\u00f3n ortop\u00e9dica de Little Neck a Mount Sinai, NY Bienvenido al Centro Ortop\u00e9dico del Dr.\" \/>\n<meta property=\"og:url\" content=\"https:\/\/www.newyorkhipknee.com\/es\/contacto\/little-neck-mejor-cirujano-de-reemplazo-de-cadera-y-rodilla\/monte-sinai-nueva-york\/\" \/>\n<meta property=\"og:site_name\" content=\"Best Hip &amp; Knee Surgeon | NY, USA\" \/>\n<meta name=\"twitter:card\" content=\"summary_large_image\" \/>\n<meta name=\"twitter:label1\" content=\"Tiempo de lectura\" \/>\n\t<meta name=\"twitter:data1\" content=\"11 minutos\" \/>\n<script type=\"application\/ld+json\" class=\"yoast-schema-graph\">{\"@context\":\"https:\/\/schema.org\",\"@graph\":[{\"@type\":[\"WebPage\",\"MedicalWebPage\"],\"@id\":\"https:\/\/www.newyorkhipknee.com\/es\/contacto\/little-neck-mejor-cirujano-de-reemplazo-de-cadera-y-rodilla\/monte-sinai-nueva-york\/\",\"url\":\"https:\/\/www.newyorkhipknee.com\/es\/contacto\/little-neck-mejor-cirujano-de-reemplazo-de-cadera-y-rodilla\/monte-sinai-nueva-york\/\",\"name\":\"Monte Sina\u00ed, Nueva York | Best Hip &amp; Knee Surgeon | NY, USA\",\"isPartOf\":{\"@id\":\"https:\/\/www.newyorkhipknee.com\/es\/#website\"},\"datePublished\":\"2023-11-17T21:37:28+00:00\",\"description\":\"Centro Ortop\u00e9dico del Dr. Nakul Karkare: Su destino local de atenci\u00f3n ortop\u00e9dica de Little Neck a Mount Sinai, NY Bienvenido al Centro Ortop\u00e9dico del Dr.\",\"breadcrumb\":{\"@id\":\"https:\/\/www.newyorkhipknee.com\/es\/contacto\/little-neck-mejor-cirujano-de-reemplazo-de-cadera-y-rodilla\/monte-sinai-nueva-york\/#breadcrumb\"},\"inLanguage\":\"es\",\"potentialAction\":[{\"@type\":\"ReadAction\",\"target\":[\"https:\/\/www.newyorkhipknee.com\/es\/contacto\/little-neck-mejor-cirujano-de-reemplazo-de-cadera-y-rodilla\/monte-sinai-nueva-york\/\"]}]},{\"@type\":\"BreadcrumbList\",\"@id\":\"https:\/\/www.newyorkhipknee.com\/es\/contacto\/little-neck-mejor-cirujano-de-reemplazo-de-cadera-y-rodilla\/monte-sinai-nueva-york\/#breadcrumb\",\"itemListElement\":[{\"@type\":\"ListItem\",\"position\":1,\"name\":\"Home\",\"item\":\"https:\/\/www.newyorkhipknee.com\/es\/\"},{\"@type\":\"ListItem\",\"position\":2,\"name\":\"Contacto\",\"item\":\"https:\/\/www.newyorkhipknee.com\/es\/contacto\/\"},{\"@type\":\"ListItem\",\"position\":3,\"name\":\"Little Neck &#8211; Mejor Cirujano de Reemplazo de Cadera y Rodilla\",\"item\":\"https:\/\/www.newyorkhipknee.com\/es\/contacto\/little-neck-mejor-cirujano-de-reemplazo-de-cadera-y-rodilla\/\"},{\"@type\":\"ListItem\",\"position\":4,\"name\":\"Monte Sina\u00ed, Nueva York\"}]},{\"@type\":\"WebSite\",\"@id\":\"https:\/\/www.newyorkhipknee.com\/es\/#website\",\"url\":\"https:\/\/www.newyorkhipknee.com\/es\/\",\"name\":\"Best Hip & Knee Surgeon | NY, USA\",\"description\":\"\",\"potentialAction\":[{\"@type\":\"SearchAction\",\"target\":{\"@type\":\"EntryPoint\",\"urlTemplate\":\"https:\/\/www.newyorkhipknee.com\/es\/?s={search_term_string}\"},\"query-input\":{\"@type\":\"PropertyValueSpecification\",\"valueRequired\":true,\"valueName\":\"search_term_string\"}}],\"inLanguage\":\"es\"}]}<\/script>\n<!-- \/ Yoast SEO plugin. -->","yoast_head_json":{"title":"Monte Sina\u00ed, Nueva York | Best Hip &amp; Knee Surgeon | NY, USA","description":"Centro Ortop\u00e9dico del Dr. Nakul Karkare: Su destino local de atenci\u00f3n ortop\u00e9dica de Little Neck a Mount Sinai, NY Bienvenido al Centro Ortop\u00e9dico del Dr.","robots":{"index":"index","follow":"follow","max-snippet":"max-snippet:-1","max-image-preview":"max-image-preview:large","max-video-preview":"max-video-preview:-1"},"canonical":"https:\/\/www.newyorkhipknee.com\/es\/contacto\/little-neck-mejor-cirujano-de-reemplazo-de-cadera-y-rodilla\/monte-sinai-nueva-york\/","og_locale":"es_ES","og_type":"article","og_title":"Monte Sina\u00ed, Nueva York | Best Hip &amp; Knee Surgeon | NY, USA","og_description":"Centro Ortop\u00e9dico del Dr. Nakul Karkare: Su destino local de atenci\u00f3n ortop\u00e9dica de Little Neck a Mount Sinai, NY Bienvenido al Centro Ortop\u00e9dico del Dr.","og_url":"https:\/\/www.newyorkhipknee.com\/es\/contacto\/little-neck-mejor-cirujano-de-reemplazo-de-cadera-y-rodilla\/monte-sinai-nueva-york\/","og_site_name":"Best Hip &amp; Knee Surgeon | NY, USA","twitter_card":"summary_large_image","twitter_misc":{"Tiempo de lectura":"11 minutos"},"schema":{"@context":"https:\/\/schema.org","@graph":[{"@type":["WebPage","MedicalWebPage"],"@id":"https:\/\/www.newyorkhipknee.com\/es\/contacto\/little-neck-mejor-cirujano-de-reemplazo-de-cadera-y-rodilla\/monte-sinai-nueva-york\/","url":"https:\/\/www.newyorkhipknee.com\/es\/contacto\/little-neck-mejor-cirujano-de-reemplazo-de-cadera-y-rodilla\/monte-sinai-nueva-york\/","name":"Monte Sina\u00ed, Nueva York | Best Hip &amp; Knee Surgeon | NY, USA","isPartOf":{"@id":"https:\/\/www.newyorkhipknee.com\/es\/#website"},"datePublished":"2023-11-17T21:37:28+00:00","description":"Centro Ortop\u00e9dico del Dr. Nakul Karkare: Su destino local de atenci\u00f3n ortop\u00e9dica de Little Neck a Mount Sinai, NY Bienvenido al Centro Ortop\u00e9dico del Dr.","breadcrumb":{"@id":"https:\/\/www.newyorkhipknee.com\/es\/contacto\/little-neck-mejor-cirujano-de-reemplazo-de-cadera-y-rodilla\/monte-sinai-nueva-york\/#breadcrumb"},"inLanguage":"es","potentialAction":[{"@type":"ReadAction","target":["https:\/\/www.newyorkhipknee.com\/es\/contacto\/little-neck-mejor-cirujano-de-reemplazo-de-cadera-y-rodilla\/monte-sinai-nueva-york\/"]}]},{"@type":"BreadcrumbList","@id":"https:\/\/www.newyorkhipknee.com\/es\/contacto\/little-neck-mejor-cirujano-de-reemplazo-de-cadera-y-rodilla\/monte-sinai-nueva-york\/#breadcrumb","itemListElement":[{"@type":"ListItem","position":1,"name":"Home","item":"https:\/\/www.newyorkhipknee.com\/es\/"},{"@type":"ListItem","position":2,"name":"Contacto","item":"https:\/\/www.newyorkhipknee.com\/es\/contacto\/"},{"@type":"ListItem","position":3,"name":"Little Neck &#8211; Mejor Cirujano de Reemplazo de Cadera y Rodilla","item":"https:\/\/www.newyorkhipknee.com\/es\/contacto\/little-neck-mejor-cirujano-de-reemplazo-de-cadera-y-rodilla\/"},{"@type":"ListItem","position":4,"name":"Monte Sina\u00ed, Nueva York"}]},{"@type":"WebSite","@id":"https:\/\/www.newyorkhipknee.com\/es\/#website","url":"https:\/\/www.newyorkhipknee.com\/es\/","name":"Best Hip & Knee Surgeon | NY, USA","description":"","potentialAction":[{"@type":"SearchAction","target":{"@type":"EntryPoint","urlTemplate":"https:\/\/www.newyorkhipknee.com\/es\/?s={search_term_string}"},"query-input":{"@type":"PropertyValueSpecification","valueRequired":true,"valueName":"search_term_string"}}],"inLanguage":"es"}]}},"_links":{"self":[{"href":"https:\/\/www.newyorkhipknee.com\/es\/wp-json\/wp\/v2\/pages\/20971","targetHints":{"allow":["GET"]}}],"collection":[{"href":"https:\/\/www.newyorkhipknee.com\/es\/wp-json\/wp\/v2\/pages"}],"about":[{"href":"https:\/\/www.newyorkhipknee.com\/es\/wp-json\/wp\/v2\/types\/page"}],"author":[{"embeddable":true,"href":"https:\/\/www.newyorkhipknee.com\/es\/wp-json\/wp\/v2\/users\/33"}],"replies":[{"embeddable":true,"href":"https:\/\/www.newyorkhipknee.com\/es\/wp-json\/wp\/v2\/comments?post=20971"}],"version-history":[{"count":0,"href":"https:\/\/www.newyorkhipknee.com\/es\/wp-json\/wp\/v2\/pages\/20971\/revisions"}],"up":[{"embeddable":true,"href":"https:\/\/www.newyorkhipknee.com\/es\/wp-json\/wp\/v2\/pages\/16528"}],"wp:attachment":[{"href":"https:\/\/www.newyorkhipknee.com\/es\/wp-json\/wp\/v2\/media?parent=20971"}],"curies":[{"name":"wp","href":"https:\/\/api.w.org\/{rel}","templated":true}]}}