{"id":20972,"date":"2023-11-22T13:32:10","date_gmt":"2023-11-22T18:32:10","guid":{"rendered":"https:\/\/newyorkhipknee.com\/contacto\/little-neck-mejor-cirujano-de-reemplazo-de-cadera-y-rodilla\/mill-neck-nueva-york\/"},"modified":"2023-11-22T13:32:10","modified_gmt":"2023-11-22T18:32:10","slug":"mill-neck-nueva-york","status":"publish","type":"page","link":"https:\/\/www.newyorkhipknee.com\/es\/contacto\/little-neck-mejor-cirujano-de-reemplazo-de-cadera-y-rodilla\/mill-neck-nueva-york\/","title":{"rendered":"Mill Neck, Nueva York"},"content":{"rendered":"<div class=\"flex-1 overflow-hidden\">\n<div class=\"react-scroll-to-bottom--css-gtazl-79elbk h-full\">\n<div class=\"react-scroll-to-bottom--css-gtazl-1n7m0yu\">\n<div class=\"flex flex-col text-sm gizmo:pb-9 dark:bg-gray-800 gizmo:dark:bg-transparent\">\n<div class=\"w-full text-token-text-primary border-b border-black\/10 gizmo:border-0 dark:border-gray-900\/50 gizmo:dark:border-0 bg-gray-50 gizmo:bg-transparent dark:bg-[#444654] gizmo:dark:bg-transparent\" data-testid=\"conversation-turn-83\">\n<div class=\"p-4 gizmo:py-2 justify-center text-base md:gap-6 md:py-6 m-auto\">\n<div class=\"flex flex-1 gap-4 text-base mx-auto md:gap-6 gizmo:gap-3 gizmo:md:px-5 gizmo:lg:px-1 gizmo:xl:px-5 md:max-w-2xl lg:max-w-[38rem] gizmo:md:max-w-3xl gizmo:lg:max-w-[40rem] gizmo:xl:max-w-[48rem] xl:max-w-3xl } group final-completion\">\n<div class=\"relative flex w-[calc(100%-50px)] flex-col gizmo:w-full lg:w-[calc(100%-115px)] agent-turn\">\n<div class=\"flex-col gap-1 md:gap-3\">\n<div class=\"flex flex-grow flex-col max-w-full gap-3 gizmo:gap-0\">\n<div class=\"min-h-[20px] text-message flex flex-col items-start gap-3 whitespace-pre-wrap break-words [.text-message+&amp;]:mt-5 overflow-x-auto\" data-message-author-role=\"assistant\" data-message-id=\"f3225dee-768a-4662-864b-e0bd59d83c0f\">\n<div class=\"markdown prose w-full break-words dark:prose-invert dark\">\n<h1>Saludos desde Orthopedic Care del Dr. Nakul Karkare, su refugio dedicado a los servicios ortop\u00e9dicos pendientes.<\/h1>\n<p>Aunque estamos orgullosos de llamar a Little Neck NY, nuestro hogar, estamos encantados de ampliar nuestra atenci\u00f3n experta y compasiva a la animada comunidad de Mill Neck, NY. En Orthopedic Care del Dr. Nakul Karkare, vamos m\u00e1s all\u00e1 de ser una mera pr\u00e1ctica ortop\u00e9dica; somos sus compa\u00f1eros emp\u00e1ticos en su viaje hacia una mejor salud ortop\u00e9dica.<\/p>\n<p>He aqu\u00ed por qu\u00e9 Orthopedic Care del Dr. Nakul Karkare es su mejor opci\u00f3n para la atenci\u00f3n ortop\u00e9dica en Nueva York:<\/p>\n<p>Conozca al Dr. Nakul Karkare: Un especialista ortop\u00e9dico altamente experimentado, el Dr. Karkare es reconocido por su experiencia, numerosas certificaciones, y el enfoque compasivo. Es su gu\u00eda de confianza en el camino hacia el bienestar ortop\u00e9dico.<\/p>\n<p>Atenci\u00f3n personalizada: Reconociendo que cada paciente es \u00fanico, nuestro enfoque es c\u00e1lido, acogedor y adaptado para satisfacer sus necesidades espec\u00edficas. Sus cuidados est\u00e1n pensados para ser \u00fanicos.<\/p>\n<p>Soluciones de vanguardia: Nos mantenemos a la vanguardia de los avances ortop\u00e9dicos, garantizando que se beneficie de los \u00faltimos tratamientos y tecnolog\u00edas. Su atenci\u00f3n est\u00e1 respaldada por pr\u00e1cticas l\u00edderes en el sector bajo la experta direcci\u00f3n del Dr. Nakul Karkare.<\/p>\n<p>Centrados en la comunidad: Nuestro compromiso de hacer que la atenci\u00f3n ortop\u00e9dica excepcional sea accesible para todos se refleja en nuestra extensi\u00f3n de servicios a Mill Neck, mostrando nuestra dedicaci\u00f3n a su bienestar.<\/p>\n<p>\u00c9xito probado: Nuestro historial es un testimonio de nuestra capacidad para capacitar a numerosas personas a recuperar la movilidad, reducir el dolor y mejorar su calidad de vida bajo el cuidado experto del Dr. Nakul Karkare.<\/p>\n<p>Su salud ortop\u00e9dica es nuestra m\u00e1xima prioridad, y estamos encantados de formar parte de la comunidad de Mill Neck. Si usted est\u00e1 luchando con problemas en las articulaciones, lesiones deportivas, fracturas, o cualquier otra preocupaci\u00f3n ortop\u00e9dica, el Dr. Nakul Karkare&#8217;s Orthopedic Care est\u00e1 aqu\u00ed para ofrecer apoyo con una c\u00e1lida sonrisa y atenci\u00f3n experta.<\/p>\n<p>Si usted est\u00e1 en Mill Neck, NY, y en necesidad de atenci\u00f3n ortop\u00e9dica, le invitamos a experimentar el servicio excepcional del Dr. Nakul Karkare&#8217;s Orthopedic Care. P\u00f3ngase en contacto con nosotros y perm\u00edtanos ser sus socios de confianza en su camino hacia una salud ortop\u00e9dica superior. \u00a1Estamos aqu\u00ed para ayudarte, y estamos ansiosos por conocerte!<\/p>\n<p>&nbsp;<\/p>\n<h1><strong>Servicios Ortop\u00e9dicos Integrales en Mill Neck, NY:<\/strong><\/h1>\n<p><strong><a href=\"https:\/\/newyorkhipknee.com\/faqs\/total-hip-replacement-faqs\/\" target=\"_blank\" rel=\"noopener\">Cirug\u00eda de pr\u00f3tesis de<\/a> cadera: Vuelva a vivir sin dolor de cadera<\/strong> <strong>De qu\u00e9 se trata:<\/strong> La artroplastia de cadera es la soluci\u00f3n cuando la articulaci\u00f3n de la cadera se ve afectada por problemas como la artrosis, la artritis reumatoide o las fracturas. El objetivo es hacer desaparecer el dolor, recuperar la movilidad y mejorar la calidad de vida en general.<\/p>\n<p><strong>C\u00f3mo funciona:<\/strong> Hay dos tipos de pr\u00f3tesis de cadera: la pr\u00f3tesis total de cadera (THR), en la que se cambian la r\u00f3tula y la cavidad de la articulaci\u00f3n de la cadera, y la pr\u00f3tesis parcial de cadera (hemiartroplastia), en la que s\u00f3lo se cambia la r\u00f3tula.<\/p>\n<p><strong>Su nueva cadera:<\/strong> Nuestros expertos cirujanos seleccionan los componentes de la articulaci\u00f3n artificial de la cadera en funci\u00f3n de su edad, nivel de actividad y necesidades espec\u00edficas. Tenemos una gama de materiales como metal, pl\u00e1stico o cer\u00e1mica para elegir.<\/p>\n<p><strong>Recuperaci\u00f3n:<\/strong> Despu\u00e9s de la operaci\u00f3n, trabajar\u00e1 con un fisioterapeuta para recuperar fuerzas y poner la cadera en plena forma. A menudo descubrir\u00e1 que sus dolores son cosa del pasado y que su cadera vuelve a las andadas.<\/p>\n<p><strong><a href=\"https:\/\/newyorkhipknee.com\/custom-knee-replacement-surgery\/\" target=\"_blank\" rel=\"noopener\">Pr\u00f3tesis de rodilla a medida<\/a>: Su soluci\u00f3n \u00fanica para el<\/strong> dolor de rodilla <strong>De qu\u00e9 se trata:<\/strong> La artroplastia de rodilla a medida es el camino a seguir cuando sus rodillas le causan un dolor extremo y ha probado todo lo dem\u00e1s. Hablamos de un enfoque personalizado de la cirug\u00eda de rodilla, hecho a su medida.<\/p>\n<p><strong>C\u00f3mo funciona:<\/strong> Antes de sumergirnos en la cirug\u00eda, hacemos una inmersi\u00f3n profunda en la estructura de su rodilla. Las im\u00e1genes avanzadas y el modelado por ordenador nos ayudan a crear un implante de rodilla tan \u00fanico como usted.<\/p>\n<p><strong>Las ventajas:<\/strong> Las pr\u00f3tesis de rodilla a medida suelen ofrecer una mejor alineaci\u00f3n, mayor estabilidad y menos dolor en comparaci\u00f3n con las pr\u00f3tesis de rodilla est\u00e1ndar. Es como tener una rodilla hecha a tu medida.<\/p>\n<p><strong>Recuperarse (de nuevo):<\/strong> Recuperarse significa trabajar con un fisioterapeuta para aumentar la fuerza y la flexibilidad de la rodilla. Esto suele conllevar menos dolor y una mejor funci\u00f3n de la rodilla. Desp\u00eddete de los molestos dolores de rodilla.<\/p>\n<p>En la pr\u00e1ctica del Dr. Nakul Karkare, no s\u00f3lo estamos aqu\u00ed para tratar sus problemas ortop\u00e9dicos, estamos aqu\u00ed para asegurarse de que entiende completamente sus opciones, se sienten c\u00f3modos con sus opciones, y volver a vivir su mejor vida. Si est\u00e1 listo para dar el primer paso hacia un futuro activo y sin dolor, hablemos de c\u00f3mo podemos ayudarle.<\/p>\n<h1>Acerca de Mill Neck, NY<\/h1>\n<p>Enclavado en el condado de Nassau, en la pintoresca costa norte de Long Island, Nueva York, Mill Neck le da la bienvenida con su encanto de pueblo peque\u00f1o, su rica historia y su cautivadora belleza natural. Al explorar Mill Neck, descubrir\u00e1 una comunidad que valora su pasado al tiempo que abraza la vitalidad del presente.<\/p>\n<p><strong>Historia de Mill Neck, NY:<\/strong> Ad\u00e9ntrese en las ra\u00edces coloniales de Mill Neck, donde la tierra fue una vez el hogar de la tribu de nativos americanos Matinecock. En el siglo XVII llegaron los primeros colonos europeos, que convirtieron la zona en un centro agr\u00edcola y pesquero.<\/p>\n<p>En el siglo XIX, Mill Neck se transform\u00f3 en un para\u00edso para los neoyorquinos adinerados que buscaban solaz en casas de veraneo y fincas. El pueblo prosper\u00f3 con industrias como la construcci\u00f3n naval y la ostricultura. A principios del siglo XX, Mill Neck se convirti\u00f3 en una comunidad residencial que combinaba casas unifamiliares, apartamentos y condominios. Hoy en d\u00eda, los edificios hist\u00f3ricos son testimonio del patrimonio arquitect\u00f3nico de este vibrante pueblo.<\/p>\n<p><strong>Cultura de Mill Neck, NY:<\/strong> Mill Neck palpita con una cultura diversa y vibrante, que cuenta con museos e instituciones culturales que reflejan el rico patrimonio del pueblo. Los hermosos parques y el entorno natural atraen a visitantes de todo el mundo. El distrito comercial, adornado con vida nocturna, hoteles, restaurantes frente al mar y una gran variedad de tiendas, ofrece una deliciosa fusi\u00f3n de servicios modernos en un entorno hist\u00f3rico.<\/p>\n<p><strong>Turismo en Mill Neck, NY:<\/strong> Mill Neck se ha convertido en un destino tur\u00edstico cada vez m\u00e1s solicitado, atrayendo a los visitantes con sus pintorescos parques, pueblos pintorescos y tesoros culturales. Una atracci\u00f3n destacada es la Mansi\u00f3n Mill Neck, una mansi\u00f3n hist\u00f3rica de principios del siglo XX. Esta joya arquitect\u00f3nica no s\u00f3lo cautiva a los lugare\u00f1os, sino que tambi\u00e9n sirve de pintoresco escenario para bodas y acontecimientos especiales.<\/p>\n<p>Los entusiastas de la naturaleza encuentran consuelo en el Refugio Nacional de Fauna Salvaje de Oyster Bay, un extenso santuario de 3.209 acres repleto de diversas especies animales y vegetales. Para\u00edso de observadores de aves y excursionistas, este refugio invita a sumergirse en la belleza del mundo natural.<\/p>\n<p>Mill Neck es algo m\u00e1s que un pueblo: es un tapiz vivo de historia, cultura y maravillas naturales. Explore sus rincones, emp\u00e1pese del ambiente y descubra las historias que hacen de Mill Neck un destino verdaderamente especial.<\/p>\n<\/div>\n<\/div>\n<\/div>\n<div class=\"flex justify-between empty:hidden gizmo:mt-1 gizmo:justify-start gizmo:gap-3 lg:block gizmo:lg:flex\">\n<div class=\"text-gray-400 flex self-end lg:self-center justify-center gizmo:lg:justify-start mt-2 gizmo:mt-0 visible gap-1\"><button class=\"flex ml-auto gizmo:ml-0 gap-1 items-center rounded-md p-1 text-xs gizmo:gap-1.5 gizmo:pl-0 dark:text-gray-400 dark:hover:text-gray-200 disabled:dark:hover:text-gray-400 hover:text-gray-950 md:invisible md:group-hover:visible md:group-[.final-completion]:visible\"><\/button><\/p>\n<div class=\"flex gap-1\"><\/div>\n<div class=\"flex items-center gap-1.5 text-xs\"><\/div>\n<\/div>\n<\/div>\n<\/div>\n<\/div>\n<\/div>\n<\/div>\n<\/div>\n<\/div>\n<\/div>\n<\/div>\n<\/div>\n<div class=\"w-full pt-2 md:pt-0 border-t md:border-t-0 gizmo:border-t-0 dark:border-white\/20 md:border-transparent md:dark:border-transparent md:pl-2 gizmo:pl-0 gizmo:md:pl-0 md:w-[calc(100%-.5rem)]\">\n<form class=\"stretch mx-2 flex flex-row gap-3 last:mb-2 md:mx-4 md:last:mb-6 lg:mx-auto lg:max-w-2xl xl:max-w-3xl\">\n<div class=\"relative flex h-full flex-1 items-stretch md:flex-col\">\n<div class=\"flex w-full items-center\">\n<h1>Indicaciones<\/h1>\n<p><span class=\"\">Estas son las instrucciones desde Mill Neck, NY a Complete Orthopedics en 52-21 Little Neck Parkway, Little Neck, NY 11362:<\/span><\/p>\n<ol class=\"list-outside list-decimal marker:font-mono marker:text-sm pl-11\">\n<li><span class=\"\">Dir\u00edjase hacia el sur por Mill Neck Rd hacia Frost Mill Rd.<\/span><\/li>\n<li><span class=\"\">Gire a la izquierda en Oyster Bay Rd.<\/span><\/li>\n<li><span class=\"\">Gire a la derecha en NY-25A W\/Northern Blvd.<\/span><\/li>\n<li><span class=\"\">Gire a la izquierda en Little Neck Pkwy.<\/span><\/li>\n<li><span class=\"\">Complete Orthopedics estar\u00e1 a la izquierda en 52-21 Little Neck Pkwy.<\/span><\/li>\n<\/ol>\n<p><span class=\"\">Nota: Las indicaciones exactas pueden variar en funci\u00f3n de la ubicaci\u00f3n de partida. Se recomienda utilizar un GPS o un servicio de mapas para obtener las direcciones m\u00e1s precisas.<\/span><\/p>\n<p>&nbsp;<\/p>\n<h1>Saludcaere cerca de Mill Neck<\/h1>\n<h4>Farmacias<\/h4>\n<ol class=\"list-outside list-decimal marker:font-mono marker:text-sm pl-11\">\n<li><span class=\"\">Farmacia CVS &#8211; 100 Forest Ave, Glen Cove, NY 11542<\/span><\/li>\n<li><span class=\"\">Farmacia Walgreens &#8211; 1 School St, Glen Cove, NY 11542<\/span><\/li>\n<li><span class=\"\">Farmacia Rite Aid &#8211; 5 Forest Ave, Glen Cove, NY 11542<\/span><\/li>\n<\/ol>\n<h4>Centros de Radiolog\u00eda<\/h4>\n<ol class=\"list-outside list-decimal marker:font-mono marker:text-sm pl-11\">\n<li><span class=\"\">North Shore Radiology Associates &#8211; 300 Community Dr, Manhasset, NY 11030<\/span><\/li>\n<li><span class=\"\">Radiolog\u00eda Glen Cove &#8211; 101 St Andrews Ln, Glen Cove, NY 11542<\/span><\/li>\n<li><span class=\"\">Diagnostic Radiology Associates &#8211; 165 N Village Ave, Rockville Centre, NY 11570<\/span><\/li>\n<\/ol>\n<h4>Centros de Atenci\u00f3n de Urgencia<\/h4>\n<ol class=\"list-outside list-decimal marker:font-mono marker:text-sm pl-11\">\n<li><span class=\"\">CityMD Glen Cove Urgent Care &#8211; 10 Cedar Swamp Rd, Glen Cove, NY 11542<\/span><\/li>\n<li><span class=\"\">ProHEALTH Urgent Care &#8211; 10 Cedar Swamp Rd, Glen Cove, NY 11542<\/span><\/li>\n<li><span class=\"\">Northwell Health-GoHealth Urgent Care &#8211; 1070 Northern Blvd, Roslyn, NY 11576<\/span><\/li>\n<\/ol>\n<h4>Hospitales<\/h4>\n<ol class=\"list-outside list-decimal marker:font-mono marker:text-sm pl-11\">\n<li><span class=\"\">Hospital Glen Cove &#8211; 101 St Andrews Ln, Glen Cove, NY 11542<\/span><\/li>\n<li><span class=\"\">Hospital Universitario North Shore &#8211; 300 Community Dr, Manhasset, NY 11030<\/span><\/li>\n<li><span class=\"\">St. Francis Hospital &#8211; 100 Port Washington Blvd, Roslyn, NY 11576<\/span><\/li>\n<\/ol>\n<p><span class=\"\">Nota: La informaci\u00f3n proporcionada es precisa a partir de octubre de 2023.<\/span><\/p>\n<p>En el centro de nuestra misi\u00f3n se encuentra una sincera dedicaci\u00f3n a brindar atenci\u00f3n ortop\u00e9dica integral a nuestra maravillosa comunidad local, incluidas las personas a las que hemos tenido el placer de ayudar antes. Ya sea que haya sido referido a nosotros para un tratamiento ortop\u00e9dico o si tiene alguna inquietud ortop\u00e9dica, nuestro dedicado equipo las 24 horas del d\u00eda, los 7 d\u00edas de la semana, est\u00e1 a solo una llamada de distancia, listo y ansioso por ofrecerle un apoyo no solo r\u00e1pido sino tambi\u00e9n genuinamente emp\u00e1tico.<\/p>\n<p>Entendemos que muchas personas se encuentran en necesidad de atenci\u00f3n debido a lesiones relacionadas con el trabajo, a menudo cubiertas por la compensaci\u00f3n del trabajador y el seguro sin culpa, y generalmente recurren a centros de atenci\u00f3n de urgencia y hospitales. Sin embargo, si su lesi\u00f3n no requiere una visita al hospital, sepa que estamos completamente equipados y m\u00e1s que dispuestos a brindarle tratamiento ortop\u00e9dico especializado, dise\u00f1ado con precisi\u00f3n para adaptarse a sus circunstancias \u00fanicas.<\/p>\n<p>No lo dudes ni un momento; Puede comunicarse con nosotros directamente al 631-981-2663 para programar una cita cuando m\u00e1s le convenga. Su bienestar no es solo nuestra prioridad; Es nuestro compromiso m\u00e1s sincero. \u00a1Trabajemos juntos por tu salud y felicidad!<\/p>\n<\/div>\n<\/div>\n<\/form>\n<\/div>\n","protected":false},"excerpt":{"rendered":"<p>Saludos desde Orthopedic Care del Dr. Nakul Karkare, su refugio dedicado a los servicios ortop\u00e9dicos pendientes. Aunque estamos orgullosos de llamar a Little Neck NY, nuestro hogar, estamos encantados de ampliar nuestra atenci\u00f3n experta y compasiva a la animada comunidad de Mill Neck, NY. En Orthopedic Care del Dr. Nakul Karkare, vamos m\u00e1s all\u00e1 de [&hellip;]<\/p>\n","protected":false},"author":33,"featured_media":0,"parent":16528,"menu_order":0,"comment_status":"closed","ping_status":"closed","template":"","meta":{"_et_pb_use_builder":"","_et_pb_old_content":"","_et_gb_content_width":"","footnotes":""},"class_list":["post-20972","page","type-page","status-publish","hentry"],"yoast_head":"<!-- This site is optimized with the Yoast SEO plugin v27.2 - https:\/\/yoast.com\/product\/yoast-seo-wordpress\/ -->\n<title>Mill Neck, Nueva York | Best Hip &amp; Knee Surgeon | NY, USA<\/title>\n<meta name=\"description\" content=\"Saludos desde Orthopedic Care del Dr. Nakul Karkare, su refugio dedicado a los servicios ortop\u00e9dicos pendientes. Aunque estamos orgullosos de llamar a\" \/>\n<meta name=\"robots\" content=\"index, follow, max-snippet:-1, max-image-preview:large, max-video-preview:-1\" \/>\n<link rel=\"canonical\" href=\"https:\/\/www.newyorkhipknee.com\/es\/contacto\/little-neck-mejor-cirujano-de-reemplazo-de-cadera-y-rodilla\/mill-neck-nueva-york\/\" \/>\n<meta property=\"og:locale\" content=\"es_ES\" \/>\n<meta property=\"og:type\" content=\"article\" \/>\n<meta property=\"og:title\" content=\"Mill Neck, Nueva York | Best Hip &amp; Knee Surgeon | NY, USA\" \/>\n<meta property=\"og:description\" content=\"Saludos desde Orthopedic Care del Dr. Nakul Karkare, su refugio dedicado a los servicios ortop\u00e9dicos pendientes. Aunque estamos orgullosos de llamar a\" \/>\n<meta property=\"og:url\" content=\"https:\/\/www.newyorkhipknee.com\/es\/contacto\/little-neck-mejor-cirujano-de-reemplazo-de-cadera-y-rodilla\/mill-neck-nueva-york\/\" \/>\n<meta property=\"og:site_name\" content=\"Best Hip &amp; Knee Surgeon | NY, USA\" \/>\n<meta name=\"twitter:card\" content=\"summary_large_image\" \/>\n<meta name=\"twitter:label1\" content=\"Tiempo de lectura\" \/>\n\t<meta name=\"twitter:data1\" content=\"9 minutos\" \/>\n<script type=\"application\/ld+json\" class=\"yoast-schema-graph\">{\"@context\":\"https:\/\/schema.org\",\"@graph\":[{\"@type\":[\"WebPage\",\"MedicalWebPage\"],\"@id\":\"https:\/\/www.newyorkhipknee.com\/es\/contacto\/little-neck-mejor-cirujano-de-reemplazo-de-cadera-y-rodilla\/mill-neck-nueva-york\/\",\"url\":\"https:\/\/www.newyorkhipknee.com\/es\/contacto\/little-neck-mejor-cirujano-de-reemplazo-de-cadera-y-rodilla\/mill-neck-nueva-york\/\",\"name\":\"Mill Neck, Nueva York | Best Hip &amp; Knee Surgeon | NY, USA\",\"isPartOf\":{\"@id\":\"https:\/\/www.newyorkhipknee.com\/es\/#website\"},\"datePublished\":\"2023-11-22T18:32:10+00:00\",\"description\":\"Saludos desde Orthopedic Care del Dr. Nakul Karkare, su refugio dedicado a los servicios ortop\u00e9dicos pendientes. Aunque estamos orgullosos de llamar a\",\"breadcrumb\":{\"@id\":\"https:\/\/www.newyorkhipknee.com\/es\/contacto\/little-neck-mejor-cirujano-de-reemplazo-de-cadera-y-rodilla\/mill-neck-nueva-york\/#breadcrumb\"},\"inLanguage\":\"es\",\"potentialAction\":[{\"@type\":\"ReadAction\",\"target\":[\"https:\/\/www.newyorkhipknee.com\/es\/contacto\/little-neck-mejor-cirujano-de-reemplazo-de-cadera-y-rodilla\/mill-neck-nueva-york\/\"]}]},{\"@type\":\"BreadcrumbList\",\"@id\":\"https:\/\/www.newyorkhipknee.com\/es\/contacto\/little-neck-mejor-cirujano-de-reemplazo-de-cadera-y-rodilla\/mill-neck-nueva-york\/#breadcrumb\",\"itemListElement\":[{\"@type\":\"ListItem\",\"position\":1,\"name\":\"Home\",\"item\":\"https:\/\/www.newyorkhipknee.com\/es\/\"},{\"@type\":\"ListItem\",\"position\":2,\"name\":\"Contacto\",\"item\":\"https:\/\/www.newyorkhipknee.com\/es\/contacto\/\"},{\"@type\":\"ListItem\",\"position\":3,\"name\":\"Little Neck &#8211; Mejor Cirujano de Reemplazo de Cadera y Rodilla\",\"item\":\"https:\/\/www.newyorkhipknee.com\/es\/contacto\/little-neck-mejor-cirujano-de-reemplazo-de-cadera-y-rodilla\/\"},{\"@type\":\"ListItem\",\"position\":4,\"name\":\"Mill Neck, Nueva York\"}]},{\"@type\":\"WebSite\",\"@id\":\"https:\/\/www.newyorkhipknee.com\/es\/#website\",\"url\":\"https:\/\/www.newyorkhipknee.com\/es\/\",\"name\":\"Best Hip & Knee Surgeon | NY, USA\",\"description\":\"\",\"potentialAction\":[{\"@type\":\"SearchAction\",\"target\":{\"@type\":\"EntryPoint\",\"urlTemplate\":\"https:\/\/www.newyorkhipknee.com\/es\/?s={search_term_string}\"},\"query-input\":{\"@type\":\"PropertyValueSpecification\",\"valueRequired\":true,\"valueName\":\"search_term_string\"}}],\"inLanguage\":\"es\"}]}<\/script>\n<!-- \/ Yoast SEO plugin. -->","yoast_head_json":{"title":"Mill Neck, Nueva York | Best Hip &amp; Knee Surgeon | NY, USA","description":"Saludos desde Orthopedic Care del Dr. Nakul Karkare, su refugio dedicado a los servicios ortop\u00e9dicos pendientes. Aunque estamos orgullosos de llamar a","robots":{"index":"index","follow":"follow","max-snippet":"max-snippet:-1","max-image-preview":"max-image-preview:large","max-video-preview":"max-video-preview:-1"},"canonical":"https:\/\/www.newyorkhipknee.com\/es\/contacto\/little-neck-mejor-cirujano-de-reemplazo-de-cadera-y-rodilla\/mill-neck-nueva-york\/","og_locale":"es_ES","og_type":"article","og_title":"Mill Neck, Nueva York | Best Hip &amp; Knee Surgeon | NY, USA","og_description":"Saludos desde Orthopedic Care del Dr. Nakul Karkare, su refugio dedicado a los servicios ortop\u00e9dicos pendientes. Aunque estamos orgullosos de llamar a","og_url":"https:\/\/www.newyorkhipknee.com\/es\/contacto\/little-neck-mejor-cirujano-de-reemplazo-de-cadera-y-rodilla\/mill-neck-nueva-york\/","og_site_name":"Best Hip &amp; Knee Surgeon | NY, USA","twitter_card":"summary_large_image","twitter_misc":{"Tiempo de lectura":"9 minutos"},"schema":{"@context":"https:\/\/schema.org","@graph":[{"@type":["WebPage","MedicalWebPage"],"@id":"https:\/\/www.newyorkhipknee.com\/es\/contacto\/little-neck-mejor-cirujano-de-reemplazo-de-cadera-y-rodilla\/mill-neck-nueva-york\/","url":"https:\/\/www.newyorkhipknee.com\/es\/contacto\/little-neck-mejor-cirujano-de-reemplazo-de-cadera-y-rodilla\/mill-neck-nueva-york\/","name":"Mill Neck, Nueva York | Best Hip &amp; Knee Surgeon | NY, USA","isPartOf":{"@id":"https:\/\/www.newyorkhipknee.com\/es\/#website"},"datePublished":"2023-11-22T18:32:10+00:00","description":"Saludos desde Orthopedic Care del Dr. Nakul Karkare, su refugio dedicado a los servicios ortop\u00e9dicos pendientes. Aunque estamos orgullosos de llamar a","breadcrumb":{"@id":"https:\/\/www.newyorkhipknee.com\/es\/contacto\/little-neck-mejor-cirujano-de-reemplazo-de-cadera-y-rodilla\/mill-neck-nueva-york\/#breadcrumb"},"inLanguage":"es","potentialAction":[{"@type":"ReadAction","target":["https:\/\/www.newyorkhipknee.com\/es\/contacto\/little-neck-mejor-cirujano-de-reemplazo-de-cadera-y-rodilla\/mill-neck-nueva-york\/"]}]},{"@type":"BreadcrumbList","@id":"https:\/\/www.newyorkhipknee.com\/es\/contacto\/little-neck-mejor-cirujano-de-reemplazo-de-cadera-y-rodilla\/mill-neck-nueva-york\/#breadcrumb","itemListElement":[{"@type":"ListItem","position":1,"name":"Home","item":"https:\/\/www.newyorkhipknee.com\/es\/"},{"@type":"ListItem","position":2,"name":"Contacto","item":"https:\/\/www.newyorkhipknee.com\/es\/contacto\/"},{"@type":"ListItem","position":3,"name":"Little Neck &#8211; Mejor Cirujano de Reemplazo de Cadera y Rodilla","item":"https:\/\/www.newyorkhipknee.com\/es\/contacto\/little-neck-mejor-cirujano-de-reemplazo-de-cadera-y-rodilla\/"},{"@type":"ListItem","position":4,"name":"Mill Neck, Nueva York"}]},{"@type":"WebSite","@id":"https:\/\/www.newyorkhipknee.com\/es\/#website","url":"https:\/\/www.newyorkhipknee.com\/es\/","name":"Best Hip & Knee Surgeon | NY, USA","description":"","potentialAction":[{"@type":"SearchAction","target":{"@type":"EntryPoint","urlTemplate":"https:\/\/www.newyorkhipknee.com\/es\/?s={search_term_string}"},"query-input":{"@type":"PropertyValueSpecification","valueRequired":true,"valueName":"search_term_string"}}],"inLanguage":"es"}]}},"_links":{"self":[{"href":"https:\/\/www.newyorkhipknee.com\/es\/wp-json\/wp\/v2\/pages\/20972","targetHints":{"allow":["GET"]}}],"collection":[{"href":"https:\/\/www.newyorkhipknee.com\/es\/wp-json\/wp\/v2\/pages"}],"about":[{"href":"https:\/\/www.newyorkhipknee.com\/es\/wp-json\/wp\/v2\/types\/page"}],"author":[{"embeddable":true,"href":"https:\/\/www.newyorkhipknee.com\/es\/wp-json\/wp\/v2\/users\/33"}],"replies":[{"embeddable":true,"href":"https:\/\/www.newyorkhipknee.com\/es\/wp-json\/wp\/v2\/comments?post=20972"}],"version-history":[{"count":0,"href":"https:\/\/www.newyorkhipknee.com\/es\/wp-json\/wp\/v2\/pages\/20972\/revisions"}],"up":[{"embeddable":true,"href":"https:\/\/www.newyorkhipknee.com\/es\/wp-json\/wp\/v2\/pages\/16528"}],"wp:attachment":[{"href":"https:\/\/www.newyorkhipknee.com\/es\/wp-json\/wp\/v2\/media?parent=20972"}],"curies":[{"name":"wp","href":"https:\/\/api.w.org\/{rel}","templated":true}]}}