{"id":20973,"date":"2023-11-22T14:20:52","date_gmt":"2023-11-22T19:20:52","guid":{"rendered":"https:\/\/newyorkhipknee.com\/contacto\/little-neck-mejor-cirujano-de-reemplazo-de-cadera-y-rodilla\/nuevo-hyde-park-nueva-york\/"},"modified":"2023-11-22T14:20:52","modified_gmt":"2023-11-22T19:20:52","slug":"nuevo-hyde-park-nueva-york","status":"publish","type":"page","link":"https:\/\/www.newyorkhipknee.com\/es\/contacto\/little-neck-mejor-cirujano-de-reemplazo-de-cadera-y-rodilla\/nuevo-hyde-park-nueva-york\/","title":{"rendered":"Nuevo Hyde Park, Nueva York"},"content":{"rendered":"<h1>Bienvenido a Orthopedic Care del Dr. Nakul Karkare, su distinguido destino para servicios ortop\u00e9dicos sin igual.<\/h1>\n<p>Aunque nuestra ubicaci\u00f3n principal se encuentra en Little Neck, NY, estamos encantados de ampliar nuestra experiencia y c\u00e1lida atenci\u00f3n ortop\u00e9dica a la acogedora comunidad de New Hyde Park, NY. En Orthopedic Care del Dr. Nakul Karkare, trascendemos el \u00e1mbito tradicional de la pr\u00e1ctica ortop\u00e9dica; somos sus socios dedicados en el viaje hacia una mejor salud ortop\u00e9dica.<\/p>\n<p><strong>Por qu\u00e9 la atenci\u00f3n ortop\u00e9dica del Dr. Nakul Karkare es su mejor opci\u00f3n:<\/strong><\/p>\n<ol>\n<li><strong>Conozca al Dr. Nakul Karkare:<\/strong> Dr. Nakul Karkare se destaca como un especialista ortop\u00e9dico muy logrado con una distinguida carrera, numerosas certificaciones, y una riqueza de experiencia en el campo. Sus profundos conocimientos y su enfoque compasivo le posicionan como su gu\u00eda de confianza en su viaje ortop\u00e9dico.<\/li>\n<li><strong>Atenci\u00f3n personalizada:<\/strong> Reconocemos la singularidad de cada paciente. Nuestro enfoque no s\u00f3lo es amable, sino tambi\u00e9n personalizado para satisfacer sus necesidades concretas, garantizando que reciba una atenci\u00f3n a medida dise\u00f1ada espec\u00edficamente para usted.<\/li>\n<li><strong>Soluciones de vanguardia:<\/strong> Manteni\u00e9ndose a la vanguardia de los avances ortop\u00e9dicos, nos aseguramos de que usted tenga acceso a los \u00faltimos tratamientos y tecnolog\u00edas bajo la direcci\u00f3n experta del Dr. Nakul Karkare.<\/li>\n<li><strong>Centrados en la comunidad:<\/strong> Nuestra creencia en hacer la atenci\u00f3n ortop\u00e9dica excepcional accesible a todos se refleja en nuestro compromiso de ampliar nuestros servicios a Shoreham, haciendo hincapi\u00e9 en nuestra dedicaci\u00f3n a su bienestar.<\/li>\n<li><strong>\u00c9xito probado:<\/strong> Nuestro impresionante historial lo dice todo. Hemos ayudado a numerosas personas a recuperar la movilidad, reducir el dolor y mejorar su calidad de vida bajo la experta direcci\u00f3n del Dr. Nakul Karkare.<\/li>\n<\/ol>\n<p><strong>Su viaje ortop\u00e9dico comienza con nosotros:<\/strong> Su salud ortop\u00e9dica es nuestra m\u00e1xima prioridad, y estamos entusiasmados de convertirnos en una parte integral de la comunidad de Shoreham. Si usted est\u00e1 luchando con problemas en las articulaciones, lesiones deportivas, fracturas, o cualquier otra preocupaci\u00f3n ortop\u00e9dica, el Dr. Nakul Karkare&#8217;s Orthopedic Care est\u00e1 aqu\u00ed para apoyarle con una sonrisa amable y una atenci\u00f3n experta.<\/p>\n<p>&nbsp;<\/p>\n<h2><strong>Servicios Ortop\u00e9dicos Integrales a la Medida de New Hyde Park, NY:<\/strong><\/h2>\n<p><strong><a href=\"https:\/\/newyorkhipknee.com\/custom-knee-replacement-surgery\/\" target=\"_blank\" rel=\"noopener\">Cirug\u00eda de pr\u00f3tesis de rodilla a medida<\/a>:<\/strong> <em>Para una mayor movilidad y comodidad<\/em><\/p>\n<p><strong>Qui\u00e9n se beneficia de la pr\u00f3tesis de rodilla a medida:<\/strong> Las personas que sufren dolor intenso de rodilla y movilidad reducida debido a afecciones como la artrosis, la artritis reumatoide o lesiones articulares son candidatos ideales para la artroplastia personalizada de rodilla. Si su dolor de rodilla afecta significativamente a su vida diaria y los tratamientos conservadores han resultado insuficientes, esta cirug\u00eda puede ser la soluci\u00f3n que necesita.<\/p>\n<p><strong>El procedimiento:<\/strong> La pr\u00f3tesis de rodilla a medida, tambi\u00e9n conocida como pr\u00f3tesis de rodilla personalizada, es un procedimiento quir\u00fargico adaptado a su anatom\u00eda \u00fanica. Comienza con una evaluaci\u00f3n exhaustiva de la articulaci\u00f3n de la rodilla mediante tecnolog\u00eda de imagen avanzada. Un implante personalizado se dise\u00f1a para ajustarse con precisi\u00f3n a su rodilla y, durante la intervenci\u00f3n, se extrae la articulaci\u00f3n de la rodilla da\u00f1ada y se coloca cuidadosamente el implante personalizado para restablecer la funci\u00f3n natural de la articulaci\u00f3n minimizando las molestias.<\/p>\n<p><strong>Ventajas de la pr\u00f3tesis de rodilla a medida:<\/strong><\/p>\n<ul>\n<li><em>Ajuste de precisi\u00f3n:<\/em> El implante a medida se adapta a la estructura \u00fanica de su rodilla, proporcionando una sensaci\u00f3n m\u00e1s natural y c\u00f3moda.<\/li>\n<li><em>Mayor movilidad:<\/em> Un implante ajustado con precisi\u00f3n mejora el movimiento de la articulaci\u00f3n y reduce el dolor.<\/li>\n<li><em>Resultados duraderos:<\/em> La pr\u00f3tesis de rodilla a medida puede ofrecer alivio a largo plazo, lo que permite un estilo de vida m\u00e1s activo y sin dolor.<\/li>\n<\/ul>\n<p><strong>Cirug\u00eda de pr\u00f3tesis de cadera:<\/strong> <em>Redescubra el movimiento sin dolor<\/em><\/p>\n<p><strong>Qui\u00e9n se beneficia de la artroplastia de cadera:<\/strong> La artroplastia de cadera suele recomendarse a las personas que sufren dolor de cadera, rigidez o una disminuci\u00f3n significativa de la movilidad debido a afecciones como artrosis, fracturas de cadera o necrosis avascular. Si su dolor de cadera interfiere en sus actividades cotidianas y afecta a su calidad de vida, la artroplastia de cadera puede ser la soluci\u00f3n.<\/p>\n<p><strong>El procedimiento:<\/strong> La cirug\u00eda de pr\u00f3tesis de cadera consiste en la extirpaci\u00f3n de la articulaci\u00f3n de la cadera da\u00f1ada y su sustituci\u00f3n por una pr\u00f3tesis de cadera. La intervenci\u00f3n se realiza bajo anestesia para garantizar su comodidad. El cirujano hace una incisi\u00f3n, extrae con cuidado la articulaci\u00f3n da\u00f1ada y coloca con seguridad el implante prot\u00e9sico para imitar la funci\u00f3n de la articulaci\u00f3n natural de la cadera.<\/p>\n<p><a href=\"https:\/\/newyorkhipknee.com\/hip-replacement-surgery\/\" target=\"_blank\" rel=\"noopener\"><strong>Beneficios de la pr\u00f3tesis de cadera:<\/strong><\/a><\/p>\n<ul>\n<li><em>Alivio del dolor:<\/em> Alivio sustancial del dolor cr\u00f3nico de cadera, permitiendo un estilo de vida activo.<\/li>\n<li><em>Mejora de la movilidad:<\/em> Restablecimiento de la capacidad para caminar, moverse y realizar actividades sin molestias.<\/li>\n<li><em>Mayor calidad de vida:<\/em> Una pr\u00f3tesis de cadera satisfactoria permite llevar una vida m\u00e1s plena y sin dolor.<\/li>\n<\/ul>\n<p>Tanto la artroplastia de rodilla como la artroplastia de cadera a medida son soluciones eficaces para aliviar el dolor y mejorar la movilidad. Si experimenta molestias persistentes en la rodilla o la cadera que limitan sus actividades diarias, considere la posibilidad de consultar al Dr. Nakul Karkare, un cirujano ortop\u00e9dico con gran experiencia. El Dr. Karkare y su equipo le proporcionar\u00e1n una atenci\u00f3n personalizada para ayudarle a recuperar su calidad de vida mediante estas opciones quir\u00fargicas avanzadas.<\/p>\n<p>&nbsp;<\/p>\n<h1>Acerca de New Hyde Park<\/h1>\n<p>Ad\u00e9ntrese en el coraz\u00f3n del encanto del condado de Nassau: bienvenido a New Hyde Park, NY, un pueblo enclavado en la encantadora Long Island, rebosante de historia, cultura y una comunidad floreciente. Nuestro pueblo destaca por sus pintorescos parques, sus excepcionales colegios y su animado distrito comercial, que ofrece un sinf\u00edn de experiencias tanto a residentes como a visitantes.<\/p>\n<p><strong>Emb\u00e1rquese en un viaje por el pasado de New Hyde Park:<\/strong> Ad\u00e9ntrese en las ra\u00edces de New Hyde Park, donde la historia resuena a trav\u00e9s de los tiempos, remont\u00e1ndose a la \u00e9poca colonial. Habitada originalmente por la tribu de nativos americanos Matinecock, en el siglo XVII llegaron los colonos europeos, que transformaron la zona en un centro de agricultura y pesca. En el siglo XIX, New Hyde Park cautiv\u00f3 los corazones de los neoyorquinos acaudalados, que crearon retiros de verano, dando paso a una era de opulentas fincas.<\/p>\n<p>A medida que el pueblo evolucion\u00f3 hacia el siglo XX, se convirti\u00f3 en un para\u00edso residencial, con un tapiz arquitect\u00f3nico de casas unifamiliares, apartamentos y condominios, testimonio de su rico patrimonio.<\/p>\n<p><strong>Un tapiz de cultura:<\/strong> New Hyde Park, Nueva York, es un crisol de diversidad con una vibrante escena cultural. Museos e instituciones culturales adornan el pueblo, mientras que pintorescos parques atraen a admiradores de todo el mundo. El distrito comercial bulle de vida y ofrece una gran variedad de locales nocturnos, hoteles, restaurantes frente al mar y tiendas ecl\u00e9cticas, testimonio del animado esp\u00edritu del pueblo.<\/p>\n<p><strong>Embarcarse en un deleite tur\u00edstico:<\/strong> Sea testigo de c\u00f3mo New Hyde Park se transforma en un floreciente destino tur\u00edstico que seduce a los viajeros con sus verdes parques, sus encantadores pueblos y un legado cultural que resuena en todo el mundo. Entre las atracciones m\u00e1s destacadas se encuentra el emblem\u00e1tico hip\u00f3dromo de Belmont Park, sede hist\u00f3rica de carreras de caballos desde 1905. Esta pista no s\u00f3lo alberga importantes eventos de carreras, sino que tambi\u00e9n sirve de im\u00e1n tanto para los lugare\u00f1os como para los turistas que buscan un subid\u00f3n de adrenalina.<\/p>\n<p>Otra joya de la corona de New Hyde Park son los Jardines de Old Westbury, una mansi\u00f3n hist\u00f3rica y jardines de principios del siglo XX. Este destino atemporal cautiva la imaginaci\u00f3n de los visitantes, proporcionando un tel\u00f3n de fondo para bodas y eventos especiales, e invitando a todos a deleitarse con su belleza intemporal.<\/p>\n<p>En New Hyde Park, cada rinc\u00f3n narra una historia, y cada experiencia es una exploraci\u00f3n. \u00danase a nosotros para celebrar el pasado, abrazar el presente y mirar hacia un futuro apasionante en el coraz\u00f3n de la joya del condado de Nassau: New Hyde Park, Nueva York.<\/p>\n<h1>Indicaciones<\/h1>\n<div class=\"relative default font-sans text-base text-textMain dark:text-textMainDark selection:bg-superDuper selection:text-textMain\">\n<div class=\"break-words min-w-0 [word-break:break-word]\">\n<div dir=\"auto\">\n<div class=\"prose dark:prose-invert inline leading-normal break-words min-w-0 [word-break:break-word]\"><span class=\"\">Aqu\u00ed est\u00e1n las instrucciones desde New Hyde Park, NY a Complete Orthopedics en 52-21 Little Neck Parkway, Little Neck, NY 11362:<\/span>&nbsp;<\/p>\n<ol class=\"list-outside list-decimal marker:font-mono marker:text-sm pl-11\">\n<li><span class=\"\">Dir\u00edjase hacia el este por Jericho Turnpike hacia S 12th St.<\/span><\/li>\n<li><span class=\"\">Gire a la izquierda en Lakeville Rd.<\/span><\/li>\n<li><span class=\"\">Gire a la derecha en Northern Blvd.<\/span><\/li>\n<li><span class=\"\">Gire a la izquierda en Little Neck Pkwy.<\/span><\/li>\n<li><span class=\"\">Complete Orthopedics estar\u00e1 a la derecha en 52-21 Little Neck Pkwy.<\/span><\/li>\n<\/ol>\n<p><span class=\"\">Nota: Las indicaciones exactas pueden variar en funci\u00f3n de la ubicaci\u00f3n de partida. Se recomienda utilizar un GPS o un servicio de mapas para obtener las direcciones m\u00e1s precisas.<\/span><\/p>\n<\/div>\n<\/div>\n<\/div>\n<\/div>\n<div class=\"flex items-center justify-between\">\n<div class=\"flex items-center gap-xs mt-sm -ml-sm\">\n<div>\n<div class=\"flex items-center leading-none justify-center gap-xs\"><\/div>\n<\/div>\n<div class=\"flex items-center leading-none justify-center gap-xs\"><\/div>\n<\/div>\n<\/div>\n<h1>Atenci\u00f3n m\u00e9dica cerca de New Hyde Park<\/h1>\n<div class=\"border-borderMain\/60 dark:border-borderMainDark\/80 divide-borderMain\/60 dark:divide-borderMainDark\/80 ring-borderMain dark:ring-borderMainDark bg-transparent\">\n<div class=\"relative default font-sans text-base text-textMain dark:text-textMainDark selection:bg-superDuper selection:text-textMain\">\n<div class=\"break-words min-w-0 [word-break:break-word]\">\n<div dir=\"auto\">\n<div class=\"prose dark:prose-invert inline leading-normal break-words min-w-0 [word-break:break-word]\">\n<h4>Farmacias<\/h4>\n<ol class=\"list-outside list-decimal marker:font-mono marker:text-sm pl-11\">\n<li><span class=\"\">Farmacia CVS &#8211; 2045 Jericho Turnpike, New Hyde Park, NY 11040<\/span><\/li>\n<li><span class=\"\">Farmacia Walgreens &#8211; 2090 Jericho Turnpike, New Hyde Park, NY 11040<\/span><\/li>\n<li><span class=\"\">Farmacia Rite Aid &#8211; 2090 Hillside Ave, New Hyde Park, NY 11040<\/span><\/li>\n<\/ol>\n<h4>Centros de Radiolog\u00eda<\/h4>\n<ol class=\"list-outside list-decimal marker:font-mono marker:text-sm pl-11\">\n<li><span class=\"\">North Shore Radiology Associates &#8211; 300 Community Dr, Manhasset, NY 11030<\/span><\/li>\n<li><span class=\"\">Radiolog\u00eda New Hyde Park &#8211; 270-05 76th Ave, New Hyde Park, NY 11040<\/span><\/li>\n<li><span class=\"\">Diagnostic Radiology Associates &#8211; 165 N Village Ave, Rockville Centre, NY 11570<\/span><\/li>\n<\/ol>\n<h4>Centros de Atenci\u00f3n de Urgencia<\/h4>\n<ol class=\"list-outside list-decimal marker:font-mono marker:text-sm pl-11\">\n<li><span class=\"\">CityMD New Hyde Park Urgent Care &#8211; 1991 Jericho Turnpike, New Hyde Park, NY 11040<\/span><\/li>\n<li><span class=\"\">ProHEALTH Urgent Care &#8211; 1 Hollow Ln, New Hyde Park, NY 11042<\/span><\/li>\n<li><span class=\"\">Northwell Health-GoHealth Urgent Care &#8211; 1070 Northern Blvd, Roslyn, NY 11576<\/span><\/li>\n<\/ol>\n<h4>Hospitales<\/h4>\n<ol class=\"list-outside list-decimal marker:font-mono marker:text-sm pl-11\">\n<li><span class=\"\">Centro M\u00e9dico Jud\u00edo de Long Island &#8211; 270-05 76th Ave, New Hyde Park, NY 11040<\/span><\/li>\n<li><span class=\"\">Hospital Universitario North Shore &#8211; 300 Community Dr, Manhasset, NY 11030<\/span><\/li>\n<li><span class=\"\">St. Francis Hospital &#8211; 100 Port Washington Blvd, Roslyn, NY 11576<\/span><\/li>\n<\/ol>\n<p><span class=\"\">Nota: La informaci\u00f3n proporcionada es precisa a partir de octubre de 2023.<\/span><\/p>\n<\/div>\n<\/div>\n<\/div>\n<\/div>\n<div class=\"flex items-center justify-between\">\n<div class=\"flex items-center gap-xs mt-sm -ml-sm\">\n<div class=\"flex items-center leading-none justify-center gap-xs\"><\/div>\n<\/div>\n<\/div>\n<\/div>\n<p>En el centro de nuestra misi\u00f3n se encuentra el firme compromiso de brindar atenci\u00f3n ortop\u00e9dica integral a nuestra comunidad local, incluidos los que hemos mencionado anteriormente. Ya sea que lo remitan a nosotros para un tratamiento ortop\u00e9dico o tenga alguna inquietud ortop\u00e9dica, nuestro equipo dedicado las 24 horas del d\u00eda, los 7 d\u00edas de la semana est\u00e1 aqu\u00ed para ayudarlo. Simplemente ll\u00e1menos y estaremos listos para ofrecerle asistencia oportuna y compasiva.<\/p>\n<p>Entendemos que muchas personas buscan atenci\u00f3n por lesiones relacionadas con el trabajo cubiertas por la compensaci\u00f3n laboral y el seguro sin culpa en centros de atenci\u00f3n de urgencia y hospitales. Si su lesi\u00f3n no requiere una visita al hospital, estaremos encantados de ofrecerle un tratamiento ortop\u00e9dico especializado adaptado a sus necesidades \u00fanicas. No dude en comunicarse con nosotros al 631-981-2663 para programar una cita hoy. Su bienestar sigue siendo nuestra m\u00e1xima prioridad.<\/p>\n","protected":false},"excerpt":{"rendered":"<p>Bienvenido a Orthopedic Care del Dr. Nakul Karkare, su distinguido destino para servicios ortop\u00e9dicos sin igual. Aunque nuestra ubicaci\u00f3n principal se encuentra en Little Neck, NY, estamos encantados de ampliar nuestra experiencia y c\u00e1lida atenci\u00f3n ortop\u00e9dica a la acogedora comunidad de New Hyde Park, NY. En Orthopedic Care del Dr. Nakul Karkare, trascendemos el \u00e1mbito [&hellip;]<\/p>\n","protected":false},"author":33,"featured_media":0,"parent":16528,"menu_order":0,"comment_status":"closed","ping_status":"closed","template":"","meta":{"_et_pb_use_builder":"","_et_pb_old_content":"","_et_gb_content_width":"","footnotes":""},"class_list":["post-20973","page","type-page","status-publish","hentry"],"yoast_head":"<!-- This site is optimized with the Yoast SEO plugin v27.2 - https:\/\/yoast.com\/product\/yoast-seo-wordpress\/ -->\n<title>Nuevo Hyde Park, Nueva York | Best Hip &amp; Knee Surgeon | NY, USA<\/title>\n<meta name=\"description\" content=\"Bienvenido a Orthopedic Care del Dr. Nakul Karkare, su distinguido destino para servicios ortop\u00e9dicos sin igual. Aunque nuestra ubicaci\u00f3n principal se\" \/>\n<meta name=\"robots\" content=\"index, follow, max-snippet:-1, max-image-preview:large, max-video-preview:-1\" \/>\n<link rel=\"canonical\" href=\"https:\/\/www.newyorkhipknee.com\/es\/contacto\/little-neck-mejor-cirujano-de-reemplazo-de-cadera-y-rodilla\/nuevo-hyde-park-nueva-york\/\" \/>\n<meta property=\"og:locale\" content=\"es_ES\" \/>\n<meta property=\"og:type\" content=\"article\" \/>\n<meta property=\"og:title\" content=\"Nuevo Hyde Park, Nueva York | Best Hip &amp; Knee Surgeon | NY, USA\" \/>\n<meta property=\"og:description\" content=\"Bienvenido a Orthopedic Care del Dr. Nakul Karkare, su distinguido destino para servicios ortop\u00e9dicos sin igual. Aunque nuestra ubicaci\u00f3n principal se\" \/>\n<meta property=\"og:url\" content=\"https:\/\/www.newyorkhipknee.com\/es\/contacto\/little-neck-mejor-cirujano-de-reemplazo-de-cadera-y-rodilla\/nuevo-hyde-park-nueva-york\/\" \/>\n<meta property=\"og:site_name\" content=\"Best Hip &amp; Knee Surgeon | NY, USA\" \/>\n<meta name=\"twitter:card\" content=\"summary_large_image\" \/>\n<meta name=\"twitter:label1\" content=\"Tiempo de lectura\" \/>\n\t<meta name=\"twitter:data1\" content=\"9 minutos\" \/>\n<script type=\"application\/ld+json\" class=\"yoast-schema-graph\">{\"@context\":\"https:\/\/schema.org\",\"@graph\":[{\"@type\":[\"WebPage\",\"MedicalWebPage\"],\"@id\":\"https:\/\/www.newyorkhipknee.com\/es\/contacto\/little-neck-mejor-cirujano-de-reemplazo-de-cadera-y-rodilla\/nuevo-hyde-park-nueva-york\/\",\"url\":\"https:\/\/www.newyorkhipknee.com\/es\/contacto\/little-neck-mejor-cirujano-de-reemplazo-de-cadera-y-rodilla\/nuevo-hyde-park-nueva-york\/\",\"name\":\"Nuevo Hyde Park, Nueva York | Best Hip &amp; Knee Surgeon | NY, USA\",\"isPartOf\":{\"@id\":\"https:\/\/www.newyorkhipknee.com\/es\/#website\"},\"datePublished\":\"2023-11-22T19:20:52+00:00\",\"description\":\"Bienvenido a Orthopedic Care del Dr. Nakul Karkare, su distinguido destino para servicios ortop\u00e9dicos sin igual. Aunque nuestra ubicaci\u00f3n principal se\",\"breadcrumb\":{\"@id\":\"https:\/\/www.newyorkhipknee.com\/es\/contacto\/little-neck-mejor-cirujano-de-reemplazo-de-cadera-y-rodilla\/nuevo-hyde-park-nueva-york\/#breadcrumb\"},\"inLanguage\":\"es\",\"potentialAction\":[{\"@type\":\"ReadAction\",\"target\":[\"https:\/\/www.newyorkhipknee.com\/es\/contacto\/little-neck-mejor-cirujano-de-reemplazo-de-cadera-y-rodilla\/nuevo-hyde-park-nueva-york\/\"]}]},{\"@type\":\"BreadcrumbList\",\"@id\":\"https:\/\/www.newyorkhipknee.com\/es\/contacto\/little-neck-mejor-cirujano-de-reemplazo-de-cadera-y-rodilla\/nuevo-hyde-park-nueva-york\/#breadcrumb\",\"itemListElement\":[{\"@type\":\"ListItem\",\"position\":1,\"name\":\"Home\",\"item\":\"https:\/\/www.newyorkhipknee.com\/es\/\"},{\"@type\":\"ListItem\",\"position\":2,\"name\":\"Contacto\",\"item\":\"https:\/\/www.newyorkhipknee.com\/es\/contacto\/\"},{\"@type\":\"ListItem\",\"position\":3,\"name\":\"Little Neck &#8211; Mejor Cirujano de Reemplazo de Cadera y Rodilla\",\"item\":\"https:\/\/www.newyorkhipknee.com\/es\/contacto\/little-neck-mejor-cirujano-de-reemplazo-de-cadera-y-rodilla\/\"},{\"@type\":\"ListItem\",\"position\":4,\"name\":\"Nuevo Hyde Park, Nueva York\"}]},{\"@type\":\"WebSite\",\"@id\":\"https:\/\/www.newyorkhipknee.com\/es\/#website\",\"url\":\"https:\/\/www.newyorkhipknee.com\/es\/\",\"name\":\"Best Hip & Knee Surgeon | NY, USA\",\"description\":\"\",\"potentialAction\":[{\"@type\":\"SearchAction\",\"target\":{\"@type\":\"EntryPoint\",\"urlTemplate\":\"https:\/\/www.newyorkhipknee.com\/es\/?s={search_term_string}\"},\"query-input\":{\"@type\":\"PropertyValueSpecification\",\"valueRequired\":true,\"valueName\":\"search_term_string\"}}],\"inLanguage\":\"es\"}]}<\/script>\n<!-- \/ Yoast SEO plugin. -->","yoast_head_json":{"title":"Nuevo Hyde Park, Nueva York | Best Hip &amp; Knee Surgeon | NY, USA","description":"Bienvenido a Orthopedic Care del Dr. Nakul Karkare, su distinguido destino para servicios ortop\u00e9dicos sin igual. Aunque nuestra ubicaci\u00f3n principal se","robots":{"index":"index","follow":"follow","max-snippet":"max-snippet:-1","max-image-preview":"max-image-preview:large","max-video-preview":"max-video-preview:-1"},"canonical":"https:\/\/www.newyorkhipknee.com\/es\/contacto\/little-neck-mejor-cirujano-de-reemplazo-de-cadera-y-rodilla\/nuevo-hyde-park-nueva-york\/","og_locale":"es_ES","og_type":"article","og_title":"Nuevo Hyde Park, Nueva York | Best Hip &amp; Knee Surgeon | NY, USA","og_description":"Bienvenido a Orthopedic Care del Dr. Nakul Karkare, su distinguido destino para servicios ortop\u00e9dicos sin igual. Aunque nuestra ubicaci\u00f3n principal se","og_url":"https:\/\/www.newyorkhipknee.com\/es\/contacto\/little-neck-mejor-cirujano-de-reemplazo-de-cadera-y-rodilla\/nuevo-hyde-park-nueva-york\/","og_site_name":"Best Hip &amp; Knee Surgeon | NY, USA","twitter_card":"summary_large_image","twitter_misc":{"Tiempo de lectura":"9 minutos"},"schema":{"@context":"https:\/\/schema.org","@graph":[{"@type":["WebPage","MedicalWebPage"],"@id":"https:\/\/www.newyorkhipknee.com\/es\/contacto\/little-neck-mejor-cirujano-de-reemplazo-de-cadera-y-rodilla\/nuevo-hyde-park-nueva-york\/","url":"https:\/\/www.newyorkhipknee.com\/es\/contacto\/little-neck-mejor-cirujano-de-reemplazo-de-cadera-y-rodilla\/nuevo-hyde-park-nueva-york\/","name":"Nuevo Hyde Park, Nueva York | Best Hip &amp; Knee Surgeon | NY, USA","isPartOf":{"@id":"https:\/\/www.newyorkhipknee.com\/es\/#website"},"datePublished":"2023-11-22T19:20:52+00:00","description":"Bienvenido a Orthopedic Care del Dr. Nakul Karkare, su distinguido destino para servicios ortop\u00e9dicos sin igual. Aunque nuestra ubicaci\u00f3n principal se","breadcrumb":{"@id":"https:\/\/www.newyorkhipknee.com\/es\/contacto\/little-neck-mejor-cirujano-de-reemplazo-de-cadera-y-rodilla\/nuevo-hyde-park-nueva-york\/#breadcrumb"},"inLanguage":"es","potentialAction":[{"@type":"ReadAction","target":["https:\/\/www.newyorkhipknee.com\/es\/contacto\/little-neck-mejor-cirujano-de-reemplazo-de-cadera-y-rodilla\/nuevo-hyde-park-nueva-york\/"]}]},{"@type":"BreadcrumbList","@id":"https:\/\/www.newyorkhipknee.com\/es\/contacto\/little-neck-mejor-cirujano-de-reemplazo-de-cadera-y-rodilla\/nuevo-hyde-park-nueva-york\/#breadcrumb","itemListElement":[{"@type":"ListItem","position":1,"name":"Home","item":"https:\/\/www.newyorkhipknee.com\/es\/"},{"@type":"ListItem","position":2,"name":"Contacto","item":"https:\/\/www.newyorkhipknee.com\/es\/contacto\/"},{"@type":"ListItem","position":3,"name":"Little Neck &#8211; Mejor Cirujano de Reemplazo de Cadera y Rodilla","item":"https:\/\/www.newyorkhipknee.com\/es\/contacto\/little-neck-mejor-cirujano-de-reemplazo-de-cadera-y-rodilla\/"},{"@type":"ListItem","position":4,"name":"Nuevo Hyde Park, Nueva York"}]},{"@type":"WebSite","@id":"https:\/\/www.newyorkhipknee.com\/es\/#website","url":"https:\/\/www.newyorkhipknee.com\/es\/","name":"Best Hip & Knee Surgeon | NY, USA","description":"","potentialAction":[{"@type":"SearchAction","target":{"@type":"EntryPoint","urlTemplate":"https:\/\/www.newyorkhipknee.com\/es\/?s={search_term_string}"},"query-input":{"@type":"PropertyValueSpecification","valueRequired":true,"valueName":"search_term_string"}}],"inLanguage":"es"}]}},"_links":{"self":[{"href":"https:\/\/www.newyorkhipknee.com\/es\/wp-json\/wp\/v2\/pages\/20973","targetHints":{"allow":["GET"]}}],"collection":[{"href":"https:\/\/www.newyorkhipknee.com\/es\/wp-json\/wp\/v2\/pages"}],"about":[{"href":"https:\/\/www.newyorkhipknee.com\/es\/wp-json\/wp\/v2\/types\/page"}],"author":[{"embeddable":true,"href":"https:\/\/www.newyorkhipknee.com\/es\/wp-json\/wp\/v2\/users\/33"}],"replies":[{"embeddable":true,"href":"https:\/\/www.newyorkhipknee.com\/es\/wp-json\/wp\/v2\/comments?post=20973"}],"version-history":[{"count":0,"href":"https:\/\/www.newyorkhipknee.com\/es\/wp-json\/wp\/v2\/pages\/20973\/revisions"}],"up":[{"embeddable":true,"href":"https:\/\/www.newyorkhipknee.com\/es\/wp-json\/wp\/v2\/pages\/16528"}],"wp:attachment":[{"href":"https:\/\/www.newyorkhipknee.com\/es\/wp-json\/wp\/v2\/media?parent=20973"}],"curies":[{"name":"wp","href":"https:\/\/api.w.org\/{rel}","templated":true}]}}