{"id":20974,"date":"2023-11-22T14:30:40","date_gmt":"2023-11-22T19:30:40","guid":{"rendered":"https:\/\/newyorkhipknee.com\/contacto\/little-neck-mejor-cirujano-de-reemplazo-de-cadera-y-rodilla\/mineola-nueva-york\/"},"modified":"2023-11-22T14:30:40","modified_gmt":"2023-11-22T19:30:40","slug":"mineola-nueva-york","status":"publish","type":"page","link":"https:\/\/www.newyorkhipknee.com\/es\/contacto\/little-neck-mejor-cirujano-de-reemplazo-de-cadera-y-rodilla\/mineola-nueva-york\/","title":{"rendered":"Mineola, Nueva York"},"content":{"rendered":"<h1>Bienvenido a la distinguida consulta ortop\u00e9dica del Dr. Nakul Karkare, donde la excelencia en la atenci\u00f3n ortop\u00e9dica alcanza nuevas cotas.<\/h1>\n<p>El Dr. Karkare, con sede en Little Neck, NY, est\u00e1 encantado de ampliar sus excepcionales servicios ortop\u00e9dicos a la encantadora comunidad de Mineola, NY. En el \u00e1mbito de la pr\u00e1ctica ortop\u00e9dica en Nueva York, el nombre del Dr. Nakul Karkare es sin\u00f3nimo de experiencia sin igual.<\/p>\n<p>En la consulta del Dr. Nakul Karkare, el compromiso va m\u00e1s all\u00e1 de ofrecer atenci\u00f3n ortop\u00e9dica; se trata de transformar la esencia misma de \u00e9sta. He aqu\u00ed por qu\u00e9 el Dr. Karkare emerge como la opci\u00f3n sin igual para los servicios ortop\u00e9dicos en Nueva York:<\/p>\n<p><strong>Especialistas ortop\u00e9dicos pioneros:<\/strong> El equipo del Dr. Karkare est\u00e1 formado por algunos de los especialistas ortop\u00e9dicos m\u00e1s consumados del sector. Su dilatada experiencia y sus conocimientos marcan la pauta en excelencia ortop\u00e9dica.<\/p>\n<p><strong>Tratamiento de vanguardia:<\/strong> Mantenerse a la vanguardia de los avances ortop\u00e9dicos, el Dr. Karkare asegura que sus pacientes se benefician de los \u00faltimos tratamientos y tecnolog\u00edas. La base de su atenci\u00f3n se construye sobre el pin\u00e1culo de la experiencia ortop\u00e9dica.<\/p>\n<p><strong>Atenci\u00f3n personalizada:<\/strong> Reconociendo la singularidad de cada paciente, el Dr. Karkare y su equipo emplean un enfoque personalizado. Su plan de tratamiento se elabora para abordar sus necesidades espec\u00edficas, maximizando las posibilidades de \u00e9xito.<\/p>\n<p><strong>Accesibilidad para todos:<\/strong> Mientras que su base de operaciones se mantiene en Little Neck, NY, que se extienden con entusiasmo sus servicios a Mineola, con la firme creencia de que la atenci\u00f3n ortop\u00e9dica excepcional debe ser accesible a todos en la comunidad.<\/p>\n<p><strong>Excelencia probada:<\/strong> El historial de \u00e9xitos del Dr. Karkare lo dice todo. Ha ayudado a innumerables pacientes a recuperar la movilidad, aliviar el dolor y mejorar su calidad de vida en general.<\/p>\n<p>Su bienestar ortop\u00e9dico tiene prioridad en la consulta del Dr. Nakul Karkare. Ya se trate de problemas articulares, lesiones deportivas, fracturas o cualquier otro problema ortop\u00e9dico, la consulta del Dr. Nakul Karkare es su compa\u00f1ero de confianza en el camino hacia la recuperaci\u00f3n.<\/p>\n<h1><strong>Nuestros servicios ortop\u00e9dicos integrales abarcan:<\/strong><\/h1>\n<h3><a href=\"https:\/\/newyorkhipknee.com\/hip-replacement-surgery\/\" target=\"_blank\" rel=\"noopener\"><strong>Cirug\u00eda de reemplazo de cadera:<\/strong><\/a><\/h3>\n<ul>\n<li><strong>Indicaciones:<\/strong> Recomendado para personas que se enfrentan a da\u00f1os en la articulaci\u00f3n de la cadera por afecciones como artrosis, artritis reumatoide o fracturas. El objetivo es aliviar el dolor, recuperar la movilidad y mejorar la calidad de vida en general.<\/li>\n<li><strong>Opciones quir\u00fargicas:<\/strong> Reemplazo total de cadera (THR) y reemplazo parcial de cadera (hemiartroplastia). La THR sustituye tanto la r\u00f3tula como la cavidad de la articulaci\u00f3n de la cadera, mientras que la hemiartroplastia se centra en sustituir \u00fanicamente el componente de la r\u00f3tula.<\/li>\n<li><strong>Implantes:<\/strong> Construidos con materiales como metal, pl\u00e1stico o cer\u00e1mica, elegidos en funci\u00f3n de la edad, el nivel de actividad y las necesidades espec\u00edficas.<\/li>\n<li><strong>Recuperaci\u00f3n:<\/strong> Implica un periodo de fisioterapia postoperatoria, que conlleva una reducci\u00f3n del dolor y una mejora de la funci\u00f3n de la cadera, lo que permite a los pacientes reanudar sus actividades normales.<\/li>\n<\/ul>\n<p>&nbsp;<\/p>\n<h3><a href=\"https:\/\/newyorkhipknee.com\/custom-knee-replacement-surgery\/\" target=\"_blank\" rel=\"noopener\"><strong>Reemplazo de rodilla personalizado:<\/strong><\/a><\/h3>\n<ul>\n<li><strong>Indicaciones:<\/strong> Enfoque altamente individualizado para el dolor intenso de rodilla o lesiones articulares que no responden a tratamientos conservadores.<\/li>\n<li><strong>Proceso quir\u00fargico:<\/strong> Utiliza im\u00e1genes avanzadas y modelado por ordenador para evaluar la anatom\u00eda de la rodilla, facilitando el dise\u00f1o de un implante de rodilla a medida.<\/li>\n<li><strong>Ventajas:<\/strong> Las pr\u00f3tesis de rodilla a medida suelen mejorar la alineaci\u00f3n, la estabilidad y reducir el dolor en comparaci\u00f3n con las pr\u00f3tesis de rodilla est\u00e1ndar.<\/li>\n<li><strong>Rehabilitaci\u00f3n:<\/strong> Implica un per\u00edodo de fisioterapia para recuperar la fuerza y la amplitud de movimiento de la rodilla, lo que conduce a una mejor funci\u00f3n de la rodilla y un retorno m\u00e1s c\u00f3modo a las actividades diarias.<\/li>\n<\/ul>\n<p>&nbsp;<\/p>\n<h2>Acerca de Mineloa, NY<\/h2>\n<p>Bienvenido a Mineola, NY, un pueblo cautivador enclavado en el condado de Nassau, en Long Island, Nueva York, donde florecen la historia, la cultura y la comunidad. Explore las innumerables ofertas que ofrece Mineola, desde sus encantadores parques y escuelas de primer nivel hasta el animado distrito comercial que define su vitalidad.<\/p>\n<p><strong>Un vistazo al pasado de Mineola:<\/strong><\/p>\n<p>La historia de Mineola, NY, se remonta a la \u00e9poca colonial, con la tribu de nativos americanos Matinecock como habitantes originales. En el siglo XVII llegaron los primeros colonos europeos, que transformaron la regi\u00f3n en un centro agr\u00edcola y pesquero. El siglo XIX marc\u00f3 el comienzo de una \u00e9poca de esplendor, que atrajo a ricos neoyorquinos que erigieron casas de veraneo y fincas.<\/p>\n<p>El pueblo se convirti\u00f3 en una pr\u00f3spera comunidad residencial a principios del siglo XX, con una mezcla de casas unifamiliares, apartamentos y condominios. El tapiz arquitect\u00f3nico de Mineola est\u00e1 adornado con edificios hist\u00f3ricos que son testimonio de su rico patrimonio.<\/p>\n<p><strong>Diversidad y vitalidad en la cultura de Mineola:<\/strong><\/p>\n<p>Mineola, NY es un lienzo de cultura diversa y vibrante, hogar de numerosos museos e instituciones culturales que a\u00f1aden profundidad a su car\u00e1cter. Los hermosos parques del pueblo atraen a visitantes de todas partes, ofreciendo paisajes serenos y un santuario para la relajaci\u00f3n. El distrito comercial es un animado centro, con una din\u00e1mica vida nocturna, hoteles, restaurantes frente al mar y una ecl\u00e9ctica variedad de tiendas.<\/p>\n<p><strong>Emb\u00e1rquese en una excursi\u00f3n por los encantos de Mineola:<\/strong><\/p>\n<p>A medida que Mineola, NY emerge como un codiciado destino tur\u00edstico, sus parques, encantadores pueblos y riqueza cultural contribuyen a su encanto. Entre las muchas atracciones, ocupa un lugar especial el Mineola Memorial Park, que conmemora a las v\u00edctimas de los atentados terroristas del 11 de septiembre con un conmovedor monumento. El parque sirve de punto de encuentro para actos comunitarios y conciertos, creando un lugar de reuni\u00f3n para lugare\u00f1os y turistas.<\/p>\n<p>Otra joya es el Museo Cuna de la Aviaci\u00f3n, una cautivadora instituci\u00f3n que profundiza en la historia de la aviaci\u00f3n. Las exposiciones del museo transportan a los visitantes a trav\u00e9s de los hitos del vuelo. Adem\u00e1s de ser un centro de educaci\u00f3n, el museo acoge actos que enriquecen a la comunidad y cautivan a los turistas que buscan un conocimiento m\u00e1s profundo de la historia de la aviaci\u00f3n.<\/p>\n<p>En Mineola, la convergencia de historia, cultura y comunidad dibuja el vivo retrato de un pueblo que invita a ser explorado. Ya sea paseando por el Memorial Park o maravill\u00e1ndose con la historia de la aviaci\u00f3n, Mineola da la bienvenida a todos para que participen de su diversa oferta y su vibrante esp\u00edritu.<\/p>\n<p>&nbsp;<\/p>\n<h1>Indicaciones<\/h1>\n<p><span class=\"\">Estas son las instrucciones desde Mineola, NY para Complete Orthopedics en 52-21 Little Neck Parkway, Little Neck, NY 11362:<\/span><\/p>\n<ol class=\"list-outside list-decimal marker:font-mono marker:text-sm pl-11\">\n<li><span class=\"\">Dir\u00edjase hacia el este por Old Country Rd hacia Willis Ave.<\/span><\/li>\n<li><span class=\"\">Gire a la derecha en Willis Ave.<\/span><\/li>\n<li><span class=\"\">Gire a la izquierda en Hillside Ave.<\/span><\/li>\n<li><span class=\"\">Gire a la derecha en Little Neck Pkwy.<\/span><\/li>\n<li><span class=\"\">Complete Orthopedics estar\u00e1 a la izquierda en 52-21 Little Neck Pkwy.<\/span><\/li>\n<\/ol>\n<p><span class=\"\">Nota: Las indicaciones exactas pueden variar en funci\u00f3n de la ubicaci\u00f3n de partida. Se recomienda utilizar un GPS o un servicio de mapas para obtener las direcciones m\u00e1s precisas.<\/span><\/p>\n<p>&nbsp;<\/p>\n<h1>Atenci\u00f3n m\u00e9dica cerca de Mineola<\/h1>\n<h4>Farmacias<\/h4>\n<ol class=\"list-outside list-decimal marker:font-mono marker:text-sm pl-11\">\n<li><span class=\"\">Farmacia CVS &#8211; 199 Jericho Turnpike, Mineola, NY 11501<\/span><\/li>\n<li><span class=\"\">Walgreens Pharmacy &#8211; 1 Old Country Rd, Carle Place, NY 11514<\/span><\/li>\n<li><span class=\"\">Farmacia Rite Aid &#8211; 1 Jericho Turnpike, Mineola, NY 11501<\/span><\/li>\n<\/ol>\n<h4>Centros de Radiolog\u00eda<\/h4>\n<ol class=\"list-outside list-decimal marker:font-mono marker:text-sm pl-11\">\n<li><span class=\"\">North Shore Radiology Associates &#8211; 300 Community Dr, Manhasset, NY 11030<\/span><\/li>\n<li><span class=\"\">Mineola Medical Imaging &#8211; 222 Station Plaza N, Mineola, NY 11501<\/span><\/li>\n<li><span class=\"\">Diagnostic Radiology Associates &#8211; 165 N Village Ave, Rockville Centre, NY 11570<\/span><\/li>\n<\/ol>\n<h4>Centros de Atenci\u00f3n de Urgencia<\/h4>\n<ol class=\"list-outside list-decimal marker:font-mono marker:text-sm pl-11\">\n<li><span class=\"\">CityMD Mineola Urgent Care &#8211; 199 2nd St, Mineola, NY 11501<\/span><\/li>\n<li><span class=\"\">ProHEALTH Urgent Care &#8211; 366 Jericho Turnpike, Mineola, NY 11501<\/span><\/li>\n<li><span class=\"\">Northwell Health-GoHealth Urgent Care &#8211; 1070 Northern Blvd, Roslyn, NY 11576<\/span><\/li>\n<\/ol>\n<h4>Hospitales<\/h4>\n<ol class=\"list-outside list-decimal marker:font-mono marker:text-sm pl-11\">\n<li><span class=\"\">NYU Langone Hospital-Long Island &#8211; 259 1st St, Mineola, NY 11501<\/span><\/li>\n<li><span class=\"\">Winthrop-University Hospital &#8211; 259 1st St, Mineola, NY 11501<\/span><\/li>\n<li><span class=\"\">St. Francis Hospital &#8211; 100 Port Washington Blvd, Roslyn, NY 11576<\/span><\/li>\n<\/ol>\n<p><span class=\"\">Nota: La informaci\u00f3n proporcionada es precisa a partir de octubre de 2023.<\/span><\/p>\n<p>En esencia, nos enorgullecemos de brindar atenci\u00f3n ortop\u00e9dica integral a pacientes de varios centros de atenci\u00f3n m\u00e9dica dentro de nuestra comunidad, incluidos los mencionados anteriormente.<\/p>\n<p>Ya sea que acuda a nosotros a trav\u00e9s de una referencia para un tratamiento ortop\u00e9dico o simplemente busque orientaci\u00f3n experta para sus inquietudes ortop\u00e9dicas, queremos que sepa que nuestro equipo dedicado las 24 horas del d\u00eda, los 7 d\u00edas de la semana, est\u00e1 a solo una llamada de distancia, siempre listo para brindarle asistencia r\u00e1pida y compasiva.<\/p>\n<p>Entendemos que las lesiones relacionadas con el trabajo cubiertas por la compensaci\u00f3n del trabajador y el seguro sin culpa a menudo llevan a las personas a centros de atenci\u00f3n de urgencia y hospitales. Sin embargo, si su lesi\u00f3n no requiere una visita al hospital, estamos encantados de ofrecer un tratamiento ortop\u00e9dico especializado adaptado a estos casos espec\u00edficos<\/p>\n<p>No dude en comunicarse con nosotros al 631-981-2663 para programar una cita con nosotros hoy. Su bienestar es, y siempre ser\u00e1, nuestra m\u00e1xima prioridad.<\/p>\n","protected":false},"excerpt":{"rendered":"<p>Bienvenido a la distinguida consulta ortop\u00e9dica del Dr. Nakul Karkare, donde la excelencia en la atenci\u00f3n ortop\u00e9dica alcanza nuevas cotas. El Dr. Karkare, con sede en Little Neck, NY, est\u00e1 encantado de ampliar sus excepcionales servicios ortop\u00e9dicos a la encantadora comunidad de Mineola, NY. En el \u00e1mbito de la pr\u00e1ctica ortop\u00e9dica en Nueva York, el [&hellip;]<\/p>\n","protected":false},"author":33,"featured_media":0,"parent":16528,"menu_order":0,"comment_status":"closed","ping_status":"closed","template":"","meta":{"_et_pb_use_builder":"","_et_pb_old_content":"","_et_gb_content_width":"","footnotes":""},"class_list":["post-20974","page","type-page","status-publish","hentry"],"yoast_head":"<!-- This site is optimized with the Yoast SEO plugin v27.2 - https:\/\/yoast.com\/product\/yoast-seo-wordpress\/ -->\n<title>Mineola, Nueva York | Best Hip &amp; Knee Surgeon | NY, USA<\/title>\n<meta name=\"description\" content=\"Bienvenido a la distinguida consulta ortop\u00e9dica del Dr. Nakul Karkare, donde la excelencia en la atenci\u00f3n ortop\u00e9dica alcanza nuevas cotas. El Dr. Karkare,\" \/>\n<meta name=\"robots\" content=\"index, follow, max-snippet:-1, max-image-preview:large, max-video-preview:-1\" \/>\n<link rel=\"canonical\" href=\"https:\/\/www.newyorkhipknee.com\/es\/contacto\/little-neck-mejor-cirujano-de-reemplazo-de-cadera-y-rodilla\/mineola-nueva-york\/\" \/>\n<meta property=\"og:locale\" content=\"es_ES\" \/>\n<meta property=\"og:type\" content=\"article\" \/>\n<meta property=\"og:title\" content=\"Mineola, Nueva York | Best Hip &amp; Knee Surgeon | NY, USA\" \/>\n<meta property=\"og:description\" content=\"Bienvenido a la distinguida consulta ortop\u00e9dica del Dr. Nakul Karkare, donde la excelencia en la atenci\u00f3n ortop\u00e9dica alcanza nuevas cotas. El Dr. Karkare,\" \/>\n<meta property=\"og:url\" content=\"https:\/\/www.newyorkhipknee.com\/es\/contacto\/little-neck-mejor-cirujano-de-reemplazo-de-cadera-y-rodilla\/mineola-nueva-york\/\" \/>\n<meta property=\"og:site_name\" content=\"Best Hip &amp; Knee Surgeon | NY, USA\" \/>\n<meta name=\"twitter:card\" content=\"summary_large_image\" \/>\n<meta name=\"twitter:label1\" content=\"Tiempo de lectura\" \/>\n\t<meta name=\"twitter:data1\" content=\"8 minutos\" \/>\n<script type=\"application\/ld+json\" class=\"yoast-schema-graph\">{\"@context\":\"https:\/\/schema.org\",\"@graph\":[{\"@type\":[\"WebPage\",\"MedicalWebPage\"],\"@id\":\"https:\/\/www.newyorkhipknee.com\/es\/contacto\/little-neck-mejor-cirujano-de-reemplazo-de-cadera-y-rodilla\/mineola-nueva-york\/\",\"url\":\"https:\/\/www.newyorkhipknee.com\/es\/contacto\/little-neck-mejor-cirujano-de-reemplazo-de-cadera-y-rodilla\/mineola-nueva-york\/\",\"name\":\"Mineola, Nueva York | Best Hip &amp; Knee Surgeon | NY, USA\",\"isPartOf\":{\"@id\":\"https:\/\/www.newyorkhipknee.com\/es\/#website\"},\"datePublished\":\"2023-11-22T19:30:40+00:00\",\"description\":\"Bienvenido a la distinguida consulta ortop\u00e9dica del Dr. Nakul Karkare, donde la excelencia en la atenci\u00f3n ortop\u00e9dica alcanza nuevas cotas. El Dr. Karkare,\",\"breadcrumb\":{\"@id\":\"https:\/\/www.newyorkhipknee.com\/es\/contacto\/little-neck-mejor-cirujano-de-reemplazo-de-cadera-y-rodilla\/mineola-nueva-york\/#breadcrumb\"},\"inLanguage\":\"es\",\"potentialAction\":[{\"@type\":\"ReadAction\",\"target\":[\"https:\/\/www.newyorkhipknee.com\/es\/contacto\/little-neck-mejor-cirujano-de-reemplazo-de-cadera-y-rodilla\/mineola-nueva-york\/\"]}]},{\"@type\":\"BreadcrumbList\",\"@id\":\"https:\/\/www.newyorkhipknee.com\/es\/contacto\/little-neck-mejor-cirujano-de-reemplazo-de-cadera-y-rodilla\/mineola-nueva-york\/#breadcrumb\",\"itemListElement\":[{\"@type\":\"ListItem\",\"position\":1,\"name\":\"Home\",\"item\":\"https:\/\/www.newyorkhipknee.com\/es\/\"},{\"@type\":\"ListItem\",\"position\":2,\"name\":\"Contacto\",\"item\":\"https:\/\/www.newyorkhipknee.com\/es\/contacto\/\"},{\"@type\":\"ListItem\",\"position\":3,\"name\":\"Little Neck &#8211; Mejor Cirujano de Reemplazo de Cadera y Rodilla\",\"item\":\"https:\/\/www.newyorkhipknee.com\/es\/contacto\/little-neck-mejor-cirujano-de-reemplazo-de-cadera-y-rodilla\/\"},{\"@type\":\"ListItem\",\"position\":4,\"name\":\"Mineola, Nueva York\"}]},{\"@type\":\"WebSite\",\"@id\":\"https:\/\/www.newyorkhipknee.com\/es\/#website\",\"url\":\"https:\/\/www.newyorkhipknee.com\/es\/\",\"name\":\"Best Hip & Knee Surgeon | NY, USA\",\"description\":\"\",\"potentialAction\":[{\"@type\":\"SearchAction\",\"target\":{\"@type\":\"EntryPoint\",\"urlTemplate\":\"https:\/\/www.newyorkhipknee.com\/es\/?s={search_term_string}\"},\"query-input\":{\"@type\":\"PropertyValueSpecification\",\"valueRequired\":true,\"valueName\":\"search_term_string\"}}],\"inLanguage\":\"es\"}]}<\/script>\n<!-- \/ Yoast SEO plugin. -->","yoast_head_json":{"title":"Mineola, Nueva York | Best Hip &amp; Knee Surgeon | NY, USA","description":"Bienvenido a la distinguida consulta ortop\u00e9dica del Dr. Nakul Karkare, donde la excelencia en la atenci\u00f3n ortop\u00e9dica alcanza nuevas cotas. El Dr. Karkare,","robots":{"index":"index","follow":"follow","max-snippet":"max-snippet:-1","max-image-preview":"max-image-preview:large","max-video-preview":"max-video-preview:-1"},"canonical":"https:\/\/www.newyorkhipknee.com\/es\/contacto\/little-neck-mejor-cirujano-de-reemplazo-de-cadera-y-rodilla\/mineola-nueva-york\/","og_locale":"es_ES","og_type":"article","og_title":"Mineola, Nueva York | Best Hip &amp; Knee Surgeon | NY, USA","og_description":"Bienvenido a la distinguida consulta ortop\u00e9dica del Dr. Nakul Karkare, donde la excelencia en la atenci\u00f3n ortop\u00e9dica alcanza nuevas cotas. El Dr. Karkare,","og_url":"https:\/\/www.newyorkhipknee.com\/es\/contacto\/little-neck-mejor-cirujano-de-reemplazo-de-cadera-y-rodilla\/mineola-nueva-york\/","og_site_name":"Best Hip &amp; Knee Surgeon | NY, USA","twitter_card":"summary_large_image","twitter_misc":{"Tiempo de lectura":"8 minutos"},"schema":{"@context":"https:\/\/schema.org","@graph":[{"@type":["WebPage","MedicalWebPage"],"@id":"https:\/\/www.newyorkhipknee.com\/es\/contacto\/little-neck-mejor-cirujano-de-reemplazo-de-cadera-y-rodilla\/mineola-nueva-york\/","url":"https:\/\/www.newyorkhipknee.com\/es\/contacto\/little-neck-mejor-cirujano-de-reemplazo-de-cadera-y-rodilla\/mineola-nueva-york\/","name":"Mineola, Nueva York | Best Hip &amp; Knee Surgeon | NY, USA","isPartOf":{"@id":"https:\/\/www.newyorkhipknee.com\/es\/#website"},"datePublished":"2023-11-22T19:30:40+00:00","description":"Bienvenido a la distinguida consulta ortop\u00e9dica del Dr. Nakul Karkare, donde la excelencia en la atenci\u00f3n ortop\u00e9dica alcanza nuevas cotas. El Dr. Karkare,","breadcrumb":{"@id":"https:\/\/www.newyorkhipknee.com\/es\/contacto\/little-neck-mejor-cirujano-de-reemplazo-de-cadera-y-rodilla\/mineola-nueva-york\/#breadcrumb"},"inLanguage":"es","potentialAction":[{"@type":"ReadAction","target":["https:\/\/www.newyorkhipknee.com\/es\/contacto\/little-neck-mejor-cirujano-de-reemplazo-de-cadera-y-rodilla\/mineola-nueva-york\/"]}]},{"@type":"BreadcrumbList","@id":"https:\/\/www.newyorkhipknee.com\/es\/contacto\/little-neck-mejor-cirujano-de-reemplazo-de-cadera-y-rodilla\/mineola-nueva-york\/#breadcrumb","itemListElement":[{"@type":"ListItem","position":1,"name":"Home","item":"https:\/\/www.newyorkhipknee.com\/es\/"},{"@type":"ListItem","position":2,"name":"Contacto","item":"https:\/\/www.newyorkhipknee.com\/es\/contacto\/"},{"@type":"ListItem","position":3,"name":"Little Neck &#8211; Mejor Cirujano de Reemplazo de Cadera y Rodilla","item":"https:\/\/www.newyorkhipknee.com\/es\/contacto\/little-neck-mejor-cirujano-de-reemplazo-de-cadera-y-rodilla\/"},{"@type":"ListItem","position":4,"name":"Mineola, Nueva York"}]},{"@type":"WebSite","@id":"https:\/\/www.newyorkhipknee.com\/es\/#website","url":"https:\/\/www.newyorkhipknee.com\/es\/","name":"Best Hip & Knee Surgeon | NY, USA","description":"","potentialAction":[{"@type":"SearchAction","target":{"@type":"EntryPoint","urlTemplate":"https:\/\/www.newyorkhipknee.com\/es\/?s={search_term_string}"},"query-input":{"@type":"PropertyValueSpecification","valueRequired":true,"valueName":"search_term_string"}}],"inLanguage":"es"}]}},"_links":{"self":[{"href":"https:\/\/www.newyorkhipknee.com\/es\/wp-json\/wp\/v2\/pages\/20974","targetHints":{"allow":["GET"]}}],"collection":[{"href":"https:\/\/www.newyorkhipknee.com\/es\/wp-json\/wp\/v2\/pages"}],"about":[{"href":"https:\/\/www.newyorkhipknee.com\/es\/wp-json\/wp\/v2\/types\/page"}],"author":[{"embeddable":true,"href":"https:\/\/www.newyorkhipknee.com\/es\/wp-json\/wp\/v2\/users\/33"}],"replies":[{"embeddable":true,"href":"https:\/\/www.newyorkhipknee.com\/es\/wp-json\/wp\/v2\/comments?post=20974"}],"version-history":[{"count":0,"href":"https:\/\/www.newyorkhipknee.com\/es\/wp-json\/wp\/v2\/pages\/20974\/revisions"}],"up":[{"embeddable":true,"href":"https:\/\/www.newyorkhipknee.com\/es\/wp-json\/wp\/v2\/pages\/16528"}],"wp:attachment":[{"href":"https:\/\/www.newyorkhipknee.com\/es\/wp-json\/wp\/v2\/media?parent=20974"}],"curies":[{"name":"wp","href":"https:\/\/api.w.org\/{rel}","templated":true}]}}