{"id":20986,"date":"2023-11-23T12:30:02","date_gmt":"2023-11-23T17:30:02","guid":{"rendered":"https:\/\/newyorkhipknee.com\/contacto\/little-neck-mejor-cirujano-de-reemplazo-de-cadera-y-rodilla\/centro-de-rockville-nueva-york\/"},"modified":"2023-11-23T12:30:02","modified_gmt":"2023-11-23T17:30:02","slug":"centro-de-rockville-nueva-york","status":"publish","type":"page","link":"https:\/\/www.newyorkhipknee.com\/es\/contacto\/little-neck-mejor-cirujano-de-reemplazo-de-cadera-y-rodilla\/centro-de-rockville-nueva-york\/","title":{"rendered":"Centro de Rockville, Nueva York"},"content":{"rendered":"<h1><strong>Bienvenido a Orthopedic Haven del Dr. Nakul Karkare en Rockville Centre: Elevando la atenci\u00f3n ortop\u00e9dica con experiencia y compasi\u00f3n<\/strong><\/h1>\n<p>Abrazo excepcional atenci\u00f3n ortop\u00e9dica en el coraz\u00f3n de Rockville Centre en la pr\u00e1ctica estimada del Dr. Nakul Karkare en Little Neck. Con el compromiso de transformar vidas mediante soluciones ortop\u00e9dicas personalizadas, estamos encantados de ampliar nuestros servicios a la vibrante comunidad de Rockville Centre.<\/p>\n<p><strong>\u00bfPor qu\u00e9 elegir la ortopedia del Dr. Nakul Karkare en Rockville Centre?<\/strong><\/p>\n<p><strong><em>Una experiencia que dice mucho:<\/em><\/strong><\/p>\n<p>El Dr. Nakul Karkare, distinguido cirujano ortop\u00e9dico, aporta una gran experiencia a Rockville Centre. Dotado de una amplia experiencia y una formaci\u00f3n acad\u00e9mica estelar, el Dr. Karkare es conocido por su compromiso con la excelencia ortop\u00e9dica. Su enfoque compasivo y su dedicaci\u00f3n al bienestar del paciente marcan la pauta de una experiencia ortop\u00e9dica inigualable.<\/p>\n<p><strong><em>Credenciales que inspiran confianza:<\/em><\/strong><\/p>\n<p>Sus impresionantes credenciales, unidas a una b\u00fasqueda continua de la innovaci\u00f3n y el conocimiento, le sit\u00faan a la vanguardia de los avances ortop\u00e9dicos. Puede confiar en que su salud ortop\u00e9dica est\u00e1 en manos de un profesional experimentado.<\/p>\n<p><strong><em>Atenci\u00f3n personalizada a su medida:<\/em><\/strong><\/p>\n<p>En la Ortopedia del Dr. Nakul Karkare, entendemos que cada paciente es \u00fanico. Nuestro enfoque consiste en elaborar planes de tratamiento individualizados que se adapten espec\u00edficamente a sus necesidades y aspiraciones. Desde el diagn\u00f3stico hasta la recuperaci\u00f3n, nuestro equipo se dedica a garantizar que usted reciba una atenci\u00f3n de la m\u00e1xima calidad adaptada a su viaje personal.<\/p>\n<p><strong><em>T\u00e9cnicas y tecnolog\u00eda de vanguardia:<\/em><\/strong><\/p>\n<p>Nos enorgullecemos de mantenernos a la vanguardia en el campo de la ortopedia. El Dr. Karkare emplea t\u00e9cnicas de vanguardia y tecnolog\u00eda punta para garantizar la precisi\u00f3n y la excelencia en cada procedimiento. Su tratamiento ortop\u00e9dico est\u00e1 respaldado por los \u00faltimos avances, lo que garantiza unos resultados \u00f3ptimos.<\/p>\n<p><strong><em>Filosof\u00eda centrada en el paciente:<\/em><\/strong><\/p>\n<p>M\u00e1s all\u00e1 de la experiencia m\u00e9dica, el Dr. Nakul Karkare fomenta un entorno centrado en el paciente. Damos prioridad a la comunicaci\u00f3n clara, la empat\u00eda y la comprensi\u00f3n a lo largo de su experiencia ortop\u00e9dica. Su comodidad, la toma de decisiones informadas y el bienestar general son nuestras principales preocupaciones.<\/p>\n<p><strong>Su viaje hacia el bienestar ortop\u00e9dico comienza aqu\u00ed:<\/strong><\/p>\n<p>Entre en un mundo de cuidados ortop\u00e9dicos donde la experiencia se une a la compasi\u00f3n y la innovaci\u00f3n se al\u00eda con la atenci\u00f3n personalizada. Ortopedia del Dr. Nakul Karkare en Rockville Centre no es s\u00f3lo una pr\u00e1ctica, es un compromiso con su viaje hacia una vida m\u00e1s sana y m\u00e1s activa.<\/p>\n<p>Descubra la diferencia de la atenci\u00f3n ortop\u00e9dica dirigida por el Dr. Nakul Karkare, un profesional dedicado no s\u00f3lo a la ciencia de la ortopedia, sino tambi\u00e9n al arte de la curaci\u00f3n compasiva. Su bienestar es nuestra prioridad, y esperamos poder acompa\u00f1arle en su camino hacia el bienestar ortop\u00e9dico en Rockville Centre.<\/p>\n<p>Bienvenido a nuestros servicios ortop\u00e9dicos especializados en Moriches, NY, donde nos dedicamos a ofrecer una atenci\u00f3n personalizada y avanzada adaptada a sus necesidades ortop\u00e9dicas \u00fanicas:<\/p>\n<p><a href=\"https:\/\/newyorkhipknee.com\/custom-knee-replacement-surgery\/\" target=\"_blank\" rel=\"noopener\"><strong>Sustituci\u00f3n personalizada de rodilla:<\/strong><\/a><\/p>\n<p>&#8211; La pr\u00f3tesis de rodilla personalizada, un innovador procedimiento quir\u00fargico, consiste en sustituir una articulaci\u00f3n de rodilla da\u00f1ada por un implante artificial especialmente elaborado y meticulosamente dise\u00f1ado para adaptarse a la estructura anat\u00f3mica distintiva del paciente.<\/p>\n<p>&#8211; Utilizando tecnolog\u00eda de imagen de vanguardia, se crea un modelo tridimensional de la articulaci\u00f3n de la rodilla del paciente, que sirve de gu\u00eda para la intrincada elaboraci\u00f3n de un implante a medida que se alinea perfectamente con la rodilla del paciente.<\/p>\n<p>&#8211; Este procedimiento se recomienda a personas que sufren dolor intenso, rigidez e inflamaci\u00f3n de rodilla, lo que afecta significativamente a sus actividades cotidianas y a su calidad de vida.<\/p>\n<p>&#8211; La pr\u00f3tesis de rodilla individualizada alivia eficazmente el dolor, mejora la movilidad y eleva la calidad de vida general de los pacientes con problemas en la articulaci\u00f3n de la rodilla.<\/p>\n<p>&#8211; El Dr. Karkare destaca en t\u00e9cnicas quir\u00fargicas m\u00ednimamente invasivas para la sustituci\u00f3n articular, empleando m\u00e9todos innovadores y tecnolog\u00eda punta para garantizar la colocaci\u00f3n precisa de los componentes del implante a trav\u00e9s de incisiones m\u00e1s peque\u00f1as que preservan los tejidos.<\/p>\n<p>&#8211; Los pacientes que se someten a una artroplastia de rodilla personalizada pueden esperar una reducci\u00f3n del dolor, una recuperaci\u00f3n m\u00e1s r\u00e1pida y una mejora de la amplitud de movimiento en comparaci\u00f3n con las artroplastias tradicionales.<\/p>\n<p><a href=\"https:\/\/newyorkhipknee.com\/hip-replacement-surgery\/\" target=\"_blank\" rel=\"noopener\"><strong>Pr\u00f3tesis de cadera:<\/strong><\/a><\/p>\n<p>&#8211; La artroplastia de cadera, una sofisticada intervenci\u00f3n quir\u00fargica, consiste en sustituir una articulaci\u00f3n de cadera disfuncional por un implante artificial meticulosamente dise\u00f1ado que reproduce art\u00edsticamente la estructura y funci\u00f3n naturales de la articulaci\u00f3n de la cadera, lo que permite a los pacientes recuperar la movilidad y encontrar alivio a las molestias.<\/p>\n<p>&#8211; Recomendado para personas que sufren dolor intenso de cadera, rigidez e hinchaz\u00f3n, lo que dificulta considerablemente sus actividades cotidianas y su calidad de vida.<\/p>\n<p>&#8211; El Dr. Karkare demuestra una gran competencia en el empleo tanto de t\u00e9cnicas quir\u00fargicas \u00ababiertas\u00bb tradicionales como de abordajes m\u00ednimamente invasivos para la cirug\u00eda de pr\u00f3tesis de cadera.<\/p>\n<p>&#8211; Los pacientes que se someten a una operaci\u00f3n de pr\u00f3tesis de cadera pueden anticipar una disminuci\u00f3n del dolor, una recuperaci\u00f3n acelerada y una mejora de la amplitud de movimiento en comparaci\u00f3n con su estado antes de la intervenci\u00f3n.<\/p>\n<p>&#8211; El Dr. Karkare utiliza t\u00e9cnicas de vanguardia y tecnolog\u00eda punta para garantizar la colocaci\u00f3n precisa de los componentes del implante a trav\u00e9s de incisiones m\u00e1s peque\u00f1as que preservan los tejidos.<\/p>\n<p><strong>Ventajas de la pr\u00f3tesis personalizada de rodilla y cadera:<\/strong><\/p>\n<p>&#8211; Alivio del dolor y las molestias articulares causados por da\u00f1os.<\/p>\n<p>&#8211; Mayor movilidad y amplitud de movimiento.<\/p>\n<p>&#8211; Mejora de la calidad de vida en general.<\/p>\n<p>&#8211; Recuperaci\u00f3n m\u00e1s r\u00e1pida en comparaci\u00f3n con los m\u00e9todos quir\u00fargicos tradicionales.<\/p>\n<p>&#8211; Utilizaci\u00f3n de t\u00e9cnicas quir\u00fargicas m\u00ednimamente invasivas para reducir el dolor y acelerar la recuperaci\u00f3n.<\/p>\n<p>&#8211; Colocaci\u00f3n precisa de los componentes del implante a trav\u00e9s de incisiones m\u00e1s peque\u00f1as que conservan los tejidos.<\/p>\n<p>&#8211; Implantes personalizados adaptados a la anatom\u00eda \u00fanica del paciente, lo que permite obtener resultados superiores.<\/p>\n<p><strong>El compromiso del Dr. Karkare:<\/strong><\/p>\n<p>El Dr. Karkare est\u00e1 profundamente comprometido con la prestaci\u00f3n de servicios integrales para las personas que se enfrentan a una serie de afecciones musculoesquel\u00e9ticas. Entiende el profundo impacto que los problemas ortop\u00e9dicos y las lesiones pueden tener en la vida cotidiana, y se dedica a ayudar a los pacientes a recuperar la movilidad, aliviar el dolor y mejorar su calidad de vida en general. Las consultas est\u00e1n disponibles en varios lugares de Manhattan y Long Island, Nueva York, ofreciendo a los pacientes la flexibilidad de elegir el lugar m\u00e1s conveniente para una consulta sin compromiso.<\/p>\n<p>Si padece dolor articular, rigidez, inflamaci\u00f3n o ha sufrido una lesi\u00f3n, no dude en ponerse en contacto con nosotros. Nuestro equipo de especialistas est\u00e1 aqu\u00ed para facilitarle la vuelta a las actividades que le gustan. Somos sus vecinos y su bienestar es nuestra m\u00e1xima prioridad. Perm\u00edtanos guiarle en su viaje hacia una mejor salud ortop\u00e9dica.<\/p>\n<p>&nbsp;<\/p>\n<h1><strong>Acerca de Rockville Centre<\/strong><\/h1>\n<p>Rockville Centre, Nueva York, es un pueblo de la ciudad de Hempstead, en el condado de Nassau, en la costa sur de Long Island, Nueva York, Estados Unidos. Reconocida por su rica historia, su variada cultura y su pintoresco entorno natural, Rockville Centre es una comunidad con numerosas ofertas, que incluye monumentos hist\u00f3ricos, escuelas excepcionales y una pr\u00f3spera poblaci\u00f3n.<\/p>\n<p><strong>Historia de Rockville Centre, NY<\/strong><\/p>\n<p>Rockville Centre, que se remonta a la \u00e9poca colonial, posee un importante legado hist\u00f3rico. En 1849, la aldea fue bautizada como \u00abRockville Centre\u00bb en honor de Mordecai \u00abRock\u00bb Smith, destacado predicador metodista local y figura de la comunidad. Su camino hacia la categor\u00eda de pueblo culmin\u00f3 en 1893.<\/p>\n<p>A finales del siglo XIX y principios del XX, Rockville Centre se transform\u00f3 en una ciudad de cercan\u00edas conectada con Nueva York a trav\u00e9s de la Long Island Rail Road (LIRR). En 1915, el New York Tribune la aclam\u00f3 como un lugar donde el \u00abmortal medio podr\u00eda vivir feliz\u00bb. El desarrollo inmobiliario prosper\u00f3, haciendo gala de accesibilidad, servicios postales, abundante marisco, caza, escuelas, iglesias y una comunidad en expansi\u00f3n.<\/p>\n<p>Rockville Centre floreci\u00f3 con el sobrenombre de \u00abEl pueblo de las casas\u00bb, por la diversidad de sus residencias y su arquitectura cautivadora. Curiosamente, el trayecto a Nueva York, que entonces era de 37 minutos, reflejaba el tiempo de viaje actual.<\/p>\n<p><strong>Cultura de Rockville Centre, NY<\/strong><\/p>\n<p>Rockville Centre presume de una cultura din\u00e1mica y diversa, que alberga numerosos museos, instituciones culturales, hermosos parques, un animado distrito comercial y atracciones frente al mar. El encanto del pueblo atrae a visitantes de todo el mundo y ofrece una mezcla de vida nocturna, hoteles, restaurantes y una gran variedad de tiendas.<\/p>\n<p><strong>Turismo en Rockville Centre, NY<\/strong><\/p>\n<p>Rockville Centre, que se ha convertido en un centro tur\u00edstico, atrae a los visitantes con sus hermosos parques, sus cautivadores pueblos y su rico patrimonio cultural. El Parque Estatal del Lago Hempstead, una atracci\u00f3n popular, ofrece la posibilidad de nadar, tomar el sol y realizar actividades recreativas, y a menudo sirve de escenario para eventos y festivales. La hist\u00f3rica estaci\u00f3n LIRR de Rockville Centre, que data de principios del siglo XX, se suma al encanto del pueblo y acoge regularmente programas y actos educativos.<\/p>\n<h1>Indicaciones<\/h1>\n<div class=\"relative default font-sans text-base text-textMain dark:text-textMainDark selection:bg-superDuper selection:text-textMain\">\n<div class=\"break-words min-w-0 [word-break:break-word]\">\n<div dir=\"auto\">\n<div class=\"prose dark:prose-invert inline leading-normal break-words min-w-0 [word-break:break-word]\"><span class=\"\">Estas son las indicaciones desde Rockville Centre, NY para completar la ortopedia en 52-21 Little Neck Parkway, Little Neck, NY 11362:<\/span>&nbsp;<\/p>\n<ol class=\"list-outside list-decimal marker:font-mono marker:text-sm pl-11\">\n<li><span class=\"\">Dir\u00edjase hacia el norte por N Village Ave hacia Maple Ave.<\/span><\/li>\n<li><span class=\"\">Gire a la derecha en Maple Ave.<\/span><\/li>\n<li><span class=\"\">Gire a la izquierda en Ocean Ave.<\/span><\/li>\n<li><span class=\"\">Gire a la derecha en Merrick Rd.<\/span><\/li>\n<li><span class=\"\">Gire a la izquierda en Peninsula Blvd.<\/span><\/li>\n<li><span class=\"\">Gire a la derecha en Lakeville Rd.<\/span><\/li>\n<li><span class=\"\">Gire a la izquierda en Northern Blvd.<\/span><\/li>\n<li><span class=\"\">Gire a la izquierda en Little Neck Pkwy.<\/span><\/li>\n<li><span class=\"\">Complete Orthopedics estar\u00e1 a la izquierda en 52-21 Little Neck Pkwy.<\/span><\/li>\n<\/ol>\n<p><span class=\"\">Nota: Las indicaciones exactas pueden variar en funci\u00f3n de la ubicaci\u00f3n de partida. Se recomienda utilizar un GPS o un servicio de mapas para obtener las direcciones m\u00e1s precisas.<\/span><\/p>\n<\/div>\n<\/div>\n<\/div>\n<\/div>\n<div class=\"flex items-center justify-between\">\n<div class=\"flex items-center gap-xs mt-sm -ml-sm\">\n<div class=\"\">\n<div>\n<div class=\"flex items-center leading-none justify-center gap-xs\"><\/div>\n<\/div>\n<\/div>\n<\/div>\n<\/div>\n<h1><\/h1>\n<h1>Atenci\u00f3n m\u00e9dica cerca de Rockville Centre<\/h1>\n<div class=\"relative default font-sans text-base text-textMain dark:text-textMainDark selection:bg-superDuper selection:text-textMain\">\n<div class=\"break-words min-w-0 [word-break:break-word]\">\n<div dir=\"auto\">\n<div class=\"prose dark:prose-invert inline leading-normal break-words min-w-0 [word-break:break-word]\">\n<h4>Farmacias<\/h4>\n<ol class=\"list-outside list-decimal marker:font-mono marker:text-sm pl-11\">\n<li><span class=\"\">Farmacia CVS &#8211; 265 Sunrise Hwy, Rockville Centre, NY 11570<\/span><\/li>\n<li><span class=\"\">Farmacia Walgreens &#8211; 668 Sunrise Hwy, Lynbrook, NY 11563<\/span><\/li>\n<li><span class=\"\">Farmacia Rite Aid &#8211; 1 N Village Ave, Rockville Centre, NY 11570<\/span><\/li>\n<\/ol>\n<h4>Centros de Radiolog\u00eda<\/h4>\n<ol class=\"list-outside list-decimal marker:font-mono marker:text-sm pl-11\">\n<li><span class=\"\">North Shore Radiology Associates &#8211; 300 Community Dr, Manhasset, NY 11030<\/span><\/li>\n<li><span class=\"\">Long Island Radiology Associates &#8211; 865 Merrick Ave, Westbury, NY 11590<\/span><\/li>\n<li><span class=\"\">Diagnostic Radiology Associates &#8211; 165 N Village Ave, Rockville Centre, NY 11570<\/span><\/li>\n<\/ol>\n<h4>Centros de Atenci\u00f3n de Urgencia<\/h4>\n<ol class=\"list-outside list-decimal marker:font-mono marker:text-sm pl-11\">\n<li><span class=\"\">CityMD Rockville Centre Urgent Care &#8211; 77 N Centre Ave, Rockville Centre, NY 11570<\/span><\/li>\n<li><span class=\"\">ProHEALTH Urgent Care &#8211; 242 Merrick Rd, Rockville Centre, NY 11570<\/span><\/li>\n<li><span class=\"\">Northwell Health-GoHealth Urgent Care &#8211; 1070 Northern Blvd, Roslyn, NY 11576<\/span><\/li>\n<\/ol>\n<h4>Hospitales<\/h4>\n<ol class=\"list-outside list-decimal marker:font-mono marker:text-sm pl-11\">\n<li><span class=\"\">Centro M\u00e9dico Mercy &#8211; 1000 N Village Ave, Rockville Centre, NY 11570<\/span><\/li>\n<li><span class=\"\">South Nassau Communities Hospital &#8211; 1 Healthy Way, Oceanside, NY 11572<\/span><\/li>\n<li><span class=\"\">Centro M\u00e9dico Jud\u00edo de Long Island &#8211; 270-05 76th Ave, New Hyde Park, NY 11040<\/span><\/li>\n<\/ol>\n<p><span class=\"\">Nota: La informaci\u00f3n proporcionada es precisa a partir de octubre de 2023.<\/span><\/p>\n<\/div>\n<\/div>\n<\/div>\n<\/div>\n<div class=\"flex items-center justify-between\">\n<div class=\"flex items-center gap-xs mt-sm -ml-sm\">\n<div class=\"\">\n<div class=\"flex items-center leading-none justify-center gap-xs\">\n<p>Nos enorgullecemos inmensamente de brindar atenci\u00f3n ortop\u00e9dica integral a pacientes de varios centros de atenci\u00f3n m\u00e9dica dentro de nuestra comunidad, incluidos los mencionados anteriormente.<\/p>\n<p>Ya sea que acuda a nosotros a trav\u00e9s de una referencia para un tratamiento ortop\u00e9dico o si simplemente desea consultar sobre cualquier inquietud ortop\u00e9dica, no dude en ponerse en contacto con nuestro equipo dedicado las 24 horas del d\u00eda, los 7 d\u00edas de la semana. Estamos aqu\u00ed para ofrecer asistencia r\u00e1pida y compasiva.<\/p>\n<p>Muchas personas buscan tratamiento para lesiones relacionadas con la compensaci\u00f3n laboral y el seguro sin culpa en centros de atenci\u00f3n de urgencia y hospitales. Si su lesi\u00f3n no requiere una visita al hospital, estamos encantados de ofrecer atenci\u00f3n ortop\u00e9dica especializada adaptada a tales situaciones. No dude en contactarnos al 631-981-2663 para concertar una cita con nosotros hoy. Su bienestar es nuestra m\u00e1xima prioridad.<\/p>\n<\/div>\n<\/div>\n<\/div>\n<\/div>\n","protected":false},"excerpt":{"rendered":"<p>Bienvenido a Orthopedic Haven del Dr. Nakul Karkare en Rockville Centre: Elevando la atenci\u00f3n ortop\u00e9dica con experiencia y compasi\u00f3n Abrazo excepcional atenci\u00f3n ortop\u00e9dica en el coraz\u00f3n de Rockville Centre en la pr\u00e1ctica estimada del Dr. Nakul Karkare en Little Neck. Con el compromiso de transformar vidas mediante soluciones ortop\u00e9dicas personalizadas, estamos encantados de ampliar nuestros [&hellip;]<\/p>\n","protected":false},"author":33,"featured_media":0,"parent":16528,"menu_order":0,"comment_status":"closed","ping_status":"closed","template":"","meta":{"_et_pb_use_builder":"","_et_pb_old_content":"","_et_gb_content_width":"","footnotes":""},"class_list":["post-20986","page","type-page","status-publish","hentry"],"yoast_head":"<!-- This site is optimized with the Yoast SEO plugin v27.2 - https:\/\/yoast.com\/product\/yoast-seo-wordpress\/ -->\n<title>Centro de Rockville, Nueva York | Best Hip &amp; Knee Surgeon | NY, USA<\/title>\n<meta name=\"description\" content=\"Bienvenido a Orthopedic Haven del Dr. Nakul Karkare en Rockville Centre: Elevando la atenci\u00f3n ortop\u00e9dica con experiencia y compasi\u00f3n Abrazo excepcional\" \/>\n<meta name=\"robots\" content=\"index, follow, max-snippet:-1, max-image-preview:large, max-video-preview:-1\" \/>\n<link rel=\"canonical\" href=\"https:\/\/www.newyorkhipknee.com\/es\/contacto\/little-neck-mejor-cirujano-de-reemplazo-de-cadera-y-rodilla\/centro-de-rockville-nueva-york\/\" \/>\n<meta property=\"og:locale\" content=\"es_ES\" \/>\n<meta property=\"og:type\" content=\"article\" \/>\n<meta property=\"og:title\" content=\"Centro de Rockville, Nueva York | Best Hip &amp; Knee Surgeon | NY, USA\" \/>\n<meta property=\"og:description\" content=\"Bienvenido a Orthopedic Haven del Dr. Nakul Karkare en Rockville Centre: Elevando la atenci\u00f3n ortop\u00e9dica con experiencia y compasi\u00f3n Abrazo excepcional\" \/>\n<meta property=\"og:url\" content=\"https:\/\/www.newyorkhipknee.com\/es\/contacto\/little-neck-mejor-cirujano-de-reemplazo-de-cadera-y-rodilla\/centro-de-rockville-nueva-york\/\" \/>\n<meta property=\"og:site_name\" content=\"Best Hip &amp; Knee Surgeon | NY, USA\" \/>\n<meta name=\"twitter:card\" content=\"summary_large_image\" \/>\n<meta name=\"twitter:label1\" content=\"Tiempo de lectura\" \/>\n\t<meta name=\"twitter:data1\" content=\"10 minutos\" \/>\n<script type=\"application\/ld+json\" class=\"yoast-schema-graph\">{\"@context\":\"https:\/\/schema.org\",\"@graph\":[{\"@type\":[\"WebPage\",\"MedicalWebPage\"],\"@id\":\"https:\/\/www.newyorkhipknee.com\/es\/contacto\/little-neck-mejor-cirujano-de-reemplazo-de-cadera-y-rodilla\/centro-de-rockville-nueva-york\/\",\"url\":\"https:\/\/www.newyorkhipknee.com\/es\/contacto\/little-neck-mejor-cirujano-de-reemplazo-de-cadera-y-rodilla\/centro-de-rockville-nueva-york\/\",\"name\":\"Centro de Rockville, Nueva York | Best Hip &amp; Knee Surgeon | NY, USA\",\"isPartOf\":{\"@id\":\"https:\/\/www.newyorkhipknee.com\/es\/#website\"},\"datePublished\":\"2023-11-23T17:30:02+00:00\",\"description\":\"Bienvenido a Orthopedic Haven del Dr. Nakul Karkare en Rockville Centre: Elevando la atenci\u00f3n ortop\u00e9dica con experiencia y compasi\u00f3n Abrazo excepcional\",\"breadcrumb\":{\"@id\":\"https:\/\/www.newyorkhipknee.com\/es\/contacto\/little-neck-mejor-cirujano-de-reemplazo-de-cadera-y-rodilla\/centro-de-rockville-nueva-york\/#breadcrumb\"},\"inLanguage\":\"es\",\"potentialAction\":[{\"@type\":\"ReadAction\",\"target\":[\"https:\/\/www.newyorkhipknee.com\/es\/contacto\/little-neck-mejor-cirujano-de-reemplazo-de-cadera-y-rodilla\/centro-de-rockville-nueva-york\/\"]}]},{\"@type\":\"BreadcrumbList\",\"@id\":\"https:\/\/www.newyorkhipknee.com\/es\/contacto\/little-neck-mejor-cirujano-de-reemplazo-de-cadera-y-rodilla\/centro-de-rockville-nueva-york\/#breadcrumb\",\"itemListElement\":[{\"@type\":\"ListItem\",\"position\":1,\"name\":\"Home\",\"item\":\"https:\/\/www.newyorkhipknee.com\/es\/\"},{\"@type\":\"ListItem\",\"position\":2,\"name\":\"Contacto\",\"item\":\"https:\/\/www.newyorkhipknee.com\/es\/contacto\/\"},{\"@type\":\"ListItem\",\"position\":3,\"name\":\"Little Neck &#8211; Mejor Cirujano de Reemplazo de Cadera y Rodilla\",\"item\":\"https:\/\/www.newyorkhipknee.com\/es\/contacto\/little-neck-mejor-cirujano-de-reemplazo-de-cadera-y-rodilla\/\"},{\"@type\":\"ListItem\",\"position\":4,\"name\":\"Centro de Rockville, Nueva York\"}]},{\"@type\":\"WebSite\",\"@id\":\"https:\/\/www.newyorkhipknee.com\/es\/#website\",\"url\":\"https:\/\/www.newyorkhipknee.com\/es\/\",\"name\":\"Best Hip & Knee Surgeon | NY, USA\",\"description\":\"\",\"potentialAction\":[{\"@type\":\"SearchAction\",\"target\":{\"@type\":\"EntryPoint\",\"urlTemplate\":\"https:\/\/www.newyorkhipknee.com\/es\/?s={search_term_string}\"},\"query-input\":{\"@type\":\"PropertyValueSpecification\",\"valueRequired\":true,\"valueName\":\"search_term_string\"}}],\"inLanguage\":\"es\"}]}<\/script>\n<!-- \/ Yoast SEO plugin. -->","yoast_head_json":{"title":"Centro de Rockville, Nueva York | Best Hip &amp; Knee Surgeon | NY, USA","description":"Bienvenido a Orthopedic Haven del Dr. Nakul Karkare en Rockville Centre: Elevando la atenci\u00f3n ortop\u00e9dica con experiencia y compasi\u00f3n Abrazo excepcional","robots":{"index":"index","follow":"follow","max-snippet":"max-snippet:-1","max-image-preview":"max-image-preview:large","max-video-preview":"max-video-preview:-1"},"canonical":"https:\/\/www.newyorkhipknee.com\/es\/contacto\/little-neck-mejor-cirujano-de-reemplazo-de-cadera-y-rodilla\/centro-de-rockville-nueva-york\/","og_locale":"es_ES","og_type":"article","og_title":"Centro de Rockville, Nueva York | Best Hip &amp; Knee Surgeon | NY, USA","og_description":"Bienvenido a Orthopedic Haven del Dr. Nakul Karkare en Rockville Centre: Elevando la atenci\u00f3n ortop\u00e9dica con experiencia y compasi\u00f3n Abrazo excepcional","og_url":"https:\/\/www.newyorkhipknee.com\/es\/contacto\/little-neck-mejor-cirujano-de-reemplazo-de-cadera-y-rodilla\/centro-de-rockville-nueva-york\/","og_site_name":"Best Hip &amp; Knee Surgeon | NY, USA","twitter_card":"summary_large_image","twitter_misc":{"Tiempo de lectura":"10 minutos"},"schema":{"@context":"https:\/\/schema.org","@graph":[{"@type":["WebPage","MedicalWebPage"],"@id":"https:\/\/www.newyorkhipknee.com\/es\/contacto\/little-neck-mejor-cirujano-de-reemplazo-de-cadera-y-rodilla\/centro-de-rockville-nueva-york\/","url":"https:\/\/www.newyorkhipknee.com\/es\/contacto\/little-neck-mejor-cirujano-de-reemplazo-de-cadera-y-rodilla\/centro-de-rockville-nueva-york\/","name":"Centro de Rockville, Nueva York | Best Hip &amp; Knee Surgeon | NY, USA","isPartOf":{"@id":"https:\/\/www.newyorkhipknee.com\/es\/#website"},"datePublished":"2023-11-23T17:30:02+00:00","description":"Bienvenido a Orthopedic Haven del Dr. Nakul Karkare en Rockville Centre: Elevando la atenci\u00f3n ortop\u00e9dica con experiencia y compasi\u00f3n Abrazo excepcional","breadcrumb":{"@id":"https:\/\/www.newyorkhipknee.com\/es\/contacto\/little-neck-mejor-cirujano-de-reemplazo-de-cadera-y-rodilla\/centro-de-rockville-nueva-york\/#breadcrumb"},"inLanguage":"es","potentialAction":[{"@type":"ReadAction","target":["https:\/\/www.newyorkhipknee.com\/es\/contacto\/little-neck-mejor-cirujano-de-reemplazo-de-cadera-y-rodilla\/centro-de-rockville-nueva-york\/"]}]},{"@type":"BreadcrumbList","@id":"https:\/\/www.newyorkhipknee.com\/es\/contacto\/little-neck-mejor-cirujano-de-reemplazo-de-cadera-y-rodilla\/centro-de-rockville-nueva-york\/#breadcrumb","itemListElement":[{"@type":"ListItem","position":1,"name":"Home","item":"https:\/\/www.newyorkhipknee.com\/es\/"},{"@type":"ListItem","position":2,"name":"Contacto","item":"https:\/\/www.newyorkhipknee.com\/es\/contacto\/"},{"@type":"ListItem","position":3,"name":"Little Neck &#8211; Mejor Cirujano de Reemplazo de Cadera y Rodilla","item":"https:\/\/www.newyorkhipknee.com\/es\/contacto\/little-neck-mejor-cirujano-de-reemplazo-de-cadera-y-rodilla\/"},{"@type":"ListItem","position":4,"name":"Centro de Rockville, Nueva York"}]},{"@type":"WebSite","@id":"https:\/\/www.newyorkhipknee.com\/es\/#website","url":"https:\/\/www.newyorkhipknee.com\/es\/","name":"Best Hip & Knee Surgeon | NY, USA","description":"","potentialAction":[{"@type":"SearchAction","target":{"@type":"EntryPoint","urlTemplate":"https:\/\/www.newyorkhipknee.com\/es\/?s={search_term_string}"},"query-input":{"@type":"PropertyValueSpecification","valueRequired":true,"valueName":"search_term_string"}}],"inLanguage":"es"}]}},"_links":{"self":[{"href":"https:\/\/www.newyorkhipknee.com\/es\/wp-json\/wp\/v2\/pages\/20986","targetHints":{"allow":["GET"]}}],"collection":[{"href":"https:\/\/www.newyorkhipknee.com\/es\/wp-json\/wp\/v2\/pages"}],"about":[{"href":"https:\/\/www.newyorkhipknee.com\/es\/wp-json\/wp\/v2\/types\/page"}],"author":[{"embeddable":true,"href":"https:\/\/www.newyorkhipknee.com\/es\/wp-json\/wp\/v2\/users\/33"}],"replies":[{"embeddable":true,"href":"https:\/\/www.newyorkhipknee.com\/es\/wp-json\/wp\/v2\/comments?post=20986"}],"version-history":[{"count":0,"href":"https:\/\/www.newyorkhipknee.com\/es\/wp-json\/wp\/v2\/pages\/20986\/revisions"}],"up":[{"embeddable":true,"href":"https:\/\/www.newyorkhipknee.com\/es\/wp-json\/wp\/v2\/pages\/16528"}],"wp:attachment":[{"href":"https:\/\/www.newyorkhipknee.com\/es\/wp-json\/wp\/v2\/media?parent=20986"}],"curies":[{"name":"wp","href":"https:\/\/api.w.org\/{rel}","templated":true}]}}