{"id":20997,"date":"2023-11-23T16:15:11","date_gmt":"2023-11-23T21:15:11","guid":{"rendered":"https:\/\/newyorkhipknee.com\/contacto\/little-neck-mejor-cirujano-de-reemplazo-de-cadera-y-rodilla\/uniondale-nueva-york\/"},"modified":"2023-12-30T03:31:34","modified_gmt":"2023-12-30T08:31:34","slug":"uniondale-nueva-york","status":"publish","type":"page","link":"https:\/\/www.newyorkhipknee.com\/es\/contacto\/little-neck-mejor-cirujano-de-reemplazo-de-cadera-y-rodilla\/uniondale-nueva-york\/","title":{"rendered":"Uniondale, Nueva York"},"content":{"rendered":"<h1><strong>Bienvenido a Dr. Nakul Karkare Ortopedia Pr\u00e1ctica en Little Neck, Ahora Sirviendo Uniondale<\/strong><\/h1>\n<p>En Dr. Nakul Karkare Ortopedia, le damos una c\u00e1lida bienvenida a la vibrante comunidad de Uniondale, NY. Nuestro compromiso de ofrecer una atenci\u00f3n ortop\u00e9dica sin igual llega ahora a su vecindario, y estamos encantados de formar parte de su viaje hacia una mejor salud musculoesquel\u00e9tica.<\/p>\n<p><strong>Por qu\u00e9 elegirnos:<\/strong><\/p>\n<p><em>Excelencia ortop\u00e9dica centrada en el ser humano:<\/em> Lo que nos diferencia es nuestra dedicaci\u00f3n inquebrantable a un enfoque centrado en el ser humano en la atenci\u00f3n ortop\u00e9dica. Entendemos que cada paciente es \u00fanico, y nuestro enfoque refleja esta comprensi\u00f3n. Nuestro compromiso con la atenci\u00f3n personalizada garantiza que usted reciba un tratamiento adaptado a sus necesidades espec\u00edficas, proporcion\u00e1ndole no s\u00f3lo conocimientos m\u00e9dicos, sino tambi\u00e9n una aut\u00e9ntica compasi\u00f3n a lo largo de su proceso de curaci\u00f3n.<\/p>\n<p><em>La experiencia del Dr. Nakul Karkare:<\/em> Al frente de nuestra pr\u00e1ctica es el Dr. Nakul Karkare, un cirujano ortop\u00e9dico distinguido y certificado por la junta con una riqueza de experiencia. El compromiso del Dr. Karkare de mantenerse a la vanguardia de los avances ortop\u00e9dicos s\u00f3lo es comparable con su pasi\u00f3n por la atenci\u00f3n al paciente. Con un amplio conocimiento de diversas afecciones ortop\u00e9dicas, aporta un alto nivel de habilidad y experiencia a cada caso.<\/p>\n<p><em>T\u00e9cnicas y tecnolog\u00eda de vanguardia:<\/em> Nos enorgullecemos de emplear t\u00e9cnicas quir\u00fargicas de vanguardia y tecnolog\u00eda punta para garantizar los mejores resultados posibles para nuestros pacientes. El enfoque del Dr. Karkare implica precisi\u00f3n en todos los aspectos del tratamiento ortop\u00e9dico, desde el diagn\u00f3stico hasta la intervenci\u00f3n quir\u00fargica y, en \u00faltima instancia, el camino hacia la recuperaci\u00f3n.<\/p>\n<p><strong>Acerca del Dr. Nakul Karkare:<\/strong><\/p>\n<p>Dr. Nakul Karkare es un cirujano ortop\u00e9dico certificado que ha ganado su reputaci\u00f3n a trav\u00e9s de una dedicaci\u00f3n a la excelencia en la atenci\u00f3n al paciente. Titulado por prestigiosas instituciones y avalado por una amplia experiencia, el Dr. Karkare est\u00e1 especializado en t\u00e9cnicas quir\u00fargicas m\u00ednimamente invasivas, dando prioridad a su comodidad y garantizando una r\u00e1pida recuperaci\u00f3n.<\/p>\n<p>Su misi\u00f3n va m\u00e1s all\u00e1 del tratamiento de afecciones ortop\u00e9dicas; se trata de devolverle la movilidad, aliviar el dolor y mejorar su calidad de vida en general. El enfoque hol\u00edstico de la ortopedia del Dr. Karkare abarca no s\u00f3lo la experiencia m\u00e9dica, sino un compromiso genuino con su bienestar.<\/p>\n<p>A medida que nos embarcamos en este nuevo cap\u00edtulo en Uniondale, Dr. Nakul Karkare Ortopedia se mantiene firme en nuestra promesa de proporcionar compasivo, personalizado, y la atenci\u00f3n ortop\u00e9dica de expertos. Su viaje hacia una mejor salud ortop\u00e9dica comienza con nosotros, y esperamos ser su socio de confianza en cada paso del camino.<\/p>\n<h1><\/h1>\n<h1>Estamos muy orgullosos de presentar una amplia gama de servicios ortop\u00e9dicos meticulosamente adaptados para satisfacer las necesidades distintivas de la comunidad de Uniondale.<\/h1>\n<h3><a href=\"https:\/\/newyorkhipknee.com\/custom-knee-replacement-surgery\/\" target=\"_blank\" rel=\"noopener\"><strong>Reemplazo de rodilla personalizado:<\/strong><\/a><\/h3>\n<p><em>Qui\u00e9n puede beneficiarse:<\/em> La pr\u00f3tesis de rodilla a medida, tambi\u00e9n conocida como pr\u00f3tesis de rodilla personalizada, es una soluci\u00f3n a medida para las personas que sufren dolor intenso de rodilla, rigidez e inflamaci\u00f3n que dificultan considerablemente sus actividades cotidianas. Las causas pueden ir desde la artrosis y la artritis reumatoide hasta las lesiones traum\u00e1ticas y los trastornos degenerativos de la articulaci\u00f3n de la rodilla.<\/p>\n<p><em>El procedimiento quir\u00fargico:<\/em> Esta compleja intervenci\u00f3n implica la sustituci\u00f3n de la articulaci\u00f3n de rodilla da\u00f1ada por un implante artificial meticulosamente elaborado, personalizado seg\u00fan la estructura anat\u00f3mica \u00fanica del paciente. Mediante el uso de tecnolog\u00eda de imagen de vanguardia, se genera un modelo 3D preciso de la articulaci\u00f3n de la rodilla que garantiza un ajuste personalizado. El procedimiento, realizado bajo anestesia, prioriza la comodidad del paciente en todo momento.<\/p>\n<p><em>Las ventajas:<\/em><\/p>\n<ol>\n<li><strong>Alivio del dolor:<\/strong> Los implantes personalizados minimizan las molestias, facilitando la recuperaci\u00f3n de la movilidad y las actividades cotidianas.<\/li>\n<li><strong>Movilidad mejorada:<\/strong> Mejora el rango de movimiento para un movimiento m\u00e1s natural de la articulaci\u00f3n de la rodilla.<\/li>\n<li><strong>Mejora de la calidad de vida:<\/strong> Los pacientes recuperan la capacidad de realizar actividades que antes estaban limitadas por el dolor de rodilla.<\/li>\n<li><strong>Recuperaci\u00f3n m\u00e1s r\u00e1pida:<\/strong> La precisi\u00f3n y las t\u00e9cnicas m\u00ednimamente invasivas conducen a tiempos de recuperaci\u00f3n m\u00e1s r\u00e1pidos en comparaci\u00f3n con los m\u00e9todos tradicionales.<\/li>\n<\/ol>\n<p>&nbsp;<\/p>\n<h3><a href=\"https:\/\/newyorkhipknee.com\/hip-replacement-surgery\/\" target=\"_blank\" rel=\"noopener\"><strong>Pr\u00f3tesis de cadera:<\/strong><\/a><\/h3>\n<p><em>Qui\u00e9n puede beneficiarse:<\/em> La artroplastia de cadera se recomienda a las personas que sufren dolor, rigidez e inflamaci\u00f3n graves de cadera, a menudo como consecuencia de artrosis, artritis reumatoide, necrosis avascular o fracturas de cadera.<\/p>\n<p><em>El procedimiento quir\u00fargico:<\/em> Esta maravilla quir\u00fargica consiste en sustituir una articulaci\u00f3n de la cadera da\u00f1ada por un implante artificial meticulosamente dise\u00f1ado para reproducir la estructura y funci\u00f3n naturales de la articulaci\u00f3n de la cadera. Al igual que la artroplastia de rodilla, esta intervenci\u00f3n se realiza bajo anestesia, lo que garantiza la comodidad del paciente.<\/p>\n<p><em>Los beneficios:<\/em><\/p>\n<ol>\n<li><strong>Alivio del dolor:<\/strong> Alivia el dolor intenso de cadera, recuperando la movilidad y las actividades cotidianas.<\/li>\n<li><strong>Mejora la movilidad:<\/strong> Mejora la amplitud de movimiento en la articulaci\u00f3n de la cadera.<\/li>\n<li><strong>Mejora de la calidad de vida:<\/strong> Los pacientes recuperan la capacidad de participar en actividades obstaculizadas por el dolor de cadera.<\/li>\n<li><strong>Recuperaci\u00f3n m\u00e1s r\u00e1pida:<\/strong> Tiempos de recuperaci\u00f3n m\u00e1s r\u00e1pidos, con reducci\u00f3n del dolor y mejora de la amplitud de movimiento en comparaci\u00f3n con las condiciones previas a la cirug\u00eda.<\/li>\n<\/ol>\n<p>En ambos procedimientos, el Dr. Nakul Karkare emplea t\u00e9cnicas quir\u00fargicas innovadoras y tecnolog\u00eda de vanguardia para la colocaci\u00f3n precisa de implantes a trav\u00e9s de incisiones m\u00e1s peque\u00f1as que preservan los tejidos. Este enfoque minimiza el dolor y acelera la recuperaci\u00f3n.<\/p>\n<p>La experiencia del Dr. Karkare, combinada con la naturaleza personalizada de los implantes a medida, garantiza unos resultados superiores para los pacientes que buscan alivio para sus problemas articulares de rodilla y cadera.<\/p>\n<p>Si el dolor en las articulaciones, rigidez, hinchaz\u00f3n o lesi\u00f3n le preocupa, no dude en llegar a Centro Ortop\u00e9dico del Dr. Nakul Karkare. Nuestro equipo especializado se compromete a ayudarle a recuperar la movilidad, aliviar el dolor y mejorar su calidad de vida en general. Su bienestar es nuestra principal preocupaci\u00f3n, gui\u00e1ndole en el camino hacia una mejor salud ortop\u00e9dica.<\/p>\n<p>&nbsp;<\/p>\n<h1>Acerca de Uniondale, Ny<\/h1>\n<p>Bienvenido a Uniondale, Nueva York, una cautivadora aldea enclavada en el condado de Nassau, Long Island, donde se despliega un rico tapiz de historia, cultura y belleza natural. Uniondale es testimonio del perdurable legado de su pasado y de la vibrante energ\u00eda de su presente.<\/p>\n<p><strong>Historia de Uniondale, NY:<\/strong> Las ra\u00edces de Uniondale se remontan a la \u00e9poca colonial, inicialmente habitada por la tribu de nativos americanos Matinecock. El siglo XVII acogi\u00f3 a colonos europeos, lo que marc\u00f3 la evoluci\u00f3n de la aldea hasta convertirse en un centro agr\u00edcola y pesquero. A lo largo del siglo XIX, Uniondale atrajo a acaudalados neoyorquinos que establecieron retiros estivales, tejiendo un tapiz de fincas de lujo.<\/p>\n<p>La importancia hist\u00f3rica de la aldea se extiende a diversas industrias, como la construcci\u00f3n naval y la ostricultura. Con la llegada del siglo XX, Uniondale se transform\u00f3 en un para\u00edso residencial, con una ecl\u00e9ctica mezcla de casas unifamiliares, apartamentos y condominios. En la actualidad, Uniondale conserva con orgullo su patrimonio arquitect\u00f3nico, adornado con edificios hist\u00f3ricos que cuentan historias de una \u00e9poca pasada.<\/p>\n<p><strong>Cultura de Uniondale, NY:<\/strong> Sum\u00e9rjase en la din\u00e1mica y diversa cultura de Uniondale, donde le esperan multitud de museos e instituciones culturales. Hermosos parques salpican el paisaje, atrayendo a visitantes de todas partes. El distrito comercial palpita de vida, ofreciendo una vibrante vida nocturna, acogedores hoteles, restaurantes frente al mar y una gran variedad de tiendas que explorar.<\/p>\n<p><strong>Turismo en Uniondale, NY:<\/strong> Uniondale emerge como un encantador destino tur\u00edstico, celebrado por sus pintorescos parques, encantadores pueblos y un tapiz cultural que cautiva la imaginaci\u00f3n. Entre sus joyas se encuentra el Nassau Veterans Memorial Coliseum, un estadio hist\u00f3rico que ha sido testigo de grandes acontecimientos, desde conciertos y espect\u00e1culos deportivos hasta m\u00edtines pol\u00edticos. M\u00e1s all\u00e1 del entretenimiento, el estadio sirve de centro de programas y actos educativos, invitando a locales y turistas por igual.<\/p>\n<p>Otra joya de la corona de Uniondale es el Museo de Arte de la Universidad de Hofstra, una instituci\u00f3n hist\u00f3rica que despliega la cautivadora narrativa de la historia del arte. Este museo, frecuentado tanto por lugare\u00f1os como por visitantes, sirve de centro de programas y actos educativos y contribuye a la vitalidad cultural de Uniondale.<\/p>\n<p>En Uniondale, cada rinc\u00f3n cuenta una historia y cada monumento invita a ser explorado. Tanto si se siente atra\u00eddo por sus arenas hist\u00f3ricas, sus instituciones culturales o sus exuberantes parques, Uniondale le da la bienvenida a formar parte de su narrativa, donde la historia y la modernidad convergen en una danza armoniosa.<\/p>\n<h1>Indicaciones<\/h1>\n<p><span class=\"\">Estas son las instrucciones desde Uniondale, NY para completar la ortopedia en 52-21 Little Neck Parkway, Little Neck, NY 11362:<\/span><\/p>\n<ol class=\"list-outside list-decimal marker:font-mono marker:text-sm pl-11\">\n<li><span class=\"\">Dir\u00edjase hacia el oeste por Hempstead Turnpike hacia Uniondale Ave.<\/span><\/li>\n<li><span class=\"\">Gire a la derecha en Uniondale Ave.<\/span><\/li>\n<li><span class=\"\">Gire a la izquierda en Stewart Ave.<\/span><\/li>\n<li><span class=\"\">Gire a la derecha en Northern Blvd.<\/span><\/li>\n<li><span class=\"\">Gire a la izquierda en Little Neck Pkwy.<\/span><\/li>\n<li><span class=\"\">Complete Orthopedics estar\u00e1 a la izquierda en 52-21 Little Neck Pkwy.<\/span><\/li>\n<\/ol>\n<p><span class=\"\">Nota: Las indicaciones exactas pueden variar en funci\u00f3n de la ubicaci\u00f3n de partida. Se recomienda utilizar un GPS o un servicio de mapas para obtener las direcciones m\u00e1s precisas<\/span><\/p>\n<p><span class=\"\">.<\/span><\/p>\n<h1>Atenci\u00f3n m\u00e9dica cerca de Uniondale<\/h1>\n<h4>Farmacias<\/h4>\n<ol class=\"list-outside list-decimal marker:font-mono marker:text-sm pl-11\">\n<li><span class=\"\">Farmacia CVS &#8211; 1180 Hempstead Turnpike, Uniondale, NY 11553<\/span><\/li>\n<li><span class=\"\">Farmacia Walgreens &#8211; 399 Port Washington Blvd, Port Washington, NY 11050<\/span><\/li>\n<li><span class=\"\">Farmacia Rite Aid &#8211; 1 N Village Ave, Rockville Centre, NY 11570<\/span><\/li>\n<\/ol>\n<h4>Centros de Radiolog\u00eda<\/h4>\n<ol class=\"list-outside list-decimal marker:font-mono marker:text-sm pl-11\">\n<li><span class=\"\">North Shore Radiology Associates &#8211; 300 Community Dr, Manhasset, NY 11030<\/span><\/li>\n<li><span class=\"\">Long Island Radiology Associates &#8211; 865 Merrick Ave, Westbury, NY 11590<\/span><\/li>\n<li><span class=\"\">Diagnostic Radiology Associates &#8211; 165 N Village Ave, Rockville Centre, NY 11570<\/span><\/li>\n<\/ol>\n<h4>Centros de Atenci\u00f3n de Urgencia<\/h4>\n<ol class=\"list-outside list-decimal marker:font-mono marker:text-sm pl-11\">\n<li><span class=\"\">CityMD Uniondale Urgent Care &#8211; 625 Hempstead Turnpike, Uniondale, NY 11553<\/span><\/li>\n<li><span class=\"\">ProHEALTH Urgent Care &#8211; 1 Expressway Plaza, Roslyn Heights, NY 11577<\/span><\/li>\n<li><span class=\"\">Northwell Health-GoHealth Urgent Care &#8211; 1070 Northern Blvd, Roslyn, NY 11576<\/span><\/li>\n<\/ol>\n<h4>Hospitales<\/h4>\n<ol class=\"list-outside list-decimal marker:font-mono marker:text-sm pl-11\">\n<li><span class=\"\">Centro M\u00e9dico de la Universidad de Nassau &#8211; 2201 Hempstead Turnpike, East Meadow, NY 11554<\/span><\/li>\n<li><span class=\"\">Centro M\u00e9dico Mercy &#8211; 1000 N Village Ave, Rockville Centre, NY 11570<\/span><\/li>\n<li><span class=\"\">St. Francis Hospital &#8211; 100 Port Washington Blvd, Roslyn, NY 11576<\/span><\/li>\n<\/ol>\n<p><span class=\"\">Nota: La informaci\u00f3n proporcionada es precisa a partir de octubre de 2023.<\/span><\/p>\n<p>En esencia, nos enorgullecemos de brindar atenci\u00f3n ortop\u00e9dica integral a pacientes de varios centros de atenci\u00f3n m\u00e9dica dentro de nuestra comunidad, incluidos los mencionados anteriormente.<\/p>\n<p>Ya sea que acuda a nosotros a trav\u00e9s de una referencia para un tratamiento ortop\u00e9dico o simplemente busque orientaci\u00f3n experta para sus inquietudes ortop\u00e9dicas, queremos que sepa que nuestro equipo dedicado las 24 horas del d\u00eda, los 7 d\u00edas de la semana, est\u00e1 a solo una llamada de distancia, siempre listo para brindarle asistencia r\u00e1pida y compasiva.<\/p>\n<p>Entendemos que las lesiones relacionadas con el trabajo cubiertas por la compensaci\u00f3n del trabajador y el seguro sin culpa a menudo llevan a las personas a centros de atenci\u00f3n de urgencia y hospitales. Sin embargo, si su lesi\u00f3n no requiere una visita al hospital, estamos encantados de ofrecer un tratamiento ortop\u00e9dico especializado adaptado a estos casos espec\u00edficos<\/p>\n<p>No dude en comunicarse con nosotros al 631-981-2663 para programar una cita con nosotros hoy. Su bienestar es, y siempre ser\u00e1, nuestra m\u00e1xima prioridad.<\/p>\n","protected":false},"excerpt":{"rendered":"<p>Bienvenido a Dr. Nakul Karkare Ortopedia Pr\u00e1ctica en Little Neck, Ahora Sirviendo Uniondale En Dr. Nakul Karkare Ortopedia, le damos una c\u00e1lida bienvenida a la vibrante comunidad de Uniondale, NY. Nuestro compromiso de ofrecer una atenci\u00f3n ortop\u00e9dica sin igual llega ahora a su vecindario, y estamos encantados de formar parte de su viaje hacia una [&hellip;]<\/p>\n","protected":false},"author":33,"featured_media":0,"parent":16528,"menu_order":0,"comment_status":"closed","ping_status":"closed","template":"","meta":{"_et_pb_use_builder":"","_et_pb_old_content":"","_et_gb_content_width":"","footnotes":""},"class_list":["post-20997","page","type-page","status-publish","hentry"],"yoast_head":"<!-- This site is optimized with the Yoast SEO plugin v27.2 - https:\/\/yoast.com\/product\/yoast-seo-wordpress\/ -->\n<title>Uniondale, Nueva York | Best Hip &amp; Knee Surgeon | NY, USA<\/title>\n<meta name=\"description\" content=\"Bienvenido a Dr. Nakul Karkare Ortopedia Pr\u00e1ctica en Little Neck, Ahora Sirviendo Uniondale En Dr. Nakul Karkare Ortopedia, le damos una c\u00e1lida bienvenida\" \/>\n<meta name=\"robots\" content=\"index, follow, max-snippet:-1, max-image-preview:large, max-video-preview:-1\" \/>\n<link rel=\"canonical\" href=\"https:\/\/www.newyorkhipknee.com\/es\/contacto\/little-neck-mejor-cirujano-de-reemplazo-de-cadera-y-rodilla\/uniondale-nueva-york\/\" \/>\n<meta property=\"og:locale\" content=\"es_ES\" \/>\n<meta property=\"og:type\" content=\"article\" \/>\n<meta property=\"og:title\" content=\"Uniondale, Nueva York | Best Hip &amp; Knee Surgeon | NY, USA\" \/>\n<meta property=\"og:description\" content=\"Bienvenido a Dr. Nakul Karkare Ortopedia Pr\u00e1ctica en Little Neck, Ahora Sirviendo Uniondale En Dr. Nakul Karkare Ortopedia, le damos una c\u00e1lida bienvenida\" \/>\n<meta property=\"og:url\" content=\"https:\/\/www.newyorkhipknee.com\/es\/contacto\/little-neck-mejor-cirujano-de-reemplazo-de-cadera-y-rodilla\/uniondale-nueva-york\/\" \/>\n<meta property=\"og:site_name\" content=\"Best Hip &amp; Knee Surgeon | NY, USA\" \/>\n<meta property=\"article:modified_time\" content=\"2023-12-30T08:31:34+00:00\" \/>\n<meta name=\"twitter:card\" content=\"summary_large_image\" \/>\n<meta name=\"twitter:label1\" content=\"Tiempo de lectura\" \/>\n\t<meta name=\"twitter:data1\" content=\"10 minutos\" \/>\n<script type=\"application\/ld+json\" class=\"yoast-schema-graph\">{\"@context\":\"https:\/\/schema.org\",\"@graph\":[{\"@type\":[\"WebPage\",\"MedicalWebPage\"],\"@id\":\"https:\/\/www.newyorkhipknee.com\/es\/contacto\/little-neck-mejor-cirujano-de-reemplazo-de-cadera-y-rodilla\/uniondale-nueva-york\/\",\"url\":\"https:\/\/www.newyorkhipknee.com\/es\/contacto\/little-neck-mejor-cirujano-de-reemplazo-de-cadera-y-rodilla\/uniondale-nueva-york\/\",\"name\":\"Uniondale, Nueva York | Best Hip &amp; Knee Surgeon | NY, USA\",\"isPartOf\":{\"@id\":\"https:\/\/www.newyorkhipknee.com\/es\/#website\"},\"datePublished\":\"2023-11-23T21:15:11+00:00\",\"dateModified\":\"2023-12-30T08:31:34+00:00\",\"description\":\"Bienvenido a Dr. Nakul Karkare Ortopedia Pr\u00e1ctica en Little Neck, Ahora Sirviendo Uniondale En Dr. Nakul Karkare Ortopedia, le damos una c\u00e1lida bienvenida\",\"breadcrumb\":{\"@id\":\"https:\/\/www.newyorkhipknee.com\/es\/contacto\/little-neck-mejor-cirujano-de-reemplazo-de-cadera-y-rodilla\/uniondale-nueva-york\/#breadcrumb\"},\"inLanguage\":\"es\",\"potentialAction\":[{\"@type\":\"ReadAction\",\"target\":[\"https:\/\/www.newyorkhipknee.com\/es\/contacto\/little-neck-mejor-cirujano-de-reemplazo-de-cadera-y-rodilla\/uniondale-nueva-york\/\"]}]},{\"@type\":\"BreadcrumbList\",\"@id\":\"https:\/\/www.newyorkhipknee.com\/es\/contacto\/little-neck-mejor-cirujano-de-reemplazo-de-cadera-y-rodilla\/uniondale-nueva-york\/#breadcrumb\",\"itemListElement\":[{\"@type\":\"ListItem\",\"position\":1,\"name\":\"Home\",\"item\":\"https:\/\/www.newyorkhipknee.com\/es\/\"},{\"@type\":\"ListItem\",\"position\":2,\"name\":\"Contacto\",\"item\":\"https:\/\/www.newyorkhipknee.com\/es\/contacto\/\"},{\"@type\":\"ListItem\",\"position\":3,\"name\":\"Little Neck &#8211; Mejor Cirujano de Reemplazo de Cadera y Rodilla\",\"item\":\"https:\/\/www.newyorkhipknee.com\/es\/contacto\/little-neck-mejor-cirujano-de-reemplazo-de-cadera-y-rodilla\/\"},{\"@type\":\"ListItem\",\"position\":4,\"name\":\"Uniondale, Nueva York\"}]},{\"@type\":\"WebSite\",\"@id\":\"https:\/\/www.newyorkhipknee.com\/es\/#website\",\"url\":\"https:\/\/www.newyorkhipknee.com\/es\/\",\"name\":\"Best Hip & Knee Surgeon | NY, USA\",\"description\":\"\",\"potentialAction\":[{\"@type\":\"SearchAction\",\"target\":{\"@type\":\"EntryPoint\",\"urlTemplate\":\"https:\/\/www.newyorkhipknee.com\/es\/?s={search_term_string}\"},\"query-input\":{\"@type\":\"PropertyValueSpecification\",\"valueRequired\":true,\"valueName\":\"search_term_string\"}}],\"inLanguage\":\"es\"}]}<\/script>\n<!-- \/ Yoast SEO plugin. -->","yoast_head_json":{"title":"Uniondale, Nueva York | Best Hip &amp; Knee Surgeon | NY, USA","description":"Bienvenido a Dr. Nakul Karkare Ortopedia Pr\u00e1ctica en Little Neck, Ahora Sirviendo Uniondale En Dr. Nakul Karkare Ortopedia, le damos una c\u00e1lida bienvenida","robots":{"index":"index","follow":"follow","max-snippet":"max-snippet:-1","max-image-preview":"max-image-preview:large","max-video-preview":"max-video-preview:-1"},"canonical":"https:\/\/www.newyorkhipknee.com\/es\/contacto\/little-neck-mejor-cirujano-de-reemplazo-de-cadera-y-rodilla\/uniondale-nueva-york\/","og_locale":"es_ES","og_type":"article","og_title":"Uniondale, Nueva York | Best Hip &amp; Knee Surgeon | NY, USA","og_description":"Bienvenido a Dr. Nakul Karkare Ortopedia Pr\u00e1ctica en Little Neck, Ahora Sirviendo Uniondale En Dr. Nakul Karkare Ortopedia, le damos una c\u00e1lida bienvenida","og_url":"https:\/\/www.newyorkhipknee.com\/es\/contacto\/little-neck-mejor-cirujano-de-reemplazo-de-cadera-y-rodilla\/uniondale-nueva-york\/","og_site_name":"Best Hip &amp; Knee Surgeon | NY, USA","article_modified_time":"2023-12-30T08:31:34+00:00","twitter_card":"summary_large_image","twitter_misc":{"Tiempo de lectura":"10 minutos"},"schema":{"@context":"https:\/\/schema.org","@graph":[{"@type":["WebPage","MedicalWebPage"],"@id":"https:\/\/www.newyorkhipknee.com\/es\/contacto\/little-neck-mejor-cirujano-de-reemplazo-de-cadera-y-rodilla\/uniondale-nueva-york\/","url":"https:\/\/www.newyorkhipknee.com\/es\/contacto\/little-neck-mejor-cirujano-de-reemplazo-de-cadera-y-rodilla\/uniondale-nueva-york\/","name":"Uniondale, Nueva York | Best Hip &amp; Knee Surgeon | NY, USA","isPartOf":{"@id":"https:\/\/www.newyorkhipknee.com\/es\/#website"},"datePublished":"2023-11-23T21:15:11+00:00","dateModified":"2023-12-30T08:31:34+00:00","description":"Bienvenido a Dr. Nakul Karkare Ortopedia Pr\u00e1ctica en Little Neck, Ahora Sirviendo Uniondale En Dr. Nakul Karkare Ortopedia, le damos una c\u00e1lida bienvenida","breadcrumb":{"@id":"https:\/\/www.newyorkhipknee.com\/es\/contacto\/little-neck-mejor-cirujano-de-reemplazo-de-cadera-y-rodilla\/uniondale-nueva-york\/#breadcrumb"},"inLanguage":"es","potentialAction":[{"@type":"ReadAction","target":["https:\/\/www.newyorkhipknee.com\/es\/contacto\/little-neck-mejor-cirujano-de-reemplazo-de-cadera-y-rodilla\/uniondale-nueva-york\/"]}]},{"@type":"BreadcrumbList","@id":"https:\/\/www.newyorkhipknee.com\/es\/contacto\/little-neck-mejor-cirujano-de-reemplazo-de-cadera-y-rodilla\/uniondale-nueva-york\/#breadcrumb","itemListElement":[{"@type":"ListItem","position":1,"name":"Home","item":"https:\/\/www.newyorkhipknee.com\/es\/"},{"@type":"ListItem","position":2,"name":"Contacto","item":"https:\/\/www.newyorkhipknee.com\/es\/contacto\/"},{"@type":"ListItem","position":3,"name":"Little Neck &#8211; Mejor Cirujano de Reemplazo de Cadera y Rodilla","item":"https:\/\/www.newyorkhipknee.com\/es\/contacto\/little-neck-mejor-cirujano-de-reemplazo-de-cadera-y-rodilla\/"},{"@type":"ListItem","position":4,"name":"Uniondale, Nueva York"}]},{"@type":"WebSite","@id":"https:\/\/www.newyorkhipknee.com\/es\/#website","url":"https:\/\/www.newyorkhipknee.com\/es\/","name":"Best Hip & Knee Surgeon | NY, USA","description":"","potentialAction":[{"@type":"SearchAction","target":{"@type":"EntryPoint","urlTemplate":"https:\/\/www.newyorkhipknee.com\/es\/?s={search_term_string}"},"query-input":{"@type":"PropertyValueSpecification","valueRequired":true,"valueName":"search_term_string"}}],"inLanguage":"es"}]}},"_links":{"self":[{"href":"https:\/\/www.newyorkhipknee.com\/es\/wp-json\/wp\/v2\/pages\/20997","targetHints":{"allow":["GET"]}}],"collection":[{"href":"https:\/\/www.newyorkhipknee.com\/es\/wp-json\/wp\/v2\/pages"}],"about":[{"href":"https:\/\/www.newyorkhipknee.com\/es\/wp-json\/wp\/v2\/types\/page"}],"author":[{"embeddable":true,"href":"https:\/\/www.newyorkhipknee.com\/es\/wp-json\/wp\/v2\/users\/33"}],"replies":[{"embeddable":true,"href":"https:\/\/www.newyorkhipknee.com\/es\/wp-json\/wp\/v2\/comments?post=20997"}],"version-history":[{"count":0,"href":"https:\/\/www.newyorkhipknee.com\/es\/wp-json\/wp\/v2\/pages\/20997\/revisions"}],"up":[{"embeddable":true,"href":"https:\/\/www.newyorkhipknee.com\/es\/wp-json\/wp\/v2\/pages\/16528"}],"wp:attachment":[{"href":"https:\/\/www.newyorkhipknee.com\/es\/wp-json\/wp\/v2\/media?parent=20997"}],"curies":[{"name":"wp","href":"https:\/\/api.w.org\/{rel}","templated":true}]}}