{"id":21008,"date":"2023-11-28T16:31:24","date_gmt":"2023-11-28T21:31:24","guid":{"rendered":"https:\/\/newyorkhipknee.com\/contacto\/little-neck-mejor-cirujano-de-reemplazo-de-cadera-y-rodilla\/westbury-nueva-york\/"},"modified":"2023-11-28T16:31:24","modified_gmt":"2023-11-28T21:31:24","slug":"westbury-nueva-york","status":"publish","type":"page","link":"https:\/\/www.newyorkhipknee.com\/es\/contacto\/little-neck-mejor-cirujano-de-reemplazo-de-cadera-y-rodilla\/westbury-nueva-york\/","title":{"rendered":"Westbury, Nueva York"},"content":{"rendered":"<h1><span class=\"\">Bienvenido al Centro Ortop\u00e9dico del Dr. Nakul Karkare, su fuente dedicada a la atenci\u00f3n ortop\u00e9dica de primer nivel que conecta a la perfecci\u00f3n la vibrante comunidad de Little Neck a la vecina ciudad de Westbury, Nueva York.  <\/span><\/h1>\n<p><span class=\"\">Estamos orgullosos de ser su destino local de atenci\u00f3n m\u00e9dica ortop\u00e9dica, comprometidos a mejorar el bienestar de los residentes y las personas en esta regi\u00f3n din\u00e1mica.<\/span><span class=\"\">El Dr. Nakul Karkare es un especialista ortop\u00e9dico altamente cualificado con una pasi\u00f3n por la entrega integral, compasivo, y la atenci\u00f3n ortop\u00e9dica de vanguardia. Comprende el papel esencial que desempe\u00f1a la salud ortop\u00e9dica en su vida diaria.  <\/span><\/p>\n<p><span class=\"\">Si usted est\u00e1 en el camino hacia la recuperaci\u00f3n de una lesi\u00f3n, la gesti\u00f3n de las condiciones musculoesquel\u00e9ticas cr\u00f3nicas, o en busca de orientaci\u00f3n sobre el logro de un \u00f3ptimo bienestar ortop\u00e9dico, el Dr. Nakul Karkare y su equipo de expertos est\u00e1n aqu\u00ed para guiarlo hacia la mejora de la movilidad y una vida libre de dolor.<\/span><\/p>\n<p><span class=\"\">Nuestra presencia enlaza perfectamente Litle Neck con Westbury, garantiz\u00e1ndole un c\u00f3modo acceso a nuestros excepcionales servicios ortop\u00e9dicos. A trav\u00e9s de nuestro blog informativo y recursos educativos, nuestro objetivo es brindarle informaci\u00f3n valiosa, los \u00faltimos avances en tratamientos ortop\u00e9dicos y consejos pr\u00e1cticos para ayudarlo a llevar un estilo de vida activo y saludable. El Centro Ortop\u00e9dico del Dr. Nakul Karkare es su socio de confianza en el camino hacia una mejor salud ortop\u00e9dica.<\/span><span class=\"\">Para citas y consultas, las personas pueden ponerse en contacto con el Centro Ortop\u00e9dico del Dr. Nakul Karkare en el tel\u00e9fono (631) 992-6437. Estamos aqu\u00ed para apoyarle en su camino hacia la mejora de la salud y el bienestar ortop\u00e9dicos.<\/span><\/p>\n<p>&nbsp;<\/p>\n<h2><span class=\"\">Tenemos el honor de ofrecer una amplia gama de servicios ortop\u00e9dicos en Westbury, NY.<\/span><\/h2>\n<h3><a href=\"https:\/\/newyorkhipknee.com\/custom-knee-replacement-surgery\/\" target=\"_blank\" rel=\"noopener\">Reemplazo de rodilla personalizado<\/a><\/h3>\n<h4>Qui\u00e9n se beneficia de la pr\u00f3tesis de rodilla personalizada<\/h4>\n<p><span class=\"\">La artroplastia de rodilla personalizada, tambi\u00e9n conocida como artroplastia de rodilla a medida, se suele recomendar a personas que padecen dolor, rigidez e inflamaci\u00f3n graves de rodilla que dificultan considerablemente sus actividades cotidianas y su calidad de vida en general. Entre los factores subyacentes comunes de esta afecci\u00f3n se incluyen la artrosis, la artritis reumatoide, las lesiones traum\u00e1ticas u otros trastornos degenerativos de la articulaci\u00f3n de la rodilla.<\/span><\/p>\n<h4>El procedimiento quir\u00fargico<\/h4>\n<p><span class=\"\">La pr\u00f3tesis de rodilla a medida es una sofisticada intervenci\u00f3n quir\u00fargica en la que la articulaci\u00f3n de la rodilla da\u00f1ada se sustituye por un implante artificial dise\u00f1ado con precisi\u00f3n para armonizar con la estructura anat\u00f3mica \u00fanica del paciente. El proceso comienza con la utilizaci\u00f3n de tecnolog\u00eda de imagen avanzada, que genera un meticuloso modelo tridimensional de la articulaci\u00f3n de la rodilla del paciente. A continuaci\u00f3n, este modelo se utiliza para fabricar un implante personalizado que se adapte perfectamente a la rodilla del paciente.<\/span><span class=\"\">Durante el procedimiento quir\u00fargico, el cirujano ortop\u00e9dico retira meticulosamente la articulaci\u00f3n da\u00f1ada y la sustituye por el implante a medida. Todo el proceso se realiza bajo anestesia para garantizar que el paciente se sienta c\u00f3modo y sin dolor.<\/span><\/p>\n<h4>Ventajas<\/h4>\n<p><span class=\"\">La pr\u00f3tesis de rodilla a medida ofrece numerosas ventajas a los pacientes, entre las que se incluyen:<\/span><\/p>\n<ul class=\"list-outside list-disc pl-8\">\n<li><span class=\"\">Alivio del dolor<\/span><\/li>\n<li><span class=\"\">Movilidad mejorada<\/span><\/li>\n<li><span class=\"\">Mejora de la calidad de vida<\/span><\/li>\n<li><span class=\"\">Recuperaci\u00f3n m\u00e1s r\u00e1pida<\/span><\/li>\n<\/ul>\n<h4><a href=\"https:\/\/newyorkhipknee.com\/hip-replacement-surgery\/\" target=\"_blank\" rel=\"noopener\">Reemplazo de cadera<\/a><\/h4>\n<h4>Qui\u00e9n se beneficia de la pr\u00f3tesis de cadera<\/h4>\n<p><span class=\"\">La artroplastia de cadera se recomienda a las personas que padecen dolor intenso, rigidez e inflamaci\u00f3n de cadera, que dificultan considerablemente sus actividades cotidianas y su calidad de vida. Las causas m\u00e1s comunes de esta afecci\u00f3n son la artrosis, la artritis reumatoide, la necrosis avascular o las fracturas de cadera.<\/span><\/p>\n<h4>El procedimiento quir\u00fargico<\/h4>\n<p><span class=\"\">La artroplastia de cadera es un procedimiento quir\u00fargico que consiste en sustituir una articulaci\u00f3n de cadera da\u00f1ada por un implante artificial meticulosamente dise\u00f1ado para reproducir la estructura y funci\u00f3n naturales de la articulaci\u00f3n de la cadera, lo que permite a los pacientes recuperar la movilidad y aliviar las molestias.<\/span><\/p>\n<p><span class=\"\">Durante la intervenci\u00f3n, el cirujano ortop\u00e9dico retira h\u00e1bilmente la articulaci\u00f3n da\u00f1ada y la sustituye por el implante artificial. Al igual que la artroplastia de rodilla, esta intervenci\u00f3n se realiza bajo anestesia para garantizar la comodidad del paciente.<\/span><span class=\"\">En ambos casos, el Dr. Nakul Karkare utiliza t\u00e9cnicas quir\u00fargicas avanzadas y tecnolog\u00eda de vanguardia para garantizar la colocaci\u00f3n precisa de los componentes del implante a trav\u00e9s de incisiones m\u00e1s peque\u00f1as que no da\u00f1an los tejidos. <\/span><\/p>\n<p><span class=\"\">Este enfoque ayuda a minimizar las molestias y a acelerar el proceso de recuperaci\u00f3n. La experiencia del Dr. Karkare en estos procedimientos, combinada con la naturaleza individualizada de los implantes a medida, contribuye a mejorar los resultados de los pacientes que buscan alivio para sus problemas articulares de rodilla y cadera.<\/span><\/p>\n<p><span class=\"\">Si usted est\u00e1 experimentando dolor en las articulaciones, rigidez, hinchaz\u00f3n, o ha sufrido una lesi\u00f3n, por favor no dude en ponerse en contacto con el Centro Ortop\u00e9dico del Dr. Nakul Karkare. Su equipo de especialistas se dedica a ayudarle a recuperar la movilidad, aliviar el dolor y mejorar su calidad de vida en general. Su bienestar es su m\u00e1xima prioridad, y est\u00e1n aqu\u00ed para guiarle en su camino hacia una mejor salud ortop\u00e9dica.<\/span><\/p>\n<p>&nbsp;<\/p>\n<h1>Acerca de Westbury, NY<\/h1>\n<div class=\"prose dark:prose-invert inline leading-normal break-words min-w-0 [word-break:break-word]\"><span class=\"\">Westbury, NY es un pueblo ubicado en el condado de Nassau, en Long Island, Nueva York, Estados Unidos. El pueblo es conocido por su rica historia, su cultura diversa y su hermoso entorno natural. Westbury tiene mucho que ofrecer, desde sus monumentos hist\u00f3ricos hasta sus excelentes escuelas y su creciente comunidad.<\/span>&nbsp;<\/p>\n<h3><\/h3>\n<h3>Historia de Westbury, NY<\/h3>\n<p><span class=\"\">Westbury, Nueva York, tiene una larga y rica historia que se remonta a la \u00e9poca colonial. El \u00e1rea fue habitada originalmente por la tribu nativa americana Lenape. Los primeros colonos europeos llegaron a la zona en el siglo XVII, y la zona se convirti\u00f3 en un centro de agricultura y pesca.<\/span><span class=\"\">Durante el siglo XIX, Westbury se convirti\u00f3 en un destino popular para los neoyorquinos adinerados, que construyeron casas de verano y fincas en la zona. El pueblo tambi\u00e9n albergaba una serie de industrias, como la construcci\u00f3n naval y el cultivo de ostras.<\/span><span class=\"\">A principios del siglo XX, Westbury comenz\u00f3 a convertirse en una comunidad residencial, con una mezcla de casas unifamiliares, apartamentos y condominios. El pueblo tiene un rico patrimonio arquitect\u00f3nico, con muchos edificios y casas hist\u00f3ricas.<\/span><\/p>\n<h3><\/h3>\n<h3>Cultura de Westbury, NY<\/h3>\n<p><span class=\"\">Westbury, Nueva York, tiene una cultura diversa y vibrante, y el pueblo alberga una serie de museos e instituciones culturales. El pueblo tambi\u00e9n es conocido por sus hermosos parques, que atraen a visitantes de todo el mundo. El pueblo alberga un distrito comercial con vida nocturna, hoteles, restaurantes frente al mar y una variedad de tiendas.<\/span><\/p>\n<h3><\/h3>\n<h3>Turismo en Westbury, NY<\/h3>\n<p><span class=\"\">Westbury, Nueva York, es un destino tur\u00edstico en crecimiento, gracias en parte a sus hermosos parques, pueblos encantadores y un rico patrimonio cultural. El pueblo alberga una serie de atracciones que atraen a visitantes de todo el mundo.<\/span><span class=\"\">Una de las atracciones m\u00e1s populares de Westbury son los Old Westbury Gardens, que es un hermoso jard\u00edn que ofrece a los visitantes una visi\u00f3n del pasado.<\/span><\/p>\n<\/div>\n<div><\/div>\n<div class=\"prose dark:prose-invert inline leading-normal break-words min-w-0 [word-break:break-word]\"><span class=\"\">El jard\u00edn es un destino popular tanto para los lugare\u00f1os como para los turistas, y a menudo se utiliza para eventos y festivales.<\/span><span class=\"\">Otra atracci\u00f3n popular en Westbury es el NYCB Theatre en Westbury, que es un teatro hist\u00f3rico que ha albergado una serie de eventos importantes, incluidos conciertos, obras de teatro y espect\u00e1culos de comedia. El teatro es un destino popular tanto para los lugare\u00f1os como para los turistas, y a menudo se utiliza para programas y eventos educativos.<\/span><\/div>\n<div>\n<h1>Indicaciones<\/h1>\n<p><span class=\"\">Estas son las indicaciones desde Westbury, NY para llegar a Complete Orthopedics en 52-21 Little Neck Parkway, Little Neck, NY 11362:<\/span><\/p>\n<ol class=\"list-outside list-decimal marker:font-mono marker:text-sm pl-11\">\n<li><span class=\"\">Dir\u00edjase hacia el norte por Post Ave hacia Maple Ave.<\/span><\/li>\n<li><span class=\"\">Gire a la derecha en Maple Ave.<\/span><\/li>\n<li><span class=\"\">Gire a la izquierda en Jericho Turnpike.<\/span><\/li>\n<li><span class=\"\">Gire a la derecha en Little Neck Pkwy.<\/span><\/li>\n<li><span class=\"\">Complete Orthopedics estar\u00e1 a la izquierda en 52-21 Little Neck Pkwy.<\/span><\/li>\n<\/ol>\n<p><span class=\"\">Nota: Las indicaciones exactas pueden variar en funci\u00f3n de la ubicaci\u00f3n de partida. Se recomienda utilizar un GPS o un servicio de mapas para obtener las direcciones m\u00e1s precisas.<\/span><\/p>\n<p>&nbsp;<\/p>\n<h1>Atenci\u00f3n m\u00e9dica cerca de Westbury<\/h1>\n<div class=\"relative default font-sans text-base text-textMain dark:text-textMainDark selection:bg-superDuper selection:text-textMain\">\n<div class=\"break-words min-w-0 [word-break:break-word]\">\n<div dir=\"auto\">\n<div class=\"prose dark:prose-invert inline leading-normal break-words min-w-0 [word-break:break-word]\">\n<h4>Farmacias<\/h4>\n<ol class=\"list-outside list-decimal marker:font-mono marker:text-sm pl-11\">\n<li><span class=\"\">Farmacia CVS &#8211; 15 Old Country Rd, Westbury, NY 11590<\/span><\/li>\n<li><span class=\"\">Farmacia Walgreens &#8211; 399 Port Washington Blvd, Port Washington, NY 11050<\/span><\/li>\n<li><span class=\"\">Farmacia Rite Aid &#8211; 1 N Village Ave, Rockville Centre, NY 11570<\/span><\/li>\n<\/ol>\n<h4>Centros de Radiolog\u00eda<\/h4>\n<ol class=\"list-outside list-decimal marker:font-mono marker:text-sm pl-11\">\n<li><span class=\"\">North Shore Radiology Associates &#8211; 300 Community Dr, Manhasset, NY 11030<\/span><\/li>\n<li><span class=\"\">Long Island Radiology Associates &#8211; 865 Merrick Ave, Westbury, NY 11590<\/span><\/li>\n<li><span class=\"\">Diagnostic Radiology Associates &#8211; 165 N Village Ave, Rockville Centre, NY 11570<\/span><\/li>\n<\/ol>\n<h4>Centros de Atenci\u00f3n de Urgencia<\/h4>\n<ol class=\"list-outside list-decimal marker:font-mono marker:text-sm pl-11\">\n<li><span class=\"\">CityMD Westbury Urgent Care &#8211; 865 Merrick Ave, Westbury, NY 11590<\/span><\/li>\n<li><span class=\"\">ProHEALTH Urgent Care &#8211; 1 Expressway Plaza, Roslyn Heights, NY 11577<\/span><\/li>\n<li><span class=\"\">Northwell Health-GoHealth Urgent Care &#8211; 1070 Northern Blvd, Roslyn, NY 11576<\/span><\/li>\n<\/ol>\n<h4>Hospitales<\/h4>\n<ol class=\"list-outside list-decimal marker:font-mono marker:text-sm pl-11\">\n<li><span class=\"\">NYU Winthrop Hospital &#8211; 259 1st St, Mineola, NY 11501<\/span><\/li>\n<li><span class=\"\">Centro M\u00e9dico Mercy &#8211; 1000 N Village Ave, Rockville Centre, NY 11570<\/span><\/li>\n<li><span class=\"\">Centro M\u00e9dico Jud\u00edo de Long Island &#8211; 270-05 76th Ave, New Hyde Park, NY 11040<\/span><\/li>\n<\/ol>\n<p><span class=\"\">Nota: La informaci\u00f3n proporcionada es precisa a partir de octubre de 2023.<\/span><\/p>\n<\/div>\n<\/div>\n<\/div>\n<\/div>\n<div class=\"my-md border-borderMain\/60 dark:border-borderMainDark\/80 divide-borderMain\/60 dark:divide-borderMainDark\/80 ring-borderMain dark:ring-borderMainDark bg-transparent\">\n<div>\n<p>En Complete Orthopedics, estamos orgullosos de ofrecer atenci\u00f3n ortop\u00e9dica integral a pacientes de varios centros de atenci\u00f3n m\u00e9dica dentro de nuestra comunidad, incluidos los mencionados anteriormente. Ya sea que acuda a nosotros a trav\u00e9s de una referencia para un tratamiento ortop\u00e9dico o si simplemente desea consultar sobre cualquier inquietud ortop\u00e9dica, nuestro equipo dedicado las 24 horas del d\u00eda, los 7 d\u00edas de la semana, est\u00e1 aqu\u00ed para ofrecer asistencia r\u00e1pida y compasiva.<\/p>\n<p>Entendemos que muchas personas buscan tratamiento para la compensaci\u00f3n laboral y las lesiones relacionadas con el seguro sin culpa en centros de atenci\u00f3n de urgencia y hospitales. Si su lesi\u00f3n no requiere una visita al hospital, estamos encantados de ofrecer atenci\u00f3n ortop\u00e9dica especializada adaptada a tales situaciones. No dude en contactarnos al 631-981-2663 para concertar una cita con nosotros hoy. Su bienestar es nuestra m\u00e1xima prioridad, y estamos aqu\u00ed para ayudarle en su camino hacia la recuperaci\u00f3n.<\/p>\n<\/div>\n<\/div>\n<\/div>\n","protected":false},"excerpt":{"rendered":"<p>Bienvenido al Centro Ortop\u00e9dico del Dr. Nakul Karkare, su fuente dedicada a la atenci\u00f3n ortop\u00e9dica de primer nivel que conecta a la perfecci\u00f3n la vibrante comunidad de Little Neck a la vecina ciudad de Westbury, Nueva York. Estamos orgullosos de ser su destino local de atenci\u00f3n m\u00e9dica ortop\u00e9dica, comprometidos a mejorar el bienestar de los [&hellip;]<\/p>\n","protected":false},"author":33,"featured_media":0,"parent":16528,"menu_order":0,"comment_status":"closed","ping_status":"closed","template":"","meta":{"_et_pb_use_builder":"","_et_pb_old_content":"","_et_gb_content_width":"","footnotes":""},"class_list":["post-21008","page","type-page","status-publish","hentry"],"yoast_head":"<!-- This site is optimized with the Yoast SEO plugin v27.2 - https:\/\/yoast.com\/product\/yoast-seo-wordpress\/ -->\n<title>Westbury, Nueva York | Best Hip &amp; Knee Surgeon | NY, USA<\/title>\n<meta name=\"description\" content=\"Bienvenido al Centro Ortop\u00e9dico del Dr. Nakul Karkare, su fuente dedicada a la atenci\u00f3n ortop\u00e9dica de primer nivel que conecta a la perfecci\u00f3n la vibrante\" \/>\n<meta name=\"robots\" content=\"index, follow, max-snippet:-1, max-image-preview:large, max-video-preview:-1\" \/>\n<link rel=\"canonical\" href=\"https:\/\/www.newyorkhipknee.com\/es\/contacto\/little-neck-mejor-cirujano-de-reemplazo-de-cadera-y-rodilla\/westbury-nueva-york\/\" \/>\n<meta property=\"og:locale\" content=\"es_ES\" \/>\n<meta property=\"og:type\" content=\"article\" \/>\n<meta property=\"og:title\" content=\"Westbury, Nueva York | Best Hip &amp; Knee Surgeon | NY, USA\" \/>\n<meta property=\"og:description\" content=\"Bienvenido al Centro Ortop\u00e9dico del Dr. Nakul Karkare, su fuente dedicada a la atenci\u00f3n ortop\u00e9dica de primer nivel que conecta a la perfecci\u00f3n la vibrante\" \/>\n<meta property=\"og:url\" content=\"https:\/\/www.newyorkhipknee.com\/es\/contacto\/little-neck-mejor-cirujano-de-reemplazo-de-cadera-y-rodilla\/westbury-nueva-york\/\" \/>\n<meta property=\"og:site_name\" content=\"Best Hip &amp; Knee Surgeon | NY, USA\" \/>\n<meta name=\"twitter:card\" content=\"summary_large_image\" \/>\n<meta name=\"twitter:label1\" content=\"Tiempo de lectura\" \/>\n\t<meta name=\"twitter:data1\" content=\"9 minutos\" \/>\n<script type=\"application\/ld+json\" class=\"yoast-schema-graph\">{\"@context\":\"https:\/\/schema.org\",\"@graph\":[{\"@type\":[\"WebPage\",\"MedicalWebPage\"],\"@id\":\"https:\/\/www.newyorkhipknee.com\/es\/contacto\/little-neck-mejor-cirujano-de-reemplazo-de-cadera-y-rodilla\/westbury-nueva-york\/\",\"url\":\"https:\/\/www.newyorkhipknee.com\/es\/contacto\/little-neck-mejor-cirujano-de-reemplazo-de-cadera-y-rodilla\/westbury-nueva-york\/\",\"name\":\"Westbury, Nueva York | Best Hip &amp; Knee Surgeon | NY, USA\",\"isPartOf\":{\"@id\":\"https:\/\/www.newyorkhipknee.com\/es\/#website\"},\"datePublished\":\"2023-11-28T21:31:24+00:00\",\"description\":\"Bienvenido al Centro Ortop\u00e9dico del Dr. Nakul Karkare, su fuente dedicada a la atenci\u00f3n ortop\u00e9dica de primer nivel que conecta a la perfecci\u00f3n la vibrante\",\"breadcrumb\":{\"@id\":\"https:\/\/www.newyorkhipknee.com\/es\/contacto\/little-neck-mejor-cirujano-de-reemplazo-de-cadera-y-rodilla\/westbury-nueva-york\/#breadcrumb\"},\"inLanguage\":\"es\",\"potentialAction\":[{\"@type\":\"ReadAction\",\"target\":[\"https:\/\/www.newyorkhipknee.com\/es\/contacto\/little-neck-mejor-cirujano-de-reemplazo-de-cadera-y-rodilla\/westbury-nueva-york\/\"]}]},{\"@type\":\"BreadcrumbList\",\"@id\":\"https:\/\/www.newyorkhipknee.com\/es\/contacto\/little-neck-mejor-cirujano-de-reemplazo-de-cadera-y-rodilla\/westbury-nueva-york\/#breadcrumb\",\"itemListElement\":[{\"@type\":\"ListItem\",\"position\":1,\"name\":\"Home\",\"item\":\"https:\/\/www.newyorkhipknee.com\/es\/\"},{\"@type\":\"ListItem\",\"position\":2,\"name\":\"Contacto\",\"item\":\"https:\/\/www.newyorkhipknee.com\/es\/contacto\/\"},{\"@type\":\"ListItem\",\"position\":3,\"name\":\"Little Neck &#8211; Mejor Cirujano de Reemplazo de Cadera y Rodilla\",\"item\":\"https:\/\/www.newyorkhipknee.com\/es\/contacto\/little-neck-mejor-cirujano-de-reemplazo-de-cadera-y-rodilla\/\"},{\"@type\":\"ListItem\",\"position\":4,\"name\":\"Westbury, Nueva York\"}]},{\"@type\":\"WebSite\",\"@id\":\"https:\/\/www.newyorkhipknee.com\/es\/#website\",\"url\":\"https:\/\/www.newyorkhipknee.com\/es\/\",\"name\":\"Best Hip & Knee Surgeon | NY, USA\",\"description\":\"\",\"potentialAction\":[{\"@type\":\"SearchAction\",\"target\":{\"@type\":\"EntryPoint\",\"urlTemplate\":\"https:\/\/www.newyorkhipknee.com\/es\/?s={search_term_string}\"},\"query-input\":{\"@type\":\"PropertyValueSpecification\",\"valueRequired\":true,\"valueName\":\"search_term_string\"}}],\"inLanguage\":\"es\"}]}<\/script>\n<!-- \/ Yoast SEO plugin. -->","yoast_head_json":{"title":"Westbury, Nueva York | Best Hip &amp; Knee Surgeon | NY, USA","description":"Bienvenido al Centro Ortop\u00e9dico del Dr. Nakul Karkare, su fuente dedicada a la atenci\u00f3n ortop\u00e9dica de primer nivel que conecta a la perfecci\u00f3n la vibrante","robots":{"index":"index","follow":"follow","max-snippet":"max-snippet:-1","max-image-preview":"max-image-preview:large","max-video-preview":"max-video-preview:-1"},"canonical":"https:\/\/www.newyorkhipknee.com\/es\/contacto\/little-neck-mejor-cirujano-de-reemplazo-de-cadera-y-rodilla\/westbury-nueva-york\/","og_locale":"es_ES","og_type":"article","og_title":"Westbury, Nueva York | Best Hip &amp; Knee Surgeon | NY, USA","og_description":"Bienvenido al Centro Ortop\u00e9dico del Dr. Nakul Karkare, su fuente dedicada a la atenci\u00f3n ortop\u00e9dica de primer nivel que conecta a la perfecci\u00f3n la vibrante","og_url":"https:\/\/www.newyorkhipknee.com\/es\/contacto\/little-neck-mejor-cirujano-de-reemplazo-de-cadera-y-rodilla\/westbury-nueva-york\/","og_site_name":"Best Hip &amp; Knee Surgeon | NY, USA","twitter_card":"summary_large_image","twitter_misc":{"Tiempo de lectura":"9 minutos"},"schema":{"@context":"https:\/\/schema.org","@graph":[{"@type":["WebPage","MedicalWebPage"],"@id":"https:\/\/www.newyorkhipknee.com\/es\/contacto\/little-neck-mejor-cirujano-de-reemplazo-de-cadera-y-rodilla\/westbury-nueva-york\/","url":"https:\/\/www.newyorkhipknee.com\/es\/contacto\/little-neck-mejor-cirujano-de-reemplazo-de-cadera-y-rodilla\/westbury-nueva-york\/","name":"Westbury, Nueva York | Best Hip &amp; Knee Surgeon | NY, USA","isPartOf":{"@id":"https:\/\/www.newyorkhipknee.com\/es\/#website"},"datePublished":"2023-11-28T21:31:24+00:00","description":"Bienvenido al Centro Ortop\u00e9dico del Dr. Nakul Karkare, su fuente dedicada a la atenci\u00f3n ortop\u00e9dica de primer nivel que conecta a la perfecci\u00f3n la vibrante","breadcrumb":{"@id":"https:\/\/www.newyorkhipknee.com\/es\/contacto\/little-neck-mejor-cirujano-de-reemplazo-de-cadera-y-rodilla\/westbury-nueva-york\/#breadcrumb"},"inLanguage":"es","potentialAction":[{"@type":"ReadAction","target":["https:\/\/www.newyorkhipknee.com\/es\/contacto\/little-neck-mejor-cirujano-de-reemplazo-de-cadera-y-rodilla\/westbury-nueva-york\/"]}]},{"@type":"BreadcrumbList","@id":"https:\/\/www.newyorkhipknee.com\/es\/contacto\/little-neck-mejor-cirujano-de-reemplazo-de-cadera-y-rodilla\/westbury-nueva-york\/#breadcrumb","itemListElement":[{"@type":"ListItem","position":1,"name":"Home","item":"https:\/\/www.newyorkhipknee.com\/es\/"},{"@type":"ListItem","position":2,"name":"Contacto","item":"https:\/\/www.newyorkhipknee.com\/es\/contacto\/"},{"@type":"ListItem","position":3,"name":"Little Neck &#8211; Mejor Cirujano de Reemplazo de Cadera y Rodilla","item":"https:\/\/www.newyorkhipknee.com\/es\/contacto\/little-neck-mejor-cirujano-de-reemplazo-de-cadera-y-rodilla\/"},{"@type":"ListItem","position":4,"name":"Westbury, Nueva York"}]},{"@type":"WebSite","@id":"https:\/\/www.newyorkhipknee.com\/es\/#website","url":"https:\/\/www.newyorkhipknee.com\/es\/","name":"Best Hip & Knee Surgeon | NY, USA","description":"","potentialAction":[{"@type":"SearchAction","target":{"@type":"EntryPoint","urlTemplate":"https:\/\/www.newyorkhipknee.com\/es\/?s={search_term_string}"},"query-input":{"@type":"PropertyValueSpecification","valueRequired":true,"valueName":"search_term_string"}}],"inLanguage":"es"}]}},"_links":{"self":[{"href":"https:\/\/www.newyorkhipknee.com\/es\/wp-json\/wp\/v2\/pages\/21008","targetHints":{"allow":["GET"]}}],"collection":[{"href":"https:\/\/www.newyorkhipknee.com\/es\/wp-json\/wp\/v2\/pages"}],"about":[{"href":"https:\/\/www.newyorkhipknee.com\/es\/wp-json\/wp\/v2\/types\/page"}],"author":[{"embeddable":true,"href":"https:\/\/www.newyorkhipknee.com\/es\/wp-json\/wp\/v2\/users\/33"}],"replies":[{"embeddable":true,"href":"https:\/\/www.newyorkhipknee.com\/es\/wp-json\/wp\/v2\/comments?post=21008"}],"version-history":[{"count":0,"href":"https:\/\/www.newyorkhipknee.com\/es\/wp-json\/wp\/v2\/pages\/21008\/revisions"}],"up":[{"embeddable":true,"href":"https:\/\/www.newyorkhipknee.com\/es\/wp-json\/wp\/v2\/pages\/16528"}],"wp:attachment":[{"href":"https:\/\/www.newyorkhipknee.com\/es\/wp-json\/wp\/v2\/media?parent=21008"}],"curies":[{"name":"wp","href":"https:\/\/api.w.org\/{rel}","templated":true}]}}