{"id":21011,"date":"2023-11-07T08:55:19","date_gmt":"2023-11-07T13:55:19","guid":{"rendered":"https:\/\/newyorkhipknee.com\/contacto\/patchogue-mejor-cirujano-de-reemplazo-de-cadera-y-rodilla\/amagansett-nueva-york\/"},"modified":"2023-11-07T08:55:19","modified_gmt":"2023-11-07T13:55:19","slug":"amagansett-nueva-york","status":"publish","type":"page","link":"https:\/\/www.newyorkhipknee.com\/es\/contacto\/patchogue-mejor-cirujano-de-reemplazo-de-cadera-y-rodilla\/amagansett-nueva-york\/","title":{"rendered":"Amagansett, Nueva York"},"content":{"rendered":"<p>&nbsp;<\/p>\n<h1>Centro Ortop\u00e9dico Dr. Nakul Karkare: Su centro local de atenci\u00f3n ortop\u00e9dica de Patchogue a Amagansett, NY<\/h1>\n<p>Bienvenido al Centro Ortop\u00e9dico Dr. Nakul Karkare, su fuente dedicada a la atenci\u00f3n ortop\u00e9dica excepcional, sirviendo convenientemente tanto Patchogue y la vibrante comunidad de Amagansett, Nueva York. Estamos orgullosos de ser su centro ortop\u00e9dico local de confianza, comprometido a mejorar el bienestar de los residentes y las personas en esta pr\u00f3spera regi\u00f3n.<\/p>\n<p>En el Centro Ortop\u00e9dico Dr. Nakul Karkare, nuestra misi\u00f3n es clara: proporcionar atenci\u00f3n ortop\u00e9dica integral, compasiva y de vanguardia. Reconocemos el papel fundamental que desempe\u00f1a la salud ortop\u00e9dica en su vida diaria.<\/p>\n<p>Nuestro equipo de expertos est\u00e1 a su disposici\u00f3n para guiarle hacia una movilidad mejorada y una vida libre de molestias, tanto si se encuentra en el proceso de recuperaci\u00f3n de una lesi\u00f3n como si est\u00e1 tratando enfermedades musculoesquel\u00e9ticas cr\u00f3nicas o buscando orientaci\u00f3n para alcanzar y mantener un bienestar ortop\u00e9dico \u00f3ptimo.<\/p>\n<p>Nuestra presencia conecta a la perfecci\u00f3n Patchogue a Amagansett, asegurando que usted tiene un c\u00f3modo acceso a nuestros servicios ortop\u00e9dicos excepcionales. A trav\u00e9s de nuestro blog informativo y recursos educativos, nuestro objetivo es brindarle informaci\u00f3n valiosa, los \u00faltimos avances en tratamientos ortop\u00e9dicos y consejos pr\u00e1cticos para ayudarlo a llevar un estilo de vida activo y sin dolor.<\/p>\n<p>&nbsp;<\/p>\n<h1>Nos complace ofrecer una amplia gama de servicios ortop\u00e9dicos adaptados para Amagansett:<\/h1>\n<h2><a role=\"link\" href=\"https:\/\/newyorkhipknee.com\/custom-knee-replacement-surgery\/\" target=\"_blank\" rel=\"noopener\"><strong>Reemplazo de rodilla personalizado:<\/strong><\/a><\/h2>\n<p><strong>\u00bfQui\u00e9n se beneficiar\u00eda de una pr\u00f3tesis de rodilla personalizada?<\/strong> La artroplastia de rodilla personalizada, tambi\u00e9n conocida como artroplastia de rodilla a medida, se suele recomendar a personas que sufren dolor intenso de rodilla, rigidez e inflamaci\u00f3n que dificultan considerablemente sus actividades cotidianas y su calidad de vida en general. Entre los factores subyacentes comunes de esta afecci\u00f3n se incluyen la artrosis, la artritis reumatoide, las lesiones traum\u00e1ticas u otros trastornos degenerativos de la articulaci\u00f3n de la rodilla.<\/p>\n<p><strong>El procedimiento quir\u00fargico:<\/strong> La pr\u00f3tesis de rodilla a medida es una intervenci\u00f3n quir\u00fargica avanzada en la que la articulaci\u00f3n de la rodilla da\u00f1ada se sustituye por un implante artificial dise\u00f1ado con precisi\u00f3n para adaptarse a la estructura anat\u00f3mica \u00fanica del paciente. El proceso comienza con la utilizaci\u00f3n de tecnolog\u00eda de imagen avanzada, que crea un modelo tridimensional detallado de la articulaci\u00f3n de la rodilla del paciente. A continuaci\u00f3n, este modelo se emplea para elaborar un implante personalizado que se adapte perfectamente a la rodilla del paciente.<\/p>\n<p>Durante el procedimiento quir\u00fargico, el cirujano ortop\u00e9dico retira meticulosamente la articulaci\u00f3n da\u00f1ada y la sustituye por el implante a medida. Todo el proceso se realiza bajo anestesia para garantizar que el paciente se sienta c\u00f3modo y sin dolor.<\/p>\n<p><strong>Ventajas:<\/strong> La pr\u00f3tesis de rodilla a medida ofrece numerosas ventajas a los pacientes, entre ellas:<\/p>\n<ol>\n<li><strong>Alivio del dolor:<\/strong> Uno de los principales beneficios es el alivio del dolor cr\u00f3nico de rodilla. El implante personalizado est\u00e1 dise\u00f1ado para minimizar las molestias, lo que permite a los pacientes recuperar la movilidad y volver a sus rutinas diarias.<\/li>\n<li><strong>Mayor movilidad:<\/strong> Las pr\u00f3tesis de rodilla a medida mejoran la amplitud de movimiento del paciente, permitiendo un movimiento m\u00e1s natural de la articulaci\u00f3n de la rodilla.<\/li>\n<li><strong>Mejora de la calidad de vida:<\/strong> Los pacientes experimentan con frecuencia una mejora sustancial de su calidad de vida en general, ya que pueden volver a realizar actividades a las que ten\u00edan que renunciar debido al dolor de rodilla.<\/li>\n<li><strong>Recuperaci\u00f3n m\u00e1s r\u00e1pida:<\/strong> Las pr\u00f3tesis de rodilla a medida suelen conllevar una recuperaci\u00f3n m\u00e1s r\u00e1pida que las cirug\u00edas de pr\u00f3tesis de rodilla tradicionales. La precisi\u00f3n del implante personalizado y las t\u00e9cnicas quir\u00fargicas m\u00ednimamente invasivas pueden reducir el dolor postoperatorio y acelerar el proceso de rehabilitaci\u00f3n.<\/li>\n<\/ol>\n<p>&nbsp;<\/p>\n<h2><a role=\"link\" href=\"https:\/\/newyorkhipknee.com\/hip-replacement-surgery\/\" target=\"_blank\" rel=\"noopener\"><strong>Pr\u00f3tesis de cadera:<\/strong><\/a><\/h2>\n<p><strong>Qui\u00e9n se beneficiar\u00eda de una artroplastia de cadera:<\/strong> La artroplastia de cadera se recomienda a las personas que padecen dolor intenso, rigidez e inflamaci\u00f3n de la cadera que dificultan considerablemente sus actividades cotidianas y su calidad de vida. Las causas m\u00e1s comunes de esta afecci\u00f3n son la artrosis, la artritis reumatoide, la necrosis avascular o las fracturas de cadera.<\/p>\n<p><strong>El procedimiento quir\u00fargico:<\/strong> La artroplastia de cadera es un procedimiento quir\u00fargico que consiste en la sustituci\u00f3n de una articulaci\u00f3n de cadera da\u00f1ada por un implante artificial meticulosamente dise\u00f1ado para reproducir la estructura y funci\u00f3n naturales de la articulaci\u00f3n de la cadera, lo que permite a los pacientes recuperar la movilidad y aliviar las molestias.<\/p>\n<p>Durante la intervenci\u00f3n, el cirujano ortop\u00e9dico retira h\u00e1bilmente la articulaci\u00f3n da\u00f1ada y la sustituye por el implante artificial. Al igual que la artroplastia de rodilla, esta intervenci\u00f3n se realiza bajo anestesia para garantizar la comodidad del paciente.<\/p>\n<p><strong>Ventajas:<\/strong> La artroplastia de cadera ofrece varias ventajas a los pacientes:<\/p>\n<ol>\n<li><strong>Alivio del dolor:<\/strong> El principal beneficio es el alivio del dolor intenso de cadera, lo que permite a los pacientes recuperar su movilidad y reanudar sus actividades cotidianas.<\/li>\n<li><strong>Mayor movilidad:<\/strong> Las pr\u00f3tesis de cadera mejoran la amplitud de movimiento de la articulaci\u00f3n de la cadera, proporcionando a los pacientes un movimiento y una flexibilidad m\u00e1s naturales.<\/li>\n<li><strong>Mejora de la calidad de vida:<\/strong> Los pacientes suelen experimentar una mejora significativa de su calidad de vida en general, ya que recuperan la capacidad de realizar actividades que antes les resultaban dif\u00edciles o imposibles debido al dolor de cadera.<\/li>\n<li><strong>Recuperaci\u00f3n acelerada:<\/strong> La cirug\u00eda de pr\u00f3tesis de cadera suele conllevar una recuperaci\u00f3n m\u00e1s r\u00e1pida, y los pacientes experimentan una reducci\u00f3n del dolor y una mejora de la amplitud de movimiento en comparaci\u00f3n con su estado antes de la intervenci\u00f3n.<\/li>\n<\/ol>\n<p>En ambos casos, el Dr. Nakul Karkare emplea t\u00e9cnicas quir\u00fargicas avanzadas y tecnolog\u00eda de vanguardia para garantizar la colocaci\u00f3n precisa de los componentes del implante a trav\u00e9s de incisiones m\u00e1s peque\u00f1as que no da\u00f1an los tejidos. Este enfoque ayuda a minimizar las molestias y a acelerar el proceso de recuperaci\u00f3n. La experiencia del Dr. Karkare en estos procedimientos, combinada con la naturaleza individualizada de los implantes a medida, contribuye a mejorar los resultados de los pacientes que buscan alivio para sus problemas articulares de rodilla y cadera.<\/p>\n<p>Si usted est\u00e1 experimentando dolor en las articulaciones, rigidez, hinchaz\u00f3n, o ha sufrido una lesi\u00f3n, por favor no dude en ponerse en contacto con el Centro Ortop\u00e9dico del Dr. Nakul Karkare. Su equipo de especialistas se dedica a ayudarle a recuperar la movilidad, aliviar el dolor y mejorar su calidad de vida en general. Su bienestar es su m\u00e1xima prioridad, y est\u00e1n aqu\u00ed para guiarle en su camino hacia una mejor salud ortop\u00e9dica.<\/p>\n<h1>Acerca de Amagansett<\/h1>\n<h2>Amagansett, NY: Una encantadora aldea en Long Island<\/h2>\n<p>Amagansett, una pintoresca aldea ubicada en el extremo oriental de Long Island, es un lugar donde la historia, la belleza natural, una econom\u00eda pr\u00f3spera y un c\u00e1lido esp\u00edritu comunitario se unen para crear un destino \u00fanico y acogedor.<\/p>\n<h2>Historia:<\/h2>\n<p>La historia de Amagansett se remonta a principios del siglo XVII, cuando estaba habitada por la tribu de nativos americanos Montaukett. A mediados de 1600, los colonos europeos se asentaron en la zona, dejando una huella indeleble en su cultura y arquitectura. El nombre \u00abAmagansett\u00bb tiene origen nativo americano y significa \u00ablugar de buenas aguas\u00bb. En la actualidad, Main Street es un testimonio del compromiso de Amagansett con la conservaci\u00f3n de su encanto hist\u00f3rico, lo que la convierte en uno de los pueblecitos mejor conservados de Estados Unidos.<\/p>\n<h2>Econom\u00eda:<\/h2>\n<p>La econom\u00eda de Amagansett est\u00e1 profundamente arraigada en la agricultura y la pesca. La zona cuenta con una pr\u00f3spera comunidad pesquera conocida por sus capturas frescas, mientras que las granjas locales abastecen a la comunidad con productos frescos. En los \u00faltimos a\u00f1os, el turismo se ha convertido en un importante contribuyente a la econom\u00eda local debido a la belleza paisaj\u00edstica de Amagansett y su proximidad al oc\u00e9ano Atl\u00e1ntico [^6^]. Las boutiques de lujo, las galer\u00edas de arte y los restaurantes tambi\u00e9n se han convertido en motores econ\u00f3micos, atrayendo a visitantes y residentes por igual.<\/p>\n<h2>Demograf\u00eda:<\/h2>\n<p>Amagansett es el hogar de una comunidad muy unida de aproximadamente 510 personas, de las cuales una mayor\u00eda significativa son ciudadanos estadounidenses [^1^]. La demograf\u00eda de la aldea refleja una mezcla diversa de residentes de todo el a\u00f1o y visitantes estacionales, atra\u00eddos por la belleza natural y la tranquilidad de la zona. Esto incluye familias, jubilados y personas que buscan escapar del ajetreo y el bullicio de la vida de la ciudad.<\/p>\n<h2>Turismo:<\/h2>\n<p>La belleza natural y el ambiente acogedor de Amagansett la convierten en un codiciado destino tur\u00edstico. Las impresionantes playas de la aldea, como Atlantic Avenue Beach e Indian Wells Beach, ofrecen oportunidades para nadar, hacer surf y tomar el sol. Los entusiastas de la naturaleza pueden explorar las Dunas Andantes y el Parque Estatal de Napeague, experimentando la ecolog\u00eda \u00fanica de la zona. Main Street es un centro para los compradores, con boutiques, galer\u00edas de arte y acogedores caf\u00e9s. El mercado de agricultores de Amagansett es un lugar local muy querido, que ofrece productos frescos y productos artesanales.<\/p>\n<p>Durante los meses de verano, Amagansett acoge varios eventos y festivales, celebrando su cultura e historia. El Festival de Bellas Artes de Amagansett muestra el talento local, mientras que el Festival anual de mariscos es un punto culminante para los amantes de la comida.<\/p>\n<p>&nbsp;<\/p>\n<h2>Amagansett: Un para\u00edso costero<\/h2>\n<p>Amagansett, enclavado en el extremo oriental de Long Island, no es s\u00f3lo un lugar; es una experiencia. Con una historia tan profunda como sus oc\u00e9anos y un encanto que cautiva a los visitantes, Amagansett ofrece una mezcla \u00fanica de cultura, naturaleza y relajaci\u00f3n.<\/p>\n<h2>Playas y Belleza Natural:<\/h2>\n<p>Una de las se\u00f1as de identidad de Amagansett es su pr\u00edstina costa. Atlantic Avenue Beach e Indian Wells Beach son joyas donde puedes nadar en el Oc\u00e9ano Atl\u00e1ntico, surfear las olas o simplemente relajarte en las orillas de arena. Los amantes de la naturaleza pueden explorar las encantadoras dunas para caminar, una maravilla natural \u00fanica, y el cercano Parque Estatal de Napeague. Estos lugares ofrecen una visi\u00f3n de la belleza intacta que define a Amagansett.<\/p>\n<h2>Calle Principal:<\/h2>\n<p>La calle principal de Amagansett es una deliciosa sorpresa para los visitantes. Bordeado de encantadoras boutiques, galer\u00edas de arte que muestran el talento local y acogedores caf\u00e9s que ofrecen lo mejor de la cocina local, un paseo por Main Street es una visita obligada. El Amagansett Farmers Market, rebosante de productos frescos y artesanales, es uno de los favoritos de los lugare\u00f1os y ofrece una muestra del patrimonio agr\u00edcola de la regi\u00f3n.<\/p>\n<h2>Festivales Culturales:<\/h2>\n<p>El verano en Amagansett es una temporada de celebraci\u00f3n. El Festival de Bellas Artes de Amagansett es un escaparate del arte local, que une a la comunidad a trav\u00e9s de la creatividad. El Festival Anual de Mariscos, una delicia gastron\u00f3mica, le permite saborear las mejores ofertas de mariscos mientras disfruta de m\u00fasica en vivo y entretenimiento.<\/p>\n<h2>Una comunidad c\u00e1lida:<\/h2>\n<p>La comunidad de Amagansett es conocida por su calidez y amabilidad. Tanto si reside todo el a\u00f1o como si es un visitante estacional, encontrar\u00e1 un esp\u00edritu acogedor que le invita a formar parte del tejido de la aldea.<\/p>\n<p>En conclusi\u00f3n, Amagansett, Nueva York, es un para\u00edso costero que atrae con su belleza natural, tesoros culturales y una comunidad que acoge a todos los que la visitan. Tanto si busca relax, aventura o simplemente un descanso de lo ordinario, Amagansett se lo ofrece todo en un entorno tan inolvidable como acogedor.<\/p>\n<p>&nbsp;<\/p>\n<h2>Indicaciones<\/h2>\n<p>Para ir desde Amagansett, NY a Complete Orthopedics en 105 Medford Ave Route 112, Suite A, Patchogue, NY 11772, puedes seguir estas indicaciones:<\/p>\n<p>1. Dir\u00edjase hacia el suroeste por Montauk Hwy hacia Atlantic Ave.<br \/>\n2. Gire a la izquierda en Atlantic Ave.<br \/>\n3. Contin\u00fae por Abrahams Landing Rd.<br \/>\n4. Gire a la izquierda en Napeague Meadow Rd.<br \/>\n5. Gire a la derecha en NY-27 W (Montauk Hwy).<br \/>\n6. Contin\u00fae por NY-27 W durante aproximadamente 23 millas.<br \/>\n7. Tome la salida 56 hacia Patchogue.<br \/>\n8. Incorp\u00f3rese a NY-112 N (Medford Ave).<br \/>\n9. Contin\u00fae por NY-112 N durante aproximadamente 0.7 millas.<br \/>\n10. Complete Orthopedics estar\u00e1 a su izquierda en 105 Medford Ave, Suite A, Patchogue, NY 11772.<\/p>\n<p>&nbsp;<\/p>\n<p>&nbsp;<\/p>\n<h2>Farmacias, centros de radiolog\u00eda, hospitales y atenci\u00f3n de urgencia cerca de Amagansett, NY<\/h2>\n<p><strong>Farmacias:<\/strong><br \/>\n<strong>1. Farmacia CVS<\/strong><br \/>\n&#8211; Direcci\u00f3n: 38 Pantigo Rd, East Hampton, NY 11937<\/p>\n<p><strong>2. Tienda de la esquina de Montauk<\/strong><br \/>\n&#8211; Direcci\u00f3n: 533 Montauk Hwy, Amagansett, NY 11930<\/p>\n<p><strong>3. Farmacias de Park Place<\/strong><br \/>\n&#8211; Direcci\u00f3n:200 Pantigo Pl, East Hampton, NY 11937<\/p>\n<p>&nbsp;<\/p>\n<p><strong>Hospitales:<\/strong><br \/>\n<strong>1. Centro de salud de East Hampton<\/strong><br \/>\n&#8211; Direcci\u00f3n: 200 Pantigo Pl, East Hampton, NY 11937<\/p>\n<p><strong>Atenci\u00f3n de urgencia:<\/strong><br \/>\n<strong>1. Atenci\u00f3n de urgencia de Northwell Health-GoHealth<\/strong><br \/>\n&#8211; Direcci\u00f3n: 2044 Montauk Hwy, Bridgehampton, NY 11932<\/p>\n<p>Nos enorgullecemos de brindar atenci\u00f3n ortop\u00e9dica integral a pacientes de varios hospitales y centros de atenci\u00f3n de urgencia en nuestra comunidad, incluidos los mencionados anteriormente.<\/p>\n<p>Ya sea que tenga una referencia para tratamiento ortop\u00e9dico o simplemente desee consultar con nosotros para cualquier inquietud ortop\u00e9dica, no dude en comunicarse con nuestro equipo dedicado las 24 horas del d\u00eda, los 7 d\u00edas de la semana. Estamos aqu\u00ed para ayudarlo de manera r\u00e1pida y compasiva.<\/p>\n<p>Muchas personas visitan centros de atenci\u00f3n de urgencia y hospitales por compensaci\u00f3n laboral y lesiones relacionadas con el seguro sin culpa. Si su lesi\u00f3n no requiere una visita al hospital, nos complace brindarle un tratamiento ortop\u00e9dico profesional adaptado a tales casos. No dude en ponerse en contacto con nosotros al <a href=\"tel:631-981-2663\" target=\"_blank\" rel=\"noopener\">631-981-2663<\/a> para programar una cita con nosotros hoy mismo. Tu bienestar es nuestra prioridad.<\/p>\n","protected":false},"excerpt":{"rendered":"<p>&nbsp; Centro Ortop\u00e9dico Dr. Nakul Karkare: Su centro local de atenci\u00f3n ortop\u00e9dica de Patchogue a Amagansett, NY Bienvenido al Centro Ortop\u00e9dico Dr. Nakul Karkare, su fuente dedicada a la atenci\u00f3n ortop\u00e9dica excepcional, sirviendo convenientemente tanto Patchogue y la vibrante comunidad de Amagansett, Nueva York. Estamos orgullosos de ser su centro ortop\u00e9dico local de confianza, comprometido [&hellip;]<\/p>\n","protected":false},"author":33,"featured_media":0,"parent":16544,"menu_order":0,"comment_status":"closed","ping_status":"closed","template":"","meta":{"_et_pb_use_builder":"","_et_pb_old_content":"","_et_gb_content_width":"","footnotes":""},"class_list":["post-21011","page","type-page","status-publish","hentry"],"yoast_head":"<!-- This site is optimized with the Yoast SEO plugin v27.2 - https:\/\/yoast.com\/product\/yoast-seo-wordpress\/ -->\n<title>Amagansett, Nueva York | Best Hip &amp; Knee Surgeon | NY, USA<\/title>\n<meta name=\"description\" content=\"&nbsp; Centro Ortop\u00e9dico Dr. Nakul Karkare: Su centro local de atenci\u00f3n ortop\u00e9dica de Patchogue a Amagansett, NY Bienvenido al Centro Ortop\u00e9dico Dr. Nakul\" \/>\n<meta name=\"robots\" content=\"index, follow, max-snippet:-1, max-image-preview:large, max-video-preview:-1\" \/>\n<link rel=\"canonical\" href=\"https:\/\/www.newyorkhipknee.com\/es\/contacto\/patchogue-mejor-cirujano-de-reemplazo-de-cadera-y-rodilla\/amagansett-nueva-york\/\" \/>\n<meta property=\"og:locale\" content=\"es_ES\" \/>\n<meta property=\"og:type\" content=\"article\" \/>\n<meta property=\"og:title\" content=\"Amagansett, Nueva York | Best Hip &amp; Knee Surgeon | NY, USA\" \/>\n<meta property=\"og:description\" content=\"&nbsp; Centro Ortop\u00e9dico Dr. Nakul Karkare: Su centro local de atenci\u00f3n ortop\u00e9dica de Patchogue a Amagansett, NY Bienvenido al Centro Ortop\u00e9dico Dr. Nakul\" \/>\n<meta property=\"og:url\" content=\"https:\/\/www.newyorkhipknee.com\/es\/contacto\/patchogue-mejor-cirujano-de-reemplazo-de-cadera-y-rodilla\/amagansett-nueva-york\/\" \/>\n<meta property=\"og:site_name\" content=\"Best Hip &amp; Knee Surgeon | NY, USA\" \/>\n<meta name=\"twitter:card\" content=\"summary_large_image\" \/>\n<meta name=\"twitter:label1\" content=\"Tiempo de lectura\" \/>\n\t<meta name=\"twitter:data1\" content=\"12 minutos\" \/>\n<script type=\"application\/ld+json\" class=\"yoast-schema-graph\">{\"@context\":\"https:\/\/schema.org\",\"@graph\":[{\"@type\":[\"WebPage\",\"MedicalWebPage\"],\"@id\":\"https:\/\/www.newyorkhipknee.com\/es\/contacto\/patchogue-mejor-cirujano-de-reemplazo-de-cadera-y-rodilla\/amagansett-nueva-york\/\",\"url\":\"https:\/\/www.newyorkhipknee.com\/es\/contacto\/patchogue-mejor-cirujano-de-reemplazo-de-cadera-y-rodilla\/amagansett-nueva-york\/\",\"name\":\"Amagansett, Nueva York | Best Hip &amp; Knee Surgeon | NY, USA\",\"isPartOf\":{\"@id\":\"https:\/\/www.newyorkhipknee.com\/es\/#website\"},\"datePublished\":\"2023-11-07T13:55:19+00:00\",\"description\":\"&nbsp; Centro Ortop\u00e9dico Dr. Nakul Karkare: Su centro local de atenci\u00f3n ortop\u00e9dica de Patchogue a Amagansett, NY Bienvenido al Centro Ortop\u00e9dico Dr. Nakul\",\"breadcrumb\":{\"@id\":\"https:\/\/www.newyorkhipknee.com\/es\/contacto\/patchogue-mejor-cirujano-de-reemplazo-de-cadera-y-rodilla\/amagansett-nueva-york\/#breadcrumb\"},\"inLanguage\":\"es\",\"potentialAction\":[{\"@type\":\"ReadAction\",\"target\":[\"https:\/\/www.newyorkhipknee.com\/es\/contacto\/patchogue-mejor-cirujano-de-reemplazo-de-cadera-y-rodilla\/amagansett-nueva-york\/\"]}]},{\"@type\":\"BreadcrumbList\",\"@id\":\"https:\/\/www.newyorkhipknee.com\/es\/contacto\/patchogue-mejor-cirujano-de-reemplazo-de-cadera-y-rodilla\/amagansett-nueva-york\/#breadcrumb\",\"itemListElement\":[{\"@type\":\"ListItem\",\"position\":1,\"name\":\"Home\",\"item\":\"https:\/\/www.newyorkhipknee.com\/es\/\"},{\"@type\":\"ListItem\",\"position\":2,\"name\":\"Contacto\",\"item\":\"https:\/\/www.newyorkhipknee.com\/es\/contacto\/\"},{\"@type\":\"ListItem\",\"position\":3,\"name\":\"Patchogue &#8211; Mejor Cirujano de Reemplazo de Cadera y Rodilla\",\"item\":\"https:\/\/www.newyorkhipknee.com\/es\/contacto\/patchogue-mejor-cirujano-de-reemplazo-de-cadera-y-rodilla\/\"},{\"@type\":\"ListItem\",\"position\":4,\"name\":\"Amagansett, Nueva York\"}]},{\"@type\":\"WebSite\",\"@id\":\"https:\/\/www.newyorkhipknee.com\/es\/#website\",\"url\":\"https:\/\/www.newyorkhipknee.com\/es\/\",\"name\":\"Best Hip & Knee Surgeon | NY, USA\",\"description\":\"\",\"potentialAction\":[{\"@type\":\"SearchAction\",\"target\":{\"@type\":\"EntryPoint\",\"urlTemplate\":\"https:\/\/www.newyorkhipknee.com\/es\/?s={search_term_string}\"},\"query-input\":{\"@type\":\"PropertyValueSpecification\",\"valueRequired\":true,\"valueName\":\"search_term_string\"}}],\"inLanguage\":\"es\"}]}<\/script>\n<!-- \/ Yoast SEO plugin. -->","yoast_head_json":{"title":"Amagansett, Nueva York | Best Hip &amp; Knee Surgeon | NY, USA","description":"&nbsp; Centro Ortop\u00e9dico Dr. Nakul Karkare: Su centro local de atenci\u00f3n ortop\u00e9dica de Patchogue a Amagansett, NY Bienvenido al Centro Ortop\u00e9dico Dr. Nakul","robots":{"index":"index","follow":"follow","max-snippet":"max-snippet:-1","max-image-preview":"max-image-preview:large","max-video-preview":"max-video-preview:-1"},"canonical":"https:\/\/www.newyorkhipknee.com\/es\/contacto\/patchogue-mejor-cirujano-de-reemplazo-de-cadera-y-rodilla\/amagansett-nueva-york\/","og_locale":"es_ES","og_type":"article","og_title":"Amagansett, Nueva York | Best Hip &amp; Knee Surgeon | NY, USA","og_description":"&nbsp; Centro Ortop\u00e9dico Dr. Nakul Karkare: Su centro local de atenci\u00f3n ortop\u00e9dica de Patchogue a Amagansett, NY Bienvenido al Centro Ortop\u00e9dico Dr. Nakul","og_url":"https:\/\/www.newyorkhipknee.com\/es\/contacto\/patchogue-mejor-cirujano-de-reemplazo-de-cadera-y-rodilla\/amagansett-nueva-york\/","og_site_name":"Best Hip &amp; Knee Surgeon | NY, USA","twitter_card":"summary_large_image","twitter_misc":{"Tiempo de lectura":"12 minutos"},"schema":{"@context":"https:\/\/schema.org","@graph":[{"@type":["WebPage","MedicalWebPage"],"@id":"https:\/\/www.newyorkhipknee.com\/es\/contacto\/patchogue-mejor-cirujano-de-reemplazo-de-cadera-y-rodilla\/amagansett-nueva-york\/","url":"https:\/\/www.newyorkhipknee.com\/es\/contacto\/patchogue-mejor-cirujano-de-reemplazo-de-cadera-y-rodilla\/amagansett-nueva-york\/","name":"Amagansett, Nueva York | Best Hip &amp; Knee Surgeon | NY, USA","isPartOf":{"@id":"https:\/\/www.newyorkhipknee.com\/es\/#website"},"datePublished":"2023-11-07T13:55:19+00:00","description":"&nbsp; Centro Ortop\u00e9dico Dr. Nakul Karkare: Su centro local de atenci\u00f3n ortop\u00e9dica de Patchogue a Amagansett, NY Bienvenido al Centro Ortop\u00e9dico Dr. Nakul","breadcrumb":{"@id":"https:\/\/www.newyorkhipknee.com\/es\/contacto\/patchogue-mejor-cirujano-de-reemplazo-de-cadera-y-rodilla\/amagansett-nueva-york\/#breadcrumb"},"inLanguage":"es","potentialAction":[{"@type":"ReadAction","target":["https:\/\/www.newyorkhipknee.com\/es\/contacto\/patchogue-mejor-cirujano-de-reemplazo-de-cadera-y-rodilla\/amagansett-nueva-york\/"]}]},{"@type":"BreadcrumbList","@id":"https:\/\/www.newyorkhipknee.com\/es\/contacto\/patchogue-mejor-cirujano-de-reemplazo-de-cadera-y-rodilla\/amagansett-nueva-york\/#breadcrumb","itemListElement":[{"@type":"ListItem","position":1,"name":"Home","item":"https:\/\/www.newyorkhipknee.com\/es\/"},{"@type":"ListItem","position":2,"name":"Contacto","item":"https:\/\/www.newyorkhipknee.com\/es\/contacto\/"},{"@type":"ListItem","position":3,"name":"Patchogue &#8211; Mejor Cirujano de Reemplazo de Cadera y Rodilla","item":"https:\/\/www.newyorkhipknee.com\/es\/contacto\/patchogue-mejor-cirujano-de-reemplazo-de-cadera-y-rodilla\/"},{"@type":"ListItem","position":4,"name":"Amagansett, Nueva York"}]},{"@type":"WebSite","@id":"https:\/\/www.newyorkhipknee.com\/es\/#website","url":"https:\/\/www.newyorkhipknee.com\/es\/","name":"Best Hip & Knee Surgeon | NY, USA","description":"","potentialAction":[{"@type":"SearchAction","target":{"@type":"EntryPoint","urlTemplate":"https:\/\/www.newyorkhipknee.com\/es\/?s={search_term_string}"},"query-input":{"@type":"PropertyValueSpecification","valueRequired":true,"valueName":"search_term_string"}}],"inLanguage":"es"}]}},"_links":{"self":[{"href":"https:\/\/www.newyorkhipknee.com\/es\/wp-json\/wp\/v2\/pages\/21011","targetHints":{"allow":["GET"]}}],"collection":[{"href":"https:\/\/www.newyorkhipknee.com\/es\/wp-json\/wp\/v2\/pages"}],"about":[{"href":"https:\/\/www.newyorkhipknee.com\/es\/wp-json\/wp\/v2\/types\/page"}],"author":[{"embeddable":true,"href":"https:\/\/www.newyorkhipknee.com\/es\/wp-json\/wp\/v2\/users\/33"}],"replies":[{"embeddable":true,"href":"https:\/\/www.newyorkhipknee.com\/es\/wp-json\/wp\/v2\/comments?post=21011"}],"version-history":[{"count":0,"href":"https:\/\/www.newyorkhipknee.com\/es\/wp-json\/wp\/v2\/pages\/21011\/revisions"}],"up":[{"embeddable":true,"href":"https:\/\/www.newyorkhipknee.com\/es\/wp-json\/wp\/v2\/pages\/16544"}],"wp:attachment":[{"href":"https:\/\/www.newyorkhipknee.com\/es\/wp-json\/wp\/v2\/media?parent=21011"}],"curies":[{"name":"wp","href":"https:\/\/api.w.org\/{rel}","templated":true}]}}