{"id":21016,"date":"2023-11-07T09:00:21","date_gmt":"2023-11-07T14:00:21","guid":{"rendered":"https:\/\/newyorkhipknee.com\/contacto\/patchogue-mejor-cirujano-de-reemplazo-de-cadera-y-rodilla\/blue-point-nueva-york\/"},"modified":"2023-11-07T09:00:21","modified_gmt":"2023-11-07T14:00:21","slug":"blue-point-nueva-york","status":"publish","type":"page","link":"https:\/\/www.newyorkhipknee.com\/es\/contacto\/patchogue-mejor-cirujano-de-reemplazo-de-cadera-y-rodilla\/blue-point-nueva-york\/","title":{"rendered":"Blue Point, Nueva York"},"content":{"rendered":"<h1><strong>Dr.Nakul Karare su destino principal para el cuidado ortop\u00e9dico en Blue Point, NY<\/strong><\/h1>\n<p>Bienvenido a Dr.Nakul Karkare Excelencia Ortop\u00e9dica, donde nos dedicamos a la prestaci\u00f3n de servicios ortop\u00e9dicos integrales a la Blue Point, NY comunidad. Mientras que nuestra instalaci\u00f3n principal se encuentra en <a href=\"https:\/\/newyorkhipknee.com\/contact\/patchogue-orthopedic-surgeon\/\" target=\"_blank\" rel=\"noopener\">Patchogue,<\/a> Nueva York, nuestro compromiso inquebrantable es proporcionar atenci\u00f3n ortop\u00e9dica de primer nivel que mejora la movilidad, alivia el dolor, y mejora su calidad de vida en general en Blue Point.<\/p>\n<h2><strong>Dr.Nakul Karkare es la elecci\u00f3n de confianza para su cuidado ortop\u00e9dico, y aqu\u00ed es por qu\u00e9 somos su opci\u00f3n ideal:<\/strong><\/h2>\n<p><strong>Especialistas ortop\u00e9dicos con experiencia:<\/strong> Nuestro equipo est\u00e1 formado por especialistas ortop\u00e9dicos altamente cualificados que se dedican de todo coraz\u00f3n a ofrecer la m\u00e1s alta calidad de atenci\u00f3n. Nuestra vasta experiencia y amplios conocimientos nos permiten diagnosticar y tratar eficazmente una amplia gama de afecciones ortop\u00e9dicas.<\/p>\n<p><strong>Tratamiento personalizado:<\/strong> Entendemos que cada paciente es \u00fanico, por lo que elaboramos planes de tratamiento personalizados que se adaptan a sus necesidades y objetivos espec\u00edficos. De este modo, recibir\u00e1 una asistencia adaptada a sus necesidades individuales.<\/p>\n<p><strong>Accesibilidad conveniente:<\/strong> Aunque nuestra sede principal se encuentra en Patchogue, estamos encantados de ampliar nuestros excepcionales servicios a Blue Point. Creemos firmemente que el acceso a la atenci\u00f3n ortop\u00e9dica excepcional debe ser f\u00e1cil, y nuestra dedicaci\u00f3n a servir a su comunidad asegura que usted puede acceder a servicios ortop\u00e9dicos de primer nivel sin necesidad de grandes desplazamientos.<\/p>\n<p>Su bienestar ortop\u00e9dico es nuestra m\u00e1xima prioridad. Tanto si sufre molestias articulares, lesiones deportivas, fracturas o cualquier otro problema ortop\u00e9dico, estamos aqu\u00ed para ayudarle a recuperar un estilo de vida activo y sin dolor.<\/p>\n<p><strong>Acerca del Dr. Nakul Karkare:<\/strong> Dr. Nakul Karkare es un cirujano ortop\u00e9dico certificado por la junta con una riqueza de experiencia y conocimientos en la prestaci\u00f3n de atenci\u00f3n ortop\u00e9dica excepcional. Con numerosas certificaciones y el compromiso de emplear t\u00e9cnicas quir\u00fargicas avanzadas, el Dr. Karkare se dedica a garantizar que los pacientes reciban la m\u00e1s alta calidad de atenci\u00f3n, adaptada con precisi\u00f3n a sus necesidades \u00fanicas.<\/p>\n<p>Su enfoque centrado en el paciente y sus soluciones innovadoras est\u00e1n a la vanguardia de la excelencia ortop\u00e9dica, lo que le ha convertido en un nombre de confianza en este campo. Cuando usted elige Orthopedic Excellence, no s\u00f3lo est\u00e1 eligiendo la atenci\u00f3n ortop\u00e9dica de primer nivel, sino tambi\u00e9n la orientaci\u00f3n experta del Dr. Karkare y el tratamiento personalizado para ayudarle a alcanzar una salud ortop\u00e9dica \u00f3ptima y el bienestar general.<\/p>\n<p>&nbsp;<\/p>\n<h2>Nuestros servicios ortop\u00e9dicos completos incluyen:<\/h2>\n<h2><a role=\"link\" href=\"https:\/\/newyorkhipknee.com\/custom-knee-replacement-surgery\/\" target=\"_blank\" rel=\"noopener\"><strong>Sustituci\u00f3n de rodilla a medida:<\/strong><\/a><\/h2>\n<ul>\n<li>La pr\u00f3tesis de rodilla personalizada es un procedimiento quir\u00fargico que ofrece a los pacientes una soluci\u00f3n individualizada para sus problemas articulares de rodilla. Consiste en sustituir una articulaci\u00f3n de rodilla da\u00f1ada por un implante artificial cuidadosamente adaptado a la anatom\u00eda \u00fanica del paciente.<\/li>\n<li>El implante se elabora meticulosamente utilizando tecnolog\u00eda de imagen avanzada para generar un modelo 3D de la articulaci\u00f3n de la rodilla del paciente. Este modelo sirve de modelo para crear un implante personalizado que se adapte con precisi\u00f3n a la rodilla del paciente.<\/li>\n<li>Este procedimiento se recomienda a los pacientes que padecen dolor intenso de rodilla, rigidez e inflamaci\u00f3n que afectan significativamente a sus actividades cotidianas y a su calidad de vida en general.<\/li>\n<li>La artroplastia de rodilla a medida puede aliviar el dolor, mejorar la movilidad y, en \u00faltima instancia, elevar la calidad de vida general del paciente.<\/li>\n<li>El Dr. Karkare est\u00e1 altamente cualificado en la realizaci\u00f3n de procedimientos quir\u00fargicos m\u00ednimamente invasivos para el reemplazo de articulaciones, utilizando t\u00e9cnicas innovadoras y tecnolog\u00eda de \u00faltima generaci\u00f3n para garantizar la colocaci\u00f3n precisa de los componentes del implante a trav\u00e9s de incisiones m\u00e1s peque\u00f1as que preservan los tejidos.<\/li>\n<li>Los pacientes que se someten a una artroplastia de rodilla personalizada pueden anticipar que experimentar\u00e1n menos molestias, una recuperaci\u00f3n m\u00e1s r\u00e1pida y una mayor amplitud de movimiento en comparaci\u00f3n con la artroplastia de rodilla convencional.<\/li>\n<\/ul>\n<p>&nbsp;<\/p>\n<h2><a role=\"link\" href=\"https:\/\/newyorkhipknee.com\/hip-replacement-surgery\/\" target=\"_blank\" rel=\"noopener\"><strong>Pr\u00f3tesis de cadera:<\/strong><\/a><\/h2>\n<ul>\n<li>La artroplastia de cadera es un procedimiento quir\u00fargico dise\u00f1ado para proporcionar a los pacientes una movilidad renovada y aliviar el dolor de la articulaci\u00f3n de la cadera. Consiste en sustituir una articulaci\u00f3n de cadera da\u00f1ada por un implante artificial meticulosamente dise\u00f1ado para imitar la estructura y funci\u00f3n naturales de la articulaci\u00f3n de la cadera.<\/li>\n<li>Este procedimiento se recomienda a los pacientes que padecen dolor intenso de cadera, rigidez e inflamaci\u00f3n que dificultan considerablemente sus actividades cotidianas y su calidad de vida en general.<\/li>\n<li>El Dr. Karkare est\u00e1 altamente cualificado tanto en las t\u00e9cnicas quir\u00fargicas tradicionales \u00ababiertas\u00bb como en los abordajes m\u00ednimamente invasivos para la cirug\u00eda de pr\u00f3tesis de cadera.<\/li>\n<li>Los pacientes que se someten a una artroplastia de cadera pueden experimentar menos dolor, una recuperaci\u00f3n m\u00e1s r\u00e1pida y una mayor amplitud de movimiento que antes de la intervenci\u00f3n.<\/li>\n<li>El Dr. Karkare emplea enfoques innovadores y tecnolog\u00eda de vanguardia para garantizar la colocaci\u00f3n precisa de los componentes de los implantes a trav\u00e9s de incisiones m\u00e1s peque\u00f1as que preservan los tejidos.<\/li>\n<li>Los pacientes que se someten a una artroplastia de cadera pueden esperar disfrutar de una experiencia m\u00e1s c\u00f3moda, una recuperaci\u00f3n m\u00e1s r\u00e1pida y una mayor amplitud de movimiento en comparaci\u00f3n con su estado antes de la intervenci\u00f3n.<\/li>\n<\/ul>\n<p>&nbsp;<\/p>\n<h2><strong>Ventajas de la pr\u00f3tesis personalizada de rodilla y cadera:<\/strong><\/h2>\n<ul>\n<li>Alivio del dolor y las molestias derivadas de lesiones articulares<\/li>\n<li>Mayor movilidad y amplitud de movimiento<\/li>\n<li>Una mejor calidad de vida en general<\/li>\n<li>R\u00e1pida recuperaci\u00f3n en comparaci\u00f3n con la cirug\u00eda tradicional<\/li>\n<li>T\u00e9cnicas quir\u00fargicas m\u00ednimamente invasivas que producen menos molestias y una recuperaci\u00f3n m\u00e1s r\u00e1pida<\/li>\n<li>Colocaci\u00f3n precisa de los componentes del implante a trav\u00e9s de incisiones m\u00e1s peque\u00f1as que preservan los tejidos.<\/li>\n<li>Implantes personalizados adaptados a la anatom\u00eda \u00fanica del paciente, lo que se traduce en resultados superiores.<\/li>\n<\/ul>\n<p>&nbsp;<\/p>\n<p>&nbsp;<\/p>\n<h1>Acerca de Blue Point,NY<\/h1>\n<h2>Historia<\/h2>\n<p>El rico legado mar\u00edtimo de Blue Point: La historia de Blue Point est\u00e1 profundamente entrelazada con su legado mar\u00edtimo. En el siglo XVIII, la construcci\u00f3n naval prosper\u00f3 a lo largo de las costas de la Gran Bah\u00eda del Sur. Estos astilleros desempe\u00f1aron un papel crucial en el suministro de buques para el comercio y la exploraci\u00f3n. El legado de la construcci\u00f3n naval todav\u00eda es visible en los astilleros bien conservados.<\/p>\n<p>Capital de la ostra: Blue Point obtuvo el reconocimiento mundial como \u00abCapital Mundial de la Ostra\u00bb. Las aguas ricas en nutrientes de la bah\u00eda produjeron las famosas ostras Blue Point, c\u00e9lebres por su sabor y calidad. Aunque la industria ostr\u00edcola no es tan dominante hoy en d\u00eda, su influencia sigue presente en la cocina y la cultura locales.<\/p>\n<p>&nbsp;<\/p>\n<h2>Econom\u00eda<\/h2>\n<p>Econom\u00eda diversificada: La econom\u00eda de Blue Point es una mezcla de su herencia mar\u00edtima y las empresas modernas. La pesca sigue siendo importante, ya que los pescadores locales suministran mariscos frescos a los mercados y restaurantes. Adem\u00e1s, la aldea alberga varios negocios, como tiendas minoristas, boutiques y restaurantes. El turismo tambi\u00e9n contribuye significativamente a la econom\u00eda local, atrayendo a los visitantes para disfrutar de su encanto costero.<\/p>\n<p>&nbsp;<\/p>\n<h2>Demograf\u00eda<\/h2>\n<p>Poblaci\u00f3n y Comunidad: Blue Point tiene una poblaci\u00f3n de aproximadamente [population figure]. Es conocida por su fuerte sentido de comunidad. Los residentes lo describen a menudo como un lugar donde los vecinos se conocen entre s\u00ed, y hay un ambiente acogedor que da una c\u00e1lida bienvenida a los reci\u00e9n llegados.<\/p>\n<p>Vivienda: La vivienda en Blue Point va desde casas hist\u00f3ricas con vistas al mar hasta residencias m\u00e1s modernas. Muchas familias se sienten atra\u00eddas por el ambiente tranquilo de Blue Point y sus excelentes escuelas.<\/p>\n<p>Educaci\u00f3n: Blue Point cuenta con escuelas de renombre, lo que lo convierte en una opci\u00f3n atractiva para las familias. Las instituciones educativas de la zona enfatizan la excelencia acad\u00e9mica y la participaci\u00f3n comunitaria.<\/p>\n<p>&nbsp;<\/p>\n<h2>Turismo<\/h2>\n<p>Belleza natural y ocio: El turismo de Blue Point gira en torno a su belleza natural y sus oportunidades recreativas. Corey Beach es uno de los lugares favoritos tanto de los lugare\u00f1os como de los visitantes. Sus arenas finas y aguas tranquilas lo convierten en un lugar ideal para tomar el sol, hacer picnic y nadar.<\/p>\n<p>Gastronom\u00eda y delicias culinarias: El panorama gastron\u00f3mico de la aldea es un tesoro de delicias culinarias, especialmente de marisco. Los visitantes pueden saborear las capturas frescas de las aguas locales, incluidas las ostras Blue Point. Los pintorescos restaurantes frente al mar ofrecen una experiencia gastron\u00f3mica relajada con vistas panor\u00e1micas.<\/p>\n<p>Preservando la historia: Blue Point se enorgullece de preservar su historia. La Casa del Ostrero, un monumento hist\u00f3rico, es testimonio de su herencia mar\u00edtima. Los visitantes pueden explorar esta casa bien conservada y aprender sobre la vida de los primeros colonos.<\/p>\n<p>Eventos y festivales: A lo largo del a\u00f1o, Blue Point alberga diversos eventos y festivales. Destaca el Festival Anual de la Ostra de Blue Point, que celebra el legado ostr\u00edcola de la aldea con m\u00fasica en directo, puestos de comida y actividades para toda la familia.<\/p>\n<p>Para\u00edso para los amantes de la naturaleza: Los entusiastas de la naturaleza pueden explorar los senderos y parques naturales cercanos. La tranquilidad del entorno natural de la aldea es perfecta para practicar senderismo, observar aves y disfrutar del aire libre.<\/p>\n<p>Blue Point, NY, ofrece una mezcla armoniosa de historia, diversidad econ\u00f3mica, una comunidad muy unida y oportunidades tur\u00edsticas. Ya sea residente o visitante, Blue Point le parecer\u00e1 un lugar de serenidad, patrimonio y encanto costero.<\/p>\n<p>&nbsp;<\/p>\n<h2>Indicaciones<\/h2>\n<p>Aqu\u00ed est\u00e1n las instrucciones desde Blue Point, NY para completar la ortopedia en 105 Medford Ave Route 112, Suite A, Patchogue, NY 11772:<\/p>\n<p>1. Dir\u00edjase hacia el sureste por Blue Point Ave hacia Middle Rd.<br \/>\n2. Gire a la izquierda en Middle Rd.<br \/>\n3. Contin\u00fae por Montauk Hwy.<br \/>\n4. Incorp\u00f3rese a NY-27 W a trav\u00e9s de la rampa hacia Patchogue.<br \/>\n5. Tome la salida 52A para la Ruta 112 S hacia Patchogue.<br \/>\n6. Incorp\u00f3rese a Medford Ave\/Route 112.<br \/>\n7. Contin\u00fae por Medford Ave\/Route 112, y encontrar\u00e1 Complete Orthopedics a su derecha en 105 Medford Ave, Suite A.<\/p>\n<p>&nbsp;<\/p>\n<h2>Farmacias cerca de Blue Point<\/h2>\n<p>\u00a1Ciertamente! Aqu\u00ed hay tres farmacias en Blue Point, NY:<\/p>\n<p>1. Farmacia CVS<br \/>\nDirecci\u00f3n: 105 Montauk Hwy, Blue Point, NY 11715<\/p>\n<p>2. Farmacia Walgreens<br \/>\nDirecci\u00f3n: 286 W Main St, Patchogue, NY 11772<\/p>\n<p>&nbsp;<\/p>\n<h2>Centro de radiolog\u00eda cerca de Blue Point, NY<\/h2>\n<p><strong>1. Radiolog\u00eda Zwanger Pesiri &#8211; Sayville<\/strong><br \/>\n&#8211; Direcci\u00f3n: 5650 Sunrise Hwy, Sayville, NY 11782<br \/>\n&#8211; Contacto: Tel\u00e9fono: (516) 798-4242<\/p>\n<p><strong>2. NYU Langone Radiology: 100 Hospital Road, Patchogue<\/strong><br \/>\n&#8211; Direcci\u00f3n: 100 Hospital Road, Patchogue, NY<br \/>\n&#8211; Contacto: Tel: 516-762-6762, Fax: 332-210-7534<\/p>\n<p><strong>3. Im\u00e1genes de Northwell Health Grossman en Manorville<\/strong><br \/>\n&#8211; Direcci\u00f3n: 496 County Rd 111, Edificio F, Manorville, NY 11949<\/p>\n<p>&nbsp;<\/p>\n<h2>Hospitales y Atenci\u00f3n de urgencias cerca de Blue Point, NY<\/h2>\n<p><strong>1. Centro M\u00e9dico del Hospital del Buen Samaritano<\/strong><br \/>\n&#8211; Direcci\u00f3n:1000 Montauk Hwy, West Islip, NY 11795<br \/>\n&#8211; Acerca de: Good Samaritan Hospital Medical Center es un hospital bien considerado que ofrece una amplia gama de servicios m\u00e9dicos, incluyendo atenci\u00f3n de emergencia y varias especialidades.<\/p>\n<p><strong>2. Hospital Southside<\/strong><br \/>\n&#8211; Direcci\u00f3n: 301 E Main St, Bay Shore, NY 11706<br \/>\n&#8211; Acerca de: Southside Hospital forma parte del sistema Northwell Health y proporciona servicios sanitarios integrales, incluyendo atenci\u00f3n de emergencia, cirug\u00eda y mucho m\u00e1s.<\/p>\n<p>Centros de Atenci\u00f3n de Urgencia:<br \/>\n<strong>1. Atenci\u00f3n de urgencia de Patchogue<\/strong><br \/>\n&#8211; Direcci\u00f3n: Situada cerca de Blue Point, NY<br \/>\n&#8211; Acerca de: Patchogue Urgent Care ofrece atenci\u00f3n m\u00e9dica r\u00e1pida para las condiciones que no amenazan la vida, asegurando la atenci\u00f3n oportuna a los pacientes.<\/p>\n<p><strong>2. CiudadMD- Sayville<\/strong><br \/>\n&#8211; Direcci\u00f3n: Situada cerca de Blue Point, NY<br \/>\n&#8211; Acerca de: CityMD- Sayville es un centro de atenci\u00f3n urgente conocido por proporcionar servicios sanitarios de calidad, incluyendo el tratamiento de diversas preocupaciones m\u00e9dicas.<\/p>\n<p>&nbsp;<\/p>\n<p>Nos enorgullecemos de brindar atenci\u00f3n ortop\u00e9dica integral a pacientes de varios hospitales y centros de atenci\u00f3n de urgencia en nuestra comunidad, incluidos los mencionados anteriormente.<\/p>\n<p>Ya sea que tenga una referencia para tratamiento ortop\u00e9dico o simplemente desee consultar con nosotros para cualquier inquietud ortop\u00e9dica, no dude en comunicarse con nuestro equipo dedicado las 24 horas del d\u00eda, los 7 d\u00edas de la semana. Estamos aqu\u00ed para ayudarlo de manera r\u00e1pida y compasiva.<\/p>\n<p>Muchas personas visitan centros de atenci\u00f3n de urgencia y hospitales por compensaci\u00f3n laboral y lesiones relacionadas con el seguro sin culpa. Si su lesi\u00f3n no requiere una visita al hospital, nos complace brindarle un tratamiento ortop\u00e9dico profesional adaptado a tales casos.<\/p>\n","protected":false},"excerpt":{"rendered":"<p>Dr.Nakul Karare su destino principal para el cuidado ortop\u00e9dico en Blue Point, NY Bienvenido a Dr.Nakul Karkare Excelencia Ortop\u00e9dica, donde nos dedicamos a la prestaci\u00f3n de servicios ortop\u00e9dicos integrales a la Blue Point, NY comunidad. Mientras que nuestra instalaci\u00f3n principal se encuentra en Patchogue, Nueva York, nuestro compromiso inquebrantable es proporcionar atenci\u00f3n ortop\u00e9dica de primer [&hellip;]<\/p>\n","protected":false},"author":33,"featured_media":0,"parent":16544,"menu_order":0,"comment_status":"closed","ping_status":"closed","template":"","meta":{"_et_pb_use_builder":"","_et_pb_old_content":"","_et_gb_content_width":"","footnotes":""},"class_list":["post-21016","page","type-page","status-publish","hentry"],"yoast_head":"<!-- This site is optimized with the Yoast SEO plugin v27.2 - https:\/\/yoast.com\/product\/yoast-seo-wordpress\/ -->\n<title>Blue Point, Nueva York | Best Hip &amp; Knee Surgeon | NY, USA<\/title>\n<meta name=\"description\" content=\"Dr.Nakul Karare su destino principal para el cuidado ortop\u00e9dico en Blue Point, NY Bienvenido a Dr.Nakul Karkare Excelencia Ortop\u00e9dica, donde nos dedicamos\" \/>\n<meta name=\"robots\" content=\"index, follow, max-snippet:-1, max-image-preview:large, max-video-preview:-1\" \/>\n<link rel=\"canonical\" href=\"https:\/\/www.newyorkhipknee.com\/es\/contacto\/patchogue-mejor-cirujano-de-reemplazo-de-cadera-y-rodilla\/blue-point-nueva-york\/\" \/>\n<meta property=\"og:locale\" content=\"es_ES\" \/>\n<meta property=\"og:type\" content=\"article\" \/>\n<meta property=\"og:title\" content=\"Blue Point, Nueva York | Best Hip &amp; Knee Surgeon | NY, USA\" \/>\n<meta property=\"og:description\" content=\"Dr.Nakul Karare su destino principal para el cuidado ortop\u00e9dico en Blue Point, NY Bienvenido a Dr.Nakul Karkare Excelencia Ortop\u00e9dica, donde nos dedicamos\" \/>\n<meta property=\"og:url\" content=\"https:\/\/www.newyorkhipknee.com\/es\/contacto\/patchogue-mejor-cirujano-de-reemplazo-de-cadera-y-rodilla\/blue-point-nueva-york\/\" \/>\n<meta property=\"og:site_name\" content=\"Best Hip &amp; Knee Surgeon | NY, USA\" \/>\n<meta name=\"twitter:card\" content=\"summary_large_image\" \/>\n<meta name=\"twitter:label1\" content=\"Tiempo de lectura\" \/>\n\t<meta name=\"twitter:data1\" content=\"11 minutos\" \/>\n<script type=\"application\/ld+json\" class=\"yoast-schema-graph\">{\"@context\":\"https:\/\/schema.org\",\"@graph\":[{\"@type\":[\"WebPage\",\"MedicalWebPage\"],\"@id\":\"https:\/\/www.newyorkhipknee.com\/es\/contacto\/patchogue-mejor-cirujano-de-reemplazo-de-cadera-y-rodilla\/blue-point-nueva-york\/\",\"url\":\"https:\/\/www.newyorkhipknee.com\/es\/contacto\/patchogue-mejor-cirujano-de-reemplazo-de-cadera-y-rodilla\/blue-point-nueva-york\/\",\"name\":\"Blue Point, Nueva York | Best Hip &amp; Knee Surgeon | NY, USA\",\"isPartOf\":{\"@id\":\"https:\/\/www.newyorkhipknee.com\/es\/#website\"},\"datePublished\":\"2023-11-07T14:00:21+00:00\",\"description\":\"Dr.Nakul Karare su destino principal para el cuidado ortop\u00e9dico en Blue Point, NY Bienvenido a Dr.Nakul Karkare Excelencia Ortop\u00e9dica, donde nos dedicamos\",\"breadcrumb\":{\"@id\":\"https:\/\/www.newyorkhipknee.com\/es\/contacto\/patchogue-mejor-cirujano-de-reemplazo-de-cadera-y-rodilla\/blue-point-nueva-york\/#breadcrumb\"},\"inLanguage\":\"es\",\"potentialAction\":[{\"@type\":\"ReadAction\",\"target\":[\"https:\/\/www.newyorkhipknee.com\/es\/contacto\/patchogue-mejor-cirujano-de-reemplazo-de-cadera-y-rodilla\/blue-point-nueva-york\/\"]}]},{\"@type\":\"BreadcrumbList\",\"@id\":\"https:\/\/www.newyorkhipknee.com\/es\/contacto\/patchogue-mejor-cirujano-de-reemplazo-de-cadera-y-rodilla\/blue-point-nueva-york\/#breadcrumb\",\"itemListElement\":[{\"@type\":\"ListItem\",\"position\":1,\"name\":\"Home\",\"item\":\"https:\/\/www.newyorkhipknee.com\/es\/\"},{\"@type\":\"ListItem\",\"position\":2,\"name\":\"Contacto\",\"item\":\"https:\/\/www.newyorkhipknee.com\/es\/contacto\/\"},{\"@type\":\"ListItem\",\"position\":3,\"name\":\"Patchogue &#8211; Mejor Cirujano de Reemplazo de Cadera y Rodilla\",\"item\":\"https:\/\/www.newyorkhipknee.com\/es\/contacto\/patchogue-mejor-cirujano-de-reemplazo-de-cadera-y-rodilla\/\"},{\"@type\":\"ListItem\",\"position\":4,\"name\":\"Blue Point, Nueva York\"}]},{\"@type\":\"WebSite\",\"@id\":\"https:\/\/www.newyorkhipknee.com\/es\/#website\",\"url\":\"https:\/\/www.newyorkhipknee.com\/es\/\",\"name\":\"Best Hip & Knee Surgeon | NY, USA\",\"description\":\"\",\"potentialAction\":[{\"@type\":\"SearchAction\",\"target\":{\"@type\":\"EntryPoint\",\"urlTemplate\":\"https:\/\/www.newyorkhipknee.com\/es\/?s={search_term_string}\"},\"query-input\":{\"@type\":\"PropertyValueSpecification\",\"valueRequired\":true,\"valueName\":\"search_term_string\"}}],\"inLanguage\":\"es\"}]}<\/script>\n<!-- \/ Yoast SEO plugin. -->","yoast_head_json":{"title":"Blue Point, Nueva York | Best Hip &amp; Knee Surgeon | NY, USA","description":"Dr.Nakul Karare su destino principal para el cuidado ortop\u00e9dico en Blue Point, NY Bienvenido a Dr.Nakul Karkare Excelencia Ortop\u00e9dica, donde nos dedicamos","robots":{"index":"index","follow":"follow","max-snippet":"max-snippet:-1","max-image-preview":"max-image-preview:large","max-video-preview":"max-video-preview:-1"},"canonical":"https:\/\/www.newyorkhipknee.com\/es\/contacto\/patchogue-mejor-cirujano-de-reemplazo-de-cadera-y-rodilla\/blue-point-nueva-york\/","og_locale":"es_ES","og_type":"article","og_title":"Blue Point, Nueva York | Best Hip &amp; Knee Surgeon | NY, USA","og_description":"Dr.Nakul Karare su destino principal para el cuidado ortop\u00e9dico en Blue Point, NY Bienvenido a Dr.Nakul Karkare Excelencia Ortop\u00e9dica, donde nos dedicamos","og_url":"https:\/\/www.newyorkhipknee.com\/es\/contacto\/patchogue-mejor-cirujano-de-reemplazo-de-cadera-y-rodilla\/blue-point-nueva-york\/","og_site_name":"Best Hip &amp; Knee Surgeon | NY, USA","twitter_card":"summary_large_image","twitter_misc":{"Tiempo de lectura":"11 minutos"},"schema":{"@context":"https:\/\/schema.org","@graph":[{"@type":["WebPage","MedicalWebPage"],"@id":"https:\/\/www.newyorkhipknee.com\/es\/contacto\/patchogue-mejor-cirujano-de-reemplazo-de-cadera-y-rodilla\/blue-point-nueva-york\/","url":"https:\/\/www.newyorkhipknee.com\/es\/contacto\/patchogue-mejor-cirujano-de-reemplazo-de-cadera-y-rodilla\/blue-point-nueva-york\/","name":"Blue Point, Nueva York | Best Hip &amp; Knee Surgeon | NY, USA","isPartOf":{"@id":"https:\/\/www.newyorkhipknee.com\/es\/#website"},"datePublished":"2023-11-07T14:00:21+00:00","description":"Dr.Nakul Karare su destino principal para el cuidado ortop\u00e9dico en Blue Point, NY Bienvenido a Dr.Nakul Karkare Excelencia Ortop\u00e9dica, donde nos dedicamos","breadcrumb":{"@id":"https:\/\/www.newyorkhipknee.com\/es\/contacto\/patchogue-mejor-cirujano-de-reemplazo-de-cadera-y-rodilla\/blue-point-nueva-york\/#breadcrumb"},"inLanguage":"es","potentialAction":[{"@type":"ReadAction","target":["https:\/\/www.newyorkhipknee.com\/es\/contacto\/patchogue-mejor-cirujano-de-reemplazo-de-cadera-y-rodilla\/blue-point-nueva-york\/"]}]},{"@type":"BreadcrumbList","@id":"https:\/\/www.newyorkhipknee.com\/es\/contacto\/patchogue-mejor-cirujano-de-reemplazo-de-cadera-y-rodilla\/blue-point-nueva-york\/#breadcrumb","itemListElement":[{"@type":"ListItem","position":1,"name":"Home","item":"https:\/\/www.newyorkhipknee.com\/es\/"},{"@type":"ListItem","position":2,"name":"Contacto","item":"https:\/\/www.newyorkhipknee.com\/es\/contacto\/"},{"@type":"ListItem","position":3,"name":"Patchogue &#8211; Mejor Cirujano de Reemplazo de Cadera y Rodilla","item":"https:\/\/www.newyorkhipknee.com\/es\/contacto\/patchogue-mejor-cirujano-de-reemplazo-de-cadera-y-rodilla\/"},{"@type":"ListItem","position":4,"name":"Blue Point, Nueva York"}]},{"@type":"WebSite","@id":"https:\/\/www.newyorkhipknee.com\/es\/#website","url":"https:\/\/www.newyorkhipknee.com\/es\/","name":"Best Hip & Knee Surgeon | NY, USA","description":"","potentialAction":[{"@type":"SearchAction","target":{"@type":"EntryPoint","urlTemplate":"https:\/\/www.newyorkhipknee.com\/es\/?s={search_term_string}"},"query-input":{"@type":"PropertyValueSpecification","valueRequired":true,"valueName":"search_term_string"}}],"inLanguage":"es"}]}},"_links":{"self":[{"href":"https:\/\/www.newyorkhipknee.com\/es\/wp-json\/wp\/v2\/pages\/21016","targetHints":{"allow":["GET"]}}],"collection":[{"href":"https:\/\/www.newyorkhipknee.com\/es\/wp-json\/wp\/v2\/pages"}],"about":[{"href":"https:\/\/www.newyorkhipknee.com\/es\/wp-json\/wp\/v2\/types\/page"}],"author":[{"embeddable":true,"href":"https:\/\/www.newyorkhipknee.com\/es\/wp-json\/wp\/v2\/users\/33"}],"replies":[{"embeddable":true,"href":"https:\/\/www.newyorkhipknee.com\/es\/wp-json\/wp\/v2\/comments?post=21016"}],"version-history":[{"count":0,"href":"https:\/\/www.newyorkhipknee.com\/es\/wp-json\/wp\/v2\/pages\/21016\/revisions"}],"up":[{"embeddable":true,"href":"https:\/\/www.newyorkhipknee.com\/es\/wp-json\/wp\/v2\/pages\/16544"}],"wp:attachment":[{"href":"https:\/\/www.newyorkhipknee.com\/es\/wp-json\/wp\/v2\/media?parent=21016"}],"curies":[{"name":"wp","href":"https:\/\/api.w.org\/{rel}","templated":true}]}}