{"id":21025,"date":"2023-11-07T13:08:17","date_gmt":"2023-11-07T18:08:17","guid":{"rendered":"https:\/\/newyorkhipknee.com\/contacto\/patchogue-mejor-cirujano-de-reemplazo-de-cadera-y-rodilla\/bohemia-ny\/"},"modified":"2023-11-07T13:08:17","modified_gmt":"2023-11-07T18:08:17","slug":"bohemia-ny","status":"publish","type":"page","link":"https:\/\/www.newyorkhipknee.com\/es\/contacto\/patchogue-mejor-cirujano-de-reemplazo-de-cadera-y-rodilla\/bohemia-ny\/","title":{"rendered":"Bohemia, NY"},"content":{"rendered":"<h1>Cuidados Ortop\u00e9dicos con el Dr. Nakul Karkare en Bohemia, NY<\/h1>\n<p>Bienvenido a la pr\u00e1ctica ortop\u00e9dica del Dr. Nakul Karkare, su fuente de confianza para la atenci\u00f3n ortop\u00e9dica excepcional en Bohemia, NY. Nuestro compromiso de ofrecer servicios ortop\u00e9dicos de primer nivel nos ha llevado a la vibrante comunidad de Bohemia.<\/p>\n<p><strong>Conoce al Dr. Nakul Karkare:<\/strong><br \/>\nNuestra pr\u00e1ctica est\u00e1 dirigida por el Dr. Nakul Karkare, un cirujano ortop\u00e9dico certificado altamente experimentado con un notable historial en el campo. La dedicaci\u00f3n del Dr. Karkare a la excelencia ortop\u00e9dica est\u00e1 respaldada por su amplia experiencia y un gran n\u00famero de certificaciones. Con su enfoque centrado en el paciente y el compromiso de ofrecer una atenci\u00f3n personalizada, usted est\u00e1 en buenas manos cuando usted elige el Dr. Nakul Karkare Ortopedia Pr\u00e1ctica.<\/p>\n<p><strong>\u00bfPor qu\u00e9 elegir la consulta ortop\u00e9dica del Dr. Nakul Karkare?<\/strong><br \/>\n<strong>Experiencia<\/strong>: Nuestro equipo de cirujanos ortop\u00e9dicos y especialistas, dirigido por el Dr. Karkare, aporta a\u00f1os de experiencia y conocimientos. Nos dedicamos a diagnosticar y tratar un amplio espectro de afecciones ortop\u00e9dicas, desde lesiones articulares hasta problemas de columna vertebral.<\/p>\n<p><strong>Servicios integrales:<\/strong> Ofrecemos una amplia gama de servicios ortop\u00e9dicos dise\u00f1ados para abordar sus necesidades \u00fanicas. Ya sea que est\u00e9 lidiando con una lesi\u00f3n relacionada con el deporte, dolor cr\u00f3nico o requiera un reemplazo de articulaci\u00f3n, nuestros servicios lo cubren todo.<\/p>\n<p>Instalaciones <strong>de vanguardia<\/strong>: Nos enorgullecemos de mantener unas instalaciones de \u00faltima generaci\u00f3n, equipadas con tecnolog\u00eda punta para garantizar un diagn\u00f3stico preciso y un tratamiento eficaz. Su bienestar es nuestra principal prioridad, y no dejamos piedra sin remover para brindarle la mejor atenci\u00f3n.<\/p>\n<p><strong>Atenci\u00f3n personalizada:<\/strong> Nuestro enfoque de la atenci\u00f3n al paciente es altamente personalizado y centrado en el paciente. Entendemos que las necesidades ortop\u00e9dicas de cada individuo son \u00fanicas. Por lo tanto, nuestros planes de tratamiento se adaptan a su dolencia espec\u00edfica, garantizando el mejor resultado posible.<\/p>\n<p><strong>Compromiso con la excelencia<\/strong>: Nuestro compromiso con la excelencia es inquebrantable en todos los aspectos de nuestra pr\u00e1ctica. Nuestra misi\u00f3n es ayudarle a recuperar la movilidad, reducir el dolor y mejorar su calidad de vida en general. Su satisfacci\u00f3n es nuestra medida de \u00e9xito.<\/p>\n<h1>Nuestros Extensos Servicios Ortop\u00e9dicos para Bohemia, NY:<\/h1>\n<h2><a href=\"https:\/\/newyorkhipknee.com\/hip-replacement-surgery\/\" target=\"_blank\" rel=\"noopener\">Cirug\u00eda de reemplazo de cadera:<\/a><\/h2>\n<p><strong>Prop\u00f3sito<\/strong>: La cirug\u00eda de reemplazo de cadera se recomienda para personas que se enfrentan a da\u00f1os en las articulaciones de la cadera causados por afecciones como osteoartritis, artritis reumatoide o fracturas. El objetivo principal es aliviar las molestias, restaurar la movilidad y mejorar la calidad de vida en general.<\/p>\n<p><strong>Procedimiento:<\/strong> Existen dos tipos principales de pr\u00f3tesis de cadera: la pr\u00f3tesis total de cadera (THR) y la pr\u00f3tesis parcial de cadera (hemiartroplastia). La THR implica el reemplazo de la bola y la cavidad de la articulaci\u00f3n de la cadera, mientras que la hemiartroplastia aborda solo el componente de la bola.<\/p>\n<p><strong>Implantes:<\/strong> Los componentes artificiales de la articulaci\u00f3n de cadera suelen estar fabricados con materiales como metal, pl\u00e1stico o cer\u00e1mica, seleccionados en funci\u00f3n de la edad, el nivel de actividad y los requisitos espec\u00edficos del paciente.<\/p>\n<p><strong>Recuperaci\u00f3n<\/strong>: Despu\u00e9s del procedimiento, los pacientes se someten a fisioterapia para recuperar la fuerza y la movilidad, lo que reduce el dolor y mejora la funci\u00f3n de la cadera.<\/p>\n<p>&nbsp;<\/p>\n<h2><a href=\"https:\/\/newyorkhipknee.com\/custom-knee-replacement-surgery\/\" target=\"_blank\" rel=\"noopener\"><strong>Reemplazo de rodilla personalizado:<\/strong><\/a><\/h2>\n<p><strong>Prop\u00f3sito<\/strong>: El reemplazo de rodilla personalizado ofrece un enfoque personalizado para la artroplastia de rodilla, adecuado para personas con dolor severo de rodilla o da\u00f1o articular que no responden a los tratamientos conservadores.<\/p>\n<p><strong>Procedimiento:<\/strong> Las im\u00e1genes avanzadas y el modelado por ordenador eval\u00faan la anatom\u00eda de la rodilla del paciente antes de la cirug\u00eda, lo que permite dise\u00f1ar un implante de rodilla a medida adaptado a su anatom\u00eda \u00fanica.<\/p>\n<p><strong>Ventajas:<\/strong> Las pr\u00f3tesis de rodilla a medida suelen mejorar la alineaci\u00f3n, la estabilidad y reducir el dolor en comparaci\u00f3n con las pr\u00f3tesis de rodilla est\u00e1ndar.<\/p>\n<p><strong>Recuperaci\u00f3n:<\/strong> El proceso de recuperaci\u00f3n incluye fisioterapia para recuperar la fuerza y la amplitud de movimiento de la rodilla, lo que suele traducirse en una reducci\u00f3n del dolor y una mejora de la funci\u00f3n de la rodilla.<\/p>\n<p>Somos m\u00e1s que una simple consulta ortop\u00e9dica; somos su socio en el camino hacia una mejor salud ortop\u00e9dica. Si usted est\u00e1 en Bohemia, NY, o las \u00e1reas circundantes y la b\u00fasqueda de atenci\u00f3n ortop\u00e9dica, no dude en contactar con nosotros. Estamos aqu\u00ed para ofrecerle una atenci\u00f3n ortop\u00e9dica compasiva, experta e individualizada.<\/p>\n<h2>Programe una cita:<\/h2>\n<p>Reservar una cita con en Bohemia, NY, es f\u00e1cil. Puede comunicarse con nosotros al <a href=\"tel:(631)%20981-2663\" target=\"_blank\" rel=\"noopener\">(631) 981-2663<\/a> para programar su consulta. Esperamos poder ayudarlo en su viaje hacia una mejor salud ortop\u00e9dica.<\/p>\n<p>Cuando nos elige, elige la excelencia, la compasi\u00f3n y el compromiso con su bienestar. Experimente lo mejor en atenci\u00f3n ortop\u00e9dica aqu\u00ed en Bohemia, NY.<\/p>\n<p>Direcci\u00f3n: 105 Medford Ave, Ste A, Patchogue, NY 11772<\/p>\n<h1>Acerca de Bohemia, NY: Donde la historia, la comunidad y el encanto se encuentran<\/h1>\n<h2>Historia:<\/h2>\n<p>Ubicado en el condado de Suffolk, Long Island, Bohemia, Nueva York, cuenta con un rico tapiz hist\u00f3rico que data de finales del siglo XVII. Originalmente habitada por tribus nativas americanas, Bohemia se convirti\u00f3 en una pr\u00f3spera comunidad agr\u00edcola en el siglo XIX. La construcci\u00f3n del Long Island Rail Road en el siglo XIX facilit\u00f3 su crecimiento, convirti\u00e9ndolo en una destacada zona residencial.<\/p>\n<p>&nbsp;<\/p>\n<h2>Econom\u00eda:<\/h2>\n<p>La econom\u00eda de Bohemia es una mezcla de peque\u00f1os negocios, empresas tecnol\u00f3gicas y empresas locales. Su ubicaci\u00f3n estrat\u00e9gica cerca de las principales autopistas y su proximidad al aeropuerto MacArthur de Long Island lo convierten en un lugar ideal para el comercio. Las empresas locales prosperan y ofrecen diversos servicios y productos tanto a los residentes como a los visitantes.<\/p>\n<p>&nbsp;<\/p>\n<h2>Demograf\u00eda:<\/h2>\n<p>La diversidad de la poblaci\u00f3n de Bohemia crea una comunidad vibrante e integradora. Familias, j\u00f3venes profesionales y jubilados conviven armoniosamente, formando un vecindario muy unido. La ciudad se enorgullece de su rica diversidad cultural, que realza el tejido comunitario.<\/p>\n<p>&nbsp;<\/p>\n<h2>Turismo:<\/h2>\n<p>El encanto de Bohemia reside en su belleza natural y en su oferta recreativa. La Reserva del Parque Estatal del R\u00edo Connetquot, un para\u00edso para los entusiastas de la naturaleza, ofrece rutas de senderismo y lugares de pesca. Los amantes de la aventura pueden explorar los sitios hist\u00f3ricos, incluida la Sociedad Hist\u00f3rica de Bohemia, que conserva el patrimonio de la ciudad. Adem\u00e1s, la proximidad de Bohemia a los Hamptons y Fire Island se suma a su atractivo, lo que la convierte en una puerta de entrada a los principales destinos tur\u00edsticos de Long Island.<\/p>\n<p>Gastronom\u00eda local y compras:<br \/>\nLa escena culinaria de Bohemia es una deliciosa fusi\u00f3n de sabores internacionales. Desde acogedores comensales que sirven abundantes desayunos hasta restaurantes gourmet que ofrecen exquisitas cocinas, los entusiastas de la comida est\u00e1n de enhorabuena. El distrito comercial de la ciudad es un tesoro de boutiques, tiendas de antig\u00fcedades y mercados locales, perfectos para encontrar recuerdos \u00fanicos.<\/p>\n<p>Eventos de la comunidad:<br \/>\nBohemia celebra su esp\u00edritu comunitario a trav\u00e9s de varios eventos. Festivales anuales, mercados de agricultores y exposiciones de arte muestran el talento local y fomentan el sentimiento de pertenencia entre los residentes. Estos eventos crean un ambiente c\u00e1lido, dando la bienvenida a los visitantes para que experimenten la hospitalidad de Bohemia.<\/p>\n<p>En esencia, Bohemia, Nueva York, es una ciudad donde se honra la historia, la econom\u00eda prospera, la demograf\u00eda es diversa, el turismo florece y se aprecian los lazos comunitarios. Ya sea que sea un entusiasta de la historia, un amante de la naturaleza o alguien que busca una comunidad acogedora, Bohemia abre sus brazos de par en par, invit\u00e1ndolo a explorar su belleza y hospitalidad.<\/p>\n<p>&nbsp;<\/p>\n<h2>Indicaciones<\/h2>\n<p>Aqu\u00ed est\u00e1n las instrucciones desde Bohemia, NY a Complete Orthopedics en 105 Medford Ave, Ste A, Patchogue, NY 11772:<\/p>\n<p>1. Comience dirigi\u00e9ndose hacia el suroeste por Oakdale-Bohemia Road hacia Albin Road.<br \/>\n2. Contin\u00fae recto por Oakdale-Bohemia Road.<br \/>\n3. Gire a la izquierda en Sunrise Highway North Service Road.<br \/>\n4. Incorp\u00f3rese a Sunrise Highway E a trav\u00e9s de la rampa hacia Patchogue.<br \/>\n5. Tome la salida 51 hacia Waverly Avenue.<br \/>\n6. Incorp\u00f3rese a la carretera de servicio Sunrise Highway North.<br \/>\n7. Use el carril derecho para girar a la derecha en Waverly Avenue.<br \/>\n8. Contin\u00fae recto por Medford Avenue.<br \/>\n9. Encontrar\u00e1 Complete Orthopedics en 105 Medford Ave, Ste A, Patchogue, NY 11772 a su izquierda.<\/p>\n<p>Tenga en cuenta que estas indicaciones son aproximadas, por lo que es recomendable utilizar una aplicaci\u00f3n de navegaci\u00f3n o un GPS para orientarse en tiempo real durante el viaje.<\/p>\n<p>&nbsp;<\/p>\n<h2>Farmacias cerca de Bohemia<\/h2>\n<p><strong>1. Farmacia CVS<\/strong><br \/>\n&#8211; Direcci\u00f3n: BOHEMIA Shopping Plaza, Bohemia, NY<\/p>\n<p><strong>2. Farmacia Lakeland<\/strong><br \/>\n&#8211; Direcci\u00f3n: 886 Johnson Ave, Ronkonkoma, NY 11779 (Aproximadamente a 2.6 millas de Bohemia)<br \/>\n&#8211; Tel\u00e9fono: (631) 588-6330<\/p>\n<p><strong>3. Santorelli, Gina Marie<\/strong><br \/>\n&#8211; Direcci\u00f3n: 116 Wilbur Pl, Bohemia, NY<\/p>\n<h2>Centros de Radiolog\u00eda:<\/h2>\n<p><strong>1. Ortopedia completa (ofrece servicios de radiolog\u00eda)<\/strong><br \/>\n&#8211; Direcci\u00f3n: 105 Medford Ave, Ste A, Patchogue, NY 11772 (Aproximadamente a 5.6 millas de Bohemia)<br \/>\n&#8211; Tel\u00e9fono: (631) 406-4631<\/p>\n<p><strong>2. Im\u00e1genes de Northwell Health Grossman en Manorville<\/strong><br \/>\n&#8211; Direcci\u00f3n: 496 County Rd 111, Building F, Manorville, NY 11949 (Aproximadamente a 10,5 millas de Bohemia)<\/p>\n<p>&nbsp;<\/p>\n<h2>Hospitales:<\/h2>\n<p><strong>1. Hospital Universitario de Stony Brook<\/strong><br \/>\n&#8211; Direcci\u00f3n: 101 Nicolls Rd, Stony Brook, NY 11794 (Aproximadamente a 10,5 millas de Bohemia)<br \/>\n&#8211; Tel\u00e9fono: (631) 444-4000<\/p>\n<p><strong>2. Centro M\u00e9dico del Hospital del Buen Samaritano<\/strong><br \/>\n&#8211; Direcci\u00f3n: 1000 Montauk Hwy, West Islip, NY 11795 (Aproximadamente a 6,5 millas de Bohemia)<br \/>\n&#8211; Tel\u00e9fono: (631) 376-3000<\/p>\n<h2>Centros de Atenci\u00f3n de Urgencia:<\/h2>\n<p><strong>1. Atenci\u00f3n de urgencia Northwell Health-GoHealth (ubicaci\u00f3n de Sayville)<\/strong><br \/>\n&#8211; Direcci\u00f3n: 201 N Main St, Sayville, NY 11782 (Aproximadamente a 3,5 millas de Bohemia)<br \/>\n&#8211; Tel\u00e9fono: (631) 676-6700<\/p>\n<p><strong>2. Patchogue de atenci\u00f3n de urgencia de AFC<\/strong><br \/>\n&#8211; Direcci\u00f3n: 855 W Montauk Hwy, West Babylon, NY 11704 (Aproximadamente a 4,7 millas de Bohemia)<br \/>\n&#8211; Tel\u00e9fono: (631) 870-4114<\/p>\n<p>Nos enorgullecemos de brindar atenci\u00f3n ortop\u00e9dica integral a pacientes de varios hospitales y centros de atenci\u00f3n de urgencia en nuestra comunidad, incluidos los mencionados anteriormente.<\/p>\n<p>Ya sea que tenga una referencia para tratamiento ortop\u00e9dico o simplemente desee consultar con nosotros para cualquier inquietud ortop\u00e9dica, no dude en comunicarse con nuestro equipo dedicado las 24 horas del d\u00eda, los 7 d\u00edas de la semana. Estamos aqu\u00ed para ayudarlo de manera r\u00e1pida y compasiva.<\/p>\n<p>Muchas personas visitan centros de atenci\u00f3n de urgencia y hospitales por compensaci\u00f3n laboral y lesiones relacionadas con el seguro sin culpa. Si su lesi\u00f3n no requiere una visita al hospital, nos complace brindarle un tratamiento ortop\u00e9dico profesional adaptado a tales casos. No dude en ponerse en contacto con nosotros al <a href=\"tel:631-981-2663\" target=\"_blank\" rel=\"noopener\">631-981-2663<\/a> para programar una cita con nosotros hoy mismo. Tu bienestar es nuestra prioridad<\/p>\n","protected":false},"excerpt":{"rendered":"<p>Cuidados Ortop\u00e9dicos con el Dr. Nakul Karkare en Bohemia, NY Bienvenido a la pr\u00e1ctica ortop\u00e9dica del Dr. Nakul Karkare, su fuente de confianza para la atenci\u00f3n ortop\u00e9dica excepcional en Bohemia, NY. Nuestro compromiso de ofrecer servicios ortop\u00e9dicos de primer nivel nos ha llevado a la vibrante comunidad de Bohemia. Conoce al Dr. Nakul Karkare: Nuestra [&hellip;]<\/p>\n","protected":false},"author":33,"featured_media":0,"parent":16544,"menu_order":0,"comment_status":"closed","ping_status":"closed","template":"","meta":{"_et_pb_use_builder":"","_et_pb_old_content":"","_et_gb_content_width":"","footnotes":""},"class_list":["post-21025","page","type-page","status-publish","hentry"],"yoast_head":"<!-- This site is optimized with the Yoast SEO plugin v27.2 - https:\/\/yoast.com\/product\/yoast-seo-wordpress\/ -->\n<title>Bohemia, NY | Best Hip &amp; Knee Surgeon | NY, USA<\/title>\n<meta name=\"description\" content=\"Cuidados Ortop\u00e9dicos con el Dr. Nakul Karkare en Bohemia, NY Bienvenido a la pr\u00e1ctica ortop\u00e9dica del Dr. Nakul Karkare, su fuente de confianza para la\" \/>\n<meta name=\"robots\" content=\"index, follow, max-snippet:-1, max-image-preview:large, max-video-preview:-1\" \/>\n<link rel=\"canonical\" href=\"https:\/\/www.newyorkhipknee.com\/es\/contacto\/patchogue-mejor-cirujano-de-reemplazo-de-cadera-y-rodilla\/bohemia-ny\/\" \/>\n<meta property=\"og:locale\" content=\"es_ES\" \/>\n<meta property=\"og:type\" content=\"article\" \/>\n<meta property=\"og:title\" content=\"Bohemia, NY | Best Hip &amp; Knee Surgeon | NY, USA\" \/>\n<meta property=\"og:description\" content=\"Cuidados Ortop\u00e9dicos con el Dr. Nakul Karkare en Bohemia, NY Bienvenido a la pr\u00e1ctica ortop\u00e9dica del Dr. Nakul Karkare, su fuente de confianza para la\" \/>\n<meta property=\"og:url\" content=\"https:\/\/www.newyorkhipknee.com\/es\/contacto\/patchogue-mejor-cirujano-de-reemplazo-de-cadera-y-rodilla\/bohemia-ny\/\" \/>\n<meta property=\"og:site_name\" content=\"Best Hip &amp; Knee Surgeon | NY, USA\" \/>\n<meta name=\"twitter:card\" content=\"summary_large_image\" \/>\n<meta name=\"twitter:label1\" content=\"Tiempo de lectura\" \/>\n\t<meta name=\"twitter:data1\" content=\"9 minutos\" \/>\n<script type=\"application\/ld+json\" class=\"yoast-schema-graph\">{\"@context\":\"https:\/\/schema.org\",\"@graph\":[{\"@type\":[\"WebPage\",\"MedicalWebPage\"],\"@id\":\"https:\/\/www.newyorkhipknee.com\/es\/contacto\/patchogue-mejor-cirujano-de-reemplazo-de-cadera-y-rodilla\/bohemia-ny\/\",\"url\":\"https:\/\/www.newyorkhipknee.com\/es\/contacto\/patchogue-mejor-cirujano-de-reemplazo-de-cadera-y-rodilla\/bohemia-ny\/\",\"name\":\"Bohemia, NY | Best Hip &amp; Knee Surgeon | NY, USA\",\"isPartOf\":{\"@id\":\"https:\/\/www.newyorkhipknee.com\/es\/#website\"},\"datePublished\":\"2023-11-07T18:08:17+00:00\",\"description\":\"Cuidados Ortop\u00e9dicos con el Dr. Nakul Karkare en Bohemia, NY Bienvenido a la pr\u00e1ctica ortop\u00e9dica del Dr. Nakul Karkare, su fuente de confianza para la\",\"breadcrumb\":{\"@id\":\"https:\/\/www.newyorkhipknee.com\/es\/contacto\/patchogue-mejor-cirujano-de-reemplazo-de-cadera-y-rodilla\/bohemia-ny\/#breadcrumb\"},\"inLanguage\":\"es\",\"potentialAction\":[{\"@type\":\"ReadAction\",\"target\":[\"https:\/\/www.newyorkhipknee.com\/es\/contacto\/patchogue-mejor-cirujano-de-reemplazo-de-cadera-y-rodilla\/bohemia-ny\/\"]}]},{\"@type\":\"BreadcrumbList\",\"@id\":\"https:\/\/www.newyorkhipknee.com\/es\/contacto\/patchogue-mejor-cirujano-de-reemplazo-de-cadera-y-rodilla\/bohemia-ny\/#breadcrumb\",\"itemListElement\":[{\"@type\":\"ListItem\",\"position\":1,\"name\":\"Home\",\"item\":\"https:\/\/www.newyorkhipknee.com\/es\/\"},{\"@type\":\"ListItem\",\"position\":2,\"name\":\"Contacto\",\"item\":\"https:\/\/www.newyorkhipknee.com\/es\/contacto\/\"},{\"@type\":\"ListItem\",\"position\":3,\"name\":\"Patchogue &#8211; Mejor Cirujano de Reemplazo de Cadera y Rodilla\",\"item\":\"https:\/\/www.newyorkhipknee.com\/es\/contacto\/patchogue-mejor-cirujano-de-reemplazo-de-cadera-y-rodilla\/\"},{\"@type\":\"ListItem\",\"position\":4,\"name\":\"Bohemia, NY\"}]},{\"@type\":\"WebSite\",\"@id\":\"https:\/\/www.newyorkhipknee.com\/es\/#website\",\"url\":\"https:\/\/www.newyorkhipknee.com\/es\/\",\"name\":\"Best Hip & Knee Surgeon | NY, USA\",\"description\":\"\",\"potentialAction\":[{\"@type\":\"SearchAction\",\"target\":{\"@type\":\"EntryPoint\",\"urlTemplate\":\"https:\/\/www.newyorkhipknee.com\/es\/?s={search_term_string}\"},\"query-input\":{\"@type\":\"PropertyValueSpecification\",\"valueRequired\":true,\"valueName\":\"search_term_string\"}}],\"inLanguage\":\"es\"}]}<\/script>\n<!-- \/ Yoast SEO plugin. -->","yoast_head_json":{"title":"Bohemia, NY | Best Hip &amp; Knee Surgeon | NY, USA","description":"Cuidados Ortop\u00e9dicos con el Dr. Nakul Karkare en Bohemia, NY Bienvenido a la pr\u00e1ctica ortop\u00e9dica del Dr. Nakul Karkare, su fuente de confianza para la","robots":{"index":"index","follow":"follow","max-snippet":"max-snippet:-1","max-image-preview":"max-image-preview:large","max-video-preview":"max-video-preview:-1"},"canonical":"https:\/\/www.newyorkhipknee.com\/es\/contacto\/patchogue-mejor-cirujano-de-reemplazo-de-cadera-y-rodilla\/bohemia-ny\/","og_locale":"es_ES","og_type":"article","og_title":"Bohemia, NY | Best Hip &amp; Knee Surgeon | NY, USA","og_description":"Cuidados Ortop\u00e9dicos con el Dr. Nakul Karkare en Bohemia, NY Bienvenido a la pr\u00e1ctica ortop\u00e9dica del Dr. Nakul Karkare, su fuente de confianza para la","og_url":"https:\/\/www.newyorkhipknee.com\/es\/contacto\/patchogue-mejor-cirujano-de-reemplazo-de-cadera-y-rodilla\/bohemia-ny\/","og_site_name":"Best Hip &amp; Knee Surgeon | NY, USA","twitter_card":"summary_large_image","twitter_misc":{"Tiempo de lectura":"9 minutos"},"schema":{"@context":"https:\/\/schema.org","@graph":[{"@type":["WebPage","MedicalWebPage"],"@id":"https:\/\/www.newyorkhipknee.com\/es\/contacto\/patchogue-mejor-cirujano-de-reemplazo-de-cadera-y-rodilla\/bohemia-ny\/","url":"https:\/\/www.newyorkhipknee.com\/es\/contacto\/patchogue-mejor-cirujano-de-reemplazo-de-cadera-y-rodilla\/bohemia-ny\/","name":"Bohemia, NY | Best Hip &amp; Knee Surgeon | NY, USA","isPartOf":{"@id":"https:\/\/www.newyorkhipknee.com\/es\/#website"},"datePublished":"2023-11-07T18:08:17+00:00","description":"Cuidados Ortop\u00e9dicos con el Dr. Nakul Karkare en Bohemia, NY Bienvenido a la pr\u00e1ctica ortop\u00e9dica del Dr. Nakul Karkare, su fuente de confianza para la","breadcrumb":{"@id":"https:\/\/www.newyorkhipknee.com\/es\/contacto\/patchogue-mejor-cirujano-de-reemplazo-de-cadera-y-rodilla\/bohemia-ny\/#breadcrumb"},"inLanguage":"es","potentialAction":[{"@type":"ReadAction","target":["https:\/\/www.newyorkhipknee.com\/es\/contacto\/patchogue-mejor-cirujano-de-reemplazo-de-cadera-y-rodilla\/bohemia-ny\/"]}]},{"@type":"BreadcrumbList","@id":"https:\/\/www.newyorkhipknee.com\/es\/contacto\/patchogue-mejor-cirujano-de-reemplazo-de-cadera-y-rodilla\/bohemia-ny\/#breadcrumb","itemListElement":[{"@type":"ListItem","position":1,"name":"Home","item":"https:\/\/www.newyorkhipknee.com\/es\/"},{"@type":"ListItem","position":2,"name":"Contacto","item":"https:\/\/www.newyorkhipknee.com\/es\/contacto\/"},{"@type":"ListItem","position":3,"name":"Patchogue &#8211; Mejor Cirujano de Reemplazo de Cadera y Rodilla","item":"https:\/\/www.newyorkhipknee.com\/es\/contacto\/patchogue-mejor-cirujano-de-reemplazo-de-cadera-y-rodilla\/"},{"@type":"ListItem","position":4,"name":"Bohemia, NY"}]},{"@type":"WebSite","@id":"https:\/\/www.newyorkhipknee.com\/es\/#website","url":"https:\/\/www.newyorkhipknee.com\/es\/","name":"Best Hip & Knee Surgeon | NY, USA","description":"","potentialAction":[{"@type":"SearchAction","target":{"@type":"EntryPoint","urlTemplate":"https:\/\/www.newyorkhipknee.com\/es\/?s={search_term_string}"},"query-input":{"@type":"PropertyValueSpecification","valueRequired":true,"valueName":"search_term_string"}}],"inLanguage":"es"}]}},"_links":{"self":[{"href":"https:\/\/www.newyorkhipknee.com\/es\/wp-json\/wp\/v2\/pages\/21025","targetHints":{"allow":["GET"]}}],"collection":[{"href":"https:\/\/www.newyorkhipknee.com\/es\/wp-json\/wp\/v2\/pages"}],"about":[{"href":"https:\/\/www.newyorkhipknee.com\/es\/wp-json\/wp\/v2\/types\/page"}],"author":[{"embeddable":true,"href":"https:\/\/www.newyorkhipknee.com\/es\/wp-json\/wp\/v2\/users\/33"}],"replies":[{"embeddable":true,"href":"https:\/\/www.newyorkhipknee.com\/es\/wp-json\/wp\/v2\/comments?post=21025"}],"version-history":[{"count":0,"href":"https:\/\/www.newyorkhipknee.com\/es\/wp-json\/wp\/v2\/pages\/21025\/revisions"}],"up":[{"embeddable":true,"href":"https:\/\/www.newyorkhipknee.com\/es\/wp-json\/wp\/v2\/pages\/16544"}],"wp:attachment":[{"href":"https:\/\/www.newyorkhipknee.com\/es\/wp-json\/wp\/v2\/media?parent=21025"}],"curies":[{"name":"wp","href":"https:\/\/api.w.org\/{rel}","templated":true}]}}