{"id":21028,"date":"2023-11-07T08:48:01","date_gmt":"2023-11-07T13:48:01","guid":{"rendered":"https:\/\/newyorkhipknee.com\/contacto\/patchogue-mejor-cirujano-de-reemplazo-de-cadera-y-rodilla\/moriches-ny\/"},"modified":"2023-11-07T08:48:01","modified_gmt":"2023-11-07T13:48:01","slug":"moriches-ny","status":"publish","type":"page","link":"https:\/\/www.newyorkhipknee.com\/es\/contacto\/patchogue-mejor-cirujano-de-reemplazo-de-cadera-y-rodilla\/moriches-ny\/","title":{"rendered":"Moriches, NY"},"content":{"rendered":"<h1>Centro Ortop\u00e9dico del Dr. Nakul Karkare: Su socio local para el cuidado ortop\u00e9dico, sirviendo Patchogue a Moriches, NY<\/h1>\n<p>Bienvenido al Centro Ortop\u00e9dico del Dr. Nakul Karkare, su fuente dedicada a la atenci\u00f3n ortop\u00e9dica de alta calidad, que se extiende sin problemas desde <a href=\"https:\/\/newyorkhipknee.com\/contact\/patchogue-orthopedic-surgeon\/\" target=\"_blank\" rel=\"noopener\">Patchogue<\/a> a la acogedora comunidad de Moriches, Nueva York. Nos sentimos honrados de ser su centro ortop\u00e9dico local de confianza, comprometido a mejorar el bienestar de los residentes y las personas en esta pr\u00f3spera regi\u00f3n.<\/p>\n<p>En el Centro Ortop\u00e9dico del Dr. Nakul Karkare, nuestra misi\u00f3n es inquebrantable: proporcionar una atenci\u00f3n ortop\u00e9dica integral, compasiva y avanzada. Reconocemos el papel fundamental que desempe\u00f1a la salud ortop\u00e9dica en su vida diaria.<\/p>\n<p>Tanto si est\u00e1 en v\u00edas de recuperarse de una lesi\u00f3n, como si est\u00e1 tratando afecciones musculoesquel\u00e9ticas cr\u00f3nicas o buscando orientaci\u00f3n para optimizar su bienestar ortop\u00e9dico, nuestro equipo de expertos est\u00e1 aqu\u00ed para guiarle hacia una movilidad mejorada y una vida libre de molestias.<\/p>\n<p>Nuestra presencia conecta perfectamente Patchogue con Moriches, garantiz\u00e1ndole un c\u00f3modo acceso a nuestros excepcionales servicios ortop\u00e9dicos. A trav\u00e9s de nuestro blog informativo y recursos educativos, nuestro objetivo es brindarle informaci\u00f3n valiosa, las \u00faltimas innovaciones en tratamientos ortop\u00e9dicos y consejos pr\u00e1cticos para ayudarlo a llevar un estilo de vida activo y sin dolor.<\/p>\n<p>&nbsp;<\/p>\n<h2>Estamos encantados de ofrecer estos amplios servicios ortop\u00e9dicos en Moriches, NY:<\/h2>\n<h2><a role=\"link\" href=\"https:\/\/newyorkhipknee.com\/custom-knee-replacement-surgery\/\" target=\"_blank\" rel=\"noopener\">Sustituci\u00f3n individualizada de rodilla:<\/a><\/h2>\n<p>&#8211; La pr\u00f3tesis de rodilla personalizada es un procedimiento quir\u00fargico avanzado que consiste en sustituir una articulaci\u00f3n de rodilla da\u00f1ada por un implante artificial especialmente dise\u00f1ado y adaptado meticulosamente a la estructura anat\u00f3mica \u00fanica del paciente.<br \/>\n&#8211; Este implante se elabora de forma intrincada utilizando tecnolog\u00eda de imagen de vanguardia, que crea un modelo tridimensional de la articulaci\u00f3n de la rodilla del paciente. Posteriormente, se elabora meticulosamente un implante a medida para que se adapte perfectamente a la rodilla del paciente.<br \/>\n&#8211; Este procedimiento se recomienda a las personas que padecen dolor intenso, rigidez e inflamaci\u00f3n de rodilla, lo que limita considerablemente sus actividades cotidianas y su calidad de vida.<br \/>\n&#8211; La pr\u00f3tesis de rodilla individualizada puede aliviar eficazmente el dolor, mejorar la movilidad y elevar la calidad de vida general de los pacientes con problemas en la articulaci\u00f3n de la rodilla.<br \/>\n&#8211; El Dr. Karkare posee un dominio excepcional de las t\u00e9cnicas quir\u00fargicas m\u00ednimamente invasivas para la sustituci\u00f3n articular. Emplea m\u00e9todos innovadores y tecnolog\u00eda de vanguardia para garantizar la colocaci\u00f3n precisa de los componentes de los implantes a trav\u00e9s de incisiones m\u00e1s peque\u00f1as que preservan los tejidos.<br \/>\n&#8211; Los pacientes que se someten a una artroplastia de rodilla personalizada pueden esperar una reducci\u00f3n del dolor, una recuperaci\u00f3n m\u00e1s r\u00e1pida y una mejora de la amplitud de movimiento en comparaci\u00f3n con las artroplastias tradicionales.<\/p>\n<p>&nbsp;<\/p>\n<h2><a role=\"link\" href=\"https:\/\/newyorkhipknee.com\/hip-replacement-surgery\/\" target=\"_blank\" rel=\"noopener\">Pr\u00f3tesis de cadera:<\/a><\/h2>\n<p>&#8211; La artroplastia de cadera es un sofisticado procedimiento quir\u00fargico que consiste en sustituir una articulaci\u00f3n de cadera disfuncional por un implante artificial meticulosamente dise\u00f1ado, que reproduce de forma art\u00edstica la estructura y funci\u00f3n naturales de la articulaci\u00f3n de la cadera. Esto permite a los pacientes recuperar la movilidad y encontrar alivio a las molestias.<br \/>\n&#8211; Este procedimiento se recomienda a las personas que padecen dolor intenso de cadera, rigidez e inflamaci\u00f3n, que dificultan considerablemente sus actividades cotidianas y su calidad de vida.<br \/>\n&#8211; El Dr. Karkare est\u00e1 altamente cualificado en la utilizaci\u00f3n tanto de t\u00e9cnicas quir\u00fargicas tradicionales \u00ababiertas\u00bb como de abordajes m\u00ednimamente invasivos para la cirug\u00eda de pr\u00f3tesis de cadera.<br \/>\n&#8211; Los pacientes que se someten a una artroplastia de cadera pueden esperar una disminuci\u00f3n del dolor, una recuperaci\u00f3n acelerada y una mejora de la amplitud de movimiento en comparaci\u00f3n con su estado antes de la intervenci\u00f3n.<br \/>\n&#8211; El Dr. Karkare emplea t\u00e9cnicas de vanguardia y tecnolog\u00eda punta para garantizar la colocaci\u00f3n precisa de los componentes del implante a trav\u00e9s de incisiones m\u00e1s peque\u00f1as que preservan los tejidos.<\/p>\n<h2>Ventajas de la pr\u00f3tesis personalizada de rodilla y cadera:<\/h2>\n<p>&#8211; Alivio del dolor y las molestias articulares causados por da\u00f1os.<br \/>\n&#8211; Mayor movilidad y amplitud de movimiento.<br \/>\n&#8211; Mejora de la calidad de vida en general.<br \/>\n&#8211; Recuperaci\u00f3n m\u00e1s r\u00e1pida en comparaci\u00f3n con los m\u00e9todos quir\u00fargicos tradicionales.<br \/>\n&#8211; Utilizaci\u00f3n de t\u00e9cnicas quir\u00fargicas m\u00ednimamente invasivas para reducir el dolor y acelerar la recuperaci\u00f3n.<br \/>\n&#8211; Colocaci\u00f3n precisa de los componentes del implante a trav\u00e9s de incisiones m\u00e1s peque\u00f1as que conservan los tejidos.<br \/>\n&#8211; Implantes personalizados adaptados a la anatom\u00eda \u00fanica del paciente, lo que permite obtener resultados superiores.<\/p>\n<p>El Dr. Karkare est\u00e1 profundamente comprometido con la prestaci\u00f3n de servicios integrales para las personas que se enfrentan a una serie de afecciones musculoesquel\u00e9ticas. Entiende el profundo impacto que los problemas ortop\u00e9dicos y las lesiones pueden tener en la vida cotidiana, y se dedica a ayudar a los pacientes a recuperar la movilidad, aliviar el dolor y mejorar su calidad de vida en general. Las consultas est\u00e1n disponibles en varios lugares de Manhattan y Long Island, Nueva York, ofreciendo a los pacientes la flexibilidad de elegir el lugar m\u00e1s conveniente para una consulta sin compromiso.<\/p>\n<p>Si padece dolor articular, rigidez, inflamaci\u00f3n o ha sufrido una lesi\u00f3n, no dude en ponerse en contacto con nosotros. Nuestro equipo de especialistas est\u00e1 aqu\u00ed para facilitarle la vuelta a las actividades que le gustan. Somos sus vecinos y su bienestar es nuestra m\u00e1xima prioridad. Perm\u00edtanos guiarle en su viaje hacia una mejor salud ortop\u00e9dica.<\/p>\n<p>&nbsp;<\/p>\n<h1>Acerca de Moriches<\/h1>\n<h2>Moriches, Nueva York: Un tapiz de historia, cultura, econom\u00eda, demograf\u00eda y turismo<\/h2>\n<p>Enclavada en la pintoresca costa sur de Long Island, Moriches, Nueva York, es una joya oculta que encarna la quintaesencia de la experiencia americana en un pueblo peque\u00f1o. Esta encantadora aldea, con una poblaci\u00f3n de aproximadamente 2.500 residentes a partir de 2020, teje un rico tapiz de historia, cultura vibrante, una econom\u00eda diversa, una demograf\u00eda intrigante y un turismo floreciente. En esta exploraci\u00f3n exhaustiva, nos adentramos en la esencia de Moriches, descubriendo las facetas que definen a esta comunidad \u00fanica.<\/p>\n<p>&nbsp;<\/p>\n<h2>Un vistazo a la historia<\/h2>\n<p>La historia de Moriches es una historia de resiliencia y adaptaci\u00f3n. Los pueblos ind\u00edgenas, es decir, la Naci\u00f3n Unkechaug, habitaron estas tierras mucho antes de que llegaran los colonos europeos en el siglo XVII. El propio nombre de \u00abMoriches\u00bb deriva de un t\u00e9rmino nativo americano, \u00abMeritces\u00bb, que significa \u00abtierra del peque\u00f1o arroyo\u00bb.<\/p>\n<p>Durante el siglo XIX, Moriches experiment\u00f3 un crecimiento significativo, impulsado por industrias como la construcci\u00f3n naval y la pesca. La ensenada de Moriches desempe\u00f1\u00f3 un papel fundamental en la facilitaci\u00f3n del comercio. Los astilleros florecieron, elaborando embarcaciones que surcaban las aguas de la bah\u00eda de Moriches, mientras que las abundantes cosechas de mariscos sosten\u00edan la econom\u00eda local.<\/p>\n<p>Hoy en d\u00eda, los vestigios de este patrimonio mar\u00edtimo se conservan en el car\u00e1cter de la aldea, con edificios hist\u00f3ricos y monumentos que sirven como testimonio de su pasado hist\u00f3rico.<\/p>\n<p>&nbsp;<\/p>\n<h2>Un mosaico cultural<\/h2>\n<p>La cultura de Moriches se caracteriza por su comunidad unida y un profundo aprecio por su patrimonio. La aldea se enorgullece de preservar su identidad hist\u00f3rica y fomentar una vibrante escena cultural.<\/p>\n<p>La finca de William Floyd, un destacado lugar hist\u00f3rico de Moriches, es un testimonio de la historia de la zona en la \u00e9poca de la Guerra de la Independencia. Hogar de uno de los firmantes de la Declaraci\u00f3n de Independencia de Nueva York, la finca da la bienvenida a los visitantes para que exploren sus terrenos y se sumerjan en la rica historia de la regi\u00f3n.<\/p>\n<p>La Sociedad Hist\u00f3rica de la Bah\u00eda de Moriches desempe\u00f1a un papel fundamental en la conservaci\u00f3n y celebraci\u00f3n del patrimonio cultural de la zona. Mediante exposiciones, actos y programas educativos, la sociedad infunde un sentimiento de orgullo y pertenencia entre los residentes de Moriches.<\/p>\n<p>&nbsp;<\/p>\n<h2>Una econom\u00eda diversa<\/h2>\n<p>La econom\u00eda de Moriches ha evolucionado a lo largo de los a\u00f1os, reflejando las necesidades y aspiraciones cambiantes de sus residentes. Si bien la aldea alguna vez dependi\u00f3 en gran medida de la pesca y la construcci\u00f3n naval, hoy en d\u00eda cuenta con un paisaje econ\u00f3mico diverso.<\/p>\n<p>Las peque\u00f1as empresas prosperan en Moriches, ofreciendo una variedad de servicios, que incluyen restaurantes, cafeter\u00edas, boutiques y otras empresas. Estos establecimientos locales contribuyen al car\u00e1cter vibrante de la comunidad, proporcionando a los residentes una sensaci\u00f3n de familiaridad y conexi\u00f3n.<\/p>\n<p>Adem\u00e1s, muchos residentes de Moriches viajan diariamente a pueblos y ciudades vecinas en busca de oportunidades de empleo, diversificando la huella econ\u00f3mica de la aldea.<\/p>\n<p>&nbsp;<\/p>\n<h2>Diversidad demogr\u00e1fica<\/h2>\n<p>Los datos demogr\u00e1ficos de Moriches pintan el cuadro de una comunidad que abraza la diversidad. En 2020, la aldea ten\u00eda una poblaci\u00f3n de aproximadamente 2.500 residentes, lo que representa una mezcla de grupos de edad. Tanto las familias como los jubilados llaman hogar a Moriches, lo que contribuye a su car\u00e1cter unido y multigeneracional.<\/p>\n<p>La composici\u00f3n demogr\u00e1fica de Moriches refleja un sentido de unidad e inclusi\u00f3n, donde los residentes de diversos or\u00edgenes se unen para crear una comunidad armoniosa y vibrante.<\/p>\n<p>&nbsp;<\/p>\n<h2>Turismo floreciente<\/h2>\n<p>La belleza natural y la importancia hist\u00f3rica de Moriches la han convertido en un destino cada vez m\u00e1s atractivo para los turistas que buscan un respiro del ajetreo urbano.<\/p>\n<p>La ensenada de Moriches, una pintoresca v\u00eda fluvial, atrae a navegantes y pescadores, ofreciendo oportunidades para la recreaci\u00f3n y la relajaci\u00f3n. Los puertos deportivos salpican la costa y los barcos de pesca de alquiler brindan a los aventureros acceso a las abundantes aguas de la bah\u00eda de Moriches.<\/p>\n<p>La finca de William Floyd, monumento hist\u00f3rico nacional, atrae a entusiastas de la historia y a curiosos deseosos de conocer el papel de la regi\u00f3n en la configuraci\u00f3n de la historia de Estados Unidos.<\/p>\n<p>Adem\u00e1s, los paisajes serenos, como la bah\u00eda de Moriches y las playas cercanas, proporcionan un tel\u00f3n de fondo tranquilo para aquellos que buscan consuelo junto al mar.<\/p>\n<p>Moriches, Nueva York, se erige como un testimonio del esp\u00edritu perdurable de los peque\u00f1os pueblos estadounidenses. Su historia, arraigada en la adaptaci\u00f3n y la resiliencia, se conserva en su patrimonio cultural y en sus preciados monumentos. La diversa econom\u00eda de la aldea refleja el ingenio de sus residentes, mientras que su demograf\u00eda muestra una comunidad unida por un sentimiento compartido de pertenencia.<\/p>\n<p>A medida que Moriches abre sus puertas a los turistas que buscan tanto informaci\u00f3n hist\u00f3rica como belleza natural, contin\u00faa evolucionando mientras conserva su identidad \u00fanica. Esta mezcla de historia, cultura, econom\u00eda, demograf\u00eda y turismo define a Moriches como una comunidad donde el pasado y el presente coexisten armoniosamente, prometiendo un futuro brillante para quienes lo llaman hogar y para quienes vienen de visita.<\/p>\n<p>&nbsp;<\/p>\n<h2>Indicaciones<\/h2>\n<p>&nbsp;<\/p>\n<p>Ciertamente, aqu\u00ed est\u00e1n las instrucciones desde Moriches, NY a Complete Orthopedics en 105 Medford Ave, Route 112, Suite A, Patchogue, NY 11772:<\/p>\n<p>1. Comience dirigi\u00e9ndose hacia el noroeste por Montauk Hwy hacia Atlantic Ave.<\/p>\n<p>2. Despu\u00e9s de aproximadamente 1.3 millas, gire a la derecha en Old Neck Rd.<\/p>\n<p>3. Contin\u00fae por Old Neck Rd durante aproximadamente 1.1 millas.<\/p>\n<p>4. Gire a la izquierda en William Floyd Pkwy.<\/p>\n<p>5. Conduzca por William Floyd Pkwy durante aproximadamente 8.5 millas.<\/p>\n<p>6. Tome la salida hacia Patchogue, que es la salida 68.<\/p>\n<p>7. Incorp\u00f3rese a NY-27 W, Sunrise Hwy.<\/p>\n<p>8. Mant\u00e9ngase a la izquierda para continuar por Sunrise Hwy, siguiendo las indicaciones hacia NY-112 N \/ Patchogue.<\/p>\n<p>9. Despu\u00e9s de aproximadamente 2.6 millas en Sunrise Hwy, tome la salida 52 hacia Patchogue \/ County Hwy-19.<\/p>\n<p>10. Incorp\u00f3rese a Service Rd.<\/p>\n<p>11. Gire a la derecha en Medford Ave\/County Hwy-19.<\/p>\n<p>12. Contin\u00fae por Medford Ave durante aproximadamente 0.5 millas y llegar\u00e1 a 105 Medford Ave, Route 112, Suite A, Patchogue, NY 11772, a su izquierda.<\/p>\n<p>Complete Orthopedics estar\u00e1 en el lado izquierdo de Medford Ave. Aseg\u00farese de seguir las se\u00f1ales de tr\u00e1fico y las normas de tr\u00e1fico durante su viaje. \u00a1Buen viaje!<\/p>\n<p>&nbsp;<\/p>\n<h2>Farmacias, un centro de radiolog\u00eda, atenci\u00f3n de urgencia y hospitales cerca de Moriches, NY:<\/h2>\n<p><strong>Farmacias:<\/strong><br \/>\n<strong>1. Farmacia Rite Aid<\/strong><br \/>\n&#8211; Direcci\u00f3n: 225 Main St, Center Moriches, NY 11934<br \/>\n&#8211; Tel\u00e9fono: (631) 874-2567<\/p>\n<p><strong>2. Farmacia CVS<\/strong><br \/>\n&#8211; Direcci\u00f3n: 469 Main St, Center Moriches, NY 11934<br \/>\n&#8211; Tel\u00e9fono: (631) 878-1371<\/p>\n<p><strong>3. Walgreens<\/strong><br \/>\n&#8211; Direcci\u00f3n: 292 Montauk Hwy, Moriches, NY 11955<br \/>\n&#8211; Tel\u00e9fono: (631) 909-7445<\/p>\n<p><strong>Centro de Radiolog\u00eda:<\/strong><br \/>\n<strong>1. Diagn\u00f3stico por im\u00e1genes de South Bay<\/strong><br \/>\n&#8211; Direcci\u00f3n: 295 Montauk Hwy, Moriches, NY 11955<br \/>\n&#8211; Tel\u00e9fono: (631) 909-5700<\/p>\n<p><strong>Atenci\u00f3n de urgencia:<\/strong><br \/>\n1. LI Atenci\u00f3n de urgencia<br \/>\n&#8211; Direcci\u00f3n: 159 Montauk Hwy, Moriches, NY 11955<br \/>\n&#8211; Tel\u00e9fono: (631) 909-7228<\/p>\n<p><strong>Hospitales (hospital principal m\u00e1s cercano):<\/strong><br \/>\n1. Centro M\u00e9dico Peconic Bay<br \/>\n&#8211; Direcci\u00f3n: 1300 Roanoke Ave, Riverhead, NY 11901<br \/>\n&#8211; Tel\u00e9fono: (631) 548-6000<\/p>\n<p>Nos enorgullecemos de brindar atenci\u00f3n ortop\u00e9dica integral a pacientes de varios hospitales y centros de atenci\u00f3n de urgencia en nuestra comunidad, incluidos los mencionados anteriormente.<\/p>\n<p>Ya sea que tenga una referencia para tratamiento ortop\u00e9dico o simplemente desee consultar con nosotros para cualquier inquietud ortop\u00e9dica, no dude en comunicarse con nuestro equipo dedicado las 24 horas del d\u00eda, los 7 d\u00edas de la semana. Estamos aqu\u00ed para ayudarlo de manera r\u00e1pida y compasiva.<\/p>\n<p>Muchas personas visitan centros de atenci\u00f3n de urgencia y hospitales por compensaci\u00f3n laboral y lesiones relacionadas con el seguro sin culpa. Si su lesi\u00f3n no requiere una visita al hospital, nos complace brindarle un tratamiento ortop\u00e9dico profesional adaptado a tales casos. No dude en ponerse en contacto con nosotros al <a href=\"tel:631-981-2663\" target=\"_blank\" rel=\"noopener\">631-981-2663<\/a> para programar una cita con nosotros hoy mismo. Tu bienestar es nuestra prioridad<\/p>\n","protected":false},"excerpt":{"rendered":"<p>Centro Ortop\u00e9dico del Dr. Nakul Karkare: Su socio local para el cuidado ortop\u00e9dico, sirviendo Patchogue a Moriches, NY Bienvenido al Centro Ortop\u00e9dico del Dr. Nakul Karkare, su fuente dedicada a la atenci\u00f3n ortop\u00e9dica de alta calidad, que se extiende sin problemas desde Patchogue a la acogedora comunidad de Moriches, Nueva York. Nos sentimos honrados de [&hellip;]<\/p>\n","protected":false},"author":33,"featured_media":0,"parent":16544,"menu_order":0,"comment_status":"closed","ping_status":"closed","template":"","meta":{"_et_pb_use_builder":"","_et_pb_old_content":"","_et_gb_content_width":"","footnotes":""},"class_list":["post-21028","page","type-page","status-publish","hentry"],"yoast_head":"<!-- This site is optimized with the Yoast SEO plugin v27.2 - https:\/\/yoast.com\/product\/yoast-seo-wordpress\/ -->\n<title>Moriches, NY | Best Hip &amp; Knee Surgeon | NY, USA<\/title>\n<meta name=\"description\" content=\"Centro Ortop\u00e9dico del Dr. Nakul Karkare: Su socio local para el cuidado ortop\u00e9dico, sirviendo Patchogue a Moriches, NY Bienvenido al Centro Ortop\u00e9dico del\" \/>\n<meta name=\"robots\" content=\"index, follow, max-snippet:-1, max-image-preview:large, max-video-preview:-1\" \/>\n<link rel=\"canonical\" href=\"https:\/\/www.newyorkhipknee.com\/es\/contacto\/patchogue-mejor-cirujano-de-reemplazo-de-cadera-y-rodilla\/moriches-ny\/\" \/>\n<meta property=\"og:locale\" content=\"es_ES\" \/>\n<meta property=\"og:type\" content=\"article\" \/>\n<meta property=\"og:title\" content=\"Moriches, NY | Best Hip &amp; Knee Surgeon | NY, USA\" \/>\n<meta property=\"og:description\" content=\"Centro Ortop\u00e9dico del Dr. Nakul Karkare: Su socio local para el cuidado ortop\u00e9dico, sirviendo Patchogue a Moriches, NY Bienvenido al Centro Ortop\u00e9dico del\" \/>\n<meta property=\"og:url\" content=\"https:\/\/www.newyorkhipknee.com\/es\/contacto\/patchogue-mejor-cirujano-de-reemplazo-de-cadera-y-rodilla\/moriches-ny\/\" \/>\n<meta property=\"og:site_name\" content=\"Best Hip &amp; Knee Surgeon | NY, USA\" \/>\n<meta name=\"twitter:card\" content=\"summary_large_image\" \/>\n<meta name=\"twitter:label1\" content=\"Tiempo de lectura\" \/>\n\t<meta name=\"twitter:data1\" content=\"12 minutos\" \/>\n<script type=\"application\/ld+json\" class=\"yoast-schema-graph\">{\"@context\":\"https:\/\/schema.org\",\"@graph\":[{\"@type\":[\"WebPage\",\"MedicalWebPage\"],\"@id\":\"https:\/\/www.newyorkhipknee.com\/es\/contacto\/patchogue-mejor-cirujano-de-reemplazo-de-cadera-y-rodilla\/moriches-ny\/\",\"url\":\"https:\/\/www.newyorkhipknee.com\/es\/contacto\/patchogue-mejor-cirujano-de-reemplazo-de-cadera-y-rodilla\/moriches-ny\/\",\"name\":\"Moriches, NY | Best Hip &amp; Knee Surgeon | NY, USA\",\"isPartOf\":{\"@id\":\"https:\/\/www.newyorkhipknee.com\/es\/#website\"},\"datePublished\":\"2023-11-07T13:48:01+00:00\",\"description\":\"Centro Ortop\u00e9dico del Dr. Nakul Karkare: Su socio local para el cuidado ortop\u00e9dico, sirviendo Patchogue a Moriches, NY Bienvenido al Centro Ortop\u00e9dico del\",\"breadcrumb\":{\"@id\":\"https:\/\/www.newyorkhipknee.com\/es\/contacto\/patchogue-mejor-cirujano-de-reemplazo-de-cadera-y-rodilla\/moriches-ny\/#breadcrumb\"},\"inLanguage\":\"es\",\"potentialAction\":[{\"@type\":\"ReadAction\",\"target\":[\"https:\/\/www.newyorkhipknee.com\/es\/contacto\/patchogue-mejor-cirujano-de-reemplazo-de-cadera-y-rodilla\/moriches-ny\/\"]}]},{\"@type\":\"BreadcrumbList\",\"@id\":\"https:\/\/www.newyorkhipknee.com\/es\/contacto\/patchogue-mejor-cirujano-de-reemplazo-de-cadera-y-rodilla\/moriches-ny\/#breadcrumb\",\"itemListElement\":[{\"@type\":\"ListItem\",\"position\":1,\"name\":\"Home\",\"item\":\"https:\/\/www.newyorkhipknee.com\/es\/\"},{\"@type\":\"ListItem\",\"position\":2,\"name\":\"Contacto\",\"item\":\"https:\/\/www.newyorkhipknee.com\/es\/contacto\/\"},{\"@type\":\"ListItem\",\"position\":3,\"name\":\"Patchogue &#8211; Mejor Cirujano de Reemplazo de Cadera y Rodilla\",\"item\":\"https:\/\/www.newyorkhipknee.com\/es\/contacto\/patchogue-mejor-cirujano-de-reemplazo-de-cadera-y-rodilla\/\"},{\"@type\":\"ListItem\",\"position\":4,\"name\":\"Moriches, NY\"}]},{\"@type\":\"WebSite\",\"@id\":\"https:\/\/www.newyorkhipknee.com\/es\/#website\",\"url\":\"https:\/\/www.newyorkhipknee.com\/es\/\",\"name\":\"Best Hip & Knee Surgeon | NY, USA\",\"description\":\"\",\"potentialAction\":[{\"@type\":\"SearchAction\",\"target\":{\"@type\":\"EntryPoint\",\"urlTemplate\":\"https:\/\/www.newyorkhipknee.com\/es\/?s={search_term_string}\"},\"query-input\":{\"@type\":\"PropertyValueSpecification\",\"valueRequired\":true,\"valueName\":\"search_term_string\"}}],\"inLanguage\":\"es\"}]}<\/script>\n<!-- \/ Yoast SEO plugin. -->","yoast_head_json":{"title":"Moriches, NY | Best Hip &amp; Knee Surgeon | NY, USA","description":"Centro Ortop\u00e9dico del Dr. Nakul Karkare: Su socio local para el cuidado ortop\u00e9dico, sirviendo Patchogue a Moriches, NY Bienvenido al Centro Ortop\u00e9dico del","robots":{"index":"index","follow":"follow","max-snippet":"max-snippet:-1","max-image-preview":"max-image-preview:large","max-video-preview":"max-video-preview:-1"},"canonical":"https:\/\/www.newyorkhipknee.com\/es\/contacto\/patchogue-mejor-cirujano-de-reemplazo-de-cadera-y-rodilla\/moriches-ny\/","og_locale":"es_ES","og_type":"article","og_title":"Moriches, NY | Best Hip &amp; Knee Surgeon | NY, USA","og_description":"Centro Ortop\u00e9dico del Dr. Nakul Karkare: Su socio local para el cuidado ortop\u00e9dico, sirviendo Patchogue a Moriches, NY Bienvenido al Centro Ortop\u00e9dico del","og_url":"https:\/\/www.newyorkhipknee.com\/es\/contacto\/patchogue-mejor-cirujano-de-reemplazo-de-cadera-y-rodilla\/moriches-ny\/","og_site_name":"Best Hip &amp; Knee Surgeon | NY, USA","twitter_card":"summary_large_image","twitter_misc":{"Tiempo de lectura":"12 minutos"},"schema":{"@context":"https:\/\/schema.org","@graph":[{"@type":["WebPage","MedicalWebPage"],"@id":"https:\/\/www.newyorkhipknee.com\/es\/contacto\/patchogue-mejor-cirujano-de-reemplazo-de-cadera-y-rodilla\/moriches-ny\/","url":"https:\/\/www.newyorkhipknee.com\/es\/contacto\/patchogue-mejor-cirujano-de-reemplazo-de-cadera-y-rodilla\/moriches-ny\/","name":"Moriches, NY | Best Hip &amp; Knee Surgeon | NY, USA","isPartOf":{"@id":"https:\/\/www.newyorkhipknee.com\/es\/#website"},"datePublished":"2023-11-07T13:48:01+00:00","description":"Centro Ortop\u00e9dico del Dr. Nakul Karkare: Su socio local para el cuidado ortop\u00e9dico, sirviendo Patchogue a Moriches, NY Bienvenido al Centro Ortop\u00e9dico del","breadcrumb":{"@id":"https:\/\/www.newyorkhipknee.com\/es\/contacto\/patchogue-mejor-cirujano-de-reemplazo-de-cadera-y-rodilla\/moriches-ny\/#breadcrumb"},"inLanguage":"es","potentialAction":[{"@type":"ReadAction","target":["https:\/\/www.newyorkhipknee.com\/es\/contacto\/patchogue-mejor-cirujano-de-reemplazo-de-cadera-y-rodilla\/moriches-ny\/"]}]},{"@type":"BreadcrumbList","@id":"https:\/\/www.newyorkhipknee.com\/es\/contacto\/patchogue-mejor-cirujano-de-reemplazo-de-cadera-y-rodilla\/moriches-ny\/#breadcrumb","itemListElement":[{"@type":"ListItem","position":1,"name":"Home","item":"https:\/\/www.newyorkhipknee.com\/es\/"},{"@type":"ListItem","position":2,"name":"Contacto","item":"https:\/\/www.newyorkhipknee.com\/es\/contacto\/"},{"@type":"ListItem","position":3,"name":"Patchogue &#8211; Mejor Cirujano de Reemplazo de Cadera y Rodilla","item":"https:\/\/www.newyorkhipknee.com\/es\/contacto\/patchogue-mejor-cirujano-de-reemplazo-de-cadera-y-rodilla\/"},{"@type":"ListItem","position":4,"name":"Moriches, NY"}]},{"@type":"WebSite","@id":"https:\/\/www.newyorkhipknee.com\/es\/#website","url":"https:\/\/www.newyorkhipknee.com\/es\/","name":"Best Hip & Knee Surgeon | NY, USA","description":"","potentialAction":[{"@type":"SearchAction","target":{"@type":"EntryPoint","urlTemplate":"https:\/\/www.newyorkhipknee.com\/es\/?s={search_term_string}"},"query-input":{"@type":"PropertyValueSpecification","valueRequired":true,"valueName":"search_term_string"}}],"inLanguage":"es"}]}},"_links":{"self":[{"href":"https:\/\/www.newyorkhipknee.com\/es\/wp-json\/wp\/v2\/pages\/21028","targetHints":{"allow":["GET"]}}],"collection":[{"href":"https:\/\/www.newyorkhipknee.com\/es\/wp-json\/wp\/v2\/pages"}],"about":[{"href":"https:\/\/www.newyorkhipknee.com\/es\/wp-json\/wp\/v2\/types\/page"}],"author":[{"embeddable":true,"href":"https:\/\/www.newyorkhipknee.com\/es\/wp-json\/wp\/v2\/users\/33"}],"replies":[{"embeddable":true,"href":"https:\/\/www.newyorkhipknee.com\/es\/wp-json\/wp\/v2\/comments?post=21028"}],"version-history":[{"count":0,"href":"https:\/\/www.newyorkhipknee.com\/es\/wp-json\/wp\/v2\/pages\/21028\/revisions"}],"up":[{"embeddable":true,"href":"https:\/\/www.newyorkhipknee.com\/es\/wp-json\/wp\/v2\/pages\/16544"}],"wp:attachment":[{"href":"https:\/\/www.newyorkhipknee.com\/es\/wp-json\/wp\/v2\/media?parent=21028"}],"curies":[{"name":"wp","href":"https:\/\/api.w.org\/{rel}","templated":true}]}}