{"id":21031,"date":"2023-11-08T13:13:39","date_gmt":"2023-11-08T18:13:39","guid":{"rendered":"https:\/\/newyorkhipknee.com\/contacto\/patchogue-mejor-cirujano-de-reemplazo-de-cadera-y-rodilla\/oakdale-nueva-york\/"},"modified":"2023-11-08T13:13:39","modified_gmt":"2023-11-08T18:13:39","slug":"oakdale-nueva-york","status":"publish","type":"page","link":"https:\/\/www.newyorkhipknee.com\/es\/contacto\/patchogue-mejor-cirujano-de-reemplazo-de-cadera-y-rodilla\/oakdale-nueva-york\/","title":{"rendered":"Oakdale, Nueva York"},"content":{"rendered":"<h1><strong>Dr. Nakul Karkare Excelencia Ortop\u00e9dica: Su socio de confianza para el cuidado ortop\u00e9dico en Oakdale<\/strong><strong>NY<\/strong><\/h1>\n<p>Bienvenido a Dr. Karkare Ortopedia Excelencia, donde estamos orgullosos de servir como su principal proveedor de atenci\u00f3n ortop\u00e9dica, la ampliaci\u00f3n de nuestros servicios excepcionales a los residentes de Oakdale, NY.<\/p>\n<p>Mientras que nuestra ubicaci\u00f3n principal se encuentra en <a href=\"https:\/\/newyorkhipknee.com\/contact\/patchogue-orthopedic-surgeon\/about-patchogue-ny\/\" target=\"_blank\" rel=\"noopener\">Patchoge, NY<\/a>, nuestro compromiso de ofrecer atenci\u00f3n ortop\u00e9dica de alta calidad a la comunidad Oakdale sigue siendo inquebrantable.<\/p>\n<p>El Dr. Nakul Karkare siempre dar\u00e1 prioridad a su bienestar ortop\u00e9dico, y nuestra misi\u00f3n es ser su socio de confianza en el logro de una mayor movilidad, reducci\u00f3n del dolor, y una mejor calidad de vida.<\/p>\n<h2>He aqu\u00ed por qu\u00e9 usted debe considerar el Dr. Nakul Karkare Ortopedia Excelencia:<\/h2>\n<p><strong>Atenci\u00f3n ortop\u00e9dica experta:<\/strong> Nuestro equipo est\u00e1 compuesto por especialistas ortop\u00e9dicos altamente cualificados con una profunda dedicaci\u00f3n a ofrecer el m\u00e1s alto nivel de atenci\u00f3n. Gracias a sus amplios conocimientos y experiencia, podemos diagnosticar y tratar eficazmente una amplia gama de afecciones ortop\u00e9dicas.<\/p>\n<p><strong>Tratamiento personalizado:<\/strong> Entendemos que cada paciente es \u00fanico, y nuestros planes de tratamiento se adaptan meticulosamente a sus necesidades y aspiraciones espec\u00edficas. Tu camino hacia la recuperaci\u00f3n es tan individual como t\u00fa.<\/p>\n<p><strong>Acceso conveniente:<\/strong> Mientras que nuestra ubicaci\u00f3n principal es en Lindenhurts , nuestro compromiso con la comunidad Commack asegura una excelente atenci\u00f3n ortop\u00e9dica nunca est\u00e1 lejos. Creemos firmemente que todo el mundo deber\u00eda tener acceso a servicios ortop\u00e9dicos de primera categor\u00eda.<\/p>\n<p>Su salud ortop\u00e9dica y su bienestar general son nuestras principales preocupaciones. Si usted est\u00e1 luchando con dolor en las articulaciones, lesiones relacionadas con el deporte, fracturas o cualquier otro problema ortop\u00e9dico, estamos aqu\u00ed para ayudarle a llevar una vida m\u00e1s plena.<\/p>\n<p>Si usted est\u00e1 buscando atenci\u00f3n ortop\u00e9dica en Commack, NY, por favor no dude en ponerse en contacto con nosotros. Estamos deseando convertirnos en su socio en el viaje hacia una vida m\u00e1s sana y activa.<\/p>\n<p><strong>Acerca del Dr. Nakul Karkare:<\/strong> Dr. Nakul Karkare es un cirujano ortop\u00e9dico certificado por la junta con una riqueza de experiencia y conocimientos en la prestaci\u00f3n de atenci\u00f3n ortop\u00e9dica excepcional.<\/p>\n<p>Con numerosas certificaciones y una dedicaci\u00f3n a las t\u00e9cnicas quir\u00fargicas avanzadas, el Dr. Karkare se ha comprometido a garantizar que los pacientes reciban el m\u00e1s alto nivel de atenci\u00f3n, adaptada a sus necesidades \u00fanicas.<\/p>\n<p>Su enfoque centrado en el paciente y sus soluciones innovadoras est\u00e1n a la vanguardia de la excelencia ortop\u00e9dica, lo que le ha convertido en un nombre de confianza en este campo. Cuando usted elige Orthopedic Excellence, est\u00e1 eligiendo la orientaci\u00f3n experta y la atenci\u00f3n personalizada del Dr. Karkare para ayudarle a alcanzar una salud ortop\u00e9dica y un bienestar \u00f3ptimos.<\/p>\n<p>&nbsp;<\/p>\n<h2>Nos complace ofrecer estos servicios ortop\u00e9dicos integrales en Oakdale, NY:<\/h2>\n<h2><a role=\"link\" href=\"https:\/\/www.cortho.org\/hip\/total-hip-replacement\/\" target=\"_blank\" rel=\"noopener\"><strong>1. Cirug\u00eda de reemplazo de cadera:<\/strong><\/a><\/h2>\n<p><strong>Prop\u00f3sito<\/strong>: La cirug\u00eda de reemplazo de cadera se recomienda para personas con da\u00f1o en la articulaci\u00f3n de la cadera causado por afecciones como osteoartritis, artritis reumatoide o fracturas. El objetivo es aliviar el dolor, restaurar la movilidad y mejorar la calidad de vida en general.<\/p>\n<p><strong>Procedimiento<\/strong>: Hay dos tipos principales de reemplazos de cadera: reemplazo total de cadera (THR) y reemplazo parcial de cadera (hemiartroplastia). La THR consiste en reemplazar tanto la bola como la cavidad de la articulaci\u00f3n de la cadera, mientras que la hemiartroplastia reemplaza solo el componente esf\u00e9rico.<\/p>\n<p><strong>Implantes<\/strong>: Los componentes artificiales de la articulaci\u00f3n de la cadera suelen estar hechos de materiales como el metal, el pl\u00e1stico o la cer\u00e1mica, elegidos en funci\u00f3n de la edad, el nivel de actividad y las necesidades espec\u00edficas del paciente.<\/p>\n<p><strong>Recuperaci\u00f3n<\/strong>: Despu\u00e9s de la cirug\u00eda, los pacientes se someten a fisioterapia para recuperar la fuerza y la movilidad, lo que reduce el dolor y mejora la funci\u00f3n de la cadera.<\/p>\n<p>&nbsp;<\/p>\n<h2><a role=\"link\" href=\"https:\/\/www.cortho.org\/knee\/custom-knee-replacement\/\" target=\"_blank\" rel=\"noopener\"><strong>2. Reemplazo de rodilla personalizado:<\/strong><\/a><\/h2>\n<p><strong>Prop\u00f3sito<\/strong>: El reemplazo de rodilla personalizado ofrece un enfoque personalizado para la artroplastia de rodilla, adecuado para personas con dolor severo de rodilla o da\u00f1o articular que no responden a los tratamientos conservadores.<\/p>\n<p><strong>Procedimiento<\/strong>: Las im\u00e1genes avanzadas y el modelado por computadora eval\u00faan la anatom\u00eda de la rodilla del paciente antes de la cirug\u00eda, lo que permite el dise\u00f1o de un implante de rodilla personalizado adaptado a su anatom\u00eda \u00fanica.<\/p>\n<p><strong>Beneficios<\/strong>: Los reemplazos de rodilla personalizados a menudo mejoran la alineaci\u00f3n, la estabilidad y reducen el dolor en comparaci\u00f3n con los reemplazos de rodilla est\u00e1ndar.<\/p>\n<p><strong>Recuperaci\u00f3n<\/strong>: El proceso de recuperaci\u00f3n incluye fisioterapia para recuperar la fuerza y el rango de movimiento de la rodilla, lo que generalmente resulta en una reducci\u00f3n del dolor y una mejor funci\u00f3n de la rodilla.<\/p>\n<h1><\/h1>\n<h1>Acerca de Oakdale<\/h1>\n<h2>Oakdale, Nueva York: una mezcla de historia, cultura, demograf\u00eda, econom\u00eda y turismo<\/h2>\n<p>Oakdale, una encantadora aldea ubicada en la costa sur de Long Island, Nueva York, ofrece un rico tapiz de historia, cultura, demograf\u00eda, econom\u00eda y turismo. Situado en el condado de Suffolk, Oakdale tiene un car\u00e1cter \u00fanico moldeado por su pasado y presente. Esta exploraci\u00f3n exhaustiva profundiza en las facetas que definen a Oakdale, proporcionando informaci\u00f3n sobre su evoluci\u00f3n, la diversa comunidad que lo llama hogar, su paisaje econ\u00f3mico y su atractivo como destino tur\u00edstico.<\/p>\n<p>&nbsp;<\/p>\n<h2>Historia<\/h2>\n<p>La historia de Oakdale est\u00e1 profundamente entrelazada con el desarrollo de Long Island. Originalmente habitada por tribus ind\u00edgenas algonquinas, el \u00e1rea que se convertir\u00eda en Oakdale fue colonizada por europeos a mediados del siglo XVII. Durante la Revoluci\u00f3n Americana, sirvi\u00f3 como un lugar estrat\u00e9gico para las fuerzas brit\u00e1nicas, pero despu\u00e9s de la guerra, la aldea comenz\u00f3 a crecer como una comunidad agr\u00edcola.<\/p>\n<p>Uno de los monumentos m\u00e1s emblem\u00e1ticos de Oakdale es la Mansi\u00f3n Vanderbilt, formalmente conocida como William K. Vanderbilt II Estate. Terminada en 1936, esta opulenta mansi\u00f3n refleja la Edad Dorada y se erige como un testimonio de la riqueza y el lujo de esa \u00e9poca. Hoy en d\u00eda, sirve como museo y es una atracci\u00f3n hist\u00f3rica popular.<\/p>\n<p>&nbsp;<\/p>\n<h2>Cultura<\/h2>\n<p>La escena cultural de Oakdale es vibrante, enriquecida por diversas formas de expresi\u00f3n art\u00edstica. El Parque Estatal Bayard Cutting Arboretum es un notable centro cultural, que ofrece hermosos jardines, senderos naturales y conciertos al aire libre. El parque tambi\u00e9n alberga el Consejo de las Artes de Islip, que organiza eventos culturales, exposiciones de arte y programas educativos.<\/p>\n<p>Oakdale tambi\u00e9n es el hogar del Centro de Artes Esc\u00e9nicas CM, que alberga producciones teatrales, musicales y eventos comunitarios. El centro desempe\u00f1a un papel importante en el fomento del talento local y en la prestaci\u00f3n de entretenimiento a los residentes y visitantes.<\/p>\n<p>&nbsp;<\/p>\n<h2>Demograf\u00eda<\/h2>\n<p>Oakdale cuenta con una poblaci\u00f3n diversa que contribuye a su vibrante comunidad. Seg\u00fan los \u00faltimos datos disponibles de la Oficina del Censo de EE. UU., seg\u00fan el Censo de 2020, Oakdale ten\u00eda una poblaci\u00f3n de aproximadamente 8,065 residentes. La demograf\u00eda de Oakdale refleja una mezcla de edades, etnias y or\u00edgenes, creando un ambiente acogedor e inclusivo.<\/p>\n<p>&nbsp;<\/p>\n<h2>Econom\u00eda<\/h2>\n<p>La econom\u00eda de Oakdale es diversa e interconectada con las \u00e1reas circundantes de Long Island. Oakdale ofrece varias oportunidades de empleo en sectores como el comercio minorista, la atenci\u00f3n m\u00e9dica y la educaci\u00f3n. La presencia del Distrito Escolar Central de Connetquot proporciona puestos de trabajo en el sector de la educaci\u00f3n, mientras que los profesionales de la salud trabajan en instalaciones m\u00e9dicas locales.<\/p>\n<p>Adem\u00e1s, Oakdale se beneficia de su proximidad a centros econ\u00f3micos m\u00e1s grandes como la ciudad de Nueva York. Muchos residentes viajan diariamente a la ciudad por trabajo, aprovechando la estaci\u00f3n Long Island Rail Road (LIRR) en Oakdale, que los conecta con el \u00e1rea metropolitana.<\/p>\n<p>&nbsp;<\/p>\n<h2>Turismo<\/h2>\n<p>El turismo es un aspecto significativo de la identidad de Oakdale, que atrae a visitantes de cerca y de lejos. La finca William K. Vanderbilt II, mencionada anteriormente, es una importante atracci\u00f3n tur\u00edstica, que ofrece visitas guiadas a la mansi\u00f3n y sus terrenos. Los visitantes pueden explorar la historia de la familia Vanderbilt y la conexi\u00f3n de la finca con Oakdale.<\/p>\n<p>El Parque Estatal Bayard Cutting Arboretum es otro destino tur\u00edstico destacado. Sus pintorescos jardines, senderos para caminar y un ambiente sereno lo convierten en un lugar ideal para entusiastas de la naturaleza, excursionistas y familias que buscan un d\u00eda al aire libre.<\/p>\n<p>Para los interesados en la historia mar\u00edtima, la Seatuck Environmental Association&#8217;s Scully Estate ofrece programas educativos, paseos por la naturaleza y exposiciones relacionadas con los ecosistemas de Long Island y la Gran Bah\u00eda del Sur.<\/p>\n<p>Oakdale, Nueva York, es un lugar donde la historia se encuentra con la cultura, donde la demograf\u00eda diversa crea una comunidad pr\u00f3spera, donde una econom\u00eda multifac\u00e9tica sustenta los medios de vida y donde el turismo prospera debido a sus atracciones \u00fanicas. A medida que Oakdale sigue evolucionando, su rico patrimonio y su din\u00e1mico presente garantizan que siga siendo un lugar atractivo y acogedor tanto para residentes como para visitantes, encarnando la esencia de la costa sur de Long Island.<\/p>\n<h2><\/h2>\n<h2>Indicaciones<\/h2>\n<p>Para ir desde Oakdale, NY, a Complete Orthopedics en 105 Medford Ave Route 112, Suite A, Patchogue, NY 11772, siga estas indicaciones:<\/p>\n<p>1. Comience dirigi\u00e9ndose hacia el este por Montauk Hwy \/ NY-27A E hacia Maple Ave.<br \/>\n2. Contin\u00fae por Montauk Hwy\/NY-27A E durante aproximadamente 2.5 millas.<br \/>\n3. Incorp\u00f3rese a NY-27 E a trav\u00e9s de la rampa hacia Sunrise Hwy E.<br \/>\n4. Contin\u00fae por NY-27 E durante aproximadamente 3 millas.<br \/>\n5. Tome la salida 51 hacia Patchogue\/NY-112.<br \/>\n6. Incorp\u00f3rese a County Rd 19 S\/Waverly Ave.<br \/>\n7. Contin\u00fae por Waverly Ave durante aproximadamente 1 milla.<br \/>\n8. Gire a la derecha en Montauk Hwy\/NY-27A W.<br \/>\n9. Incorp\u00f3rese a Hospital Rd hacia NY-112 S\/Patchogue\/Yaphank.<br \/>\n10. Contin\u00fae por Hospital Rd durante aproximadamente 0.2 millas.<br \/>\n11. Gire a la derecha en Medford Ave.<br \/>\n12. Contin\u00fae por Medford Ave durante aproximadamente 0.5 millas.<br \/>\n13. Llegar\u00e1 a 105 Medford Ave Route 112, Suite A, Patchogue, NY 11772, a su izquierda.<\/p>\n<p>Ahora ha llegado a Complete Orthopedics en Patchogue, NY, desde Oakdale, NY.<\/p>\n<p>&nbsp;<\/p>\n<h2>Centros de atenci\u00f3n m\u00e9dica cerca de Oakdale, NY, incluyendo farmacias, un centro de radiolog\u00eda, un centro de atenci\u00f3n de urgencia y hospitales.<\/h2>\n<p><strong>Farmacias:<\/strong><br \/>\n<strong>1. Farmacia CVS &#8211; Oakdale<\/strong><br \/>\nDirecci\u00f3n: 1350 Montauk Hwy, Oakdale, NY 11769<\/p>\n<p><strong>2. Farmacia Rite Aid &#8211; Oakdale<\/strong><br \/>\nDirecci\u00f3n: 891 Montauk Hwy, Oakdale, NY 11769<\/p>\n<p><strong>3. Farmacia Walgreens &#8211; Sayville (Cerca de Oakdale)<\/strong><br \/>\nDirecci\u00f3n: 531 Sunrise Hwy, Sayville, NY 11782<\/p>\n<p><strong>Centro de Radiolog\u00eda:<\/strong><br \/>\n<strong>1. South Shore Radiology &#8211; Sayville (Cerca de Oakdale)<\/strong><br \/>\nDirecci\u00f3n: 475 Montauk Hwy, Sayville, NY 11782<\/p>\n<p><strong>Atenci\u00f3n de urgencia:<\/strong><br \/>\n<strong>1. GoHealth Urgent Care &#8211; Sayville (Cerca de Oakdale)<\/strong><br \/>\nDirecci\u00f3n: 333 Sunrise Hwy, Sayville, NY 11782<\/p>\n<p><strong>Hospitales:<\/strong><br \/>\n<strong>1. Hospital Southside &#8211; Bay Shore (cerca de Oakdale)<\/strong><br \/>\nDirecci\u00f3n: 301 E Main St, Bay Shore, NY 11706<\/p>\n<p><strong>2. Centro M\u00e9dico del Hospital Buen Samaritano &#8211; West Islip (Cerca de Oakdale)<\/strong><br \/>\nDirecci\u00f3n: 1000 Montauk Hwy, West Islip, NY 11795<\/p>\n<p>&nbsp;<\/p>\n<p>En el coraz\u00f3n de nuestra misi\u00f3n est\u00e1 brindar atenci\u00f3n ortop\u00e9dica integral a los pacientes dentro de nuestra comunidad, incluidos los mencionados anteriormente. Ya sea que acuda a nosotros a trav\u00e9s de una referencia para un tratamiento ortop\u00e9dico o busque orientaci\u00f3n para cualquier inquietud ortop\u00e9dica, nuestro equipo dedicado las 24 horas del d\u00eda, los 7 d\u00edas de la semana, siempre est\u00e1 a solo una llamada de distancia. Estamos aqu\u00ed para brindarle asistencia r\u00e1pida y compasiva.<\/p>\n<p>Entendemos que muchas personas buscan tratamiento para lesiones relacionadas con el trabajo cubiertas por la compensaci\u00f3n laboral y el seguro sin culpa en centros de atenci\u00f3n de urgencia y hospitales. Si su lesi\u00f3n no requiere una visita al hospital, estaremos encantados de ofrecerle un tratamiento ortop\u00e9dico especializado adaptado a su caso espec\u00edfico. No dude en comunicarse con nosotros al 631-981-2663 para programar una cita hoy. Su bienestar sigue siendo nuestra m\u00e1xima prioridad.<\/p>\n","protected":false},"excerpt":{"rendered":"<p>Dr. Nakul Karkare Excelencia Ortop\u00e9dica: Su socio de confianza para el cuidado ortop\u00e9dico en OakdaleNY Bienvenido a Dr. Karkare Ortopedia Excelencia, donde estamos orgullosos de servir como su principal proveedor de atenci\u00f3n ortop\u00e9dica, la ampliaci\u00f3n de nuestros servicios excepcionales a los residentes de Oakdale, NY. Mientras que nuestra ubicaci\u00f3n principal se encuentra en Patchoge, NY, [&hellip;]<\/p>\n","protected":false},"author":33,"featured_media":0,"parent":16544,"menu_order":0,"comment_status":"closed","ping_status":"closed","template":"","meta":{"_et_pb_use_builder":"","_et_pb_old_content":"","_et_gb_content_width":"","footnotes":""},"class_list":["post-21031","page","type-page","status-publish","hentry"],"yoast_head":"<!-- This site is optimized with the Yoast SEO plugin v27.2 - https:\/\/yoast.com\/product\/yoast-seo-wordpress\/ -->\n<title>Oakdale, Nueva York | Best Hip &amp; Knee Surgeon | NY, USA<\/title>\n<meta name=\"description\" content=\"Dr. Nakul Karkare Excelencia Ortop\u00e9dica: Su socio de confianza para el cuidado ortop\u00e9dico en OakdaleNY Bienvenido a Dr. Karkare Ortopedia Excelencia,\" \/>\n<meta name=\"robots\" content=\"index, follow, max-snippet:-1, max-image-preview:large, max-video-preview:-1\" \/>\n<link rel=\"canonical\" href=\"https:\/\/www.newyorkhipknee.com\/es\/contacto\/patchogue-mejor-cirujano-de-reemplazo-de-cadera-y-rodilla\/oakdale-nueva-york\/\" \/>\n<meta property=\"og:locale\" content=\"es_ES\" \/>\n<meta property=\"og:type\" content=\"article\" \/>\n<meta property=\"og:title\" content=\"Oakdale, Nueva York | Best Hip &amp; Knee Surgeon | NY, USA\" \/>\n<meta property=\"og:description\" content=\"Dr. Nakul Karkare Excelencia Ortop\u00e9dica: Su socio de confianza para el cuidado ortop\u00e9dico en OakdaleNY Bienvenido a Dr. Karkare Ortopedia Excelencia,\" \/>\n<meta property=\"og:url\" content=\"https:\/\/www.newyorkhipknee.com\/es\/contacto\/patchogue-mejor-cirujano-de-reemplazo-de-cadera-y-rodilla\/oakdale-nueva-york\/\" \/>\n<meta property=\"og:site_name\" content=\"Best Hip &amp; Knee Surgeon | NY, USA\" \/>\n<meta name=\"twitter:card\" content=\"summary_large_image\" \/>\n<meta name=\"twitter:label1\" content=\"Tiempo de lectura\" \/>\n\t<meta name=\"twitter:data1\" content=\"10 minutos\" \/>\n<script type=\"application\/ld+json\" class=\"yoast-schema-graph\">{\"@context\":\"https:\/\/schema.org\",\"@graph\":[{\"@type\":[\"WebPage\",\"MedicalWebPage\"],\"@id\":\"https:\/\/www.newyorkhipknee.com\/es\/contacto\/patchogue-mejor-cirujano-de-reemplazo-de-cadera-y-rodilla\/oakdale-nueva-york\/\",\"url\":\"https:\/\/www.newyorkhipknee.com\/es\/contacto\/patchogue-mejor-cirujano-de-reemplazo-de-cadera-y-rodilla\/oakdale-nueva-york\/\",\"name\":\"Oakdale, Nueva York | Best Hip &amp; Knee Surgeon | NY, USA\",\"isPartOf\":{\"@id\":\"https:\/\/www.newyorkhipknee.com\/es\/#website\"},\"datePublished\":\"2023-11-08T18:13:39+00:00\",\"description\":\"Dr. Nakul Karkare Excelencia Ortop\u00e9dica: Su socio de confianza para el cuidado ortop\u00e9dico en OakdaleNY Bienvenido a Dr. Karkare Ortopedia Excelencia,\",\"breadcrumb\":{\"@id\":\"https:\/\/www.newyorkhipknee.com\/es\/contacto\/patchogue-mejor-cirujano-de-reemplazo-de-cadera-y-rodilla\/oakdale-nueva-york\/#breadcrumb\"},\"inLanguage\":\"es\",\"potentialAction\":[{\"@type\":\"ReadAction\",\"target\":[\"https:\/\/www.newyorkhipknee.com\/es\/contacto\/patchogue-mejor-cirujano-de-reemplazo-de-cadera-y-rodilla\/oakdale-nueva-york\/\"]}]},{\"@type\":\"BreadcrumbList\",\"@id\":\"https:\/\/www.newyorkhipknee.com\/es\/contacto\/patchogue-mejor-cirujano-de-reemplazo-de-cadera-y-rodilla\/oakdale-nueva-york\/#breadcrumb\",\"itemListElement\":[{\"@type\":\"ListItem\",\"position\":1,\"name\":\"Home\",\"item\":\"https:\/\/www.newyorkhipknee.com\/es\/\"},{\"@type\":\"ListItem\",\"position\":2,\"name\":\"Contacto\",\"item\":\"https:\/\/www.newyorkhipknee.com\/es\/contacto\/\"},{\"@type\":\"ListItem\",\"position\":3,\"name\":\"Patchogue &#8211; Mejor Cirujano de Reemplazo de Cadera y Rodilla\",\"item\":\"https:\/\/www.newyorkhipknee.com\/es\/contacto\/patchogue-mejor-cirujano-de-reemplazo-de-cadera-y-rodilla\/\"},{\"@type\":\"ListItem\",\"position\":4,\"name\":\"Oakdale, Nueva York\"}]},{\"@type\":\"WebSite\",\"@id\":\"https:\/\/www.newyorkhipknee.com\/es\/#website\",\"url\":\"https:\/\/www.newyorkhipknee.com\/es\/\",\"name\":\"Best Hip & Knee Surgeon | NY, USA\",\"description\":\"\",\"potentialAction\":[{\"@type\":\"SearchAction\",\"target\":{\"@type\":\"EntryPoint\",\"urlTemplate\":\"https:\/\/www.newyorkhipknee.com\/es\/?s={search_term_string}\"},\"query-input\":{\"@type\":\"PropertyValueSpecification\",\"valueRequired\":true,\"valueName\":\"search_term_string\"}}],\"inLanguage\":\"es\"}]}<\/script>\n<!-- \/ Yoast SEO plugin. -->","yoast_head_json":{"title":"Oakdale, Nueva York | Best Hip &amp; Knee Surgeon | NY, USA","description":"Dr. Nakul Karkare Excelencia Ortop\u00e9dica: Su socio de confianza para el cuidado ortop\u00e9dico en OakdaleNY Bienvenido a Dr. Karkare Ortopedia Excelencia,","robots":{"index":"index","follow":"follow","max-snippet":"max-snippet:-1","max-image-preview":"max-image-preview:large","max-video-preview":"max-video-preview:-1"},"canonical":"https:\/\/www.newyorkhipknee.com\/es\/contacto\/patchogue-mejor-cirujano-de-reemplazo-de-cadera-y-rodilla\/oakdale-nueva-york\/","og_locale":"es_ES","og_type":"article","og_title":"Oakdale, Nueva York | Best Hip &amp; Knee Surgeon | NY, USA","og_description":"Dr. Nakul Karkare Excelencia Ortop\u00e9dica: Su socio de confianza para el cuidado ortop\u00e9dico en OakdaleNY Bienvenido a Dr. Karkare Ortopedia Excelencia,","og_url":"https:\/\/www.newyorkhipknee.com\/es\/contacto\/patchogue-mejor-cirujano-de-reemplazo-de-cadera-y-rodilla\/oakdale-nueva-york\/","og_site_name":"Best Hip &amp; Knee Surgeon | NY, USA","twitter_card":"summary_large_image","twitter_misc":{"Tiempo de lectura":"10 minutos"},"schema":{"@context":"https:\/\/schema.org","@graph":[{"@type":["WebPage","MedicalWebPage"],"@id":"https:\/\/www.newyorkhipknee.com\/es\/contacto\/patchogue-mejor-cirujano-de-reemplazo-de-cadera-y-rodilla\/oakdale-nueva-york\/","url":"https:\/\/www.newyorkhipknee.com\/es\/contacto\/patchogue-mejor-cirujano-de-reemplazo-de-cadera-y-rodilla\/oakdale-nueva-york\/","name":"Oakdale, Nueva York | Best Hip &amp; Knee Surgeon | NY, USA","isPartOf":{"@id":"https:\/\/www.newyorkhipknee.com\/es\/#website"},"datePublished":"2023-11-08T18:13:39+00:00","description":"Dr. Nakul Karkare Excelencia Ortop\u00e9dica: Su socio de confianza para el cuidado ortop\u00e9dico en OakdaleNY Bienvenido a Dr. Karkare Ortopedia Excelencia,","breadcrumb":{"@id":"https:\/\/www.newyorkhipknee.com\/es\/contacto\/patchogue-mejor-cirujano-de-reemplazo-de-cadera-y-rodilla\/oakdale-nueva-york\/#breadcrumb"},"inLanguage":"es","potentialAction":[{"@type":"ReadAction","target":["https:\/\/www.newyorkhipknee.com\/es\/contacto\/patchogue-mejor-cirujano-de-reemplazo-de-cadera-y-rodilla\/oakdale-nueva-york\/"]}]},{"@type":"BreadcrumbList","@id":"https:\/\/www.newyorkhipknee.com\/es\/contacto\/patchogue-mejor-cirujano-de-reemplazo-de-cadera-y-rodilla\/oakdale-nueva-york\/#breadcrumb","itemListElement":[{"@type":"ListItem","position":1,"name":"Home","item":"https:\/\/www.newyorkhipknee.com\/es\/"},{"@type":"ListItem","position":2,"name":"Contacto","item":"https:\/\/www.newyorkhipknee.com\/es\/contacto\/"},{"@type":"ListItem","position":3,"name":"Patchogue &#8211; Mejor Cirujano de Reemplazo de Cadera y Rodilla","item":"https:\/\/www.newyorkhipknee.com\/es\/contacto\/patchogue-mejor-cirujano-de-reemplazo-de-cadera-y-rodilla\/"},{"@type":"ListItem","position":4,"name":"Oakdale, Nueva York"}]},{"@type":"WebSite","@id":"https:\/\/www.newyorkhipknee.com\/es\/#website","url":"https:\/\/www.newyorkhipknee.com\/es\/","name":"Best Hip & Knee Surgeon | NY, USA","description":"","potentialAction":[{"@type":"SearchAction","target":{"@type":"EntryPoint","urlTemplate":"https:\/\/www.newyorkhipknee.com\/es\/?s={search_term_string}"},"query-input":{"@type":"PropertyValueSpecification","valueRequired":true,"valueName":"search_term_string"}}],"inLanguage":"es"}]}},"_links":{"self":[{"href":"https:\/\/www.newyorkhipknee.com\/es\/wp-json\/wp\/v2\/pages\/21031","targetHints":{"allow":["GET"]}}],"collection":[{"href":"https:\/\/www.newyorkhipknee.com\/es\/wp-json\/wp\/v2\/pages"}],"about":[{"href":"https:\/\/www.newyorkhipknee.com\/es\/wp-json\/wp\/v2\/types\/page"}],"author":[{"embeddable":true,"href":"https:\/\/www.newyorkhipknee.com\/es\/wp-json\/wp\/v2\/users\/33"}],"replies":[{"embeddable":true,"href":"https:\/\/www.newyorkhipknee.com\/es\/wp-json\/wp\/v2\/comments?post=21031"}],"version-history":[{"count":0,"href":"https:\/\/www.newyorkhipknee.com\/es\/wp-json\/wp\/v2\/pages\/21031\/revisions"}],"up":[{"embeddable":true,"href":"https:\/\/www.newyorkhipknee.com\/es\/wp-json\/wp\/v2\/pages\/16544"}],"wp:attachment":[{"href":"https:\/\/www.newyorkhipknee.com\/es\/wp-json\/wp\/v2\/media?parent=21031"}],"curies":[{"name":"wp","href":"https:\/\/api.w.org\/{rel}","templated":true}]}}