{"id":21032,"date":"2023-11-08T13:42:37","date_gmt":"2023-11-08T18:42:37","guid":{"rendered":"https:\/\/newyorkhipknee.com\/contacto\/patchogue-mejor-cirujano-de-reemplazo-de-cadera-y-rodilla\/lentisco-nueva-york\/"},"modified":"2023-11-08T13:42:37","modified_gmt":"2023-11-08T18:42:37","slug":"lentisco-nueva-york","status":"publish","type":"page","link":"https:\/\/www.newyorkhipknee.com\/es\/contacto\/patchogue-mejor-cirujano-de-reemplazo-de-cadera-y-rodilla\/lentisco-nueva-york\/","title":{"rendered":"Lentisco, Nueva York"},"content":{"rendered":"<h1>Centro Ortop\u00e9dico del Dr. Nakul Karkare: Su socio local para el cuidado ortop\u00e9dico, sirviendo Paatchogue a Mastic, NY<\/h1>\n<p>Bienvenido al Centro Ortop\u00e9dico del Dr. Nakul Karkare, su fuente dedicada a la atenci\u00f3n ortop\u00e9dica de alta calidad, que se extiende sin problemas desde Patchogue a la acogedora comunidad de Mastic, Nueva York. Nos sentimos honrados de ser su centro ortop\u00e9dico local de confianza, comprometido a mejorar el bienestar de los residentes y las personas en esta pr\u00f3spera regi\u00f3n.<\/p>\n<p>En el Centro Ortop\u00e9dico del Dr. Nakul Karkare, nuestra misi\u00f3n es inquebrantable: proporcionar una atenci\u00f3n ortop\u00e9dica integral, compasiva y avanzada. Reconocemos el papel fundamental que desempe\u00f1a la salud ortop\u00e9dica en su vida diaria.<\/p>\n<p>Tanto si est\u00e1 en v\u00edas de recuperarse de una lesi\u00f3n, como si est\u00e1 tratando afecciones musculoesquel\u00e9ticas cr\u00f3nicas o buscando orientaci\u00f3n para optimizar su bienestar ortop\u00e9dico, nuestro equipo de expertos est\u00e1 aqu\u00ed para guiarle hacia una movilidad mejorada y una vida libre de molestias.<\/p>\n<p>Nuestra presencia conecta perfectamente Patchogue con Mastic, garantiz\u00e1ndole un c\u00f3modo acceso a nuestros excepcionales servicios ortop\u00e9dicos. A trav\u00e9s de nuestro blog informativo y recursos educativos, nuestro objetivo es brindarle informaci\u00f3n valiosa, las \u00faltimas innovaciones en tratamientos ortop\u00e9dicos y consejos pr\u00e1cticos para ayudarlo a llevar un estilo de vida activo y sin dolor.<\/p>\n<p>&nbsp;<\/p>\n<h2>Estamos encantados de ofrecer estos amplios servicios ortop\u00e9dicos en Mastic, NY:<\/h2>\n<h2><a role=\"link\" href=\"https:\/\/newyorkhipknee.com\/custom-knee-replacement-surgery\/\" target=\"_blank\" rel=\"noopener\">Sustituci\u00f3n individualizada de rodilla:<\/a><\/h2>\n<p>&#8211; La pr\u00f3tesis de rodilla personalizada es un procedimiento quir\u00fargico avanzado que consiste en sustituir una articulaci\u00f3n de rodilla da\u00f1ada por un implante artificial especialmente dise\u00f1ado y adaptado meticulosamente a la estructura anat\u00f3mica \u00fanica del paciente.<br \/>\n&#8211; Este implante se elabora de forma intrincada utilizando tecnolog\u00eda de imagen de vanguardia, que crea un modelo tridimensional de la articulaci\u00f3n de la rodilla del paciente. Posteriormente, se elabora meticulosamente un implante a medida para que se adapte perfectamente a la rodilla del paciente.<br \/>\n&#8211; Este procedimiento se recomienda a las personas que padecen dolor intenso, rigidez e inflamaci\u00f3n de rodilla, lo que limita considerablemente sus actividades cotidianas y su calidad de vida.<br \/>\n&#8211; La pr\u00f3tesis de rodilla individualizada puede aliviar eficazmente el dolor, mejorar la movilidad y elevar la calidad de vida general de los pacientes con problemas en la articulaci\u00f3n de la rodilla.<br \/>\n&#8211; El Dr. Karkare posee un dominio excepcional de las t\u00e9cnicas quir\u00fargicas m\u00ednimamente invasivas para la sustituci\u00f3n articular. Emplea m\u00e9todos innovadores y tecnolog\u00eda de vanguardia para garantizar la colocaci\u00f3n precisa de los componentes de los implantes a trav\u00e9s de incisiones m\u00e1s peque\u00f1as que preservan los tejidos.<br \/>\n&#8211; Los pacientes que se someten a una artroplastia de rodilla personalizada pueden esperar una reducci\u00f3n del dolor, una recuperaci\u00f3n m\u00e1s r\u00e1pida y una mejora de la amplitud de movimiento en comparaci\u00f3n con las artroplastias tradicionales.<\/p>\n<p>&nbsp;<\/p>\n<h2><a role=\"link\" href=\"https:\/\/newyorkhipknee.com\/hip-replacement-surgery\/\" target=\"_blank\" rel=\"noopener\">Pr\u00f3tesis de cadera:<\/a><\/h2>\n<p>&#8211; La artroplastia de cadera es un sofisticado procedimiento quir\u00fargico que consiste en sustituir una articulaci\u00f3n de cadera disfuncional por un implante artificial meticulosamente dise\u00f1ado, que reproduce de forma art\u00edstica la estructura y funci\u00f3n naturales de la articulaci\u00f3n de la cadera. Esto permite a los pacientes recuperar la movilidad y encontrar alivio a las molestias.<br \/>\n&#8211; Este procedimiento se recomienda a las personas que padecen dolor intenso de cadera, rigidez e inflamaci\u00f3n, que dificultan considerablemente sus actividades cotidianas y su calidad de vida.<br \/>\n&#8211; El Dr. Karkare est\u00e1 altamente cualificado en la utilizaci\u00f3n tanto de t\u00e9cnicas quir\u00fargicas tradicionales \u00ababiertas\u00bb como de abordajes m\u00ednimamente invasivos para la cirug\u00eda de pr\u00f3tesis de cadera.<br \/>\n&#8211; Los pacientes que se someten a una artroplastia de cadera pueden esperar una disminuci\u00f3n del dolor, una recuperaci\u00f3n acelerada y una mejora de la amplitud de movimiento en comparaci\u00f3n con su estado antes de la intervenci\u00f3n.<br \/>\n&#8211; El Dr. Karkare emplea t\u00e9cnicas de vanguardia y tecnolog\u00eda punta para garantizar la colocaci\u00f3n precisa de los componentes del implante a trav\u00e9s de incisiones m\u00e1s peque\u00f1as que preservan los tejidos.<\/p>\n<h2>Ventajas de la pr\u00f3tesis personalizada de rodilla y cadera:<\/h2>\n<p>&#8211; Alivio del dolor y las molestias articulares causados por da\u00f1os.<br \/>\n&#8211; Mayor movilidad y amplitud de movimiento.<br \/>\n&#8211; Mejora de la calidad de vida en general.<br \/>\n&#8211; Recuperaci\u00f3n m\u00e1s r\u00e1pida en comparaci\u00f3n con los m\u00e9todos quir\u00fargicos tradicionales.<br \/>\n&#8211; Utilizaci\u00f3n de t\u00e9cnicas quir\u00fargicas m\u00ednimamente invasivas para reducir el dolor y acelerar la recuperaci\u00f3n.<br \/>\n&#8211; Colocaci\u00f3n precisa de los componentes del implante a trav\u00e9s de incisiones m\u00e1s peque\u00f1as que conservan los tejidos.<br \/>\n&#8211; Implantes personalizados adaptados a la anatom\u00eda \u00fanica del paciente, lo que permite obtener resultados superiores.<\/p>\n<p>El Dr. Karkare est\u00e1 profundamente comprometido con la prestaci\u00f3n de servicios integrales para las personas que se enfrentan a una serie de afecciones musculoesquel\u00e9ticas. Entiende el profundo impacto que los problemas ortop\u00e9dicos y las lesiones pueden tener en la vida cotidiana, y se dedica a ayudar a los pacientes a recuperar la movilidad, aliviar el dolor y mejorar su calidad de vida en general. Las consultas est\u00e1n disponibles en varios lugares de Manhattan y Long Island, Nueva York, ofreciendo a los pacientes la flexibilidad de elegir el lugar m\u00e1s conveniente para una consulta sin compromiso.<\/p>\n<p>Si padece dolor articular, rigidez, inflamaci\u00f3n o ha sufrido una lesi\u00f3n, no dude en ponerse en contacto con nosotros. Nuestro equipo de especialistas est\u00e1 aqu\u00ed para facilitarle la vuelta a las actividades que le gustan. Somos sus vecinos y su bienestar es nuestra m\u00e1xima prioridad. Perm\u00edtanos guiarle en su viaje hacia una mejor salud ortop\u00e9dica.<\/p>\n<h1><\/h1>\n<h1>Acerca de Mastic<\/h1>\n<h2>Mastic, Nueva York: Un vistazo a la historia, la cultura, la econom\u00eda, la demograf\u00eda y el turismo<\/h2>\n<p>Mastic, una pintoresca aldea situada en el extremo oriental de Long Island, Nueva York, es un lugar con una rica historia, una cultura vibrante, una econom\u00eda diversa, una demograf\u00eda \u00fanica y potencial como destino tur\u00edstico. Este art\u00edculo profundiza en los aspectos multifac\u00e9ticos que definen a Mastic, ofreciendo una visi\u00f3n integral de esta encantadora comunidad.<\/p>\n<p>&nbsp;<\/p>\n<h2>Historia:<\/h2>\n<p>La historia de Mastic est\u00e1 profundamente entrelazada con los primeros asentamientos europeos en Long Island. La aldea fue habitada originalmente por el pueblo ind\u00edgena Mastic, parte de la tribu de habla algonquina. En el siglo XVII, llegaron los colonos europeos y, a finales de 1600, la zona se hab\u00eda establecido como una comunidad agr\u00edcola.<\/p>\n<p>Una de las figuras m\u00e1s destacadas de la historia de Mastic es William Floyd, firmante de la Declaraci\u00f3n de Independencia. La hist\u00f3rica casa de Floyd, William Floyd Estate, se encuentra en Mastic Beach y hoy es un museo. Este sitio ic\u00f3nico ofrece a los visitantes una visi\u00f3n de la vida de un patriota estadounidense.<\/p>\n<p>&nbsp;<\/p>\n<h2>Cultura:<\/h2>\n<p>Mastic presume de una cultura diversa y vibrante, conformada por los or\u00edgenes y experiencias de sus residentes. La comunidad celebra su patrimonio a trav\u00e9s de eventos y festivales locales. El Festival Anual de Artes y M\u00fasica de Mastic Beach, por ejemplo, muestra el talento de artistas, m\u00fasicos y artesanos locales. Es un d\u00eda lleno de arte, m\u00fasica y deliciosa comida, testimonio del esp\u00edritu creativo de Mastic.<\/p>\n<p>Adem\u00e1s, la proximidad de Mastic al pintoresco litoral de la costa sur de Long Island infunde a la comunidad una fuerte conexi\u00f3n con las tradiciones mar\u00edtimas. Los residentes a menudo participan en actividades como pescar, pasear en bote y disfrutar de las hermosas playas, fomentando el amor por el mar que est\u00e1 profundamente arraigado en la cultura local.<\/p>\n<p>&nbsp;<\/p>\n<h2>Econom\u00eda:<\/h2>\n<p>La econom\u00eda de Mastic ha evolucionado a lo largo de los a\u00f1os, pasando de sus ra\u00edces agr\u00edcolas a abarcar diversos sectores. Si bien la agricultura todav\u00eda desempe\u00f1a un papel en la econom\u00eda local, otras industrias han ganado protagonismo, como la atenci\u00f3n m\u00e9dica, el comercio minorista y la hosteler\u00eda. Mastic alberga peque\u00f1as empresas que contribuyen al dinamismo econ\u00f3mico de la aldea.<\/p>\n<p>Un desarrollo econ\u00f3mico notable es el crecimiento de vi\u00f1edos y bodegas locales en la regi\u00f3n m\u00e1s amplia de Long Island. Estas bodegas atraen a los turistas y dinamizan la econom\u00eda fomentando el enoturismo. La proximidad de Mastic a estos vi\u00f1edos la convierte en una base id\u00f3nea para los aficionados al vino que visiten la zona.<\/p>\n<p>&nbsp;<\/p>\n<h2>Demograf\u00eda:<\/h2>\n<p>La demograf\u00eda de Mastic refleja la diversidad de sus residentes. Seg\u00fan los \u00faltimos datos, la poblaci\u00f3n de Mastic est\u00e1 compuesta por personas de diversos or\u00edgenes raciales y \u00e9tnicos. La comunidad se caracteriza por su ambiente acogedor, donde los residentes de diferentes \u00e1mbitos de la vida conviven armoniosamente.<\/p>\n<p>&nbsp;<\/p>\n<h2>Turismo:<\/h2>\n<p>El lentisco tiene un gran potencial como destino tur\u00edstico debido a su belleza natural y su importancia hist\u00f3rica. Las impresionantes playas de la aldea, a lo largo de Great South Bay, ofrecen oportunidades para nadar, tomar el sol y practicar deportes acu\u00e1ticos. Los visitantes tambi\u00e9n pueden explorar la serena Reserva Natural de Mastic Beach, un para\u00edso para la observaci\u00f3n de aves y el senderismo.<\/p>\n<p>La proximidad de Mastic a la finca de William Floyd, monumento hist\u00f3rico nacional, la convierte en un punto de partida ideal para los amantes de la historia. Los turistas pueden adentrarse en el pasado recorriendo la finca y aprendiendo sobre las contribuciones de William Floyd a la independencia de Estados Unidos.<\/p>\n<p>Adem\u00e1s, el Festival Anual de Artes y M\u00fasica de Mastic Beach atrae a visitantes de todo Long Island, contribuyendo a la econom\u00eda local y fomentando un sentido de esp\u00edritu comunitario.<\/p>\n<p>En conclusi\u00f3n, Mastic, Nueva York, es una aldea encantadora con una rica historia, una cultura vibrante, una econom\u00eda diversa, una demograf\u00eda \u00fanica y un potencial tur\u00edstico. A medida que sigue evolucionando, Mastic sigue siendo un lugar donde residentes y visitantes por igual pueden apreciar la belleza de la costa sur de Long Island y la importancia de sus hitos hist\u00f3ricos. Ya sea explorando sus playas de arena, participando en sus eventos culturales o sumergi\u00e9ndose en su rica historia, Mastic ofrece algo para todos los gustos, lo que la convierte en una joya oculta del extremo oriental de Long Island.<\/p>\n<p>&nbsp;<\/p>\n<h2>Indicaciones<\/h2>\n<p>Estas son las indicaciones desde Mastic, NY, para Complete Orthopedics en 105 Medford Ave Route 112, Suite A, Patchogue, NY 11772:<\/p>\n<p>1. Comience dirigi\u00e9ndose hacia el norte por Mastic Rd hacia Eleanor Ave.<\/p>\n<p>2. Contin\u00fae por Mastic Rd durante aproximadamente 2.5 millas.<\/p>\n<p>3. Gire a la izquierda en Montauk Hwy\/NY-27A W.<\/p>\n<p>4. Permanezca en Montauk Hwy\/NY-27A W durante aproximadamente 5.7 millas.<\/p>\n<p>5. Incorp\u00f3rese a NY-112 N a trav\u00e9s de la rampa hacia Medford\/Patchogue.<\/p>\n<p>6. Contin\u00fae por NY-112 N durante aproximadamente 3.2 millas.<\/p>\n<p>7. Llegar\u00e1 a 105 Medford Ave, Suite A, en Patchogue, NY 11772. La ortopedia completa estar\u00e1 a su derecha.<\/p>\n<p>Tenga en cuenta que estas indicaciones son aproximadas, por lo que es recomendable utilizar una aplicaci\u00f3n de navegaci\u00f3n o un GPS para orientarse en tiempo real y llegar a su destino con precisi\u00f3n. \u00a1Buen viaje!<\/p>\n<p>&nbsp;<\/p>\n<h2>Centros de atenci\u00f3n m\u00e9dica cerca de Mastic, NY, incluyendo farmacias, un centro de radiolog\u00eda, un centro de atenci\u00f3n de urgencia y hospitales.<\/h2>\n<p><strong>Farmacias:<\/strong><br \/>\n<strong>1. Farmacia Walgreens &#8211; Mastic<\/strong><br \/>\nDirecci\u00f3n: 1481 Montauk Hwy, Mastic, NY 11950<\/p>\n<p><strong>2. Farmacia Rite Aid &#8211; Mastic Beach<\/strong><br \/>\nDirecci\u00f3n: 330 Mastic Rd, Mastic Beach, NY 11951<\/p>\n<p><strong>3. Farmacia CVS &#8211; Shirley<\/strong><br \/>\nDirecci\u00f3n: 1019 Montauk Hwy, Shirley, NY 11967<\/p>\n<p><strong>Centro de Radiolog\u00eda:<\/strong><br \/>\n<strong>1. Brookhaven Memorial Hospital Medical Center &#8211; Departamento de Radiolog\u00eda<\/strong><br \/>\nDirecci\u00f3n: 101 Hospital Rd, Patchogue, NY 11772<\/p>\n<p><strong>Atenci\u00f3n de urgencia:<\/strong><br \/>\n<strong>1. GoHealth Urgent Care &#8211; Shirley<\/strong><br \/>\nDirecci\u00f3n: 865 Montauk Hwy, Shirley, NY 11967<\/p>\n<p><strong>Hospitales:<\/strong><br \/>\n<strong>1. Centro M\u00e9dico del Hospital Brookhaven Memorial &#8211; Patchogue<\/strong><br \/>\nDirecci\u00f3n: 101 Hospital Rd, Patchogue, NY 11772<\/p>\n<p><strong>2. Centro M\u00e9dico Peconic Bay &#8211; Riverhead<\/strong><br \/>\nDirecci\u00f3n: 1300 Roanoke Ave, Riverhead, NY 11901.<\/p>\n<p>&nbsp;<\/p>\n<p>Nos enorgullecemos de brindar atenci\u00f3n ortop\u00e9dica integral a pacientes de varios hospitales locales y centros de atenci\u00f3n de urgencia, incluidos los que mencionamos anteriormente. Ya sea que haya sido referido a nosotros para un tratamiento ortop\u00e9dico o si tiene preguntas o inquietudes sobre su salud ortop\u00e9dica, no dude en comunicarse con nuestro equipo dedicado las 24 horas del d\u00eda, los 7 d\u00edas de la semana. Estamos aqu\u00ed para ayudarlo con prontitud y empat\u00eda sincera.<\/p>\n<p>Entendemos que muchas personas buscan atenci\u00f3n en centros de atenci\u00f3n de urgencia y hospitales por lesiones relacionadas con la compensaci\u00f3n laboral y el seguro sin culpa. Si su lesi\u00f3n no requiere una visita al hospital, estamos m\u00e1s que dispuestos a brindarle un tratamiento ortop\u00e9dico experto adaptado espec\u00edficamente a sus necesidades. No dude en ponerse en contacto con nosotros al 631-981-2663 para programar una cita con nosotros hoy. Su bienestar sigue siendo nuestra m\u00e1xima prioridad, y estamos comprometidos a apoyarlo en su camino hacia la recuperaci\u00f3n.<\/p>\n","protected":false},"excerpt":{"rendered":"<p>Centro Ortop\u00e9dico del Dr. Nakul Karkare: Su socio local para el cuidado ortop\u00e9dico, sirviendo Paatchogue a Mastic, NY Bienvenido al Centro Ortop\u00e9dico del Dr. Nakul Karkare, su fuente dedicada a la atenci\u00f3n ortop\u00e9dica de alta calidad, que se extiende sin problemas desde Patchogue a la acogedora comunidad de Mastic, Nueva York. Nos sentimos honrados de [&hellip;]<\/p>\n","protected":false},"author":33,"featured_media":0,"parent":16544,"menu_order":0,"comment_status":"closed","ping_status":"closed","template":"","meta":{"_et_pb_use_builder":"","_et_pb_old_content":"","_et_gb_content_width":"","footnotes":""},"class_list":["post-21032","page","type-page","status-publish","hentry"],"yoast_head":"<!-- This site is optimized with the Yoast SEO plugin v27.2 - https:\/\/yoast.com\/product\/yoast-seo-wordpress\/ -->\n<title>Lentisco, Nueva York | Best Hip &amp; Knee Surgeon | NY, USA<\/title>\n<meta name=\"description\" content=\"Centro Ortop\u00e9dico del Dr. Nakul Karkare: Su socio local para el cuidado ortop\u00e9dico, sirviendo Paatchogue a Mastic, NY Bienvenido al Centro Ortop\u00e9dico del\" \/>\n<meta name=\"robots\" content=\"index, follow, max-snippet:-1, max-image-preview:large, max-video-preview:-1\" \/>\n<link rel=\"canonical\" href=\"https:\/\/www.newyorkhipknee.com\/es\/contacto\/patchogue-mejor-cirujano-de-reemplazo-de-cadera-y-rodilla\/lentisco-nueva-york\/\" \/>\n<meta property=\"og:locale\" content=\"es_ES\" \/>\n<meta property=\"og:type\" content=\"article\" \/>\n<meta property=\"og:title\" content=\"Lentisco, Nueva York | Best Hip &amp; Knee Surgeon | NY, USA\" \/>\n<meta property=\"og:description\" content=\"Centro Ortop\u00e9dico del Dr. Nakul Karkare: Su socio local para el cuidado ortop\u00e9dico, sirviendo Paatchogue a Mastic, NY Bienvenido al Centro Ortop\u00e9dico del\" \/>\n<meta property=\"og:url\" content=\"https:\/\/www.newyorkhipknee.com\/es\/contacto\/patchogue-mejor-cirujano-de-reemplazo-de-cadera-y-rodilla\/lentisco-nueva-york\/\" \/>\n<meta property=\"og:site_name\" content=\"Best Hip &amp; Knee Surgeon | NY, USA\" \/>\n<meta name=\"twitter:card\" content=\"summary_large_image\" \/>\n<meta name=\"twitter:label1\" content=\"Tiempo de lectura\" \/>\n\t<meta name=\"twitter:data1\" content=\"11 minutos\" \/>\n<script type=\"application\/ld+json\" class=\"yoast-schema-graph\">{\"@context\":\"https:\/\/schema.org\",\"@graph\":[{\"@type\":[\"WebPage\",\"MedicalWebPage\"],\"@id\":\"https:\/\/www.newyorkhipknee.com\/es\/contacto\/patchogue-mejor-cirujano-de-reemplazo-de-cadera-y-rodilla\/lentisco-nueva-york\/\",\"url\":\"https:\/\/www.newyorkhipknee.com\/es\/contacto\/patchogue-mejor-cirujano-de-reemplazo-de-cadera-y-rodilla\/lentisco-nueva-york\/\",\"name\":\"Lentisco, Nueva York | Best Hip &amp; Knee Surgeon | NY, USA\",\"isPartOf\":{\"@id\":\"https:\/\/www.newyorkhipknee.com\/es\/#website\"},\"datePublished\":\"2023-11-08T18:42:37+00:00\",\"description\":\"Centro Ortop\u00e9dico del Dr. Nakul Karkare: Su socio local para el cuidado ortop\u00e9dico, sirviendo Paatchogue a Mastic, NY Bienvenido al Centro Ortop\u00e9dico del\",\"breadcrumb\":{\"@id\":\"https:\/\/www.newyorkhipknee.com\/es\/contacto\/patchogue-mejor-cirujano-de-reemplazo-de-cadera-y-rodilla\/lentisco-nueva-york\/#breadcrumb\"},\"inLanguage\":\"es\",\"potentialAction\":[{\"@type\":\"ReadAction\",\"target\":[\"https:\/\/www.newyorkhipknee.com\/es\/contacto\/patchogue-mejor-cirujano-de-reemplazo-de-cadera-y-rodilla\/lentisco-nueva-york\/\"]}]},{\"@type\":\"BreadcrumbList\",\"@id\":\"https:\/\/www.newyorkhipknee.com\/es\/contacto\/patchogue-mejor-cirujano-de-reemplazo-de-cadera-y-rodilla\/lentisco-nueva-york\/#breadcrumb\",\"itemListElement\":[{\"@type\":\"ListItem\",\"position\":1,\"name\":\"Home\",\"item\":\"https:\/\/www.newyorkhipknee.com\/es\/\"},{\"@type\":\"ListItem\",\"position\":2,\"name\":\"Contacto\",\"item\":\"https:\/\/www.newyorkhipknee.com\/es\/contacto\/\"},{\"@type\":\"ListItem\",\"position\":3,\"name\":\"Patchogue &#8211; Mejor Cirujano de Reemplazo de Cadera y Rodilla\",\"item\":\"https:\/\/www.newyorkhipknee.com\/es\/contacto\/patchogue-mejor-cirujano-de-reemplazo-de-cadera-y-rodilla\/\"},{\"@type\":\"ListItem\",\"position\":4,\"name\":\"Lentisco, Nueva York\"}]},{\"@type\":\"WebSite\",\"@id\":\"https:\/\/www.newyorkhipknee.com\/es\/#website\",\"url\":\"https:\/\/www.newyorkhipknee.com\/es\/\",\"name\":\"Best Hip & Knee Surgeon | NY, USA\",\"description\":\"\",\"potentialAction\":[{\"@type\":\"SearchAction\",\"target\":{\"@type\":\"EntryPoint\",\"urlTemplate\":\"https:\/\/www.newyorkhipknee.com\/es\/?s={search_term_string}\"},\"query-input\":{\"@type\":\"PropertyValueSpecification\",\"valueRequired\":true,\"valueName\":\"search_term_string\"}}],\"inLanguage\":\"es\"}]}<\/script>\n<!-- \/ Yoast SEO plugin. -->","yoast_head_json":{"title":"Lentisco, Nueva York | Best Hip &amp; Knee Surgeon | NY, USA","description":"Centro Ortop\u00e9dico del Dr. Nakul Karkare: Su socio local para el cuidado ortop\u00e9dico, sirviendo Paatchogue a Mastic, NY Bienvenido al Centro Ortop\u00e9dico del","robots":{"index":"index","follow":"follow","max-snippet":"max-snippet:-1","max-image-preview":"max-image-preview:large","max-video-preview":"max-video-preview:-1"},"canonical":"https:\/\/www.newyorkhipknee.com\/es\/contacto\/patchogue-mejor-cirujano-de-reemplazo-de-cadera-y-rodilla\/lentisco-nueva-york\/","og_locale":"es_ES","og_type":"article","og_title":"Lentisco, Nueva York | Best Hip &amp; Knee Surgeon | NY, USA","og_description":"Centro Ortop\u00e9dico del Dr. Nakul Karkare: Su socio local para el cuidado ortop\u00e9dico, sirviendo Paatchogue a Mastic, NY Bienvenido al Centro Ortop\u00e9dico del","og_url":"https:\/\/www.newyorkhipknee.com\/es\/contacto\/patchogue-mejor-cirujano-de-reemplazo-de-cadera-y-rodilla\/lentisco-nueva-york\/","og_site_name":"Best Hip &amp; Knee Surgeon | NY, USA","twitter_card":"summary_large_image","twitter_misc":{"Tiempo de lectura":"11 minutos"},"schema":{"@context":"https:\/\/schema.org","@graph":[{"@type":["WebPage","MedicalWebPage"],"@id":"https:\/\/www.newyorkhipknee.com\/es\/contacto\/patchogue-mejor-cirujano-de-reemplazo-de-cadera-y-rodilla\/lentisco-nueva-york\/","url":"https:\/\/www.newyorkhipknee.com\/es\/contacto\/patchogue-mejor-cirujano-de-reemplazo-de-cadera-y-rodilla\/lentisco-nueva-york\/","name":"Lentisco, Nueva York | Best Hip &amp; Knee Surgeon | NY, USA","isPartOf":{"@id":"https:\/\/www.newyorkhipknee.com\/es\/#website"},"datePublished":"2023-11-08T18:42:37+00:00","description":"Centro Ortop\u00e9dico del Dr. Nakul Karkare: Su socio local para el cuidado ortop\u00e9dico, sirviendo Paatchogue a Mastic, NY Bienvenido al Centro Ortop\u00e9dico del","breadcrumb":{"@id":"https:\/\/www.newyorkhipknee.com\/es\/contacto\/patchogue-mejor-cirujano-de-reemplazo-de-cadera-y-rodilla\/lentisco-nueva-york\/#breadcrumb"},"inLanguage":"es","potentialAction":[{"@type":"ReadAction","target":["https:\/\/www.newyorkhipknee.com\/es\/contacto\/patchogue-mejor-cirujano-de-reemplazo-de-cadera-y-rodilla\/lentisco-nueva-york\/"]}]},{"@type":"BreadcrumbList","@id":"https:\/\/www.newyorkhipknee.com\/es\/contacto\/patchogue-mejor-cirujano-de-reemplazo-de-cadera-y-rodilla\/lentisco-nueva-york\/#breadcrumb","itemListElement":[{"@type":"ListItem","position":1,"name":"Home","item":"https:\/\/www.newyorkhipknee.com\/es\/"},{"@type":"ListItem","position":2,"name":"Contacto","item":"https:\/\/www.newyorkhipknee.com\/es\/contacto\/"},{"@type":"ListItem","position":3,"name":"Patchogue &#8211; Mejor Cirujano de Reemplazo de Cadera y Rodilla","item":"https:\/\/www.newyorkhipknee.com\/es\/contacto\/patchogue-mejor-cirujano-de-reemplazo-de-cadera-y-rodilla\/"},{"@type":"ListItem","position":4,"name":"Lentisco, Nueva York"}]},{"@type":"WebSite","@id":"https:\/\/www.newyorkhipknee.com\/es\/#website","url":"https:\/\/www.newyorkhipknee.com\/es\/","name":"Best Hip & Knee Surgeon | NY, USA","description":"","potentialAction":[{"@type":"SearchAction","target":{"@type":"EntryPoint","urlTemplate":"https:\/\/www.newyorkhipknee.com\/es\/?s={search_term_string}"},"query-input":{"@type":"PropertyValueSpecification","valueRequired":true,"valueName":"search_term_string"}}],"inLanguage":"es"}]}},"_links":{"self":[{"href":"https:\/\/www.newyorkhipknee.com\/es\/wp-json\/wp\/v2\/pages\/21032","targetHints":{"allow":["GET"]}}],"collection":[{"href":"https:\/\/www.newyorkhipknee.com\/es\/wp-json\/wp\/v2\/pages"}],"about":[{"href":"https:\/\/www.newyorkhipknee.com\/es\/wp-json\/wp\/v2\/types\/page"}],"author":[{"embeddable":true,"href":"https:\/\/www.newyorkhipknee.com\/es\/wp-json\/wp\/v2\/users\/33"}],"replies":[{"embeddable":true,"href":"https:\/\/www.newyorkhipknee.com\/es\/wp-json\/wp\/v2\/comments?post=21032"}],"version-history":[{"count":0,"href":"https:\/\/www.newyorkhipknee.com\/es\/wp-json\/wp\/v2\/pages\/21032\/revisions"}],"up":[{"embeddable":true,"href":"https:\/\/www.newyorkhipknee.com\/es\/wp-json\/wp\/v2\/pages\/16544"}],"wp:attachment":[{"href":"https:\/\/www.newyorkhipknee.com\/es\/wp-json\/wp\/v2\/media?parent=21032"}],"curies":[{"name":"wp","href":"https:\/\/api.w.org\/{rel}","templated":true}]}}