{"id":21041,"date":"2023-11-07T15:51:17","date_gmt":"2023-11-07T20:51:17","guid":{"rendered":"https:\/\/newyorkhipknee.com\/contacto\/patchogue-mejor-cirujano-de-reemplazo-de-cadera-y-rodilla\/quogue-nueva-york\/"},"modified":"2023-11-07T15:51:17","modified_gmt":"2023-11-07T20:51:17","slug":"quogue-nueva-york","status":"publish","type":"page","link":"https:\/\/www.newyorkhipknee.com\/es\/contacto\/patchogue-mejor-cirujano-de-reemplazo-de-cadera-y-rodilla\/quogue-nueva-york\/","title":{"rendered":"Quogue, Nueva York"},"content":{"rendered":"<h1>Centro Ortop\u00e9dico del Dr. Nakul Karkare: Su destino local de atenci\u00f3n ortop\u00e9dica de Patchogue a Quogue, NY<\/h1>\n<p>Bienvenido al Centro Ortop\u00e9dico del Dr. Nakul Karkare, su principal fuente de atenci\u00f3n ortop\u00e9dica excepcional que se extiende sin problemas desde Patchogue a la vibrante comunidad de Quogue, Nueva York. Nos sentimos honrados de ser su centro ortop\u00e9dico local de confianza, comprometido con la mejora del bienestar de los residentes y las personas de esta din\u00e1mica regi\u00f3n.<\/p>\n<p>En el Centro Ortop\u00e9dico del Dr. Nakul Karkare, nuestra misi\u00f3n es inquebrantable: proporcionar atenci\u00f3n ortop\u00e9dica integral, compasiva y de vanguardia. Entendemos el papel fundamental que desempe\u00f1a la salud ortop\u00e9dica en su vida diaria.<\/p>\n<p>Tanto si est\u00e1 en v\u00edas de recuperarse de una lesi\u00f3n, como si est\u00e1 tratando afecciones musculoesquel\u00e9ticas cr\u00f3nicas o buscando orientaci\u00f3n para alcanzar y mantener un bienestar ortop\u00e9dico \u00f3ptimo, nuestro equipo de expertos est\u00e1 aqu\u00ed para guiarle hacia una movilidad mejorada y una vida libre de molestias.<\/p>\n<p>Nuestra presencia conecta a la perfecci\u00f3n Patchogue con Quogue , garantiz\u00e1ndole un c\u00f3modo acceso a nuestros excepcionales servicios ortop\u00e9dicos. A trav\u00e9s de nuestro blog informativo y nuestros recursos educativos, pretendemos ofrecerle informaci\u00f3n valiosa, los \u00faltimos avances en tratamientos ortop\u00e9dicos y consejos pr\u00e1cticos para ayudarle a llevar un estilo de vida activo y saludable.<\/p>\n<h2>Estamos muy orgullosos de ofrecer una amplia gama de servicios ortop\u00e9dicos en Quogue, NY zona:<\/h2>\n<h2><a role=\"link\" href=\"https:\/\/newyorkhipknee.com\/custom-knee-replacement-surgery\/\" target=\"_blank\" rel=\"noopener\"><strong>Reemplazo de rodilla personalizado:<\/strong><\/a><\/h2>\n<p><strong>\u00bfQui\u00e9n se beneficiar\u00eda de una pr\u00f3tesis de rodilla personalizada?<\/strong> La artroplastia de rodilla personalizada, tambi\u00e9n conocida como artroplastia de rodilla a medida, se suele recomendar a personas que sufren dolor intenso de rodilla, rigidez e inflamaci\u00f3n que dificultan considerablemente sus actividades cotidianas y su calidad de vida en general. Entre los factores subyacentes comunes de esta afecci\u00f3n se incluyen la artrosis, la artritis reumatoide, las lesiones traum\u00e1ticas u otros trastornos degenerativos de la articulaci\u00f3n de la rodilla.<\/p>\n<p><strong>El procedimiento quir\u00fargico:<\/strong> La pr\u00f3tesis de rodilla a medida es una intervenci\u00f3n quir\u00fargica avanzada en la que la articulaci\u00f3n de la rodilla da\u00f1ada se sustituye por un implante artificial dise\u00f1ado con precisi\u00f3n para adaptarse a la estructura anat\u00f3mica \u00fanica del paciente. El proceso comienza con la utilizaci\u00f3n de tecnolog\u00eda de imagen avanzada, que crea un modelo tridimensional detallado de la articulaci\u00f3n de la rodilla del paciente. A continuaci\u00f3n, este modelo se emplea para elaborar un implante personalizado que se adapte perfectamente a la rodilla del paciente.<\/p>\n<p>Durante el procedimiento quir\u00fargico, el cirujano ortop\u00e9dico retira meticulosamente la articulaci\u00f3n da\u00f1ada y la sustituye por el implante a medida. Todo el proceso se realiza bajo anestesia para garantizar que el paciente se sienta c\u00f3modo y sin dolor.<\/p>\n<p><strong>Ventajas:<\/strong> La pr\u00f3tesis de rodilla a medida ofrece numerosas ventajas a los pacientes, entre ellas:<\/p>\n<ol>\n<li><strong>Alivio del dolor:<\/strong> Uno de los principales beneficios es el alivio del dolor cr\u00f3nico de rodilla. El implante personalizado est\u00e1 dise\u00f1ado para minimizar las molestias, lo que permite a los pacientes recuperar la movilidad y volver a sus rutinas diarias.<\/li>\n<li><strong>Mayor movilidad:<\/strong> Las pr\u00f3tesis de rodilla a medida mejoran la amplitud de movimiento del paciente, permitiendo un movimiento m\u00e1s natural de la articulaci\u00f3n de la rodilla.<\/li>\n<li><strong>Mejora de la calidad de vida:<\/strong> Los pacientes experimentan con frecuencia una mejora sustancial de su calidad de vida en general, ya que pueden volver a realizar actividades a las que ten\u00edan que renunciar debido al dolor de rodilla.<\/li>\n<li><strong>Recuperaci\u00f3n m\u00e1s r\u00e1pida:<\/strong> Las pr\u00f3tesis de rodilla a medida suelen conllevar una recuperaci\u00f3n m\u00e1s r\u00e1pida que las cirug\u00edas de pr\u00f3tesis de rodilla tradicionales. La precisi\u00f3n del implante personalizado y las t\u00e9cnicas quir\u00fargicas m\u00ednimamente invasivas pueden reducir el dolor postoperatorio y acelerar el proceso de rehabilitaci\u00f3n.<\/li>\n<\/ol>\n<p>&nbsp;<\/p>\n<p><a role=\"link\" href=\"https:\/\/newyorkhipknee.com\/hip-replacement-surgery\/\" target=\"_blank\" rel=\"noopener\"><strong>Pr\u00f3tesis de cadera:<\/strong><\/a><\/p>\n<p><strong>Qui\u00e9n se beneficiar\u00eda de una artroplastia de cadera:<\/strong> La artroplastia de cadera se recomienda a las personas que padecen dolor intenso, rigidez e inflamaci\u00f3n de la cadera que dificultan considerablemente sus actividades cotidianas y su calidad de vida. Las causas m\u00e1s comunes de esta afecci\u00f3n son la artrosis, la artritis reumatoide, la necrosis avascular o las fracturas de cadera.<\/p>\n<p><strong>El procedimiento quir\u00fargico:<\/strong> La artroplastia de cadera es un procedimiento quir\u00fargico que consiste en la sustituci\u00f3n de una articulaci\u00f3n de cadera da\u00f1ada por un implante artificial meticulosamente dise\u00f1ado para reproducir la estructura y funci\u00f3n naturales de la articulaci\u00f3n de la cadera, lo que permite a los pacientes recuperar la movilidad y aliviar las molestias.<\/p>\n<p>Durante la intervenci\u00f3n, el cirujano ortop\u00e9dico retira h\u00e1bilmente la articulaci\u00f3n da\u00f1ada y la sustituye por el implante artificial. Al igual que la artroplastia de rodilla, esta intervenci\u00f3n se realiza bajo anestesia para garantizar la comodidad del paciente.<\/p>\n<p><strong>Ventajas:<\/strong> La artroplastia de cadera ofrece varias ventajas a los pacientes:<\/p>\n<ol>\n<li><strong>Alivio del dolor:<\/strong> El principal beneficio es el alivio del dolor intenso de cadera, lo que permite a los pacientes recuperar su movilidad y reanudar sus actividades cotidianas.<\/li>\n<li><strong>Mayor movilidad:<\/strong> Las pr\u00f3tesis de cadera mejoran la amplitud de movimiento de la articulaci\u00f3n de la cadera, proporcionando a los pacientes un movimiento y una flexibilidad m\u00e1s naturales.<\/li>\n<li><strong>Mejora de la calidad de vida:<\/strong> Los pacientes suelen experimentar una mejora significativa de su calidad de vida en general, ya que recuperan la capacidad de realizar actividades que antes les resultaban dif\u00edciles o imposibles debido al dolor de cadera.<\/li>\n<li><strong>Recuperaci\u00f3n acelerada:<\/strong> La cirug\u00eda de pr\u00f3tesis de cadera suele conllevar una recuperaci\u00f3n m\u00e1s r\u00e1pida, y los pacientes experimentan una reducci\u00f3n del dolor y una mejora de la amplitud de movimiento en comparaci\u00f3n con su estado antes de la intervenci\u00f3n.<\/li>\n<\/ol>\n<p>En ambos casos, el Dr. Nakul Karkare emplea t\u00e9cnicas quir\u00fargicas avanzadas y tecnolog\u00eda de vanguardia para garantizar la colocaci\u00f3n precisa de los componentes del implante a trav\u00e9s de incisiones m\u00e1s peque\u00f1as que no da\u00f1an los tejidos. Este enfoque ayuda a minimizar las molestias y a acelerar el proceso de recuperaci\u00f3n.<\/p>\n<p>La experiencia del Dr. Karkare en estos procedimientos, combinada con la naturaleza individualizada de los implantes a medida, contribuye a mejorar los resultados de los pacientes que buscan alivio para sus problemas articulares de rodilla y cadera. Si usted est\u00e1 experimentando dolor en las articulaciones, rigidez, hinchaz\u00f3n, o ha sufrido una lesi\u00f3n, por favor no dude en ponerse en contacto con el Centro Ortop\u00e9dico del Dr. Nakul Karkare.<\/p>\n<p>Su equipo de especialistas se dedica a ayudarle a recuperar la movilidad, aliviar el dolor y mejorar su calidad de vida en general. Su bienestar es su m\u00e1xima prioridad, y est\u00e1n aqu\u00ed para guiarle en su camino hacia una mejor salud ortop\u00e9dica.<\/p>\n<h1><\/h1>\n<h1>Acerca de Quogue<\/h1>\n<h2>Quogue, Nueva York: una encantadora aldea en Long Island<\/h2>\n<h2>Historia:<\/h2>\n<p>Quogue, una pintoresca aldea situada en la costa sur de Long Island, cuenta con una historia rica y rica. Sus or\u00edgenes se remontan a mediados de 1600 cuando fue fundada por colonos europeos. Se cree que el nombre de la aldea, \u00abQuogue\u00bb, tiene ra\u00edces nativas americanas, posiblemente derivadas de la palabra algonquina \u00abquahaug\u00bb, que significa \u00ablugar donde se excavan almejas\u00bb. Este nombre refleja la dependencia hist\u00f3rica de la zona de los abundantes recursos marisqueros del oc\u00e9ano Atl\u00e1ntico.<\/p>\n<p>Durante el siglo XIX, Quogue experiment\u00f3 un aumento de popularidad como destino tur\u00edstico de verano. La construcci\u00f3n del ferrocarril en la d\u00e9cada de 1870 facilit\u00f3 el acceso a la aldea, atrayendo a una ola de visitantes de verano. En 1880, Quogue era una bulliciosa ciudad tur\u00edstica con numerosas pensiones y hoteles.<\/p>\n<p>&nbsp;<\/p>\n<h2>Cultura:<\/h2>\n<p>Quogue es famosa por su vibrante escena cultural. El Refugio de Vida Silvestre Quogue, una reserva natural de 300 acres, es un punto focal para la educaci\u00f3n ambiental y las actividades al aire libre. Ofrece a residentes y visitantes una oportunidad \u00fanica de conectar con la belleza natural de la regi\u00f3n.<\/p>\n<p>El Festival de M\u00fasica de C\u00e1mara de Quogue es otra joya cultural. Establecido en 1996, cuenta con m\u00fasicos de clase mundial que interpretan piezas cl\u00e1sicas y contempor\u00e1neas en entornos \u00edntimos. El festival realza el tejido cultural de Quogue y sus alrededores.<\/p>\n<p>&nbsp;<\/p>\n<h2>Econom\u00eda:<\/h2>\n<p>La econom\u00eda de Quogue est\u00e1 impulsada principalmente por su condici\u00f3n de comunidad residencial deseable y refugio de verano. Muchos residentes viajan diariamente a pueblos y ciudades cercanas para trabajar, pero Quogue se beneficia del turismo y de un pr\u00f3spero mercado inmobiliario.<\/p>\n<p>Las propiedades inmobiliarias en Quogue se caracterizan por hermosas casas y caba\u00f1as junto al mar, lo que lo convierte en un lugar codiciado para aquellos que buscan disfrutar de la tranquilidad de la vida costera.<\/p>\n<p>&nbsp;<\/p>\n<h2>Demograf\u00eda:<\/h2>\n<p>A partir de 2020, Quogue ten\u00eda una poblaci\u00f3n de aproximadamente 1,007 residentes. Vale la pena se\u00f1alar que una parte significativa de la poblaci\u00f3n consiste en residentes estacionales que acuden a Quogue durante los meses de verano para disfrutar de sus playas y belleza natural.<\/p>\n<p>La demograf\u00eda de Quogue es diversa, con una mezcla de residentes durante todo el a\u00f1o y visitantes estacionales. La comunidad de la aldea es conocida por su ambiente acogedor e integrador, lo que la convierte en un lugar atractivo al que llamar hogar.<\/p>\n<p>&nbsp;<\/p>\n<h2>Turismo:<\/h2>\n<p>El turismo es un aspecto vital de la identidad de Quogue. Sus impresionantes playas, como la playa de Quogue Village y el Quantuck Beach Club, atraen a visitantes de todas partes. La pr\u00edstina costa, con dunas onduladas y aguas cristalinas, ofrece un escape sereno del ajetreo y el bullicio de la vida de la ciudad.<\/p>\n<p>La proximidad de Quogue a otros renombrados destinos de Long Island, como los Hamptons y Montauk, aumenta a\u00fan m\u00e1s su atractivo como punto tur\u00edstico. Los visitantes pueden explorar encantadoras boutiques, cenar en restaurantes locales y sumergirse en la belleza natural de la regi\u00f3n.<\/p>\n<p>En conclusi\u00f3n, Quogue, Nueva York, es una joya de la costa sur de Long Island con una rica historia, una vibrante escena cultural, un pr\u00f3spero mercado inmobiliario, una composici\u00f3n demogr\u00e1fica diversa y una fuerte industria tur\u00edstica. Su belleza natural, que incluye playas v\u00edrgenes y reservas naturales, lo convierte en un para\u00edso para aquellos que buscan relajaci\u00f3n y actividades al aire libre. Ya sea residente o visitante, el encanto de Quogue y su acogedor esp\u00edritu de comunidad le dejar\u00e1n una impresi\u00f3n duradera.<\/p>\n<p>&nbsp;<\/p>\n<h2>Indicaciones<\/h2>\n<p>Estas son las indicaciones desde Quogue, NY para completar Orthopedics en 105 Medford Ave, Route 112, Suite A, Patchogue, NY 11772:<\/p>\n<p>1. Comience dirigi\u00e9ndose hacia el noroeste por Quogue St hacia Jessup Ave.<\/p>\n<p>2. Despu\u00e9s de aproximadamente 0.5 millas, gire a la derecha en NY-27 W, tambi\u00e9n conocida como Montauk Hwy.<\/p>\n<p>3. Contin\u00fae por NY-27 W durante aproximadamente 12.5 millas.<\/p>\n<p>4. Tome la salida 64 hacia County Hwy-19 S hacia Patchogue.<\/p>\n<p>5. Incorp\u00f3rese a Sunrise Hwy North Service Rd.<\/p>\n<p>6. Gire a la izquierda en Medford Ave\/County Hwy-19.<\/p>\n<p>7. Contin\u00fae por Medford Ave durante aproximadamente 0.5 millas y llegar\u00e1 a 105 Medford Ave, Route 112, Suite A, Patchogue, NY 11772, a su izquierda.<\/p>\n<p>Complete Orthopedics estar\u00e1 en el lado izquierdo de Medford Ave. Aseg\u00farese de seguir las se\u00f1ales de tr\u00e1fico y las normas de tr\u00e1fico durante su viaje. \u00a1Buen viaje!<\/p>\n<p>&nbsp;<\/p>\n<h2>Centros de salud cerca de Quogue, NY<\/h2>\n<p><strong>Farmacias:<\/strong><br \/>\n<strong>1. Farmacia CVS &#8211; Quogue<\/strong><br \/>\nDirecci\u00f3n: 40 Montauk Hwy, Quogue, NY 11959<\/p>\n<p><strong>2. Farmacia Rite Aid &#8211; Westhampton Beach<\/strong><br \/>\nDirecci\u00f3n: 170 Montauk Hwy, Westhampton Beach, NY 11978<\/p>\n<p><strong>3. Farmacia Walgreens &#8211; Westhampton Beach<\/strong><br \/>\nDirecci\u00f3n: 165 Montauk Hwy, Westhampton Beach, NY 11978<\/p>\n<p><strong>Centro de Radiolog\u00eda:<\/strong><br \/>\n<strong>1. Radiolog\u00eda East End &#8211; Southampton<\/strong><br \/>\nDirecci\u00f3n: 325 Meeting House Ln, Southampton, NY 11968<\/p>\n<p><strong>Atenci\u00f3n de urgencia:<\/strong><br \/>\n<strong>1. Mount Sinai Union Square Urgent Care &#8211; Nueva York<\/strong><br \/>\nDirecci\u00f3n: 10 Union Square E, Nueva York, NY 10003<\/p>\n<p><strong>Hospitales:<\/strong><br \/>\n<strong>1. Memorial Sloan Kettering Cancer Center &#8211; Hospital Memorial<\/strong><br \/>\nDirecci\u00f3n: 1275 York Ave, Nueva York, NY 10065<\/p>\n<p><strong>2. Hospital Langone de la NYU &#8211; Brooklyn<\/strong><br \/>\nDirecci\u00f3n: 150 55th St, Brooklyn, NY 11220<\/p>\n<p><strong>3. Salud + Hospitales de la Ciudad de Nueva York\/Elmhurst<\/strong><br \/>\nDirecci\u00f3n: 79-01 Broadway, Elmhurst, NY 11373<\/p>\n<p>&nbsp;<\/p>\n<p>Nos enorgullecemos inmensamente de brindar atenci\u00f3n ortop\u00e9dica integral a pacientes de varios centros de atenci\u00f3n m\u00e9dica dentro de nuestra comunidad, incluidos los mencionados anteriormente.<\/p>\n<p>Ya sea que tenga una referencia para tratamiento ortop\u00e9dico o simplemente desee consultar con nosotros para cualquier inquietud ortop\u00e9dica, no dude en comunicarse con nuestro equipo dedicado las 24 horas del d\u00eda, los 7 d\u00edas de la semana. Estamos aqu\u00ed para brindarle asistencia r\u00e1pida y compasiva.<\/p>\n<p>Muchas personas visitan centros de atenci\u00f3n de urgencia y hospitales debido a lesiones relacionadas con el trabajo cubiertas por la compensaci\u00f3n laboral y el seguro sin culpa. Si su lesi\u00f3n no requiere una visita al hospital, nos complace ofrecer un tratamiento ortop\u00e9dico especializado adaptado a tales casos. No dude en contactarnos al 631-981-2663 para programar una cita con nosotros hoy. Su bienestar sigue siendo nuestra m\u00e1xima prioridad.<\/p>\n","protected":false},"excerpt":{"rendered":"<p>Centro Ortop\u00e9dico del Dr. Nakul Karkare: Su destino local de atenci\u00f3n ortop\u00e9dica de Patchogue a Quogue, NY Bienvenido al Centro Ortop\u00e9dico del Dr. Nakul Karkare, su principal fuente de atenci\u00f3n ortop\u00e9dica excepcional que se extiende sin problemas desde Patchogue a la vibrante comunidad de Quogue, Nueva York. Nos sentimos honrados de ser su centro ortop\u00e9dico [&hellip;]<\/p>\n","protected":false},"author":33,"featured_media":0,"parent":16544,"menu_order":0,"comment_status":"closed","ping_status":"closed","template":"","meta":{"_et_pb_use_builder":"","_et_pb_old_content":"","_et_gb_content_width":"","footnotes":""},"class_list":["post-21041","page","type-page","status-publish","hentry"],"yoast_head":"<!-- This site is optimized with the Yoast SEO plugin v27.2 - https:\/\/yoast.com\/product\/yoast-seo-wordpress\/ -->\n<title>Quogue, Nueva York | Best Hip &amp; Knee Surgeon | NY, USA<\/title>\n<meta name=\"description\" content=\"Centro Ortop\u00e9dico del Dr. Nakul Karkare: Su destino local de atenci\u00f3n ortop\u00e9dica de Patchogue a Quogue, NY Bienvenido al Centro Ortop\u00e9dico del Dr. Nakul\" \/>\n<meta name=\"robots\" content=\"index, follow, max-snippet:-1, max-image-preview:large, max-video-preview:-1\" \/>\n<link rel=\"canonical\" href=\"https:\/\/www.newyorkhipknee.com\/es\/contacto\/patchogue-mejor-cirujano-de-reemplazo-de-cadera-y-rodilla\/quogue-nueva-york\/\" \/>\n<meta property=\"og:locale\" content=\"es_ES\" \/>\n<meta property=\"og:type\" content=\"article\" \/>\n<meta property=\"og:title\" content=\"Quogue, Nueva York | Best Hip &amp; Knee Surgeon | NY, USA\" \/>\n<meta property=\"og:description\" content=\"Centro Ortop\u00e9dico del Dr. Nakul Karkare: Su destino local de atenci\u00f3n ortop\u00e9dica de Patchogue a Quogue, NY Bienvenido al Centro Ortop\u00e9dico del Dr. Nakul\" \/>\n<meta property=\"og:url\" content=\"https:\/\/www.newyorkhipknee.com\/es\/contacto\/patchogue-mejor-cirujano-de-reemplazo-de-cadera-y-rodilla\/quogue-nueva-york\/\" \/>\n<meta property=\"og:site_name\" content=\"Best Hip &amp; Knee Surgeon | NY, USA\" \/>\n<meta name=\"twitter:card\" content=\"summary_large_image\" \/>\n<meta name=\"twitter:label1\" content=\"Tiempo de lectura\" \/>\n\t<meta name=\"twitter:data1\" content=\"11 minutos\" \/>\n<script type=\"application\/ld+json\" class=\"yoast-schema-graph\">{\"@context\":\"https:\/\/schema.org\",\"@graph\":[{\"@type\":[\"WebPage\",\"MedicalWebPage\"],\"@id\":\"https:\/\/www.newyorkhipknee.com\/es\/contacto\/patchogue-mejor-cirujano-de-reemplazo-de-cadera-y-rodilla\/quogue-nueva-york\/\",\"url\":\"https:\/\/www.newyorkhipknee.com\/es\/contacto\/patchogue-mejor-cirujano-de-reemplazo-de-cadera-y-rodilla\/quogue-nueva-york\/\",\"name\":\"Quogue, Nueva York | Best Hip &amp; Knee Surgeon | NY, USA\",\"isPartOf\":{\"@id\":\"https:\/\/www.newyorkhipknee.com\/es\/#website\"},\"datePublished\":\"2023-11-07T20:51:17+00:00\",\"description\":\"Centro Ortop\u00e9dico del Dr. Nakul Karkare: Su destino local de atenci\u00f3n ortop\u00e9dica de Patchogue a Quogue, NY Bienvenido al Centro Ortop\u00e9dico del Dr. Nakul\",\"breadcrumb\":{\"@id\":\"https:\/\/www.newyorkhipknee.com\/es\/contacto\/patchogue-mejor-cirujano-de-reemplazo-de-cadera-y-rodilla\/quogue-nueva-york\/#breadcrumb\"},\"inLanguage\":\"es\",\"potentialAction\":[{\"@type\":\"ReadAction\",\"target\":[\"https:\/\/www.newyorkhipknee.com\/es\/contacto\/patchogue-mejor-cirujano-de-reemplazo-de-cadera-y-rodilla\/quogue-nueva-york\/\"]}]},{\"@type\":\"BreadcrumbList\",\"@id\":\"https:\/\/www.newyorkhipknee.com\/es\/contacto\/patchogue-mejor-cirujano-de-reemplazo-de-cadera-y-rodilla\/quogue-nueva-york\/#breadcrumb\",\"itemListElement\":[{\"@type\":\"ListItem\",\"position\":1,\"name\":\"Home\",\"item\":\"https:\/\/www.newyorkhipknee.com\/es\/\"},{\"@type\":\"ListItem\",\"position\":2,\"name\":\"Contacto\",\"item\":\"https:\/\/www.newyorkhipknee.com\/es\/contacto\/\"},{\"@type\":\"ListItem\",\"position\":3,\"name\":\"Patchogue &#8211; Mejor Cirujano de Reemplazo de Cadera y Rodilla\",\"item\":\"https:\/\/www.newyorkhipknee.com\/es\/contacto\/patchogue-mejor-cirujano-de-reemplazo-de-cadera-y-rodilla\/\"},{\"@type\":\"ListItem\",\"position\":4,\"name\":\"Quogue, Nueva York\"}]},{\"@type\":\"WebSite\",\"@id\":\"https:\/\/www.newyorkhipknee.com\/es\/#website\",\"url\":\"https:\/\/www.newyorkhipknee.com\/es\/\",\"name\":\"Best Hip & Knee Surgeon | NY, USA\",\"description\":\"\",\"potentialAction\":[{\"@type\":\"SearchAction\",\"target\":{\"@type\":\"EntryPoint\",\"urlTemplate\":\"https:\/\/www.newyorkhipknee.com\/es\/?s={search_term_string}\"},\"query-input\":{\"@type\":\"PropertyValueSpecification\",\"valueRequired\":true,\"valueName\":\"search_term_string\"}}],\"inLanguage\":\"es\"}]}<\/script>\n<!-- \/ Yoast SEO plugin. -->","yoast_head_json":{"title":"Quogue, Nueva York | Best Hip &amp; Knee Surgeon | NY, USA","description":"Centro Ortop\u00e9dico del Dr. Nakul Karkare: Su destino local de atenci\u00f3n ortop\u00e9dica de Patchogue a Quogue, NY Bienvenido al Centro Ortop\u00e9dico del Dr. Nakul","robots":{"index":"index","follow":"follow","max-snippet":"max-snippet:-1","max-image-preview":"max-image-preview:large","max-video-preview":"max-video-preview:-1"},"canonical":"https:\/\/www.newyorkhipknee.com\/es\/contacto\/patchogue-mejor-cirujano-de-reemplazo-de-cadera-y-rodilla\/quogue-nueva-york\/","og_locale":"es_ES","og_type":"article","og_title":"Quogue, Nueva York | Best Hip &amp; Knee Surgeon | NY, USA","og_description":"Centro Ortop\u00e9dico del Dr. Nakul Karkare: Su destino local de atenci\u00f3n ortop\u00e9dica de Patchogue a Quogue, NY Bienvenido al Centro Ortop\u00e9dico del Dr. Nakul","og_url":"https:\/\/www.newyorkhipknee.com\/es\/contacto\/patchogue-mejor-cirujano-de-reemplazo-de-cadera-y-rodilla\/quogue-nueva-york\/","og_site_name":"Best Hip &amp; Knee Surgeon | NY, USA","twitter_card":"summary_large_image","twitter_misc":{"Tiempo de lectura":"11 minutos"},"schema":{"@context":"https:\/\/schema.org","@graph":[{"@type":["WebPage","MedicalWebPage"],"@id":"https:\/\/www.newyorkhipknee.com\/es\/contacto\/patchogue-mejor-cirujano-de-reemplazo-de-cadera-y-rodilla\/quogue-nueva-york\/","url":"https:\/\/www.newyorkhipknee.com\/es\/contacto\/patchogue-mejor-cirujano-de-reemplazo-de-cadera-y-rodilla\/quogue-nueva-york\/","name":"Quogue, Nueva York | Best Hip &amp; Knee Surgeon | NY, USA","isPartOf":{"@id":"https:\/\/www.newyorkhipknee.com\/es\/#website"},"datePublished":"2023-11-07T20:51:17+00:00","description":"Centro Ortop\u00e9dico del Dr. Nakul Karkare: Su destino local de atenci\u00f3n ortop\u00e9dica de Patchogue a Quogue, NY Bienvenido al Centro Ortop\u00e9dico del Dr. Nakul","breadcrumb":{"@id":"https:\/\/www.newyorkhipknee.com\/es\/contacto\/patchogue-mejor-cirujano-de-reemplazo-de-cadera-y-rodilla\/quogue-nueva-york\/#breadcrumb"},"inLanguage":"es","potentialAction":[{"@type":"ReadAction","target":["https:\/\/www.newyorkhipknee.com\/es\/contacto\/patchogue-mejor-cirujano-de-reemplazo-de-cadera-y-rodilla\/quogue-nueva-york\/"]}]},{"@type":"BreadcrumbList","@id":"https:\/\/www.newyorkhipknee.com\/es\/contacto\/patchogue-mejor-cirujano-de-reemplazo-de-cadera-y-rodilla\/quogue-nueva-york\/#breadcrumb","itemListElement":[{"@type":"ListItem","position":1,"name":"Home","item":"https:\/\/www.newyorkhipknee.com\/es\/"},{"@type":"ListItem","position":2,"name":"Contacto","item":"https:\/\/www.newyorkhipknee.com\/es\/contacto\/"},{"@type":"ListItem","position":3,"name":"Patchogue &#8211; Mejor Cirujano de Reemplazo de Cadera y Rodilla","item":"https:\/\/www.newyorkhipknee.com\/es\/contacto\/patchogue-mejor-cirujano-de-reemplazo-de-cadera-y-rodilla\/"},{"@type":"ListItem","position":4,"name":"Quogue, Nueva York"}]},{"@type":"WebSite","@id":"https:\/\/www.newyorkhipknee.com\/es\/#website","url":"https:\/\/www.newyorkhipknee.com\/es\/","name":"Best Hip & Knee Surgeon | NY, USA","description":"","potentialAction":[{"@type":"SearchAction","target":{"@type":"EntryPoint","urlTemplate":"https:\/\/www.newyorkhipknee.com\/es\/?s={search_term_string}"},"query-input":{"@type":"PropertyValueSpecification","valueRequired":true,"valueName":"search_term_string"}}],"inLanguage":"es"}]}},"_links":{"self":[{"href":"https:\/\/www.newyorkhipknee.com\/es\/wp-json\/wp\/v2\/pages\/21041","targetHints":{"allow":["GET"]}}],"collection":[{"href":"https:\/\/www.newyorkhipknee.com\/es\/wp-json\/wp\/v2\/pages"}],"about":[{"href":"https:\/\/www.newyorkhipknee.com\/es\/wp-json\/wp\/v2\/types\/page"}],"author":[{"embeddable":true,"href":"https:\/\/www.newyorkhipknee.com\/es\/wp-json\/wp\/v2\/users\/33"}],"replies":[{"embeddable":true,"href":"https:\/\/www.newyorkhipknee.com\/es\/wp-json\/wp\/v2\/comments?post=21041"}],"version-history":[{"count":0,"href":"https:\/\/www.newyorkhipknee.com\/es\/wp-json\/wp\/v2\/pages\/21041\/revisions"}],"up":[{"embeddable":true,"href":"https:\/\/www.newyorkhipknee.com\/es\/wp-json\/wp\/v2\/pages\/16544"}],"wp:attachment":[{"href":"https:\/\/www.newyorkhipknee.com\/es\/wp-json\/wp\/v2\/media?parent=21041"}],"curies":[{"name":"wp","href":"https:\/\/api.w.org\/{rel}","templated":true}]}}