{"id":21043,"date":"2023-11-09T15:20:39","date_gmt":"2023-11-09T20:20:39","guid":{"rendered":"https:\/\/newyorkhipknee.com\/contacto\/riverhead-mejor-cirujano-de-reemplazo-de-rodilla-y-cadera\/eastport-nueva-york\/"},"modified":"2023-11-09T15:20:39","modified_gmt":"2023-11-09T20:20:39","slug":"eastport-nueva-york","status":"publish","type":"page","link":"https:\/\/www.newyorkhipknee.com\/es\/contacto\/riverhead-mejor-cirujano-de-reemplazo-de-rodilla-y-cadera\/eastport-nueva-york\/","title":{"rendered":"Eastport, Nueva York"},"content":{"rendered":"<h1>Dr. Nakul Karkare&#8217;s Orthopedic Care: Su principal proveedor de atenci\u00f3n ortop\u00e9dica en Eastport, NY<\/h1>\n<p>Bienvenido a Dr. Nakul Karkare&#8217;s Orthopedic Care, su fuente de confianza para el cuidado ortop\u00e9dico de primer nivel en <a href=\"https:\/\/newyorkhipknee.com\/contact\/riverhead-orthopedic-surgeon\/\" target=\"_blank\" rel=\"noopener\">Riverhead,<\/a> NY. Estamos orgullosos de ampliar nuestros servicios ortop\u00e9dicos profesionales a la acogedora comunidad de Eastport, NY. En Orthopedic Care del Dr. Nakul Karkare, somos m\u00e1s que una pr\u00e1ctica ortop\u00e9dica, somos sus socios en el logro de una salud ortop\u00e9dica \u00f3ptima.<\/p>\n<p>Dr. Nakul Karkare&#8217;s Orthopedic Care se erige como un faro de excelencia en el campo de la ortopedia, y aqu\u00ed es por qu\u00e9 somos su opci\u00f3n preferida para la atenci\u00f3n ortop\u00e9dica: <strong>Conoce al Dr. Nakul Karkare<\/strong><\/p>\n<p>El Dr. Nakul Karkare es un especialista en ortopedia altamente cualificado con una distinguida carrera, numerosas certificaciones y una amplia experiencia en el campo. Su amplia experiencia y su enfoque compasivo le garantizan que est\u00e1 en buenas manos en su viaje ortop\u00e9dico.<\/p>\n<p><strong>Atenci\u00f3n personalizada:<\/strong> Reconocemos que cada paciente es \u00fanico. Nuestro enfoque es individualizado, lo que garantiza que su plan de atenci\u00f3n se adapte a sus necesidades espec\u00edficas. Su bienestar es nuestra principal preocupaci\u00f3n.<\/p>\n<p><strong>Soluciones de vanguardia:<\/strong> Nos mantenemos a la vanguardia de los avances ortop\u00e9dicos, garantiz\u00e1ndole el acceso a los \u00faltimos tratamientos y tecnolog\u00edas. Su atenci\u00f3n se basa en las mejores pr\u00e1cticas del sector bajo la direcci\u00f3n del Dr. Nakul Karkare.<\/p>\n<p><strong>Integraci\u00f3n Comunitaria:<\/strong> Estamos comprometidos a hacer que la atenci\u00f3n ortop\u00e9dica excepcional sea accesible para todos. Nuestra decisi\u00f3n de ofrecer servicios en Sound Beach refleja nuestra dedicaci\u00f3n a atender sus necesidades ortop\u00e9dicas.<\/p>\n<p><strong>\u00c9xito probado:<\/strong> Nuestro historial es un testimonio de nuestro compromiso con la mejora de la movilidad, la reducci\u00f3n del dolor y la mejora de la calidad de vida de innumerables personas bajo la experta direcci\u00f3n del Dr. Nakul Karkare.<\/p>\n<p>Entendemos que su salud ortop\u00e9dica es de suma importancia, y estamos encantados de convertirnos en una parte integral de la comunidad de Sound Beach. Si usted requiere ayuda con problemas en las articulaciones, lesiones deportivas, fracturas, o cualquier otra preocupaci\u00f3n ortop\u00e9dica, el Dr. Nakul Karkare&#8217;s Orthopedic Care est\u00e1 aqu\u00ed para ofrecerle una atenci\u00f3n profesional y compasiva.<\/p>\n<h2>Nuestros servicios ortop\u00e9dicos integrales abarcan:<\/h2>\n<h2><a role=\"link\" href=\"https:\/\/newyorkhipknee.com\/hip-replacement-surgery\/\" target=\"_blank\" rel=\"noopener\"><strong>Cirug\u00eda de reemplazo de cadera:<\/strong><\/a><\/h2>\n<p><strong>Prop\u00f3sito<\/strong>: La cirug\u00eda de reemplazo de cadera se recomienda para personas con da\u00f1o en la articulaci\u00f3n de la cadera como resultado de afecciones como osteoartritis, artritis reumatoide o fracturas. El objetivo es aliviar el dolor, restaurar la movilidad y mejorar la calidad de vida general del paciente.<\/p>\n<p><strong>Procedimiento<\/strong>: Hay dos tipos principales de reemplazos de cadera: reemplazo total de cadera (THR) y reemplazo parcial de cadera (hemiartroplastia). La THR implica el reemplazo tanto de la bola como de la cavidad de la articulaci\u00f3n de la cadera, mientras que la hemiartroplastia reemplaza solo el componente esf\u00e9rico.<\/p>\n<p><strong>Implantes<\/strong>: Los componentes artificiales de la articulaci\u00f3n de la cadera suelen estar compuestos de materiales como metal, pl\u00e1stico o cer\u00e1mica, seleccionados en funci\u00f3n de la edad del paciente, el nivel de actividad y los requisitos espec\u00edficos.<\/p>\n<p><strong>Recuperaci\u00f3n<\/strong>: Despu\u00e9s de la cirug\u00eda, los pacientes se someten a fisioterapia para recuperar la fuerza y la movilidad, lo que reduce el dolor y mejora la funci\u00f3n de la cadera.<\/p>\n<p>&nbsp;<\/p>\n<h2><a role=\"link\" href=\"https:\/\/newyorkhipknee.com\/custom-knee-replacement-surgery\/\" target=\"_blank\" rel=\"noopener\"><strong>Reemplazo de rodilla personalizado:<\/strong><\/a><\/h2>\n<p><strong>Prop\u00f3sito<\/strong>: El reemplazo de rodilla personalizado representa un enfoque personalizado para la artroplastia de rodilla, adecuado para personas que experimentan dolor severo en la rodilla o da\u00f1o en las articulaciones que no responden a los tratamientos conservadores.<\/p>\n<p><strong>Procedimiento<\/strong>: Las im\u00e1genes avanzadas y el modelado computarizado eval\u00faan la anatom\u00eda de la rodilla del paciente antes de la cirug\u00eda. Esta informaci\u00f3n se emplea para dise\u00f1ar un implante de rodilla a medida adaptado a la anatom\u00eda \u00fanica del paciente.<\/p>\n<p><strong>Beneficios<\/strong>: Los reemplazos de rodilla personalizados a menudo conducen a una mejor alineaci\u00f3n, estabilidad y reducci\u00f3n del dolor en comparaci\u00f3n con los reemplazos de rodilla est\u00e1ndar.<\/p>\n<p><strong>Recuperaci\u00f3n<\/strong>: El proceso de recuperaci\u00f3n implica fisioterapia para recuperar la fuerza y el rango de movimiento de la rodilla, lo que generalmente resulta en menos dolor y una mejor funci\u00f3n de la rodilla.<\/p>\n<h2><\/h2>\n<h2>Acerca de Eastport<\/h2>\n<p>Eastport, NY es una aldea y lugar designado por el censo (CDP) ubicado en el condado de Suffolk, Nueva York, en la costa sur de Long Island. La poblaci\u00f3n era de 1.831 habitantes en el censo de 2010 y, a partir de 2020, la poblaci\u00f3n ha aumentado a 2.219. Aqu\u00ed hay algunos datos e informaci\u00f3n interesantes sobre Eastport, NY:<\/p>\n<p>&nbsp;<\/p>\n<h2>Historia<\/h2>\n<p>Eastport se remonta a la d\u00e9cada de 1730, cuando se construy\u00f3 all\u00ed un molino. Comenz\u00f3 como dos aldeas, Seatuck y Waterville, y en la d\u00e9cada de 1850 solicit\u00f3 una oficina de correos con el nombre de Seatuck. Fue rechazado porque era demasiado similar a Setauket, Nueva York. Fue rebautizado como Eastport.<\/p>\n<p>&nbsp;<\/p>\n<h2>Geograf\u00eda<\/h2>\n<p>Eastport tiene un \u00e1rea total de 4.58 millas cuadradas, de las cuales 4.45 millas cuadradas son tierra y 0.13 millas cuadradas son agua. La aldea se encuentra en la costa sur de Long Island, y limita con las aldeas de Speonk, Remsenburg y Westhampton.<\/p>\n<p>&nbsp;<\/p>\n<h2>Demograf\u00eda<\/h2>\n<p>Seg\u00fan el censo de 2010, hab\u00eda 1.831 personas, 662 hogares y 496 familias residiendo en el CDP. La composici\u00f3n racial del CDP era 94,3% blanca, 1,3% afroamericana, 0,1% nativa americana, 1,2% asi\u00e1tica, 0,1% isle\u00f1a del Pac\u00edfico, 1,2% de otras razas y 1,8% de dos o m\u00e1s razas. Los hispanos o latinos de cualquier raza eran el 6,6% de la poblaci\u00f3n.<\/p>\n<p>&nbsp;<\/p>\n<h2>Educaci\u00f3n<\/h2>\n<p>Eastport est\u00e1 ubicado dentro del Distrito Escolar Central de Eastport-South Manor. El distrito tiene cuatro escuelas: la Escuela Primaria Eastport, la Escuela de la Avenida Tuttle, la Escuela Secundaria Eastport-South Manor y la Escuela de la Avenida Dayton.<\/p>\n<p>&nbsp;<\/p>\n<h2>Bien inmueble<\/h2>\n<p>A partir de octubre de 2023, hay varias casas en venta en Eastport, Nueva York, que oscilan entre $399,000 y $1,200,000[4]. Tambi\u00e9n hay varios condominios y casas adosadas a la venta en el \u00e1rea, que van desde $ 399,000 a $ 1,200,000 [5]. El valor medio de una vivienda en Eastport es de 506.000 d\u00f3lares[6].<\/p>\n<p>En conclusi\u00f3n, Eastport, NY es una peque\u00f1a aldea ubicada en la costa sur de Long Island. Tiene una rica historia que se remonta a la d\u00e9cada de 1730 y es el hogar de varias escuelas, hogares y oportunidades de trabajo.<\/p>\n<p>&nbsp;<\/p>\n<h2>Indicaciones<\/h2>\n<p>Estas son las indicaciones desde Eastport, NY para llegar a Complete Orthopedics en 887 Old Country Rd, Suite A, Riverhead, NY 11901:<\/p>\n<p>1. Dir\u00edjase hacia el norte por Eastport Manor Rd hacia Montauk Hwy.<br \/>\n2. Gire a la izquierda en Montauk Hwy.<br \/>\n3. Gire a la derecha en Speonk-Riverhead Rd.<br \/>\n4. Gire a la izquierda en NY-24 W\/Nugent Dr.<br \/>\n5. Gire a la derecha en Middle Rd.<br \/>\n6. Gire a la izquierda en Roanoke Ave.<br \/>\n7. Gire a la derecha en Commerce Dr.<br \/>\n8. Gire a la izquierda en Old Country Rd.<br \/>\n9. Complete Orthopedics estar\u00e1 a su derecha en 887 Old Country Rd, Suite A, Riverhead, NY 11901.<\/p>\n<p>La distancia total de conducci\u00f3n es de aproximadamente 10.5 millas y deber\u00eda tomar alrededor de 20 minutos, dependiendo del tr\u00e1fico.<\/p>\n<p>&nbsp;<\/p>\n<h2>Atenci\u00f3n m\u00e9dica cerca de Eastport, NY<\/h2>\n<p><strong>Farmacias:<\/strong><br \/>\n&#8211; Farmacia CVS, 10 Eastport Manor Rd, Eastport, NY 11941<br \/>\n&#8211; Farmacia Rite Aid, 10 Eastport Manor Rd, Eastport, NY 11941<br \/>\n&#8211; Farmacia Walgreens, 2460 Montauk Hwy, Bridgehampton, NY 11932<\/p>\n<p><strong>Centros de Radiolog\u00eda:<\/strong><br \/>\n&#8211; Radiolog\u00eda East End, 133 E Main St, Riverhead, NY 11901<br \/>\n&#8211; Radiolog\u00eda del Peconic Bay Medical Center, 1300 Roanoke Ave, Riverhead, NY 11901<br \/>\n&#8211; Northwell Health Imaging at East Setauket, 4 Technology Dr, East Setauket, NY 11733<\/p>\n<p><strong>Centros de Atenci\u00f3n de Urgencia:<\/strong><br \/>\n&#8211; LI Urgent Care, 1228 E Main St, Riverhead, NY 11901<br \/>\n&#8211; Westhampton Primary Care Center, 240 Meeting House Creek Rd, Aquebogue, NY 11931<br \/>\n&#8211; Centro M\u00e9dico Peconic Bay, 1300 Roanoke Ave, Riverhead, NY 11901<\/p>\n<p><strong>Hospitales:<\/strong><br \/>\n&#8211; Centro M\u00e9dico Peconic Bay, 1300 Roanoke Ave, Riverhead, NY 11901<br \/>\n&#8211; Hospital Stony Brook Eastern Long Island, 201 Manor Pl, Greenport, NY 11944<br \/>\n&#8211; Hospital de Southampton, 240 Meeting House Ln, Southampton, NY 11968<\/p>\n<p>&nbsp;<\/p>\n<p>En Complete Orthopedics, estamos orgullosos de ofrecer una amplia atenci\u00f3n ortop\u00e9dica a pacientes de varios centros de atenci\u00f3n m\u00e9dica en nuestra comunidad. Ya sea que haya sido referido a nosotros para un tratamiento ortop\u00e9dico o si simplemente tiene preguntas sobre problemas ortop\u00e9dicos, nuestro equipo dedicado las 24 horas del d\u00eda, los 7 d\u00edas de la semana, est\u00e1 aqu\u00ed para ofrecer asistencia r\u00e1pida y compasiva.<\/p>\n<p>Entendemos que muchas personas buscan tratamiento por lesiones relacionadas con el trabajo y casos de seguro sin culpa en centros de atenci\u00f3n de urgencia y hospitales. Si su lesi\u00f3n no requiere una visita al hospital, estamos encantados de ofrecer atenci\u00f3n ortop\u00e9dica especializada adaptada a tales situaciones. No dude en contactarnos al 631-981-2663 para programar una cita con nosotros hoy. Su bienestar es nuestra principal prioridad, y estamos aqu\u00ed para ayudarle en su camino hacia la recuperaci\u00f3n.<\/p>\n","protected":false},"excerpt":{"rendered":"<p>Dr. Nakul Karkare&#8217;s Orthopedic Care: Su principal proveedor de atenci\u00f3n ortop\u00e9dica en Eastport, NY Bienvenido a Dr. Nakul Karkare&#8217;s Orthopedic Care, su fuente de confianza para el cuidado ortop\u00e9dico de primer nivel en Riverhead, NY. Estamos orgullosos de ampliar nuestros servicios ortop\u00e9dicos profesionales a la acogedora comunidad de Eastport, NY. En Orthopedic Care del Dr. [&hellip;]<\/p>\n","protected":false},"author":33,"featured_media":0,"parent":16545,"menu_order":0,"comment_status":"closed","ping_status":"closed","template":"","meta":{"_et_pb_use_builder":"","_et_pb_old_content":"","_et_gb_content_width":"","footnotes":""},"class_list":["post-21043","page","type-page","status-publish","hentry"],"yoast_head":"<!-- This site is optimized with the Yoast SEO plugin v27.2 - https:\/\/yoast.com\/product\/yoast-seo-wordpress\/ -->\n<title>Eastport, Nueva York | Best Hip &amp; Knee Surgeon | NY, USA<\/title>\n<meta name=\"description\" content=\"Dr. Nakul Karkare&#039;s Orthopedic Care: Su principal proveedor de atenci\u00f3n ortop\u00e9dica en Eastport, NY Bienvenido a Dr. Nakul Karkare&#039;s Orthopedic Care, su\" \/>\n<meta name=\"robots\" content=\"index, follow, max-snippet:-1, max-image-preview:large, max-video-preview:-1\" \/>\n<link rel=\"canonical\" href=\"https:\/\/www.newyorkhipknee.com\/es\/contacto\/riverhead-mejor-cirujano-de-reemplazo-de-rodilla-y-cadera\/eastport-nueva-york\/\" \/>\n<meta property=\"og:locale\" content=\"es_ES\" \/>\n<meta property=\"og:type\" content=\"article\" \/>\n<meta property=\"og:title\" content=\"Eastport, Nueva York | Best Hip &amp; Knee Surgeon | NY, USA\" \/>\n<meta property=\"og:description\" content=\"Dr. Nakul Karkare&#039;s Orthopedic Care: Su principal proveedor de atenci\u00f3n ortop\u00e9dica en Eastport, NY Bienvenido a Dr. Nakul Karkare&#039;s Orthopedic Care, su\" \/>\n<meta property=\"og:url\" content=\"https:\/\/www.newyorkhipknee.com\/es\/contacto\/riverhead-mejor-cirujano-de-reemplazo-de-rodilla-y-cadera\/eastport-nueva-york\/\" \/>\n<meta property=\"og:site_name\" content=\"Best Hip &amp; Knee Surgeon | NY, USA\" \/>\n<meta name=\"twitter:card\" content=\"summary_large_image\" \/>\n<meta name=\"twitter:label1\" content=\"Tiempo de lectura\" \/>\n\t<meta name=\"twitter:data1\" content=\"7 minutos\" \/>\n<script type=\"application\/ld+json\" class=\"yoast-schema-graph\">{\"@context\":\"https:\/\/schema.org\",\"@graph\":[{\"@type\":[\"WebPage\",\"MedicalWebPage\"],\"@id\":\"https:\/\/www.newyorkhipknee.com\/es\/contacto\/riverhead-mejor-cirujano-de-reemplazo-de-rodilla-y-cadera\/eastport-nueva-york\/\",\"url\":\"https:\/\/www.newyorkhipknee.com\/es\/contacto\/riverhead-mejor-cirujano-de-reemplazo-de-rodilla-y-cadera\/eastport-nueva-york\/\",\"name\":\"Eastport, Nueva York | Best Hip &amp; Knee Surgeon | NY, USA\",\"isPartOf\":{\"@id\":\"https:\/\/www.newyorkhipknee.com\/es\/#website\"},\"datePublished\":\"2023-11-09T20:20:39+00:00\",\"description\":\"Dr. Nakul Karkare's Orthopedic Care: Su principal proveedor de atenci\u00f3n ortop\u00e9dica en Eastport, NY Bienvenido a Dr. Nakul Karkare's Orthopedic Care, su\",\"breadcrumb\":{\"@id\":\"https:\/\/www.newyorkhipknee.com\/es\/contacto\/riverhead-mejor-cirujano-de-reemplazo-de-rodilla-y-cadera\/eastport-nueva-york\/#breadcrumb\"},\"inLanguage\":\"es\",\"potentialAction\":[{\"@type\":\"ReadAction\",\"target\":[\"https:\/\/www.newyorkhipknee.com\/es\/contacto\/riverhead-mejor-cirujano-de-reemplazo-de-rodilla-y-cadera\/eastport-nueva-york\/\"]}]},{\"@type\":\"BreadcrumbList\",\"@id\":\"https:\/\/www.newyorkhipknee.com\/es\/contacto\/riverhead-mejor-cirujano-de-reemplazo-de-rodilla-y-cadera\/eastport-nueva-york\/#breadcrumb\",\"itemListElement\":[{\"@type\":\"ListItem\",\"position\":1,\"name\":\"Home\",\"item\":\"https:\/\/www.newyorkhipknee.com\/es\/\"},{\"@type\":\"ListItem\",\"position\":2,\"name\":\"Contacto\",\"item\":\"https:\/\/www.newyorkhipknee.com\/es\/contacto\/\"},{\"@type\":\"ListItem\",\"position\":3,\"name\":\"Riverhead &#8211; Mejor Cirujano de Reemplazo de Rodilla y Cadera\",\"item\":\"https:\/\/www.newyorkhipknee.com\/es\/contacto\/riverhead-mejor-cirujano-de-reemplazo-de-rodilla-y-cadera\/\"},{\"@type\":\"ListItem\",\"position\":4,\"name\":\"Eastport, Nueva York\"}]},{\"@type\":\"WebSite\",\"@id\":\"https:\/\/www.newyorkhipknee.com\/es\/#website\",\"url\":\"https:\/\/www.newyorkhipknee.com\/es\/\",\"name\":\"Best Hip & Knee Surgeon | NY, USA\",\"description\":\"\",\"potentialAction\":[{\"@type\":\"SearchAction\",\"target\":{\"@type\":\"EntryPoint\",\"urlTemplate\":\"https:\/\/www.newyorkhipknee.com\/es\/?s={search_term_string}\"},\"query-input\":{\"@type\":\"PropertyValueSpecification\",\"valueRequired\":true,\"valueName\":\"search_term_string\"}}],\"inLanguage\":\"es\"}]}<\/script>\n<!-- \/ Yoast SEO plugin. -->","yoast_head_json":{"title":"Eastport, Nueva York | Best Hip &amp; Knee Surgeon | NY, USA","description":"Dr. Nakul Karkare's Orthopedic Care: Su principal proveedor de atenci\u00f3n ortop\u00e9dica en Eastport, NY Bienvenido a Dr. Nakul Karkare's Orthopedic Care, su","robots":{"index":"index","follow":"follow","max-snippet":"max-snippet:-1","max-image-preview":"max-image-preview:large","max-video-preview":"max-video-preview:-1"},"canonical":"https:\/\/www.newyorkhipknee.com\/es\/contacto\/riverhead-mejor-cirujano-de-reemplazo-de-rodilla-y-cadera\/eastport-nueva-york\/","og_locale":"es_ES","og_type":"article","og_title":"Eastport, Nueva York | Best Hip &amp; Knee Surgeon | NY, USA","og_description":"Dr. Nakul Karkare's Orthopedic Care: Su principal proveedor de atenci\u00f3n ortop\u00e9dica en Eastport, NY Bienvenido a Dr. Nakul Karkare's Orthopedic Care, su","og_url":"https:\/\/www.newyorkhipknee.com\/es\/contacto\/riverhead-mejor-cirujano-de-reemplazo-de-rodilla-y-cadera\/eastport-nueva-york\/","og_site_name":"Best Hip &amp; Knee Surgeon | NY, USA","twitter_card":"summary_large_image","twitter_misc":{"Tiempo de lectura":"7 minutos"},"schema":{"@context":"https:\/\/schema.org","@graph":[{"@type":["WebPage","MedicalWebPage"],"@id":"https:\/\/www.newyorkhipknee.com\/es\/contacto\/riverhead-mejor-cirujano-de-reemplazo-de-rodilla-y-cadera\/eastport-nueva-york\/","url":"https:\/\/www.newyorkhipknee.com\/es\/contacto\/riverhead-mejor-cirujano-de-reemplazo-de-rodilla-y-cadera\/eastport-nueva-york\/","name":"Eastport, Nueva York | Best Hip &amp; Knee Surgeon | NY, USA","isPartOf":{"@id":"https:\/\/www.newyorkhipknee.com\/es\/#website"},"datePublished":"2023-11-09T20:20:39+00:00","description":"Dr. Nakul Karkare's Orthopedic Care: Su principal proveedor de atenci\u00f3n ortop\u00e9dica en Eastport, NY Bienvenido a Dr. Nakul Karkare's Orthopedic Care, su","breadcrumb":{"@id":"https:\/\/www.newyorkhipknee.com\/es\/contacto\/riverhead-mejor-cirujano-de-reemplazo-de-rodilla-y-cadera\/eastport-nueva-york\/#breadcrumb"},"inLanguage":"es","potentialAction":[{"@type":"ReadAction","target":["https:\/\/www.newyorkhipknee.com\/es\/contacto\/riverhead-mejor-cirujano-de-reemplazo-de-rodilla-y-cadera\/eastport-nueva-york\/"]}]},{"@type":"BreadcrumbList","@id":"https:\/\/www.newyorkhipknee.com\/es\/contacto\/riverhead-mejor-cirujano-de-reemplazo-de-rodilla-y-cadera\/eastport-nueva-york\/#breadcrumb","itemListElement":[{"@type":"ListItem","position":1,"name":"Home","item":"https:\/\/www.newyorkhipknee.com\/es\/"},{"@type":"ListItem","position":2,"name":"Contacto","item":"https:\/\/www.newyorkhipknee.com\/es\/contacto\/"},{"@type":"ListItem","position":3,"name":"Riverhead &#8211; Mejor Cirujano de Reemplazo de Rodilla y Cadera","item":"https:\/\/www.newyorkhipknee.com\/es\/contacto\/riverhead-mejor-cirujano-de-reemplazo-de-rodilla-y-cadera\/"},{"@type":"ListItem","position":4,"name":"Eastport, Nueva York"}]},{"@type":"WebSite","@id":"https:\/\/www.newyorkhipknee.com\/es\/#website","url":"https:\/\/www.newyorkhipknee.com\/es\/","name":"Best Hip & Knee Surgeon | NY, USA","description":"","potentialAction":[{"@type":"SearchAction","target":{"@type":"EntryPoint","urlTemplate":"https:\/\/www.newyorkhipknee.com\/es\/?s={search_term_string}"},"query-input":{"@type":"PropertyValueSpecification","valueRequired":true,"valueName":"search_term_string"}}],"inLanguage":"es"}]}},"_links":{"self":[{"href":"https:\/\/www.newyorkhipknee.com\/es\/wp-json\/wp\/v2\/pages\/21043","targetHints":{"allow":["GET"]}}],"collection":[{"href":"https:\/\/www.newyorkhipknee.com\/es\/wp-json\/wp\/v2\/pages"}],"about":[{"href":"https:\/\/www.newyorkhipknee.com\/es\/wp-json\/wp\/v2\/types\/page"}],"author":[{"embeddable":true,"href":"https:\/\/www.newyorkhipknee.com\/es\/wp-json\/wp\/v2\/users\/33"}],"replies":[{"embeddable":true,"href":"https:\/\/www.newyorkhipknee.com\/es\/wp-json\/wp\/v2\/comments?post=21043"}],"version-history":[{"count":0,"href":"https:\/\/www.newyorkhipknee.com\/es\/wp-json\/wp\/v2\/pages\/21043\/revisions"}],"up":[{"embeddable":true,"href":"https:\/\/www.newyorkhipknee.com\/es\/wp-json\/wp\/v2\/pages\/16545"}],"wp:attachment":[{"href":"https:\/\/www.newyorkhipknee.com\/es\/wp-json\/wp\/v2\/media?parent=21043"}],"curies":[{"name":"wp","href":"https:\/\/api.w.org\/{rel}","templated":true}]}}