{"id":21044,"date":"2023-11-10T16:51:08","date_gmt":"2023-11-10T21:51:08","guid":{"rendered":"https:\/\/newyorkhipknee.com\/contacto\/riverhead-mejor-cirujano-de-reemplazo-de-rodilla-y-cadera\/bahias-de-hampton-nueva-york\/"},"modified":"2023-11-10T16:51:08","modified_gmt":"2023-11-10T21:51:08","slug":"bahias-de-hampton-nueva-york","status":"publish","type":"page","link":"https:\/\/www.newyorkhipknee.com\/es\/contacto\/riverhead-mejor-cirujano-de-reemplazo-de-rodilla-y-cadera\/bahias-de-hampton-nueva-york\/","title":{"rendered":"Bah\u00edas de Hampton, Nueva York"},"content":{"rendered":"<h1>Dr. Nakul Karkare&#8217;s Orthopedic Care: Su Socio de Confianza en Cuidados Ortop\u00e9dicos en Hampton Bays,, NY<\/h1>\n<p>Saludos desde Orthopedic Care del Dr. Nakul Karkare, su principal destino para la atenci\u00f3n ortop\u00e9dica excepcional. Mientras que nuestra base est\u00e1 en <a href=\"https:\/\/newyorkhipknee.com\/contact\/riverhead-orthopedic-surgeon\/\" target=\"_blank\" rel=\"noopener\">Riverhead<\/a> NY, estamos encantados de ampliar nuestros servicios ortop\u00e9dicos experto y amable a la vibrante comunidad de Hampton Bays,, NY. En Orthopedic Care del Dr. Nakul Karkare, no somos s\u00f3lo una pr\u00e1ctica ortop\u00e9dica; somos sus compa\u00f1eros compasivos en su viaje hacia una mejor salud ortop\u00e9dica.<\/p>\n<p>Dr. Nakul Karkare&#8217;s Orthopedic Care se destaca como una pr\u00e1ctica ortop\u00e9dica de primer nivel en Nueva York, y aqu\u00ed es por qu\u00e9 somos su mejor opci\u00f3n para la atenci\u00f3n ortop\u00e9dica: <strong>Conoce al Dr. Nakul Karkare.<\/strong><\/p>\n<p>El Dr. Nakul Karkare es un especialista ortop\u00e9dico altamente experimentado, conocido por su experiencia, numerosas certificaciones y enfoque compasivo. \u00c9l es su gu\u00eda de confianza en su camino ortop\u00e9dico.<\/p>\n<p><strong>Atenci\u00f3n personalizada:<\/strong> Entendemos que cada paciente es \u00fanico. Nuestro enfoque es c\u00e1lido, acogedor y adaptado para satisfacer sus necesidades espec\u00edficas, lo que garantiza que reciba la atenci\u00f3n adecuada para usted.<\/p>\n<p><strong>Soluciones de vanguardia:<\/strong> Nos mantenemos a la vanguardia de los avances ortop\u00e9dicos, asegur\u00e1ndonos de que tenga acceso a los \u00faltimos tratamientos y tecnolog\u00edas. Su atenci\u00f3n est\u00e1 respaldada por los mejores del sector bajo la experta direcci\u00f3n del Dr. Nakul Karkare.<\/p>\n<p><strong>Centrado en la comunidad:<\/strong> Creemos en hacer que la atenci\u00f3n ortop\u00e9dica excepcional sea accesible para todos. Nuestro compromiso de ampliar nuestros servicios a Hampton Bays, refleja nuestra dedicaci\u00f3n a su bienestar.<\/p>\n<p><strong>\u00c9xito probado:<\/strong> Nuestro historial habla por s\u00ed solo. Hemos ayudado a numerosas personas a recuperar la movilidad, reducir el dolor y mejorar su calidad de vida bajo la experta direcci\u00f3n del Dr. Nakul Karkare.<\/p>\n<p>Su salud ortop\u00e9dica es nuestra m\u00e1xima prioridad, y estamos encantados de formar parte de la comunidad de Smithtown. Si usted est\u00e1 tratando con problemas en las articulaciones, lesiones deportivas, fracturas, o cualquier otra preocupaci\u00f3n ortop\u00e9dica, el Dr. Nakul Karkare&#8217;s Orthopedic Care est\u00e1 aqu\u00ed para apoyarle con una c\u00e1lida sonrisa y atenci\u00f3n experta.<\/p>\n<p>Si usted est\u00e1 en Hampton Bays,, NY, y en necesidad de atenci\u00f3n ortop\u00e9dica, le invitamos cordialmente a experimentar el servicio excepcional del Dr. Nakul Karkare&#8217;s Orthopedic Care. P\u00f3ngase en contacto con nosotros y perm\u00edtanos ser sus socios de confianza en su camino hacia una salud ortop\u00e9dica superior. \u00a1Estamos aqu\u00ed para ayudarte, y estamos ansiosos por conocerte!<\/p>\n<h2>Estamos muy orgullosos de ofrecer una amplia gama de servicios ortop\u00e9dicos en los alrededores de Hampton Bays, NY:<\/h2>\n<h2><a role=\"link\" href=\"https:\/\/newyorkhipknee.com\/hip-replacement-surgery\/\" target=\"_blank\" rel=\"noopener\"><strong>Cirug\u00eda de pr\u00f3tesis de cadera:<\/strong> <em>Vuelva a vivir sin dolor de cadera<\/em><\/a><\/h2>\n<p><strong>De qu\u00e9 se trata:<\/strong> La artroplastia de cadera es la soluci\u00f3n cuando la articulaci\u00f3n de la cadera se ve afectada por problemas como la artrosis, la artritis reumatoide o las fracturas. El objetivo es hacer desaparecer el dolor, recuperar la movilidad y mejorar la calidad de vida en general.<\/p>\n<p><strong>C\u00f3mo funciona:<\/strong> Hay dos tipos de pr\u00f3tesis de cadera: la pr\u00f3tesis total de cadera (THR), en la que se cambian la r\u00f3tula y la cavidad de la articulaci\u00f3n de la cadera, y la pr\u00f3tesis parcial de cadera (hemiartroplastia), en la que s\u00f3lo se cambia la r\u00f3tula.<\/p>\n<p><strong>Su nueva cadera:<\/strong> Nuestros expertos cirujanos seleccionan los componentes de la articulaci\u00f3n artificial de la cadera en funci\u00f3n de su edad, nivel de actividad y necesidades espec\u00edficas. Tenemos una gama de materiales como metal, pl\u00e1stico o cer\u00e1mica para elegir.<\/p>\n<p><strong>Recuperaci\u00f3n:<\/strong> Despu\u00e9s de la operaci\u00f3n, trabajar\u00e1 con un fisioterapeuta para recuperar fuerzas y poner la cadera en plena forma. A menudo descubrir\u00e1 que sus dolores son cosa del pasado y que su cadera vuelve a las andadas.<\/p>\n<p>&nbsp;<\/p>\n<h2><a role=\"link\" href=\"https:\/\/newyorkhipknee.com\/custom-knee-replacement-surgery\/\" target=\"_blank\" rel=\"noopener\"><strong>Pr\u00f3tesis de rodilla a medida:<\/strong> <em>Su soluci\u00f3n \u00fanica para el dolor de rodilla<\/em><\/a><\/h2>\n<p><strong>De qu\u00e9 se trata:<\/strong> La pr\u00f3tesis de rodilla a medida es la soluci\u00f3n cuando sus rodillas le causan un dolor extremo y ya ha probado todo lo dem\u00e1s. Hablamos de un enfoque personalizado de la cirug\u00eda de rodilla, hecho a su medida.<\/p>\n<p><strong>C\u00f3mo funciona:<\/strong> Antes de sumergirnos en la cirug\u00eda, hacemos una inmersi\u00f3n profunda en la estructura de su rodilla. Las im\u00e1genes avanzadas y el modelado por ordenador nos ayudan a crear un implante de rodilla tan \u00fanico como usted.<\/p>\n<p><strong>Las ventajas:<\/strong> Las pr\u00f3tesis de rodilla a medida suelen ofrecer una mejor alineaci\u00f3n, mayor estabilidad y menos dolor en comparaci\u00f3n con las pr\u00f3tesis de rodilla est\u00e1ndar. Es como tener una rodilla hecha a tu medida.<\/p>\n<p><strong>Recuperarse (de nuevo):<\/strong> Recuperarse significa trabajar con un fisioterapeuta para aumentar la fuerza y la flexibilidad de la rodilla. Esto suele conllevar menos dolor y una mejor funci\u00f3n de la rodilla. Desp\u00eddete de los molestos dolores de rodilla.<\/p>\n<p>En la pr\u00e1ctica del Dr. Nakul Karkare, no s\u00f3lo estamos aqu\u00ed para tratar sus problemas ortop\u00e9dicos, estamos aqu\u00ed para asegurarse de que entiende completamente sus opciones, se sienten c\u00f3modos con sus opciones, y volver a vivir su mejor vida. Si est\u00e1 listo para dar el primer paso hacia un futuro activo y sin dolor, hablemos de c\u00f3mo podemos ayudarle.<\/p>\n<h2><\/h2>\n<h2>Acerca de Hampton Bay<\/h2>\n<p>Hampton Bays, NY es una aldea ubicada en la ciudad de Southampton en el condado de Suffolk en Long Island, Nueva York. Se considera parte de la regi\u00f3n de Long Island conocida como Los Hamptons. Hampton Bays es un encantador destino costero que combina la belleza de la naturaleza con un encantador ambiente de pueblo peque\u00f1o. Con una rica historia, paisajes pintorescos, diversas actividades recreativas y una gran cantidad de comodidades, Hampton Bays es una opci\u00f3n ideal para una escapada relajante y memorable.<\/p>\n<p>&nbsp;<\/p>\n<h2>Historia<\/h2>\n<p>La historia de Hampton Bays se remonta al siglo XVII, cuando fue colonizada originalmente por la naci\u00f3n india Shinnecock. A lo largo de su historia, la aldea ha experimentado varias transformaciones, desde sus primeros d\u00edas como un bullicioso pueblo de pescadores hasta su estado actual como un popular destino de vacaciones. Todav\u00eda se pueden encontrar varios sitios hist\u00f3ricos en la zona, que ofrecen una visi\u00f3n de su rico pasado.<\/p>\n<p>&nbsp;<\/p>\n<h2>Cultura<\/h2>\n<p>Hampton Bays es un pueblo con un rico patrimonio cultural. Es bien conocido por sus excelentes restaurantes, tiendas y alojamientos. El pueblo tiene una variedad de arquitectura hist\u00f3rica, puertos, restaurantes agradables, bares y tiendas. Hampton Bays tambi\u00e9n alberga varias galer\u00edas de arte y museos, incluido el Centro de Artes de Southampton, que cuenta con exhibiciones sobre las artes y la cultura de la zona.<\/p>\n<p>&nbsp;<\/p>\n<h2>Demograf\u00eda<\/h2>\n<p>Seg\u00fan la Oficina del Censo de los Estados Unidos, la poblaci\u00f3n de Hampton Bays era de 13.603 habitantes en el censo de 2010. La composici\u00f3n racial de la aldea era 77,6% blanca, 12,3% afroamericana, 0,4% nativa americana, 1,3% asi\u00e1tica, 0,1% isle\u00f1a del Pac\u00edfico, 5,5% de otras razas y 2,8% de dos o m\u00e1s razas. Los hispanos o latinos de cualquier raza eran el 28,6% de la poblaci\u00f3n.<\/p>\n<p>&nbsp;<\/p>\n<h2>Turismo<\/h2>\n<p>Hampton Bays es un destino tur\u00edstico popular, especialmente durante los meses de verano. Los visitantes pueden disfrutar de una variedad de actividades, como paseos en bote, pesca y nataci\u00f3n. El pueblo cuenta con varios parques y playas, incluida la playa de Ponquogue, que cuenta con un puerto deportivo, un parque infantil y un snack bar. Los visitantes tambi\u00e9n pueden hacer un recorrido por el pueblo en el Hampton Jitney, que se extiende desde el D\u00eda de los Ca\u00eddos hasta el D\u00eda del Trabajo. Hampton Bays tambi\u00e9n alberga varias bodegas, como Duck Walk Vineyards, que ofrece degustaciones y visitas.<\/p>\n<p>&nbsp;<\/p>\n<h2>Bien inmueble<\/h2>\n<p>A partir de octubre de 2023, hay varias casas en venta en Hampton Bays, NY, que van desde $399,000 hasta $5,500,000. Tambi\u00e9n hay varios condominios y casas adosadas a la venta en el \u00e1rea, que van desde $399,000 a $1,200,000. El valor medio de una vivienda en Hampton Bays es de $625,000.<\/p>\n<p>En conclusi\u00f3n, Hampton Bays, NY es una aldea encantadora con un rico patrimonio cultural y una variedad de actividades para que los visitantes disfruten. Es bien conocida por sus excelentes restaurantes, tiendas y alojamientos, as\u00ed como por su arquitectura hist\u00f3rica, puertos y museos. El pueblo tambi\u00e9n alberga varios parques y playas, bodegas y galer\u00edas de arte. Ya sea que est\u00e9 buscando visitar o hacer de Hampton Bays su hogar, es un lugar maravilloso para estar.<\/p>\n<h2><\/h2>\n<h2>Indicaciones<\/h2>\n<p>Estas son las indicaciones desde Hampton Bays, NY para Complete Orthopedics en 887 Old Country Rd, Suite A, Riverhead, NY 11901:<\/p>\n<p>1. Dir\u00edjase hacia el oeste por Montauk Hwy hacia Springville Rd.<br \/>\n2. Gire a la izquierda en Old Riverhead Rd.<br \/>\n3. Gire a la derecha en Flanders Rd.<br \/>\n4. Gire a la izquierda en NY-24 W\/Nugent Dr.<br \/>\n5. Gire a la derecha en Middle Rd.<br \/>\n6. Gire a la izquierda en Roanoke Ave.<br \/>\n7. Gire a la derecha en Commerce Dr.<br \/>\n8. Gire a la izquierda en Old Country Rd.<br \/>\n9. Complete Orthopedics estar\u00e1 a su derecha en 887 Old Country Rd, Suite A, Riverhead, NY 11901.<\/p>\n<p>La distancia total de conducci\u00f3n es de aproximadamente 14 millas y deber\u00eda tomar alrededor de 25 minutos, dependiendo del tr\u00e1fico.<\/p>\n<p>&nbsp;<\/p>\n<h2>Atenci\u00f3n m\u00e9dica cerca de Hampton Bay<\/h2>\n<p><strong>Farmacias:<\/strong><br \/>\n&#8211; Farmacia CVS, 190 W Montauk Hwy, Hampton Bays, NY 11946<br \/>\n&#8211; Farmacia Rite Aid, 165 W Montauk Hwy, Hampton Bays, NY 11946<br \/>\n&#8211; Farmacia Walgreens, 1196 Flanders Rd, Flanders, NY 11901<\/p>\n<p><strong>Centros de Radiolog\u00eda:<\/strong><br \/>\n&#8211; Radiolog\u00eda East End, 133 E Main St, Riverhead, NY 11901<br \/>\n&#8211; Radiolog\u00eda del Peconic Bay Medical Center, 1300 Roanoke Ave, Riverhead, NY 11901<br \/>\n&#8211; Northwell Health Imaging at East Setauket, 4 Technology Dr, East Setauket, NY 11733<\/p>\n<p><strong>Centros de Atenci\u00f3n de Urgencia:<\/strong><br \/>\n&#8211; Northwell Health-GoHealth Urgent Care, 2044 Montauk Hwy, Bridgehampton, NY 11932<br \/>\n&#8211; Hampton Medical Care, 225 W Montauk Hwy, Hampton Bays, NY 11946<br \/>\n&#8211; Urgencias en Hampton Bays, NY| Northwell Health, 225 W Montauk Hwy, Hampton Bays, NY 11946<\/p>\n<p><strong>Hospitales:<\/strong><br \/>\n&#8211; Hospital Stony Brook Southampton, 240 Meeting House Ln, Southampton, NY 11968<br \/>\n&#8211; Centro M\u00e9dico Peconic Bay, 1300 Roanoke Ave, Riverhead, NY 11901<br \/>\n&#8211; Centro de Tratamiento Militar, 1 Heroes Way, Westhampton Beach, NY 11978<\/p>\n<p>Estas farmacias, centros de radiolog\u00eda, centros de atenci\u00f3n de urgencia y hospitales se encuentran a una distancia razonable de Hampton Bays, NY y pueden brindar atenci\u00f3n y servicios m\u00e9dicos a la comunidad.<\/p>\n<p>&nbsp;<\/p>\n<div>\n<div class=\"Hhmu2e wDYxhc NFQFxe viOShc LKPcQc\" lang=\"en-US\" data-md=\"16\" data-hveid=\"CAkQAA\" data-ved=\"2ahUKEwjG9ODTiMmBAxWXOjQIHehtBpYQhyh6BAgJEAA\">\n<div class=\"Ftghae iirjIb DaSCDf GUV4E\">\n<div class=\"SPZz6b\">\n<div class=\"wDYxhc\" lang=\"en-US\" data-attrid=\"kc:\/location\/location:address\" data-md=\"1002\" data-hveid=\"CBYQAA\" data-ved=\"2ahUKEwjG9ODTiMmBAxWXOjQIHehtBpYQkCl6BAgWEAA\">\n<div class=\"Z1hOCe\">\n<div class=\"zloOqf PZPZlf\" data-dtype=\"d3ifr\" data-local-attribute=\"d3adr\" data-mid=\"\/g\/11fsw3zvsc\" data-ved=\"2ahUKEwjG9ODTiMmBAxWXOjQIHehtBpYQghwoAHoECBYQAQ\">\n<div class=\"GDRHkb\" data-at=\"2\" data-uid=\"1\">Nos enorgullecemos inmensamente de la atenci\u00f3n ortop\u00e9dica integral que brindamos a pacientes de varios hospitales locales y centros de atenci\u00f3n de urgencia, incluidos los que mencionamos anteriormente.<\/div>\n<\/div>\n<\/div>\n<\/div>\n<\/div>\n<\/div>\n<\/div>\n<\/div>\n<p>Ya sea que haya sido referido a nosotros para un tratamiento ortop\u00e9dico o si simplemente tiene preguntas o inquietudes sobre su salud ortop\u00e9dica, no dude en comunicarse con nuestro equipo dedicado las 24 horas del d\u00eda, los 7 d\u00edas de la semana. Estamos aqu\u00ed para ayudarlo con prontitud y empat\u00eda genuina.<\/p>\n<p>Entendemos que muchas personas buscan atenci\u00f3n en centros de atenci\u00f3n de urgencia y hospitales por lesiones relacionadas con la compensaci\u00f3n laboral y el seguro sin culpa. Si su lesi\u00f3n no requiere una visita al hospital, estamos m\u00e1s que dispuestos a ofrecerle un tratamiento ortop\u00e9dico experto adaptado espec\u00edficamente a sus necesidades. No dude en ponerse en contacto con nosotros al 631-981-2663 para programar una cita con nosotros hoy mismo. Su bienestar sigue siendo nuestra m\u00e1xima prioridad, y estamos comprometidos a estar a su lado en su viaje hacia la recuperaci\u00f3n.<\/p>\n","protected":false},"excerpt":{"rendered":"<p>Dr. Nakul Karkare&#8217;s Orthopedic Care: Su Socio de Confianza en Cuidados Ortop\u00e9dicos en Hampton Bays,, NY Saludos desde Orthopedic Care del Dr. Nakul Karkare, su principal destino para la atenci\u00f3n ortop\u00e9dica excepcional. Mientras que nuestra base est\u00e1 en Riverhead NY, estamos encantados de ampliar nuestros servicios ortop\u00e9dicos experto y amable a la vibrante comunidad de [&hellip;]<\/p>\n","protected":false},"author":33,"featured_media":0,"parent":16545,"menu_order":0,"comment_status":"closed","ping_status":"closed","template":"","meta":{"_et_pb_use_builder":"","_et_pb_old_content":"","_et_gb_content_width":"","footnotes":""},"class_list":["post-21044","page","type-page","status-publish","hentry"],"yoast_head":"<!-- This site is optimized with the Yoast SEO plugin v27.2 - https:\/\/yoast.com\/product\/yoast-seo-wordpress\/ -->\n<title>Bah\u00edas de Hampton, Nueva York | Best Hip &amp; Knee Surgeon | NY, USA<\/title>\n<meta name=\"description\" content=\"Dr. Nakul Karkare&#039;s Orthopedic Care: Su Socio de Confianza en Cuidados Ortop\u00e9dicos en Hampton Bays,, NY Saludos desde Orthopedic Care del Dr. Nakul\" \/>\n<meta name=\"robots\" content=\"index, follow, max-snippet:-1, max-image-preview:large, max-video-preview:-1\" \/>\n<link rel=\"canonical\" href=\"https:\/\/www.newyorkhipknee.com\/es\/contacto\/riverhead-mejor-cirujano-de-reemplazo-de-rodilla-y-cadera\/bahias-de-hampton-nueva-york\/\" \/>\n<meta property=\"og:locale\" content=\"es_ES\" \/>\n<meta property=\"og:type\" content=\"article\" \/>\n<meta property=\"og:title\" content=\"Bah\u00edas de Hampton, Nueva York | Best Hip &amp; Knee Surgeon | NY, USA\" \/>\n<meta property=\"og:description\" content=\"Dr. Nakul Karkare&#039;s Orthopedic Care: Su Socio de Confianza en Cuidados Ortop\u00e9dicos en Hampton Bays,, NY Saludos desde Orthopedic Care del Dr. Nakul\" \/>\n<meta property=\"og:url\" content=\"https:\/\/www.newyorkhipknee.com\/es\/contacto\/riverhead-mejor-cirujano-de-reemplazo-de-rodilla-y-cadera\/bahias-de-hampton-nueva-york\/\" \/>\n<meta property=\"og:site_name\" content=\"Best Hip &amp; Knee Surgeon | NY, USA\" \/>\n<meta name=\"twitter:card\" content=\"summary_large_image\" \/>\n<meta name=\"twitter:label1\" content=\"Tiempo de lectura\" \/>\n\t<meta name=\"twitter:data1\" content=\"10 minutos\" \/>\n<script type=\"application\/ld+json\" class=\"yoast-schema-graph\">{\"@context\":\"https:\/\/schema.org\",\"@graph\":[{\"@type\":[\"WebPage\",\"MedicalWebPage\"],\"@id\":\"https:\/\/www.newyorkhipknee.com\/es\/contacto\/riverhead-mejor-cirujano-de-reemplazo-de-rodilla-y-cadera\/bahias-de-hampton-nueva-york\/\",\"url\":\"https:\/\/www.newyorkhipknee.com\/es\/contacto\/riverhead-mejor-cirujano-de-reemplazo-de-rodilla-y-cadera\/bahias-de-hampton-nueva-york\/\",\"name\":\"Bah\u00edas de Hampton, Nueva York | Best Hip &amp; Knee Surgeon | NY, USA\",\"isPartOf\":{\"@id\":\"https:\/\/www.newyorkhipknee.com\/es\/#website\"},\"datePublished\":\"2023-11-10T21:51:08+00:00\",\"description\":\"Dr. Nakul Karkare's Orthopedic Care: Su Socio de Confianza en Cuidados Ortop\u00e9dicos en Hampton Bays,, NY Saludos desde Orthopedic Care del Dr. Nakul\",\"breadcrumb\":{\"@id\":\"https:\/\/www.newyorkhipknee.com\/es\/contacto\/riverhead-mejor-cirujano-de-reemplazo-de-rodilla-y-cadera\/bahias-de-hampton-nueva-york\/#breadcrumb\"},\"inLanguage\":\"es\",\"potentialAction\":[{\"@type\":\"ReadAction\",\"target\":[\"https:\/\/www.newyorkhipknee.com\/es\/contacto\/riverhead-mejor-cirujano-de-reemplazo-de-rodilla-y-cadera\/bahias-de-hampton-nueva-york\/\"]}]},{\"@type\":\"BreadcrumbList\",\"@id\":\"https:\/\/www.newyorkhipknee.com\/es\/contacto\/riverhead-mejor-cirujano-de-reemplazo-de-rodilla-y-cadera\/bahias-de-hampton-nueva-york\/#breadcrumb\",\"itemListElement\":[{\"@type\":\"ListItem\",\"position\":1,\"name\":\"Home\",\"item\":\"https:\/\/www.newyorkhipknee.com\/es\/\"},{\"@type\":\"ListItem\",\"position\":2,\"name\":\"Contacto\",\"item\":\"https:\/\/www.newyorkhipknee.com\/es\/contacto\/\"},{\"@type\":\"ListItem\",\"position\":3,\"name\":\"Riverhead &#8211; Mejor Cirujano de Reemplazo de Rodilla y Cadera\",\"item\":\"https:\/\/www.newyorkhipknee.com\/es\/contacto\/riverhead-mejor-cirujano-de-reemplazo-de-rodilla-y-cadera\/\"},{\"@type\":\"ListItem\",\"position\":4,\"name\":\"Bah\u00edas de Hampton, Nueva York\"}]},{\"@type\":\"WebSite\",\"@id\":\"https:\/\/www.newyorkhipknee.com\/es\/#website\",\"url\":\"https:\/\/www.newyorkhipknee.com\/es\/\",\"name\":\"Best Hip & Knee Surgeon | NY, USA\",\"description\":\"\",\"potentialAction\":[{\"@type\":\"SearchAction\",\"target\":{\"@type\":\"EntryPoint\",\"urlTemplate\":\"https:\/\/www.newyorkhipknee.com\/es\/?s={search_term_string}\"},\"query-input\":{\"@type\":\"PropertyValueSpecification\",\"valueRequired\":true,\"valueName\":\"search_term_string\"}}],\"inLanguage\":\"es\"}]}<\/script>\n<!-- \/ Yoast SEO plugin. -->","yoast_head_json":{"title":"Bah\u00edas de Hampton, Nueva York | Best Hip &amp; Knee Surgeon | NY, USA","description":"Dr. Nakul Karkare's Orthopedic Care: Su Socio de Confianza en Cuidados Ortop\u00e9dicos en Hampton Bays,, NY Saludos desde Orthopedic Care del Dr. Nakul","robots":{"index":"index","follow":"follow","max-snippet":"max-snippet:-1","max-image-preview":"max-image-preview:large","max-video-preview":"max-video-preview:-1"},"canonical":"https:\/\/www.newyorkhipknee.com\/es\/contacto\/riverhead-mejor-cirujano-de-reemplazo-de-rodilla-y-cadera\/bahias-de-hampton-nueva-york\/","og_locale":"es_ES","og_type":"article","og_title":"Bah\u00edas de Hampton, Nueva York | Best Hip &amp; Knee Surgeon | NY, USA","og_description":"Dr. Nakul Karkare's Orthopedic Care: Su Socio de Confianza en Cuidados Ortop\u00e9dicos en Hampton Bays,, NY Saludos desde Orthopedic Care del Dr. Nakul","og_url":"https:\/\/www.newyorkhipknee.com\/es\/contacto\/riverhead-mejor-cirujano-de-reemplazo-de-rodilla-y-cadera\/bahias-de-hampton-nueva-york\/","og_site_name":"Best Hip &amp; Knee Surgeon | NY, USA","twitter_card":"summary_large_image","twitter_misc":{"Tiempo de lectura":"10 minutos"},"schema":{"@context":"https:\/\/schema.org","@graph":[{"@type":["WebPage","MedicalWebPage"],"@id":"https:\/\/www.newyorkhipknee.com\/es\/contacto\/riverhead-mejor-cirujano-de-reemplazo-de-rodilla-y-cadera\/bahias-de-hampton-nueva-york\/","url":"https:\/\/www.newyorkhipknee.com\/es\/contacto\/riverhead-mejor-cirujano-de-reemplazo-de-rodilla-y-cadera\/bahias-de-hampton-nueva-york\/","name":"Bah\u00edas de Hampton, Nueva York | Best Hip &amp; Knee Surgeon | NY, USA","isPartOf":{"@id":"https:\/\/www.newyorkhipknee.com\/es\/#website"},"datePublished":"2023-11-10T21:51:08+00:00","description":"Dr. Nakul Karkare's Orthopedic Care: Su Socio de Confianza en Cuidados Ortop\u00e9dicos en Hampton Bays,, NY Saludos desde Orthopedic Care del Dr. Nakul","breadcrumb":{"@id":"https:\/\/www.newyorkhipknee.com\/es\/contacto\/riverhead-mejor-cirujano-de-reemplazo-de-rodilla-y-cadera\/bahias-de-hampton-nueva-york\/#breadcrumb"},"inLanguage":"es","potentialAction":[{"@type":"ReadAction","target":["https:\/\/www.newyorkhipknee.com\/es\/contacto\/riverhead-mejor-cirujano-de-reemplazo-de-rodilla-y-cadera\/bahias-de-hampton-nueva-york\/"]}]},{"@type":"BreadcrumbList","@id":"https:\/\/www.newyorkhipknee.com\/es\/contacto\/riverhead-mejor-cirujano-de-reemplazo-de-rodilla-y-cadera\/bahias-de-hampton-nueva-york\/#breadcrumb","itemListElement":[{"@type":"ListItem","position":1,"name":"Home","item":"https:\/\/www.newyorkhipknee.com\/es\/"},{"@type":"ListItem","position":2,"name":"Contacto","item":"https:\/\/www.newyorkhipknee.com\/es\/contacto\/"},{"@type":"ListItem","position":3,"name":"Riverhead &#8211; Mejor Cirujano de Reemplazo de Rodilla y Cadera","item":"https:\/\/www.newyorkhipknee.com\/es\/contacto\/riverhead-mejor-cirujano-de-reemplazo-de-rodilla-y-cadera\/"},{"@type":"ListItem","position":4,"name":"Bah\u00edas de Hampton, Nueva York"}]},{"@type":"WebSite","@id":"https:\/\/www.newyorkhipknee.com\/es\/#website","url":"https:\/\/www.newyorkhipknee.com\/es\/","name":"Best Hip & Knee Surgeon | NY, USA","description":"","potentialAction":[{"@type":"SearchAction","target":{"@type":"EntryPoint","urlTemplate":"https:\/\/www.newyorkhipknee.com\/es\/?s={search_term_string}"},"query-input":{"@type":"PropertyValueSpecification","valueRequired":true,"valueName":"search_term_string"}}],"inLanguage":"es"}]}},"_links":{"self":[{"href":"https:\/\/www.newyorkhipknee.com\/es\/wp-json\/wp\/v2\/pages\/21044","targetHints":{"allow":["GET"]}}],"collection":[{"href":"https:\/\/www.newyorkhipknee.com\/es\/wp-json\/wp\/v2\/pages"}],"about":[{"href":"https:\/\/www.newyorkhipknee.com\/es\/wp-json\/wp\/v2\/types\/page"}],"author":[{"embeddable":true,"href":"https:\/\/www.newyorkhipknee.com\/es\/wp-json\/wp\/v2\/users\/33"}],"replies":[{"embeddable":true,"href":"https:\/\/www.newyorkhipknee.com\/es\/wp-json\/wp\/v2\/comments?post=21044"}],"version-history":[{"count":0,"href":"https:\/\/www.newyorkhipknee.com\/es\/wp-json\/wp\/v2\/pages\/21044\/revisions"}],"up":[{"embeddable":true,"href":"https:\/\/www.newyorkhipknee.com\/es\/wp-json\/wp\/v2\/pages\/16545"}],"wp:attachment":[{"href":"https:\/\/www.newyorkhipknee.com\/es\/wp-json\/wp\/v2\/media?parent=21044"}],"curies":[{"name":"wp","href":"https:\/\/api.w.org\/{rel}","templated":true}]}}