{"id":21060,"date":"2023-11-13T15:55:09","date_gmt":"2023-11-13T20:55:09","guid":{"rendered":"https:\/\/newyorkhipknee.com\/contacto\/riverhead-mejor-cirujano-de-reemplazo-de-rodilla-y-cadera\/acerca-de-riverhead-ny\/"},"modified":"2023-11-13T15:55:09","modified_gmt":"2023-11-13T20:55:09","slug":"acerca-de-riverhead-ny","status":"publish","type":"page","link":"https:\/\/www.newyorkhipknee.com\/es\/contacto\/riverhead-mejor-cirujano-de-reemplazo-de-rodilla-y-cadera\/acerca-de-riverhead-ny\/","title":{"rendered":"Acerca de Riverhead, NY"},"content":{"rendered":"<h1>Atenci\u00f3n ortop\u00e9dica sin igual en Riverhead, NY, por el Dr. Nakul Karkare<\/h1>\n<p>Bienvenido al mundo de la excelencia ortop\u00e9dica con el Dr. Nakul Karkare. Situado en Riverhead NY, tomamos inmenso orgullo en la ampliaci\u00f3n de nuestros servicios ortop\u00e9dicos excepcionales a la comunidad estimada de Riverhead, NY. En la pr\u00e1ctica del Dr. Nakul Karkare, estamos como un modelo de excelencia en el campo de la medicina ortop\u00e9dica en Nueva York.<\/p>\n<p>Por qu\u00e9 elegir al Dr. Nakul Karkare: Su primera elecci\u00f3n<br \/>\nEn la consulta del Dr. Nakul Karkare, no s\u00f3lo ofrecemos atenci\u00f3n ortop\u00e9dica; la definimos. He aqu\u00ed por qu\u00e9 somos su opci\u00f3n indiscutible para servicios ortop\u00e9dicos en Nueva York:<\/p>\n<p><strong>Liderazgo en ortopedia:<\/strong> Nuestro equipo est\u00e1 compuesto por especialistas ortop\u00e9dicos consumados que son l\u00edderes reconocidos en sus respectivos campos. El Dr. Nakul Karkare, con m\u00e1s de 15 a\u00f1os de experiencia, es un distinguido cirujano ortop\u00e9dico con un historial de excelencia.<\/p>\n<p><strong>Tratamiento de vanguardia:<\/strong> Nos mantenemos a la vanguardia de las innovaciones ortop\u00e9dicas, asegurando que nuestros pacientes accedan a los \u00faltimos tratamientos y tecnolog\u00edas. Su atenci\u00f3n est\u00e1 respaldada por los mejores de la industria.<\/p>\n<p> <strong>Atenci\u00f3n personalizada:<\/strong> Reconocemos la singularidad de cada paciente. Nuestro enfoque se adapta a sus necesidades espec\u00edficas, lo que garantiza un plan de tratamiento que maximiza sus posibilidades de obtener un resultado exitoso.<\/p>\n<p><strong>Accesibilidad para todos<\/strong>: Estamos encantados de ampliar nuestros servicios a Riverhead. Creemos firmemente que la atenci\u00f3n ortop\u00e9dica excepcional debe estar al alcance de todos, y estamos orgullosos de servir a su comunidad.<\/p>\n<p><strong>Excelencia comprobada:<\/strong> Nuestro historial de \u00e9xitos lo dice todo. Hemos ayudado a innumerables pacientes a recuperar la movilidad, aliviar el dolor y mejorar su calidad de vida bajo la experta direcci\u00f3n del Dr. Nakul Karkare y su equipo.<\/p>\n<p>Su bienestar ortop\u00e9dico es nuestro compromiso inquebrantable. Si usted est\u00e1 luchando con problemas en las articulaciones, lesiones deportivas, fracturas, o cualquier otra preocupaci\u00f3n ortop\u00e9dica, el Dr. Nakul Karkare es su compa\u00f1ero de confianza en su camino hacia la recuperaci\u00f3n.<\/p>\n<p>&nbsp;<\/p>\n<h2>Estamos orgullosos de ofrecer una amplia gama de servicios ortop\u00e9dicos en el Riverhead, NY alrededores:<\/h2>\n<div class=\"group w-full text-token-text-primary border-b border-black\/10 gizmo:border-0 dark:border-gray-900\/50 gizmo:dark:border-0 bg-gray-50 gizmo:bg-transparent dark:bg-[#444654] gizmo:dark:bg-transparent\" data-testid=\"conversation-turn-7\">\n<div class=\"p-4 gizmo:py-2 justify-center text-base md:gap-6 md:py-6 m-auto\">\n<div class=\"flex flex-1 gap-4 text-base mx-auto md:gap-6 gizmo:gap-3 gizmo:md:px-5 gizmo:lg:px-1 gizmo:xl:px-5 md:max-w-2xl lg:max-w-[38rem] gizmo:md:max-w-3xl gizmo:lg:max-w-[40rem] gizmo:xl:max-w-[48rem] xl:max-w-3xl }\">\n<div class=\"relative flex w-[calc(100%-50px)] flex-col gizmo:w-full lg:w-[calc(100%-115px)] agent-turn\">\n<div class=\"flex-col gap-1 md:gap-3\">\n<div class=\"flex flex-grow flex-col gap-3 max-w-full\">\n<div class=\"min-h-[20px] flex flex-col items-start gap-3 whitespace-pre-wrap break-words overflow-x-auto\" data-message-author-role=\"assistant\" data-message-id=\"c81e66e2-747b-4239-8234-37bebc1d7ea9\">\n<div class=\"markdown prose w-full break-words dark:prose-invert dark\">\n<h2><a role=\"link\" href=\"https:\/\/newyorkhipknee.com\/custom-knee-replacement-surgery\/\" target=\"_blank\" rel=\"noopener\"><strong>Cirug\u00eda personalizada de pr\u00f3tesis de rodilla:<\/strong><\/a><\/h2>\n<p><em>Para una mayor movilidad y comodidad<\/em><\/p>\n<p><strong>Qui\u00e9n necesita una pr\u00f3tesis de rodilla a medida:<\/strong><\/p>\n<p>La artroplastia de rodilla a medida se recomienda a las personas que sufren dolor intenso en la rodilla y movilidad reducida debido a afecciones como la artrosis, la artritis reumatoide o lesiones articulares. Si su dolor de rodilla est\u00e1 afectando significativamente a su vida diaria y los tratamientos conservadores no le han proporcionado suficiente alivio, esta cirug\u00eda puede ser la soluci\u00f3n que necesita.<\/p>\n<p><strong>El procedimiento:<\/strong><\/p>\n<p>La pr\u00f3tesis de rodilla a medida, tambi\u00e9n conocida como pr\u00f3tesis de rodilla personalizada, es un procedimiento quir\u00fargico adaptado a su anatom\u00eda \u00fanica. Comienza con una evaluaci\u00f3n exhaustiva de la articulaci\u00f3n de la rodilla mediante tecnolog\u00eda de imagen avanzada. Bas\u00e1ndose en esta evaluaci\u00f3n, se dise\u00f1a un implante a medida que se adapte con precisi\u00f3n a su rodilla. Durante la intervenci\u00f3n quir\u00fargica, se extrae la articulaci\u00f3n de la rodilla da\u00f1ada y se coloca cuidadosamente el implante personalizado. El objetivo es restablecer la funci\u00f3n natural de la articulaci\u00f3n minimizando las molestias.<\/p>\n<p><strong>Ventajas de la pr\u00f3tesis de rodilla a medida:<\/strong><\/p>\n<ol>\n<li><strong>Ajuste de precisi\u00f3n:<\/strong> El implante a medida est\u00e1 dise\u00f1ado para adaptarse a la estructura \u00fanica de su rodilla, mejorando el potencial de una sensaci\u00f3n m\u00e1s natural y c\u00f3moda.<\/li>\n<li><strong>Mayor movilidad:<\/strong> Con un implante ajustado con precisi\u00f3n, puede esperar una mejora del movimiento articular y menos dolor.<\/li>\n<li><strong>Resultados duraderos:<\/strong> La pr\u00f3tesis de rodilla a medida puede proporcionar alivio a largo plazo, permiti\u00e9ndole disfrutar de un estilo de vida m\u00e1s activo y sin dolor.<\/li>\n<\/ol>\n<p>&nbsp;<\/p>\n<h2><a role=\"link\" href=\"https:\/\/newyorkhipknee.com\/hip-replacement-surgery\/\" target=\"_blank\" rel=\"noopener\"><strong>Cirug\u00eda de reemplazo de cadera:<\/strong><\/a><\/h2>\n<p><em>Redescubra el movimiento sin dolor<\/em><\/p>\n<p><strong>Qui\u00e9n necesita una pr\u00f3tesis de cadera:<\/strong><\/p>\n<p>La artroplastia de cadera suele recomendarse a las personas que sufren dolor de cadera, rigidez o una disminuci\u00f3n significativa de la movilidad debido a afecciones como la artrosis, las fracturas de cadera o la necrosis avascular. Si su dolor de cadera interfiere en sus actividades cotidianas y afecta a su calidad de vida, la artroplastia de cadera puede ser la soluci\u00f3n.<\/p>\n<p><strong>El procedimiento:<\/strong><\/p>\n<p>La artroplastia de cadera consiste en la extirpaci\u00f3n de la articulaci\u00f3n de la cadera da\u00f1ada y su sustituci\u00f3n por una pr\u00f3tesis de cadera. La intervenci\u00f3n se realiza bajo anestesia para garantizar su comodidad. El cirujano hace una incisi\u00f3n y extrae con cuidado la articulaci\u00f3n da\u00f1ada. A continuaci\u00f3n, el implante prot\u00e9sico se coloca de forma segura en su posici\u00f3n para imitar la funci\u00f3n de la articulaci\u00f3n natural de la cadera.<\/p>\n<p><strong>Beneficios de la pr\u00f3tesis de cadera:<\/strong><\/p>\n<ol>\n<li><strong>Alivio del dolor:<\/strong> La artroplastia de cadera ofrece un alivio sustancial del dolor cr\u00f3nico de cadera, permiti\u00e9ndole recuperar un estilo de vida activo.<\/li>\n<li><strong>Mejora de la movilidad:<\/strong> La cirug\u00eda puede devolverle la capacidad de caminar, moverse y realizar actividades sin molestias.<\/li>\n<li><strong>Mayor calidad de vida:<\/strong> Con una pr\u00f3tesis de cadera exitosa, podr\u00e1 disfrutar de una vida m\u00e1s satisfactoria y sin dolor.<\/li>\n<\/ol>\n<p>Tanto la artroplastia de rodilla como la artroplastia de cadera a medida son soluciones eficaces para aliviar el dolor y mejorar la movilidad.<\/p>\n<p>Si sufre molestias persistentes en la rodilla o la cadera que limitan sus actividades diarias, considere la posibilidad de consultar con el Dr. Nakul Karkare, cirujano ortop\u00e9dico de gran experiencia, para estudiar qu\u00e9 procedimiento se adapta mejor a sus necesidades. El Dr. Karkare y su equipo le proporcionar\u00e1n una atenci\u00f3n personalizada para ayudarle a recuperar su calidad de vida mediante estas opciones quir\u00fargicas avanzadas.<\/p>\n<h1>Acerca de Riverhead<\/h1>\n<p>Riverhead, NY es una ciudad ubicada en la costa norte de Long Island, Nueva York. Es una comunidad rica en recursos naturales, hist\u00f3ricos y paisaj\u00edsticos que est\u00e1 experimentando poderosas fuerzas de cambio. Riverhead sigue siendo la ciudad m\u00e1s poblada del condado de Suffolk, con una poblaci\u00f3n de casi 36.000 personas. En este art\u00edculo, exploraremos la historia, la cultura y el turismo de Riverhead, Nueva York.<\/p>\n<p><strong>Historia<\/strong><br \/>\nRiverhead tiene una rica historia que se remonta a los primeros d\u00edas de los Estados Unidos. La ciudad fue colonizada por primera vez a mediados del siglo XVII por colonos ingleses. La ciudad lleva el nombre del r\u00edo Peconic, que fluye a trav\u00e9s de la ciudad y fue una importante fuente de transporte y comercio para los primeros colonos. Riverhead se incorpor\u00f3 oficialmente en 1792 y ha sido la sede del condado de Suffolk desde 1727.<\/p>\n<p><strong>Cultura<\/strong><br \/>\nRiverhead es una ciudad que valora su cultura y tradiciones. La ciudad es el hogar de una serie de instituciones culturales que celebran las artes y promueven la creatividad. Estos son algunos de los aspectos culturales m\u00e1s destacados de Riverhead:<\/p>\n<p>&#8211; Consejo de las Artes del East End: Esta organizaci\u00f3n ofrece diversos programas y eventos, como exposiciones de arte, producciones teatrales y actuaciones musicales.<\/p>\n<p>&#8211; Sociedad Hist\u00f3rica del Condado de Suffolk: Esta sociedad se dedica a preservar la historia del condado de Suffolk y ofrece una gran variedad de exposiciones y programas.<\/p>\n<p>&#8211; Asociaci\u00f3n C\u00edvica del Pueblo Polaco: Esta organizaci\u00f3n celebra la herencia polaca de Riverhead y organiza una feria anual del pueblo polaco.<\/p>\n<p><strong>Turismo<\/strong><br \/>\nRiverhead es un destino popular para los turistas que buscan una escapada tranquila y relajante. La ciudad ofrece una variedad de atracciones que atraen a visitantes de todas las edades. Estas son algunas de las principales atracciones tur\u00edsticas de Riverhead:<\/p>\n<p>&#8211; Bodegas: La bifurcaci\u00f3n norte de Long Island alberga varias bodegas que ofrecen catas y visitas. Los visitantes pueden degustar algunos de los mejores vinos de la regi\u00f3n y aprender sobre la historia de la elaboraci\u00f3n del vino en Nueva York.<\/p>\n<p>&#8211; Tanger Outlets: Este centro comercial ofrece una gran variedad de tiendas y restaurantes, lo que lo convierte en un destino popular para los compradores.<\/p>\n<p>&#8211; Parque acu\u00e1tico Splish Splash: Este parque acu\u00e1tico ofrece una gran variedad de atracciones acu\u00e1ticas, lo que lo convierte en un destino popular para las familias.<\/p>\n<p><strong>Recursos naturales<\/strong><br \/>\nRiverhead ocupa un lugar \u00fanico dentro del paisaje muy admirado del este de Long Island. Riverhead se encuentra literalmente \u00aben la cabecera de un r\u00edo\u00bb -el Peconic- y est\u00e1 rodeado de belleza natural. La ciudad se encuentra en parte en la bifurcaci\u00f3n norte del condado. El t\u00e9rmino oriental de la autopista de Long Island se encuentra en Riverhead. La ciudad alberga una serie de recursos naturales, entre ellos:<\/p>\n<p>&#8211; Playas: Riverhead se encuentra en la costa norte de Long Island, lo que significa que alberga algunas de las playas m\u00e1s bonitas del mundo. Los visitantes pueden disfrutar de nadar, tomar el sol y surfear en las playas cercanas.<\/p>\n<p>&#8211; Parques: Riverhead alberga varios parques que ofrecen rutas de senderismo, \u00e1reas de picnic y otras actividades al aire libre. Algunos de los parques m\u00e1s populares de la ciudad incluyen Indian Island County Park, Peconic Riverfront Park y Hallock State Park Preserve.<\/p>\n<p>&#8211; Granjas: Riverhead alberga varias granjas que ofrecen productos frescos y otros productos agr\u00edcolas. Los visitantes pueden hacer un recorrido por las granjas y aprender sobre la historia de la agricultura en la regi\u00f3n.<\/p>\n<p>Riverhead, Nueva York, es una ciudad que ofrece una mezcla \u00fanica de historia, cultura y turismo. Ya sea que est\u00e9 interesado en las artes, la historia o las actividades al aire libre, hay algo para todos en esta hermosa ciudad. Entonces, \u00bfpor qu\u00e9 no planear una visita a Riverhead y experimentar todo lo que tiene para ofrecer?<\/p>\n<p>&nbsp;<\/p>\n<h2>Indicaciones<\/h2>\n<p>Complete Orthopedics est\u00e1 ubicado en 887 Old Country Rd. SUITE A, Riverhead, NY 11901. Aqu\u00ed hay algunas instrucciones para ayudarlo a llegar a nuestra oficina:<\/p>\n<p>1. Si viene de Aquebogue, NY, dir\u00edjase hacia el este por Main Rd hacia Church Ln.<br \/>\n2. Gire a la izquierda en Peconic Bay Blvd.<br \/>\n3. Gire a la derecha en Flanders Rd.<br \/>\n4. Gire a la izquierda en Old Quogue Rd.<br \/>\n5. Gire a la derecha en Old Country Rd.<br \/>\n6. Nuestra oficina estar\u00e1 a la izquierda en 887 Old Country Rd. SUITE A.<\/p>\n<p>Si vienes de otro lugar, puedes utilizar las siguientes indicaciones:<\/p>\n<p>1. Use GPS o un mapa para navegar a 887 Old Country Rd. SUITE A, Riverhead, NY 11901.<br \/>\n2. Nuestra oficina est\u00e1 ubicada en el lado sur de Old Country Rd., entre Kroemer Ave. y Roanoke Ave.<br \/>\n3. Si viene del oeste, nuestra oficina estar\u00e1 en el lado derecho de la carretera.<br \/>\n4. Si viene desde el este, nuestra oficina estar\u00e1 en el lado izquierdo de la carretera.<\/p>\n<p>Esperamos que estas instrucciones sean \u00fatiles para llegar a nuestra oficina. Si tiene alguna pregunta o necesita m\u00e1s ayuda, no dude en ponerse en contacto con nosotros. Esperamos verle en Complete Orthopedics.<\/p>\n<p>&nbsp;<\/p>\n<h2>Atenci\u00f3n m\u00e9dica cerca de Riverhead<\/h2>\n<p><strong>Farmacias cerca de Riverhead, NY:<\/strong><\/p>\n<p>1. Farmacia CVS &#8211; 1140 Old Country Rd. Riverhead, Estado de Nueva York 11901<br \/>\n2. Farmacia Walgreens &#8211; 1196 OLD COUNTRY RD, Riverhead, NY 11901<br \/>\n3. Farmacia CVS &#8211; 1150 Old Country Rd Riverhead, NY 11901<\/p>\n<p>&nbsp;<\/p>\n<p><strong>Centros de radiolog\u00eda cerca de Riverhead, NY:<\/strong><\/p>\n<p>1. East End Radiology &#8211; 1333 Roanoke Ave, Riverhead, NY 11901<br \/>\n2. Radiolog\u00eda del Centro M\u00e9dico Peconic Bay &#8211; 1300 Roanoke Ave, Riverhead, NY 11901<br \/>\n3. Northwell Health Imaging at East End &#8211; 1228 E Main St, Riverhead, NY 11901<\/p>\n<p>&nbsp;<\/p>\n<p><strong>Centros de atenci\u00f3n de urgencias cerca de Riverhead, NY:<\/strong><\/p>\n<p>1. GoHealth Urgent Care &#8211; 1149 Old Country Rd, Riverhead, NY 11901<br \/>\n2. ProHEALTH Urgent Care &#8211; 1145 Old Country Rd, Riverhead, NY 11901<br \/>\n3. Stat Health Immediate Medical Care &#8211; 369 Ruta 25A, Rocky Point, NY 11778<\/p>\n<p>&nbsp;<\/p>\n<p><strong>Hospitales cerca de Riverhead, NY:<\/strong><\/p>\n<p>1. Centro M\u00e9dico Peconic Bay &#8211; 1300 Roanoke Ave, Riverhead, NY 11901<br \/>\n2. Hospital Stony Brook Eastern Long Island &#8211; 201 Manor Pl, Greenport, NY 11944<br \/>\n3. Hospital de Southampton &#8211; 240 Meeting House Ln, Southampton, NY 11968<\/p>\n<p>&nbsp;<\/p>\n<p>Nos enorgullecemos inmensamente de brindar atenci\u00f3n ortop\u00e9dica integral a pacientes de varios centros de atenci\u00f3n m\u00e9dica dentro de nuestra comunidad, incluidos los mencionados anteriormente.<\/p>\n<p>Ya sea que acuda a nosotros a trav\u00e9s de una referencia para un tratamiento ortop\u00e9dico o si simplemente desea consultar sobre cualquier inquietud ortop\u00e9dica, no dude en ponerse en contacto con nuestro equipo dedicado las 24 horas del d\u00eda, los 7 d\u00edas de la semana. Estamos aqu\u00ed para ofrecer asistencia r\u00e1pida y compasiva.<\/p>\n<p>Muchas personas buscan tratamiento para lesiones relacionadas con la compensaci\u00f3n laboral y el seguro sin culpa en centros de atenci\u00f3n de urgencia y hospitales. Si su lesi\u00f3n no requiere una visita al hospital, estamos encantados de ofrecer atenci\u00f3n ortop\u00e9dica especializada adaptada a tales situaciones. No dude en contactarnos al 631-981-2663 para concertar una cita con nosotros hoy. Su bienestar es nuestra m\u00e1xima prioridad.<\/p>\n<p>&nbsp;<\/p>\n<\/div>\n<\/div>\n<\/div>\n<\/div>\n<\/div>\n<\/div>\n<\/div>\n<\/div>\n","protected":false},"excerpt":{"rendered":"<p>Atenci\u00f3n ortop\u00e9dica sin igual en Riverhead, NY, por el Dr. Nakul Karkare Bienvenido al mundo de la excelencia ortop\u00e9dica con el Dr. Nakul Karkare. Situado en Riverhead NY, tomamos inmenso orgullo en la ampliaci\u00f3n de nuestros servicios ortop\u00e9dicos excepcionales a la comunidad estimada de Riverhead, NY. En la pr\u00e1ctica del Dr. Nakul Karkare, estamos como [&hellip;]<\/p>\n","protected":false},"author":33,"featured_media":0,"parent":16545,"menu_order":0,"comment_status":"closed","ping_status":"closed","template":"","meta":{"_et_pb_use_builder":"","_et_pb_old_content":"","_et_gb_content_width":"","footnotes":""},"class_list":["post-21060","page","type-page","status-publish","hentry"],"yoast_head":"<!-- This site is optimized with the Yoast SEO plugin v27.2 - https:\/\/yoast.com\/product\/yoast-seo-wordpress\/ -->\n<title>Acerca de Riverhead, NY | Best Hip &amp; Knee Surgeon | NY, USA<\/title>\n<meta name=\"description\" content=\"Atenci\u00f3n ortop\u00e9dica sin igual en Riverhead, NY, por el Dr. Nakul Karkare Bienvenido al mundo de la excelencia ortop\u00e9dica con el Dr. Nakul Karkare. Situado\" \/>\n<meta name=\"robots\" content=\"index, follow, max-snippet:-1, max-image-preview:large, max-video-preview:-1\" \/>\n<link rel=\"canonical\" href=\"https:\/\/www.newyorkhipknee.com\/es\/contacto\/riverhead-mejor-cirujano-de-reemplazo-de-rodilla-y-cadera\/acerca-de-riverhead-ny\/\" \/>\n<meta property=\"og:locale\" content=\"es_ES\" \/>\n<meta property=\"og:type\" content=\"article\" \/>\n<meta property=\"og:title\" content=\"Acerca de Riverhead, NY | Best Hip &amp; Knee Surgeon | NY, USA\" \/>\n<meta property=\"og:description\" content=\"Atenci\u00f3n ortop\u00e9dica sin igual en Riverhead, NY, por el Dr. Nakul Karkare Bienvenido al mundo de la excelencia ortop\u00e9dica con el Dr. Nakul Karkare. Situado\" \/>\n<meta property=\"og:url\" content=\"https:\/\/www.newyorkhipknee.com\/es\/contacto\/riverhead-mejor-cirujano-de-reemplazo-de-rodilla-y-cadera\/acerca-de-riverhead-ny\/\" \/>\n<meta property=\"og:site_name\" content=\"Best Hip &amp; Knee Surgeon | NY, USA\" \/>\n<meta name=\"twitter:card\" content=\"summary_large_image\" \/>\n<meta name=\"twitter:label1\" content=\"Tiempo de lectura\" \/>\n\t<meta name=\"twitter:data1\" content=\"11 minutos\" \/>\n<script type=\"application\/ld+json\" class=\"yoast-schema-graph\">{\"@context\":\"https:\/\/schema.org\",\"@graph\":[{\"@type\":[\"WebPage\",\"MedicalWebPage\"],\"@id\":\"https:\/\/www.newyorkhipknee.com\/es\/contacto\/riverhead-mejor-cirujano-de-reemplazo-de-rodilla-y-cadera\/acerca-de-riverhead-ny\/\",\"url\":\"https:\/\/www.newyorkhipknee.com\/es\/contacto\/riverhead-mejor-cirujano-de-reemplazo-de-rodilla-y-cadera\/acerca-de-riverhead-ny\/\",\"name\":\"Acerca de Riverhead, NY | Best Hip &amp; Knee Surgeon | NY, USA\",\"isPartOf\":{\"@id\":\"https:\/\/www.newyorkhipknee.com\/es\/#website\"},\"datePublished\":\"2023-11-13T20:55:09+00:00\",\"description\":\"Atenci\u00f3n ortop\u00e9dica sin igual en Riverhead, NY, por el Dr. Nakul Karkare Bienvenido al mundo de la excelencia ortop\u00e9dica con el Dr. Nakul Karkare. Situado\",\"breadcrumb\":{\"@id\":\"https:\/\/www.newyorkhipknee.com\/es\/contacto\/riverhead-mejor-cirujano-de-reemplazo-de-rodilla-y-cadera\/acerca-de-riverhead-ny\/#breadcrumb\"},\"inLanguage\":\"es\",\"potentialAction\":[{\"@type\":\"ReadAction\",\"target\":[\"https:\/\/www.newyorkhipknee.com\/es\/contacto\/riverhead-mejor-cirujano-de-reemplazo-de-rodilla-y-cadera\/acerca-de-riverhead-ny\/\"]}]},{\"@type\":\"BreadcrumbList\",\"@id\":\"https:\/\/www.newyorkhipknee.com\/es\/contacto\/riverhead-mejor-cirujano-de-reemplazo-de-rodilla-y-cadera\/acerca-de-riverhead-ny\/#breadcrumb\",\"itemListElement\":[{\"@type\":\"ListItem\",\"position\":1,\"name\":\"Home\",\"item\":\"https:\/\/www.newyorkhipknee.com\/es\/\"},{\"@type\":\"ListItem\",\"position\":2,\"name\":\"Contacto\",\"item\":\"https:\/\/www.newyorkhipknee.com\/es\/contacto\/\"},{\"@type\":\"ListItem\",\"position\":3,\"name\":\"Riverhead &#8211; Mejor Cirujano de Reemplazo de Rodilla y Cadera\",\"item\":\"https:\/\/www.newyorkhipknee.com\/es\/contacto\/riverhead-mejor-cirujano-de-reemplazo-de-rodilla-y-cadera\/\"},{\"@type\":\"ListItem\",\"position\":4,\"name\":\"Acerca de Riverhead, NY\"}]},{\"@type\":\"WebSite\",\"@id\":\"https:\/\/www.newyorkhipknee.com\/es\/#website\",\"url\":\"https:\/\/www.newyorkhipknee.com\/es\/\",\"name\":\"Best Hip & Knee Surgeon | NY, USA\",\"description\":\"\",\"potentialAction\":[{\"@type\":\"SearchAction\",\"target\":{\"@type\":\"EntryPoint\",\"urlTemplate\":\"https:\/\/www.newyorkhipknee.com\/es\/?s={search_term_string}\"},\"query-input\":{\"@type\":\"PropertyValueSpecification\",\"valueRequired\":true,\"valueName\":\"search_term_string\"}}],\"inLanguage\":\"es\"}]}<\/script>\n<!-- \/ Yoast SEO plugin. -->","yoast_head_json":{"title":"Acerca de Riverhead, NY | Best Hip &amp; Knee Surgeon | NY, USA","description":"Atenci\u00f3n ortop\u00e9dica sin igual en Riverhead, NY, por el Dr. Nakul Karkare Bienvenido al mundo de la excelencia ortop\u00e9dica con el Dr. Nakul Karkare. Situado","robots":{"index":"index","follow":"follow","max-snippet":"max-snippet:-1","max-image-preview":"max-image-preview:large","max-video-preview":"max-video-preview:-1"},"canonical":"https:\/\/www.newyorkhipknee.com\/es\/contacto\/riverhead-mejor-cirujano-de-reemplazo-de-rodilla-y-cadera\/acerca-de-riverhead-ny\/","og_locale":"es_ES","og_type":"article","og_title":"Acerca de Riverhead, NY | Best Hip &amp; Knee Surgeon | NY, USA","og_description":"Atenci\u00f3n ortop\u00e9dica sin igual en Riverhead, NY, por el Dr. Nakul Karkare Bienvenido al mundo de la excelencia ortop\u00e9dica con el Dr. Nakul Karkare. Situado","og_url":"https:\/\/www.newyorkhipknee.com\/es\/contacto\/riverhead-mejor-cirujano-de-reemplazo-de-rodilla-y-cadera\/acerca-de-riverhead-ny\/","og_site_name":"Best Hip &amp; Knee Surgeon | NY, USA","twitter_card":"summary_large_image","twitter_misc":{"Tiempo de lectura":"11 minutos"},"schema":{"@context":"https:\/\/schema.org","@graph":[{"@type":["WebPage","MedicalWebPage"],"@id":"https:\/\/www.newyorkhipknee.com\/es\/contacto\/riverhead-mejor-cirujano-de-reemplazo-de-rodilla-y-cadera\/acerca-de-riverhead-ny\/","url":"https:\/\/www.newyorkhipknee.com\/es\/contacto\/riverhead-mejor-cirujano-de-reemplazo-de-rodilla-y-cadera\/acerca-de-riverhead-ny\/","name":"Acerca de Riverhead, NY | Best Hip &amp; Knee Surgeon | NY, USA","isPartOf":{"@id":"https:\/\/www.newyorkhipknee.com\/es\/#website"},"datePublished":"2023-11-13T20:55:09+00:00","description":"Atenci\u00f3n ortop\u00e9dica sin igual en Riverhead, NY, por el Dr. Nakul Karkare Bienvenido al mundo de la excelencia ortop\u00e9dica con el Dr. Nakul Karkare. Situado","breadcrumb":{"@id":"https:\/\/www.newyorkhipknee.com\/es\/contacto\/riverhead-mejor-cirujano-de-reemplazo-de-rodilla-y-cadera\/acerca-de-riverhead-ny\/#breadcrumb"},"inLanguage":"es","potentialAction":[{"@type":"ReadAction","target":["https:\/\/www.newyorkhipknee.com\/es\/contacto\/riverhead-mejor-cirujano-de-reemplazo-de-rodilla-y-cadera\/acerca-de-riverhead-ny\/"]}]},{"@type":"BreadcrumbList","@id":"https:\/\/www.newyorkhipknee.com\/es\/contacto\/riverhead-mejor-cirujano-de-reemplazo-de-rodilla-y-cadera\/acerca-de-riverhead-ny\/#breadcrumb","itemListElement":[{"@type":"ListItem","position":1,"name":"Home","item":"https:\/\/www.newyorkhipknee.com\/es\/"},{"@type":"ListItem","position":2,"name":"Contacto","item":"https:\/\/www.newyorkhipknee.com\/es\/contacto\/"},{"@type":"ListItem","position":3,"name":"Riverhead &#8211; Mejor Cirujano de Reemplazo de Rodilla y Cadera","item":"https:\/\/www.newyorkhipknee.com\/es\/contacto\/riverhead-mejor-cirujano-de-reemplazo-de-rodilla-y-cadera\/"},{"@type":"ListItem","position":4,"name":"Acerca de Riverhead, NY"}]},{"@type":"WebSite","@id":"https:\/\/www.newyorkhipknee.com\/es\/#website","url":"https:\/\/www.newyorkhipknee.com\/es\/","name":"Best Hip & Knee Surgeon | NY, USA","description":"","potentialAction":[{"@type":"SearchAction","target":{"@type":"EntryPoint","urlTemplate":"https:\/\/www.newyorkhipknee.com\/es\/?s={search_term_string}"},"query-input":{"@type":"PropertyValueSpecification","valueRequired":true,"valueName":"search_term_string"}}],"inLanguage":"es"}]}},"_links":{"self":[{"href":"https:\/\/www.newyorkhipknee.com\/es\/wp-json\/wp\/v2\/pages\/21060","targetHints":{"allow":["GET"]}}],"collection":[{"href":"https:\/\/www.newyorkhipknee.com\/es\/wp-json\/wp\/v2\/pages"}],"about":[{"href":"https:\/\/www.newyorkhipknee.com\/es\/wp-json\/wp\/v2\/types\/page"}],"author":[{"embeddable":true,"href":"https:\/\/www.newyorkhipknee.com\/es\/wp-json\/wp\/v2\/users\/33"}],"replies":[{"embeddable":true,"href":"https:\/\/www.newyorkhipknee.com\/es\/wp-json\/wp\/v2\/comments?post=21060"}],"version-history":[{"count":0,"href":"https:\/\/www.newyorkhipknee.com\/es\/wp-json\/wp\/v2\/pages\/21060\/revisions"}],"up":[{"embeddable":true,"href":"https:\/\/www.newyorkhipknee.com\/es\/wp-json\/wp\/v2\/pages\/16545"}],"wp:attachment":[{"href":"https:\/\/www.newyorkhipknee.com\/es\/wp-json\/wp\/v2\/media?parent=21060"}],"curies":[{"name":"wp","href":"https:\/\/api.w.org\/{rel}","templated":true}]}}