{"id":21062,"date":"2023-11-09T14:36:32","date_gmt":"2023-11-09T19:36:32","guid":{"rendered":"https:\/\/newyorkhipknee.com\/contacto\/riverhead-mejor-cirujano-de-reemplazo-de-rodilla-y-cadera\/bridgehampton-nueva-york\/"},"modified":"2023-11-09T14:36:32","modified_gmt":"2023-11-09T19:36:32","slug":"bridgehampton-nueva-york","status":"publish","type":"page","link":"https:\/\/www.newyorkhipknee.com\/es\/contacto\/riverhead-mejor-cirujano-de-reemplazo-de-rodilla-y-cadera\/bridgehampton-nueva-york\/","title":{"rendered":"Bridgehampton, Nueva York"},"content":{"rendered":"<h1>Elevando la atenci\u00f3n ortop\u00e9dica en Bridgehampton, NY con el Dr. Nakul Karkare<\/h1>\n<p>Bienvenido al reino de la atenci\u00f3n ortop\u00e9dica de \u00e9lite con el Dr. Nakul Karkare. Ubicado en<a href=\"https:\/\/newyorkhipknee.com\/contact\/riverhead-orthopedic-surgeon\/\" target=\"_blank\" rel=\"noopener\"> Riverhead<\/a> NY, tomamos inmenso orgullo en la ampliaci\u00f3n de nuestros servicios ortop\u00e9dicos excepcionales a la comunidad estimada de Bridgehampton, NY. En la pr\u00e1ctica del Dr. Nakul Karkare, establecemos el est\u00e1ndar de excelencia ortop\u00e9dica que no tiene parang\u00f3n en Nueva York.<\/p>\n<h2><strong>Por qu\u00e9 elegir al Dr. Nakul Karkare: Su principal destino ortop\u00e9dico<\/strong><\/h2>\n<p>La consulta del Dr. Nakul Karkare no se limita a proporcionar atenci\u00f3n ortop\u00e9dica; la redefinimos. He aqu\u00ed por qu\u00e9 somos la elecci\u00f3n indiscutible para los servicios ortop\u00e9dicos en Nueva York:<\/p>\n<p><strong>Pioneros<\/strong> en ortopedia: Nuestro equipo est\u00e1 formado por renombrados especialistas en ortopedia, dirigidos por el Dr. Nakul Karkare, un distinguido cirujano ortop\u00e9dico con una gran experiencia y unos conocimientos sin igual. Son pioneros en la excelencia ortop\u00e9dica.<\/p>\n<p><strong>Innovaciones de vanguardia:<\/strong> Nos mantenemos a la vanguardia de los avances ortop\u00e9dicos, garantizando que nuestros pacientes tengan acceso a los tratamientos y tecnolog\u00edas m\u00e1s recientes e innovadores. Su atenci\u00f3n se fortalece con lo mejor que el campo tiene para ofrecer.<\/p>\n<p><strong>Precisi\u00f3n personalizada:<\/strong> Entendemos que cada paciente es \u00fanico. Nuestro enfoque es altamente individualizado para satisfacer sus necesidades espec\u00edficas, asegurando un plan de tratamiento que maximice sus perspectivas de una recuperaci\u00f3n exitosa.<\/p>\n<p><strong>Accesibilidad para todos:<\/strong> Aunque nuestra base de operaciones se encuentra en Stony Brook, Nueva York, estamos encantados de ampliar nuestros servicios a Bridgehampton. Creemos firmemente que la atenci\u00f3n ortop\u00e9dica excepcional debe ser accesible para todos, y nos sentimos honrados de servir a su comunidad.<\/p>\n<p><strong>Excelencia comprobada:<\/strong> Nuestra trayectoria lo dice todo. Hemos ayudado a innumerables pacientes a recuperar la movilidad, aliviar el dolor y mejorar su calidad de vida bajo la experta direcci\u00f3n del Dr. Nakul Karkare y su equipo.<\/p>\n<p>Su bienestar ortop\u00e9dico es nuestro compromiso inquebrantable. Si usted est\u00e1 luchando con problemas en las articulaciones, lesiones deportivas, fracturas, o cualquier otro problema ortop\u00e9dico, la pr\u00e1ctica del Dr. Nakul Karkare es su socio firme en su viaje hacia la recuperaci\u00f3n.<\/p>\n<p>&nbsp;<\/p>\n<h1>Nuestros servicios ortop\u00e9dicos integrales: Su camino hacia una vida sin dolor<\/h1>\n<h2><a role=\"link\" href=\"https:\/\/newyorkhipknee.com\/hip-replacement-surgery\/\" target=\"_blank\" rel=\"noopener\"><strong>Cirug\u00eda de pr\u00f3tesis de cadera:<\/strong> <em>Vuelva a vivir sin dolor de cadera<\/em><\/a><\/h2>\n<p><strong>De qu\u00e9 se trata:<\/strong> La artroplastia de cadera es la soluci\u00f3n cuando la articulaci\u00f3n de la cadera se ve afectada por problemas como la artrosis, la artritis reumatoide o las fracturas. El objetivo es hacer desaparecer el dolor, recuperar la movilidad y mejorar la calidad de vida en general.<\/p>\n<p><strong>C\u00f3mo funciona:<\/strong> Hay dos tipos de pr\u00f3tesis de cadera: la pr\u00f3tesis total de cadera (THR), en la que se cambian la r\u00f3tula y la cavidad de la articulaci\u00f3n de la cadera, y la pr\u00f3tesis parcial de cadera (hemiartroplastia), en la que s\u00f3lo se cambia la r\u00f3tula.<\/p>\n<p><strong>Su nueva cadera:<\/strong> Nuestros expertos cirujanos seleccionan los componentes de la articulaci\u00f3n artificial de la cadera en funci\u00f3n de su edad, nivel de actividad y necesidades espec\u00edficas. Tenemos una gama de materiales como metal, pl\u00e1stico o cer\u00e1mica para elegir.<\/p>\n<p><strong>Recuperaci\u00f3n:<\/strong> Despu\u00e9s de la operaci\u00f3n, trabajar\u00e1 con un fisioterapeuta para recuperar fuerzas y poner la cadera en plena forma. A menudo descubrir\u00e1 que sus dolores son cosa del pasado y que su cadera vuelve a las andadas.<\/p>\n<p>&nbsp;<\/p>\n<h2><a role=\"link\" href=\"https:\/\/newyorkhipknee.com\/custom-knee-replacement-surgery\/\" target=\"_blank\" rel=\"noopener\"><strong>Pr\u00f3tesis de rodilla a medida:<\/strong> <em>Su soluci\u00f3n \u00fanica para el dolor de rodilla<\/em><\/a><\/h2>\n<p><strong>De qu\u00e9 se trata:<\/strong> La pr\u00f3tesis de rodilla a medida es la soluci\u00f3n cuando sus rodillas le causan un dolor extremo y ya ha probado todo lo dem\u00e1s. Hablamos de un enfoque personalizado de la cirug\u00eda de rodilla, hecho a su medida.<\/p>\n<p><strong>C\u00f3mo funciona:<\/strong> Antes de sumergirnos en la cirug\u00eda, hacemos una inmersi\u00f3n profunda en la estructura de su rodilla. Las im\u00e1genes avanzadas y el modelado por ordenador nos ayudan a crear un implante de rodilla tan \u00fanico como usted.<\/p>\n<p><strong>Las ventajas:<\/strong> Las pr\u00f3tesis de rodilla a medida suelen ofrecer una mejor alineaci\u00f3n, mayor estabilidad y menos dolor en comparaci\u00f3n con las pr\u00f3tesis de rodilla est\u00e1ndar. Es como tener una rodilla hecha a tu medida.<\/p>\n<p><strong>Recuperarse (de nuevo):<\/strong> Recuperarse significa trabajar con un fisioterapeuta para aumentar la fuerza y la flexibilidad de la rodilla. Esto suele conllevar menos dolor y una mejor funci\u00f3n de la rodilla. Desp\u00eddete de los molestos dolores de rodilla.<\/p>\n<p>En la pr\u00e1ctica del Dr. Nakul Karkare, no s\u00f3lo estamos aqu\u00ed para tratar sus problemas ortop\u00e9dicos, estamos aqu\u00ed para asegurarse de que entiende completamente sus opciones, se sienten c\u00f3modos con sus opciones, y volver a vivir su mejor vida. Si est\u00e1 listo para dar el primer paso hacia un futuro activo y sin dolor, hablemos de c\u00f3mo podemos ayudarle.<\/p>\n<h1><\/h1>\n<h1>Acerca de Bridgehamton<\/h1>\n<h2>Bridgehampton, NY: Una encantadora aldea de los Hamptons<\/h2>\n<p>Ubicado en la pintoresca regi\u00f3n de los Hamptons en Long Island, Bridgehampton, Nueva York, es una aldea cautivadora conocida por su rica historia, paisajes serenos y comunidad vibrante. Este encantador destino ofrece una mezcla \u00fanica de historia, cultura, belleza natural y un toque de sofisticaci\u00f3n. En esta exploraci\u00f3n de 1000 palabras, profundizaremos en la historia, la cultura, la econom\u00eda, la demograf\u00eda y el encanto de Bridgehampton que lo ha convertido en un lugar codiciado tanto para residentes como para visitantes.<\/p>\n<p>&nbsp;<\/p>\n<h2>Historia:<\/h2>\n<p>La historia de Bridgehampton es un testimonio de los primeros asentamientos y el desarrollo de Estados Unidos. La aldea se estableci\u00f3 por primera vez en 1656, y se cree que su nombre se deriva de un puente construido sobre Sagg Pond. A lo largo de los siglos, se convirti\u00f3 en un pr\u00f3spero centro agr\u00edcola y comercial, benefici\u00e1ndose de su proximidad al mar. Durante el siglo XIX, Bridgehampton se hizo conocido por su cultivo de papas, una industria que molde\u00f3 significativamente su car\u00e1cter.<\/p>\n<p>Uno de los monumentos hist\u00f3ricos m\u00e1s notables de Bridgehampton es el molino de viento Beebe, construido en 1820 y s\u00edmbolo del patrimonio agr\u00edcola de la aldea. La Sociedad Hist\u00f3rica de Bridgehampton conserva y comparte la rica historia de la zona, que incluye una colecci\u00f3n de edificios y artefactos hist\u00f3ricos, lo que permite a los visitantes retroceder en el tiempo y conocer su pasado.<\/p>\n<p>&nbsp;<\/p>\n<h2>Cultura:<\/h2>\n<p>La cultura de Bridgehampton es una fusi\u00f3n \u00fanica de conservaci\u00f3n hist\u00f3rica, arte y un fuerte sentido de comunidad. La zona ha sido un refugio para artistas, escritores y creativos durante d\u00e9cadas. Este esp\u00edritu creativo se celebra a trav\u00e9s de diversos eventos culturales e instituciones.<\/p>\n<p>El Festival de M\u00fasica de C\u00e1mara de Bridgehampton es un evento anual de verano que atrae a m\u00fasicos de clase mundial a la zona, deleitando a los residentes y visitantes con actuaciones de m\u00fasica cl\u00e1sica. Adem\u00e1s, la Biblioteca Hampton en Bridgehampton sirve como un centro cultural, ofreciendo una amplia gama de programas literarios y art\u00edsticos para la comunidad.<\/p>\n<p>El tapiz cultural de Bridgehampton se enriquece a\u00fan m\u00e1s con la diversa gama de residentes y visitantes que vienen a disfrutar de la belleza y la tranquilidad de la aldea. Esta mezcla de perspectivas y or\u00edgenes contribuye a crear una atm\u00f3sfera cultural vibrante.<\/p>\n<p>&nbsp;<\/p>\n<h2>Econom\u00eda:<\/h2>\n<p>La econom\u00eda de Bridgehampton, al igual que otras comunidades de los Hamptons, est\u00e1 estrechamente ligada al turismo y a la industria inmobiliaria. La belleza paisaj\u00edstica de la zona, sus encantadores pueblos y el acceso al oc\u00e9ano Atl\u00e1ntico la convierten en un destino popular para turistas de Nueva York y otras partes del mundo. Esta afluencia de visitantes durante la temporada de verano apoya la econom\u00eda local, benefici\u00e1ndose negocios como restaurantes, boutiques y hoteles.<\/p>\n<p>El mercado inmobiliario en Bridgehampton es famoso por sus lujosas propiedades, muchas de las cuales son buscadas por personas adineradas que buscan una segunda casa o un retiro sereno. La presencia de estas propiedades de lujo tambi\u00e9n ha llevado a un aumento en los servicios que atienden a la clientela de alto nivel, desde restaurantes gourmet hasta boutiques.<\/p>\n<p>&nbsp;<\/p>\n<h2>Demograf\u00eda:<\/h2>\n<p>La demograf\u00eda de Bridgehampton ha evolucionado a lo largo de los a\u00f1os. Hist\u00f3ricamente, fue una comunidad agr\u00edcola con una poblaci\u00f3n predominantemente de clase trabajadora. Hoy en d\u00eda, aunque la agricultura sigue siendo parte de su identidad, la zona ha visto una afluencia de residentes m\u00e1s ricos y visitantes estacionales.<\/p>\n<p>La demograf\u00eda de Bridgehampton refleja una mezcla diversa de personas, desde agricultores locales y residentes de todo el a\u00f1o hasta famosos y magnates de los negocios atra\u00eddos por la exclusividad de la zona. La comunidad se enorgullece de su capacidad para mantener una atm\u00f3sfera de pueblo peque\u00f1o, incluso cuando atrae a un amplio espectro de residentes.<\/p>\n<p>&nbsp;<\/p>\n<h2>Turismo:<\/h2>\n<p>Bridgehampton es un destino principal para los turistas que buscan una mezcla de belleza natural y experiencias culturales. Sus playas v\u00edrgenes, como Mecox Beach y W. Scott Cameron Beach, ofrecen escapadas serenas para tomar el sol y nadar. Los entusiastas de la naturaleza pueden explorar los senderos panor\u00e1micos del Museo de Historia Natural y Centro de la Naturaleza de South Fork.<\/p>\n<p>La aldea tambi\u00e9n es conocida por sus vibrantes eventos, desde el Hampton Classic Horse Show, un evento ecuestre de renombre mundial, hasta el concurso anual Sandcastle Contest, donde los participantes crean elaboradas esculturas de arena en la playa.<\/p>\n<p>Los visitantes pueden sumergirse en la cultura local explorando la encantadora Main Street de Bridgehampton, salpicada de boutiques, galer\u00edas y caf\u00e9s. La ubicaci\u00f3n de la aldea en los Hamptons facilita el acceso a localidades vecinas como Sag Harbor y East Hampton, lo que mejora la experiencia tur\u00edstica en general.<\/p>\n<p>Bridgehampton, Nueva York, es una aldea cautivadora que combina maravillosamente su rica historia con una vibrante escena cultural. Su econom\u00eda se nutre del turismo y de un mercado inmobiliario en crecimiento, y su demograf\u00eda refleja una mezcla diversa de residentes y visitantes. Como destino tur\u00edstico, la belleza natural y los acontecimientos culturales de Bridgehampton ofrecen algo para todos los gustos.<\/p>\n<p>En un mundo que a menudo se mueve demasiado r\u00e1pido, Bridgehampton sigue siendo una escapada id\u00edlica donde puedes pasear por Main Street, sumergirte en la oferta cultural o simplemente relajarte en las costas ba\u00f1adas por el sol de sus hermosas playas. Es un lugar donde el pasado se encuentra con el presente, y el resultado es una armoniosa mezcla de tradici\u00f3n y modernidad que sigue atrayendo a quienes buscan una experiencia tranquila pero culturalmente enriquecedora. Bridgehampton, Nueva York, es realmente una joya dentro de los Hamptons, que ofrece un pedazo de para\u00edso para todos los que lo visitan.<\/p>\n<p>&nbsp;<\/p>\n<h2>Indicaciones<\/h2>\n<p>Aqu\u00ed est\u00e1n las instrucciones desde Bridgehampton, NY a Complete Orthopedics en 887 Old Country Rd, Suite A, Riverhead, NY 11901:<\/p>\n<p>1. Dir\u00edjase hacia el oeste por Montauk Hwy\/County Rd 80 hacia Hildreth St.<br \/>\n2. Contin\u00fae por Montauk Hwy durante aproximadamente 12 millas.<br \/>\n3. Incorp\u00f3rese a NY-27 W a trav\u00e9s de la rampa hacia Nueva York.<br \/>\n4. Incorp\u00f3rese a County Rd 31 N \/ William Floyd Pkwy a trav\u00e9s de la salida 61 hacia Center Moriches.<br \/>\n5. Contin\u00fae por County Rd 31 N durante aproximadamente 13 millas.<br \/>\n6. Gire a la izquierda en Old Country Rd.<br \/>\n7. Complete Orthopedics, 887 Old Country Rd, Suite A, Riverhead, NY 11901, estar\u00e1 a su derecha.<\/p>\n<p>Estas indicaciones te llevar\u00e1n desde Bridgehampton hasta Complete Orthopedics en Riverhead, NY. \u00a1Buen viaje!<\/p>\n<p>&nbsp;<\/p>\n<h2>Atenci\u00f3n m\u00e9dica cerca de Bridgehamton<\/h2>\n<p><strong>Farmacias:<\/strong><\/p>\n<p><strong>1. Farmacia CVS<\/strong><br \/>\n&#8211; Direcci\u00f3n: 10300 Main Rd, Mattituck, NY 11952<br \/>\n&#8211; Tel\u00e9fono: (631) 298-5469<\/p>\n<p><strong>2. Walgreens<\/strong><br \/>\n&#8211; Direcci\u00f3n: 458 Old Country Rd, Riverhead, NY 11901<br \/>\n&#8211; Tel\u00e9fono: (631) 727-4222<\/p>\n<p><strong>3. Farmacia Rite Aid<\/strong><br \/>\n&#8211; Direcci\u00f3n: 153 Route 25A, Rocky Point, NY 11778<br \/>\n&#8211; Tel\u00e9fono: (631) 744-4507<\/p>\n<p>&nbsp;<\/p>\n<p><strong>Centros de Radiolog\u00eda:<\/strong><\/p>\n<p><strong>1. Radiolog\u00eda de North Fork<\/strong><br \/>\n&#8211; Direcci\u00f3n: 1333 Roanoke Ave, Riverhead, NY 11901<br \/>\n&#8211; Tel\u00e9fono: (631) 727-1140<\/p>\n<p><strong>2. Centro de Radiolog\u00eda del Hospital Mather<\/strong><br \/>\n&#8211; Direcci\u00f3n: 1054 Waverly Ave, Holtsville, NY 11742<br \/>\n&#8211; Tel\u00e9fono: (631) 654-8870<\/p>\n<p><strong>3. Im\u00e1genes de Suffolk<\/strong><br \/>\n&#8211; Direcci\u00f3n: 20 Research Pl, Northport, NY 11768<br \/>\n&#8211; Tel\u00e9fono: (631) 265-0100<\/p>\n<p>&nbsp;<\/p>\n<p><strong>Centros de Atenci\u00f3n de Urgencia:<\/strong><\/p>\n<p><strong>1. Atenci\u00f3n de urgencia CityMD Ronkonkoma<\/strong><br \/>\n&#8211; Direcci\u00f3n: 225 Portion Rd, Lake Ronkonkoma, NY 11779<br \/>\n&#8211; Tel\u00e9fono: (631) 699-3934<\/p>\n<p><strong>2. GoHealth Urgent Care &#8211; Riverhead<\/strong><br \/>\n&#8211; Direcci\u00f3n: 1149 Old Country Rd, Riverhead, NY 11901<br \/>\n&#8211; Tel\u00e9fono: (631) 740-5460<\/p>\n<p><strong>3. Atenci\u00f3n m\u00e9dica inmediata de Stat Health<\/strong><br \/>\n&#8211; Direcci\u00f3n: 428 William Floyd Pkwy, Shirley, NY 11967<br \/>\n&#8211; Tel\u00e9fono: (631) 772-7152<\/p>\n<p>&nbsp;<\/p>\n<p><strong>Hospitales:<\/strong><\/p>\n<p><strong>1. Centro M\u00e9dico Peconic Bay<\/strong><br \/>\n&#8211; Direcci\u00f3n: 1300 Roanoke Ave, Riverhead, NY 11901<br \/>\n&#8211; Tel\u00e9fono: (631) 548-6000<\/p>\n<p><strong>2. Hospital de Stony Brook Eastern Long Island<\/strong><br \/>\n&#8211; Direcci\u00f3n: 201 Manor Pl, Greenport, NY 11944<br \/>\n&#8211; Tel\u00e9fono: (631) 477-1000<\/p>\n<p><strong>3. Hospital Conmemorativo John T. Mather<\/strong><br \/>\n&#8211; Direcci\u00f3n: 75 N Country Rd, Port Jefferson, NY 11777<br \/>\n&#8211; Tel\u00e9fono: (631) 473-1320<\/p>\n<p>&nbsp;<\/p>\n<p>En el centro de nuestra misi\u00f3n se encuentra una sincera dedicaci\u00f3n a brindar atenci\u00f3n ortop\u00e9dica integral a nuestra maravillosa comunidad local, incluidas las personas a las que hemos tenido el placer de ayudar antes. Ya sea que haya sido referido a nosotros para un tratamiento ortop\u00e9dico o si tiene alguna inquietud ortop\u00e9dica, nuestro dedicado equipo las 24 horas del d\u00eda, los 7 d\u00edas de la semana, est\u00e1 a solo una llamada de distancia, listo y ansioso por ofrecerle un apoyo no solo r\u00e1pido sino tambi\u00e9n genuinamente emp\u00e1tico.<\/p>\n<p>Entendemos que muchas personas se encuentran en necesidad de atenci\u00f3n debido a lesiones relacionadas con el trabajo, a menudo cubiertas por la compensaci\u00f3n del trabajador y el seguro sin culpa, y generalmente recurren a centros de atenci\u00f3n de urgencia y hospitales. Sin embargo, si su lesi\u00f3n no requiere una visita al hospital, sepa que estamos completamente equipados y m\u00e1s que dispuestos a brindarle tratamiento ortop\u00e9dico especializado, dise\u00f1ado con precisi\u00f3n para adaptarse a sus circunstancias \u00fanicas.<\/p>\n<p>No lo dudes ni un momento; Puede comunicarse con nosotros directamente al 631-981-2663 para programar una cita cuando m\u00e1s le convenga. Su bienestar no es solo nuestra prioridad; Es nuestro compromiso m\u00e1s sincero. \u00a1Trabajemos juntos por tu salud y felicidad!<\/p>\n","protected":false},"excerpt":{"rendered":"<p>Elevando la atenci\u00f3n ortop\u00e9dica en Bridgehampton, NY con el Dr. Nakul Karkare Bienvenido al reino de la atenci\u00f3n ortop\u00e9dica de \u00e9lite con el Dr. Nakul Karkare. Ubicado en Riverhead NY, tomamos inmenso orgullo en la ampliaci\u00f3n de nuestros servicios ortop\u00e9dicos excepcionales a la comunidad estimada de Bridgehampton, NY. En la pr\u00e1ctica del Dr. Nakul Karkare, [&hellip;]<\/p>\n","protected":false},"author":33,"featured_media":0,"parent":16545,"menu_order":0,"comment_status":"closed","ping_status":"closed","template":"","meta":{"_et_pb_use_builder":"","_et_pb_old_content":"","_et_gb_content_width":"","footnotes":""},"class_list":["post-21062","page","type-page","status-publish","hentry"],"yoast_head":"<!-- This site is optimized with the Yoast SEO plugin v27.2 - https:\/\/yoast.com\/product\/yoast-seo-wordpress\/ -->\n<title>Bridgehampton, Nueva York | Best Hip &amp; Knee Surgeon | NY, USA<\/title>\n<meta name=\"description\" content=\"Elevando la atenci\u00f3n ortop\u00e9dica en Bridgehampton, NY con el Dr. Nakul Karkare Bienvenido al reino de la atenci\u00f3n ortop\u00e9dica de \u00e9lite con el Dr. Nakul\" \/>\n<meta name=\"robots\" content=\"index, follow, max-snippet:-1, max-image-preview:large, max-video-preview:-1\" \/>\n<link rel=\"canonical\" href=\"https:\/\/www.newyorkhipknee.com\/es\/contacto\/riverhead-mejor-cirujano-de-reemplazo-de-rodilla-y-cadera\/bridgehampton-nueva-york\/\" \/>\n<meta property=\"og:locale\" content=\"es_ES\" \/>\n<meta property=\"og:type\" content=\"article\" \/>\n<meta property=\"og:title\" content=\"Bridgehampton, Nueva York | Best Hip &amp; Knee Surgeon | NY, USA\" \/>\n<meta property=\"og:description\" content=\"Elevando la atenci\u00f3n ortop\u00e9dica en Bridgehampton, NY con el Dr. Nakul Karkare Bienvenido al reino de la atenci\u00f3n ortop\u00e9dica de \u00e9lite con el Dr. Nakul\" \/>\n<meta property=\"og:url\" content=\"https:\/\/www.newyorkhipknee.com\/es\/contacto\/riverhead-mejor-cirujano-de-reemplazo-de-rodilla-y-cadera\/bridgehampton-nueva-york\/\" \/>\n<meta property=\"og:site_name\" content=\"Best Hip &amp; Knee Surgeon | NY, USA\" \/>\n<meta name=\"twitter:card\" content=\"summary_large_image\" \/>\n<meta name=\"twitter:label1\" content=\"Tiempo de lectura\" \/>\n\t<meta name=\"twitter:data1\" content=\"12 minutos\" \/>\n<script type=\"application\/ld+json\" class=\"yoast-schema-graph\">{\"@context\":\"https:\/\/schema.org\",\"@graph\":[{\"@type\":[\"WebPage\",\"MedicalWebPage\"],\"@id\":\"https:\/\/www.newyorkhipknee.com\/es\/contacto\/riverhead-mejor-cirujano-de-reemplazo-de-rodilla-y-cadera\/bridgehampton-nueva-york\/\",\"url\":\"https:\/\/www.newyorkhipknee.com\/es\/contacto\/riverhead-mejor-cirujano-de-reemplazo-de-rodilla-y-cadera\/bridgehampton-nueva-york\/\",\"name\":\"Bridgehampton, Nueva York | Best Hip &amp; Knee Surgeon | NY, USA\",\"isPartOf\":{\"@id\":\"https:\/\/www.newyorkhipknee.com\/es\/#website\"},\"datePublished\":\"2023-11-09T19:36:32+00:00\",\"description\":\"Elevando la atenci\u00f3n ortop\u00e9dica en Bridgehampton, NY con el Dr. Nakul Karkare Bienvenido al reino de la atenci\u00f3n ortop\u00e9dica de \u00e9lite con el Dr. Nakul\",\"breadcrumb\":{\"@id\":\"https:\/\/www.newyorkhipknee.com\/es\/contacto\/riverhead-mejor-cirujano-de-reemplazo-de-rodilla-y-cadera\/bridgehampton-nueva-york\/#breadcrumb\"},\"inLanguage\":\"es\",\"potentialAction\":[{\"@type\":\"ReadAction\",\"target\":[\"https:\/\/www.newyorkhipknee.com\/es\/contacto\/riverhead-mejor-cirujano-de-reemplazo-de-rodilla-y-cadera\/bridgehampton-nueva-york\/\"]}]},{\"@type\":\"BreadcrumbList\",\"@id\":\"https:\/\/www.newyorkhipknee.com\/es\/contacto\/riverhead-mejor-cirujano-de-reemplazo-de-rodilla-y-cadera\/bridgehampton-nueva-york\/#breadcrumb\",\"itemListElement\":[{\"@type\":\"ListItem\",\"position\":1,\"name\":\"Home\",\"item\":\"https:\/\/www.newyorkhipknee.com\/es\/\"},{\"@type\":\"ListItem\",\"position\":2,\"name\":\"Contacto\",\"item\":\"https:\/\/www.newyorkhipknee.com\/es\/contacto\/\"},{\"@type\":\"ListItem\",\"position\":3,\"name\":\"Riverhead &#8211; Mejor Cirujano de Reemplazo de Rodilla y Cadera\",\"item\":\"https:\/\/www.newyorkhipknee.com\/es\/contacto\/riverhead-mejor-cirujano-de-reemplazo-de-rodilla-y-cadera\/\"},{\"@type\":\"ListItem\",\"position\":4,\"name\":\"Bridgehampton, Nueva York\"}]},{\"@type\":\"WebSite\",\"@id\":\"https:\/\/www.newyorkhipknee.com\/es\/#website\",\"url\":\"https:\/\/www.newyorkhipknee.com\/es\/\",\"name\":\"Best Hip & Knee Surgeon | NY, USA\",\"description\":\"\",\"potentialAction\":[{\"@type\":\"SearchAction\",\"target\":{\"@type\":\"EntryPoint\",\"urlTemplate\":\"https:\/\/www.newyorkhipknee.com\/es\/?s={search_term_string}\"},\"query-input\":{\"@type\":\"PropertyValueSpecification\",\"valueRequired\":true,\"valueName\":\"search_term_string\"}}],\"inLanguage\":\"es\"}]}<\/script>\n<!-- \/ Yoast SEO plugin. -->","yoast_head_json":{"title":"Bridgehampton, Nueva York | Best Hip &amp; Knee Surgeon | NY, USA","description":"Elevando la atenci\u00f3n ortop\u00e9dica en Bridgehampton, NY con el Dr. Nakul Karkare Bienvenido al reino de la atenci\u00f3n ortop\u00e9dica de \u00e9lite con el Dr. Nakul","robots":{"index":"index","follow":"follow","max-snippet":"max-snippet:-1","max-image-preview":"max-image-preview:large","max-video-preview":"max-video-preview:-1"},"canonical":"https:\/\/www.newyorkhipknee.com\/es\/contacto\/riverhead-mejor-cirujano-de-reemplazo-de-rodilla-y-cadera\/bridgehampton-nueva-york\/","og_locale":"es_ES","og_type":"article","og_title":"Bridgehampton, Nueva York | Best Hip &amp; Knee Surgeon | NY, USA","og_description":"Elevando la atenci\u00f3n ortop\u00e9dica en Bridgehampton, NY con el Dr. Nakul Karkare Bienvenido al reino de la atenci\u00f3n ortop\u00e9dica de \u00e9lite con el Dr. Nakul","og_url":"https:\/\/www.newyorkhipknee.com\/es\/contacto\/riverhead-mejor-cirujano-de-reemplazo-de-rodilla-y-cadera\/bridgehampton-nueva-york\/","og_site_name":"Best Hip &amp; Knee Surgeon | NY, USA","twitter_card":"summary_large_image","twitter_misc":{"Tiempo de lectura":"12 minutos"},"schema":{"@context":"https:\/\/schema.org","@graph":[{"@type":["WebPage","MedicalWebPage"],"@id":"https:\/\/www.newyorkhipknee.com\/es\/contacto\/riverhead-mejor-cirujano-de-reemplazo-de-rodilla-y-cadera\/bridgehampton-nueva-york\/","url":"https:\/\/www.newyorkhipknee.com\/es\/contacto\/riverhead-mejor-cirujano-de-reemplazo-de-rodilla-y-cadera\/bridgehampton-nueva-york\/","name":"Bridgehampton, Nueva York | Best Hip &amp; Knee Surgeon | NY, USA","isPartOf":{"@id":"https:\/\/www.newyorkhipknee.com\/es\/#website"},"datePublished":"2023-11-09T19:36:32+00:00","description":"Elevando la atenci\u00f3n ortop\u00e9dica en Bridgehampton, NY con el Dr. Nakul Karkare Bienvenido al reino de la atenci\u00f3n ortop\u00e9dica de \u00e9lite con el Dr. Nakul","breadcrumb":{"@id":"https:\/\/www.newyorkhipknee.com\/es\/contacto\/riverhead-mejor-cirujano-de-reemplazo-de-rodilla-y-cadera\/bridgehampton-nueva-york\/#breadcrumb"},"inLanguage":"es","potentialAction":[{"@type":"ReadAction","target":["https:\/\/www.newyorkhipknee.com\/es\/contacto\/riverhead-mejor-cirujano-de-reemplazo-de-rodilla-y-cadera\/bridgehampton-nueva-york\/"]}]},{"@type":"BreadcrumbList","@id":"https:\/\/www.newyorkhipknee.com\/es\/contacto\/riverhead-mejor-cirujano-de-reemplazo-de-rodilla-y-cadera\/bridgehampton-nueva-york\/#breadcrumb","itemListElement":[{"@type":"ListItem","position":1,"name":"Home","item":"https:\/\/www.newyorkhipknee.com\/es\/"},{"@type":"ListItem","position":2,"name":"Contacto","item":"https:\/\/www.newyorkhipknee.com\/es\/contacto\/"},{"@type":"ListItem","position":3,"name":"Riverhead &#8211; Mejor Cirujano de Reemplazo de Rodilla y Cadera","item":"https:\/\/www.newyorkhipknee.com\/es\/contacto\/riverhead-mejor-cirujano-de-reemplazo-de-rodilla-y-cadera\/"},{"@type":"ListItem","position":4,"name":"Bridgehampton, Nueva York"}]},{"@type":"WebSite","@id":"https:\/\/www.newyorkhipknee.com\/es\/#website","url":"https:\/\/www.newyorkhipknee.com\/es\/","name":"Best Hip & Knee Surgeon | NY, USA","description":"","potentialAction":[{"@type":"SearchAction","target":{"@type":"EntryPoint","urlTemplate":"https:\/\/www.newyorkhipknee.com\/es\/?s={search_term_string}"},"query-input":{"@type":"PropertyValueSpecification","valueRequired":true,"valueName":"search_term_string"}}],"inLanguage":"es"}]}},"_links":{"self":[{"href":"https:\/\/www.newyorkhipknee.com\/es\/wp-json\/wp\/v2\/pages\/21062","targetHints":{"allow":["GET"]}}],"collection":[{"href":"https:\/\/www.newyorkhipknee.com\/es\/wp-json\/wp\/v2\/pages"}],"about":[{"href":"https:\/\/www.newyorkhipknee.com\/es\/wp-json\/wp\/v2\/types\/page"}],"author":[{"embeddable":true,"href":"https:\/\/www.newyorkhipknee.com\/es\/wp-json\/wp\/v2\/users\/33"}],"replies":[{"embeddable":true,"href":"https:\/\/www.newyorkhipknee.com\/es\/wp-json\/wp\/v2\/comments?post=21062"}],"version-history":[{"count":0,"href":"https:\/\/www.newyorkhipknee.com\/es\/wp-json\/wp\/v2\/pages\/21062\/revisions"}],"up":[{"embeddable":true,"href":"https:\/\/www.newyorkhipknee.com\/es\/wp-json\/wp\/v2\/pages\/16545"}],"wp:attachment":[{"href":"https:\/\/www.newyorkhipknee.com\/es\/wp-json\/wp\/v2\/media?parent=21062"}],"curies":[{"name":"wp","href":"https:\/\/api.w.org\/{rel}","templated":true}]}}