{"id":21064,"date":"2023-11-09T15:41:10","date_gmt":"2023-11-09T20:41:10","guid":{"rendered":"https:\/\/newyorkhipknee.com\/contacto\/riverhead-mejor-cirujano-de-reemplazo-de-rodilla-y-cadera\/greenport-nueva-york\/"},"modified":"2023-11-09T15:41:10","modified_gmt":"2023-11-09T20:41:10","slug":"greenport-nueva-york","status":"publish","type":"page","link":"https:\/\/www.newyorkhipknee.com\/es\/contacto\/riverhead-mejor-cirujano-de-reemplazo-de-rodilla-y-cadera\/greenport-nueva-york\/","title":{"rendered":"Greenport, Nueva York"},"content":{"rendered":"<div class=\"group w-full text-token-text-primary border-b border-black\/10 gizmo:border-0 dark:border-gray-900\/50 gizmo:dark:border-0 bg-gray-50 gizmo:bg-transparent dark:bg-[#444654] gizmo:dark:bg-transparent\" data-testid=\"conversation-turn-9\">\n<div class=\"p-4 gizmo:py-2 justify-center text-base md:gap-6 md:py-6 m-auto\">\n<div class=\"flex flex-1 gap-4 text-base mx-auto md:gap-6 gizmo:gap-3 gizmo:md:px-5 gizmo:lg:px-1 gizmo:xl:px-5 md:max-w-2xl lg:max-w-[38rem] gizmo:md:max-w-3xl gizmo:lg:max-w-[40rem] gizmo:xl:max-w-[48rem] xl:max-w-3xl }\">\n<div class=\"relative flex w-[calc(100%-50px)] flex-col gizmo:w-full lg:w-[calc(100%-115px)] agent-turn\">\n<div class=\"flex-col gap-1 md:gap-3\">\n<div class=\"flex flex-grow flex-col gap-3 max-w-full\">\n<div class=\"min-h-[20px] flex flex-col items-start gap-3 whitespace-pre-wrap break-words overflow-x-auto\" data-message-author-role=\"assistant\" data-message-id=\"47b0e906-a4db-48bb-8751-dee64d9d9165\">\n<div class=\"markdown prose w-full break-words dark:prose-invert dark\">\n<h1>Servicios Ortop\u00e9dicos Integrales para Greenport, NY, Proporcionado por el Dr. Nakul Karkare<\/h1>\n<p>\u00a1Saludos del Dr. Nakul Karkare! Somos su fuente dedicada para la atenci\u00f3n ortop\u00e9dica excepcional, y estamos muy contentos de anunciar la expansi\u00f3n de nuestros servicios ortop\u00e9dicos integrales a la acogedora comunidad de Greenport, NY. En la pr\u00e1ctica del Dr. Nakul Karkare, nuestra misi\u00f3n es ofrecer atenci\u00f3n ortop\u00e9dica de primer nivel con una mezcla de profesionalismo y un enfoque centrado en el paciente.<\/p>\n<p><strong>\u00bfPor qu\u00e9 elegir la consulta del Dr. Nakul Karkare?<\/strong>  Aqu\u00ed, en la pr\u00e1ctica del Dr. Nakul Karkare, tomamos inmenso orgullo en ser su proveedor de atenci\u00f3n ortop\u00e9dica de confianza. Nuestros valores fundamentales est\u00e1n profundamente arraigados en la profesionalidad y en un enfoque cercano al paciente. Estas son las razones por las que deber\u00eda considerarnos para sus necesidades ortop\u00e9dicas:<\/p>\n<p><strong>Especialistas ortop\u00e9dicos expertos:<\/strong> Nuestro equipo est\u00e1 formado por especialistas ortop\u00e9dicos de gran experiencia, dirigidos por el Dr. Nakul Karkare, un reputado cirujano ortop\u00e9dico con amplia experiencia. Gracias a sus amplios conocimientos y experiencia, diagnosticamos y tratamos eficazmente una amplia gama de afecciones ortop\u00e9dicas.<\/p>\n<p><strong>Atenci\u00f3n personalizada:<\/strong> Reconocemos que cada paciente es \u00fanico, y personalizamos nuestros planes de tratamiento para alinearnos con sus necesidades y objetivos espec\u00edficos. Su bienestar y comodidad son siempre nuestras principales prioridades.<\/p>\n<p><strong>Acceso conveniente:<\/strong> Mientras que nuestra ubicaci\u00f3n principal est\u00e1 en Riverhead NY, estamos encantados de ampliar nuestros servicios a Greenport. Creemos firmemente que una excelente atenci\u00f3n ortop\u00e9dica debe ser accesible a todos, y nuestro compromiso de ampliar nuestro alcance garantiza que pueda recibir servicios ortop\u00e9dicos de primera categor\u00eda cerca de casa.<\/p>\n<p>El Dr. Nakul Karkare es un cirujano ortop\u00e9dico certificado con m\u00e1s de 15 a\u00f1os de experiencia. Posee numerosas certificaciones y un s\u00f3lido historial de tratamientos y cirug\u00edas con \u00e9xito en el campo de la ortopedia.<\/p>\n<p>Su salud ortop\u00e9dica es nuestro principal objetivo, y estamos aqu\u00ed para ayudarle a recuperar la movilidad, reducir el dolor y mejorar su calidad de vida en general. Si usted est\u00e1 tratando con dolor en las articulaciones, lesiones deportivas, fracturas, o cualquier otra preocupaci\u00f3n ortop\u00e9dica, puede confiar en el Dr. Nakul Karkare y su equipo para ser sus socios dedicados en su viaje hacia la recuperaci\u00f3n.<\/p>\n<\/div>\n<\/div>\n<\/div>\n<\/div>\n<\/div>\n<\/div>\n<p>&nbsp;<\/p>\n<\/div>\n<\/div>\n<div class=\"relative\">\n<div class=\"absolute left-1\/2 top-0 mt-2 flex w-10\/12 -translate-x-1\/2 items-start justify-center sm:mt-[6px]\">\n<div data-projection-id=\"108\">\n<h2>Nos sentimos honrados de ofrecer una amplia gama de servicios ortop\u00e9dicos en las cercan\u00edas de Greenport, NY:<\/h2>\n<h2><a role=\"link\" href=\"https:\/\/newyorkhipknee.com\/custom-knee-replacement-surgery\/\" target=\"_blank\" rel=\"noopener\"><strong>Reemplazo de rodilla personalizado:<\/strong><\/a><\/h2>\n<p><strong>Qui\u00e9n puede beneficiarse:<\/strong> La artroplastia de rodilla a medida, tambi\u00e9n conocida como artroplastia de rodilla personalizada, es una soluci\u00f3n muy recomendable para las personas que sufren dolor intenso, rigidez e inflamaci\u00f3n de la rodilla que dificultan considerablemente sus actividades cotidianas y su calidad de vida en general. Estos s\u00edntomas suelen derivarse de afecciones como la artrosis, la artritis reumatoide, lesiones traum\u00e1ticas u otros trastornos degenerativos que afectan a la articulaci\u00f3n de la rodilla.<\/p>\n<p><strong>El procedimiento:<\/strong> La pr\u00f3tesis de rodilla a medida representa una intervenci\u00f3n quir\u00fargica avanzada en la que una articulaci\u00f3n de rodilla da\u00f1ada se sustituye h\u00e1bilmente por un implante artificial meticulosamente elaborado. Este implante es \u00fanico para la estructura anat\u00f3mica individual del paciente y nace de una avanzada tecnolog\u00eda de imagen, que genera un modelo tridimensional preciso de la articulaci\u00f3n de la rodilla del paciente. Este modelo personalizado gu\u00eda la creaci\u00f3n de un implante que se alinea perfectamente con la rodilla del paciente.<\/p>\n<p>El proceso quir\u00fargico propiamente dicho se realiza bajo anestesia, lo que garantiza la comodidad del paciente. Durante la intervenci\u00f3n, el cirujano ortop\u00e9dico retira meticulosamente la articulaci\u00f3n da\u00f1ada e introduce el implante a medida.<\/p>\n<p><strong>Ventajas:<\/strong> La pr\u00f3tesis de rodilla a medida confiere numerosas ventajas a los pacientes, entre ellas:<\/p>\n<ol>\n<li><strong>Alivio del dolor:<\/strong> La principal ventaja es el alivio del dolor cr\u00f3nico de rodilla. El implante personalizado est\u00e1 dise\u00f1ado para minimizar las molestias, lo que permite a los pacientes recuperar la movilidad y volver a sus rutinas diarias.<\/li>\n<li><strong>Mayor movilidad:<\/strong> Las pr\u00f3tesis de rodilla a medida mejoran dr\u00e1sticamente la amplitud de movimiento del paciente, permitiendo un movimiento m\u00e1s natural y sin dolor en la articulaci\u00f3n de la rodilla.<\/li>\n<li><strong>Mejora de la calidad de vida:<\/strong> Los pacientes experimentan con frecuencia una mejora significativa de su calidad de vida en general. Pueden volver a participar en actividades a las que ten\u00edan que renunciar debido al dolor de rodilla.<\/li>\n<li><strong>R\u00e1pida recuperaci\u00f3n:<\/strong> Las pr\u00f3tesis de rodilla personalizadas suelen conllevar una recuperaci\u00f3n m\u00e1s r\u00e1pida que las pr\u00f3tesis de rodilla tradicionales. La precisi\u00f3n del implante personalizado y las t\u00e9cnicas quir\u00fargicas m\u00ednimamente invasivas pueden reducir el dolor postoperatorio y acelerar la rehabilitaci\u00f3n.<\/li>\n<\/ol>\n<p>&nbsp;<\/p>\n<h2><a role=\"link\" href=\"https:\/\/newyorkhipknee.com\/hip-replacement-surgery\/\" target=\"_blank\" rel=\"noopener\"><strong>Pr\u00f3tesis de cadera:<\/strong><\/a><\/h2>\n<p><strong>Qui\u00e9n puede beneficiarse:<\/strong> La artroplastia de cadera es muy recomendable para las personas que padecen dolor intenso de cadera, rigidez e inflamaci\u00f3n que dificultan considerablemente sus actividades cotidianas y su calidad de vida en general. Entre las causas subyacentes m\u00e1s comunes se encuentran la artrosis, la artritis reumatoide, la necrosis avascular o las fracturas de cadera.<\/p>\n<p><strong>La intervenci\u00f3n:<\/strong> La artroplastia de cadera es un sofisticado procedimiento quir\u00fargico en el que se sustituye una articulaci\u00f3n de cadera da\u00f1ada por un implante artificial de intrincado dise\u00f1o. Este implante reproduce la estructura y funci\u00f3n naturales de la articulaci\u00f3n de la cadera, ofreciendo a los pacientes una renovada sensaci\u00f3n de movilidad y alivio de las molestias.<\/p>\n<p>Bajo anestesia, el cirujano ortop\u00e9dico retira h\u00e1bilmente la articulaci\u00f3n da\u00f1ada e introduce el implante artificial, de forma muy similar al procedimiento de sustituci\u00f3n de rodilla.<\/p>\n<p><strong>Los beneficios:<\/strong> La artroplastia de cadera confiere multitud de beneficios a los pacientes, entre ellos:<\/p>\n<ol>\n<li><strong>Alivio del dolor:<\/strong> El principal beneficio es el alivio del dolor intenso de cadera, lo que permite a los pacientes recuperar su movilidad y reanudar sin problemas sus actividades cotidianas.<\/li>\n<li><strong>Mayor movilidad:<\/strong> Las pr\u00f3tesis de cadera mejoran considerablemente la amplitud de movimiento de la articulaci\u00f3n de la cadera, lo que permite a los pacientes un movimiento m\u00e1s fluido y flexible.<\/li>\n<li><strong>Mayor calidad de vida:<\/strong> Los pacientes suelen experimentar una profunda mejora de su calidad de vida en general. Recuperan la capacidad de participar en actividades que antes les resultaban dif\u00edciles o imposibles debido al dolor de cadera.<\/li>\n<li><strong>R\u00e1pida recuperaci\u00f3n:<\/strong> La artroplastia de cadera suele conllevar una recuperaci\u00f3n m\u00e1s r\u00e1pida, con una reducci\u00f3n del dolor y una mejora de la amplitud de movimiento en comparaci\u00f3n con el estado previo a la intervenci\u00f3n.<\/li>\n<\/ol>\n<p>En ambos casos, el Dr. Nakul Karkare utiliza t\u00e9cnicas quir\u00fargicas avanzadas y tecnolog\u00eda de vanguardia para garantizar la colocaci\u00f3n precisa de los componentes del implante a trav\u00e9s de incisiones m\u00e1s peque\u00f1as que no da\u00f1an los tejidos.<\/p>\n<p>Este enfoque minimiza las molestias y acelera el proceso de recuperaci\u00f3n. La experiencia del Dr. Karkare en estos procedimientos, combinada con la naturaleza individualizada de los implantes a medida, contribuye a obtener resultados superiores para los pacientes que buscan alivio de los problemas articulares de rodilla y cadera.<\/p>\n<p>Si usted est\u00e1 luchando con dolor en las articulaciones, rigidez, hinchaz\u00f3n, o ha sufrido una lesi\u00f3n, por favor no dude en ponerse en contacto con el Centro Ortop\u00e9dico del Dr. Nakul Karkare. Nuestro equipo de expertos se dedica a ayudarle a recuperar la movilidad, aliviar el dolor y elevar su calidad de vida en general. Su bienestar es nuestra m\u00e1xima prioridad, y estamos aqu\u00ed para guiarle en su camino hacia una mejor salud ortop\u00e9dica.<\/p>\n<\/div>\n<\/div>\n<\/div>\n<p>&nbsp;<\/p>\n<h1><\/h1>\n<h1>Acerca de Greenport<\/h1>\n<p>Greenport, NY es un encantador pueblo ubicado en North Fork de Long Island. Es la \u00fanica comunidad incorporada en la ciudad de Southold, Condado de Suffolk, Nueva York. Greenport es un puerto mar\u00edtimo hist\u00f3rico que se estableci\u00f3 por primera vez en 1682 y se incorpor\u00f3 en 1838. Alguna vez fue un pueblo ballenero y de construcci\u00f3n naval, y desde 1844, ha sido la estaci\u00f3n terminal oriental en North Fork para el Long Island Rail Road. Aqu\u00ed hay m\u00e1s informaci\u00f3n sobre Greenport, NY:<\/p>\n<p>&nbsp;<\/p>\n<h2>Historia<\/h2>\n<p>Greenport era un puerto importante para su \u00e1rea, habiendo desarrollado una fuerte industria pesquera y ballenera en el pasado, aunque actualmente solo hay un pu\u00f1ado de barcos de pesca comercial que operan fuera del pueblo. M\u00e1s recientemente, la industria del turismo ha crecido sustancialmente. Greenport fue una vez un pueblo ballenero y de construcci\u00f3n naval, y desde 1844, ha sido la estaci\u00f3n terminal oriental en North Fork para el Long Island Rail Road.<\/p>\n<p>&nbsp;<\/p>\n<h2>Demograf\u00eda<\/h2>\n<p>Seg\u00fan la Oficina del Censo de los Estados Unidos, la poblaci\u00f3n de Greenport era de 2.197 habitantes en el censo de 2010. La composici\u00f3n racial de la aldea era 56,3% blanca, 23,1% afroamericana, 0,5% nativa americana, 1,4% asi\u00e1tica, 0,1% isle\u00f1a del Pac\u00edfico, 14,6% de otras razas y 4,0% de dos o m\u00e1s razas. Los hispanos o latinos de cualquier raza eran el 47,8% de la poblaci\u00f3n<\/p>\n<p>.<\/p>\n<h2>Cultura<\/h2>\n<p>Greenport es un pueblo con un rico patrimonio cultural. Es bien conocido por sus excelentes restaurantes, tiendas y alojamientos. El pueblo tiene una variedad de arquitectura hist\u00f3rica, puertos, restaurantes agradables, bares y tiendas. Greenport tambi\u00e9n alberga varias galer\u00edas de arte y museos, como el East End Seaport Museum and Marine Foundation, que cuenta con exposiciones sobre la historia mar\u00edtima de la zona.<\/p>\n<p>&nbsp;<\/p>\n<h2>Turismo<\/h2>\n<p>Greenport es un destino tur\u00edstico muy popular, especialmente durante los meses de verano. Los visitantes pueden disfrutar de una variedad de actividades, como paseos en bote, pesca y nataci\u00f3n. El pueblo cuenta con varios parques y playas, incluido el Mitchell Park and Beach, que cuenta con un puerto deportivo, un carrusel y un parque infantil. Los visitantes tambi\u00e9n pueden hacer un recorrido por el pueblo en el tranv\u00eda de Greenport, que funciona desde el D\u00eda de los Ca\u00eddos hasta el D\u00eda del Trabajo. Greenport tambi\u00e9n alberga varias bodegas, incluida la bodega Kontokosta, que ofrece degustaciones y recorridos.<\/p>\n<p>&nbsp;<\/p>\n<h2>Bien inmueble<\/h2>\n<p>A partir de octubre de 2023, hay varias casas en venta en Greenport, NY, que van desde $399,000 hasta $2,500,000. Tambi\u00e9n hay varios condominios y casas adosadas a la venta en el \u00e1rea, que van desde $399,000 a $1,200,000. El valor medio de una vivienda en Greenport es de $625,000.<\/p>\n<p>En conclusi\u00f3n, Greenport, NY es un pueblo encantador con un rico patrimonio cultural y una variedad de actividades para que los visitantes disfruten. Es bien conocida por sus excelentes restaurantes, tiendas y alojamientos, as\u00ed como por su arquitectura hist\u00f3rica, puertos y museos. El pueblo tambi\u00e9n alberga varios parques y playas, bodegas y galer\u00edas de arte. Ya sea que est\u00e9 buscando visitar o hacer de Greenport su hogar, es un lugar maravilloso para estar.<\/p>\n<p>&nbsp;<\/p>\n<h2>Indicaciones<\/h2>\n<p>Estas son las indicaciones desde Greenport, NY para llegar a Complete Orthopedics en 887 Old Country Rd, Suite A, Riverhead, NY 11901:<\/p>\n<p>1. Dir\u00edjase hacia el sur por Main St hacia Front St.<br \/>\n2. Gire a la izquierda en Front St.<br \/>\n3. Gire a la derecha en 3rd St.<br \/>\n4. Gire a la izquierda en Wiggins St.<br \/>\n5. Gire a la derecha en NY-25 W\/E Main St.<br \/>\n6. Gire a la izquierda en Doctors Path.<br \/>\n7. Gire a la derecha en Middle Rd.<br \/>\n8. Gire a la izquierda en Roanoke Ave.<br \/>\n9. Gire a la derecha en Commerce Dr.<br \/>\n10. Gire a la izquierda en Old Country Rd.<br \/>\n11. Complete Orthopedics estar\u00e1 a su derecha en 887 Old Country Rd, Suite A, Riverhead, NY 11901.<\/p>\n<p>La distancia total en coche es de aproximadamente 25 millas y deber\u00eda tomar alrededor de 40 minutos, dependiendo del tr\u00e1fico.<\/p>\n<p>&nbsp;<\/p>\n<h2>Atenci\u00f3n m\u00e9dica cerca de Greenport<\/h2>\n<p><strong>Farmacias:<\/strong><br \/>\n&#8211; Farmacia CVS, 10 Eastport Manor Rd, Eastport, NY 11941<br \/>\n&#8211; Farmacia Rite Aid, 10 Eastport Manor Rd, Eastport, NY 11941<br \/>\n&#8211; Farmacia Walgreens, 2460 Montauk Hwy, Bridgehampton, NY 11932<\/p>\n<p><strong>Centros de Radiolog\u00eda:<\/strong><br \/>\n&#8211; Radiolog\u00eda East End, 133 E Main St, Riverhead, NY 11901<br \/>\n&#8211; Radiolog\u00eda del Peconic Bay Medical Center, 1300 Roanoke Ave, Riverhead, NY 11901<br \/>\n&#8211; Northwell Health Imaging at East Setauket, 4 Technology Dr, East Setauket, NY 11733<\/p>\n<p><strong>Centros de Atenci\u00f3n de Urgencia:<\/strong><br \/>\n&#8211; LI Urgent Care, 1228 E Main St, Riverhead, NY 11901<br \/>\n&#8211; Westhampton Primary Care Center, 240 Meeting House Creek Rd, Aquebogue, NY 11931<br \/>\n&#8211; Centro M\u00e9dico Peconic Bay, 1300 Roanoke Ave, Riverhead, NY 11901<\/p>\n<p><strong>Hospitales:<\/strong><br \/>\n&#8211; Centro M\u00e9dico Peconic Bay, 1300 Roanoke Ave, Riverhead, NY 11901<br \/>\n&#8211; Hospital Stony Brook Eastern Long Island, 201 Manor Pl, Greenport, NY 11944<br \/>\n&#8211; Hospital de Southampton, 240 Meeting House Ln, Southampton, NY 11968<\/p>\n<p>Estas farmacias, centros de radiolog\u00eda, centros de atenci\u00f3n de urgencia y hospitales se encuentran a una distancia razonable de Eastport, NY y pueden brindar atenci\u00f3n y servicios m\u00e9dicos a la comunidad.<\/p>\n<p>&nbsp;<\/p>\n<p>En el centro de nuestra misi\u00f3n se encuentra el firme compromiso de brindar atenci\u00f3n ortop\u00e9dica integral a nuestra comunidad local, incluidos los que hemos mencionado anteriormente. Ya sea que lo remitan a nosotros para un tratamiento ortop\u00e9dico o tenga alguna inquietud ortop\u00e9dica, nuestro equipo dedicado las 24 horas del d\u00eda, los 7 d\u00edas de la semana est\u00e1 aqu\u00ed para ayudarlo. Simplemente ll\u00e1menos y estaremos listos para ofrecerle asistencia oportuna y compasiva.<\/p>\n<p>Entendemos que muchas personas buscan atenci\u00f3n por lesiones relacionadas con el trabajo cubiertas por la compensaci\u00f3n laboral y el seguro sin culpa en centros de atenci\u00f3n de urgencia y hospitales. Si su lesi\u00f3n no requiere una visita al hospital, estaremos encantados de ofrecerle un tratamiento ortop\u00e9dico especializado adaptado a sus necesidades \u00fanicas. No dude en comunicarse con nosotros al 631-981-2663 para programar una cita hoy. Su bienestar sigue siendo nuestra m\u00e1xima prioridad<\/p>\n","protected":false},"excerpt":{"rendered":"<p>Servicios Ortop\u00e9dicos Integrales para Greenport, NY, Proporcionado por el Dr. Nakul Karkare \u00a1Saludos del Dr. Nakul Karkare! Somos su fuente dedicada para la atenci\u00f3n ortop\u00e9dica excepcional, y estamos muy contentos de anunciar la expansi\u00f3n de nuestros servicios ortop\u00e9dicos integrales a la acogedora comunidad de Greenport, NY. En la pr\u00e1ctica del Dr. Nakul Karkare, nuestra misi\u00f3n [&hellip;]<\/p>\n","protected":false},"author":33,"featured_media":0,"parent":16545,"menu_order":0,"comment_status":"closed","ping_status":"closed","template":"","meta":{"_et_pb_use_builder":"","_et_pb_old_content":"","_et_gb_content_width":"","footnotes":""},"class_list":["post-21064","page","type-page","status-publish","hentry"],"yoast_head":"<!-- This site is optimized with the Yoast SEO plugin v27.2 - https:\/\/yoast.com\/product\/yoast-seo-wordpress\/ -->\n<title>Greenport, Nueva York | Best Hip &amp; Knee Surgeon | NY, USA<\/title>\n<meta name=\"description\" content=\"Servicios Ortop\u00e9dicos Integrales para Greenport, NY, Proporcionado por el Dr. Nakul Karkare \u00a1Saludos del Dr. Nakul Karkare! Somos su fuente dedicada para\" \/>\n<meta name=\"robots\" content=\"index, follow, max-snippet:-1, max-image-preview:large, max-video-preview:-1\" \/>\n<link rel=\"canonical\" href=\"https:\/\/www.newyorkhipknee.com\/es\/contacto\/riverhead-mejor-cirujano-de-reemplazo-de-rodilla-y-cadera\/greenport-nueva-york\/\" \/>\n<meta property=\"og:locale\" content=\"es_ES\" \/>\n<meta property=\"og:type\" content=\"article\" \/>\n<meta property=\"og:title\" content=\"Greenport, Nueva York | Best Hip &amp; Knee Surgeon | NY, USA\" \/>\n<meta property=\"og:description\" content=\"Servicios Ortop\u00e9dicos Integrales para Greenport, NY, Proporcionado por el Dr. Nakul Karkare \u00a1Saludos del Dr. Nakul Karkare! Somos su fuente dedicada para\" \/>\n<meta property=\"og:url\" content=\"https:\/\/www.newyorkhipknee.com\/es\/contacto\/riverhead-mejor-cirujano-de-reemplazo-de-rodilla-y-cadera\/greenport-nueva-york\/\" \/>\n<meta property=\"og:site_name\" content=\"Best Hip &amp; Knee Surgeon | NY, USA\" \/>\n<meta name=\"twitter:card\" content=\"summary_large_image\" \/>\n<meta name=\"twitter:label1\" content=\"Tiempo de lectura\" \/>\n\t<meta name=\"twitter:data1\" content=\"11 minutos\" \/>\n<script type=\"application\/ld+json\" class=\"yoast-schema-graph\">{\"@context\":\"https:\/\/schema.org\",\"@graph\":[{\"@type\":[\"WebPage\",\"MedicalWebPage\"],\"@id\":\"https:\/\/www.newyorkhipknee.com\/es\/contacto\/riverhead-mejor-cirujano-de-reemplazo-de-rodilla-y-cadera\/greenport-nueva-york\/\",\"url\":\"https:\/\/www.newyorkhipknee.com\/es\/contacto\/riverhead-mejor-cirujano-de-reemplazo-de-rodilla-y-cadera\/greenport-nueva-york\/\",\"name\":\"Greenport, Nueva York | Best Hip &amp; Knee Surgeon | NY, USA\",\"isPartOf\":{\"@id\":\"https:\/\/www.newyorkhipknee.com\/es\/#website\"},\"datePublished\":\"2023-11-09T20:41:10+00:00\",\"description\":\"Servicios Ortop\u00e9dicos Integrales para Greenport, NY, Proporcionado por el Dr. Nakul Karkare \u00a1Saludos del Dr. Nakul Karkare! Somos su fuente dedicada para\",\"breadcrumb\":{\"@id\":\"https:\/\/www.newyorkhipknee.com\/es\/contacto\/riverhead-mejor-cirujano-de-reemplazo-de-rodilla-y-cadera\/greenport-nueva-york\/#breadcrumb\"},\"inLanguage\":\"es\",\"potentialAction\":[{\"@type\":\"ReadAction\",\"target\":[\"https:\/\/www.newyorkhipknee.com\/es\/contacto\/riverhead-mejor-cirujano-de-reemplazo-de-rodilla-y-cadera\/greenport-nueva-york\/\"]}]},{\"@type\":\"BreadcrumbList\",\"@id\":\"https:\/\/www.newyorkhipknee.com\/es\/contacto\/riverhead-mejor-cirujano-de-reemplazo-de-rodilla-y-cadera\/greenport-nueva-york\/#breadcrumb\",\"itemListElement\":[{\"@type\":\"ListItem\",\"position\":1,\"name\":\"Home\",\"item\":\"https:\/\/www.newyorkhipknee.com\/es\/\"},{\"@type\":\"ListItem\",\"position\":2,\"name\":\"Contacto\",\"item\":\"https:\/\/www.newyorkhipknee.com\/es\/contacto\/\"},{\"@type\":\"ListItem\",\"position\":3,\"name\":\"Riverhead &#8211; Mejor Cirujano de Reemplazo de Rodilla y Cadera\",\"item\":\"https:\/\/www.newyorkhipknee.com\/es\/contacto\/riverhead-mejor-cirujano-de-reemplazo-de-rodilla-y-cadera\/\"},{\"@type\":\"ListItem\",\"position\":4,\"name\":\"Greenport, Nueva York\"}]},{\"@type\":\"WebSite\",\"@id\":\"https:\/\/www.newyorkhipknee.com\/es\/#website\",\"url\":\"https:\/\/www.newyorkhipknee.com\/es\/\",\"name\":\"Best Hip & Knee Surgeon | NY, USA\",\"description\":\"\",\"potentialAction\":[{\"@type\":\"SearchAction\",\"target\":{\"@type\":\"EntryPoint\",\"urlTemplate\":\"https:\/\/www.newyorkhipknee.com\/es\/?s={search_term_string}\"},\"query-input\":{\"@type\":\"PropertyValueSpecification\",\"valueRequired\":true,\"valueName\":\"search_term_string\"}}],\"inLanguage\":\"es\"}]}<\/script>\n<!-- \/ Yoast SEO plugin. -->","yoast_head_json":{"title":"Greenport, Nueva York | Best Hip &amp; Knee Surgeon | NY, USA","description":"Servicios Ortop\u00e9dicos Integrales para Greenport, NY, Proporcionado por el Dr. Nakul Karkare \u00a1Saludos del Dr. Nakul Karkare! Somos su fuente dedicada para","robots":{"index":"index","follow":"follow","max-snippet":"max-snippet:-1","max-image-preview":"max-image-preview:large","max-video-preview":"max-video-preview:-1"},"canonical":"https:\/\/www.newyorkhipknee.com\/es\/contacto\/riverhead-mejor-cirujano-de-reemplazo-de-rodilla-y-cadera\/greenport-nueva-york\/","og_locale":"es_ES","og_type":"article","og_title":"Greenport, Nueva York | Best Hip &amp; Knee Surgeon | NY, USA","og_description":"Servicios Ortop\u00e9dicos Integrales para Greenport, NY, Proporcionado por el Dr. Nakul Karkare \u00a1Saludos del Dr. Nakul Karkare! Somos su fuente dedicada para","og_url":"https:\/\/www.newyorkhipknee.com\/es\/contacto\/riverhead-mejor-cirujano-de-reemplazo-de-rodilla-y-cadera\/greenport-nueva-york\/","og_site_name":"Best Hip &amp; Knee Surgeon | NY, USA","twitter_card":"summary_large_image","twitter_misc":{"Tiempo de lectura":"11 minutos"},"schema":{"@context":"https:\/\/schema.org","@graph":[{"@type":["WebPage","MedicalWebPage"],"@id":"https:\/\/www.newyorkhipknee.com\/es\/contacto\/riverhead-mejor-cirujano-de-reemplazo-de-rodilla-y-cadera\/greenport-nueva-york\/","url":"https:\/\/www.newyorkhipknee.com\/es\/contacto\/riverhead-mejor-cirujano-de-reemplazo-de-rodilla-y-cadera\/greenport-nueva-york\/","name":"Greenport, Nueva York | Best Hip &amp; Knee Surgeon | NY, USA","isPartOf":{"@id":"https:\/\/www.newyorkhipknee.com\/es\/#website"},"datePublished":"2023-11-09T20:41:10+00:00","description":"Servicios Ortop\u00e9dicos Integrales para Greenport, NY, Proporcionado por el Dr. Nakul Karkare \u00a1Saludos del Dr. Nakul Karkare! Somos su fuente dedicada para","breadcrumb":{"@id":"https:\/\/www.newyorkhipknee.com\/es\/contacto\/riverhead-mejor-cirujano-de-reemplazo-de-rodilla-y-cadera\/greenport-nueva-york\/#breadcrumb"},"inLanguage":"es","potentialAction":[{"@type":"ReadAction","target":["https:\/\/www.newyorkhipknee.com\/es\/contacto\/riverhead-mejor-cirujano-de-reemplazo-de-rodilla-y-cadera\/greenport-nueva-york\/"]}]},{"@type":"BreadcrumbList","@id":"https:\/\/www.newyorkhipknee.com\/es\/contacto\/riverhead-mejor-cirujano-de-reemplazo-de-rodilla-y-cadera\/greenport-nueva-york\/#breadcrumb","itemListElement":[{"@type":"ListItem","position":1,"name":"Home","item":"https:\/\/www.newyorkhipknee.com\/es\/"},{"@type":"ListItem","position":2,"name":"Contacto","item":"https:\/\/www.newyorkhipknee.com\/es\/contacto\/"},{"@type":"ListItem","position":3,"name":"Riverhead &#8211; Mejor Cirujano de Reemplazo de Rodilla y Cadera","item":"https:\/\/www.newyorkhipknee.com\/es\/contacto\/riverhead-mejor-cirujano-de-reemplazo-de-rodilla-y-cadera\/"},{"@type":"ListItem","position":4,"name":"Greenport, Nueva York"}]},{"@type":"WebSite","@id":"https:\/\/www.newyorkhipknee.com\/es\/#website","url":"https:\/\/www.newyorkhipknee.com\/es\/","name":"Best Hip & Knee Surgeon | NY, USA","description":"","potentialAction":[{"@type":"SearchAction","target":{"@type":"EntryPoint","urlTemplate":"https:\/\/www.newyorkhipknee.com\/es\/?s={search_term_string}"},"query-input":{"@type":"PropertyValueSpecification","valueRequired":true,"valueName":"search_term_string"}}],"inLanguage":"es"}]}},"_links":{"self":[{"href":"https:\/\/www.newyorkhipknee.com\/es\/wp-json\/wp\/v2\/pages\/21064","targetHints":{"allow":["GET"]}}],"collection":[{"href":"https:\/\/www.newyorkhipknee.com\/es\/wp-json\/wp\/v2\/pages"}],"about":[{"href":"https:\/\/www.newyorkhipknee.com\/es\/wp-json\/wp\/v2\/types\/page"}],"author":[{"embeddable":true,"href":"https:\/\/www.newyorkhipknee.com\/es\/wp-json\/wp\/v2\/users\/33"}],"replies":[{"embeddable":true,"href":"https:\/\/www.newyorkhipknee.com\/es\/wp-json\/wp\/v2\/comments?post=21064"}],"version-history":[{"count":0,"href":"https:\/\/www.newyorkhipknee.com\/es\/wp-json\/wp\/v2\/pages\/21064\/revisions"}],"up":[{"embeddable":true,"href":"https:\/\/www.newyorkhipknee.com\/es\/wp-json\/wp\/v2\/pages\/16545"}],"wp:attachment":[{"href":"https:\/\/www.newyorkhipknee.com\/es\/wp-json\/wp\/v2\/media?parent=21064"}],"curies":[{"name":"wp","href":"https:\/\/api.w.org\/{rel}","templated":true}]}}