{"id":21070,"date":"2023-12-14T16:15:26","date_gmt":"2023-12-14T21:15:26","guid":{"rendered":"https:\/\/newyorkhipknee.com\/trastornos-del-tobillo-y-del-pie\/"},"modified":"2024-01-01T09:25:03","modified_gmt":"2024-01-01T14:25:03","slug":"trastornos-del-tobillo-y-del-pie","status":"publish","type":"page","link":"https:\/\/www.newyorkhipknee.com\/es\/indemnizacion-por-accidente-laboral\/directrices-de-tratamiento-medico-mtg\/tobillo-y-pie\/trastornos-del-tobillo-y-del-pie\/","title":{"rendered":"Trastornos del tobillo y del pie"},"content":{"rendered":"<p>Las directrices proporcionadas por la Junta de Indemnizaci\u00f3n por Accidentes de Trabajo del Estado de Nueva York est\u00e1n dise\u00f1adas para ayudar a los m\u00e9dicos, pod\u00f3logos y otros profesionales sanitarios a ofrecer un tratamiento adecuado para los trastornos de tobillo y pie.<\/p>\n<p>Estas directrices de la Junta de Indemnizaci\u00f3n por Accidentes de Trabajo tienen por objeto ayudar a los profesionales sanitarios a determinar el nivel adecuado de atenci\u00f3n a los pacientes con trastornos de tobillo y pie.<\/p>\n<p>Es importante se\u00f1alar que estas directrices deben complementar el juicio cl\u00ednico y la experiencia profesional. La decisi\u00f3n final sobre los cuidados debe ser un proceso de colaboraci\u00f3n entre el paciente y su profesional sanitario.<\/p>\n<p>&nbsp;<\/p>\n<h2>Introducci\u00f3n a los trastornos del tobillo y del pie<\/h2>\n<p>Estos consejos abordan problemas frecuentes y potencialmente relacionados con el trabajo que afectan al tobillo y al pie. Abarca la evaluaci\u00f3n, el reconocimiento de \u00abse\u00f1ales de alarma\u00bb o indicadores de lesiones o enfermedades potencialmente graves, el diagn\u00f3stico, el uso de pruebas diagn\u00f3sticas para identificar patolog\u00edas cl\u00ednicas y la atenci\u00f3n posterior. Se tienen en cuenta indicadores como fracturas, luxaciones, c\u00e1ncer, problemas metab\u00f3licos, infecciones y otras afecciones m\u00e9dicas.<\/p>\n<p>&nbsp;<\/p>\n<h2>Toma de antecedentes y examen f\u00edsico para trastornos del tobillo y el pie<\/h2>\n<p>La realizaci\u00f3n de una exploraci\u00f3n f\u00edsica y la recopilaci\u00f3n de la historia cl\u00ednica sientan las bases y orientan el curso de las medidas diagn\u00f3sticas y terap\u00e9uticas. En los casos en que los resultados de las evaluaciones cl\u00ednicas difieran de los obtenidos mediante otros m\u00e9todos de diagn\u00f3stico, debe darse prioridad a los hallazgos cl\u00ednicos objetivos. Los siguientes datos deben documentarse con precisi\u00f3n en la historia cl\u00ednica:<\/p>\n<p>&nbsp;<\/p>\n<h3>Antecedentes de lesiones actuales por trastornos del tobillo y del pie<\/h3>\n<p>El mecanismo de la lesi\u00f3n, que incluye detalles sobre el inicio y la progresi\u00f3n de los s\u00edntomas, as\u00ed como cualquier s\u00edntoma derivado de ajustes posturales o funcionales debidos a la lesi\u00f3n del tobillo-pie;<\/p>\n<p>Relaci\u00f3n con el trabajo: Declaraci\u00f3n sobre la probabilidad de que la dolencia o lesi\u00f3n est\u00e9 relacionada con el trabajo;<\/p>\n<p>Lesiones anteriores, tanto laborales como no laborales, que afecten a la misma zona, junto con cualquier tratamiento especializado previo;<\/p>\n<p>Capacidad funcional para realizar actividades cotidianas y tareas ocupacionales;<\/p>\n<p>Factores que empeoran o alivian los s\u00edntomas, considerando no s\u00f3lo el tobillo-pie sino tambi\u00e9n otros aspectos relevantes.<\/p>\n<p>&nbsp;<\/p>\n<h3>Antecedentes de trastornos del tobillo y del pie<\/h3>\n<p>Los antecedentes m\u00e9dicos pueden incluir enfermedades como diabetes, gota, artritis y neoplasias.<\/p>\n<p>La revisi\u00f3n de los sistemas debe considerar los s\u00edntomas relacionados con trastornos reumatol\u00f3gicos, neurol\u00f3gicos, endocrinos, neopl\u00e1sicos y otros trastornos sist\u00e9micos, sin limitarse a los exclusivos del sistema musculoesquel\u00e9tico.<\/p>\n<p>Antecedentes de consumo de tabaco en el pasado;<br \/>\nDetalles sobre actividades profesionales y de ocio;<br \/>\nDocumentaci\u00f3n de cualquier estudio de imagen previo;<br \/>\nRegistro de intervenciones quir\u00fargicas previas.<\/p>\n<p>&nbsp;<\/p>\n<h3>Examen f\u00edsico para trastornos del tobillo y el pie<\/h3>\n<p>Un examen de la articulaci\u00f3n debe abarcar los aspectos superior e inferior, as\u00ed como el lado opuesto para su comparaci\u00f3n. La exploraci\u00f3n f\u00edsica debe utilizar procedimientos y pruebas adaptados a la articulaci\u00f3n o la zona objeto de evaluaci\u00f3n, como:<\/p>\n<ol>\n<li><strong>Inspecci\u00f3n visual:<\/strong> Busque asimetr\u00edas y anomal\u00edas que puedan indicar degeneraci\u00f3n, malformaci\u00f3n, fractura o luxaci\u00f3n. Examine ambos pies, comprobando si hay heridas significativas como heridas por aplastamiento, lesiones degloving, laceraciones, heridas punzantes y heridas abiertas.<\/li>\n<li><strong>Palpaci\u00f3n:<\/strong><\/li>\n<li><strong>Calidad y amplitud de movimiento (activo y pasivo):<\/strong> Evaluar la amplitud de movimiento (ROM) activa y pasiva en el pie y el tobillo. Compare la movilidad del lado afectado con la del lado no afectado.<\/li>\n<li><strong>Fortaleza frente a atrofia o debilidad:<\/strong><\/li>\n<li><strong>Estabilidad e integridad articular:<\/strong> Tensar los ligamentos para determinar la estabilidad y comparar con el lado no afectado.<\/li>\n<li><strong>Comprobaci\u00f3n de deformidades\/desplazamientos:<\/strong> Examine si hay deformidades o desplazamientos.<\/li>\n<li><strong>Evaluaci\u00f3n neurol\u00f3gica:<\/strong> Evaluar las funciones motoras, sensoriales y reflejas seg\u00fan sea cl\u00ednicamente apropiado. Evaluar el estado vascular, incluida la integridad de la circulaci\u00f3n distal, los pulsos perif\u00e9ricos y la temperatura de la piel. Est\u00e9 atento a los indicadores de heridas importantes, como desgarros, laceraciones, heridas punzantes, heridas abiertas y heridas por aplastamiento.<\/li>\n<\/ol>\n<p>&nbsp;<\/p>\n<h3>Evaluaci\u00f3n de banderas rojas para trastornos de tobillo y pie<\/h3>\n<p>Ciertos hallazgos, a menudo denominados \u00abse\u00f1ales de alarma\u00bb, indican la posible presencia de problemas m\u00e9dicos importantes. Durante la revisi\u00f3n de la historia cl\u00ednica y la exploraci\u00f3n f\u00edsica, es esencial estar alerta a los signos de alarma. En el pie y el tobillo, estos signos pueden abarcar s\u00edndrome compartimental, fracturas, luxaciones, infecciones o inflamaciones, tumores, roturas tendinosas e infecciones o inflamaciones.<\/p>\n<p>Las directrices de tratamiento m\u00e9dico de las lesiones de tobillo y pie de Nueva York describen los ajustes en el tratamiento cl\u00ednico derivados de la identificaci\u00f3n de \u00abse\u00f1ales de alarma\u00bb. En tales casos, puede ser necesaria una evaluaci\u00f3n adicional, una consulta o una acci\u00f3n urgente o de emergencia.<\/p>\n<p>&nbsp;<\/p>\n<h3>Criterios diagn\u00f3sticos y diagn\u00f3stico diferencial para trastornos de tobillo y pie<\/h3>\n<p>En la mayor\u00eda de las personas con aut\u00e9nticas afecciones de pie y tobillo, las pruebas diagn\u00f3sticas suelen ser innecesarias hasta despu\u00e9s de un per\u00edodo de terapia conservadora y observaci\u00f3n. La mayor\u00eda de los problemas de tobillo y pie tienden a mejorar una vez que se tratan los signos de alarma.<\/p>\n<p>Durante el mes inicial de restricci\u00f3n de la actividad, no se recomiendan los diagn\u00f3sticos rutinarios, incluidas las pruebas de laboratorio, las radiograf\u00edas simples de pie o tobillo ni los estudios de imagen especializados. Se pueden hacer excepciones si el historial o los resultados de la exploraci\u00f3n hacen sospechar que existe un problema importante en el pie o el tobillo o un dolor referido.<\/p>\n<p>&nbsp;<\/p>\n<h3>Pruebas y procedimientos de diagn\u00f3stico para trastornos del tobillo y el pie<\/h3>\n<p>La elecci\u00f3n del procedimiento de diagn\u00f3stico por imagen adecuado es crucial para garantizar la precisi\u00f3n, minimizar los efectos negativos y promover la rentabilidad. Los diferentes m\u00e9todos de diagn\u00f3stico por imagen ofrecen distintos niveles de especificidad y sensibilidad, y ninguno es exclusivo de una enfermedad concreta. La informaci\u00f3n cl\u00ednica obtenida durante la anamnesis y la exploraci\u00f3n f\u00edsica debe guiar la selecci\u00f3n e interpretaci\u00f3n de los procedimientos diagn\u00f3sticos.<\/p>\n<p>La repetici\u00f3n de un procedimiento diagn\u00f3stico es innecesaria si el procedimiento inicial, junto con los datos cl\u00ednicos, proporciona informaci\u00f3n suficiente para un diagn\u00f3stico adecuado. Sin embargo, si los primeros procedimientos no son concluyentes, se puede considerar un procedimiento diagn\u00f3stico posterior, potencialmente una repetici\u00f3n del mismo, seg\u00fan el criterio del profesional.<\/p>\n<p>La elecci\u00f3n de la t\u00e9cnica de imagen depende de factores como la disponibilidad, la tolerancia del paciente y la experiencia del profesional tratante. En algunos casos puede ser necesario repetir los ex\u00e1menes de imagen para controlar la eficacia del tratamiento, reevaluar la patolog\u00eda o en el postoperatorio para controlar la cicatrizaci\u00f3n. Es crucial ser consciente de la dosis de radiaci\u00f3n acumulada asociada a los ex\u00e1menes repetitivos de TC y de los riesgos asociados.<\/p>\n<p>Puede ser necesaria una evaluaci\u00f3n adicional de las lesiones de pie y tobillo en funci\u00f3n del mecanismo de la lesi\u00f3n, los s\u00edntomas y los antecedentes del paciente cuando sea necesario.<\/p>\n<p>&nbsp;<\/p>\n<h2>Lo que nuestra oficina puede hacer si tiene compensaci\u00f3n laboral por lesiones de tobillo y pie<\/h2>\n<p>Tenemos la experiencia para ayudarle con sus lesiones de compensaci\u00f3n de trabajadores. Comprendemos los retos a los que se enfrenta y nos comprometemos a atender sus necesidades m\u00e9dicas respetando las directrices establecidas por la Junta de Indemnizaci\u00f3n por Accidentes de Trabajo del Estado de Nueva York.<\/p>\n<p>Reconociendo la importancia de sus casos de compensaci\u00f3n de trabajadores, estamos aqu\u00ed para guiarle a trav\u00e9s de las complejidades de tratar tanto con la compa\u00f1\u00eda de seguros de compensaci\u00f3n de trabajadores como con su empleador.<\/p>\n<p>Entendemos que este periodo puede ser estresante para usted y su familia. Si desea concertar una cita, p\u00f3ngase en contacto con nosotros y haremos todo lo posible para que el proceso le resulte lo m\u00e1s c\u00f3modo y sencillo posible.<\/p>\n","protected":false},"excerpt":{"rendered":"<p>Las directrices proporcionadas por la Junta de Indemnizaci\u00f3n por Accidentes de Trabajo del Estado de Nueva York est\u00e1n dise\u00f1adas para ayudar a los m\u00e9dicos, pod\u00f3logos y otros profesionales sanitarios a ofrecer un tratamiento adecuado para los trastornos de tobillo y pie. Estas directrices de la Junta de Indemnizaci\u00f3n por Accidentes de Trabajo tienen por objeto [&hellip;]<\/p>\n","protected":false},"author":33,"featured_media":0,"parent":21155,"menu_order":0,"comment_status":"closed","ping_status":"closed","template":"","meta":{"_et_pb_use_builder":"","_et_pb_old_content":"","_et_gb_content_width":"","footnotes":""},"class_list":["post-21070","page","type-page","status-publish","hentry"],"yoast_head":"<!-- This site is optimized with the Yoast SEO plugin v27.2 - https:\/\/yoast.com\/product\/yoast-seo-wordpress\/ -->\n<title>Trastornos del tobillo y del pie | Best Hip &amp; Knee Surgeon | NY, USA<\/title>\n<meta name=\"description\" content=\"Las directrices proporcionadas por la Junta de Indemnizaci\u00f3n por Accidentes de Trabajo del Estado de Nueva York est\u00e1n dise\u00f1adas para ayudar a los m\u00e9dicos,\" \/>\n<meta name=\"robots\" content=\"index, follow, max-snippet:-1, max-image-preview:large, max-video-preview:-1\" \/>\n<link rel=\"canonical\" href=\"https:\/\/www.newyorkhipknee.com\/es\/indemnizacion-por-accidente-laboral\/directrices-de-tratamiento-medico-mtg\/tobillo-y-pie\/trastornos-del-tobillo-y-del-pie\/\" \/>\n<meta property=\"og:locale\" content=\"es_ES\" \/>\n<meta property=\"og:type\" content=\"article\" \/>\n<meta property=\"og:title\" content=\"Trastornos del tobillo y del pie | Best Hip &amp; Knee Surgeon | NY, USA\" \/>\n<meta property=\"og:description\" content=\"Las directrices proporcionadas por la Junta de Indemnizaci\u00f3n por Accidentes de Trabajo del Estado de Nueva York est\u00e1n dise\u00f1adas para ayudar a los m\u00e9dicos,\" \/>\n<meta property=\"og:url\" content=\"https:\/\/www.newyorkhipknee.com\/es\/indemnizacion-por-accidente-laboral\/directrices-de-tratamiento-medico-mtg\/tobillo-y-pie\/trastornos-del-tobillo-y-del-pie\/\" \/>\n<meta property=\"og:site_name\" content=\"Best Hip &amp; Knee Surgeon | NY, USA\" \/>\n<meta property=\"article:modified_time\" content=\"2024-01-01T14:25:03+00:00\" \/>\n<meta name=\"twitter:card\" content=\"summary_large_image\" \/>\n<meta name=\"twitter:label1\" content=\"Tiempo de lectura\" \/>\n\t<meta name=\"twitter:data1\" content=\"7 minutos\" \/>\n<script type=\"application\/ld+json\" class=\"yoast-schema-graph\">{\"@context\":\"https:\/\/schema.org\",\"@graph\":[{\"@type\":[\"WebPage\",\"MedicalWebPage\"],\"@id\":\"https:\/\/www.newyorkhipknee.com\/es\/indemnizacion-por-accidente-laboral\/directrices-de-tratamiento-medico-mtg\/tobillo-y-pie\/trastornos-del-tobillo-y-del-pie\/\",\"url\":\"https:\/\/www.newyorkhipknee.com\/es\/indemnizacion-por-accidente-laboral\/directrices-de-tratamiento-medico-mtg\/tobillo-y-pie\/trastornos-del-tobillo-y-del-pie\/\",\"name\":\"Trastornos del tobillo y del pie | Best Hip &amp; Knee Surgeon | NY, USA\",\"isPartOf\":{\"@id\":\"https:\/\/www.newyorkhipknee.com\/es\/#website\"},\"datePublished\":\"2023-12-14T21:15:26+00:00\",\"dateModified\":\"2024-01-01T14:25:03+00:00\",\"description\":\"Las directrices proporcionadas por la Junta de Indemnizaci\u00f3n por Accidentes de Trabajo del Estado de Nueva York est\u00e1n dise\u00f1adas para ayudar a los m\u00e9dicos,\",\"breadcrumb\":{\"@id\":\"https:\/\/www.newyorkhipknee.com\/es\/indemnizacion-por-accidente-laboral\/directrices-de-tratamiento-medico-mtg\/tobillo-y-pie\/trastornos-del-tobillo-y-del-pie\/#breadcrumb\"},\"inLanguage\":\"es\",\"potentialAction\":[{\"@type\":\"ReadAction\",\"target\":[\"https:\/\/www.newyorkhipknee.com\/es\/indemnizacion-por-accidente-laboral\/directrices-de-tratamiento-medico-mtg\/tobillo-y-pie\/trastornos-del-tobillo-y-del-pie\/\"]}]},{\"@type\":\"BreadcrumbList\",\"@id\":\"https:\/\/www.newyorkhipknee.com\/es\/indemnizacion-por-accidente-laboral\/directrices-de-tratamiento-medico-mtg\/tobillo-y-pie\/trastornos-del-tobillo-y-del-pie\/#breadcrumb\",\"itemListElement\":[{\"@type\":\"ListItem\",\"position\":1,\"name\":\"Home\",\"item\":\"https:\/\/www.newyorkhipknee.com\/es\/\"},{\"@type\":\"ListItem\",\"position\":2,\"name\":\"Indemnizaci\u00f3n por accidente laboral\",\"item\":\"https:\/\/www.newyorkhipknee.com\/es\/indemnizacion-por-accidente-laboral\/\"},{\"@type\":\"ListItem\",\"position\":3,\"name\":\"Directrices de tratamiento m\u00e9dico (MTG)\",\"item\":\"https:\/\/www.newyorkhipknee.com\/es\/indemnizacion-por-accidente-laboral\/directrices-de-tratamiento-medico-mtg\/\"},{\"@type\":\"ListItem\",\"position\":4,\"name\":\"Tobillo y pie\",\"item\":\"https:\/\/www.newyorkhipknee.com\/es\/indemnizacion-por-accidente-laboral\/directrices-de-tratamiento-medico-mtg\/tobillo-y-pie\/\"},{\"@type\":\"ListItem\",\"position\":5,\"name\":\"Trastornos del tobillo y del pie\"}]},{\"@type\":\"WebSite\",\"@id\":\"https:\/\/www.newyorkhipknee.com\/es\/#website\",\"url\":\"https:\/\/www.newyorkhipknee.com\/es\/\",\"name\":\"Best Hip & Knee Surgeon | NY, USA\",\"description\":\"\",\"potentialAction\":[{\"@type\":\"SearchAction\",\"target\":{\"@type\":\"EntryPoint\",\"urlTemplate\":\"https:\/\/www.newyorkhipknee.com\/es\/?s={search_term_string}\"},\"query-input\":{\"@type\":\"PropertyValueSpecification\",\"valueRequired\":true,\"valueName\":\"search_term_string\"}}],\"inLanguage\":\"es\"}]}<\/script>\n<!-- \/ Yoast SEO plugin. -->","yoast_head_json":{"title":"Trastornos del tobillo y del pie | Best Hip &amp; Knee Surgeon | NY, USA","description":"Las directrices proporcionadas por la Junta de Indemnizaci\u00f3n por Accidentes de Trabajo del Estado de Nueva York est\u00e1n dise\u00f1adas para ayudar a los m\u00e9dicos,","robots":{"index":"index","follow":"follow","max-snippet":"max-snippet:-1","max-image-preview":"max-image-preview:large","max-video-preview":"max-video-preview:-1"},"canonical":"https:\/\/www.newyorkhipknee.com\/es\/indemnizacion-por-accidente-laboral\/directrices-de-tratamiento-medico-mtg\/tobillo-y-pie\/trastornos-del-tobillo-y-del-pie\/","og_locale":"es_ES","og_type":"article","og_title":"Trastornos del tobillo y del pie | Best Hip &amp; Knee Surgeon | NY, USA","og_description":"Las directrices proporcionadas por la Junta de Indemnizaci\u00f3n por Accidentes de Trabajo del Estado de Nueva York est\u00e1n dise\u00f1adas para ayudar a los m\u00e9dicos,","og_url":"https:\/\/www.newyorkhipknee.com\/es\/indemnizacion-por-accidente-laboral\/directrices-de-tratamiento-medico-mtg\/tobillo-y-pie\/trastornos-del-tobillo-y-del-pie\/","og_site_name":"Best Hip &amp; Knee Surgeon | NY, USA","article_modified_time":"2024-01-01T14:25:03+00:00","twitter_card":"summary_large_image","twitter_misc":{"Tiempo de lectura":"7 minutos"},"schema":{"@context":"https:\/\/schema.org","@graph":[{"@type":["WebPage","MedicalWebPage"],"@id":"https:\/\/www.newyorkhipknee.com\/es\/indemnizacion-por-accidente-laboral\/directrices-de-tratamiento-medico-mtg\/tobillo-y-pie\/trastornos-del-tobillo-y-del-pie\/","url":"https:\/\/www.newyorkhipknee.com\/es\/indemnizacion-por-accidente-laboral\/directrices-de-tratamiento-medico-mtg\/tobillo-y-pie\/trastornos-del-tobillo-y-del-pie\/","name":"Trastornos del tobillo y del pie | Best Hip &amp; Knee Surgeon | NY, USA","isPartOf":{"@id":"https:\/\/www.newyorkhipknee.com\/es\/#website"},"datePublished":"2023-12-14T21:15:26+00:00","dateModified":"2024-01-01T14:25:03+00:00","description":"Las directrices proporcionadas por la Junta de Indemnizaci\u00f3n por Accidentes de Trabajo del Estado de Nueva York est\u00e1n dise\u00f1adas para ayudar a los m\u00e9dicos,","breadcrumb":{"@id":"https:\/\/www.newyorkhipknee.com\/es\/indemnizacion-por-accidente-laboral\/directrices-de-tratamiento-medico-mtg\/tobillo-y-pie\/trastornos-del-tobillo-y-del-pie\/#breadcrumb"},"inLanguage":"es","potentialAction":[{"@type":"ReadAction","target":["https:\/\/www.newyorkhipknee.com\/es\/indemnizacion-por-accidente-laboral\/directrices-de-tratamiento-medico-mtg\/tobillo-y-pie\/trastornos-del-tobillo-y-del-pie\/"]}]},{"@type":"BreadcrumbList","@id":"https:\/\/www.newyorkhipknee.com\/es\/indemnizacion-por-accidente-laboral\/directrices-de-tratamiento-medico-mtg\/tobillo-y-pie\/trastornos-del-tobillo-y-del-pie\/#breadcrumb","itemListElement":[{"@type":"ListItem","position":1,"name":"Home","item":"https:\/\/www.newyorkhipknee.com\/es\/"},{"@type":"ListItem","position":2,"name":"Indemnizaci\u00f3n por accidente laboral","item":"https:\/\/www.newyorkhipknee.com\/es\/indemnizacion-por-accidente-laboral\/"},{"@type":"ListItem","position":3,"name":"Directrices de tratamiento m\u00e9dico (MTG)","item":"https:\/\/www.newyorkhipknee.com\/es\/indemnizacion-por-accidente-laboral\/directrices-de-tratamiento-medico-mtg\/"},{"@type":"ListItem","position":4,"name":"Tobillo y pie","item":"https:\/\/www.newyorkhipknee.com\/es\/indemnizacion-por-accidente-laboral\/directrices-de-tratamiento-medico-mtg\/tobillo-y-pie\/"},{"@type":"ListItem","position":5,"name":"Trastornos del tobillo y del pie"}]},{"@type":"WebSite","@id":"https:\/\/www.newyorkhipknee.com\/es\/#website","url":"https:\/\/www.newyorkhipknee.com\/es\/","name":"Best Hip & Knee Surgeon | NY, USA","description":"","potentialAction":[{"@type":"SearchAction","target":{"@type":"EntryPoint","urlTemplate":"https:\/\/www.newyorkhipknee.com\/es\/?s={search_term_string}"},"query-input":{"@type":"PropertyValueSpecification","valueRequired":true,"valueName":"search_term_string"}}],"inLanguage":"es"}]}},"_links":{"self":[{"href":"https:\/\/www.newyorkhipknee.com\/es\/wp-json\/wp\/v2\/pages\/21070","targetHints":{"allow":["GET"]}}],"collection":[{"href":"https:\/\/www.newyorkhipknee.com\/es\/wp-json\/wp\/v2\/pages"}],"about":[{"href":"https:\/\/www.newyorkhipknee.com\/es\/wp-json\/wp\/v2\/types\/page"}],"author":[{"embeddable":true,"href":"https:\/\/www.newyorkhipknee.com\/es\/wp-json\/wp\/v2\/users\/33"}],"replies":[{"embeddable":true,"href":"https:\/\/www.newyorkhipknee.com\/es\/wp-json\/wp\/v2\/comments?post=21070"}],"version-history":[{"count":0,"href":"https:\/\/www.newyorkhipknee.com\/es\/wp-json\/wp\/v2\/pages\/21070\/revisions"}],"up":[{"embeddable":true,"href":"https:\/\/www.newyorkhipknee.com\/es\/wp-json\/wp\/v2\/pages\/21155"}],"wp:attachment":[{"href":"https:\/\/www.newyorkhipknee.com\/es\/wp-json\/wp\/v2\/media?parent=21070"}],"curies":[{"name":"wp","href":"https:\/\/api.w.org\/{rel}","templated":true}]}}