{"id":21075,"date":"2023-12-15T16:39:25","date_gmt":"2023-12-15T21:39:25","guid":{"rendered":"https:\/\/newyorkhipknee.com\/tendinopatias-del-tobillo\/"},"modified":"2023-12-15T16:39:25","modified_gmt":"2023-12-15T21:39:25","slug":"tendinopatias-del-tobillo","status":"publish","type":"page","link":"https:\/\/www.newyorkhipknee.com\/es\/indemnizacion-por-accidente-laboral\/directrices-de-tratamiento-medico-mtg\/tobillo-y-pie\/tendinopatias-del-tobillo\/","title":{"rendered":"Tendinopat\u00edas del tobillo"},"content":{"rendered":"<p>Las directrices para las tendinopat\u00edas de tobillo han sido formuladas por la Junta de Indemnizaci\u00f3n por Accidentes de Trabajo del Estado de Nueva York para ayudar a los m\u00e9dicos, pod\u00f3logos y otros profesionales sanitarios a administrar un tratamiento adecuado.<\/p>\n<p>Estas directrices de la Junta de Indemnizaci\u00f3n por Accidentes de Trabajo est\u00e1n dise\u00f1adas para ser un recurso valioso para los profesionales sanitarios, ayud\u00e1ndoles a tomar decisiones informadas sobre el nivel adecuado de atenci\u00f3n a los pacientes con trastornos de tobillo y pie.<\/p>\n<p>Es importante subrayar que estas directrices no sustituyen al juicio cl\u00ednico ni a la experiencia profesional. La decisi\u00f3n final sobre la atenci\u00f3n sanitaria debe ser fruto de la colaboraci\u00f3n entre el paciente y su profesional sanitario.<\/p>\n<p>&nbsp;<\/p>\n<h2>Tendinopat\u00edas de tobillo (distintas de la tendinopat\u00eda de Aquiles)<\/h2>\n<p>Al igual que en la mu\u00f1eca, los compartimentos tendinosos del tobillo pueden desarrollar tenosinovitis estenosante. Estos compartimentos pueden sufrir cambios degenerativos relacionados con la edad y verse influidos por diversas enfermedades, como trastornos reum\u00e1ticos, diabetes mellitus e infecciones. Los problemas relacionados con los tendones del tobillo pueden ser desgarros, luxaciones y subluxaciones.<\/p>\n<p>Sin embargo, a diferencia de la tendinopat\u00eda del tend\u00f3n de Aquiles, faltan ensayos de alta calidad que aborden espec\u00edficamente las tendinopat\u00edas del tobillo. La gesti\u00f3n y el tratamiento de estas afecciones tendinosas del tobillo y el pie suelen basarse en comparaciones con otras tendinopat\u00edas, en particular las que afectan a la mu\u00f1eca.<\/p>\n<p>&nbsp;<\/p>\n<h2>Lo que nuestra oficina puede hacer si tiene tendinopat\u00edas de tobillo<\/h2>\n<p>Aportamos nuestra experiencia para ayudarle con sus lesiones de compensaci\u00f3n de trabajadores. Comprendemos los retos a los que se enfrenta y nos comprometemos a atender sus necesidades m\u00e9dicas respetando las directrices establecidas por la Junta de Indemnizaci\u00f3n por Accidentes de Trabajo del Estado de Nueva York.<\/p>\n<p>Reconociendo la importancia de sus casos de compensaci\u00f3n de trabajadores, estamos aqu\u00ed para guiarle a trav\u00e9s de las complejidades de tratar con la compa\u00f1\u00eda de seguros y su empleador.<\/p>\n<p>Entendemos que este es un momento estresante para usted y su familia. Si desea concertar una cita, p\u00f3ngase en contacto con nosotros. Nos esforzamos por facilitarle al m\u00e1ximo el proceso y haremos todo lo que est\u00e9 en nuestra mano para ayudarle.<\/p>\n","protected":false},"excerpt":{"rendered":"<p>Las directrices para las tendinopat\u00edas de tobillo han sido formuladas por la Junta de Indemnizaci\u00f3n por Accidentes de Trabajo del Estado de Nueva York para ayudar a los m\u00e9dicos, pod\u00f3logos y otros profesionales sanitarios a administrar un tratamiento adecuado. Estas directrices de la Junta de Indemnizaci\u00f3n por Accidentes de Trabajo est\u00e1n dise\u00f1adas para ser un [&hellip;]<\/p>\n","protected":false},"author":33,"featured_media":0,"parent":21155,"menu_order":0,"comment_status":"closed","ping_status":"closed","template":"","meta":{"_et_pb_use_builder":"","_et_pb_old_content":"","_et_gb_content_width":"","footnotes":""},"class_list":["post-21075","page","type-page","status-publish","hentry"],"yoast_head":"<!-- This site is optimized with the Yoast SEO plugin v27.2 - https:\/\/yoast.com\/product\/yoast-seo-wordpress\/ -->\n<title>Tendinopat\u00edas del tobillo | Best Hip &amp; Knee Surgeon | NY, USA<\/title>\n<meta name=\"description\" content=\"Las directrices para las tendinopat\u00edas de tobillo han sido formuladas por la Junta de Indemnizaci\u00f3n por Accidentes de Trabajo del Estado de Nueva York\" \/>\n<meta name=\"robots\" content=\"index, follow, max-snippet:-1, max-image-preview:large, max-video-preview:-1\" \/>\n<link rel=\"canonical\" href=\"https:\/\/www.newyorkhipknee.com\/es\/indemnizacion-por-accidente-laboral\/directrices-de-tratamiento-medico-mtg\/tobillo-y-pie\/tendinopatias-del-tobillo\/\" \/>\n<meta property=\"og:locale\" content=\"es_ES\" \/>\n<meta property=\"og:type\" content=\"article\" \/>\n<meta property=\"og:title\" content=\"Tendinopat\u00edas del tobillo | Best Hip &amp; Knee Surgeon | NY, USA\" \/>\n<meta property=\"og:description\" content=\"Las directrices para las tendinopat\u00edas de tobillo han sido formuladas por la Junta de Indemnizaci\u00f3n por Accidentes de Trabajo del Estado de Nueva York\" \/>\n<meta property=\"og:url\" content=\"https:\/\/www.newyorkhipknee.com\/es\/indemnizacion-por-accidente-laboral\/directrices-de-tratamiento-medico-mtg\/tobillo-y-pie\/tendinopatias-del-tobillo\/\" \/>\n<meta property=\"og:site_name\" content=\"Best Hip &amp; Knee Surgeon | NY, USA\" \/>\n<meta name=\"twitter:card\" content=\"summary_large_image\" \/>\n<meta name=\"twitter:label1\" content=\"Tiempo de lectura\" \/>\n\t<meta name=\"twitter:data1\" content=\"2 minutos\" \/>\n<script type=\"application\/ld+json\" class=\"yoast-schema-graph\">{\"@context\":\"https:\/\/schema.org\",\"@graph\":[{\"@type\":[\"WebPage\",\"MedicalWebPage\"],\"@id\":\"https:\/\/www.newyorkhipknee.com\/es\/indemnizacion-por-accidente-laboral\/directrices-de-tratamiento-medico-mtg\/tobillo-y-pie\/tendinopatias-del-tobillo\/\",\"url\":\"https:\/\/www.newyorkhipknee.com\/es\/indemnizacion-por-accidente-laboral\/directrices-de-tratamiento-medico-mtg\/tobillo-y-pie\/tendinopatias-del-tobillo\/\",\"name\":\"Tendinopat\u00edas del tobillo | Best Hip &amp; Knee Surgeon | NY, USA\",\"isPartOf\":{\"@id\":\"https:\/\/www.newyorkhipknee.com\/es\/#website\"},\"datePublished\":\"2023-12-15T21:39:25+00:00\",\"description\":\"Las directrices para las tendinopat\u00edas de tobillo han sido formuladas por la Junta de Indemnizaci\u00f3n por Accidentes de Trabajo del Estado de Nueva York\",\"breadcrumb\":{\"@id\":\"https:\/\/www.newyorkhipknee.com\/es\/indemnizacion-por-accidente-laboral\/directrices-de-tratamiento-medico-mtg\/tobillo-y-pie\/tendinopatias-del-tobillo\/#breadcrumb\"},\"inLanguage\":\"es\",\"potentialAction\":[{\"@type\":\"ReadAction\",\"target\":[\"https:\/\/www.newyorkhipknee.com\/es\/indemnizacion-por-accidente-laboral\/directrices-de-tratamiento-medico-mtg\/tobillo-y-pie\/tendinopatias-del-tobillo\/\"]}]},{\"@type\":\"BreadcrumbList\",\"@id\":\"https:\/\/www.newyorkhipknee.com\/es\/indemnizacion-por-accidente-laboral\/directrices-de-tratamiento-medico-mtg\/tobillo-y-pie\/tendinopatias-del-tobillo\/#breadcrumb\",\"itemListElement\":[{\"@type\":\"ListItem\",\"position\":1,\"name\":\"Home\",\"item\":\"https:\/\/www.newyorkhipknee.com\/es\/\"},{\"@type\":\"ListItem\",\"position\":2,\"name\":\"Indemnizaci\u00f3n por accidente laboral\",\"item\":\"https:\/\/www.newyorkhipknee.com\/es\/indemnizacion-por-accidente-laboral\/\"},{\"@type\":\"ListItem\",\"position\":3,\"name\":\"Directrices de tratamiento m\u00e9dico (MTG)\",\"item\":\"https:\/\/www.newyorkhipknee.com\/es\/indemnizacion-por-accidente-laboral\/directrices-de-tratamiento-medico-mtg\/\"},{\"@type\":\"ListItem\",\"position\":4,\"name\":\"Tobillo y pie\",\"item\":\"https:\/\/www.newyorkhipknee.com\/es\/indemnizacion-por-accidente-laboral\/directrices-de-tratamiento-medico-mtg\/tobillo-y-pie\/\"},{\"@type\":\"ListItem\",\"position\":5,\"name\":\"Tendinopat\u00edas del tobillo\"}]},{\"@type\":\"WebSite\",\"@id\":\"https:\/\/www.newyorkhipknee.com\/es\/#website\",\"url\":\"https:\/\/www.newyorkhipknee.com\/es\/\",\"name\":\"Best Hip & Knee Surgeon | NY, USA\",\"description\":\"\",\"potentialAction\":[{\"@type\":\"SearchAction\",\"target\":{\"@type\":\"EntryPoint\",\"urlTemplate\":\"https:\/\/www.newyorkhipknee.com\/es\/?s={search_term_string}\"},\"query-input\":{\"@type\":\"PropertyValueSpecification\",\"valueRequired\":true,\"valueName\":\"search_term_string\"}}],\"inLanguage\":\"es\"}]}<\/script>\n<!-- \/ Yoast SEO plugin. -->","yoast_head_json":{"title":"Tendinopat\u00edas del tobillo | Best Hip &amp; Knee Surgeon | NY, USA","description":"Las directrices para las tendinopat\u00edas de tobillo han sido formuladas por la Junta de Indemnizaci\u00f3n por Accidentes de Trabajo del Estado de Nueva York","robots":{"index":"index","follow":"follow","max-snippet":"max-snippet:-1","max-image-preview":"max-image-preview:large","max-video-preview":"max-video-preview:-1"},"canonical":"https:\/\/www.newyorkhipknee.com\/es\/indemnizacion-por-accidente-laboral\/directrices-de-tratamiento-medico-mtg\/tobillo-y-pie\/tendinopatias-del-tobillo\/","og_locale":"es_ES","og_type":"article","og_title":"Tendinopat\u00edas del tobillo | Best Hip &amp; Knee Surgeon | NY, USA","og_description":"Las directrices para las tendinopat\u00edas de tobillo han sido formuladas por la Junta de Indemnizaci\u00f3n por Accidentes de Trabajo del Estado de Nueva York","og_url":"https:\/\/www.newyorkhipknee.com\/es\/indemnizacion-por-accidente-laboral\/directrices-de-tratamiento-medico-mtg\/tobillo-y-pie\/tendinopatias-del-tobillo\/","og_site_name":"Best Hip &amp; Knee Surgeon | NY, USA","twitter_card":"summary_large_image","twitter_misc":{"Tiempo de lectura":"2 minutos"},"schema":{"@context":"https:\/\/schema.org","@graph":[{"@type":["WebPage","MedicalWebPage"],"@id":"https:\/\/www.newyorkhipknee.com\/es\/indemnizacion-por-accidente-laboral\/directrices-de-tratamiento-medico-mtg\/tobillo-y-pie\/tendinopatias-del-tobillo\/","url":"https:\/\/www.newyorkhipknee.com\/es\/indemnizacion-por-accidente-laboral\/directrices-de-tratamiento-medico-mtg\/tobillo-y-pie\/tendinopatias-del-tobillo\/","name":"Tendinopat\u00edas del tobillo | Best Hip &amp; Knee Surgeon | NY, USA","isPartOf":{"@id":"https:\/\/www.newyorkhipknee.com\/es\/#website"},"datePublished":"2023-12-15T21:39:25+00:00","description":"Las directrices para las tendinopat\u00edas de tobillo han sido formuladas por la Junta de Indemnizaci\u00f3n por Accidentes de Trabajo del Estado de Nueva York","breadcrumb":{"@id":"https:\/\/www.newyorkhipknee.com\/es\/indemnizacion-por-accidente-laboral\/directrices-de-tratamiento-medico-mtg\/tobillo-y-pie\/tendinopatias-del-tobillo\/#breadcrumb"},"inLanguage":"es","potentialAction":[{"@type":"ReadAction","target":["https:\/\/www.newyorkhipknee.com\/es\/indemnizacion-por-accidente-laboral\/directrices-de-tratamiento-medico-mtg\/tobillo-y-pie\/tendinopatias-del-tobillo\/"]}]},{"@type":"BreadcrumbList","@id":"https:\/\/www.newyorkhipknee.com\/es\/indemnizacion-por-accidente-laboral\/directrices-de-tratamiento-medico-mtg\/tobillo-y-pie\/tendinopatias-del-tobillo\/#breadcrumb","itemListElement":[{"@type":"ListItem","position":1,"name":"Home","item":"https:\/\/www.newyorkhipknee.com\/es\/"},{"@type":"ListItem","position":2,"name":"Indemnizaci\u00f3n por accidente laboral","item":"https:\/\/www.newyorkhipknee.com\/es\/indemnizacion-por-accidente-laboral\/"},{"@type":"ListItem","position":3,"name":"Directrices de tratamiento m\u00e9dico (MTG)","item":"https:\/\/www.newyorkhipknee.com\/es\/indemnizacion-por-accidente-laboral\/directrices-de-tratamiento-medico-mtg\/"},{"@type":"ListItem","position":4,"name":"Tobillo y pie","item":"https:\/\/www.newyorkhipknee.com\/es\/indemnizacion-por-accidente-laboral\/directrices-de-tratamiento-medico-mtg\/tobillo-y-pie\/"},{"@type":"ListItem","position":5,"name":"Tendinopat\u00edas del tobillo"}]},{"@type":"WebSite","@id":"https:\/\/www.newyorkhipknee.com\/es\/#website","url":"https:\/\/www.newyorkhipknee.com\/es\/","name":"Best Hip & Knee Surgeon | NY, USA","description":"","potentialAction":[{"@type":"SearchAction","target":{"@type":"EntryPoint","urlTemplate":"https:\/\/www.newyorkhipknee.com\/es\/?s={search_term_string}"},"query-input":{"@type":"PropertyValueSpecification","valueRequired":true,"valueName":"search_term_string"}}],"inLanguage":"es"}]}},"_links":{"self":[{"href":"https:\/\/www.newyorkhipknee.com\/es\/wp-json\/wp\/v2\/pages\/21075","targetHints":{"allow":["GET"]}}],"collection":[{"href":"https:\/\/www.newyorkhipknee.com\/es\/wp-json\/wp\/v2\/pages"}],"about":[{"href":"https:\/\/www.newyorkhipknee.com\/es\/wp-json\/wp\/v2\/types\/page"}],"author":[{"embeddable":true,"href":"https:\/\/www.newyorkhipknee.com\/es\/wp-json\/wp\/v2\/users\/33"}],"replies":[{"embeddable":true,"href":"https:\/\/www.newyorkhipknee.com\/es\/wp-json\/wp\/v2\/comments?post=21075"}],"version-history":[{"count":0,"href":"https:\/\/www.newyorkhipknee.com\/es\/wp-json\/wp\/v2\/pages\/21075\/revisions"}],"up":[{"embeddable":true,"href":"https:\/\/www.newyorkhipknee.com\/es\/wp-json\/wp\/v2\/pages\/21155"}],"wp:attachment":[{"href":"https:\/\/www.newyorkhipknee.com\/es\/wp-json\/wp\/v2\/media?parent=21075"}],"curies":[{"name":"wp","href":"https:\/\/api.w.org\/{rel}","templated":true}]}}