{"id":21090,"date":"2023-12-14T16:50:36","date_gmt":"2023-12-14T21:50:36","guid":{"rendered":"https:\/\/newyorkhipknee.com\/dedo-en-martillo\/"},"modified":"2023-12-14T16:50:36","modified_gmt":"2023-12-14T21:50:36","slug":"dedo-en-martillo","status":"publish","type":"page","link":"https:\/\/www.newyorkhipknee.com\/es\/indemnizacion-por-accidente-laboral\/directrices-de-tratamiento-medico-mtg\/tobillo-y-pie\/dedo-en-martillo\/","title":{"rendered":"Dedo en martillo"},"content":{"rendered":"<h1>Pautas de tratamiento m\u00e9dico del estado de Nueva York para el dedo en martillo en pacientes de compensaci\u00f3n laboral<\/h1>\n<p>La Junta de Indemnizaci\u00f3n por Accidentes de Trabajo del Estado de Nueva York ha establecido directrices para ayudar a los m\u00e9dicos, pod\u00f3logos y profesionales sanitarios a administrar el tratamiento adecuado para el dedo en martillo. Estas directrices est\u00e1n dise\u00f1adas para ayudar a los profesionales sanitarios a determinar el nivel de atenci\u00f3n adecuado para los pacientes con trastornos del tobillo y el pie.<\/p>\n<p>Es importante se\u00f1alar que estas directrices no deben sustituir al juicio cl\u00ednico ni a la experiencia profesional. La decisi\u00f3n final sobre la atenci\u00f3n sanitaria debe ser una decisi\u00f3n de colaboraci\u00f3n, tomada por el paciente en consulta con su profesional sanitario.<\/p>\n<p>&nbsp;<\/p>\n<h2>Dedo en martillo<\/h2>\n<p>Los s\u00edndromes del dedo en martillo suelen manifestarse en el plano sagital, con una articulaci\u00f3n metatarsofal\u00e1ngica dorsiflexionada y una articulaci\u00f3n interfal\u00e1ngica proximal plantarflexionada. La afecci\u00f3n se observa con mayor frecuencia en el segundo dedo del pie.<\/p>\n<p>&nbsp;<\/p>\n<h3>Tratamiento para el dedo en martillo<\/h3>\n<p>Los tratamientos no quir\u00fargicos para el dedo en martillo incluyen:<\/p>\n<ol>\n<li><strong>Modificaciones del calzado:<\/strong> Ajustar el calzado para mejorar la puntera o el espacio puede aliviar la presi\u00f3n sobre los dedos afectados.<\/li>\n<li><strong>Acolchado:<\/strong> El uso de acolchado puede ayudar a reducir la fricci\u00f3n y la presi\u00f3n en los dedos de los pies.<\/li>\n<li><strong>Inyecciones de corticosteroides:<\/strong> Las inyecciones de corticosteroides pueden utilizarse para controlar la inflamaci\u00f3n y aliviar el dolor.<\/li>\n<li><strong>Plantillas ortop\u00e9dicas:<\/strong> Las plantillas (\u00f3rtesis) hechas a medida o de venta libre pueden proporcionar apoyo y ayudar a abordar los problemas biomec\u00e1nicos que contribuyen al dedo en martillo.<\/li>\n<\/ol>\n<p>Los tratamientos quir\u00fargicos para los casos con resultados insuficientes de las medidas no quir\u00fargicas incluyen diversos procedimientos como:<\/p>\n<ol>\n<li><strong>Artroplastia:<\/strong> Reconstrucci\u00f3n o sustituci\u00f3n quir\u00fargica de una articulaci\u00f3n.<\/li>\n<li><strong>Transferencia del tend\u00f3n flexor:<\/strong> Transferencia de un tend\u00f3n a un lugar diferente para mejorar la alineaci\u00f3n de los dedos.<\/li>\n<li><strong>Tenotom\u00eda flexora:<\/strong> Corte del tend\u00f3n flexor para liberar la tensi\u00f3n.<\/li>\n<li><strong>Alargamiento del tend\u00f3n extensor y capsulotom\u00eda de la articulaci\u00f3n metatarsofal\u00e1ngica:<\/strong> Alargamiento del tend\u00f3n extensor y liberaci\u00f3n de la c\u00e1psula articular.<\/li>\n<li><strong>Fusi\u00f3n:<\/strong> Fusi\u00f3n quir\u00fargica de la articulaci\u00f3n afectada para corregir la deformidad.<\/li>\n<li><strong>Diafisectom\u00eda:<\/strong> Extirpaci\u00f3n de una porci\u00f3n del hueso del dedo del pie para solucionar una deformidad.<\/li>\n<\/ol>\n<p>La elecci\u00f3n entre tratamientos no quir\u00fargicos y quir\u00fargicos depende de la gravedad de la afecci\u00f3n y de la respuesta a las intervenciones iniciales. Un profesional sanitario evaluar\u00e1 el caso individual y recomendar\u00e1 la actuaci\u00f3n m\u00e1s adecuada.<\/p>\n<p>&nbsp;<\/p>\n<h2>Lo que nuestra oficina puede hacer si tiene Hammer Toe debido a una lesi\u00f3n de compensaci\u00f3n laboral<\/h2>\n<p>Tenemos la experiencia para ayudarle con sus lesiones de compensaci\u00f3n de trabajadores. Comprendemos realmente los retos a los que se enfrenta y nos comprometemos a abordar sus necesidades m\u00e9dicas respetando las directrices establecidas por la Junta de Compensaci\u00f3n de los Trabajadores del Estado de Nueva York.<\/p>\n<p>Reconociendo la importancia de sus casos de compensaci\u00f3n de trabajadores, estamos aqu\u00ed para guiarlo a trav\u00e9s de las complejidades de tratar tanto con la compa\u00f1\u00eda de seguros de compensaci\u00f3n de trabajadores como con su empleador.<\/p>\n<p>Comprendemos el estr\u00e9s al que usted y su familia est\u00e1n sometidos en estos momentos. Si est\u00e1 pensando en concertar una cita, p\u00f3ngase en contacto con nosotros. Nos esforzamos por que el proceso sea lo m\u00e1s f\u00e1cil y sencillo posible.<\/p>\n","protected":false},"excerpt":{"rendered":"<p>Pautas de tratamiento m\u00e9dico del estado de Nueva York para el dedo en martillo en pacientes de compensaci\u00f3n laboral La Junta de Indemnizaci\u00f3n por Accidentes de Trabajo del Estado de Nueva York ha establecido directrices para ayudar a los m\u00e9dicos, pod\u00f3logos y profesionales sanitarios a administrar el tratamiento adecuado para el dedo en martillo. Estas [&hellip;]<\/p>\n","protected":false},"author":33,"featured_media":0,"parent":21155,"menu_order":0,"comment_status":"closed","ping_status":"closed","template":"","meta":{"_et_pb_use_builder":"","_et_pb_old_content":"","_et_gb_content_width":"","footnotes":""},"class_list":["post-21090","page","type-page","status-publish","hentry"],"yoast_head":"<!-- This site is optimized with the Yoast SEO plugin v27.2 - https:\/\/yoast.com\/product\/yoast-seo-wordpress\/ -->\n<title>Dedo en martillo | Best Hip &amp; Knee Surgeon | NY, USA<\/title>\n<meta name=\"description\" content=\"Pautas de tratamiento m\u00e9dico del estado de Nueva York para el dedo en martillo en pacientes de compensaci\u00f3n laboral La Junta de Indemnizaci\u00f3n por\" \/>\n<meta name=\"robots\" content=\"index, follow, max-snippet:-1, max-image-preview:large, max-video-preview:-1\" \/>\n<link rel=\"canonical\" href=\"https:\/\/www.newyorkhipknee.com\/es\/indemnizacion-por-accidente-laboral\/directrices-de-tratamiento-medico-mtg\/tobillo-y-pie\/dedo-en-martillo\/\" \/>\n<meta property=\"og:locale\" content=\"es_ES\" \/>\n<meta property=\"og:type\" content=\"article\" \/>\n<meta property=\"og:title\" content=\"Dedo en martillo | Best Hip &amp; Knee Surgeon | NY, USA\" \/>\n<meta property=\"og:description\" content=\"Pautas de tratamiento m\u00e9dico del estado de Nueva York para el dedo en martillo en pacientes de compensaci\u00f3n laboral La Junta de Indemnizaci\u00f3n por\" \/>\n<meta property=\"og:url\" content=\"https:\/\/www.newyorkhipknee.com\/es\/indemnizacion-por-accidente-laboral\/directrices-de-tratamiento-medico-mtg\/tobillo-y-pie\/dedo-en-martillo\/\" \/>\n<meta property=\"og:site_name\" content=\"Best Hip &amp; Knee Surgeon | NY, USA\" \/>\n<meta name=\"twitter:card\" content=\"summary_large_image\" \/>\n<meta name=\"twitter:label1\" content=\"Tiempo de lectura\" \/>\n\t<meta name=\"twitter:data1\" content=\"3 minutos\" \/>\n<script type=\"application\/ld+json\" class=\"yoast-schema-graph\">{\"@context\":\"https:\/\/schema.org\",\"@graph\":[{\"@type\":[\"WebPage\",\"MedicalWebPage\"],\"@id\":\"https:\/\/www.newyorkhipknee.com\/es\/indemnizacion-por-accidente-laboral\/directrices-de-tratamiento-medico-mtg\/tobillo-y-pie\/dedo-en-martillo\/\",\"url\":\"https:\/\/www.newyorkhipknee.com\/es\/indemnizacion-por-accidente-laboral\/directrices-de-tratamiento-medico-mtg\/tobillo-y-pie\/dedo-en-martillo\/\",\"name\":\"Dedo en martillo | Best Hip &amp; Knee Surgeon | NY, USA\",\"isPartOf\":{\"@id\":\"https:\/\/www.newyorkhipknee.com\/es\/#website\"},\"datePublished\":\"2023-12-14T21:50:36+00:00\",\"description\":\"Pautas de tratamiento m\u00e9dico del estado de Nueva York para el dedo en martillo en pacientes de compensaci\u00f3n laboral La Junta de Indemnizaci\u00f3n por\",\"breadcrumb\":{\"@id\":\"https:\/\/www.newyorkhipknee.com\/es\/indemnizacion-por-accidente-laboral\/directrices-de-tratamiento-medico-mtg\/tobillo-y-pie\/dedo-en-martillo\/#breadcrumb\"},\"inLanguage\":\"es\",\"potentialAction\":[{\"@type\":\"ReadAction\",\"target\":[\"https:\/\/www.newyorkhipknee.com\/es\/indemnizacion-por-accidente-laboral\/directrices-de-tratamiento-medico-mtg\/tobillo-y-pie\/dedo-en-martillo\/\"]}]},{\"@type\":\"BreadcrumbList\",\"@id\":\"https:\/\/www.newyorkhipknee.com\/es\/indemnizacion-por-accidente-laboral\/directrices-de-tratamiento-medico-mtg\/tobillo-y-pie\/dedo-en-martillo\/#breadcrumb\",\"itemListElement\":[{\"@type\":\"ListItem\",\"position\":1,\"name\":\"Home\",\"item\":\"https:\/\/www.newyorkhipknee.com\/es\/\"},{\"@type\":\"ListItem\",\"position\":2,\"name\":\"Indemnizaci\u00f3n por accidente laboral\",\"item\":\"https:\/\/www.newyorkhipknee.com\/es\/indemnizacion-por-accidente-laboral\/\"},{\"@type\":\"ListItem\",\"position\":3,\"name\":\"Directrices de tratamiento m\u00e9dico (MTG)\",\"item\":\"https:\/\/www.newyorkhipknee.com\/es\/indemnizacion-por-accidente-laboral\/directrices-de-tratamiento-medico-mtg\/\"},{\"@type\":\"ListItem\",\"position\":4,\"name\":\"Tobillo y pie\",\"item\":\"https:\/\/www.newyorkhipknee.com\/es\/indemnizacion-por-accidente-laboral\/directrices-de-tratamiento-medico-mtg\/tobillo-y-pie\/\"},{\"@type\":\"ListItem\",\"position\":5,\"name\":\"Dedo en martillo\"}]},{\"@type\":\"WebSite\",\"@id\":\"https:\/\/www.newyorkhipknee.com\/es\/#website\",\"url\":\"https:\/\/www.newyorkhipknee.com\/es\/\",\"name\":\"Best Hip & Knee Surgeon | NY, USA\",\"description\":\"\",\"potentialAction\":[{\"@type\":\"SearchAction\",\"target\":{\"@type\":\"EntryPoint\",\"urlTemplate\":\"https:\/\/www.newyorkhipknee.com\/es\/?s={search_term_string}\"},\"query-input\":{\"@type\":\"PropertyValueSpecification\",\"valueRequired\":true,\"valueName\":\"search_term_string\"}}],\"inLanguage\":\"es\"}]}<\/script>\n<!-- \/ Yoast SEO plugin. -->","yoast_head_json":{"title":"Dedo en martillo | Best Hip &amp; Knee Surgeon | NY, USA","description":"Pautas de tratamiento m\u00e9dico del estado de Nueva York para el dedo en martillo en pacientes de compensaci\u00f3n laboral La Junta de Indemnizaci\u00f3n por","robots":{"index":"index","follow":"follow","max-snippet":"max-snippet:-1","max-image-preview":"max-image-preview:large","max-video-preview":"max-video-preview:-1"},"canonical":"https:\/\/www.newyorkhipknee.com\/es\/indemnizacion-por-accidente-laboral\/directrices-de-tratamiento-medico-mtg\/tobillo-y-pie\/dedo-en-martillo\/","og_locale":"es_ES","og_type":"article","og_title":"Dedo en martillo | Best Hip &amp; Knee Surgeon | NY, USA","og_description":"Pautas de tratamiento m\u00e9dico del estado de Nueva York para el dedo en martillo en pacientes de compensaci\u00f3n laboral La Junta de Indemnizaci\u00f3n por","og_url":"https:\/\/www.newyorkhipknee.com\/es\/indemnizacion-por-accidente-laboral\/directrices-de-tratamiento-medico-mtg\/tobillo-y-pie\/dedo-en-martillo\/","og_site_name":"Best Hip &amp; Knee Surgeon | NY, USA","twitter_card":"summary_large_image","twitter_misc":{"Tiempo de lectura":"3 minutos"},"schema":{"@context":"https:\/\/schema.org","@graph":[{"@type":["WebPage","MedicalWebPage"],"@id":"https:\/\/www.newyorkhipknee.com\/es\/indemnizacion-por-accidente-laboral\/directrices-de-tratamiento-medico-mtg\/tobillo-y-pie\/dedo-en-martillo\/","url":"https:\/\/www.newyorkhipknee.com\/es\/indemnizacion-por-accidente-laboral\/directrices-de-tratamiento-medico-mtg\/tobillo-y-pie\/dedo-en-martillo\/","name":"Dedo en martillo | Best Hip &amp; Knee Surgeon | NY, USA","isPartOf":{"@id":"https:\/\/www.newyorkhipknee.com\/es\/#website"},"datePublished":"2023-12-14T21:50:36+00:00","description":"Pautas de tratamiento m\u00e9dico del estado de Nueva York para el dedo en martillo en pacientes de compensaci\u00f3n laboral La Junta de Indemnizaci\u00f3n por","breadcrumb":{"@id":"https:\/\/www.newyorkhipknee.com\/es\/indemnizacion-por-accidente-laboral\/directrices-de-tratamiento-medico-mtg\/tobillo-y-pie\/dedo-en-martillo\/#breadcrumb"},"inLanguage":"es","potentialAction":[{"@type":"ReadAction","target":["https:\/\/www.newyorkhipknee.com\/es\/indemnizacion-por-accidente-laboral\/directrices-de-tratamiento-medico-mtg\/tobillo-y-pie\/dedo-en-martillo\/"]}]},{"@type":"BreadcrumbList","@id":"https:\/\/www.newyorkhipknee.com\/es\/indemnizacion-por-accidente-laboral\/directrices-de-tratamiento-medico-mtg\/tobillo-y-pie\/dedo-en-martillo\/#breadcrumb","itemListElement":[{"@type":"ListItem","position":1,"name":"Home","item":"https:\/\/www.newyorkhipknee.com\/es\/"},{"@type":"ListItem","position":2,"name":"Indemnizaci\u00f3n por accidente laboral","item":"https:\/\/www.newyorkhipknee.com\/es\/indemnizacion-por-accidente-laboral\/"},{"@type":"ListItem","position":3,"name":"Directrices de tratamiento m\u00e9dico (MTG)","item":"https:\/\/www.newyorkhipknee.com\/es\/indemnizacion-por-accidente-laboral\/directrices-de-tratamiento-medico-mtg\/"},{"@type":"ListItem","position":4,"name":"Tobillo y pie","item":"https:\/\/www.newyorkhipknee.com\/es\/indemnizacion-por-accidente-laboral\/directrices-de-tratamiento-medico-mtg\/tobillo-y-pie\/"},{"@type":"ListItem","position":5,"name":"Dedo en martillo"}]},{"@type":"WebSite","@id":"https:\/\/www.newyorkhipknee.com\/es\/#website","url":"https:\/\/www.newyorkhipknee.com\/es\/","name":"Best Hip & Knee Surgeon | NY, USA","description":"","potentialAction":[{"@type":"SearchAction","target":{"@type":"EntryPoint","urlTemplate":"https:\/\/www.newyorkhipknee.com\/es\/?s={search_term_string}"},"query-input":{"@type":"PropertyValueSpecification","valueRequired":true,"valueName":"search_term_string"}}],"inLanguage":"es"}]}},"_links":{"self":[{"href":"https:\/\/www.newyorkhipknee.com\/es\/wp-json\/wp\/v2\/pages\/21090","targetHints":{"allow":["GET"]}}],"collection":[{"href":"https:\/\/www.newyorkhipknee.com\/es\/wp-json\/wp\/v2\/pages"}],"about":[{"href":"https:\/\/www.newyorkhipknee.com\/es\/wp-json\/wp\/v2\/types\/page"}],"author":[{"embeddable":true,"href":"https:\/\/www.newyorkhipknee.com\/es\/wp-json\/wp\/v2\/users\/33"}],"replies":[{"embeddable":true,"href":"https:\/\/www.newyorkhipknee.com\/es\/wp-json\/wp\/v2\/comments?post=21090"}],"version-history":[{"count":0,"href":"https:\/\/www.newyorkhipknee.com\/es\/wp-json\/wp\/v2\/pages\/21090\/revisions"}],"up":[{"embeddable":true,"href":"https:\/\/www.newyorkhipknee.com\/es\/wp-json\/wp\/v2\/pages\/21155"}],"wp:attachment":[{"href":"https:\/\/www.newyorkhipknee.com\/es\/wp-json\/wp\/v2\/media?parent=21090"}],"curies":[{"name":"wp","href":"https:\/\/api.w.org\/{rel}","templated":true}]}}