{"id":21094,"date":"2023-12-14T16:07:08","date_gmt":"2023-12-14T21:07:08","guid":{"rendered":"https:\/\/newyorkhipknee.com\/dolor-y-esguinces-del-tarso-medio\/"},"modified":"2023-12-14T16:07:08","modified_gmt":"2023-12-14T21:07:08","slug":"dolor-y-esguinces-del-tarso-medio","status":"publish","type":"page","link":"https:\/\/www.newyorkhipknee.com\/es\/indemnizacion-por-accidente-laboral\/directrices-de-tratamiento-medico-mtg\/tobillo-y-pie\/dolor-y-esguinces-del-tarso-medio\/","title":{"rendered":"Dolor y esguinces del Tarso Medio"},"content":{"rendered":"<h1>Pautas de tratamiento m\u00e9dico del estado de Nueva York para<br \/>\nDolor y esguinces del tarso medio en pacientes de compensaci\u00f3n laboral<\/h1>\n<div class=\"flex-1 overflow-hidden\">\n<div class=\"react-scroll-to-bottom--css-xinks-79elbk h-full\">\n<div class=\"react-scroll-to-bottom--css-xinks-1n7m0yu\">\n<div class=\"flex flex-col pb-9 text-sm\">\n<div class=\"w-full text-token-text-primary\" data-testid=\"conversation-turn-51\">\n<div class=\"px-4 py-2 justify-center text-base md:gap-6 m-auto\">\n<div class=\"flex flex-1 text-base mx-auto gap-3 md:px-5 lg:px-1 xl:px-5 md:max-w-3xl lg:max-w-[40rem] xl:max-w-[48rem] group final-completion\">\n<div class=\"relative flex w-full flex-col lg:w-[calc(100%-115px)] agent-turn\">\n<div class=\"flex-col gap-1 md:gap-3\">\n<div class=\"flex flex-grow flex-col max-w-full\">\n<div class=\"min-h-[20px] text-message flex flex-col items-start gap-3 whitespace-pre-wrap break-words [.text-message+&amp;]:mt-5 overflow-x-auto\" data-message-author-role=\"assistant\" data-message-id=\"a544498c-16d6-4ff5-b0ad-69ae1a7b9757\">\n<div class=\"markdown prose w-full break-words dark:prose-invert dark\">\n<p>Las directrices para el dolor y los esguinces del tarso medio han sido establecidas por la Junta de Indemnizaci\u00f3n por Accidentes de Trabajo del Estado de Nueva York para ayudar a los m\u00e9dicos, pod\u00f3logos y otros profesionales sanitarios a administrar un tratamiento adecuado.<\/p>\n<p>Estas directrices de la Junta de Indemnizaci\u00f3n por Accidentes de Trabajo est\u00e1n dise\u00f1adas para ayudar a los profesionales sanitarios a determinar el nivel adecuado de atenci\u00f3n a los pacientes con trastornos de tobillo y pie.<\/p>\n<p>Es fundamental se\u00f1alar que estas directrices no sustituyen al juicio cl\u00ednico ni a la experiencia profesional. La decisi\u00f3n final sobre la atenci\u00f3n sanitaria debe ser una colaboraci\u00f3n entre el paciente y el profesional sanitario.<\/p>\n<\/div>\n<\/div>\n<\/div>\n<div class=\"mt-1 flex justify-start gap-3 empty:hidden\">\n<div class=\"text-gray-400 flex self-end lg:self-center justify-center lg:justify-start mt-0 gap-1 visible\"><button class=\"flex items-center gap-1.5 rounded-md p-1 pl-0 text-xs hover:text-gray-950 dark:text-gray-400 dark:hover:text-gray-200 disabled:dark:hover:text-gray-400 md:invisible md:group-hover:visible md:group-[.final-completion]:visible\"><\/button><\/p>\n<div class=\"flex gap-1\"><\/div>\n<div class=\"flex items-center gap-1.5 text-xs\"><\/div>\n<\/div>\n<\/div>\n<\/div>\n<\/div>\n<\/div>\n<\/div>\n<\/div>\n<\/div>\n<\/div>\n<\/div>\n<\/div>\n<div class=\"w-full pt-2 md:pt-0 dark:border-white\/20 md:border-transparent md:dark:border-transparent md:w-[calc(100%-.5rem)]\">\n<form class=\"stretch mx-2 flex flex-row gap-3 last:mb-2 md:mx-4 md:last:mb-6 lg:mx-auto lg:max-w-2xl xl:max-w-3xl\">\n<div class=\"relative flex h-full flex-1 items-stretch md:flex-col\">\n<div class=\"flex w-full items-center\">\n<h2>Dolor y esguinces del Tarso Medio<\/h2>\n<p>Los dolores y esguinces del medio tarso o medio pie suelen afectar a los ligamentos de la regi\u00f3n media del pie. El objetivo principal del diagn\u00f3stico es descartar la posibilidad de una fractura del mediopi\u00e9. Esta categor\u00eda engloba los esguinces de la articulaci\u00f3n metatarsofal\u00e1ngica y afecciones como la metatarsalgia. Es importante se\u00f1alar que \u00abmetatarsalgia\u00bb es un t\u00e9rmino amplio que engloba diversos problemas de dolor en el pie, incluidas afecciones como el neuroma de Morton.<\/p>\n<p>&nbsp;<\/p>\n<\/div>\n<h3>Estudios diagn\u00f3sticos para el dolor y los esguinces del Tarso Medio<\/h3>\n<p>En los casos de dolor y esguince en la parte media del tarso, se recomienda realizar estudios diagn\u00f3sticos, como radiograf\u00edas con carga. Estas radiograf\u00edas deben consistir en vistas laterales y AP sin oblicuos, a menudo realizadas bilateralmente para su comparaci\u00f3n:<\/p>\n<ul>\n<li>Con frecuencia es t\u00edpico en lesiones menores (esguinces de grado 1).<\/li>\n<li>Generalmente inusual en esguinces leves (grado 2).<\/li>\n<li>Siempre inusual con heridas graves (esguinces de grado 3).<\/li>\n<\/ul>\n<p>La TC para el dolor y los esguinces del tarso medio se recomienda en situaciones dudosas y en algunos casos preoperatorios.<\/p>\n<\/div>\n<p>&nbsp;<\/p>\n<h3>Movilizaci\u00f3n \/ Inmovilizaci\u00f3n para el dolor y los esguinces del Tarso Medio<\/h3>\n<p>En los casos leves a moderados sin di\u00e1stasis, se recomienda inmovilizar el pie con una bota de andar corto o una escayola.<\/p>\n<p>En situaciones graves, casos de inestabilidad y diastasis considerables (&gt;2mm), se recomienda la cirug\u00eda para el dolor y los esguinces del tarso medio.<\/p>\n<p>&nbsp;<\/p>\n<h2>Lo que nuestra oficina puede hacer si tiene dolor y esguinces en el Tarso Medio<\/h2>\n<p>Estamos aqu\u00ed para ayudarle con sus lesiones de compensaci\u00f3n de trabajadores, aprovechando nuestra experiencia para hacer frente a sus necesidades m\u00e9dicas y se adhieren a las directrices establecidas por la Junta de Compensaci\u00f3n de Trabajadores del Estado de Nueva York.<\/p>\n<p>Reconociendo la importancia de sus casos de compensaci\u00f3n de trabajadores, estamos comprometidos a guiarle a trav\u00e9s de las complejidades de las interacciones con la compa\u00f1\u00eda de seguros de compensaci\u00f3n de trabajadores y su empleador.<\/p>\n<p>Entendemos el estr\u00e9s que usted y su familia pueden estar experimentando durante este dif\u00edcil momento. Si desea concertar una cita, p\u00f3ngase en contacto con nosotros y haremos todo lo posible para que el proceso le resulte lo m\u00e1s sencillo posible.<\/p>\n<\/form>\n<\/div>\n","protected":false},"excerpt":{"rendered":"<p>Pautas de tratamiento m\u00e9dico del estado de Nueva York para Dolor y esguinces del tarso medio en pacientes de compensaci\u00f3n laboral Las directrices para el dolor y los esguinces del tarso medio han sido establecidas por la Junta de Indemnizaci\u00f3n por Accidentes de Trabajo del Estado de Nueva York para ayudar a los m\u00e9dicos, pod\u00f3logos [&hellip;]<\/p>\n","protected":false},"author":33,"featured_media":0,"parent":21155,"menu_order":0,"comment_status":"closed","ping_status":"closed","template":"","meta":{"_et_pb_use_builder":"","_et_pb_old_content":"","_et_gb_content_width":"","footnotes":""},"class_list":["post-21094","page","type-page","status-publish","hentry"],"yoast_head":"<!-- This site is optimized with the Yoast SEO plugin v27.2 - https:\/\/yoast.com\/product\/yoast-seo-wordpress\/ -->\n<title>Dolor y esguinces del Tarso Medio | Best Hip &amp; Knee Surgeon | NY, USA<\/title>\n<meta name=\"description\" content=\"Pautas de tratamiento m\u00e9dico del estado de Nueva York para Dolor y esguinces del tarso medio en pacientes de compensaci\u00f3n laboral Las directrices para el\" \/>\n<meta name=\"robots\" content=\"index, follow, max-snippet:-1, max-image-preview:large, max-video-preview:-1\" \/>\n<link rel=\"canonical\" href=\"https:\/\/www.newyorkhipknee.com\/es\/indemnizacion-por-accidente-laboral\/directrices-de-tratamiento-medico-mtg\/tobillo-y-pie\/dolor-y-esguinces-del-tarso-medio\/\" \/>\n<meta property=\"og:locale\" content=\"es_ES\" \/>\n<meta property=\"og:type\" content=\"article\" \/>\n<meta property=\"og:title\" content=\"Dolor y esguinces del Tarso Medio | Best Hip &amp; Knee Surgeon | NY, USA\" \/>\n<meta property=\"og:description\" content=\"Pautas de tratamiento m\u00e9dico del estado de Nueva York para Dolor y esguinces del tarso medio en pacientes de compensaci\u00f3n laboral Las directrices para el\" \/>\n<meta property=\"og:url\" content=\"https:\/\/www.newyorkhipknee.com\/es\/indemnizacion-por-accidente-laboral\/directrices-de-tratamiento-medico-mtg\/tobillo-y-pie\/dolor-y-esguinces-del-tarso-medio\/\" \/>\n<meta property=\"og:site_name\" content=\"Best Hip &amp; Knee Surgeon | NY, USA\" \/>\n<meta name=\"twitter:card\" content=\"summary_large_image\" \/>\n<meta name=\"twitter:label1\" content=\"Tiempo de lectura\" \/>\n\t<meta name=\"twitter:data1\" content=\"3 minutos\" \/>\n<script type=\"application\/ld+json\" class=\"yoast-schema-graph\">{\"@context\":\"https:\/\/schema.org\",\"@graph\":[{\"@type\":[\"WebPage\",\"MedicalWebPage\"],\"@id\":\"https:\/\/www.newyorkhipknee.com\/es\/indemnizacion-por-accidente-laboral\/directrices-de-tratamiento-medico-mtg\/tobillo-y-pie\/dolor-y-esguinces-del-tarso-medio\/\",\"url\":\"https:\/\/www.newyorkhipknee.com\/es\/indemnizacion-por-accidente-laboral\/directrices-de-tratamiento-medico-mtg\/tobillo-y-pie\/dolor-y-esguinces-del-tarso-medio\/\",\"name\":\"Dolor y esguinces del Tarso Medio | Best Hip &amp; Knee Surgeon | NY, USA\",\"isPartOf\":{\"@id\":\"https:\/\/www.newyorkhipknee.com\/es\/#website\"},\"datePublished\":\"2023-12-14T21:07:08+00:00\",\"description\":\"Pautas de tratamiento m\u00e9dico del estado de Nueva York para Dolor y esguinces del tarso medio en pacientes de compensaci\u00f3n laboral Las directrices para el\",\"breadcrumb\":{\"@id\":\"https:\/\/www.newyorkhipknee.com\/es\/indemnizacion-por-accidente-laboral\/directrices-de-tratamiento-medico-mtg\/tobillo-y-pie\/dolor-y-esguinces-del-tarso-medio\/#breadcrumb\"},\"inLanguage\":\"es\",\"potentialAction\":[{\"@type\":\"ReadAction\",\"target\":[\"https:\/\/www.newyorkhipknee.com\/es\/indemnizacion-por-accidente-laboral\/directrices-de-tratamiento-medico-mtg\/tobillo-y-pie\/dolor-y-esguinces-del-tarso-medio\/\"]}]},{\"@type\":\"BreadcrumbList\",\"@id\":\"https:\/\/www.newyorkhipknee.com\/es\/indemnizacion-por-accidente-laboral\/directrices-de-tratamiento-medico-mtg\/tobillo-y-pie\/dolor-y-esguinces-del-tarso-medio\/#breadcrumb\",\"itemListElement\":[{\"@type\":\"ListItem\",\"position\":1,\"name\":\"Home\",\"item\":\"https:\/\/www.newyorkhipknee.com\/es\/\"},{\"@type\":\"ListItem\",\"position\":2,\"name\":\"Indemnizaci\u00f3n por accidente laboral\",\"item\":\"https:\/\/www.newyorkhipknee.com\/es\/indemnizacion-por-accidente-laboral\/\"},{\"@type\":\"ListItem\",\"position\":3,\"name\":\"Directrices de tratamiento m\u00e9dico (MTG)\",\"item\":\"https:\/\/www.newyorkhipknee.com\/es\/indemnizacion-por-accidente-laboral\/directrices-de-tratamiento-medico-mtg\/\"},{\"@type\":\"ListItem\",\"position\":4,\"name\":\"Tobillo y pie\",\"item\":\"https:\/\/www.newyorkhipknee.com\/es\/indemnizacion-por-accidente-laboral\/directrices-de-tratamiento-medico-mtg\/tobillo-y-pie\/\"},{\"@type\":\"ListItem\",\"position\":5,\"name\":\"Dolor y esguinces del Tarso Medio\"}]},{\"@type\":\"WebSite\",\"@id\":\"https:\/\/www.newyorkhipknee.com\/es\/#website\",\"url\":\"https:\/\/www.newyorkhipknee.com\/es\/\",\"name\":\"Best Hip & Knee Surgeon | NY, USA\",\"description\":\"\",\"potentialAction\":[{\"@type\":\"SearchAction\",\"target\":{\"@type\":\"EntryPoint\",\"urlTemplate\":\"https:\/\/www.newyorkhipknee.com\/es\/?s={search_term_string}\"},\"query-input\":{\"@type\":\"PropertyValueSpecification\",\"valueRequired\":true,\"valueName\":\"search_term_string\"}}],\"inLanguage\":\"es\"}]}<\/script>\n<!-- \/ Yoast SEO plugin. -->","yoast_head_json":{"title":"Dolor y esguinces del Tarso Medio | Best Hip &amp; Knee Surgeon | NY, USA","description":"Pautas de tratamiento m\u00e9dico del estado de Nueva York para Dolor y esguinces del tarso medio en pacientes de compensaci\u00f3n laboral Las directrices para el","robots":{"index":"index","follow":"follow","max-snippet":"max-snippet:-1","max-image-preview":"max-image-preview:large","max-video-preview":"max-video-preview:-1"},"canonical":"https:\/\/www.newyorkhipknee.com\/es\/indemnizacion-por-accidente-laboral\/directrices-de-tratamiento-medico-mtg\/tobillo-y-pie\/dolor-y-esguinces-del-tarso-medio\/","og_locale":"es_ES","og_type":"article","og_title":"Dolor y esguinces del Tarso Medio | Best Hip &amp; Knee Surgeon | NY, USA","og_description":"Pautas de tratamiento m\u00e9dico del estado de Nueva York para Dolor y esguinces del tarso medio en pacientes de compensaci\u00f3n laboral Las directrices para el","og_url":"https:\/\/www.newyorkhipknee.com\/es\/indemnizacion-por-accidente-laboral\/directrices-de-tratamiento-medico-mtg\/tobillo-y-pie\/dolor-y-esguinces-del-tarso-medio\/","og_site_name":"Best Hip &amp; Knee Surgeon | NY, USA","twitter_card":"summary_large_image","twitter_misc":{"Tiempo de lectura":"3 minutos"},"schema":{"@context":"https:\/\/schema.org","@graph":[{"@type":["WebPage","MedicalWebPage"],"@id":"https:\/\/www.newyorkhipknee.com\/es\/indemnizacion-por-accidente-laboral\/directrices-de-tratamiento-medico-mtg\/tobillo-y-pie\/dolor-y-esguinces-del-tarso-medio\/","url":"https:\/\/www.newyorkhipknee.com\/es\/indemnizacion-por-accidente-laboral\/directrices-de-tratamiento-medico-mtg\/tobillo-y-pie\/dolor-y-esguinces-del-tarso-medio\/","name":"Dolor y esguinces del Tarso Medio | Best Hip &amp; Knee Surgeon | NY, USA","isPartOf":{"@id":"https:\/\/www.newyorkhipknee.com\/es\/#website"},"datePublished":"2023-12-14T21:07:08+00:00","description":"Pautas de tratamiento m\u00e9dico del estado de Nueva York para Dolor y esguinces del tarso medio en pacientes de compensaci\u00f3n laboral Las directrices para el","breadcrumb":{"@id":"https:\/\/www.newyorkhipknee.com\/es\/indemnizacion-por-accidente-laboral\/directrices-de-tratamiento-medico-mtg\/tobillo-y-pie\/dolor-y-esguinces-del-tarso-medio\/#breadcrumb"},"inLanguage":"es","potentialAction":[{"@type":"ReadAction","target":["https:\/\/www.newyorkhipknee.com\/es\/indemnizacion-por-accidente-laboral\/directrices-de-tratamiento-medico-mtg\/tobillo-y-pie\/dolor-y-esguinces-del-tarso-medio\/"]}]},{"@type":"BreadcrumbList","@id":"https:\/\/www.newyorkhipknee.com\/es\/indemnizacion-por-accidente-laboral\/directrices-de-tratamiento-medico-mtg\/tobillo-y-pie\/dolor-y-esguinces-del-tarso-medio\/#breadcrumb","itemListElement":[{"@type":"ListItem","position":1,"name":"Home","item":"https:\/\/www.newyorkhipknee.com\/es\/"},{"@type":"ListItem","position":2,"name":"Indemnizaci\u00f3n por accidente laboral","item":"https:\/\/www.newyorkhipknee.com\/es\/indemnizacion-por-accidente-laboral\/"},{"@type":"ListItem","position":3,"name":"Directrices de tratamiento m\u00e9dico (MTG)","item":"https:\/\/www.newyorkhipknee.com\/es\/indemnizacion-por-accidente-laboral\/directrices-de-tratamiento-medico-mtg\/"},{"@type":"ListItem","position":4,"name":"Tobillo y pie","item":"https:\/\/www.newyorkhipknee.com\/es\/indemnizacion-por-accidente-laboral\/directrices-de-tratamiento-medico-mtg\/tobillo-y-pie\/"},{"@type":"ListItem","position":5,"name":"Dolor y esguinces del Tarso Medio"}]},{"@type":"WebSite","@id":"https:\/\/www.newyorkhipknee.com\/es\/#website","url":"https:\/\/www.newyorkhipknee.com\/es\/","name":"Best Hip & Knee Surgeon | NY, USA","description":"","potentialAction":[{"@type":"SearchAction","target":{"@type":"EntryPoint","urlTemplate":"https:\/\/www.newyorkhipknee.com\/es\/?s={search_term_string}"},"query-input":{"@type":"PropertyValueSpecification","valueRequired":true,"valueName":"search_term_string"}}],"inLanguage":"es"}]}},"_links":{"self":[{"href":"https:\/\/www.newyorkhipknee.com\/es\/wp-json\/wp\/v2\/pages\/21094","targetHints":{"allow":["GET"]}}],"collection":[{"href":"https:\/\/www.newyorkhipknee.com\/es\/wp-json\/wp\/v2\/pages"}],"about":[{"href":"https:\/\/www.newyorkhipknee.com\/es\/wp-json\/wp\/v2\/types\/page"}],"author":[{"embeddable":true,"href":"https:\/\/www.newyorkhipknee.com\/es\/wp-json\/wp\/v2\/users\/33"}],"replies":[{"embeddable":true,"href":"https:\/\/www.newyorkhipknee.com\/es\/wp-json\/wp\/v2\/comments?post=21094"}],"version-history":[{"count":0,"href":"https:\/\/www.newyorkhipknee.com\/es\/wp-json\/wp\/v2\/pages\/21094\/revisions"}],"up":[{"embeddable":true,"href":"https:\/\/www.newyorkhipknee.com\/es\/wp-json\/wp\/v2\/pages\/21155"}],"wp:attachment":[{"href":"https:\/\/www.newyorkhipknee.com\/es\/wp-json\/wp\/v2\/media?parent=21094"}],"curies":[{"name":"wp","href":"https:\/\/api.w.org\/{rel}","templated":true}]}}