{"id":21101,"date":"2023-12-14T16:00:44","date_gmt":"2023-12-14T21:00:44","guid":{"rendered":"https:\/\/newyorkhipknee.com\/paroniquia\/"},"modified":"2024-01-01T09:30:24","modified_gmt":"2024-01-01T14:30:24","slug":"paroniquia","status":"publish","type":"page","link":"https:\/\/www.newyorkhipknee.com\/es\/indemnizacion-por-accidente-laboral\/directrices-de-tratamiento-medico-mtg\/tobillo-y-pie\/paroniquia\/","title":{"rendered":"Paroniquia"},"content":{"rendered":"<h1>Pautas de tratamiento m\u00e9dico del estado de Nueva York para la paroniquia en pacientes de compensaci\u00f3n laboral<\/h1>\n<p>&nbsp;<\/p>\n<p>Las directrices presentadas por la Junta de Indemnizaci\u00f3n por Accidentes de Trabajo del Estado de Nueva York tienen por objeto ayudar a los m\u00e9dicos, pod\u00f3logos y otros profesionales sanitarios a administrar un tratamiento adecuado para la paroniquia.<\/p>\n<p>Estas directrices de la Junta de Indemnizaci\u00f3n por Accidentes de Trabajo est\u00e1n dise\u00f1adas para ayudar a los profesionales sanitarios a determinar el nivel \u00f3ptimo de atenci\u00f3n a las personas con trastornos de tobillo y pie.<\/p>\n<p>Es esencial se\u00f1alar que estas directrices no sustituyen al juicio cl\u00ednico ni a la experiencia profesional. La decisi\u00f3n final sobre los cuidados debe ser fruto de la colaboraci\u00f3n entre el paciente y el profesional sanitario.<\/p>\n<p>&nbsp;<\/p>\n<h2>Paroniquia<\/h2>\n<p>La paroniquia es una enfermedad inflamatoria que afecta a los pliegues ungueales. Existen dos categor\u00edas principales: aguda y cr\u00f3nica. La paroniquia aguda suele producirse por una lesi\u00f3n de la cut\u00edcula o de los pliegues ungueales.<\/p>\n<p>&nbsp;<\/p>\n<h3>Medicamentos para la paroniquia<\/h3>\n<p><strong>Tratamiento del dolor en la paroniquia:<\/strong><\/p>\n<p>El ibuprofeno, el naproxeno u otros AINE de generaciones anteriores se recomiendan como tratamientos iniciales para la mayor\u00eda de los pacientes. En los casos en que los AINE no son adecuados, el paracetamol puede ser una alternativa viable, aunque las investigaciones indican que puede ser ligeramente menos eficaz que los AINE.<\/p>\n<p>Existen pruebas que demuestran que los AINE son tan eficaces para reducir el dolor como los opi\u00e1ceos como el tramadol, con menores riesgos asociados.<\/p>\n<p><strong>AINE para el dolor de la paroniquia:<\/strong><\/p>\n<p>Se recomiendan los AINE para aliviar el dolor asociado a la paroniquia.<\/p>\n<p><strong>Indicaciones:<\/strong> Se sugiere el tratamiento con AINE para el dolor de la paroniquia. Se aconseja el uso inicial de medicamentos de venta libre para evaluar su eficacia. Seg\u00fan sea necesario, el uso continuado puede ser apropiado para muchos pacientes.<\/p>\n<p><strong>Indicaciones de interrupci\u00f3n:<\/strong> Los criterios de interrupci\u00f3n incluyen la resoluci\u00f3n de las molestias en el tobillo\/pie, la ineficacia o la aparici\u00f3n de efectos secundarios que requieran la interrupci\u00f3n.<\/p>\n<p><strong>AINE para pacientes de alto riesgo de hemorragia gastrointestinal:<\/strong><\/p>\n<p>Se recomiendan los AINE para pacientes con alto riesgo de hemorragia gastrointestinal, y se aconseja el uso simult\u00e1neo de misoprostol, sucralfato, bloqueantes de los receptores de histamina tipo 2 e inhibidores de la bomba de protones.<\/p>\n<p><strong>Indicaciones:<\/strong> Considerar los f\u00e1rmacos citoprotectores en pacientes con un perfil de factores de riesgo elevado que necesiten AINE, especialmente para tratamientos prolongados. Las personas con antecedentes de hemorragia gastrointestinal, los ancianos, los diab\u00e9ticos y los fumadores est\u00e1n en situaci\u00f3n de riesgo.<\/p>\n<p><strong>Frecuencia\/dosis\/duraci\u00f3n:<\/strong> Utilizar bloqueantes H2, misoprostol, sucralfato e inhibidores de la bomba de protones con orientaci\u00f3n posol\u00f3gica del fabricante. En general, no existen diferencias significativas en la eficacia para prevenir las hemorragias gastrointestinales.<\/p>\n<p><strong>Indicaciones de interrupci\u00f3n:<\/strong> Se recomienda la discontinuaci\u00f3n en caso de intolerancia, aparici\u00f3n de efectos adversos o cuando sea necesario suspender los AINE.<\/p>\n<p><strong>AINE para pacientes con riesgo de efectos adversos cardiovasculares:<\/strong><\/p>\n<p>Se recomiendan las opciones de tratamiento de primera l\u00ednea, como el paracetamol o la aspirina, ya que parecen ser m\u00e1s seguras en cuanto a efectos secundarios cardiovasculares. Los AINE no selectivos se aconsejan en caso necesario, con preferencia a los medicamentos espec\u00edficos de la COX-2.<\/p>\n<p>Los AINE deben utilizarse con precauci\u00f3n en pacientes que toman dosis bajas de aspirina para la prevenci\u00f3n de enfermedades cardiovasculares, a fin de minimizar el riesgo de efectos adversos. Los pacientes con antecedentes de enfermedad cardiovascular o m\u00faltiples factores de riesgo deben discutir los pros y los contras del uso de AINE para aliviar el dolor.<\/p>\n<p><strong>Paracetamol para el dolor de la paroniquia:<\/strong><\/p>\n<p>Se recomienda el paracetamol para tratar el dolor de la paroniquia, especialmente en pacientes con contraindicaciones para los AINE.<\/p>\n<p><strong>Indicaciones:<\/strong> Apropiado para pacientes agudos, subagudos, cr\u00f3nicos y postoperatorios con dolor de pie\/tobillo.<\/p>\n<p><strong>Dosis\/Frecuencia:<\/strong> Siga las recomendaciones del fabricante; puede utilizarse seg\u00fan sea necesario. Se recomienda precauci\u00f3n si se superan los 4 gm\/d\u00eda debido a la evidencia de toxicidad hep\u00e1tica.<\/p>\n<p><strong>Indicaciones de interrupci\u00f3n:<\/strong> Los criterios de interrupci\u00f3n incluyen la resoluci\u00f3n del dolor, los efectos adversos o la intolerancia.<\/p>\n<p><strong>Antibi\u00f3ticos t\u00f3picos para la paroniquia aguda:<\/strong><\/p>\n<p>Se recomiendan antibi\u00f3ticos t\u00f3picos para tratar la paroniquia aguda grave.<\/p>\n<p><strong>Antibi\u00f3ticos sist\u00e9micos para las complicaciones de la paroniquia:<\/strong><\/p>\n<p>Los antibi\u00f3ticos sist\u00e9micos se recomiendan para tratar las complicaciones relacionadas con la paroniquia, como la celulitis o los s\u00edntomas de una infecci\u00f3n sist\u00e9mica.<\/p>\n<p><strong>Antif\u00fangicos t\u00f3picos y sist\u00e9micos para la paroniquia cr\u00f3nica (infecciones f\u00fangicas):<\/strong><\/p>\n<p>Se recomiendan antif\u00fangicos t\u00f3picos y sist\u00e9micos para tratar la paroniquia persistente causada por infecciones f\u00fangicas.<\/p>\n<p><strong>Crema t\u00f3pica de glucocorticosteroides para la paroniquia cr\u00f3nica (no bacteriana\/hongos):<\/strong><\/p>\n<p>La crema t\u00f3pica de glucocorticosteroides se recomienda para el tratamiento de la paroniquia cr\u00f3nica en determinados pacientes no causada por infecciones bacterianas o f\u00fangicas.<\/p>\n<p><strong>Antibi\u00f3ticos t\u00f3picos y sist\u00e9micos para la paroniquia cr\u00f3nica secundaria (infecciones bacterianas):<\/strong><\/p>\n<p>Se recomiendan antibi\u00f3ticos t\u00f3picos y sist\u00e9micos para tratar la paroniquia cr\u00f3nica secundaria causada por infecciones bacterianas.<\/p>\n<p>&nbsp;<\/p>\n<h3>Tratamiento para la paroniquia<\/h3>\n<div class=\"flex-1 overflow-hidden\">\n<div class=\"react-scroll-to-bottom--css-xinks-79elbk h-full\">\n<div class=\"react-scroll-to-bottom--css-xinks-1n7m0yu\">\n<div class=\"flex flex-col pb-9 text-sm\">\n<div class=\"w-full text-token-text-primary\" data-testid=\"conversation-turn-43\">\n<div class=\"px-4 py-2 justify-center text-base md:gap-6 m-auto\">\n<div class=\"flex flex-1 text-base mx-auto gap-3 md:px-5 lg:px-1 xl:px-5 md:max-w-3xl lg:max-w-[40rem] xl:max-w-[48rem] group final-completion\">\n<div class=\"relative flex w-full flex-col lg:w-[calc(100%-115px)] agent-turn\">\n<div class=\"flex-col gap-1 md:gap-3\">\n<div class=\"flex flex-grow flex-col max-w-full\">\n<div class=\"min-h-[20px] text-message flex flex-col items-start gap-3 whitespace-pre-wrap break-words [.text-message+&amp;]:mt-5 overflow-x-auto\" data-message-author-role=\"assistant\" data-message-id=\"d3805e7c-ca92-4ec3-9a08-fbf480c0aa6a\">\n<div class=\"markdown prose w-full break-words dark:prose-invert dark\">\n<p><strong>Compresas calientes para el tratamiento de la paroniquia aguda:<\/strong><\/p>\n<p>Se recomienda el uso de compresas calientes para el tratamiento de la paroniquia aguda grave.<\/p>\n<p><strong>Justificaci\u00f3n:<\/strong> Las compresas calientes pueden ayudar a aliviar los s\u00edntomas y favorecer el drenaje, proporcionando alivio durante la fase aguda de la paroniquia. Este m\u00e9todo sencillo y no invasivo puede ayudar a reducir la inflamaci\u00f3n y las molestias asociadas a la enfermedad.<\/p>\n<\/div>\n<\/div>\n<\/div>\n<div class=\"mt-1 flex justify-start gap-3 empty:hidden\">\n<div class=\"text-gray-400 flex self-end lg:self-center justify-center lg:justify-start mt-0 gap-1 visible\"><button class=\"flex items-center gap-1.5 rounded-md p-1 pl-0 text-xs hover:text-gray-950 dark:text-gray-400 dark:hover:text-gray-200 disabled:dark:hover:text-gray-400 md:invisible md:group-hover:visible md:group-[.final-completion]:visible\"><\/button><\/p>\n<div class=\"flex gap-1\"><\/div>\n<div class=\"flex items-center gap-1.5 text-xs\"><\/div>\n<\/div>\n<\/div>\n<\/div>\n<\/div>\n<\/div>\n<\/div>\n<\/div>\n<\/div>\n<\/div>\n<\/div>\n<\/div>\n<div class=\"w-full pt-2 md:pt-0 dark:border-white\/20 md:border-transparent md:dark:border-transparent md:w-[calc(100%-.5rem)]\">\n<form class=\"stretch mx-2 flex flex-row gap-3 last:mb-2 md:mx-4 md:last:mb-6 lg:mx-auto lg:max-w-2xl xl:max-w-3xl\">\n<div class=\"relative flex h-full flex-1 items-stretch md:flex-col\">\n<div class=\"flex w-full items-center\">\n<h3>Cirug\u00eda para la paroniquia<\/h3>\n<p><strong>Escisi\u00f3n en bloque del pliegue ungueal proximal y marsupializaci\u00f3n eponiquial, con o sin extirpaci\u00f3n de la placa ungueal:<\/strong><\/p>\n<p>Este procedimiento quir\u00fargico se recomienda para la resoluci\u00f3n permanente de las paroniquias recurrentes.<\/p>\n<p><strong>Tratamiento quir\u00fargico de la paroniquia cr\u00f3nica tras fracasos no quir\u00fargicos:<\/strong><\/p>\n<p>En los casos en que las medidas no quir\u00fargicas resultan ineficaces para tratar la paroniquia cr\u00f3nica, se recomienda el tratamiento quir\u00fargico. Esto puede implicar la escisi\u00f3n en bloque del pliegue ungueal proximal y la marsupializaci\u00f3n eponiquial, con o sin la extirpaci\u00f3n de la placa ungueal.<\/p>\n<p><strong>Incisi\u00f3n y drenaje de absceso en respuesta a una paroniquia aguda:<\/strong><\/p>\n<p>En los casos de paroniquia grave que conduce a la formaci\u00f3n de abscesos, se recomienda la incisi\u00f3n y el drenaje para la intervenci\u00f3n terap\u00e9utica.<\/p>\n<h2>Lo que nuestra oficina puede hacer si usted tiene paroniquia<\/h2>\n<div class=\"flex-1 overflow-hidden\">\n<div class=\"react-scroll-to-bottom--css-xinks-79elbk h-full\">\n<div class=\"react-scroll-to-bottom--css-xinks-1n7m0yu\">\n<div class=\"flex flex-col pb-9 text-sm\">\n<div class=\"w-full text-token-text-primary\" data-testid=\"conversation-turn-49\">\n<div class=\"px-4 py-2 justify-center text-base md:gap-6 m-auto\">\n<div class=\"flex flex-1 text-base mx-auto gap-3 md:px-5 lg:px-1 xl:px-5 md:max-w-3xl lg:max-w-[40rem] xl:max-w-[48rem] group final-completion\">\n<div class=\"relative flex w-full flex-col lg:w-[calc(100%-115px)] agent-turn\">\n<div class=\"flex-col gap-1 md:gap-3\">\n<div class=\"flex flex-grow flex-col max-w-full\">\n<div class=\"min-h-[20px] text-message flex flex-col items-start gap-3 whitespace-pre-wrap break-words [.text-message+&amp;]:mt-5 overflow-x-auto\" data-message-author-role=\"assistant\" data-message-id=\"a2f486e8-66f4-47a6-8fa0-c31ddfa47e14\">\n<div class=\"markdown prose w-full break-words dark:prose-invert dark\">\n<p>Tenemos la experiencia para ayudarle con sus lesiones de compensaci\u00f3n de trabajadores. Comprendemos los retos a los que se enfrenta y abordaremos sus requisitos m\u00e9dicos de acuerdo con la normativa establecida por la Junta de Indemnizaci\u00f3n por Accidentes de Trabajo del Estado de Nueva York.<\/p>\n<p>Conscientes de la importancia de sus casos de indemnizaci\u00f3n por accidentes de trabajo, estamos aqu\u00ed para guiarle a trav\u00e9s de las complejidades del enlace con la compa\u00f1\u00eda de seguros de indemnizaci\u00f3n por accidentes de trabajo y con su empleador.<\/p>\n<p>Somos conscientes del estr\u00e9s por el que usted y su familia est\u00e1n pasando en estos momentos. Si desea concertar una cita, p\u00f3ngase en contacto con nosotros y nos esforzaremos por simplificarle el proceso todo lo posible.<\/p>\n<\/div>\n<\/div>\n<\/div>\n<div class=\"mt-1 flex justify-start gap-3 empty:hidden\">\n<div class=\"text-gray-400 flex self-end lg:self-center justify-center lg:justify-start mt-0 gap-1 visible\"><button class=\"flex items-center gap-1.5 rounded-md p-1 pl-0 text-xs hover:text-gray-950 dark:text-gray-400 dark:hover:text-gray-200 disabled:dark:hover:text-gray-400 md:invisible md:group-hover:visible md:group-[.final-completion]:visible\"><\/button><\/p>\n<div class=\"flex gap-1\"><\/div>\n<div class=\"flex items-center gap-1.5 text-xs\"><\/div>\n<\/div>\n<\/div>\n<\/div>\n<\/div>\n<\/div>\n<\/div>\n<\/div>\n<\/div>\n<\/div>\n<\/div>\n<\/div>\n<div class=\"w-full pt-2 md:pt-0 dark:border-white\/20 md:border-transparent md:dark:border-transparent md:w-[calc(100%-.5rem)]\">\n<div class=\"relative flex h-full flex-1 items-stretch md:flex-col\">\n<div class=\"flex w-full items-center\"><\/div>\n<\/div>\n<\/div>\n<\/div>\n<\/div>\n<\/form>\n<\/div>\n","protected":false},"excerpt":{"rendered":"<p>Pautas de tratamiento m\u00e9dico del estado de Nueva York para la paroniquia en pacientes de compensaci\u00f3n laboral &nbsp; Las directrices presentadas por la Junta de Indemnizaci\u00f3n por Accidentes de Trabajo del Estado de Nueva York tienen por objeto ayudar a los m\u00e9dicos, pod\u00f3logos y otros profesionales sanitarios a administrar un tratamiento adecuado para la paroniquia. [&hellip;]<\/p>\n","protected":false},"author":33,"featured_media":0,"parent":21155,"menu_order":0,"comment_status":"closed","ping_status":"closed","template":"","meta":{"_et_pb_use_builder":"","_et_pb_old_content":"","_et_gb_content_width":"","footnotes":""},"class_list":["post-21101","page","type-page","status-publish","hentry"],"yoast_head":"<!-- This site is optimized with the Yoast SEO plugin v27.2 - https:\/\/yoast.com\/product\/yoast-seo-wordpress\/ -->\n<title>Paroniquia | Best Hip &amp; Knee Surgeon | NY, USA<\/title>\n<meta name=\"description\" content=\"Pautas de tratamiento m\u00e9dico del estado de Nueva York para la paroniquia en pacientes de compensaci\u00f3n laboral &nbsp; Las directrices presentadas por la\" \/>\n<meta name=\"robots\" content=\"index, follow, max-snippet:-1, max-image-preview:large, max-video-preview:-1\" \/>\n<link rel=\"canonical\" href=\"https:\/\/www.newyorkhipknee.com\/es\/indemnizacion-por-accidente-laboral\/directrices-de-tratamiento-medico-mtg\/tobillo-y-pie\/paroniquia\/\" \/>\n<meta property=\"og:locale\" content=\"es_ES\" \/>\n<meta property=\"og:type\" content=\"article\" \/>\n<meta property=\"og:title\" content=\"Paroniquia | Best Hip &amp; Knee Surgeon | NY, USA\" \/>\n<meta property=\"og:description\" content=\"Pautas de tratamiento m\u00e9dico del estado de Nueva York para la paroniquia en pacientes de compensaci\u00f3n laboral &nbsp; Las directrices presentadas por la\" \/>\n<meta property=\"og:url\" content=\"https:\/\/www.newyorkhipknee.com\/es\/indemnizacion-por-accidente-laboral\/directrices-de-tratamiento-medico-mtg\/tobillo-y-pie\/paroniquia\/\" \/>\n<meta property=\"og:site_name\" content=\"Best Hip &amp; Knee Surgeon | NY, USA\" \/>\n<meta property=\"article:modified_time\" content=\"2024-01-01T14:30:24+00:00\" \/>\n<meta name=\"twitter:card\" content=\"summary_large_image\" \/>\n<meta name=\"twitter:label1\" content=\"Tiempo de lectura\" \/>\n\t<meta name=\"twitter:data1\" content=\"6 minutos\" \/>\n<script type=\"application\/ld+json\" class=\"yoast-schema-graph\">{\"@context\":\"https:\/\/schema.org\",\"@graph\":[{\"@type\":[\"WebPage\",\"MedicalWebPage\"],\"@id\":\"https:\/\/www.newyorkhipknee.com\/es\/indemnizacion-por-accidente-laboral\/directrices-de-tratamiento-medico-mtg\/tobillo-y-pie\/paroniquia\/\",\"url\":\"https:\/\/www.newyorkhipknee.com\/es\/indemnizacion-por-accidente-laboral\/directrices-de-tratamiento-medico-mtg\/tobillo-y-pie\/paroniquia\/\",\"name\":\"Paroniquia | Best Hip &amp; Knee Surgeon | NY, USA\",\"isPartOf\":{\"@id\":\"https:\/\/www.newyorkhipknee.com\/es\/#website\"},\"datePublished\":\"2023-12-14T21:00:44+00:00\",\"dateModified\":\"2024-01-01T14:30:24+00:00\",\"description\":\"Pautas de tratamiento m\u00e9dico del estado de Nueva York para la paroniquia en pacientes de compensaci\u00f3n laboral &nbsp; Las directrices presentadas por la\",\"breadcrumb\":{\"@id\":\"https:\/\/www.newyorkhipknee.com\/es\/indemnizacion-por-accidente-laboral\/directrices-de-tratamiento-medico-mtg\/tobillo-y-pie\/paroniquia\/#breadcrumb\"},\"inLanguage\":\"es\",\"potentialAction\":[{\"@type\":\"ReadAction\",\"target\":[\"https:\/\/www.newyorkhipknee.com\/es\/indemnizacion-por-accidente-laboral\/directrices-de-tratamiento-medico-mtg\/tobillo-y-pie\/paroniquia\/\"]}]},{\"@type\":\"BreadcrumbList\",\"@id\":\"https:\/\/www.newyorkhipknee.com\/es\/indemnizacion-por-accidente-laboral\/directrices-de-tratamiento-medico-mtg\/tobillo-y-pie\/paroniquia\/#breadcrumb\",\"itemListElement\":[{\"@type\":\"ListItem\",\"position\":1,\"name\":\"Home\",\"item\":\"https:\/\/www.newyorkhipknee.com\/es\/\"},{\"@type\":\"ListItem\",\"position\":2,\"name\":\"Indemnizaci\u00f3n por accidente laboral\",\"item\":\"https:\/\/www.newyorkhipknee.com\/es\/indemnizacion-por-accidente-laboral\/\"},{\"@type\":\"ListItem\",\"position\":3,\"name\":\"Directrices de tratamiento m\u00e9dico (MTG)\",\"item\":\"https:\/\/www.newyorkhipknee.com\/es\/indemnizacion-por-accidente-laboral\/directrices-de-tratamiento-medico-mtg\/\"},{\"@type\":\"ListItem\",\"position\":4,\"name\":\"Tobillo y pie\",\"item\":\"https:\/\/www.newyorkhipknee.com\/es\/indemnizacion-por-accidente-laboral\/directrices-de-tratamiento-medico-mtg\/tobillo-y-pie\/\"},{\"@type\":\"ListItem\",\"position\":5,\"name\":\"Paroniquia\"}]},{\"@type\":\"WebSite\",\"@id\":\"https:\/\/www.newyorkhipknee.com\/es\/#website\",\"url\":\"https:\/\/www.newyorkhipknee.com\/es\/\",\"name\":\"Best Hip & Knee Surgeon | NY, USA\",\"description\":\"\",\"potentialAction\":[{\"@type\":\"SearchAction\",\"target\":{\"@type\":\"EntryPoint\",\"urlTemplate\":\"https:\/\/www.newyorkhipknee.com\/es\/?s={search_term_string}\"},\"query-input\":{\"@type\":\"PropertyValueSpecification\",\"valueRequired\":true,\"valueName\":\"search_term_string\"}}],\"inLanguage\":\"es\"}]}<\/script>\n<!-- \/ Yoast SEO plugin. -->","yoast_head_json":{"title":"Paroniquia | Best Hip &amp; Knee Surgeon | NY, USA","description":"Pautas de tratamiento m\u00e9dico del estado de Nueva York para la paroniquia en pacientes de compensaci\u00f3n laboral &nbsp; Las directrices presentadas por la","robots":{"index":"index","follow":"follow","max-snippet":"max-snippet:-1","max-image-preview":"max-image-preview:large","max-video-preview":"max-video-preview:-1"},"canonical":"https:\/\/www.newyorkhipknee.com\/es\/indemnizacion-por-accidente-laboral\/directrices-de-tratamiento-medico-mtg\/tobillo-y-pie\/paroniquia\/","og_locale":"es_ES","og_type":"article","og_title":"Paroniquia | Best Hip &amp; Knee Surgeon | NY, USA","og_description":"Pautas de tratamiento m\u00e9dico del estado de Nueva York para la paroniquia en pacientes de compensaci\u00f3n laboral &nbsp; Las directrices presentadas por la","og_url":"https:\/\/www.newyorkhipknee.com\/es\/indemnizacion-por-accidente-laboral\/directrices-de-tratamiento-medico-mtg\/tobillo-y-pie\/paroniquia\/","og_site_name":"Best Hip &amp; Knee Surgeon | NY, USA","article_modified_time":"2024-01-01T14:30:24+00:00","twitter_card":"summary_large_image","twitter_misc":{"Tiempo de lectura":"6 minutos"},"schema":{"@context":"https:\/\/schema.org","@graph":[{"@type":["WebPage","MedicalWebPage"],"@id":"https:\/\/www.newyorkhipknee.com\/es\/indemnizacion-por-accidente-laboral\/directrices-de-tratamiento-medico-mtg\/tobillo-y-pie\/paroniquia\/","url":"https:\/\/www.newyorkhipknee.com\/es\/indemnizacion-por-accidente-laboral\/directrices-de-tratamiento-medico-mtg\/tobillo-y-pie\/paroniquia\/","name":"Paroniquia | Best Hip &amp; Knee Surgeon | NY, USA","isPartOf":{"@id":"https:\/\/www.newyorkhipknee.com\/es\/#website"},"datePublished":"2023-12-14T21:00:44+00:00","dateModified":"2024-01-01T14:30:24+00:00","description":"Pautas de tratamiento m\u00e9dico del estado de Nueva York para la paroniquia en pacientes de compensaci\u00f3n laboral &nbsp; Las directrices presentadas por la","breadcrumb":{"@id":"https:\/\/www.newyorkhipknee.com\/es\/indemnizacion-por-accidente-laboral\/directrices-de-tratamiento-medico-mtg\/tobillo-y-pie\/paroniquia\/#breadcrumb"},"inLanguage":"es","potentialAction":[{"@type":"ReadAction","target":["https:\/\/www.newyorkhipknee.com\/es\/indemnizacion-por-accidente-laboral\/directrices-de-tratamiento-medico-mtg\/tobillo-y-pie\/paroniquia\/"]}]},{"@type":"BreadcrumbList","@id":"https:\/\/www.newyorkhipknee.com\/es\/indemnizacion-por-accidente-laboral\/directrices-de-tratamiento-medico-mtg\/tobillo-y-pie\/paroniquia\/#breadcrumb","itemListElement":[{"@type":"ListItem","position":1,"name":"Home","item":"https:\/\/www.newyorkhipknee.com\/es\/"},{"@type":"ListItem","position":2,"name":"Indemnizaci\u00f3n por accidente laboral","item":"https:\/\/www.newyorkhipknee.com\/es\/indemnizacion-por-accidente-laboral\/"},{"@type":"ListItem","position":3,"name":"Directrices de tratamiento m\u00e9dico (MTG)","item":"https:\/\/www.newyorkhipknee.com\/es\/indemnizacion-por-accidente-laboral\/directrices-de-tratamiento-medico-mtg\/"},{"@type":"ListItem","position":4,"name":"Tobillo y pie","item":"https:\/\/www.newyorkhipknee.com\/es\/indemnizacion-por-accidente-laboral\/directrices-de-tratamiento-medico-mtg\/tobillo-y-pie\/"},{"@type":"ListItem","position":5,"name":"Paroniquia"}]},{"@type":"WebSite","@id":"https:\/\/www.newyorkhipknee.com\/es\/#website","url":"https:\/\/www.newyorkhipknee.com\/es\/","name":"Best Hip & Knee Surgeon | NY, USA","description":"","potentialAction":[{"@type":"SearchAction","target":{"@type":"EntryPoint","urlTemplate":"https:\/\/www.newyorkhipknee.com\/es\/?s={search_term_string}"},"query-input":{"@type":"PropertyValueSpecification","valueRequired":true,"valueName":"search_term_string"}}],"inLanguage":"es"}]}},"_links":{"self":[{"href":"https:\/\/www.newyorkhipknee.com\/es\/wp-json\/wp\/v2\/pages\/21101","targetHints":{"allow":["GET"]}}],"collection":[{"href":"https:\/\/www.newyorkhipknee.com\/es\/wp-json\/wp\/v2\/pages"}],"about":[{"href":"https:\/\/www.newyorkhipknee.com\/es\/wp-json\/wp\/v2\/types\/page"}],"author":[{"embeddable":true,"href":"https:\/\/www.newyorkhipknee.com\/es\/wp-json\/wp\/v2\/users\/33"}],"replies":[{"embeddable":true,"href":"https:\/\/www.newyorkhipknee.com\/es\/wp-json\/wp\/v2\/comments?post=21101"}],"version-history":[{"count":0,"href":"https:\/\/www.newyorkhipknee.com\/es\/wp-json\/wp\/v2\/pages\/21101\/revisions"}],"up":[{"embeddable":true,"href":"https:\/\/www.newyorkhipknee.com\/es\/wp-json\/wp\/v2\/pages\/21155"}],"wp:attachment":[{"href":"https:\/\/www.newyorkhipknee.com\/es\/wp-json\/wp\/v2\/media?parent=21101"}],"curies":[{"name":"wp","href":"https:\/\/api.w.org\/{rel}","templated":true}]}}