{"id":21108,"date":"2023-12-26T15:34:58","date_gmt":"2023-12-26T20:34:58","guid":{"rendered":"https:\/\/newyorkhipknee.com\/inhibidores-adrenergicos\/"},"modified":"2023-12-26T15:34:58","modified_gmt":"2023-12-26T20:34:58","slug":"inhibidores-adrenergicos","status":"publish","type":"page","link":"https:\/\/www.newyorkhipknee.com\/es\/indemnizacion-por-accidente-laboral\/directrices-de-tratamiento-medico-mtg\/trastorno-de-estres-postraumatico-y-trastorno-de-estres-agudo\/medicamentos\/inhibidores-adrenergicos\/","title":{"rendered":"Inhibidores adren\u00e9rgicos"},"content":{"rendered":"<h2><strong>Inhibidores adren\u00e9rgicos<\/strong><\/h2>\n<p><strong><\/p>\n<p>El<\/strong> <strong>propranolol<\/strong> no se aconseja para el tratamiento de pacientes con TEPT, y existen pruebas en contra de su uso.<\/p>\n<p><strong>La prazosina<\/strong> no se recomienda para el tratamiento general de los s\u00edntomas globales del TEPT. Sin embargo, se recomienda para pacientes seleccionados con TEPT que experimentan pesadillas prominentes y\/o trastornos del sue\u00f1o. La interrupci\u00f3n debe considerarse si hay una falta de eficacia, efectos adversos, incumplimiento o si la resoluci\u00f3n del TEPT llega a un punto en el que la medicaci\u00f3n ya no es necesaria.<\/p>\n<p><strong>La guanfacina<\/strong> no se recomienda para el tratamiento de pacientes con TEPT, y existen pruebas en contra de su uso.<\/p>\n<p>Del mismo modo, <strong>la clonidina<\/strong> no se recomienda para el tratamiento de pacientes con TEPT.<\/p>\n<p><strong>La doxazosina<\/strong> no se recomienda para el tratamiento de pacientes con TEPT, y existen pruebas en contra de su uso.<\/p>\n","protected":false},"excerpt":{"rendered":"<p>Inhibidores adren\u00e9rgicos El propranolol no se aconseja para el tratamiento de pacientes con TEPT, y existen pruebas en contra de su uso. La prazosina no se recomienda para el tratamiento general de los s\u00edntomas globales del TEPT. Sin embargo, se recomienda para pacientes seleccionados con TEPT que experimentan pesadillas prominentes y\/o trastornos del sue\u00f1o. La [&hellip;]<\/p>\n","protected":false},"author":33,"featured_media":0,"parent":21318,"menu_order":0,"comment_status":"closed","ping_status":"closed","template":"","meta":{"_et_pb_use_builder":"","_et_pb_old_content":"","_et_gb_content_width":"","footnotes":""},"class_list":["post-21108","page","type-page","status-publish","hentry"],"yoast_head":"<!-- This site is optimized with the Yoast SEO plugin v27.2 - https:\/\/yoast.com\/product\/yoast-seo-wordpress\/ -->\n<title>Inhibidores adren\u00e9rgicos | Best Hip &amp; Knee Surgeon | NY, USA<\/title>\n<meta name=\"description\" content=\"Inhibidores adren\u00e9rgicos El propranolol no se aconseja para el tratamiento de pacientes con TEPT, y existen pruebas en contra de su uso. La prazosina no\" \/>\n<meta name=\"robots\" content=\"index, follow, max-snippet:-1, max-image-preview:large, max-video-preview:-1\" \/>\n<link rel=\"canonical\" href=\"https:\/\/www.newyorkhipknee.com\/es\/indemnizacion-por-accidente-laboral\/directrices-de-tratamiento-medico-mtg\/trastorno-de-estres-postraumatico-y-trastorno-de-estres-agudo\/medicamentos\/inhibidores-adrenergicos\/\" \/>\n<meta property=\"og:locale\" content=\"es_ES\" \/>\n<meta property=\"og:type\" content=\"article\" \/>\n<meta property=\"og:title\" content=\"Inhibidores adren\u00e9rgicos | Best Hip &amp; Knee Surgeon | NY, USA\" \/>\n<meta property=\"og:description\" content=\"Inhibidores adren\u00e9rgicos El propranolol no se aconseja para el tratamiento de pacientes con TEPT, y existen pruebas en contra de su uso. La prazosina no\" \/>\n<meta property=\"og:url\" content=\"https:\/\/www.newyorkhipknee.com\/es\/indemnizacion-por-accidente-laboral\/directrices-de-tratamiento-medico-mtg\/trastorno-de-estres-postraumatico-y-trastorno-de-estres-agudo\/medicamentos\/inhibidores-adrenergicos\/\" \/>\n<meta property=\"og:site_name\" content=\"Best Hip &amp; Knee Surgeon | NY, USA\" \/>\n<meta name=\"twitter:card\" content=\"summary_large_image\" \/>\n<meta name=\"twitter:label1\" content=\"Tiempo de lectura\" \/>\n\t<meta name=\"twitter:data1\" content=\"1 minuto\" \/>\n<script type=\"application\/ld+json\" class=\"yoast-schema-graph\">{\"@context\":\"https:\/\/schema.org\",\"@graph\":[{\"@type\":[\"WebPage\",\"MedicalWebPage\"],\"@id\":\"https:\/\/www.newyorkhipknee.com\/es\/indemnizacion-por-accidente-laboral\/directrices-de-tratamiento-medico-mtg\/trastorno-de-estres-postraumatico-y-trastorno-de-estres-agudo\/medicamentos\/inhibidores-adrenergicos\/\",\"url\":\"https:\/\/www.newyorkhipknee.com\/es\/indemnizacion-por-accidente-laboral\/directrices-de-tratamiento-medico-mtg\/trastorno-de-estres-postraumatico-y-trastorno-de-estres-agudo\/medicamentos\/inhibidores-adrenergicos\/\",\"name\":\"Inhibidores adren\u00e9rgicos | Best Hip &amp; Knee Surgeon | NY, USA\",\"isPartOf\":{\"@id\":\"https:\/\/www.newyorkhipknee.com\/es\/#website\"},\"datePublished\":\"2023-12-26T20:34:58+00:00\",\"description\":\"Inhibidores adren\u00e9rgicos El propranolol no se aconseja para el tratamiento de pacientes con TEPT, y existen pruebas en contra de su uso. La prazosina no\",\"breadcrumb\":{\"@id\":\"https:\/\/www.newyorkhipknee.com\/es\/indemnizacion-por-accidente-laboral\/directrices-de-tratamiento-medico-mtg\/trastorno-de-estres-postraumatico-y-trastorno-de-estres-agudo\/medicamentos\/inhibidores-adrenergicos\/#breadcrumb\"},\"inLanguage\":\"es\",\"potentialAction\":[{\"@type\":\"ReadAction\",\"target\":[\"https:\/\/www.newyorkhipknee.com\/es\/indemnizacion-por-accidente-laboral\/directrices-de-tratamiento-medico-mtg\/trastorno-de-estres-postraumatico-y-trastorno-de-estres-agudo\/medicamentos\/inhibidores-adrenergicos\/\"]}]},{\"@type\":\"BreadcrumbList\",\"@id\":\"https:\/\/www.newyorkhipknee.com\/es\/indemnizacion-por-accidente-laboral\/directrices-de-tratamiento-medico-mtg\/trastorno-de-estres-postraumatico-y-trastorno-de-estres-agudo\/medicamentos\/inhibidores-adrenergicos\/#breadcrumb\",\"itemListElement\":[{\"@type\":\"ListItem\",\"position\":1,\"name\":\"Home\",\"item\":\"https:\/\/www.newyorkhipknee.com\/es\/\"},{\"@type\":\"ListItem\",\"position\":2,\"name\":\"Indemnizaci\u00f3n por accidente laboral\",\"item\":\"https:\/\/www.newyorkhipknee.com\/es\/indemnizacion-por-accidente-laboral\/\"},{\"@type\":\"ListItem\",\"position\":3,\"name\":\"Directrices de tratamiento m\u00e9dico (MTG)\",\"item\":\"https:\/\/www.newyorkhipknee.com\/es\/indemnizacion-por-accidente-laboral\/directrices-de-tratamiento-medico-mtg\/\"},{\"@type\":\"ListItem\",\"position\":4,\"name\":\"Trastorno de estr\u00e9s postraum\u00e1tico y trastorno de estr\u00e9s agudo\",\"item\":\"https:\/\/www.newyorkhipknee.com\/es\/indemnizacion-por-accidente-laboral\/directrices-de-tratamiento-medico-mtg\/trastorno-de-estres-postraumatico-y-trastorno-de-estres-agudo\/\"},{\"@type\":\"ListItem\",\"position\":5,\"name\":\"Medicamentos\",\"item\":\"https:\/\/www.newyorkhipknee.com\/es\/indemnizacion-por-accidente-laboral\/directrices-de-tratamiento-medico-mtg\/trastorno-de-estres-postraumatico-y-trastorno-de-estres-agudo\/medicamentos\/\"},{\"@type\":\"ListItem\",\"position\":6,\"name\":\"Inhibidores adren\u00e9rgicos\"}]},{\"@type\":\"WebSite\",\"@id\":\"https:\/\/www.newyorkhipknee.com\/es\/#website\",\"url\":\"https:\/\/www.newyorkhipknee.com\/es\/\",\"name\":\"Best Hip & Knee Surgeon | NY, USA\",\"description\":\"\",\"potentialAction\":[{\"@type\":\"SearchAction\",\"target\":{\"@type\":\"EntryPoint\",\"urlTemplate\":\"https:\/\/www.newyorkhipknee.com\/es\/?s={search_term_string}\"},\"query-input\":{\"@type\":\"PropertyValueSpecification\",\"valueRequired\":true,\"valueName\":\"search_term_string\"}}],\"inLanguage\":\"es\"}]}<\/script>\n<!-- \/ Yoast SEO plugin. -->","yoast_head_json":{"title":"Inhibidores adren\u00e9rgicos | Best Hip &amp; Knee Surgeon | NY, USA","description":"Inhibidores adren\u00e9rgicos El propranolol no se aconseja para el tratamiento de pacientes con TEPT, y existen pruebas en contra de su uso. La prazosina no","robots":{"index":"index","follow":"follow","max-snippet":"max-snippet:-1","max-image-preview":"max-image-preview:large","max-video-preview":"max-video-preview:-1"},"canonical":"https:\/\/www.newyorkhipknee.com\/es\/indemnizacion-por-accidente-laboral\/directrices-de-tratamiento-medico-mtg\/trastorno-de-estres-postraumatico-y-trastorno-de-estres-agudo\/medicamentos\/inhibidores-adrenergicos\/","og_locale":"es_ES","og_type":"article","og_title":"Inhibidores adren\u00e9rgicos | Best Hip &amp; Knee Surgeon | NY, USA","og_description":"Inhibidores adren\u00e9rgicos El propranolol no se aconseja para el tratamiento de pacientes con TEPT, y existen pruebas en contra de su uso. La prazosina no","og_url":"https:\/\/www.newyorkhipknee.com\/es\/indemnizacion-por-accidente-laboral\/directrices-de-tratamiento-medico-mtg\/trastorno-de-estres-postraumatico-y-trastorno-de-estres-agudo\/medicamentos\/inhibidores-adrenergicos\/","og_site_name":"Best Hip &amp; Knee Surgeon | NY, USA","twitter_card":"summary_large_image","twitter_misc":{"Tiempo de lectura":"1 minuto"},"schema":{"@context":"https:\/\/schema.org","@graph":[{"@type":["WebPage","MedicalWebPage"],"@id":"https:\/\/www.newyorkhipknee.com\/es\/indemnizacion-por-accidente-laboral\/directrices-de-tratamiento-medico-mtg\/trastorno-de-estres-postraumatico-y-trastorno-de-estres-agudo\/medicamentos\/inhibidores-adrenergicos\/","url":"https:\/\/www.newyorkhipknee.com\/es\/indemnizacion-por-accidente-laboral\/directrices-de-tratamiento-medico-mtg\/trastorno-de-estres-postraumatico-y-trastorno-de-estres-agudo\/medicamentos\/inhibidores-adrenergicos\/","name":"Inhibidores adren\u00e9rgicos | Best Hip &amp; Knee Surgeon | NY, USA","isPartOf":{"@id":"https:\/\/www.newyorkhipknee.com\/es\/#website"},"datePublished":"2023-12-26T20:34:58+00:00","description":"Inhibidores adren\u00e9rgicos El propranolol no se aconseja para el tratamiento de pacientes con TEPT, y existen pruebas en contra de su uso. La prazosina no","breadcrumb":{"@id":"https:\/\/www.newyorkhipknee.com\/es\/indemnizacion-por-accidente-laboral\/directrices-de-tratamiento-medico-mtg\/trastorno-de-estres-postraumatico-y-trastorno-de-estres-agudo\/medicamentos\/inhibidores-adrenergicos\/#breadcrumb"},"inLanguage":"es","potentialAction":[{"@type":"ReadAction","target":["https:\/\/www.newyorkhipknee.com\/es\/indemnizacion-por-accidente-laboral\/directrices-de-tratamiento-medico-mtg\/trastorno-de-estres-postraumatico-y-trastorno-de-estres-agudo\/medicamentos\/inhibidores-adrenergicos\/"]}]},{"@type":"BreadcrumbList","@id":"https:\/\/www.newyorkhipknee.com\/es\/indemnizacion-por-accidente-laboral\/directrices-de-tratamiento-medico-mtg\/trastorno-de-estres-postraumatico-y-trastorno-de-estres-agudo\/medicamentos\/inhibidores-adrenergicos\/#breadcrumb","itemListElement":[{"@type":"ListItem","position":1,"name":"Home","item":"https:\/\/www.newyorkhipknee.com\/es\/"},{"@type":"ListItem","position":2,"name":"Indemnizaci\u00f3n por accidente laboral","item":"https:\/\/www.newyorkhipknee.com\/es\/indemnizacion-por-accidente-laboral\/"},{"@type":"ListItem","position":3,"name":"Directrices de tratamiento m\u00e9dico (MTG)","item":"https:\/\/www.newyorkhipknee.com\/es\/indemnizacion-por-accidente-laboral\/directrices-de-tratamiento-medico-mtg\/"},{"@type":"ListItem","position":4,"name":"Trastorno de estr\u00e9s postraum\u00e1tico y trastorno de estr\u00e9s agudo","item":"https:\/\/www.newyorkhipknee.com\/es\/indemnizacion-por-accidente-laboral\/directrices-de-tratamiento-medico-mtg\/trastorno-de-estres-postraumatico-y-trastorno-de-estres-agudo\/"},{"@type":"ListItem","position":5,"name":"Medicamentos","item":"https:\/\/www.newyorkhipknee.com\/es\/indemnizacion-por-accidente-laboral\/directrices-de-tratamiento-medico-mtg\/trastorno-de-estres-postraumatico-y-trastorno-de-estres-agudo\/medicamentos\/"},{"@type":"ListItem","position":6,"name":"Inhibidores adren\u00e9rgicos"}]},{"@type":"WebSite","@id":"https:\/\/www.newyorkhipknee.com\/es\/#website","url":"https:\/\/www.newyorkhipknee.com\/es\/","name":"Best Hip & Knee Surgeon | NY, USA","description":"","potentialAction":[{"@type":"SearchAction","target":{"@type":"EntryPoint","urlTemplate":"https:\/\/www.newyorkhipknee.com\/es\/?s={search_term_string}"},"query-input":{"@type":"PropertyValueSpecification","valueRequired":true,"valueName":"search_term_string"}}],"inLanguage":"es"}]}},"_links":{"self":[{"href":"https:\/\/www.newyorkhipknee.com\/es\/wp-json\/wp\/v2\/pages\/21108","targetHints":{"allow":["GET"]}}],"collection":[{"href":"https:\/\/www.newyorkhipknee.com\/es\/wp-json\/wp\/v2\/pages"}],"about":[{"href":"https:\/\/www.newyorkhipknee.com\/es\/wp-json\/wp\/v2\/types\/page"}],"author":[{"embeddable":true,"href":"https:\/\/www.newyorkhipknee.com\/es\/wp-json\/wp\/v2\/users\/33"}],"replies":[{"embeddable":true,"href":"https:\/\/www.newyorkhipknee.com\/es\/wp-json\/wp\/v2\/comments?post=21108"}],"version-history":[{"count":0,"href":"https:\/\/www.newyorkhipknee.com\/es\/wp-json\/wp\/v2\/pages\/21108\/revisions"}],"up":[{"embeddable":true,"href":"https:\/\/www.newyorkhipknee.com\/es\/wp-json\/wp\/v2\/pages\/21318"}],"wp:attachment":[{"href":"https:\/\/www.newyorkhipknee.com\/es\/wp-json\/wp\/v2\/media?parent=21108"}],"curies":[{"name":"wp","href":"https:\/\/api.w.org\/{rel}","templated":true}]}}