{"id":21113,"date":"2023-12-26T13:32:50","date_gmt":"2023-12-26T18:32:50","guid":{"rendered":"https:\/\/newyorkhipknee.com\/antidepresivos-atipicos\/"},"modified":"2023-12-26T13:32:50","modified_gmt":"2023-12-26T18:32:50","slug":"antidepresivos-atipicos","status":"publish","type":"page","link":"https:\/\/www.newyorkhipknee.com\/es\/indemnizacion-por-accidente-laboral\/directrices-de-tratamiento-medico-mtg\/trastorno-de-estres-postraumatico-y-trastorno-de-estres-agudo\/medicamentos\/antidepresivos-atipicos\/","title":{"rendered":"Antidepresivos at\u00edpicos"},"content":{"rendered":"<h2><strong>Antidepresivos at\u00edpicos<\/strong><\/h2>\n<p><strong>La trazodona<\/strong> es una opci\u00f3n recomendada para tratar a pacientes con TEPT, sobre todo cuando se trata de trastornos del sue\u00f1o como el insomnio y las pesadillas. Puede sugerirse tras haber probado psicoterapias de primera l\u00ednea para el TEPT u otras farmacoterapias con mayores pruebas de eficacia, como los ISRS, y haberlas considerado ineficaces o intolerables.<\/p>\n<p>Del mismo modo, <strong>la Nefazodona<\/strong> tambi\u00e9n se recomienda como tratamiento de segunda l\u00ednea para pacientes con TEPT. Puede considerarse despu\u00e9s de intentar psicoterapias de primera l\u00ednea para el TEPT u otras farmacoterapias con m\u00e1s pruebas de eficacia, como los ISRS, y descubrir que son ineficaces o intolerables.<\/p>\n<p>Sin embargo, es esencial ser prudente, ya que la nefazodona conlleva toxicidades potencialmente graves que requieren un tratamiento cuidadoso. Indicaciones de interrupci\u00f3n: Falta de eficacia, efectos adversos, incumplimiento, resoluci\u00f3n del TEPT lo suficiente como para no requerir medicaci\u00f3n \\<\/p>\n<p><strong>El bupropi\u00f3n<\/strong> no est\u00e1 recomendado para el tratamiento de pacientes con TEPT. Existen pruebas en contra del uso de Bupropion en este contexto.<\/p>\n<p>&nbsp;<\/p>\n<h2><strong>Benzodiacepinas<\/strong><\/h2>\n<p>Alprazolam, Clonazepam y Temazepam no se recomiendan para el tratamiento de pacientes con TEPT. Existen pruebas en contra de su uso en este contexto.<\/p>\n<p>&nbsp;<\/p>\n","protected":false},"excerpt":{"rendered":"<p>Antidepresivos at\u00edpicos La trazodona es una opci\u00f3n recomendada para tratar a pacientes con TEPT, sobre todo cuando se trata de trastornos del sue\u00f1o como el insomnio y las pesadillas. Puede sugerirse tras haber probado psicoterapias de primera l\u00ednea para el TEPT u otras farmacoterapias con mayores pruebas de eficacia, como los ISRS, y haberlas considerado [&hellip;]<\/p>\n","protected":false},"author":33,"featured_media":0,"parent":21318,"menu_order":0,"comment_status":"closed","ping_status":"closed","template":"","meta":{"_et_pb_use_builder":"","_et_pb_old_content":"","_et_gb_content_width":"","footnotes":""},"class_list":["post-21113","page","type-page","status-publish","hentry"],"yoast_head":"<!-- This site is optimized with the Yoast SEO plugin v27.2 - https:\/\/yoast.com\/product\/yoast-seo-wordpress\/ -->\n<title>Antidepresivos at\u00edpicos | Best Hip &amp; Knee Surgeon | NY, USA<\/title>\n<meta name=\"description\" content=\"Antidepresivos at\u00edpicos La trazodona es una opci\u00f3n recomendada para tratar a pacientes con TEPT, sobre todo cuando se trata de trastornos del sue\u00f1o como\" \/>\n<meta name=\"robots\" content=\"index, follow, max-snippet:-1, max-image-preview:large, max-video-preview:-1\" \/>\n<link rel=\"canonical\" href=\"https:\/\/www.newyorkhipknee.com\/es\/indemnizacion-por-accidente-laboral\/directrices-de-tratamiento-medico-mtg\/trastorno-de-estres-postraumatico-y-trastorno-de-estres-agudo\/medicamentos\/antidepresivos-atipicos\/\" \/>\n<meta property=\"og:locale\" content=\"es_ES\" \/>\n<meta property=\"og:type\" content=\"article\" \/>\n<meta property=\"og:title\" content=\"Antidepresivos at\u00edpicos | Best Hip &amp; Knee Surgeon | NY, USA\" \/>\n<meta property=\"og:description\" content=\"Antidepresivos at\u00edpicos La trazodona es una opci\u00f3n recomendada para tratar a pacientes con TEPT, sobre todo cuando se trata de trastornos del sue\u00f1o como\" \/>\n<meta property=\"og:url\" content=\"https:\/\/www.newyorkhipknee.com\/es\/indemnizacion-por-accidente-laboral\/directrices-de-tratamiento-medico-mtg\/trastorno-de-estres-postraumatico-y-trastorno-de-estres-agudo\/medicamentos\/antidepresivos-atipicos\/\" \/>\n<meta property=\"og:site_name\" content=\"Best Hip &amp; Knee Surgeon | NY, USA\" \/>\n<meta name=\"twitter:card\" content=\"summary_large_image\" \/>\n<meta name=\"twitter:label1\" content=\"Tiempo de lectura\" \/>\n\t<meta name=\"twitter:data1\" content=\"1 minuto\" \/>\n<script type=\"application\/ld+json\" class=\"yoast-schema-graph\">{\"@context\":\"https:\/\/schema.org\",\"@graph\":[{\"@type\":[\"WebPage\",\"MedicalWebPage\"],\"@id\":\"https:\/\/www.newyorkhipknee.com\/es\/indemnizacion-por-accidente-laboral\/directrices-de-tratamiento-medico-mtg\/trastorno-de-estres-postraumatico-y-trastorno-de-estres-agudo\/medicamentos\/antidepresivos-atipicos\/\",\"url\":\"https:\/\/www.newyorkhipknee.com\/es\/indemnizacion-por-accidente-laboral\/directrices-de-tratamiento-medico-mtg\/trastorno-de-estres-postraumatico-y-trastorno-de-estres-agudo\/medicamentos\/antidepresivos-atipicos\/\",\"name\":\"Antidepresivos at\u00edpicos | Best Hip &amp; Knee Surgeon | NY, USA\",\"isPartOf\":{\"@id\":\"https:\/\/www.newyorkhipknee.com\/es\/#website\"},\"datePublished\":\"2023-12-26T18:32:50+00:00\",\"description\":\"Antidepresivos at\u00edpicos La trazodona es una opci\u00f3n recomendada para tratar a pacientes con TEPT, sobre todo cuando se trata de trastornos del sue\u00f1o como\",\"breadcrumb\":{\"@id\":\"https:\/\/www.newyorkhipknee.com\/es\/indemnizacion-por-accidente-laboral\/directrices-de-tratamiento-medico-mtg\/trastorno-de-estres-postraumatico-y-trastorno-de-estres-agudo\/medicamentos\/antidepresivos-atipicos\/#breadcrumb\"},\"inLanguage\":\"es\",\"potentialAction\":[{\"@type\":\"ReadAction\",\"target\":[\"https:\/\/www.newyorkhipknee.com\/es\/indemnizacion-por-accidente-laboral\/directrices-de-tratamiento-medico-mtg\/trastorno-de-estres-postraumatico-y-trastorno-de-estres-agudo\/medicamentos\/antidepresivos-atipicos\/\"]}]},{\"@type\":\"BreadcrumbList\",\"@id\":\"https:\/\/www.newyorkhipknee.com\/es\/indemnizacion-por-accidente-laboral\/directrices-de-tratamiento-medico-mtg\/trastorno-de-estres-postraumatico-y-trastorno-de-estres-agudo\/medicamentos\/antidepresivos-atipicos\/#breadcrumb\",\"itemListElement\":[{\"@type\":\"ListItem\",\"position\":1,\"name\":\"Home\",\"item\":\"https:\/\/www.newyorkhipknee.com\/es\/\"},{\"@type\":\"ListItem\",\"position\":2,\"name\":\"Indemnizaci\u00f3n por accidente laboral\",\"item\":\"https:\/\/www.newyorkhipknee.com\/es\/indemnizacion-por-accidente-laboral\/\"},{\"@type\":\"ListItem\",\"position\":3,\"name\":\"Directrices de tratamiento m\u00e9dico (MTG)\",\"item\":\"https:\/\/www.newyorkhipknee.com\/es\/indemnizacion-por-accidente-laboral\/directrices-de-tratamiento-medico-mtg\/\"},{\"@type\":\"ListItem\",\"position\":4,\"name\":\"Trastorno de estr\u00e9s postraum\u00e1tico y trastorno de estr\u00e9s agudo\",\"item\":\"https:\/\/www.newyorkhipknee.com\/es\/indemnizacion-por-accidente-laboral\/directrices-de-tratamiento-medico-mtg\/trastorno-de-estres-postraumatico-y-trastorno-de-estres-agudo\/\"},{\"@type\":\"ListItem\",\"position\":5,\"name\":\"Medicamentos\",\"item\":\"https:\/\/www.newyorkhipknee.com\/es\/indemnizacion-por-accidente-laboral\/directrices-de-tratamiento-medico-mtg\/trastorno-de-estres-postraumatico-y-trastorno-de-estres-agudo\/medicamentos\/\"},{\"@type\":\"ListItem\",\"position\":6,\"name\":\"Antidepresivos at\u00edpicos\"}]},{\"@type\":\"WebSite\",\"@id\":\"https:\/\/www.newyorkhipknee.com\/es\/#website\",\"url\":\"https:\/\/www.newyorkhipknee.com\/es\/\",\"name\":\"Best Hip & Knee Surgeon | NY, USA\",\"description\":\"\",\"potentialAction\":[{\"@type\":\"SearchAction\",\"target\":{\"@type\":\"EntryPoint\",\"urlTemplate\":\"https:\/\/www.newyorkhipknee.com\/es\/?s={search_term_string}\"},\"query-input\":{\"@type\":\"PropertyValueSpecification\",\"valueRequired\":true,\"valueName\":\"search_term_string\"}}],\"inLanguage\":\"es\"}]}<\/script>\n<!-- \/ Yoast SEO plugin. -->","yoast_head_json":{"title":"Antidepresivos at\u00edpicos | Best Hip &amp; Knee Surgeon | NY, USA","description":"Antidepresivos at\u00edpicos La trazodona es una opci\u00f3n recomendada para tratar a pacientes con TEPT, sobre todo cuando se trata de trastornos del sue\u00f1o como","robots":{"index":"index","follow":"follow","max-snippet":"max-snippet:-1","max-image-preview":"max-image-preview:large","max-video-preview":"max-video-preview:-1"},"canonical":"https:\/\/www.newyorkhipknee.com\/es\/indemnizacion-por-accidente-laboral\/directrices-de-tratamiento-medico-mtg\/trastorno-de-estres-postraumatico-y-trastorno-de-estres-agudo\/medicamentos\/antidepresivos-atipicos\/","og_locale":"es_ES","og_type":"article","og_title":"Antidepresivos at\u00edpicos | Best Hip &amp; Knee Surgeon | NY, USA","og_description":"Antidepresivos at\u00edpicos La trazodona es una opci\u00f3n recomendada para tratar a pacientes con TEPT, sobre todo cuando se trata de trastornos del sue\u00f1o como","og_url":"https:\/\/www.newyorkhipknee.com\/es\/indemnizacion-por-accidente-laboral\/directrices-de-tratamiento-medico-mtg\/trastorno-de-estres-postraumatico-y-trastorno-de-estres-agudo\/medicamentos\/antidepresivos-atipicos\/","og_site_name":"Best Hip &amp; Knee Surgeon | NY, USA","twitter_card":"summary_large_image","twitter_misc":{"Tiempo de lectura":"1 minuto"},"schema":{"@context":"https:\/\/schema.org","@graph":[{"@type":["WebPage","MedicalWebPage"],"@id":"https:\/\/www.newyorkhipknee.com\/es\/indemnizacion-por-accidente-laboral\/directrices-de-tratamiento-medico-mtg\/trastorno-de-estres-postraumatico-y-trastorno-de-estres-agudo\/medicamentos\/antidepresivos-atipicos\/","url":"https:\/\/www.newyorkhipknee.com\/es\/indemnizacion-por-accidente-laboral\/directrices-de-tratamiento-medico-mtg\/trastorno-de-estres-postraumatico-y-trastorno-de-estres-agudo\/medicamentos\/antidepresivos-atipicos\/","name":"Antidepresivos at\u00edpicos | Best Hip &amp; Knee Surgeon | NY, USA","isPartOf":{"@id":"https:\/\/www.newyorkhipknee.com\/es\/#website"},"datePublished":"2023-12-26T18:32:50+00:00","description":"Antidepresivos at\u00edpicos La trazodona es una opci\u00f3n recomendada para tratar a pacientes con TEPT, sobre todo cuando se trata de trastornos del sue\u00f1o como","breadcrumb":{"@id":"https:\/\/www.newyorkhipknee.com\/es\/indemnizacion-por-accidente-laboral\/directrices-de-tratamiento-medico-mtg\/trastorno-de-estres-postraumatico-y-trastorno-de-estres-agudo\/medicamentos\/antidepresivos-atipicos\/#breadcrumb"},"inLanguage":"es","potentialAction":[{"@type":"ReadAction","target":["https:\/\/www.newyorkhipknee.com\/es\/indemnizacion-por-accidente-laboral\/directrices-de-tratamiento-medico-mtg\/trastorno-de-estres-postraumatico-y-trastorno-de-estres-agudo\/medicamentos\/antidepresivos-atipicos\/"]}]},{"@type":"BreadcrumbList","@id":"https:\/\/www.newyorkhipknee.com\/es\/indemnizacion-por-accidente-laboral\/directrices-de-tratamiento-medico-mtg\/trastorno-de-estres-postraumatico-y-trastorno-de-estres-agudo\/medicamentos\/antidepresivos-atipicos\/#breadcrumb","itemListElement":[{"@type":"ListItem","position":1,"name":"Home","item":"https:\/\/www.newyorkhipknee.com\/es\/"},{"@type":"ListItem","position":2,"name":"Indemnizaci\u00f3n por accidente laboral","item":"https:\/\/www.newyorkhipknee.com\/es\/indemnizacion-por-accidente-laboral\/"},{"@type":"ListItem","position":3,"name":"Directrices de tratamiento m\u00e9dico (MTG)","item":"https:\/\/www.newyorkhipknee.com\/es\/indemnizacion-por-accidente-laboral\/directrices-de-tratamiento-medico-mtg\/"},{"@type":"ListItem","position":4,"name":"Trastorno de estr\u00e9s postraum\u00e1tico y trastorno de estr\u00e9s agudo","item":"https:\/\/www.newyorkhipknee.com\/es\/indemnizacion-por-accidente-laboral\/directrices-de-tratamiento-medico-mtg\/trastorno-de-estres-postraumatico-y-trastorno-de-estres-agudo\/"},{"@type":"ListItem","position":5,"name":"Medicamentos","item":"https:\/\/www.newyorkhipknee.com\/es\/indemnizacion-por-accidente-laboral\/directrices-de-tratamiento-medico-mtg\/trastorno-de-estres-postraumatico-y-trastorno-de-estres-agudo\/medicamentos\/"},{"@type":"ListItem","position":6,"name":"Antidepresivos at\u00edpicos"}]},{"@type":"WebSite","@id":"https:\/\/www.newyorkhipknee.com\/es\/#website","url":"https:\/\/www.newyorkhipknee.com\/es\/","name":"Best Hip & Knee Surgeon | NY, USA","description":"","potentialAction":[{"@type":"SearchAction","target":{"@type":"EntryPoint","urlTemplate":"https:\/\/www.newyorkhipknee.com\/es\/?s={search_term_string}"},"query-input":{"@type":"PropertyValueSpecification","valueRequired":true,"valueName":"search_term_string"}}],"inLanguage":"es"}]}},"_links":{"self":[{"href":"https:\/\/www.newyorkhipknee.com\/es\/wp-json\/wp\/v2\/pages\/21113","targetHints":{"allow":["GET"]}}],"collection":[{"href":"https:\/\/www.newyorkhipknee.com\/es\/wp-json\/wp\/v2\/pages"}],"about":[{"href":"https:\/\/www.newyorkhipknee.com\/es\/wp-json\/wp\/v2\/types\/page"}],"author":[{"embeddable":true,"href":"https:\/\/www.newyorkhipknee.com\/es\/wp-json\/wp\/v2\/users\/33"}],"replies":[{"embeddable":true,"href":"https:\/\/www.newyorkhipknee.com\/es\/wp-json\/wp\/v2\/comments?post=21113"}],"version-history":[{"count":0,"href":"https:\/\/www.newyorkhipknee.com\/es\/wp-json\/wp\/v2\/pages\/21113\/revisions"}],"up":[{"embeddable":true,"href":"https:\/\/www.newyorkhipknee.com\/es\/wp-json\/wp\/v2\/pages\/21318"}],"wp:attachment":[{"href":"https:\/\/www.newyorkhipknee.com\/es\/wp-json\/wp\/v2\/media?parent=21113"}],"curies":[{"name":"wp","href":"https:\/\/api.w.org\/{rel}","templated":true}]}}