{"id":21116,"date":"2023-12-26T12:38:13","date_gmt":"2023-12-26T17:38:13","guid":{"rendered":"https:\/\/newyorkhipknee.com\/inhibidores-selectivos-de-la-recaptacion-de-serotonina-isrs\/"},"modified":"2023-12-26T12:38:13","modified_gmt":"2023-12-26T17:38:13","slug":"inhibidores-selectivos-de-la-recaptacion-de-serotonina-isrs","status":"publish","type":"page","link":"https:\/\/www.newyorkhipknee.com\/es\/indemnizacion-por-accidente-laboral\/directrices-de-tratamiento-medico-mtg\/trastorno-de-estres-postraumatico-y-trastorno-de-estres-agudo\/medicamentos\/inhibidores-selectivos-de-la-recaptacion-de-serotonina-isrs\/","title":{"rendered":"Inhibidores selectivos de la recaptaci\u00f3n de serotonina (ISRS)"},"content":{"rendered":"<h2><strong>Inhibidores selectivos de la recaptaci\u00f3n de serotonina (ISRS)<\/strong><\/h2>\n<p><strong>La sertralina<\/strong> es una buena opci\u00f3n para tratar a las personas con TEPT, especialmente cuando sus s\u00edntomas requieren medicaci\u00f3n. Es posible que desee reconsiderar su uso si no est\u00e1 resultando eficaz, si se producen efectos secundarios no deseados o si el TEPT ha mejorado hasta el punto de que la medicaci\u00f3n ya no es necesaria.<\/p>\n<p>Por otro lado, la Paroxetina es otra opci\u00f3n recomendada y aprobada espec\u00edficamente por la FDA para el tratamiento de pacientes con TEPT.<\/p>\n<p>La <strong>paroxetina<\/strong> es una opci\u00f3n s\u00f3lida, ya que cuenta con el visto bueno de la FDA para el tratamiento de pacientes con TEPT. Es la opci\u00f3n a la que se recurre cuando los s\u00edntomas del TEPT son lo bastante graves como para necesitar medicaci\u00f3n. Si no funciona, provoca efectos no deseados o si el trastorno de estr\u00e9s postraum\u00e1tico ha mejorado hasta el punto de que los medicamentos no son necesarios, puede que sea el momento de plantearse dejar de tomarlos.<\/p>\n<p>S\u00f3lo una advertencia, la interrupci\u00f3n brusca de este tipo de medicaci\u00f3n puede provocar el s\u00edndrome de abstinencia de los ISRS, por lo que es crucial tom\u00e1rselo con calma y mantener un ojo en las cosas durante el proceso de reducci\u00f3n. En cuanto a las pruebas que apoyan el uso de Sertralina y Paroxetina, merece la pena investigarlas.<\/p>\n<p><strong>La fluoxetina<\/strong> es una recomendaci\u00f3n s\u00f3lida para tratar el TEPT en pacientes, especialmente cuando los s\u00edntomas son lo suficientemente intensos como para justificar la medicaci\u00f3n. Su principal eficacia podr\u00eda ser la prevenci\u00f3n de las reca\u00eddas. Si no cumple su funci\u00f3n, si causa efectos indeseables, si hay incumplimiento o si el TEPT ha mejorado hasta el punto de que la medicaci\u00f3n ya no es necesaria, merece la pena plantearse su interrupci\u00f3n. En cuanto a las pruebas que apoyan el uso de la Fluoxetina, es algo en lo que hay que profundizar.<\/p>\n<p>Sin embargo, en lo que respecta a <strong>la Fluvoxamina<\/strong>, no es la mejor opci\u00f3n para tratar el TEPT. Las pruebas que apoyan su uso en este contexto no son s\u00f3lidas.<\/p>\n<p><strong>El escitalopram<\/strong> es una recomendaci\u00f3n viable para el tratamiento de pacientes con TEPT, especialmente como opci\u00f3n de segunda l\u00ednea para quienes no hayan observado mejor\u00eda con la sertralina. Se recomienda cuando los s\u00edntomas del TEPT son lo bastante importantes como para necesitar medicaci\u00f3n, sobre todo en personas que no han respondido bien a la sertralina.<\/p>\n<p>Si no resulta eficaz, provoca efectos adversos, se enfrenta al incumplimiento o si el TEPT ha mejorado hasta el punto de que la medicaci\u00f3n ya no es necesaria, debe plantearse su interrupci\u00f3n. Profundizar en las pruebas que respaldan el uso de Escitalopram puede proporcionar m\u00e1s informaci\u00f3n sobre su eficacia.<\/p>\n<p><strong>El citalopram<\/strong> se recomienda para el tratamiento de pacientes con TEPT, especialmente como opci\u00f3n de segunda l\u00ednea para quienes no hayan experimentado mejor\u00eda con la sertralina. Se sugiere cuando los s\u00edntomas del TEPT son lo bastante importantes como para requerir medicaci\u00f3n y no han respondido a la sertralina.<\/p>\n<p>Si resulta ineficaz, provoca efectos adversos, se enfrenta al incumplimiento o si el TEPT ha mejorado hasta el punto de que la medicaci\u00f3n ya no es necesaria, se aconseja interrumpirla.<\/p>\n<p><strong>La vilazodona<\/strong> no est\u00e1 recomendada para el tratamiento de pacientes con TEPT.<\/p>\n","protected":false},"excerpt":{"rendered":"<p>Inhibidores selectivos de la recaptaci\u00f3n de serotonina (ISRS) La sertralina es una buena opci\u00f3n para tratar a las personas con TEPT, especialmente cuando sus s\u00edntomas requieren medicaci\u00f3n. Es posible que desee reconsiderar su uso si no est\u00e1 resultando eficaz, si se producen efectos secundarios no deseados o si el TEPT ha mejorado hasta el punto [&hellip;]<\/p>\n","protected":false},"author":33,"featured_media":0,"parent":21318,"menu_order":0,"comment_status":"closed","ping_status":"closed","template":"","meta":{"_et_pb_use_builder":"","_et_pb_old_content":"","_et_gb_content_width":"","footnotes":""},"class_list":["post-21116","page","type-page","status-publish","hentry"],"yoast_head":"<!-- This site is optimized with the Yoast SEO plugin v27.2 - https:\/\/yoast.com\/product\/yoast-seo-wordpress\/ -->\n<title>Inhibidores selectivos de la recaptaci\u00f3n de serotonina (ISRS) | Best Hip &amp; Knee Surgeon | NY, USA<\/title>\n<meta name=\"description\" content=\"Inhibidores selectivos de la recaptaci\u00f3n de serotonina (ISRS) La sertralina es una buena opci\u00f3n para tratar a las personas con TEPT, especialmente cuando\" \/>\n<meta name=\"robots\" content=\"index, follow, max-snippet:-1, max-image-preview:large, max-video-preview:-1\" \/>\n<link rel=\"canonical\" href=\"https:\/\/www.newyorkhipknee.com\/es\/indemnizacion-por-accidente-laboral\/directrices-de-tratamiento-medico-mtg\/trastorno-de-estres-postraumatico-y-trastorno-de-estres-agudo\/medicamentos\/inhibidores-selectivos-de-la-recaptacion-de-serotonina-isrs\/\" \/>\n<meta property=\"og:locale\" content=\"es_ES\" \/>\n<meta property=\"og:type\" content=\"article\" \/>\n<meta property=\"og:title\" content=\"Inhibidores selectivos de la recaptaci\u00f3n de serotonina (ISRS) | Best Hip &amp; Knee Surgeon | NY, USA\" \/>\n<meta property=\"og:description\" content=\"Inhibidores selectivos de la recaptaci\u00f3n de serotonina (ISRS) La sertralina es una buena opci\u00f3n para tratar a las personas con TEPT, especialmente cuando\" \/>\n<meta property=\"og:url\" content=\"https:\/\/www.newyorkhipknee.com\/es\/indemnizacion-por-accidente-laboral\/directrices-de-tratamiento-medico-mtg\/trastorno-de-estres-postraumatico-y-trastorno-de-estres-agudo\/medicamentos\/inhibidores-selectivos-de-la-recaptacion-de-serotonina-isrs\/\" \/>\n<meta property=\"og:site_name\" content=\"Best Hip &amp; Knee Surgeon | NY, USA\" \/>\n<meta name=\"twitter:card\" content=\"summary_large_image\" \/>\n<meta name=\"twitter:label1\" content=\"Tiempo de lectura\" \/>\n\t<meta name=\"twitter:data1\" content=\"3 minutos\" \/>\n<script type=\"application\/ld+json\" class=\"yoast-schema-graph\">{\"@context\":\"https:\/\/schema.org\",\"@graph\":[{\"@type\":[\"WebPage\",\"MedicalWebPage\"],\"@id\":\"https:\/\/www.newyorkhipknee.com\/es\/indemnizacion-por-accidente-laboral\/directrices-de-tratamiento-medico-mtg\/trastorno-de-estres-postraumatico-y-trastorno-de-estres-agudo\/medicamentos\/inhibidores-selectivos-de-la-recaptacion-de-serotonina-isrs\/\",\"url\":\"https:\/\/www.newyorkhipknee.com\/es\/indemnizacion-por-accidente-laboral\/directrices-de-tratamiento-medico-mtg\/trastorno-de-estres-postraumatico-y-trastorno-de-estres-agudo\/medicamentos\/inhibidores-selectivos-de-la-recaptacion-de-serotonina-isrs\/\",\"name\":\"Inhibidores selectivos de la recaptaci\u00f3n de serotonina (ISRS) | Best Hip &amp; Knee Surgeon | NY, USA\",\"isPartOf\":{\"@id\":\"https:\/\/www.newyorkhipknee.com\/es\/#website\"},\"datePublished\":\"2023-12-26T17:38:13+00:00\",\"description\":\"Inhibidores selectivos de la recaptaci\u00f3n de serotonina (ISRS) La sertralina es una buena opci\u00f3n para tratar a las personas con TEPT, especialmente cuando\",\"breadcrumb\":{\"@id\":\"https:\/\/www.newyorkhipknee.com\/es\/indemnizacion-por-accidente-laboral\/directrices-de-tratamiento-medico-mtg\/trastorno-de-estres-postraumatico-y-trastorno-de-estres-agudo\/medicamentos\/inhibidores-selectivos-de-la-recaptacion-de-serotonina-isrs\/#breadcrumb\"},\"inLanguage\":\"es\",\"potentialAction\":[{\"@type\":\"ReadAction\",\"target\":[\"https:\/\/www.newyorkhipknee.com\/es\/indemnizacion-por-accidente-laboral\/directrices-de-tratamiento-medico-mtg\/trastorno-de-estres-postraumatico-y-trastorno-de-estres-agudo\/medicamentos\/inhibidores-selectivos-de-la-recaptacion-de-serotonina-isrs\/\"]}]},{\"@type\":\"BreadcrumbList\",\"@id\":\"https:\/\/www.newyorkhipknee.com\/es\/indemnizacion-por-accidente-laboral\/directrices-de-tratamiento-medico-mtg\/trastorno-de-estres-postraumatico-y-trastorno-de-estres-agudo\/medicamentos\/inhibidores-selectivos-de-la-recaptacion-de-serotonina-isrs\/#breadcrumb\",\"itemListElement\":[{\"@type\":\"ListItem\",\"position\":1,\"name\":\"Home\",\"item\":\"https:\/\/www.newyorkhipknee.com\/es\/\"},{\"@type\":\"ListItem\",\"position\":2,\"name\":\"Indemnizaci\u00f3n por accidente laboral\",\"item\":\"https:\/\/www.newyorkhipknee.com\/es\/indemnizacion-por-accidente-laboral\/\"},{\"@type\":\"ListItem\",\"position\":3,\"name\":\"Directrices de tratamiento m\u00e9dico (MTG)\",\"item\":\"https:\/\/www.newyorkhipknee.com\/es\/indemnizacion-por-accidente-laboral\/directrices-de-tratamiento-medico-mtg\/\"},{\"@type\":\"ListItem\",\"position\":4,\"name\":\"Trastorno de estr\u00e9s postraum\u00e1tico y trastorno de estr\u00e9s agudo\",\"item\":\"https:\/\/www.newyorkhipknee.com\/es\/indemnizacion-por-accidente-laboral\/directrices-de-tratamiento-medico-mtg\/trastorno-de-estres-postraumatico-y-trastorno-de-estres-agudo\/\"},{\"@type\":\"ListItem\",\"position\":5,\"name\":\"Medicamentos\",\"item\":\"https:\/\/www.newyorkhipknee.com\/es\/indemnizacion-por-accidente-laboral\/directrices-de-tratamiento-medico-mtg\/trastorno-de-estres-postraumatico-y-trastorno-de-estres-agudo\/medicamentos\/\"},{\"@type\":\"ListItem\",\"position\":6,\"name\":\"Inhibidores selectivos de la recaptaci\u00f3n de serotonina (ISRS)\"}]},{\"@type\":\"WebSite\",\"@id\":\"https:\/\/www.newyorkhipknee.com\/es\/#website\",\"url\":\"https:\/\/www.newyorkhipknee.com\/es\/\",\"name\":\"Best Hip & Knee Surgeon | NY, USA\",\"description\":\"\",\"potentialAction\":[{\"@type\":\"SearchAction\",\"target\":{\"@type\":\"EntryPoint\",\"urlTemplate\":\"https:\/\/www.newyorkhipknee.com\/es\/?s={search_term_string}\"},\"query-input\":{\"@type\":\"PropertyValueSpecification\",\"valueRequired\":true,\"valueName\":\"search_term_string\"}}],\"inLanguage\":\"es\"}]}<\/script>\n<!-- \/ Yoast SEO plugin. -->","yoast_head_json":{"title":"Inhibidores selectivos de la recaptaci\u00f3n de serotonina (ISRS) | Best Hip &amp; Knee Surgeon | NY, USA","description":"Inhibidores selectivos de la recaptaci\u00f3n de serotonina (ISRS) La sertralina es una buena opci\u00f3n para tratar a las personas con TEPT, especialmente cuando","robots":{"index":"index","follow":"follow","max-snippet":"max-snippet:-1","max-image-preview":"max-image-preview:large","max-video-preview":"max-video-preview:-1"},"canonical":"https:\/\/www.newyorkhipknee.com\/es\/indemnizacion-por-accidente-laboral\/directrices-de-tratamiento-medico-mtg\/trastorno-de-estres-postraumatico-y-trastorno-de-estres-agudo\/medicamentos\/inhibidores-selectivos-de-la-recaptacion-de-serotonina-isrs\/","og_locale":"es_ES","og_type":"article","og_title":"Inhibidores selectivos de la recaptaci\u00f3n de serotonina (ISRS) | Best Hip &amp; Knee Surgeon | NY, USA","og_description":"Inhibidores selectivos de la recaptaci\u00f3n de serotonina (ISRS) La sertralina es una buena opci\u00f3n para tratar a las personas con TEPT, especialmente cuando","og_url":"https:\/\/www.newyorkhipknee.com\/es\/indemnizacion-por-accidente-laboral\/directrices-de-tratamiento-medico-mtg\/trastorno-de-estres-postraumatico-y-trastorno-de-estres-agudo\/medicamentos\/inhibidores-selectivos-de-la-recaptacion-de-serotonina-isrs\/","og_site_name":"Best Hip &amp; Knee Surgeon | NY, USA","twitter_card":"summary_large_image","twitter_misc":{"Tiempo de lectura":"3 minutos"},"schema":{"@context":"https:\/\/schema.org","@graph":[{"@type":["WebPage","MedicalWebPage"],"@id":"https:\/\/www.newyorkhipknee.com\/es\/indemnizacion-por-accidente-laboral\/directrices-de-tratamiento-medico-mtg\/trastorno-de-estres-postraumatico-y-trastorno-de-estres-agudo\/medicamentos\/inhibidores-selectivos-de-la-recaptacion-de-serotonina-isrs\/","url":"https:\/\/www.newyorkhipknee.com\/es\/indemnizacion-por-accidente-laboral\/directrices-de-tratamiento-medico-mtg\/trastorno-de-estres-postraumatico-y-trastorno-de-estres-agudo\/medicamentos\/inhibidores-selectivos-de-la-recaptacion-de-serotonina-isrs\/","name":"Inhibidores selectivos de la recaptaci\u00f3n de serotonina (ISRS) | Best Hip &amp; Knee Surgeon | NY, USA","isPartOf":{"@id":"https:\/\/www.newyorkhipknee.com\/es\/#website"},"datePublished":"2023-12-26T17:38:13+00:00","description":"Inhibidores selectivos de la recaptaci\u00f3n de serotonina (ISRS) La sertralina es una buena opci\u00f3n para tratar a las personas con TEPT, especialmente cuando","breadcrumb":{"@id":"https:\/\/www.newyorkhipknee.com\/es\/indemnizacion-por-accidente-laboral\/directrices-de-tratamiento-medico-mtg\/trastorno-de-estres-postraumatico-y-trastorno-de-estres-agudo\/medicamentos\/inhibidores-selectivos-de-la-recaptacion-de-serotonina-isrs\/#breadcrumb"},"inLanguage":"es","potentialAction":[{"@type":"ReadAction","target":["https:\/\/www.newyorkhipknee.com\/es\/indemnizacion-por-accidente-laboral\/directrices-de-tratamiento-medico-mtg\/trastorno-de-estres-postraumatico-y-trastorno-de-estres-agudo\/medicamentos\/inhibidores-selectivos-de-la-recaptacion-de-serotonina-isrs\/"]}]},{"@type":"BreadcrumbList","@id":"https:\/\/www.newyorkhipknee.com\/es\/indemnizacion-por-accidente-laboral\/directrices-de-tratamiento-medico-mtg\/trastorno-de-estres-postraumatico-y-trastorno-de-estres-agudo\/medicamentos\/inhibidores-selectivos-de-la-recaptacion-de-serotonina-isrs\/#breadcrumb","itemListElement":[{"@type":"ListItem","position":1,"name":"Home","item":"https:\/\/www.newyorkhipknee.com\/es\/"},{"@type":"ListItem","position":2,"name":"Indemnizaci\u00f3n por accidente laboral","item":"https:\/\/www.newyorkhipknee.com\/es\/indemnizacion-por-accidente-laboral\/"},{"@type":"ListItem","position":3,"name":"Directrices de tratamiento m\u00e9dico (MTG)","item":"https:\/\/www.newyorkhipknee.com\/es\/indemnizacion-por-accidente-laboral\/directrices-de-tratamiento-medico-mtg\/"},{"@type":"ListItem","position":4,"name":"Trastorno de estr\u00e9s postraum\u00e1tico y trastorno de estr\u00e9s agudo","item":"https:\/\/www.newyorkhipknee.com\/es\/indemnizacion-por-accidente-laboral\/directrices-de-tratamiento-medico-mtg\/trastorno-de-estres-postraumatico-y-trastorno-de-estres-agudo\/"},{"@type":"ListItem","position":5,"name":"Medicamentos","item":"https:\/\/www.newyorkhipknee.com\/es\/indemnizacion-por-accidente-laboral\/directrices-de-tratamiento-medico-mtg\/trastorno-de-estres-postraumatico-y-trastorno-de-estres-agudo\/medicamentos\/"},{"@type":"ListItem","position":6,"name":"Inhibidores selectivos de la recaptaci\u00f3n de serotonina (ISRS)"}]},{"@type":"WebSite","@id":"https:\/\/www.newyorkhipknee.com\/es\/#website","url":"https:\/\/www.newyorkhipknee.com\/es\/","name":"Best Hip & Knee Surgeon | NY, USA","description":"","potentialAction":[{"@type":"SearchAction","target":{"@type":"EntryPoint","urlTemplate":"https:\/\/www.newyorkhipknee.com\/es\/?s={search_term_string}"},"query-input":{"@type":"PropertyValueSpecification","valueRequired":true,"valueName":"search_term_string"}}],"inLanguage":"es"}]}},"_links":{"self":[{"href":"https:\/\/www.newyorkhipknee.com\/es\/wp-json\/wp\/v2\/pages\/21116","targetHints":{"allow":["GET"]}}],"collection":[{"href":"https:\/\/www.newyorkhipknee.com\/es\/wp-json\/wp\/v2\/pages"}],"about":[{"href":"https:\/\/www.newyorkhipknee.com\/es\/wp-json\/wp\/v2\/types\/page"}],"author":[{"embeddable":true,"href":"https:\/\/www.newyorkhipknee.com\/es\/wp-json\/wp\/v2\/users\/33"}],"replies":[{"embeddable":true,"href":"https:\/\/www.newyorkhipknee.com\/es\/wp-json\/wp\/v2\/comments?post=21116"}],"version-history":[{"count":0,"href":"https:\/\/www.newyorkhipknee.com\/es\/wp-json\/wp\/v2\/pages\/21116\/revisions"}],"up":[{"embeddable":true,"href":"https:\/\/www.newyorkhipknee.com\/es\/wp-json\/wp\/v2\/pages\/21318"}],"wp:attachment":[{"href":"https:\/\/www.newyorkhipknee.com\/es\/wp-json\/wp\/v2\/media?parent=21116"}],"curies":[{"name":"wp","href":"https:\/\/api.w.org\/{rel}","templated":true}]}}