{"id":21120,"date":"2023-12-26T13:16:41","date_gmt":"2023-12-26T18:16:41","guid":{"rendered":"https:\/\/newyorkhipknee.com\/antidepresivos-triciclicos-atc\/"},"modified":"2023-12-26T13:16:41","modified_gmt":"2023-12-26T18:16:41","slug":"antidepresivos-triciclicos-atc","status":"publish","type":"page","link":"https:\/\/www.newyorkhipknee.com\/es\/indemnizacion-por-accidente-laboral\/directrices-de-tratamiento-medico-mtg\/trastorno-de-estres-postraumatico-y-trastorno-de-estres-agudo\/medicamentos\/antidepresivos-triciclicos-atc\/","title":{"rendered":"Antidepresivos tric\u00edclicos (ATC)"},"content":{"rendered":"<h2><strong>Antidepresivos tric\u00edclicos (ATC)<\/strong><\/h2>\n<p><strong>La amitriptilina<\/strong> no se aconseja para el tratamiento de pacientes con TEPT. Del mismo modo, la desipramina tampoco se recomienda en este contexto. Existen pruebas que apoyan el uso de la desipramina.<\/p>\n<p>Sin embargo, <strong>la imipramina<\/strong> se recomienda como tratamiento de segunda l\u00ednea para pacientes con TEPT. Puede considerarse despu\u00e9s de que se hayan probado psicoterapias iniciales para el TEPT y\/u otras farmacoterapias y se haya comprobado que son ineficaces o no se toleran.<\/p>\n<p><strong>La nortriptilina<\/strong> no est\u00e1 recomendada para el tratamiento de pacientes con TEPT.<\/p>\n<p>Por otro lado,<strong> la mirtazapina<\/strong> es una opci\u00f3n de segunda l\u00ednea recomendada para el tratamiento de pacientes con TEPT. Indicaciones &#8211; TEPT suficiente para requerir medicaci\u00f3n. En general, la sertralina, la venlafaxina y la paroxetina ser\u00edan recomendaciones iniciales de medicaci\u00f3n preferibles.<\/p>\n","protected":false},"excerpt":{"rendered":"<p>Antidepresivos tric\u00edclicos (ATC) La amitriptilina no se aconseja para el tratamiento de pacientes con TEPT. Del mismo modo, la desipramina tampoco se recomienda en este contexto. Existen pruebas que apoyan el uso de la desipramina. Sin embargo, la imipramina se recomienda como tratamiento de segunda l\u00ednea para pacientes con TEPT. Puede considerarse despu\u00e9s de que [&hellip;]<\/p>\n","protected":false},"author":33,"featured_media":0,"parent":21318,"menu_order":0,"comment_status":"closed","ping_status":"closed","template":"","meta":{"_et_pb_use_builder":"","_et_pb_old_content":"","_et_gb_content_width":"","footnotes":""},"class_list":["post-21120","page","type-page","status-publish","hentry"],"yoast_head":"<!-- This site is optimized with the Yoast SEO plugin v27.2 - https:\/\/yoast.com\/product\/yoast-seo-wordpress\/ -->\n<title>Antidepresivos tric\u00edclicos (ATC) | Best Hip &amp; Knee Surgeon | NY, USA<\/title>\n<meta name=\"description\" content=\"Antidepresivos tric\u00edclicos (ATC) La amitriptilina no se aconseja para el tratamiento de pacientes con TEPT. Del mismo modo, la desipramina tampoco se\" \/>\n<meta name=\"robots\" content=\"index, follow, max-snippet:-1, max-image-preview:large, max-video-preview:-1\" \/>\n<link rel=\"canonical\" href=\"https:\/\/www.newyorkhipknee.com\/es\/indemnizacion-por-accidente-laboral\/directrices-de-tratamiento-medico-mtg\/trastorno-de-estres-postraumatico-y-trastorno-de-estres-agudo\/medicamentos\/antidepresivos-triciclicos-atc\/\" \/>\n<meta property=\"og:locale\" content=\"es_ES\" \/>\n<meta property=\"og:type\" content=\"article\" \/>\n<meta property=\"og:title\" content=\"Antidepresivos tric\u00edclicos (ATC) | Best Hip &amp; Knee Surgeon | NY, USA\" \/>\n<meta property=\"og:description\" content=\"Antidepresivos tric\u00edclicos (ATC) La amitriptilina no se aconseja para el tratamiento de pacientes con TEPT. Del mismo modo, la desipramina tampoco se\" \/>\n<meta property=\"og:url\" content=\"https:\/\/www.newyorkhipknee.com\/es\/indemnizacion-por-accidente-laboral\/directrices-de-tratamiento-medico-mtg\/trastorno-de-estres-postraumatico-y-trastorno-de-estres-agudo\/medicamentos\/antidepresivos-triciclicos-atc\/\" \/>\n<meta property=\"og:site_name\" content=\"Best Hip &amp; Knee Surgeon | NY, USA\" \/>\n<meta name=\"twitter:card\" content=\"summary_large_image\" \/>\n<meta name=\"twitter:label1\" content=\"Tiempo de lectura\" \/>\n\t<meta name=\"twitter:data1\" content=\"1 minuto\" \/>\n<script type=\"application\/ld+json\" class=\"yoast-schema-graph\">{\"@context\":\"https:\/\/schema.org\",\"@graph\":[{\"@type\":[\"WebPage\",\"MedicalWebPage\"],\"@id\":\"https:\/\/www.newyorkhipknee.com\/es\/indemnizacion-por-accidente-laboral\/directrices-de-tratamiento-medico-mtg\/trastorno-de-estres-postraumatico-y-trastorno-de-estres-agudo\/medicamentos\/antidepresivos-triciclicos-atc\/\",\"url\":\"https:\/\/www.newyorkhipknee.com\/es\/indemnizacion-por-accidente-laboral\/directrices-de-tratamiento-medico-mtg\/trastorno-de-estres-postraumatico-y-trastorno-de-estres-agudo\/medicamentos\/antidepresivos-triciclicos-atc\/\",\"name\":\"Antidepresivos tric\u00edclicos (ATC) | Best Hip &amp; Knee Surgeon | NY, USA\",\"isPartOf\":{\"@id\":\"https:\/\/www.newyorkhipknee.com\/es\/#website\"},\"datePublished\":\"2023-12-26T18:16:41+00:00\",\"description\":\"Antidepresivos tric\u00edclicos (ATC) La amitriptilina no se aconseja para el tratamiento de pacientes con TEPT. Del mismo modo, la desipramina tampoco se\",\"breadcrumb\":{\"@id\":\"https:\/\/www.newyorkhipknee.com\/es\/indemnizacion-por-accidente-laboral\/directrices-de-tratamiento-medico-mtg\/trastorno-de-estres-postraumatico-y-trastorno-de-estres-agudo\/medicamentos\/antidepresivos-triciclicos-atc\/#breadcrumb\"},\"inLanguage\":\"es\",\"potentialAction\":[{\"@type\":\"ReadAction\",\"target\":[\"https:\/\/www.newyorkhipknee.com\/es\/indemnizacion-por-accidente-laboral\/directrices-de-tratamiento-medico-mtg\/trastorno-de-estres-postraumatico-y-trastorno-de-estres-agudo\/medicamentos\/antidepresivos-triciclicos-atc\/\"]}]},{\"@type\":\"BreadcrumbList\",\"@id\":\"https:\/\/www.newyorkhipknee.com\/es\/indemnizacion-por-accidente-laboral\/directrices-de-tratamiento-medico-mtg\/trastorno-de-estres-postraumatico-y-trastorno-de-estres-agudo\/medicamentos\/antidepresivos-triciclicos-atc\/#breadcrumb\",\"itemListElement\":[{\"@type\":\"ListItem\",\"position\":1,\"name\":\"Home\",\"item\":\"https:\/\/www.newyorkhipknee.com\/es\/\"},{\"@type\":\"ListItem\",\"position\":2,\"name\":\"Indemnizaci\u00f3n por accidente laboral\",\"item\":\"https:\/\/www.newyorkhipknee.com\/es\/indemnizacion-por-accidente-laboral\/\"},{\"@type\":\"ListItem\",\"position\":3,\"name\":\"Directrices de tratamiento m\u00e9dico (MTG)\",\"item\":\"https:\/\/www.newyorkhipknee.com\/es\/indemnizacion-por-accidente-laboral\/directrices-de-tratamiento-medico-mtg\/\"},{\"@type\":\"ListItem\",\"position\":4,\"name\":\"Trastorno de estr\u00e9s postraum\u00e1tico y trastorno de estr\u00e9s agudo\",\"item\":\"https:\/\/www.newyorkhipknee.com\/es\/indemnizacion-por-accidente-laboral\/directrices-de-tratamiento-medico-mtg\/trastorno-de-estres-postraumatico-y-trastorno-de-estres-agudo\/\"},{\"@type\":\"ListItem\",\"position\":5,\"name\":\"Medicamentos\",\"item\":\"https:\/\/www.newyorkhipknee.com\/es\/indemnizacion-por-accidente-laboral\/directrices-de-tratamiento-medico-mtg\/trastorno-de-estres-postraumatico-y-trastorno-de-estres-agudo\/medicamentos\/\"},{\"@type\":\"ListItem\",\"position\":6,\"name\":\"Antidepresivos tric\u00edclicos (ATC)\"}]},{\"@type\":\"WebSite\",\"@id\":\"https:\/\/www.newyorkhipknee.com\/es\/#website\",\"url\":\"https:\/\/www.newyorkhipknee.com\/es\/\",\"name\":\"Best Hip & Knee Surgeon | NY, USA\",\"description\":\"\",\"potentialAction\":[{\"@type\":\"SearchAction\",\"target\":{\"@type\":\"EntryPoint\",\"urlTemplate\":\"https:\/\/www.newyorkhipknee.com\/es\/?s={search_term_string}\"},\"query-input\":{\"@type\":\"PropertyValueSpecification\",\"valueRequired\":true,\"valueName\":\"search_term_string\"}}],\"inLanguage\":\"es\"}]}<\/script>\n<!-- \/ Yoast SEO plugin. -->","yoast_head_json":{"title":"Antidepresivos tric\u00edclicos (ATC) | Best Hip &amp; Knee Surgeon | NY, USA","description":"Antidepresivos tric\u00edclicos (ATC) La amitriptilina no se aconseja para el tratamiento de pacientes con TEPT. Del mismo modo, la desipramina tampoco se","robots":{"index":"index","follow":"follow","max-snippet":"max-snippet:-1","max-image-preview":"max-image-preview:large","max-video-preview":"max-video-preview:-1"},"canonical":"https:\/\/www.newyorkhipknee.com\/es\/indemnizacion-por-accidente-laboral\/directrices-de-tratamiento-medico-mtg\/trastorno-de-estres-postraumatico-y-trastorno-de-estres-agudo\/medicamentos\/antidepresivos-triciclicos-atc\/","og_locale":"es_ES","og_type":"article","og_title":"Antidepresivos tric\u00edclicos (ATC) | Best Hip &amp; Knee Surgeon | NY, USA","og_description":"Antidepresivos tric\u00edclicos (ATC) La amitriptilina no se aconseja para el tratamiento de pacientes con TEPT. Del mismo modo, la desipramina tampoco se","og_url":"https:\/\/www.newyorkhipknee.com\/es\/indemnizacion-por-accidente-laboral\/directrices-de-tratamiento-medico-mtg\/trastorno-de-estres-postraumatico-y-trastorno-de-estres-agudo\/medicamentos\/antidepresivos-triciclicos-atc\/","og_site_name":"Best Hip &amp; Knee Surgeon | NY, USA","twitter_card":"summary_large_image","twitter_misc":{"Tiempo de lectura":"1 minuto"},"schema":{"@context":"https:\/\/schema.org","@graph":[{"@type":["WebPage","MedicalWebPage"],"@id":"https:\/\/www.newyorkhipknee.com\/es\/indemnizacion-por-accidente-laboral\/directrices-de-tratamiento-medico-mtg\/trastorno-de-estres-postraumatico-y-trastorno-de-estres-agudo\/medicamentos\/antidepresivos-triciclicos-atc\/","url":"https:\/\/www.newyorkhipknee.com\/es\/indemnizacion-por-accidente-laboral\/directrices-de-tratamiento-medico-mtg\/trastorno-de-estres-postraumatico-y-trastorno-de-estres-agudo\/medicamentos\/antidepresivos-triciclicos-atc\/","name":"Antidepresivos tric\u00edclicos (ATC) | Best Hip &amp; Knee Surgeon | NY, USA","isPartOf":{"@id":"https:\/\/www.newyorkhipknee.com\/es\/#website"},"datePublished":"2023-12-26T18:16:41+00:00","description":"Antidepresivos tric\u00edclicos (ATC) La amitriptilina no se aconseja para el tratamiento de pacientes con TEPT. Del mismo modo, la desipramina tampoco se","breadcrumb":{"@id":"https:\/\/www.newyorkhipknee.com\/es\/indemnizacion-por-accidente-laboral\/directrices-de-tratamiento-medico-mtg\/trastorno-de-estres-postraumatico-y-trastorno-de-estres-agudo\/medicamentos\/antidepresivos-triciclicos-atc\/#breadcrumb"},"inLanguage":"es","potentialAction":[{"@type":"ReadAction","target":["https:\/\/www.newyorkhipknee.com\/es\/indemnizacion-por-accidente-laboral\/directrices-de-tratamiento-medico-mtg\/trastorno-de-estres-postraumatico-y-trastorno-de-estres-agudo\/medicamentos\/antidepresivos-triciclicos-atc\/"]}]},{"@type":"BreadcrumbList","@id":"https:\/\/www.newyorkhipknee.com\/es\/indemnizacion-por-accidente-laboral\/directrices-de-tratamiento-medico-mtg\/trastorno-de-estres-postraumatico-y-trastorno-de-estres-agudo\/medicamentos\/antidepresivos-triciclicos-atc\/#breadcrumb","itemListElement":[{"@type":"ListItem","position":1,"name":"Home","item":"https:\/\/www.newyorkhipknee.com\/es\/"},{"@type":"ListItem","position":2,"name":"Indemnizaci\u00f3n por accidente laboral","item":"https:\/\/www.newyorkhipknee.com\/es\/indemnizacion-por-accidente-laboral\/"},{"@type":"ListItem","position":3,"name":"Directrices de tratamiento m\u00e9dico (MTG)","item":"https:\/\/www.newyorkhipknee.com\/es\/indemnizacion-por-accidente-laboral\/directrices-de-tratamiento-medico-mtg\/"},{"@type":"ListItem","position":4,"name":"Trastorno de estr\u00e9s postraum\u00e1tico y trastorno de estr\u00e9s agudo","item":"https:\/\/www.newyorkhipknee.com\/es\/indemnizacion-por-accidente-laboral\/directrices-de-tratamiento-medico-mtg\/trastorno-de-estres-postraumatico-y-trastorno-de-estres-agudo\/"},{"@type":"ListItem","position":5,"name":"Medicamentos","item":"https:\/\/www.newyorkhipknee.com\/es\/indemnizacion-por-accidente-laboral\/directrices-de-tratamiento-medico-mtg\/trastorno-de-estres-postraumatico-y-trastorno-de-estres-agudo\/medicamentos\/"},{"@type":"ListItem","position":6,"name":"Antidepresivos tric\u00edclicos (ATC)"}]},{"@type":"WebSite","@id":"https:\/\/www.newyorkhipknee.com\/es\/#website","url":"https:\/\/www.newyorkhipknee.com\/es\/","name":"Best Hip & Knee Surgeon | NY, USA","description":"","potentialAction":[{"@type":"SearchAction","target":{"@type":"EntryPoint","urlTemplate":"https:\/\/www.newyorkhipknee.com\/es\/?s={search_term_string}"},"query-input":{"@type":"PropertyValueSpecification","valueRequired":true,"valueName":"search_term_string"}}],"inLanguage":"es"}]}},"_links":{"self":[{"href":"https:\/\/www.newyorkhipknee.com\/es\/wp-json\/wp\/v2\/pages\/21120","targetHints":{"allow":["GET"]}}],"collection":[{"href":"https:\/\/www.newyorkhipknee.com\/es\/wp-json\/wp\/v2\/pages"}],"about":[{"href":"https:\/\/www.newyorkhipknee.com\/es\/wp-json\/wp\/v2\/types\/page"}],"author":[{"embeddable":true,"href":"https:\/\/www.newyorkhipknee.com\/es\/wp-json\/wp\/v2\/users\/33"}],"replies":[{"embeddable":true,"href":"https:\/\/www.newyorkhipknee.com\/es\/wp-json\/wp\/v2\/comments?post=21120"}],"version-history":[{"count":0,"href":"https:\/\/www.newyorkhipknee.com\/es\/wp-json\/wp\/v2\/pages\/21120\/revisions"}],"up":[{"embeddable":true,"href":"https:\/\/www.newyorkhipknee.com\/es\/wp-json\/wp\/v2\/pages\/21318"}],"wp:attachment":[{"href":"https:\/\/www.newyorkhipknee.com\/es\/wp-json\/wp\/v2\/media?parent=21120"}],"curies":[{"name":"wp","href":"https:\/\/api.w.org\/{rel}","templated":true}]}}