{"id":21124,"date":"2023-12-27T16:47:38","date_gmt":"2023-12-27T21:47:38","guid":{"rendered":"https:\/\/newyorkhipknee.com\/trastornos-alergicos-conjuntivitis-estacional-conjuntivitis-perenne-y-conjuntivitis-vernal\/"},"modified":"2023-12-27T16:47:38","modified_gmt":"2023-12-27T21:47:38","slug":"trastornos-alergicos-conjuntivitis-estacional-conjuntivitis-perenne-y-conjuntivitis-vernal","status":"publish","type":"page","link":"https:\/\/www.newyorkhipknee.com\/es\/indemnizacion-por-accidente-laboral\/directrices-de-tratamiento-medico-mtg\/trastornos-oculares\/trastornos-alergicos-conjuntivitis-estacional-conjuntivitis-perenne-y-conjuntivitis-vernal\/","title":{"rendered":"Trastornos al\u00e9rgicos: Conjuntivitis Estacional, Conjuntivitis Perenne y Conjuntivitis Vernal"},"content":{"rendered":"<p>Se calcula que la conjuntivitis al\u00e9rgica, una respuesta inflamatoria de la conjuntiva a los al\u00e9rgenos, afecta aproximadamente al 40% de la poblaci\u00f3n general. Abarca una gama de gravedad y cronicidad, que incluye la conjuntivitis al\u00e9rgica estacional (CAE), la conjuntivitis al\u00e9rgica perenne (CAP), la queratoconjuntivitis vernal (QQV) y la queratoconjuntivitis at\u00f3pica (QCA). La SAC y la PAC est\u00e1n reconocidas como los tipos m\u00e1s comunes de alergias oculares, que afectan al 15-20% de la poblaci\u00f3n. Aunque algunos casos de enfermedad ocular al\u00e9rgica afectan principalmente a los ojos, la mayor\u00eda tambi\u00e9n afectan a las v\u00edas respiratorias superiores. En los casos m\u00e1s graves, a menudo se asocia el asma (consulte las directrices sobre el asma ocupacional o relacionada con el trabajo).<\/p>\n<p>&nbsp;<\/p>\n<h2>Factores de riesgo<\/h2>\n<p>Los antecedentes de atopia, ya sea en las v\u00edas respiratorias superiores o relacionada con el asma, aumentan el riesgo de desarrollar alergias adicionales, incluidas las relacionadas con los al\u00e9rgenos del lugar de trabajo. Numerosos estudios apoyan un menor riesgo de atopia entre los individuos criados cerca de animales o en edificios (lo que se conoce como la hip\u00f3tesis de la higiene), y datos recientes tambi\u00e9n indican asociaciones con la microflora. Para las personas al\u00e9rgicas, una exposici\u00f3n elevada a al\u00e9rgenos como los \u00e1caros del polvo, el polen de los \u00e1rboles y el moho supone un riesgo de exacerbaci\u00f3n.<\/p>\n<p>La conjuntivitis al\u00e9rgica tambi\u00e9n puede manifestarse en respuesta a diversas exposiciones profesionales, como las que se dan en presencia de harina, y a la exposici\u00f3n a determinadas sustancias qu\u00edmicas como el timerosal o perfumes espec\u00edficos. Los casos relacionados con el trabajo suelen estar relacionados con al\u00e9rgenos transportados por el aire. Para m\u00e1s informaci\u00f3n, consulte la Gu\u00eda de tratamiento m\u00e9dico del asma ocupacional\/profesional.<\/p>\n<p>&nbsp;<\/p>\n<h2>Signos y s\u00edntomas<\/h2>\n<p>Los s\u00edntomas de la conjuntivitis al\u00e9rgica pueden abarcar:<\/p>\n<p>&#8211; Picor de ojos bilateral (prurito)<br \/>\n&#8211; Ojos llorosos bilaterales<br \/>\n&#8211; P\u00e1rpados hinchados bilateralmente (edema ocular)<br \/>\n&#8211; Ojos eritematosos bilaterales<br \/>\n&#8211; Dolor ocular bilateral (no suele ser grave)<br \/>\n&#8211; Inflamaci\u00f3n ocular bilateral<br \/>\n&#8211; Rinorrea (secreci\u00f3n nasal)<br \/>\n&#8211; Picor nasal, picor en el paladar<br \/>\n&#8211; Estornudos<\/p>\n<p>En un entorno ocupacional, la aparici\u00f3n de los s\u00edntomas puede ser r\u00e1pida o gradual. Por lo general, cuanto mayor es la dosis de exposici\u00f3n, m\u00e1s r\u00e1pido e intenso suele ser el desarrollo de los s\u00edntomas, aunque existe una amplia gama de variaciones. Las experiencias sintom\u00e1ticas posteriores suelen reflejar la frecuencia, intensidad y duraci\u00f3n de las exposiciones. La conjuntivitis al\u00e9rgica suele afectar a ambos ojos por igual, a menos que haya una introducci\u00f3n diferencial del al\u00e9rgeno en los ojos (por ejemplo, polvo de harina frotado en un ojo).<\/p>\n<p>&nbsp;<\/p>\n<h2>Banderas rojas<\/h2>\n<p>Si los s\u00edntomas empeoran o persisten, como hinchaz\u00f3n e inflamaci\u00f3n, puede haber una afecci\u00f3n m\u00e1s grave que la conjuntivitis al\u00e9rgica. Si hay una disminuci\u00f3n de la agudeza visual, es probable que no sea de origen al\u00e9rgico. Otras se\u00f1ales de advertencia que sugieren un problema m\u00e1s grave son:<\/p>\n<p>&#8211; Campos visuales anormales adquiridos<br \/>\n&#8211; Presencia de purulencia<br \/>\n&#8211; Enfermedades sist\u00e9micas, en particular afecciones autoinmunes<\/p>\n<p>Estos indicadores deben dar lugar a una evaluaci\u00f3n m\u00e9dica adicional para identificar y abordar cualquier problema subyacente que pueda estar contribuyendo a la persistencia o el empeoramiento de los s\u00edntomas.<\/p>\n<p>&nbsp;<\/p>\n<h2>Diagn\u00f3stico<\/h2>\n<p><strong>Evaluaci\u00f3n inicial<\/strong><\/p>\n<p>La evaluaci\u00f3n inicial incluye una anamnesis exhaustiva y pruebas limitadas para descartar otras posibles afecciones. La anamnesis se centra en la comprensi\u00f3n de los s\u00edntomas, sus patrones y los posibles al\u00e9rgenos que pueden estar contribuyendo al problema. Este enfoque integral ayuda a descartar explicaciones alternativas para los s\u00edntomas observados y orienta los pasos posteriores del diagn\u00f3stico.<\/p>\n<p>&nbsp;<\/p>\n<p><strong>Criterios de diagn\u00f3stico<\/strong><\/p>\n<p>La Asociaci\u00f3n Americana de Optometr\u00eda propone criterios para diagnosticar la conjuntivitis al\u00e9rgica basados en s\u00edntomas, signos y pruebas limitadas. El proceso de diagn\u00f3stico comienza con una historia cl\u00ednica exhaustiva y una evaluaci\u00f3n de los factores ambientales. Tras la evaluaci\u00f3n inicial, suele recomendarse un estudio de alergia que incluya pruebas cut\u00e1neas y la determinaci\u00f3n de IgE s\u00e9rica espec\u00edfica. En algunos casos, puede realizarse una provocaci\u00f3n conjuntival. Los indicadores de conjuntivitis al\u00e9rgica incluyen un aumento de las c\u00e9lulas falciformes conjuntivales, eosin\u00f3filos frecuentes en los raspados corneales y una IgE s\u00e9rica total elevada.<\/p>\n<p>Las enfermedades oculares al\u00e9rgicas se manifiestan t\u00edpicamente como prurito (picor) bilateral epis\u00f3dico, ojos llorosos y eritematosos, y fotofobia. Los s\u00edntomas suelen fluctuar en funci\u00f3n de las exposiciones, y pueden aparecer s\u00edntomas persistentes con exposiciones continuas. Para las personas con s\u00edntomas intermitentes, la identificaci\u00f3n de un patr\u00f3n de desarrollo o agravamiento de los s\u00edntomas tras las exposiciones puede ser crucial para evaluar el al\u00e9rgeno o al\u00e9rgenos causantes. El grado de prurito (picor) es una pista diagn\u00f3stica valiosa, aunque las enfermedades infecciosas tambi\u00e9n pueden presentarse con algo de prurito. Es posible realizar pruebas confirmatorias de atopia para al\u00e9rgenos espec\u00edficos (consulte las directrices sobre el asma ocupacional o relacionada con el trabajo).<\/p>\n<p>En algunos casos, los pacientes con enfermedad ocular al\u00e9rgica tambi\u00e9n pueden experimentar s\u00edntomas sist\u00e9micos, como asma. Es crucial evaluar a todos los pacientes con enfermedad ocular al\u00e9rgica para detectar manifestaciones sist\u00e9micas, especialmente en aquellos con asma y exposiciones continuas. La exposici\u00f3n continuada en individuos con asma puede provocar alteraciones pulmonares progresivas que pueden llegar a ser permanentes (consulte la Gu\u00eda sobre el asma ocupacional\/relacionada con el trabajo). El asma ocupacional tambi\u00e9n aumenta el riesgo de un desenlace potencialmente mortal (consulte la Gu\u00eda sobre el asma ocupacional\/relacionada con el trabajo). El seguimiento peri\u00f3dico y el tratamiento adecuado son esenciales para abordar los aspectos tanto oculares como sist\u00e9micos de las afecciones al\u00e9rgicas.<\/p>\n<p>&nbsp;<\/p>\n<h2>Clasificaci\u00f3n<\/h2>\n<p>La clasificaci\u00f3n consensuada de la conjuntivitis al\u00e9rgica (CA) tiene en cuenta la frecuencia y gravedad de los signos y s\u00edntomas oculares. La AC suele afectar a ambos ojos y se clasifica como intermitente cuando los signos y s\u00edntomas oculares (prurito conjuntival, lagrimeo, sensaci\u00f3n de quemaz\u00f3n, visi\u00f3n borrosa, fotofobia e hiperemia) est\u00e1n presentes hasta 4 d\u00edas a la semana o hasta 4 d\u00edas consecutivos. Se considera que la AC es persistente cuando estos signos y s\u00edntomas oculares se presentan m\u00e1s de 4 d\u00edas por semana o m\u00e1s de 4 d\u00edas consecutivos.<\/p>\n<p>La gravedad de la AC se clasifica como leve cuando los signos y s\u00edntomas son: 1) no molesta, 2) no afectan a la visi\u00f3n, 3) no interfieren con las actividades de la vida diaria, y 4) no interfieran con las tareas escolares o laborales. Se considera moderada cuando se cumplen 1-3 de estas condiciones y grave cuando se cumplen todas.<\/p>\n<p>&nbsp;<\/p>\n<h2>Historia<\/h2>\n<p>La anamnesis del paciente implica la b\u00fasqueda tanto de respuestas positivas para identificar un probable proceso de enfermedad al\u00e9rgica como de negativas pertinentes para descartar otras afecciones, incluidos otros trastornos inmunol\u00f3gicos. Un aspecto esencial de los antecedentes de conjuntivitis al\u00e9rgica es conocer la exposici\u00f3n a los posibles al\u00e9rgenos. Adem\u00e1s, una exploraci\u00f3n exhaustiva de las exposiciones ocupacionales es crucial para identificar posibles al\u00e9rgenos.<\/p>\n<p>El momento tanto de la aparici\u00f3n como del alivio de los s\u00edntomas desempe\u00f1a un papel fundamental a la hora de determinar la probabilidad de que se trate de una conjuntivitis al\u00e9rgica. Este enfoque integral ayuda a comprender mejor el estado del paciente y contribuye a un diagn\u00f3stico y tratamiento precisos.<\/p>\n<p>Un cuestionario de antecedentes m\u00e9dicos es una herramienta eficaz para recopilar informaci\u00f3n crucial para evaluar la conjuntivitis al\u00e9rgica. He aqu\u00ed algunas preguntas clave que deben incluirse:<\/p>\n<p>1. \u00bfTiene antecedentes de alergias? En caso afirmativo, \u00bfcu\u00e1les? \u00bfA qu\u00e9 edad?<br \/>\n2. \u00bfSiente picor en los ojos (prurito)? \u00bfEs bilateral?<br \/>\n3. \u00bfTienes los ojos llorosos?<br \/>\n4. \u00bfNotas los ojos rosados o rojos? \u00bfEs bilateral?<br \/>\n5. \u00bfLe duelen los ojos? \u00bfEs bilateral? \u00bfC\u00f3mo de grave?<br \/>\n6. \u00bfHay inflamaci\u00f3n ocular?<br \/>\n7. \u00bfLe gotea la nariz (rinorrea)?<br \/>\n8. \u00bfLe pica la nariz o el paladar?<br \/>\n9. \u00bfExperimenta estornudos?<br \/>\n10. \u00bfCoinciden estos s\u00edntomas con las estaciones pol\u00ednicas de primavera u oto\u00f1o?<br \/>\n11. \u00bfEst\u00e1n los s\u00edntomas asociados a actividades o exposiciones espec\u00edficas en el trabajo?<br \/>\n12. \u00bfLos s\u00edntomas son perennes (todo el a\u00f1o)?<br \/>\n13. \u00bfEst\u00e1n afectados ambos ojos por igual?<br \/>\n14. \u00bfLe han diagnosticado alguna vez conjuntivitis?<br \/>\n15. \u00bfEs al\u00e9rgico a ciertos animales, como los gatos?<br \/>\n16. \u00bfTiene alguna alergia alimentaria conocida?<br \/>\n17. \u00bfLe lloran los ojos cuando se expone a ciertos perfumes o cosm\u00e9ticos?<br \/>\n18. \u00bfNecesita utilizar descongestionantes o antihistam\u00ednicos para controlar los estornudos, la tos y la congesti\u00f3n?<br \/>\n19. \u00bfSe ha visto afectada su agudeza visual?<br \/>\n20. \u00bfEs normal su visi\u00f3n perif\u00e9rica?<br \/>\n21. \u00bfHa experimentado secreci\u00f3n de los ojos, como mucosidad o purulencia?<br \/>\n22. \u00bfPadece enfermedades sist\u00e9micas, especialmente afecciones autoinmunes como artritis reumatoide, lupus o s\u00edndrome de Reiter?<br \/>\n23. \u00bfTiene glaucoma?<\/p>\n<p>Estas preguntas proporcionan una visi\u00f3n global de los s\u00edntomas del paciente, los desencadenantes y los antecedentes m\u00e9dicos relevantes para ayudar a diagnosticar y tratar la conjuntivitis al\u00e9rgica.<\/p>\n<p>&nbsp;<\/p>\n<p><strong>Examen f\u00edsico<\/strong><\/p>\n<p>La exploraci\u00f3n f\u00edsica de la conjuntivitis al\u00e9rgica incluye varios componentes para evaluar y diagnosticar la afecci\u00f3n. He aqu\u00ed los aspectos clave del examen:<\/p>\n<ol>\n<li><strong>Agudeza visual y campos visuales:<\/strong> Las pruebas de agudeza visual y la evaluaci\u00f3n de los campos visuales ayudan a evaluar el impacto de la conjuntivitis al\u00e9rgica en la visi\u00f3n.<\/li>\n<li><strong>Examen con l\u00e1mpara de hendidura:<\/strong> A menudo se realiza un examen con l\u00e1mpara de hendidura para inspeccionar de cerca los ojos, los p\u00e1rpados y la conjuntiva. Ayuda a identificar signos como prurito conjuntival, lagrimeo, sensaci\u00f3n de quemaz\u00f3n, visi\u00f3n borrosa, fotofobia, hiperemia y otros s\u00edntomas oculares.<\/li>\n<li><strong>Tonometr\u00eda:<\/strong> La tonometr\u00eda se realiza para medir la presi\u00f3n intraocular, ayudando a descartar el glaucoma, una enfermedad que puede presentarse con s\u00edntomas oculares.<\/li>\n<li><strong>Evaluaci\u00f3n de articulaciones y membranas mucosas:<\/strong> En algunos casos, un examen m\u00e1s amplio puede incluir evaluaciones de articulaciones y membranas mucosas, especialmente si hay s\u00edntomas sugestivos de enfermedades autoinmunes. Esto es especialmente relevante si existen manifestaciones sist\u00e9micas.<\/li>\n<li><strong>Necesidad del examen con l\u00e1mpara de hendidura:<\/strong> Aunque el examen con l\u00e1mpara de hendidura es una herramienta valiosa, puede que no sea necesario en todas las evaluaciones iniciales. En los casos leves, puede establecerse un diagn\u00f3stico preliminar y un plan de tratamiento sin ella.<\/li>\n<\/ol>\n<p>Al incorporar estos elementos a la exploraci\u00f3n f\u00edsica, los profesionales sanitarios pueden recopilar informaci\u00f3n exhaustiva para diagnosticar la conjuntivitis al\u00e9rgica y formular un plan de tratamiento adecuado basado en la gravedad y las caracter\u00edsticas de la afecci\u00f3n.<\/p>\n","protected":false},"excerpt":{"rendered":"<p>Se calcula que la conjuntivitis al\u00e9rgica, una respuesta inflamatoria de la conjuntiva a los al\u00e9rgenos, afecta aproximadamente al 40% de la poblaci\u00f3n general. Abarca una gama de gravedad y cronicidad, que incluye la conjuntivitis al\u00e9rgica estacional (CAE), la conjuntivitis al\u00e9rgica perenne (CAP), la queratoconjuntivitis vernal (QQV) y la queratoconjuntivitis at\u00f3pica (QCA). La SAC y la [&hellip;]<\/p>\n","protected":false},"author":33,"featured_media":0,"parent":21160,"menu_order":0,"comment_status":"closed","ping_status":"closed","template":"","meta":{"_et_pb_use_builder":"","_et_pb_old_content":"","_et_gb_content_width":"","footnotes":""},"class_list":["post-21124","page","type-page","status-publish","hentry"],"yoast_head":"<!-- This site is optimized with the Yoast SEO plugin v27.2 - https:\/\/yoast.com\/product\/yoast-seo-wordpress\/ -->\n<title>Trastornos al\u00e9rgicos: Conjuntivitis Estacional, Conjuntivitis Perenne y Conjuntivitis Vernal | Best Hip &amp; Knee Surgeon | NY, USA<\/title>\n<meta name=\"description\" content=\"Se calcula que la conjuntivitis al\u00e9rgica, una respuesta inflamatoria de la conjuntiva a los al\u00e9rgenos, afecta aproximadamente al 40% de la poblaci\u00f3n\" \/>\n<meta name=\"robots\" content=\"index, follow, max-snippet:-1, max-image-preview:large, max-video-preview:-1\" \/>\n<link rel=\"canonical\" href=\"https:\/\/www.newyorkhipknee.com\/es\/indemnizacion-por-accidente-laboral\/directrices-de-tratamiento-medico-mtg\/trastornos-oculares\/trastornos-alergicos-conjuntivitis-estacional-conjuntivitis-perenne-y-conjuntivitis-vernal\/\" \/>\n<meta property=\"og:locale\" content=\"es_ES\" \/>\n<meta property=\"og:type\" content=\"article\" \/>\n<meta property=\"og:title\" content=\"Trastornos al\u00e9rgicos: Conjuntivitis Estacional, Conjuntivitis Perenne y Conjuntivitis Vernal | Best Hip &amp; Knee Surgeon | NY, USA\" \/>\n<meta property=\"og:description\" content=\"Se calcula que la conjuntivitis al\u00e9rgica, una respuesta inflamatoria de la conjuntiva a los al\u00e9rgenos, afecta aproximadamente al 40% de la poblaci\u00f3n\" \/>\n<meta property=\"og:url\" content=\"https:\/\/www.newyorkhipknee.com\/es\/indemnizacion-por-accidente-laboral\/directrices-de-tratamiento-medico-mtg\/trastornos-oculares\/trastornos-alergicos-conjuntivitis-estacional-conjuntivitis-perenne-y-conjuntivitis-vernal\/\" \/>\n<meta property=\"og:site_name\" content=\"Best Hip &amp; Knee Surgeon | NY, USA\" \/>\n<meta name=\"twitter:card\" content=\"summary_large_image\" \/>\n<meta name=\"twitter:label1\" content=\"Tiempo de lectura\" \/>\n\t<meta name=\"twitter:data1\" content=\"9 minutos\" \/>\n<script type=\"application\/ld+json\" class=\"yoast-schema-graph\">{\"@context\":\"https:\/\/schema.org\",\"@graph\":[{\"@type\":[\"WebPage\",\"MedicalWebPage\"],\"@id\":\"https:\/\/www.newyorkhipknee.com\/es\/indemnizacion-por-accidente-laboral\/directrices-de-tratamiento-medico-mtg\/trastornos-oculares\/trastornos-alergicos-conjuntivitis-estacional-conjuntivitis-perenne-y-conjuntivitis-vernal\/\",\"url\":\"https:\/\/www.newyorkhipknee.com\/es\/indemnizacion-por-accidente-laboral\/directrices-de-tratamiento-medico-mtg\/trastornos-oculares\/trastornos-alergicos-conjuntivitis-estacional-conjuntivitis-perenne-y-conjuntivitis-vernal\/\",\"name\":\"Trastornos al\u00e9rgicos: Conjuntivitis Estacional, Conjuntivitis Perenne y Conjuntivitis Vernal | Best Hip &amp; Knee Surgeon | NY, USA\",\"isPartOf\":{\"@id\":\"https:\/\/www.newyorkhipknee.com\/es\/#website\"},\"datePublished\":\"2023-12-27T21:47:38+00:00\",\"description\":\"Se calcula que la conjuntivitis al\u00e9rgica, una respuesta inflamatoria de la conjuntiva a los al\u00e9rgenos, afecta aproximadamente al 40% de la poblaci\u00f3n\",\"breadcrumb\":{\"@id\":\"https:\/\/www.newyorkhipknee.com\/es\/indemnizacion-por-accidente-laboral\/directrices-de-tratamiento-medico-mtg\/trastornos-oculares\/trastornos-alergicos-conjuntivitis-estacional-conjuntivitis-perenne-y-conjuntivitis-vernal\/#breadcrumb\"},\"inLanguage\":\"es\",\"potentialAction\":[{\"@type\":\"ReadAction\",\"target\":[\"https:\/\/www.newyorkhipknee.com\/es\/indemnizacion-por-accidente-laboral\/directrices-de-tratamiento-medico-mtg\/trastornos-oculares\/trastornos-alergicos-conjuntivitis-estacional-conjuntivitis-perenne-y-conjuntivitis-vernal\/\"]}]},{\"@type\":\"BreadcrumbList\",\"@id\":\"https:\/\/www.newyorkhipknee.com\/es\/indemnizacion-por-accidente-laboral\/directrices-de-tratamiento-medico-mtg\/trastornos-oculares\/trastornos-alergicos-conjuntivitis-estacional-conjuntivitis-perenne-y-conjuntivitis-vernal\/#breadcrumb\",\"itemListElement\":[{\"@type\":\"ListItem\",\"position\":1,\"name\":\"Home\",\"item\":\"https:\/\/www.newyorkhipknee.com\/es\/\"},{\"@type\":\"ListItem\",\"position\":2,\"name\":\"Indemnizaci\u00f3n por accidente laboral\",\"item\":\"https:\/\/www.newyorkhipknee.com\/es\/indemnizacion-por-accidente-laboral\/\"},{\"@type\":\"ListItem\",\"position\":3,\"name\":\"Directrices de tratamiento m\u00e9dico (MTG)\",\"item\":\"https:\/\/www.newyorkhipknee.com\/es\/indemnizacion-por-accidente-laboral\/directrices-de-tratamiento-medico-mtg\/\"},{\"@type\":\"ListItem\",\"position\":4,\"name\":\"Trastornos oculares\",\"item\":\"https:\/\/www.newyorkhipknee.com\/es\/indemnizacion-por-accidente-laboral\/directrices-de-tratamiento-medico-mtg\/trastornos-oculares\/\"},{\"@type\":\"ListItem\",\"position\":5,\"name\":\"Trastornos al\u00e9rgicos: Conjuntivitis Estacional, Conjuntivitis Perenne y Conjuntivitis Vernal\"}]},{\"@type\":\"WebSite\",\"@id\":\"https:\/\/www.newyorkhipknee.com\/es\/#website\",\"url\":\"https:\/\/www.newyorkhipknee.com\/es\/\",\"name\":\"Best Hip & Knee Surgeon | NY, USA\",\"description\":\"\",\"potentialAction\":[{\"@type\":\"SearchAction\",\"target\":{\"@type\":\"EntryPoint\",\"urlTemplate\":\"https:\/\/www.newyorkhipknee.com\/es\/?s={search_term_string}\"},\"query-input\":{\"@type\":\"PropertyValueSpecification\",\"valueRequired\":true,\"valueName\":\"search_term_string\"}}],\"inLanguage\":\"es\"}]}<\/script>\n<!-- \/ Yoast SEO plugin. -->","yoast_head_json":{"title":"Trastornos al\u00e9rgicos: Conjuntivitis Estacional, Conjuntivitis Perenne y Conjuntivitis Vernal | Best Hip &amp; Knee Surgeon | NY, USA","description":"Se calcula que la conjuntivitis al\u00e9rgica, una respuesta inflamatoria de la conjuntiva a los al\u00e9rgenos, afecta aproximadamente al 40% de la poblaci\u00f3n","robots":{"index":"index","follow":"follow","max-snippet":"max-snippet:-1","max-image-preview":"max-image-preview:large","max-video-preview":"max-video-preview:-1"},"canonical":"https:\/\/www.newyorkhipknee.com\/es\/indemnizacion-por-accidente-laboral\/directrices-de-tratamiento-medico-mtg\/trastornos-oculares\/trastornos-alergicos-conjuntivitis-estacional-conjuntivitis-perenne-y-conjuntivitis-vernal\/","og_locale":"es_ES","og_type":"article","og_title":"Trastornos al\u00e9rgicos: Conjuntivitis Estacional, Conjuntivitis Perenne y Conjuntivitis Vernal | Best Hip &amp; Knee Surgeon | NY, USA","og_description":"Se calcula que la conjuntivitis al\u00e9rgica, una respuesta inflamatoria de la conjuntiva a los al\u00e9rgenos, afecta aproximadamente al 40% de la poblaci\u00f3n","og_url":"https:\/\/www.newyorkhipknee.com\/es\/indemnizacion-por-accidente-laboral\/directrices-de-tratamiento-medico-mtg\/trastornos-oculares\/trastornos-alergicos-conjuntivitis-estacional-conjuntivitis-perenne-y-conjuntivitis-vernal\/","og_site_name":"Best Hip &amp; Knee Surgeon | NY, USA","twitter_card":"summary_large_image","twitter_misc":{"Tiempo de lectura":"9 minutos"},"schema":{"@context":"https:\/\/schema.org","@graph":[{"@type":["WebPage","MedicalWebPage"],"@id":"https:\/\/www.newyorkhipknee.com\/es\/indemnizacion-por-accidente-laboral\/directrices-de-tratamiento-medico-mtg\/trastornos-oculares\/trastornos-alergicos-conjuntivitis-estacional-conjuntivitis-perenne-y-conjuntivitis-vernal\/","url":"https:\/\/www.newyorkhipknee.com\/es\/indemnizacion-por-accidente-laboral\/directrices-de-tratamiento-medico-mtg\/trastornos-oculares\/trastornos-alergicos-conjuntivitis-estacional-conjuntivitis-perenne-y-conjuntivitis-vernal\/","name":"Trastornos al\u00e9rgicos: Conjuntivitis Estacional, Conjuntivitis Perenne y Conjuntivitis Vernal | Best Hip &amp; Knee Surgeon | NY, USA","isPartOf":{"@id":"https:\/\/www.newyorkhipknee.com\/es\/#website"},"datePublished":"2023-12-27T21:47:38+00:00","description":"Se calcula que la conjuntivitis al\u00e9rgica, una respuesta inflamatoria de la conjuntiva a los al\u00e9rgenos, afecta aproximadamente al 40% de la poblaci\u00f3n","breadcrumb":{"@id":"https:\/\/www.newyorkhipknee.com\/es\/indemnizacion-por-accidente-laboral\/directrices-de-tratamiento-medico-mtg\/trastornos-oculares\/trastornos-alergicos-conjuntivitis-estacional-conjuntivitis-perenne-y-conjuntivitis-vernal\/#breadcrumb"},"inLanguage":"es","potentialAction":[{"@type":"ReadAction","target":["https:\/\/www.newyorkhipknee.com\/es\/indemnizacion-por-accidente-laboral\/directrices-de-tratamiento-medico-mtg\/trastornos-oculares\/trastornos-alergicos-conjuntivitis-estacional-conjuntivitis-perenne-y-conjuntivitis-vernal\/"]}]},{"@type":"BreadcrumbList","@id":"https:\/\/www.newyorkhipknee.com\/es\/indemnizacion-por-accidente-laboral\/directrices-de-tratamiento-medico-mtg\/trastornos-oculares\/trastornos-alergicos-conjuntivitis-estacional-conjuntivitis-perenne-y-conjuntivitis-vernal\/#breadcrumb","itemListElement":[{"@type":"ListItem","position":1,"name":"Home","item":"https:\/\/www.newyorkhipknee.com\/es\/"},{"@type":"ListItem","position":2,"name":"Indemnizaci\u00f3n por accidente laboral","item":"https:\/\/www.newyorkhipknee.com\/es\/indemnizacion-por-accidente-laboral\/"},{"@type":"ListItem","position":3,"name":"Directrices de tratamiento m\u00e9dico (MTG)","item":"https:\/\/www.newyorkhipknee.com\/es\/indemnizacion-por-accidente-laboral\/directrices-de-tratamiento-medico-mtg\/"},{"@type":"ListItem","position":4,"name":"Trastornos oculares","item":"https:\/\/www.newyorkhipknee.com\/es\/indemnizacion-por-accidente-laboral\/directrices-de-tratamiento-medico-mtg\/trastornos-oculares\/"},{"@type":"ListItem","position":5,"name":"Trastornos al\u00e9rgicos: Conjuntivitis Estacional, Conjuntivitis Perenne y Conjuntivitis Vernal"}]},{"@type":"WebSite","@id":"https:\/\/www.newyorkhipknee.com\/es\/#website","url":"https:\/\/www.newyorkhipknee.com\/es\/","name":"Best Hip & Knee Surgeon | NY, USA","description":"","potentialAction":[{"@type":"SearchAction","target":{"@type":"EntryPoint","urlTemplate":"https:\/\/www.newyorkhipknee.com\/es\/?s={search_term_string}"},"query-input":{"@type":"PropertyValueSpecification","valueRequired":true,"valueName":"search_term_string"}}],"inLanguage":"es"}]}},"_links":{"self":[{"href":"https:\/\/www.newyorkhipknee.com\/es\/wp-json\/wp\/v2\/pages\/21124","targetHints":{"allow":["GET"]}}],"collection":[{"href":"https:\/\/www.newyorkhipknee.com\/es\/wp-json\/wp\/v2\/pages"}],"about":[{"href":"https:\/\/www.newyorkhipknee.com\/es\/wp-json\/wp\/v2\/types\/page"}],"author":[{"embeddable":true,"href":"https:\/\/www.newyorkhipknee.com\/es\/wp-json\/wp\/v2\/users\/33"}],"replies":[{"embeddable":true,"href":"https:\/\/www.newyorkhipknee.com\/es\/wp-json\/wp\/v2\/comments?post=21124"}],"version-history":[{"count":0,"href":"https:\/\/www.newyorkhipknee.com\/es\/wp-json\/wp\/v2\/pages\/21124\/revisions"}],"up":[{"embeddable":true,"href":"https:\/\/www.newyorkhipknee.com\/es\/wp-json\/wp\/v2\/pages\/21160"}],"wp:attachment":[{"href":"https:\/\/www.newyorkhipknee.com\/es\/wp-json\/wp\/v2\/media?parent=21124"}],"curies":[{"name":"wp","href":"https:\/\/api.w.org\/{rel}","templated":true}]}}