{"id":21128,"date":"2023-12-27T16:34:24","date_gmt":"2023-12-27T21:34:24","guid":{"rendered":"https:\/\/newyorkhipknee.com\/blefaroconjuntivitis\/"},"modified":"2023-12-27T16:34:24","modified_gmt":"2023-12-27T21:34:24","slug":"blefaroconjuntivitis","status":"publish","type":"page","link":"https:\/\/www.newyorkhipknee.com\/es\/indemnizacion-por-accidente-laboral\/directrices-de-tratamiento-medico-mtg\/trastornos-oculares\/blefaroconjuntivitis\/","title":{"rendered":"Blefaroconjuntivitis"},"content":{"rendered":"<p>La blefaroconjuntivitis es una inflamaci\u00f3n persistente del p\u00e1rpado a lo largo de la base de las pesta\u00f1as. Esta afecci\u00f3n provoca s\u00edntomas como irritaci\u00f3n, picor, ojos llorosos, mattering, parpadeo frecuente e incluso puede causar sensibilidad a la luz (fotofobia). Diversos factores pueden contribuir a su desarrollo, como una producci\u00f3n insuficiente de gl\u00e1ndulas seb\u00e1ceas, infecciones bacterianas, alergias, ros\u00e1cea y otras afecciones subyacentes.<\/p>\n<p>La infecci\u00f3n estafiloc\u00f3cica es una causa frecuente de blefaroconjuntivitis. Cabe se\u00f1alar que la calidad de la bibliograf\u00eda sobre este tema es, en general, deficiente. Aunque suele considerarse una afecci\u00f3n no ocupacional, su inclusi\u00f3n en la directriz garantiza una visi\u00f3n global, ya que se identifica con frecuencia durante las evaluaciones cl\u00ednicas.<\/p>\n<p>&nbsp;<\/p>\n<h2>Tratamiento<\/h2>\n<p><strong>Higiene diaria de los p\u00e1rpados para la blefaroconjuntivitis:<\/strong> Se recomienda para el tratamiento de la blefaroconjuntivitis. La frecuencia, la dosis y la duraci\u00f3n recomendadas consisten en frotar diariamente los p\u00e1rpados y las pesta\u00f1as con un aplicador de algod\u00f3n o una toallita suave, junto con agua y jab\u00f3n sin perfume ni colorantes. Como alternativa, pueden utilizarse toallitas para p\u00e1rpados de venta libre. La interrupci\u00f3n est\u00e1 indicada tras la resoluci\u00f3n de los s\u00edntomas, y una reducci\u00f3n de la frecuencia de lavado puede ser posible una vez que la condici\u00f3n est\u00e9 bajo control.<\/p>\n<p><strong>Antibi\u00f3ticos para la blefaroconjuntivitis:<\/strong> Se recomiendan antibi\u00f3ticos para tratar la blefaroconjuntivitis anterior. Esto es especialmente cierto cuando la higiene de las tapas por s\u00ed sola resulta insuficiente y se inician antibi\u00f3ticos por fallos cl\u00ednicos. Las prescripciones iniciales de antibi\u00f3ticos t\u00f3picos pueden prescribirse especialmente para las presentaciones m\u00e1s graves.<\/p>\n<p><strong>Esteroides para la blefaroconjuntivitis:<\/strong> Los corticoides se recomiendan para tratar los casos m\u00e1s graves de blefaroconjuntivitis anterior. Es importante tener en cuenta que este tratamiento puede provocar un aumento de la presi\u00f3n intraocular (PIO). Por lo tanto, la prescripci\u00f3n de corticoides s\u00f3lo debe realizarla un oftalm\u00f3logo o un profesional sanitario con capacidad para monitorizar la PIO de forma rutinaria, precisa y peri\u00f3dica.<\/p>\n<p><strong>Indicaciones:<\/strong> Los corticoides est\u00e1n indicados para la blefaroconjuntivitis anterior de moderada a grave. Normalmente, se inicia la higiene del p\u00e1rpado y se utilizan antibi\u00f3ticos para los casos en los que la higiene del p\u00e1rpado por s\u00ed sola es insuficiente. Puede recomendarse la prescripci\u00f3n de corticoides t\u00f3picos, a menudo en combinaci\u00f3n con antibi\u00f3ticos, especialmente en los casos m\u00e1s graves o para acelerar la resoluci\u00f3n de los s\u00edntomas.<\/p>\n","protected":false},"excerpt":{"rendered":"<p>La blefaroconjuntivitis es una inflamaci\u00f3n persistente del p\u00e1rpado a lo largo de la base de las pesta\u00f1as. Esta afecci\u00f3n provoca s\u00edntomas como irritaci\u00f3n, picor, ojos llorosos, mattering, parpadeo frecuente e incluso puede causar sensibilidad a la luz (fotofobia). Diversos factores pueden contribuir a su desarrollo, como una producci\u00f3n insuficiente de gl\u00e1ndulas seb\u00e1ceas, infecciones bacterianas, alergias, [&hellip;]<\/p>\n","protected":false},"author":33,"featured_media":0,"parent":21160,"menu_order":0,"comment_status":"closed","ping_status":"closed","template":"","meta":{"_et_pb_use_builder":"","_et_pb_old_content":"","_et_gb_content_width":"","footnotes":""},"class_list":["post-21128","page","type-page","status-publish","hentry"],"yoast_head":"<!-- This site is optimized with the Yoast SEO plugin v27.2 - https:\/\/yoast.com\/product\/yoast-seo-wordpress\/ -->\n<title>Blefaroconjuntivitis | Best Hip &amp; Knee Surgeon | NY, USA<\/title>\n<meta name=\"description\" content=\"La blefaroconjuntivitis es una inflamaci\u00f3n persistente del p\u00e1rpado a lo largo de la base de las pesta\u00f1as. Esta afecci\u00f3n provoca s\u00edntomas como irritaci\u00f3n,\" \/>\n<meta name=\"robots\" content=\"index, follow, max-snippet:-1, max-image-preview:large, max-video-preview:-1\" \/>\n<link rel=\"canonical\" href=\"https:\/\/www.newyorkhipknee.com\/es\/indemnizacion-por-accidente-laboral\/directrices-de-tratamiento-medico-mtg\/trastornos-oculares\/blefaroconjuntivitis\/\" \/>\n<meta property=\"og:locale\" content=\"es_ES\" \/>\n<meta property=\"og:type\" content=\"article\" \/>\n<meta property=\"og:title\" content=\"Blefaroconjuntivitis | Best Hip &amp; Knee Surgeon | NY, USA\" \/>\n<meta property=\"og:description\" content=\"La blefaroconjuntivitis es una inflamaci\u00f3n persistente del p\u00e1rpado a lo largo de la base de las pesta\u00f1as. Esta afecci\u00f3n provoca s\u00edntomas como irritaci\u00f3n,\" \/>\n<meta property=\"og:url\" content=\"https:\/\/www.newyorkhipknee.com\/es\/indemnizacion-por-accidente-laboral\/directrices-de-tratamiento-medico-mtg\/trastornos-oculares\/blefaroconjuntivitis\/\" \/>\n<meta property=\"og:site_name\" content=\"Best Hip &amp; Knee Surgeon | NY, USA\" \/>\n<meta name=\"twitter:card\" content=\"summary_large_image\" \/>\n<meta name=\"twitter:label1\" content=\"Tiempo de lectura\" \/>\n\t<meta name=\"twitter:data1\" content=\"2 minutos\" \/>\n<script type=\"application\/ld+json\" class=\"yoast-schema-graph\">{\"@context\":\"https:\/\/schema.org\",\"@graph\":[{\"@type\":[\"WebPage\",\"MedicalWebPage\"],\"@id\":\"https:\/\/www.newyorkhipknee.com\/es\/indemnizacion-por-accidente-laboral\/directrices-de-tratamiento-medico-mtg\/trastornos-oculares\/blefaroconjuntivitis\/\",\"url\":\"https:\/\/www.newyorkhipknee.com\/es\/indemnizacion-por-accidente-laboral\/directrices-de-tratamiento-medico-mtg\/trastornos-oculares\/blefaroconjuntivitis\/\",\"name\":\"Blefaroconjuntivitis | Best Hip &amp; Knee Surgeon | NY, USA\",\"isPartOf\":{\"@id\":\"https:\/\/www.newyorkhipknee.com\/es\/#website\"},\"datePublished\":\"2023-12-27T21:34:24+00:00\",\"description\":\"La blefaroconjuntivitis es una inflamaci\u00f3n persistente del p\u00e1rpado a lo largo de la base de las pesta\u00f1as. Esta afecci\u00f3n provoca s\u00edntomas como irritaci\u00f3n,\",\"breadcrumb\":{\"@id\":\"https:\/\/www.newyorkhipknee.com\/es\/indemnizacion-por-accidente-laboral\/directrices-de-tratamiento-medico-mtg\/trastornos-oculares\/blefaroconjuntivitis\/#breadcrumb\"},\"inLanguage\":\"es\",\"potentialAction\":[{\"@type\":\"ReadAction\",\"target\":[\"https:\/\/www.newyorkhipknee.com\/es\/indemnizacion-por-accidente-laboral\/directrices-de-tratamiento-medico-mtg\/trastornos-oculares\/blefaroconjuntivitis\/\"]}]},{\"@type\":\"BreadcrumbList\",\"@id\":\"https:\/\/www.newyorkhipknee.com\/es\/indemnizacion-por-accidente-laboral\/directrices-de-tratamiento-medico-mtg\/trastornos-oculares\/blefaroconjuntivitis\/#breadcrumb\",\"itemListElement\":[{\"@type\":\"ListItem\",\"position\":1,\"name\":\"Home\",\"item\":\"https:\/\/www.newyorkhipknee.com\/es\/\"},{\"@type\":\"ListItem\",\"position\":2,\"name\":\"Indemnizaci\u00f3n por accidente laboral\",\"item\":\"https:\/\/www.newyorkhipknee.com\/es\/indemnizacion-por-accidente-laboral\/\"},{\"@type\":\"ListItem\",\"position\":3,\"name\":\"Directrices de tratamiento m\u00e9dico (MTG)\",\"item\":\"https:\/\/www.newyorkhipknee.com\/es\/indemnizacion-por-accidente-laboral\/directrices-de-tratamiento-medico-mtg\/\"},{\"@type\":\"ListItem\",\"position\":4,\"name\":\"Trastornos oculares\",\"item\":\"https:\/\/www.newyorkhipknee.com\/es\/indemnizacion-por-accidente-laboral\/directrices-de-tratamiento-medico-mtg\/trastornos-oculares\/\"},{\"@type\":\"ListItem\",\"position\":5,\"name\":\"Blefaroconjuntivitis\"}]},{\"@type\":\"WebSite\",\"@id\":\"https:\/\/www.newyorkhipknee.com\/es\/#website\",\"url\":\"https:\/\/www.newyorkhipknee.com\/es\/\",\"name\":\"Best Hip & Knee Surgeon | NY, USA\",\"description\":\"\",\"potentialAction\":[{\"@type\":\"SearchAction\",\"target\":{\"@type\":\"EntryPoint\",\"urlTemplate\":\"https:\/\/www.newyorkhipknee.com\/es\/?s={search_term_string}\"},\"query-input\":{\"@type\":\"PropertyValueSpecification\",\"valueRequired\":true,\"valueName\":\"search_term_string\"}}],\"inLanguage\":\"es\"}]}<\/script>\n<!-- \/ Yoast SEO plugin. -->","yoast_head_json":{"title":"Blefaroconjuntivitis | Best Hip &amp; Knee Surgeon | NY, USA","description":"La blefaroconjuntivitis es una inflamaci\u00f3n persistente del p\u00e1rpado a lo largo de la base de las pesta\u00f1as. Esta afecci\u00f3n provoca s\u00edntomas como irritaci\u00f3n,","robots":{"index":"index","follow":"follow","max-snippet":"max-snippet:-1","max-image-preview":"max-image-preview:large","max-video-preview":"max-video-preview:-1"},"canonical":"https:\/\/www.newyorkhipknee.com\/es\/indemnizacion-por-accidente-laboral\/directrices-de-tratamiento-medico-mtg\/trastornos-oculares\/blefaroconjuntivitis\/","og_locale":"es_ES","og_type":"article","og_title":"Blefaroconjuntivitis | Best Hip &amp; Knee Surgeon | NY, USA","og_description":"La blefaroconjuntivitis es una inflamaci\u00f3n persistente del p\u00e1rpado a lo largo de la base de las pesta\u00f1as. Esta afecci\u00f3n provoca s\u00edntomas como irritaci\u00f3n,","og_url":"https:\/\/www.newyorkhipknee.com\/es\/indemnizacion-por-accidente-laboral\/directrices-de-tratamiento-medico-mtg\/trastornos-oculares\/blefaroconjuntivitis\/","og_site_name":"Best Hip &amp; Knee Surgeon | NY, USA","twitter_card":"summary_large_image","twitter_misc":{"Tiempo de lectura":"2 minutos"},"schema":{"@context":"https:\/\/schema.org","@graph":[{"@type":["WebPage","MedicalWebPage"],"@id":"https:\/\/www.newyorkhipknee.com\/es\/indemnizacion-por-accidente-laboral\/directrices-de-tratamiento-medico-mtg\/trastornos-oculares\/blefaroconjuntivitis\/","url":"https:\/\/www.newyorkhipknee.com\/es\/indemnizacion-por-accidente-laboral\/directrices-de-tratamiento-medico-mtg\/trastornos-oculares\/blefaroconjuntivitis\/","name":"Blefaroconjuntivitis | Best Hip &amp; Knee Surgeon | NY, USA","isPartOf":{"@id":"https:\/\/www.newyorkhipknee.com\/es\/#website"},"datePublished":"2023-12-27T21:34:24+00:00","description":"La blefaroconjuntivitis es una inflamaci\u00f3n persistente del p\u00e1rpado a lo largo de la base de las pesta\u00f1as. Esta afecci\u00f3n provoca s\u00edntomas como irritaci\u00f3n,","breadcrumb":{"@id":"https:\/\/www.newyorkhipknee.com\/es\/indemnizacion-por-accidente-laboral\/directrices-de-tratamiento-medico-mtg\/trastornos-oculares\/blefaroconjuntivitis\/#breadcrumb"},"inLanguage":"es","potentialAction":[{"@type":"ReadAction","target":["https:\/\/www.newyorkhipknee.com\/es\/indemnizacion-por-accidente-laboral\/directrices-de-tratamiento-medico-mtg\/trastornos-oculares\/blefaroconjuntivitis\/"]}]},{"@type":"BreadcrumbList","@id":"https:\/\/www.newyorkhipknee.com\/es\/indemnizacion-por-accidente-laboral\/directrices-de-tratamiento-medico-mtg\/trastornos-oculares\/blefaroconjuntivitis\/#breadcrumb","itemListElement":[{"@type":"ListItem","position":1,"name":"Home","item":"https:\/\/www.newyorkhipknee.com\/es\/"},{"@type":"ListItem","position":2,"name":"Indemnizaci\u00f3n por accidente laboral","item":"https:\/\/www.newyorkhipknee.com\/es\/indemnizacion-por-accidente-laboral\/"},{"@type":"ListItem","position":3,"name":"Directrices de tratamiento m\u00e9dico (MTG)","item":"https:\/\/www.newyorkhipknee.com\/es\/indemnizacion-por-accidente-laboral\/directrices-de-tratamiento-medico-mtg\/"},{"@type":"ListItem","position":4,"name":"Trastornos oculares","item":"https:\/\/www.newyorkhipknee.com\/es\/indemnizacion-por-accidente-laboral\/directrices-de-tratamiento-medico-mtg\/trastornos-oculares\/"},{"@type":"ListItem","position":5,"name":"Blefaroconjuntivitis"}]},{"@type":"WebSite","@id":"https:\/\/www.newyorkhipknee.com\/es\/#website","url":"https:\/\/www.newyorkhipknee.com\/es\/","name":"Best Hip & Knee Surgeon | NY, USA","description":"","potentialAction":[{"@type":"SearchAction","target":{"@type":"EntryPoint","urlTemplate":"https:\/\/www.newyorkhipknee.com\/es\/?s={search_term_string}"},"query-input":{"@type":"PropertyValueSpecification","valueRequired":true,"valueName":"search_term_string"}}],"inLanguage":"es"}]}},"_links":{"self":[{"href":"https:\/\/www.newyorkhipknee.com\/es\/wp-json\/wp\/v2\/pages\/21128","targetHints":{"allow":["GET"]}}],"collection":[{"href":"https:\/\/www.newyorkhipknee.com\/es\/wp-json\/wp\/v2\/pages"}],"about":[{"href":"https:\/\/www.newyorkhipknee.com\/es\/wp-json\/wp\/v2\/types\/page"}],"author":[{"embeddable":true,"href":"https:\/\/www.newyorkhipknee.com\/es\/wp-json\/wp\/v2\/users\/33"}],"replies":[{"embeddable":true,"href":"https:\/\/www.newyorkhipknee.com\/es\/wp-json\/wp\/v2\/comments?post=21128"}],"version-history":[{"count":0,"href":"https:\/\/www.newyorkhipknee.com\/es\/wp-json\/wp\/v2\/pages\/21128\/revisions"}],"up":[{"embeddable":true,"href":"https:\/\/www.newyorkhipknee.com\/es\/wp-json\/wp\/v2\/pages\/21160"}],"wp:attachment":[{"href":"https:\/\/www.newyorkhipknee.com\/es\/wp-json\/wp\/v2\/media?parent=21128"}],"curies":[{"name":"wp","href":"https:\/\/api.w.org\/{rel}","templated":true}]}}