{"id":21141,"date":"2023-12-28T14:35:35","date_gmt":"2023-12-28T19:35:35","guid":{"rendered":"https:\/\/newyorkhipknee.com\/pterigion\/"},"modified":"2024-01-01T09:36:50","modified_gmt":"2024-01-01T14:36:50","slug":"pterigion","status":"publish","type":"page","link":"https:\/\/www.newyorkhipknee.com\/es\/indemnizacion-por-accidente-laboral\/directrices-de-tratamiento-medico-mtg\/trastornos-oculares\/pterigion\/","title":{"rendered":"Pterigi\u00f3n"},"content":{"rendered":"<p>El pterigi\u00f3n es un crecimiento extra\u00f1o: es como un pliegue triangular de tejido que se desplaza lentamente por la c\u00f3rnea, normalmente empezando por el lado nasal. A veces, puede observarse cierta inflamaci\u00f3n en la conjuntiva que lo rodea. Es m\u00e1s frecuente en zonas tropicales o secas y entre las personas que pasan mucho tiempo al aire libre expuestas a los rayos ultravioleta. Por lo general, se trata m\u00e1s bien de un problema est\u00e9tico, pero para algunos desafortunados puede provocar s\u00edntomas. Sin embargo, si este crecimiento empieza a entorpecer la visi\u00f3n, lo mejor es operar para extirparlo.<\/p>\n<p>&nbsp;<\/p>\n<h2>Tratamientos<\/h2>\n<p><strong>Gotas oft\u00e1lmicas con AINE:<\/strong> No se moleste con las gotas de AINE para pterigi\u00f3n irritada o pingu\u00e9cula-no se recomienda.<\/p>\n<p><strong>Gotas de glucocorticosteroides:<\/strong> Para esos pterigiones o pingu\u00e9culas enrojecidos e inflamados, recurra a las gotas de glucocorticosteroides. Por lo general, es una buena idea empezar primero con l\u00e1grimas artificiales, ya que tienen menos efectos secundarios. Tenga en cuenta, no obstante, que estas gotas de esteroides pueden alterar la presi\u00f3n intraocular (PIO), por lo que s\u00f3lo debe recet\u00e1rselas un oftalm\u00f3logo o un m\u00e9dico que controle peri\u00f3dicamente la PIO. Siga las recomendaciones del fabricante sobre la frecuencia y la duraci\u00f3n de su uso. En un ensayo, utilizaron gotas de dexametasona al 0,1% seis veces al d\u00eda durante tres d\u00edas, y despu\u00e9s cuatro veces al d\u00eda durante dos semanas.<\/p>\n<p><strong>Indicaciones de interrupci\u00f3n:<\/strong> Deje de usar las gotas cuando sus s\u00edntomas desaparezcan, no las tolere, experimente efectos secundarios o termine el tratamiento recomendado.<\/p>\n<p><strong>Extirpaci\u00f3n quir\u00fargica de pterigiones:<\/strong> Si tiene pterigiones colgando cerca o interfiriendo con su l\u00ednea de visi\u00f3n, especialmente si siempre est\u00e1n irritados o no responden a las gotas para los ojos, la extirpaci\u00f3n quir\u00fargica es el camino a seguir. Esto es especialmente cierto en el caso de los que causan problemas visuales inminentes. Claro que la cirug\u00eda es un poco invasiva y puede tener sus inconvenientes, pero se recomienda selectivamente para evitar complicaciones graves y salvar la vista.<\/p>\n<p><strong>Bevacizumab:<\/strong> Para evitar que los pterigiones reaparezcan, considere el uso de Bevacizumab. Esto se recomienda especialmente tras la extirpaci\u00f3n quir\u00fargica, sobre todo en pacientes j\u00f3venes que son m\u00e1s propensos a que estas cosas vuelvan a aparecer. Si no lo soportas, experimentas efectos secundarios o terminas el tratamiento recomendado, es hora de dejarlo.<\/p>\n<p>&nbsp;<\/p>\n","protected":false},"excerpt":{"rendered":"<p>El pterigi\u00f3n es un crecimiento extra\u00f1o: es como un pliegue triangular de tejido que se desplaza lentamente por la c\u00f3rnea, normalmente empezando por el lado nasal. A veces, puede observarse cierta inflamaci\u00f3n en la conjuntiva que lo rodea. Es m\u00e1s frecuente en zonas tropicales o secas y entre las personas que pasan mucho tiempo al [&hellip;]<\/p>\n","protected":false},"author":33,"featured_media":0,"parent":21160,"menu_order":0,"comment_status":"closed","ping_status":"closed","template":"","meta":{"_et_pb_use_builder":"","_et_pb_old_content":"","_et_gb_content_width":"","footnotes":""},"class_list":["post-21141","page","type-page","status-publish","hentry"],"yoast_head":"<!-- This site is optimized with the Yoast SEO plugin v27.2 - https:\/\/yoast.com\/product\/yoast-seo-wordpress\/ -->\n<title>Pterigi\u00f3n | Best Hip &amp; Knee Surgeon | NY, USA<\/title>\n<meta name=\"description\" content=\"El pterigi\u00f3n es un crecimiento extra\u00f1o: es como un pliegue triangular de tejido que se desplaza lentamente por la c\u00f3rnea, normalmente empezando por el\" \/>\n<meta name=\"robots\" content=\"index, follow, max-snippet:-1, max-image-preview:large, max-video-preview:-1\" \/>\n<link rel=\"canonical\" href=\"https:\/\/www.newyorkhipknee.com\/es\/indemnizacion-por-accidente-laboral\/directrices-de-tratamiento-medico-mtg\/trastornos-oculares\/pterigion\/\" \/>\n<meta property=\"og:locale\" content=\"es_ES\" \/>\n<meta property=\"og:type\" content=\"article\" \/>\n<meta property=\"og:title\" content=\"Pterigi\u00f3n | Best Hip &amp; Knee Surgeon | NY, USA\" \/>\n<meta property=\"og:description\" content=\"El pterigi\u00f3n es un crecimiento extra\u00f1o: es como un pliegue triangular de tejido que se desplaza lentamente por la c\u00f3rnea, normalmente empezando por el\" \/>\n<meta property=\"og:url\" content=\"https:\/\/www.newyorkhipknee.com\/es\/indemnizacion-por-accidente-laboral\/directrices-de-tratamiento-medico-mtg\/trastornos-oculares\/pterigion\/\" \/>\n<meta property=\"og:site_name\" content=\"Best Hip &amp; Knee Surgeon | NY, USA\" \/>\n<meta property=\"article:modified_time\" content=\"2024-01-01T14:36:50+00:00\" \/>\n<meta name=\"twitter:card\" content=\"summary_large_image\" \/>\n<meta name=\"twitter:label1\" content=\"Tiempo de lectura\" \/>\n\t<meta name=\"twitter:data1\" content=\"2 minutos\" \/>\n<script type=\"application\/ld+json\" class=\"yoast-schema-graph\">{\"@context\":\"https:\/\/schema.org\",\"@graph\":[{\"@type\":[\"WebPage\",\"MedicalWebPage\"],\"@id\":\"https:\/\/www.newyorkhipknee.com\/es\/indemnizacion-por-accidente-laboral\/directrices-de-tratamiento-medico-mtg\/trastornos-oculares\/pterigion\/\",\"url\":\"https:\/\/www.newyorkhipknee.com\/es\/indemnizacion-por-accidente-laboral\/directrices-de-tratamiento-medico-mtg\/trastornos-oculares\/pterigion\/\",\"name\":\"Pterigi\u00f3n | Best Hip &amp; Knee Surgeon | NY, USA\",\"isPartOf\":{\"@id\":\"https:\/\/www.newyorkhipknee.com\/es\/#website\"},\"datePublished\":\"2023-12-28T19:35:35+00:00\",\"dateModified\":\"2024-01-01T14:36:50+00:00\",\"description\":\"El pterigi\u00f3n es un crecimiento extra\u00f1o: es como un pliegue triangular de tejido que se desplaza lentamente por la c\u00f3rnea, normalmente empezando por el\",\"breadcrumb\":{\"@id\":\"https:\/\/www.newyorkhipknee.com\/es\/indemnizacion-por-accidente-laboral\/directrices-de-tratamiento-medico-mtg\/trastornos-oculares\/pterigion\/#breadcrumb\"},\"inLanguage\":\"es\",\"potentialAction\":[{\"@type\":\"ReadAction\",\"target\":[\"https:\/\/www.newyorkhipknee.com\/es\/indemnizacion-por-accidente-laboral\/directrices-de-tratamiento-medico-mtg\/trastornos-oculares\/pterigion\/\"]}]},{\"@type\":\"BreadcrumbList\",\"@id\":\"https:\/\/www.newyorkhipknee.com\/es\/indemnizacion-por-accidente-laboral\/directrices-de-tratamiento-medico-mtg\/trastornos-oculares\/pterigion\/#breadcrumb\",\"itemListElement\":[{\"@type\":\"ListItem\",\"position\":1,\"name\":\"Home\",\"item\":\"https:\/\/www.newyorkhipknee.com\/es\/\"},{\"@type\":\"ListItem\",\"position\":2,\"name\":\"Indemnizaci\u00f3n por accidente laboral\",\"item\":\"https:\/\/www.newyorkhipknee.com\/es\/indemnizacion-por-accidente-laboral\/\"},{\"@type\":\"ListItem\",\"position\":3,\"name\":\"Directrices de tratamiento m\u00e9dico (MTG)\",\"item\":\"https:\/\/www.newyorkhipknee.com\/es\/indemnizacion-por-accidente-laboral\/directrices-de-tratamiento-medico-mtg\/\"},{\"@type\":\"ListItem\",\"position\":4,\"name\":\"Trastornos oculares\",\"item\":\"https:\/\/www.newyorkhipknee.com\/es\/indemnizacion-por-accidente-laboral\/directrices-de-tratamiento-medico-mtg\/trastornos-oculares\/\"},{\"@type\":\"ListItem\",\"position\":5,\"name\":\"Pterigi\u00f3n\"}]},{\"@type\":\"WebSite\",\"@id\":\"https:\/\/www.newyorkhipknee.com\/es\/#website\",\"url\":\"https:\/\/www.newyorkhipknee.com\/es\/\",\"name\":\"Best Hip & Knee Surgeon | NY, USA\",\"description\":\"\",\"potentialAction\":[{\"@type\":\"SearchAction\",\"target\":{\"@type\":\"EntryPoint\",\"urlTemplate\":\"https:\/\/www.newyorkhipknee.com\/es\/?s={search_term_string}\"},\"query-input\":{\"@type\":\"PropertyValueSpecification\",\"valueRequired\":true,\"valueName\":\"search_term_string\"}}],\"inLanguage\":\"es\"}]}<\/script>\n<!-- \/ Yoast SEO plugin. -->","yoast_head_json":{"title":"Pterigi\u00f3n | Best Hip &amp; Knee Surgeon | NY, USA","description":"El pterigi\u00f3n es un crecimiento extra\u00f1o: es como un pliegue triangular de tejido que se desplaza lentamente por la c\u00f3rnea, normalmente empezando por el","robots":{"index":"index","follow":"follow","max-snippet":"max-snippet:-1","max-image-preview":"max-image-preview:large","max-video-preview":"max-video-preview:-1"},"canonical":"https:\/\/www.newyorkhipknee.com\/es\/indemnizacion-por-accidente-laboral\/directrices-de-tratamiento-medico-mtg\/trastornos-oculares\/pterigion\/","og_locale":"es_ES","og_type":"article","og_title":"Pterigi\u00f3n | Best Hip &amp; Knee Surgeon | NY, USA","og_description":"El pterigi\u00f3n es un crecimiento extra\u00f1o: es como un pliegue triangular de tejido que se desplaza lentamente por la c\u00f3rnea, normalmente empezando por el","og_url":"https:\/\/www.newyorkhipknee.com\/es\/indemnizacion-por-accidente-laboral\/directrices-de-tratamiento-medico-mtg\/trastornos-oculares\/pterigion\/","og_site_name":"Best Hip &amp; Knee Surgeon | NY, USA","article_modified_time":"2024-01-01T14:36:50+00:00","twitter_card":"summary_large_image","twitter_misc":{"Tiempo de lectura":"2 minutos"},"schema":{"@context":"https:\/\/schema.org","@graph":[{"@type":["WebPage","MedicalWebPage"],"@id":"https:\/\/www.newyorkhipknee.com\/es\/indemnizacion-por-accidente-laboral\/directrices-de-tratamiento-medico-mtg\/trastornos-oculares\/pterigion\/","url":"https:\/\/www.newyorkhipknee.com\/es\/indemnizacion-por-accidente-laboral\/directrices-de-tratamiento-medico-mtg\/trastornos-oculares\/pterigion\/","name":"Pterigi\u00f3n | Best Hip &amp; Knee Surgeon | NY, USA","isPartOf":{"@id":"https:\/\/www.newyorkhipknee.com\/es\/#website"},"datePublished":"2023-12-28T19:35:35+00:00","dateModified":"2024-01-01T14:36:50+00:00","description":"El pterigi\u00f3n es un crecimiento extra\u00f1o: es como un pliegue triangular de tejido que se desplaza lentamente por la c\u00f3rnea, normalmente empezando por el","breadcrumb":{"@id":"https:\/\/www.newyorkhipknee.com\/es\/indemnizacion-por-accidente-laboral\/directrices-de-tratamiento-medico-mtg\/trastornos-oculares\/pterigion\/#breadcrumb"},"inLanguage":"es","potentialAction":[{"@type":"ReadAction","target":["https:\/\/www.newyorkhipknee.com\/es\/indemnizacion-por-accidente-laboral\/directrices-de-tratamiento-medico-mtg\/trastornos-oculares\/pterigion\/"]}]},{"@type":"BreadcrumbList","@id":"https:\/\/www.newyorkhipknee.com\/es\/indemnizacion-por-accidente-laboral\/directrices-de-tratamiento-medico-mtg\/trastornos-oculares\/pterigion\/#breadcrumb","itemListElement":[{"@type":"ListItem","position":1,"name":"Home","item":"https:\/\/www.newyorkhipknee.com\/es\/"},{"@type":"ListItem","position":2,"name":"Indemnizaci\u00f3n por accidente laboral","item":"https:\/\/www.newyorkhipknee.com\/es\/indemnizacion-por-accidente-laboral\/"},{"@type":"ListItem","position":3,"name":"Directrices de tratamiento m\u00e9dico (MTG)","item":"https:\/\/www.newyorkhipknee.com\/es\/indemnizacion-por-accidente-laboral\/directrices-de-tratamiento-medico-mtg\/"},{"@type":"ListItem","position":4,"name":"Trastornos oculares","item":"https:\/\/www.newyorkhipknee.com\/es\/indemnizacion-por-accidente-laboral\/directrices-de-tratamiento-medico-mtg\/trastornos-oculares\/"},{"@type":"ListItem","position":5,"name":"Pterigi\u00f3n"}]},{"@type":"WebSite","@id":"https:\/\/www.newyorkhipknee.com\/es\/#website","url":"https:\/\/www.newyorkhipknee.com\/es\/","name":"Best Hip & Knee Surgeon | NY, USA","description":"","potentialAction":[{"@type":"SearchAction","target":{"@type":"EntryPoint","urlTemplate":"https:\/\/www.newyorkhipknee.com\/es\/?s={search_term_string}"},"query-input":{"@type":"PropertyValueSpecification","valueRequired":true,"valueName":"search_term_string"}}],"inLanguage":"es"}]}},"_links":{"self":[{"href":"https:\/\/www.newyorkhipknee.com\/es\/wp-json\/wp\/v2\/pages\/21141","targetHints":{"allow":["GET"]}}],"collection":[{"href":"https:\/\/www.newyorkhipknee.com\/es\/wp-json\/wp\/v2\/pages"}],"about":[{"href":"https:\/\/www.newyorkhipknee.com\/es\/wp-json\/wp\/v2\/types\/page"}],"author":[{"embeddable":true,"href":"https:\/\/www.newyorkhipknee.com\/es\/wp-json\/wp\/v2\/users\/33"}],"replies":[{"embeddable":true,"href":"https:\/\/www.newyorkhipknee.com\/es\/wp-json\/wp\/v2\/comments?post=21141"}],"version-history":[{"count":0,"href":"https:\/\/www.newyorkhipknee.com\/es\/wp-json\/wp\/v2\/pages\/21141\/revisions"}],"up":[{"embeddable":true,"href":"https:\/\/www.newyorkhipknee.com\/es\/wp-json\/wp\/v2\/pages\/21160"}],"wp:attachment":[{"href":"https:\/\/www.newyorkhipknee.com\/es\/wp-json\/wp\/v2\/media?parent=21141"}],"curies":[{"name":"wp","href":"https:\/\/api.w.org\/{rel}","templated":true}]}}