{"id":21146,"date":"2023-12-28T13:26:37","date_gmt":"2023-12-28T18:26:37","guid":{"rendered":"https:\/\/newyorkhipknee.com\/quemaduras-termicas\/"},"modified":"2023-12-28T13:26:37","modified_gmt":"2023-12-28T18:26:37","slug":"quemaduras-termicas","status":"publish","type":"page","link":"https:\/\/www.newyorkhipknee.com\/es\/indemnizacion-por-accidente-laboral\/directrices-de-tratamiento-medico-mtg\/trastornos-oculares\/quemaduras-termicas\/","title":{"rendered":"Quemaduras t\u00e9rmicas"},"content":{"rendered":"<p>En lo que respecta a la atenci\u00f3n inmediata de las lesiones oculares t\u00e9rmicas, se considera crucial lavar a fondo el ojo con abundante agua u otras soluciones acuosas para obtener mejores resultados. Ahora bien, las quemaduras de la superficie ocular pueden producirse al recibir un impacto intenso de rayos ultravioleta, especialmente al soldar sin la protecci\u00f3n ocular adecuada. Tambi\u00e9n puede ocurrir si est\u00e1s cerca de una operaci\u00f3n de soldadura sin el equipo ocular adecuado.<\/p>\n<p>Los s\u00edntomas suelen aparecer un d\u00eda despu\u00e9s de la exposici\u00f3n, en forma de ojo rojo, doloroso e irritado. La c\u00f3rnea adquiere a menudo un aspecto granular difuso. La historia que cuentas sobre lo ocurrido y el chequeo inicial pintan un cuadro bastante caracter\u00edstico. Cuando se mira bajo una l\u00e1mpara de hendidura, normalmente se ve ese patr\u00f3n granular y, curiosamente, los m\u00e1rgenes superior e inferior de la c\u00f3rnea a menudo escapan al da\u00f1o, ya que los p\u00e1rpados protegen esas partes.<\/p>\n<p>&nbsp;<\/p>\n<h2>Tratamiento<\/h2>\n<p><strong>Gotas oft\u00e1lmicas con AINE:<\/strong> Evite el uso de estas gotas para el resplandor del soldador, no se recomienda.<\/p>\n<p>Parche en <strong>el ojo:<\/strong> se recomienda el uso de parches en el ojo para tratar el resplandor del soldador.<\/p>\n<p><strong>Irrigaci\u00f3n abundante:<\/strong> En caso de exposici\u00f3n t\u00e9rmica de los ojos, sobre todo despu\u00e9s de un accidente de soldadura, es conveniente lavarlos abundantemente. No espere a que aparezcan los s\u00edntomas: empiece el enjuague inmediatamente. En caso de apuro, el agua del grifo funciona bien, sobre todo in situ. Los departamentos m\u00e9dicos de las plantas, las cl\u00ednicas y algunas instalaciones suelen disponer de botellas de irrigaci\u00f3n con soluciones. Aunque el agua del grifo sirve, si tienes opciones como la soluci\u00f3n salina normal o la soluci\u00f3n de Ringer lactato, son mejores, pero s\u00f3lo si puedes conseguirlas enseguida. C\u00e1mbiela por agua del grifo siempre que sea posible.<\/p>\n<p>Para que el enjuague sea m\u00e1s llevadero, a\u00f1ada un anest\u00e9sico t\u00f3pico si lo tiene: ayuda a que el ojo soporte mejor el lavado.<\/p>\n<p><strong>Indicaciones de interrupci\u00f3n:<\/strong> S\u00f3lo se debe suspender despu\u00e9s de un enjuague a fondo, utilizando al menos 500 ml para enjuagar el ojo.<\/p>\n<p><strong>Sistemas de irrigaci\u00f3n (por ejemplo, Morgan Lens):<\/strong> No se recomienda el uso de sistemas de irrigaci\u00f3n como la lente de Morgan para la exposici\u00f3n t\u00e9rmica de los ojos.<\/p>\n<p><strong>L\u00e1grimas artificiales o lubricaci\u00f3n:<\/strong> En caso de quemaduras oculares t\u00e9rmicas, es aconsejable utilizar l\u00e1grimas artificiales o lubricaci\u00f3n, pero de forma selectiva. Esto es especialmente cierto en el caso de quemaduras de gran tama\u00f1o y dolorosas, sobre todo en los casos en los que el desgarro no es suficiente.<\/p>\n<p><strong>Gotas oft\u00e1lmicas con AINE:<\/strong> No se recomienda el uso de gotas de AINE para las quemaduras oculares t\u00e9rmicas.<\/p>\n<p>Parche <strong>ocular:<\/strong> Se recomienda el parche ocular para el tratamiento de quemaduras oculares t\u00e9rmicas de moderadas a graves. Hazlo, sobre todo cuando la quemadura es lo suficientemente grande como para dificultar la visi\u00f3n y el desgarro no es suficiente.<\/p>\n<p><strong>Trasplante de membrana amni\u00f3tica con terapia m\u00e9dica:<\/strong> En raras ocasiones, y junto con la terapia m\u00e9dica, el uso de trasplante de membrana amni\u00f3tica se recomienda selectivamente para el tratamiento de quemaduras oculares t\u00e9rmicas, espec\u00edficamente las que caen dentro de los grados IIIV de la clasificaci\u00f3n de Roper-Hall. El tratamiento m\u00e9dico incluye una combinaci\u00f3n de acetato de prednisolona, moxifloxacina, lubricantes sin conservantes, homatropina y vitamina C durante un tiempo determinado.<\/p>\n<p><strong>Trasplante de membrana amni\u00f3tica independiente para quemaduras oculares agudas:<\/strong> No se recomienda el trasplante de membrana amni\u00f3tica independiente para las quemaduras oculares agudas. No hay suficientes pruebas de alta calidad que respalden esta cirug\u00eda por s\u00ed sola (consulte AMT m\u00e1s medicamentos para obtener m\u00e1s informaci\u00f3n).<\/p>\n","protected":false},"excerpt":{"rendered":"<p>En lo que respecta a la atenci\u00f3n inmediata de las lesiones oculares t\u00e9rmicas, se considera crucial lavar a fondo el ojo con abundante agua u otras soluciones acuosas para obtener mejores resultados. Ahora bien, las quemaduras de la superficie ocular pueden producirse al recibir un impacto intenso de rayos ultravioleta, especialmente al soldar sin la [&hellip;]<\/p>\n","protected":false},"author":33,"featured_media":0,"parent":21160,"menu_order":0,"comment_status":"closed","ping_status":"closed","template":"","meta":{"_et_pb_use_builder":"","_et_pb_old_content":"","_et_gb_content_width":"","footnotes":""},"class_list":["post-21146","page","type-page","status-publish","hentry"],"yoast_head":"<!-- This site is optimized with the Yoast SEO plugin v27.2 - https:\/\/yoast.com\/product\/yoast-seo-wordpress\/ -->\n<title>Quemaduras t\u00e9rmicas | Best Hip &amp; Knee Surgeon | NY, USA<\/title>\n<meta name=\"description\" content=\"En lo que respecta a la atenci\u00f3n inmediata de las lesiones oculares t\u00e9rmicas, se considera crucial lavar a fondo el ojo con abundante agua u otras\" \/>\n<meta name=\"robots\" content=\"index, follow, max-snippet:-1, max-image-preview:large, max-video-preview:-1\" \/>\n<link rel=\"canonical\" href=\"https:\/\/www.newyorkhipknee.com\/es\/indemnizacion-por-accidente-laboral\/directrices-de-tratamiento-medico-mtg\/trastornos-oculares\/quemaduras-termicas\/\" \/>\n<meta property=\"og:locale\" content=\"es_ES\" \/>\n<meta property=\"og:type\" content=\"article\" \/>\n<meta property=\"og:title\" content=\"Quemaduras t\u00e9rmicas | Best Hip &amp; Knee Surgeon | NY, USA\" \/>\n<meta property=\"og:description\" content=\"En lo que respecta a la atenci\u00f3n inmediata de las lesiones oculares t\u00e9rmicas, se considera crucial lavar a fondo el ojo con abundante agua u otras\" \/>\n<meta property=\"og:url\" content=\"https:\/\/www.newyorkhipknee.com\/es\/indemnizacion-por-accidente-laboral\/directrices-de-tratamiento-medico-mtg\/trastornos-oculares\/quemaduras-termicas\/\" \/>\n<meta property=\"og:site_name\" content=\"Best Hip &amp; Knee Surgeon | NY, USA\" \/>\n<meta name=\"twitter:card\" content=\"summary_large_image\" \/>\n<meta name=\"twitter:label1\" content=\"Tiempo de lectura\" \/>\n\t<meta name=\"twitter:data1\" content=\"3 minutos\" \/>\n<script type=\"application\/ld+json\" class=\"yoast-schema-graph\">{\"@context\":\"https:\/\/schema.org\",\"@graph\":[{\"@type\":[\"WebPage\",\"MedicalWebPage\"],\"@id\":\"https:\/\/www.newyorkhipknee.com\/es\/indemnizacion-por-accidente-laboral\/directrices-de-tratamiento-medico-mtg\/trastornos-oculares\/quemaduras-termicas\/\",\"url\":\"https:\/\/www.newyorkhipknee.com\/es\/indemnizacion-por-accidente-laboral\/directrices-de-tratamiento-medico-mtg\/trastornos-oculares\/quemaduras-termicas\/\",\"name\":\"Quemaduras t\u00e9rmicas | Best Hip &amp; Knee Surgeon | NY, USA\",\"isPartOf\":{\"@id\":\"https:\/\/www.newyorkhipknee.com\/es\/#website\"},\"datePublished\":\"2023-12-28T18:26:37+00:00\",\"description\":\"En lo que respecta a la atenci\u00f3n inmediata de las lesiones oculares t\u00e9rmicas, se considera crucial lavar a fondo el ojo con abundante agua u otras\",\"breadcrumb\":{\"@id\":\"https:\/\/www.newyorkhipknee.com\/es\/indemnizacion-por-accidente-laboral\/directrices-de-tratamiento-medico-mtg\/trastornos-oculares\/quemaduras-termicas\/#breadcrumb\"},\"inLanguage\":\"es\",\"potentialAction\":[{\"@type\":\"ReadAction\",\"target\":[\"https:\/\/www.newyorkhipknee.com\/es\/indemnizacion-por-accidente-laboral\/directrices-de-tratamiento-medico-mtg\/trastornos-oculares\/quemaduras-termicas\/\"]}]},{\"@type\":\"BreadcrumbList\",\"@id\":\"https:\/\/www.newyorkhipknee.com\/es\/indemnizacion-por-accidente-laboral\/directrices-de-tratamiento-medico-mtg\/trastornos-oculares\/quemaduras-termicas\/#breadcrumb\",\"itemListElement\":[{\"@type\":\"ListItem\",\"position\":1,\"name\":\"Home\",\"item\":\"https:\/\/www.newyorkhipknee.com\/es\/\"},{\"@type\":\"ListItem\",\"position\":2,\"name\":\"Indemnizaci\u00f3n por accidente laboral\",\"item\":\"https:\/\/www.newyorkhipknee.com\/es\/indemnizacion-por-accidente-laboral\/\"},{\"@type\":\"ListItem\",\"position\":3,\"name\":\"Directrices de tratamiento m\u00e9dico (MTG)\",\"item\":\"https:\/\/www.newyorkhipknee.com\/es\/indemnizacion-por-accidente-laboral\/directrices-de-tratamiento-medico-mtg\/\"},{\"@type\":\"ListItem\",\"position\":4,\"name\":\"Trastornos oculares\",\"item\":\"https:\/\/www.newyorkhipknee.com\/es\/indemnizacion-por-accidente-laboral\/directrices-de-tratamiento-medico-mtg\/trastornos-oculares\/\"},{\"@type\":\"ListItem\",\"position\":5,\"name\":\"Quemaduras t\u00e9rmicas\"}]},{\"@type\":\"WebSite\",\"@id\":\"https:\/\/www.newyorkhipknee.com\/es\/#website\",\"url\":\"https:\/\/www.newyorkhipknee.com\/es\/\",\"name\":\"Best Hip & Knee Surgeon | NY, USA\",\"description\":\"\",\"potentialAction\":[{\"@type\":\"SearchAction\",\"target\":{\"@type\":\"EntryPoint\",\"urlTemplate\":\"https:\/\/www.newyorkhipknee.com\/es\/?s={search_term_string}\"},\"query-input\":{\"@type\":\"PropertyValueSpecification\",\"valueRequired\":true,\"valueName\":\"search_term_string\"}}],\"inLanguage\":\"es\"}]}<\/script>\n<!-- \/ Yoast SEO plugin. -->","yoast_head_json":{"title":"Quemaduras t\u00e9rmicas | Best Hip &amp; Knee Surgeon | NY, USA","description":"En lo que respecta a la atenci\u00f3n inmediata de las lesiones oculares t\u00e9rmicas, se considera crucial lavar a fondo el ojo con abundante agua u otras","robots":{"index":"index","follow":"follow","max-snippet":"max-snippet:-1","max-image-preview":"max-image-preview:large","max-video-preview":"max-video-preview:-1"},"canonical":"https:\/\/www.newyorkhipknee.com\/es\/indemnizacion-por-accidente-laboral\/directrices-de-tratamiento-medico-mtg\/trastornos-oculares\/quemaduras-termicas\/","og_locale":"es_ES","og_type":"article","og_title":"Quemaduras t\u00e9rmicas | Best Hip &amp; Knee Surgeon | NY, USA","og_description":"En lo que respecta a la atenci\u00f3n inmediata de las lesiones oculares t\u00e9rmicas, se considera crucial lavar a fondo el ojo con abundante agua u otras","og_url":"https:\/\/www.newyorkhipknee.com\/es\/indemnizacion-por-accidente-laboral\/directrices-de-tratamiento-medico-mtg\/trastornos-oculares\/quemaduras-termicas\/","og_site_name":"Best Hip &amp; Knee Surgeon | NY, USA","twitter_card":"summary_large_image","twitter_misc":{"Tiempo de lectura":"3 minutos"},"schema":{"@context":"https:\/\/schema.org","@graph":[{"@type":["WebPage","MedicalWebPage"],"@id":"https:\/\/www.newyorkhipknee.com\/es\/indemnizacion-por-accidente-laboral\/directrices-de-tratamiento-medico-mtg\/trastornos-oculares\/quemaduras-termicas\/","url":"https:\/\/www.newyorkhipknee.com\/es\/indemnizacion-por-accidente-laboral\/directrices-de-tratamiento-medico-mtg\/trastornos-oculares\/quemaduras-termicas\/","name":"Quemaduras t\u00e9rmicas | Best Hip &amp; Knee Surgeon | NY, USA","isPartOf":{"@id":"https:\/\/www.newyorkhipknee.com\/es\/#website"},"datePublished":"2023-12-28T18:26:37+00:00","description":"En lo que respecta a la atenci\u00f3n inmediata de las lesiones oculares t\u00e9rmicas, se considera crucial lavar a fondo el ojo con abundante agua u otras","breadcrumb":{"@id":"https:\/\/www.newyorkhipknee.com\/es\/indemnizacion-por-accidente-laboral\/directrices-de-tratamiento-medico-mtg\/trastornos-oculares\/quemaduras-termicas\/#breadcrumb"},"inLanguage":"es","potentialAction":[{"@type":"ReadAction","target":["https:\/\/www.newyorkhipknee.com\/es\/indemnizacion-por-accidente-laboral\/directrices-de-tratamiento-medico-mtg\/trastornos-oculares\/quemaduras-termicas\/"]}]},{"@type":"BreadcrumbList","@id":"https:\/\/www.newyorkhipknee.com\/es\/indemnizacion-por-accidente-laboral\/directrices-de-tratamiento-medico-mtg\/trastornos-oculares\/quemaduras-termicas\/#breadcrumb","itemListElement":[{"@type":"ListItem","position":1,"name":"Home","item":"https:\/\/www.newyorkhipknee.com\/es\/"},{"@type":"ListItem","position":2,"name":"Indemnizaci\u00f3n por accidente laboral","item":"https:\/\/www.newyorkhipknee.com\/es\/indemnizacion-por-accidente-laboral\/"},{"@type":"ListItem","position":3,"name":"Directrices de tratamiento m\u00e9dico (MTG)","item":"https:\/\/www.newyorkhipknee.com\/es\/indemnizacion-por-accidente-laboral\/directrices-de-tratamiento-medico-mtg\/"},{"@type":"ListItem","position":4,"name":"Trastornos oculares","item":"https:\/\/www.newyorkhipknee.com\/es\/indemnizacion-por-accidente-laboral\/directrices-de-tratamiento-medico-mtg\/trastornos-oculares\/"},{"@type":"ListItem","position":5,"name":"Quemaduras t\u00e9rmicas"}]},{"@type":"WebSite","@id":"https:\/\/www.newyorkhipknee.com\/es\/#website","url":"https:\/\/www.newyorkhipknee.com\/es\/","name":"Best Hip & Knee Surgeon | NY, USA","description":"","potentialAction":[{"@type":"SearchAction","target":{"@type":"EntryPoint","urlTemplate":"https:\/\/www.newyorkhipknee.com\/es\/?s={search_term_string}"},"query-input":{"@type":"PropertyValueSpecification","valueRequired":true,"valueName":"search_term_string"}}],"inLanguage":"es"}]}},"_links":{"self":[{"href":"https:\/\/www.newyorkhipknee.com\/es\/wp-json\/wp\/v2\/pages\/21146","targetHints":{"allow":["GET"]}}],"collection":[{"href":"https:\/\/www.newyorkhipknee.com\/es\/wp-json\/wp\/v2\/pages"}],"about":[{"href":"https:\/\/www.newyorkhipknee.com\/es\/wp-json\/wp\/v2\/types\/page"}],"author":[{"embeddable":true,"href":"https:\/\/www.newyorkhipknee.com\/es\/wp-json\/wp\/v2\/users\/33"}],"replies":[{"embeddable":true,"href":"https:\/\/www.newyorkhipknee.com\/es\/wp-json\/wp\/v2\/comments?post=21146"}],"version-history":[{"count":0,"href":"https:\/\/www.newyorkhipknee.com\/es\/wp-json\/wp\/v2\/pages\/21146\/revisions"}],"up":[{"embeddable":true,"href":"https:\/\/www.newyorkhipknee.com\/es\/wp-json\/wp\/v2\/pages\/21160"}],"wp:attachment":[{"href":"https:\/\/www.newyorkhipknee.com\/es\/wp-json\/wp\/v2\/media?parent=21146"}],"curies":[{"name":"wp","href":"https:\/\/api.w.org\/{rel}","templated":true}]}}