{"id":21157,"date":"2023-12-18T16:07:54","date_gmt":"2023-12-18T21:07:54","guid":{"rendered":"https:\/\/newyorkhipknee.com\/dolor-regional-complejo\/"},"modified":"2023-12-18T16:07:54","modified_gmt":"2023-12-18T21:07:54","slug":"dolor-regional-complejo","status":"publish","type":"page","link":"https:\/\/www.newyorkhipknee.com\/es\/indemnizacion-por-accidente-laboral\/directrices-de-tratamiento-medico-mtg\/dolor-regional-complejo\/","title":{"rendered":"Dolor regional complejo"},"content":{"rendered":"<p>Las directrices para el tratamiento m\u00e9dico de las lesiones relacionadas con el dolor regional complejo en el marco de la compensaci\u00f3n de los trabajadores de Nueva York proporcionan un marco estructurado para el diagn\u00f3stico y el tratamiento de esta dif\u00edcil afecci\u00f3n. Reconociendo las complejidades asociadas con el S\u00edndrome de Dolor Regional Complejo (SDRC), estas directrices tienen como objetivo garantizar que las personas que sufren de SDRC reciban una atenci\u00f3n m\u00e9dica integral y basada en la evidencia.<\/p>\n<p>De acuerdo con estas directrices, los profesionales sanitarios deben seguir un enfoque sistem\u00e1tico en el diagn\u00f3stico y tratamiento de las lesiones asociadas al dolor regional complejo. Las directrices hacen hincapi\u00e9 en la importancia de un diagn\u00f3stico preciso y oportuno, teniendo en cuenta la naturaleza polifac\u00e9tica de los s\u00edntomas del SDRC. Proporcionan una hoja de ruta a los profesionales sanitarios para navegar por los entresijos del SDRC, abarcando una serie de tratamientos m\u00e9dicos, intervenciones terap\u00e9uticas y estrategias de rehabilitaci\u00f3n.<\/p>\n<p>Siguiendo las directrices de tratamiento m\u00e9dico de la indemnizaci\u00f3n por accidente de trabajo de Nueva York, los m\u00e9dicos pueden adaptar su enfoque para satisfacer las necesidades espec\u00edficas de las personas que padecen dolor regional complejo. Las directrices tambi\u00e9n subrayan la importancia de la comunicaci\u00f3n permanente entre los profesionales sanitarios, las personas lesionadas y el sistema de indemnizaci\u00f3n de los trabajadores para garantizar un proceso de tratamiento eficaz y en colaboraci\u00f3n.<\/p>\n<p>En resumen, las directrices para el tratamiento m\u00e9dico de las lesiones relacionadas con el dolor regional complejo en el marco de la compensaci\u00f3n de los trabajadores de Nueva York constituyen un valioso recurso para los profesionales sanitarios, ya que ofrecen orientaci\u00f3n y las mejores pr\u00e1cticas para el diagn\u00f3stico y el tratamiento de esta dif\u00edcil afecci\u00f3n en el contexto del sistema de compensaci\u00f3n de los trabajadores.<\/p>\n","protected":false},"excerpt":{"rendered":"<p>Las directrices para el tratamiento m\u00e9dico de las lesiones relacionadas con el dolor regional complejo en el marco de la compensaci\u00f3n de los trabajadores de Nueva York proporcionan un marco estructurado para el diagn\u00f3stico y el tratamiento de esta dif\u00edcil afecci\u00f3n. Reconociendo las complejidades asociadas con el S\u00edndrome de Dolor Regional Complejo (SDRC), estas directrices [&hellip;]<\/p>\n","protected":false},"author":33,"featured_media":0,"parent":21276,"menu_order":0,"comment_status":"closed","ping_status":"closed","template":"","meta":{"_et_pb_use_builder":"","_et_pb_old_content":"","_et_gb_content_width":"","footnotes":""},"class_list":["post-21157","page","type-page","status-publish","hentry"],"yoast_head":"<!-- This site is optimized with the Yoast SEO plugin v27.2 - https:\/\/yoast.com\/product\/yoast-seo-wordpress\/ -->\n<title>Dolor regional complejo | Best Hip &amp; Knee Surgeon | NY, USA<\/title>\n<meta name=\"description\" content=\"Las directrices para el tratamiento m\u00e9dico de las lesiones relacionadas con el dolor regional complejo en el marco de la compensaci\u00f3n de los trabajadores\" \/>\n<meta name=\"robots\" content=\"index, follow, max-snippet:-1, max-image-preview:large, max-video-preview:-1\" \/>\n<link rel=\"canonical\" href=\"https:\/\/www.newyorkhipknee.com\/es\/indemnizacion-por-accidente-laboral\/directrices-de-tratamiento-medico-mtg\/dolor-regional-complejo\/\" \/>\n<meta property=\"og:locale\" content=\"es_ES\" \/>\n<meta property=\"og:type\" content=\"article\" \/>\n<meta property=\"og:title\" content=\"Dolor regional complejo | Best Hip &amp; Knee Surgeon | NY, USA\" \/>\n<meta property=\"og:description\" content=\"Las directrices para el tratamiento m\u00e9dico de las lesiones relacionadas con el dolor regional complejo en el marco de la compensaci\u00f3n de los trabajadores\" \/>\n<meta property=\"og:url\" content=\"https:\/\/www.newyorkhipknee.com\/es\/indemnizacion-por-accidente-laboral\/directrices-de-tratamiento-medico-mtg\/dolor-regional-complejo\/\" \/>\n<meta property=\"og:site_name\" content=\"Best Hip &amp; Knee Surgeon | NY, USA\" \/>\n<meta name=\"twitter:card\" content=\"summary_large_image\" \/>\n<meta name=\"twitter:label1\" content=\"Tiempo de lectura\" \/>\n\t<meta name=\"twitter:data1\" content=\"2 minutos\" \/>\n<script type=\"application\/ld+json\" class=\"yoast-schema-graph\">{\"@context\":\"https:\/\/schema.org\",\"@graph\":[{\"@type\":[\"WebPage\",\"MedicalWebPage\"],\"@id\":\"https:\/\/www.newyorkhipknee.com\/es\/indemnizacion-por-accidente-laboral\/directrices-de-tratamiento-medico-mtg\/dolor-regional-complejo\/\",\"url\":\"https:\/\/www.newyorkhipknee.com\/es\/indemnizacion-por-accidente-laboral\/directrices-de-tratamiento-medico-mtg\/dolor-regional-complejo\/\",\"name\":\"Dolor regional complejo | Best Hip &amp; Knee Surgeon | NY, USA\",\"isPartOf\":{\"@id\":\"https:\/\/www.newyorkhipknee.com\/es\/#website\"},\"datePublished\":\"2023-12-18T21:07:54+00:00\",\"description\":\"Las directrices para el tratamiento m\u00e9dico de las lesiones relacionadas con el dolor regional complejo en el marco de la compensaci\u00f3n de los trabajadores\",\"breadcrumb\":{\"@id\":\"https:\/\/www.newyorkhipknee.com\/es\/indemnizacion-por-accidente-laboral\/directrices-de-tratamiento-medico-mtg\/dolor-regional-complejo\/#breadcrumb\"},\"inLanguage\":\"es\",\"potentialAction\":[{\"@type\":\"ReadAction\",\"target\":[\"https:\/\/www.newyorkhipknee.com\/es\/indemnizacion-por-accidente-laboral\/directrices-de-tratamiento-medico-mtg\/dolor-regional-complejo\/\"]}]},{\"@type\":\"BreadcrumbList\",\"@id\":\"https:\/\/www.newyorkhipknee.com\/es\/indemnizacion-por-accidente-laboral\/directrices-de-tratamiento-medico-mtg\/dolor-regional-complejo\/#breadcrumb\",\"itemListElement\":[{\"@type\":\"ListItem\",\"position\":1,\"name\":\"Home\",\"item\":\"https:\/\/www.newyorkhipknee.com\/es\/\"},{\"@type\":\"ListItem\",\"position\":2,\"name\":\"Indemnizaci\u00f3n por accidente laboral\",\"item\":\"https:\/\/www.newyorkhipknee.com\/es\/indemnizacion-por-accidente-laboral\/\"},{\"@type\":\"ListItem\",\"position\":3,\"name\":\"Directrices de tratamiento m\u00e9dico (MTG)\",\"item\":\"https:\/\/www.newyorkhipknee.com\/es\/indemnizacion-por-accidente-laboral\/directrices-de-tratamiento-medico-mtg\/\"},{\"@type\":\"ListItem\",\"position\":4,\"name\":\"Dolor regional complejo\"}]},{\"@type\":\"WebSite\",\"@id\":\"https:\/\/www.newyorkhipknee.com\/es\/#website\",\"url\":\"https:\/\/www.newyorkhipknee.com\/es\/\",\"name\":\"Best Hip & Knee Surgeon | NY, USA\",\"description\":\"\",\"potentialAction\":[{\"@type\":\"SearchAction\",\"target\":{\"@type\":\"EntryPoint\",\"urlTemplate\":\"https:\/\/www.newyorkhipknee.com\/es\/?s={search_term_string}\"},\"query-input\":{\"@type\":\"PropertyValueSpecification\",\"valueRequired\":true,\"valueName\":\"search_term_string\"}}],\"inLanguage\":\"es\"}]}<\/script>\n<!-- \/ Yoast SEO plugin. -->","yoast_head_json":{"title":"Dolor regional complejo | Best Hip &amp; Knee Surgeon | NY, USA","description":"Las directrices para el tratamiento m\u00e9dico de las lesiones relacionadas con el dolor regional complejo en el marco de la compensaci\u00f3n de los trabajadores","robots":{"index":"index","follow":"follow","max-snippet":"max-snippet:-1","max-image-preview":"max-image-preview:large","max-video-preview":"max-video-preview:-1"},"canonical":"https:\/\/www.newyorkhipknee.com\/es\/indemnizacion-por-accidente-laboral\/directrices-de-tratamiento-medico-mtg\/dolor-regional-complejo\/","og_locale":"es_ES","og_type":"article","og_title":"Dolor regional complejo | Best Hip &amp; Knee Surgeon | NY, USA","og_description":"Las directrices para el tratamiento m\u00e9dico de las lesiones relacionadas con el dolor regional complejo en el marco de la compensaci\u00f3n de los trabajadores","og_url":"https:\/\/www.newyorkhipknee.com\/es\/indemnizacion-por-accidente-laboral\/directrices-de-tratamiento-medico-mtg\/dolor-regional-complejo\/","og_site_name":"Best Hip &amp; Knee Surgeon | NY, USA","twitter_card":"summary_large_image","twitter_misc":{"Tiempo de lectura":"2 minutos"},"schema":{"@context":"https:\/\/schema.org","@graph":[{"@type":["WebPage","MedicalWebPage"],"@id":"https:\/\/www.newyorkhipknee.com\/es\/indemnizacion-por-accidente-laboral\/directrices-de-tratamiento-medico-mtg\/dolor-regional-complejo\/","url":"https:\/\/www.newyorkhipknee.com\/es\/indemnizacion-por-accidente-laboral\/directrices-de-tratamiento-medico-mtg\/dolor-regional-complejo\/","name":"Dolor regional complejo | Best Hip &amp; Knee Surgeon | NY, USA","isPartOf":{"@id":"https:\/\/www.newyorkhipknee.com\/es\/#website"},"datePublished":"2023-12-18T21:07:54+00:00","description":"Las directrices para el tratamiento m\u00e9dico de las lesiones relacionadas con el dolor regional complejo en el marco de la compensaci\u00f3n de los trabajadores","breadcrumb":{"@id":"https:\/\/www.newyorkhipknee.com\/es\/indemnizacion-por-accidente-laboral\/directrices-de-tratamiento-medico-mtg\/dolor-regional-complejo\/#breadcrumb"},"inLanguage":"es","potentialAction":[{"@type":"ReadAction","target":["https:\/\/www.newyorkhipknee.com\/es\/indemnizacion-por-accidente-laboral\/directrices-de-tratamiento-medico-mtg\/dolor-regional-complejo\/"]}]},{"@type":"BreadcrumbList","@id":"https:\/\/www.newyorkhipknee.com\/es\/indemnizacion-por-accidente-laboral\/directrices-de-tratamiento-medico-mtg\/dolor-regional-complejo\/#breadcrumb","itemListElement":[{"@type":"ListItem","position":1,"name":"Home","item":"https:\/\/www.newyorkhipknee.com\/es\/"},{"@type":"ListItem","position":2,"name":"Indemnizaci\u00f3n por accidente laboral","item":"https:\/\/www.newyorkhipknee.com\/es\/indemnizacion-por-accidente-laboral\/"},{"@type":"ListItem","position":3,"name":"Directrices de tratamiento m\u00e9dico (MTG)","item":"https:\/\/www.newyorkhipknee.com\/es\/indemnizacion-por-accidente-laboral\/directrices-de-tratamiento-medico-mtg\/"},{"@type":"ListItem","position":4,"name":"Dolor regional complejo"}]},{"@type":"WebSite","@id":"https:\/\/www.newyorkhipknee.com\/es\/#website","url":"https:\/\/www.newyorkhipknee.com\/es\/","name":"Best Hip & Knee Surgeon | NY, USA","description":"","potentialAction":[{"@type":"SearchAction","target":{"@type":"EntryPoint","urlTemplate":"https:\/\/www.newyorkhipknee.com\/es\/?s={search_term_string}"},"query-input":{"@type":"PropertyValueSpecification","valueRequired":true,"valueName":"search_term_string"}}],"inLanguage":"es"}]}},"_links":{"self":[{"href":"https:\/\/www.newyorkhipknee.com\/es\/wp-json\/wp\/v2\/pages\/21157","targetHints":{"allow":["GET"]}}],"collection":[{"href":"https:\/\/www.newyorkhipknee.com\/es\/wp-json\/wp\/v2\/pages"}],"about":[{"href":"https:\/\/www.newyorkhipknee.com\/es\/wp-json\/wp\/v2\/types\/page"}],"author":[{"embeddable":true,"href":"https:\/\/www.newyorkhipknee.com\/es\/wp-json\/wp\/v2\/users\/33"}],"replies":[{"embeddable":true,"href":"https:\/\/www.newyorkhipknee.com\/es\/wp-json\/wp\/v2\/comments?post=21157"}],"version-history":[{"count":0,"href":"https:\/\/www.newyorkhipknee.com\/es\/wp-json\/wp\/v2\/pages\/21157\/revisions"}],"up":[{"embeddable":true,"href":"https:\/\/www.newyorkhipknee.com\/es\/wp-json\/wp\/v2\/pages\/21276"}],"wp:attachment":[{"href":"https:\/\/www.newyorkhipknee.com\/es\/wp-json\/wp\/v2\/media?parent=21157"}],"curies":[{"name":"wp","href":"https:\/\/api.w.org\/{rel}","templated":true}]}}