{"id":21159,"date":"2023-12-11T16:15:57","date_gmt":"2023-12-11T21:15:57","guid":{"rendered":"https:\/\/newyorkhipknee.com\/codo\/"},"modified":"2023-12-11T16:15:57","modified_gmt":"2023-12-11T21:15:57","slug":"codo","status":"publish","type":"page","link":"https:\/\/www.newyorkhipknee.com\/es\/indemnizacion-por-accidente-laboral\/directrices-de-tratamiento-medico-mtg\/codo\/","title":{"rendered":"Codo"},"content":{"rendered":"<p>La Junta de Indemnizaci\u00f3n por Accidentes de Trabajo del Estado de Nueva York ha elaborado unas directrices para ayudar a los m\u00e9dicos, pod\u00f3logos y profesionales sanitarios a proporcionar un tratamiento adecuado a las lesiones de codo.<\/p>\n<p><strong>Prop\u00f3sito de las directrices:<\/strong> Estas directrices constituyen un valioso recurso para los profesionales de la salud, ya que proporcionan informaci\u00f3n sobre la toma de decisiones para una atenci\u00f3n \u00f3ptima del paciente en casos de trastornos del tobillo y del pie. Es esencial se\u00f1alar que estas directrices complementan el juicio cl\u00ednico y la experiencia profesional, y que la decisi\u00f3n \u00faltima sobre los cuidados corresponde al paciente, en consulta con su profesional sanitario.<\/p>\n<p><strong>Introducci\u00f3n a las lesiones de codo:<\/strong> Al considerar los procedimientos de diagn\u00f3stico por imagen para las lesiones de codo, es crucial reconocer que cada procedimiento puede ofrecer informaci\u00f3n similar o distinta a los hallazgos obtenidos mediante otros m\u00e9todos. Para garantizar la m\u00e1xima precisi\u00f3n diagn\u00f3stica, minimizar los efectos negativos en los pacientes y promover la rentabilidad evitando la redundancia, la selecci\u00f3n de los procedimientos debe ser meditada.<\/p>\n<p><strong>Elecci\u00f3n de procedimientos diagn\u00f3sticos:<\/strong> La toma de decisiones prudentes implica la selecci\u00f3n del procedimiento o procedimientos m\u00e1s apropiados para una \u00fanica evaluaci\u00f3n diagn\u00f3stica, la incorporaci\u00f3n de procedimientos complementarios en combinaci\u00f3n con otros, o la determinaci\u00f3n del orden secuencial adecuado para m\u00faltiples procedimientos. Es importante tener en cuenta la especificidad y la sensibilidad, reconociendo que diversos m\u00e9todos de diagn\u00f3stico por imagen presentan estas caracter\u00edsticas para diferentes diagn\u00f3sticos. Sin embargo, ninguno de ellos es exclusivo de un diagn\u00f3stico concreto.<\/p>\n<p><strong>Base cl\u00ednica para la toma de decisiones:<\/strong> La elecci\u00f3n del procedimiento de diagn\u00f3stico por imagen y la interpretaci\u00f3n de los datos deben basarse en la informaci\u00f3n cl\u00ednica obtenida durante la anamnesis y la exploraci\u00f3n f\u00edsica. Esto garantiza un enfoque exhaustivo y contextualmente relevante del diagn\u00f3stico y el tratamiento de las lesiones de codo.<\/p>\n<p>La necesidad de un segundo procedimiento diagn\u00f3stico se hace innecesaria si sirve \u00fanicamente para fines diagn\u00f3sticos, siempre que un procedimiento diagn\u00f3stico inicial, junto con los datos cl\u00ednicos, proporcione informaci\u00f3n suficiente para un diagn\u00f3stico v\u00e1lido. Del mismo modo, si los procedimientos iniciales o precedentes, cuando se combinan con los datos cl\u00ednicos, resultan inadecuados para establecer un diagn\u00f3stico preciso, puede considerarse necesario un procedimiento de diagn\u00f3stico posterior, que puede implicar la repetici\u00f3n del procedimiento inicial.<\/p>\n<p>La elecci\u00f3n entre las distintas t\u00e9cnicas suele depender de factores como la disponibilidad del procedimiento, la tolerancia del paciente y la competencia del profesional tratante. Se reconoce que, en determinadas circunstancias, la repetici\u00f3n de ex\u00e1menes de imagen y otras pruebas puede ser esencial para seguir la evoluci\u00f3n cl\u00ednica y evaluar la eficacia del tratamiento.<\/p>\n<p>La repetici\u00f3n de las t\u00e9cnicas diagn\u00f3sticas, incluidas las pruebas de imagen, puede ser ventajosa para reevaluar o estadificar la patolog\u00eda a medida que evolucionan los s\u00edntomas o los hallazgos, especialmente antes de las intervenciones quir\u00fargicas, las inyecciones terap\u00e9uticas y el seguimiento posquir\u00fargico del proceso de cicatrizaci\u00f3n. Es crucial comprender que los ex\u00e1menes recurrentes de TC contribuyen a una elevada dosis acumulada de radiaci\u00f3n, acompa\u00f1ada de riesgos asociados. Pueden emplearse estudios adicionales adaptados a la evaluaci\u00f3n de la lesi\u00f3n de codo en funci\u00f3n del mecanismo de la lesi\u00f3n, los s\u00edntomas y los antecedentes del paciente.<\/p>\n<h3>C\u00f3mo podemos ayudarle si tiene lesiones cubiertas por la indemnizaci\u00f3n por accidente laboral:<\/h3>\n<p>Tenemos los conocimientos necesarios para ayudarle con sus lesiones laborales. Entendemos lo que est\u00e1 experimentando y abordaremos sus necesidades m\u00e9dicas de acuerdo con las directrices establecidas por la Junta de Compensaci\u00f3n de Trabajadores del Estado de Nueva York.<\/p>\n<p>Reconocemos la importancia de sus casos de indemnizaci\u00f3n laboral. Perm\u00edtanos guiarle a trav\u00e9s de las complejidades de tratar con la compa\u00f1\u00eda de seguros de compensaci\u00f3n de trabajadores y su empleador.<\/p>\n<p>Entendemos que este es un periodo dif\u00edcil para usted y su familia. Si desea concertar una cita, p\u00f3ngase en contacto con nosotros. Nos comprometemos a facilitarle las cosas todo lo posible.<\/p>\n","protected":false},"excerpt":{"rendered":"<p>La Junta de Indemnizaci\u00f3n por Accidentes de Trabajo del Estado de Nueva York ha elaborado unas directrices para ayudar a los m\u00e9dicos, pod\u00f3logos y profesionales sanitarios a proporcionar un tratamiento adecuado a las lesiones de codo. Prop\u00f3sito de las directrices: Estas directrices constituyen un valioso recurso para los profesionales de la salud, ya que proporcionan [&hellip;]<\/p>\n","protected":false},"author":33,"featured_media":0,"parent":21276,"menu_order":0,"comment_status":"closed","ping_status":"closed","template":"","meta":{"_et_pb_use_builder":"","_et_pb_old_content":"","_et_gb_content_width":"","footnotes":""},"class_list":["post-21159","page","type-page","status-publish","hentry"],"yoast_head":"<!-- This site is optimized with the Yoast SEO plugin v27.2 - https:\/\/yoast.com\/product\/yoast-seo-wordpress\/ -->\n<title>Codo | Best Hip &amp; Knee Surgeon | NY, USA<\/title>\n<meta name=\"description\" content=\"La Junta de Indemnizaci\u00f3n por Accidentes de Trabajo del Estado de Nueva York ha elaborado unas directrices para ayudar a los m\u00e9dicos, pod\u00f3logos y\" \/>\n<meta name=\"robots\" content=\"index, follow, max-snippet:-1, max-image-preview:large, max-video-preview:-1\" \/>\n<link rel=\"canonical\" href=\"https:\/\/www.newyorkhipknee.com\/es\/indemnizacion-por-accidente-laboral\/directrices-de-tratamiento-medico-mtg\/codo\/\" \/>\n<meta property=\"og:locale\" content=\"es_ES\" \/>\n<meta property=\"og:type\" content=\"article\" \/>\n<meta property=\"og:title\" content=\"Codo | Best Hip &amp; Knee Surgeon | NY, USA\" \/>\n<meta property=\"og:description\" content=\"La Junta de Indemnizaci\u00f3n por Accidentes de Trabajo del Estado de Nueva York ha elaborado unas directrices para ayudar a los m\u00e9dicos, pod\u00f3logos y\" \/>\n<meta property=\"og:url\" content=\"https:\/\/www.newyorkhipknee.com\/es\/indemnizacion-por-accidente-laboral\/directrices-de-tratamiento-medico-mtg\/codo\/\" \/>\n<meta property=\"og:site_name\" content=\"Best Hip &amp; Knee Surgeon | NY, USA\" \/>\n<meta name=\"twitter:card\" content=\"summary_large_image\" \/>\n<meta name=\"twitter:label1\" content=\"Tiempo de lectura\" \/>\n\t<meta name=\"twitter:data1\" content=\"4 minutos\" \/>\n<script type=\"application\/ld+json\" class=\"yoast-schema-graph\">{\"@context\":\"https:\/\/schema.org\",\"@graph\":[{\"@type\":[\"WebPage\",\"MedicalWebPage\"],\"@id\":\"https:\/\/www.newyorkhipknee.com\/es\/indemnizacion-por-accidente-laboral\/directrices-de-tratamiento-medico-mtg\/codo\/\",\"url\":\"https:\/\/www.newyorkhipknee.com\/es\/indemnizacion-por-accidente-laboral\/directrices-de-tratamiento-medico-mtg\/codo\/\",\"name\":\"Codo | Best Hip &amp; Knee Surgeon | NY, USA\",\"isPartOf\":{\"@id\":\"https:\/\/www.newyorkhipknee.com\/es\/#website\"},\"datePublished\":\"2023-12-11T21:15:57+00:00\",\"description\":\"La Junta de Indemnizaci\u00f3n por Accidentes de Trabajo del Estado de Nueva York ha elaborado unas directrices para ayudar a los m\u00e9dicos, pod\u00f3logos y\",\"breadcrumb\":{\"@id\":\"https:\/\/www.newyorkhipknee.com\/es\/indemnizacion-por-accidente-laboral\/directrices-de-tratamiento-medico-mtg\/codo\/#breadcrumb\"},\"inLanguage\":\"es\",\"potentialAction\":[{\"@type\":\"ReadAction\",\"target\":[\"https:\/\/www.newyorkhipknee.com\/es\/indemnizacion-por-accidente-laboral\/directrices-de-tratamiento-medico-mtg\/codo\/\"]}]},{\"@type\":\"BreadcrumbList\",\"@id\":\"https:\/\/www.newyorkhipknee.com\/es\/indemnizacion-por-accidente-laboral\/directrices-de-tratamiento-medico-mtg\/codo\/#breadcrumb\",\"itemListElement\":[{\"@type\":\"ListItem\",\"position\":1,\"name\":\"Home\",\"item\":\"https:\/\/www.newyorkhipknee.com\/es\/\"},{\"@type\":\"ListItem\",\"position\":2,\"name\":\"Indemnizaci\u00f3n por accidente laboral\",\"item\":\"https:\/\/www.newyorkhipknee.com\/es\/indemnizacion-por-accidente-laboral\/\"},{\"@type\":\"ListItem\",\"position\":3,\"name\":\"Directrices de tratamiento m\u00e9dico (MTG)\",\"item\":\"https:\/\/www.newyorkhipknee.com\/es\/indemnizacion-por-accidente-laboral\/directrices-de-tratamiento-medico-mtg\/\"},{\"@type\":\"ListItem\",\"position\":4,\"name\":\"Codo\"}]},{\"@type\":\"WebSite\",\"@id\":\"https:\/\/www.newyorkhipknee.com\/es\/#website\",\"url\":\"https:\/\/www.newyorkhipknee.com\/es\/\",\"name\":\"Best Hip & Knee Surgeon | NY, USA\",\"description\":\"\",\"potentialAction\":[{\"@type\":\"SearchAction\",\"target\":{\"@type\":\"EntryPoint\",\"urlTemplate\":\"https:\/\/www.newyorkhipknee.com\/es\/?s={search_term_string}\"},\"query-input\":{\"@type\":\"PropertyValueSpecification\",\"valueRequired\":true,\"valueName\":\"search_term_string\"}}],\"inLanguage\":\"es\"}]}<\/script>\n<!-- \/ Yoast SEO plugin. -->","yoast_head_json":{"title":"Codo | Best Hip &amp; Knee Surgeon | NY, USA","description":"La Junta de Indemnizaci\u00f3n por Accidentes de Trabajo del Estado de Nueva York ha elaborado unas directrices para ayudar a los m\u00e9dicos, pod\u00f3logos y","robots":{"index":"index","follow":"follow","max-snippet":"max-snippet:-1","max-image-preview":"max-image-preview:large","max-video-preview":"max-video-preview:-1"},"canonical":"https:\/\/www.newyorkhipknee.com\/es\/indemnizacion-por-accidente-laboral\/directrices-de-tratamiento-medico-mtg\/codo\/","og_locale":"es_ES","og_type":"article","og_title":"Codo | Best Hip &amp; Knee Surgeon | NY, USA","og_description":"La Junta de Indemnizaci\u00f3n por Accidentes de Trabajo del Estado de Nueva York ha elaborado unas directrices para ayudar a los m\u00e9dicos, pod\u00f3logos y","og_url":"https:\/\/www.newyorkhipknee.com\/es\/indemnizacion-por-accidente-laboral\/directrices-de-tratamiento-medico-mtg\/codo\/","og_site_name":"Best Hip &amp; Knee Surgeon | NY, USA","twitter_card":"summary_large_image","twitter_misc":{"Tiempo de lectura":"4 minutos"},"schema":{"@context":"https:\/\/schema.org","@graph":[{"@type":["WebPage","MedicalWebPage"],"@id":"https:\/\/www.newyorkhipknee.com\/es\/indemnizacion-por-accidente-laboral\/directrices-de-tratamiento-medico-mtg\/codo\/","url":"https:\/\/www.newyorkhipknee.com\/es\/indemnizacion-por-accidente-laboral\/directrices-de-tratamiento-medico-mtg\/codo\/","name":"Codo | Best Hip &amp; Knee Surgeon | NY, USA","isPartOf":{"@id":"https:\/\/www.newyorkhipknee.com\/es\/#website"},"datePublished":"2023-12-11T21:15:57+00:00","description":"La Junta de Indemnizaci\u00f3n por Accidentes de Trabajo del Estado de Nueva York ha elaborado unas directrices para ayudar a los m\u00e9dicos, pod\u00f3logos y","breadcrumb":{"@id":"https:\/\/www.newyorkhipknee.com\/es\/indemnizacion-por-accidente-laboral\/directrices-de-tratamiento-medico-mtg\/codo\/#breadcrumb"},"inLanguage":"es","potentialAction":[{"@type":"ReadAction","target":["https:\/\/www.newyorkhipknee.com\/es\/indemnizacion-por-accidente-laboral\/directrices-de-tratamiento-medico-mtg\/codo\/"]}]},{"@type":"BreadcrumbList","@id":"https:\/\/www.newyorkhipknee.com\/es\/indemnizacion-por-accidente-laboral\/directrices-de-tratamiento-medico-mtg\/codo\/#breadcrumb","itemListElement":[{"@type":"ListItem","position":1,"name":"Home","item":"https:\/\/www.newyorkhipknee.com\/es\/"},{"@type":"ListItem","position":2,"name":"Indemnizaci\u00f3n por accidente laboral","item":"https:\/\/www.newyorkhipknee.com\/es\/indemnizacion-por-accidente-laboral\/"},{"@type":"ListItem","position":3,"name":"Directrices de tratamiento m\u00e9dico (MTG)","item":"https:\/\/www.newyorkhipknee.com\/es\/indemnizacion-por-accidente-laboral\/directrices-de-tratamiento-medico-mtg\/"},{"@type":"ListItem","position":4,"name":"Codo"}]},{"@type":"WebSite","@id":"https:\/\/www.newyorkhipknee.com\/es\/#website","url":"https:\/\/www.newyorkhipknee.com\/es\/","name":"Best Hip & Knee Surgeon | NY, USA","description":"","potentialAction":[{"@type":"SearchAction","target":{"@type":"EntryPoint","urlTemplate":"https:\/\/www.newyorkhipknee.com\/es\/?s={search_term_string}"},"query-input":{"@type":"PropertyValueSpecification","valueRequired":true,"valueName":"search_term_string"}}],"inLanguage":"es"}]}},"_links":{"self":[{"href":"https:\/\/www.newyorkhipknee.com\/es\/wp-json\/wp\/v2\/pages\/21159","targetHints":{"allow":["GET"]}}],"collection":[{"href":"https:\/\/www.newyorkhipknee.com\/es\/wp-json\/wp\/v2\/pages"}],"about":[{"href":"https:\/\/www.newyorkhipknee.com\/es\/wp-json\/wp\/v2\/types\/page"}],"author":[{"embeddable":true,"href":"https:\/\/www.newyorkhipknee.com\/es\/wp-json\/wp\/v2\/users\/33"}],"replies":[{"embeddable":true,"href":"https:\/\/www.newyorkhipknee.com\/es\/wp-json\/wp\/v2\/comments?post=21159"}],"version-history":[{"count":0,"href":"https:\/\/www.newyorkhipknee.com\/es\/wp-json\/wp\/v2\/pages\/21159\/revisions"}],"up":[{"embeddable":true,"href":"https:\/\/www.newyorkhipknee.com\/es\/wp-json\/wp\/v2\/pages\/21276"}],"wp:attachment":[{"href":"https:\/\/www.newyorkhipknee.com\/es\/wp-json\/wp\/v2\/media?parent=21159"}],"curies":[{"name":"wp","href":"https:\/\/api.w.org\/{rel}","templated":true}]}}