{"id":21160,"date":"2023-12-26T15:49:20","date_gmt":"2023-12-26T20:49:20","guid":{"rendered":"https:\/\/newyorkhipknee.com\/trastornos-oculares\/"},"modified":"2023-12-26T15:49:20","modified_gmt":"2023-12-26T20:49:20","slug":"trastornos-oculares","status":"publish","type":"page","link":"https:\/\/www.newyorkhipknee.com\/es\/indemnizacion-por-accidente-laboral\/directrices-de-tratamiento-medico-mtg\/trastornos-oculares\/","title":{"rendered":"Trastornos oculares"},"content":{"rendered":"<h2>Introducci\u00f3n a los trastornos oculares<\/h2>\n<p>La gu\u00eda de tratamiento m\u00e9dico de los trastornos oculares se ha elaborado para ofrecer a los profesionales sanitarios orientaci\u00f3n basada en la evidencia sobre el tratamiento de adultos en edad laboral con posibles problemas oculares relacionados con el trabajo, que abarcan afecciones agudas, subagudas, cr\u00f3nicas o postoperatorias. Aunque se centra principalmente en los adultos en edad de trabajar, los principios esbozados pueden tener aplicaciones m\u00e1s amplias. La directriz abarca la evaluaci\u00f3n inicial y el diagn\u00f3stico de pacientes con lesiones y trastornos oculares relacionados con el trabajo, incluida la identificaci\u00f3n de se\u00f1ales de alarma que indiquen la existencia de enfermedades subyacentes graves. Tambi\u00e9n aborda el tratamiento inicial, las consideraciones diagn\u00f3sticas, los estudios especiales para la patolog\u00eda cl\u00ednica y la relaci\u00f3n con el trabajo, el trabajo modificado, las estrategias de reincorporaci\u00f3n al trabajo y las consideraciones de tratamiento adicionales, como la recuperaci\u00f3n tard\u00eda.<\/p>\n<p>Es importante se\u00f1alar que esta directriz excluye determinadas categor\u00edas de trastornos oculares, como los cong\u00e9nitos o los malignos, y no profundiza en procedimientos intraoperatorios espec\u00edficos. Para los pacientes que padecen alergias y asma relacionada con el trabajo, se recomienda la Gu\u00eda sobre el asma relacionada con el trabajo\/ocupacional, que ofrece informaci\u00f3n sobre la gesti\u00f3n de la exposici\u00f3n para el asma inducida por sensibilizantes, el asma inducida por irritantes y los criterios para la retirada de la exposici\u00f3n.<\/p>\n<p>Esta directriz pretende alcanzar varios objetivos, que abarcan las evaluaciones basales, las pruebas diagn\u00f3sticas, el diagn\u00f3stico por imagen, las estrategias de reincorporaci\u00f3n al trabajo, las recomendaciones de medicaci\u00f3n, los parches, las inyecciones y los procedimientos quir\u00fargicos. Siempre que es posible, se tiene en cuenta la eficacia comparativa. En un esfuerzo por ser exhaustiva, esta directriz abarca algunos trastornos que pueden o no considerarse relacionados con el trabajo. Sin embargo, excluye deliberadamente trastornos que suelen considerarse totalmente no profesionales.<\/p>\n<p>Los interesados en conocer m\u00e1s a fondo el proceso de elaboraci\u00f3n de las directrices pueden consultar en l\u00ednea un documento metodol\u00f3gico detallado. En este documento se expone la metodolog\u00eda utilizada para la elaboraci\u00f3n de las directrices, incluida la selecci\u00f3n y puntuaci\u00f3n de las pruebas, la incorporaci\u00f3n de consideraciones de costes y la formulaci\u00f3n de recomendaciones. Adem\u00e1s, existe una versi\u00f3n resumida de este documento metodol\u00f3gico disponible en otro lugar para su consulta r\u00e1pida.<\/p>\n<p>Esta gu\u00eda aborda cuestiones sanitarias relacionadas con los trastornos oculares agudos, subagudos, cr\u00f3nicos y postoperatorios, centr\u00e1ndose espec\u00edficamente en los siguientes aspectos:<\/p>\n<p><strong>Estudios de diagn\u00f3stico:<\/strong><br \/>\n&#8211; \u00bfQu\u00e9 estudios diagn\u00f3sticos se han empleado para los ex\u00e1menes previos a la colocaci\u00f3n?<br \/>\n&#8211; \u00bfCu\u00e1l es la eficacia de los ex\u00e1menes de cribado?<\/p>\n<p><strong>Evaluaci\u00f3n inicial y enfoque diagn\u00f3stico:<\/strong><br \/>\n&#8211; \u00bfQu\u00e9 pruebas respaldan la evaluaci\u00f3n inicial y el enfoque diagn\u00f3stico?<\/p>\n<p><strong>Identificaci\u00f3n de afecciones graves:<\/strong><br \/>\n&#8211; \u00bfQu\u00e9 se\u00f1ales de alarma indican la presencia de enfermedades subyacentes graves?<\/p>\n<p><strong>Enfoques diagn\u00f3sticos y estudios especiales:<\/strong><br \/>\n&#8211; \u00bfQu\u00e9 enfoques diagn\u00f3sticos y estudios especiales son eficaces para identificar la patolog\u00eda cl\u00ednica?<\/p>\n<p>Enfoques de <strong>tratamiento inicial:<br \/>\n<\/strong>\u00bfQu\u00e9 enfoques de tratamiento inicial tienen pruebas de eficacia?<\/p>\n<p>Relaci\u00f3n <strong>con el trabajo:<br \/>\n<\/strong>\u00bfCu\u00e1les son las pruebas de la relaci\u00f3n con el trabajo de los distintos diagn\u00f3sticos? (Cuando proceda)<\/p>\n<p><strong>Parcheado:<br \/>\n<\/strong>\u00bfCu\u00e1ndo es apropiado parchear?<\/p>\n<p><strong>Trabajo modificado:<br \/>\n<\/strong>\u00bfQu\u00e9 limitaciones del trabajo modificado son efectivas y recomendables?<\/p>\n<p>Vuelta <strong>al trabajo:<br \/>\n<\/strong>\u00bfCu\u00e1ndo se recomienda la vuelta al trabajo?<\/p>\n<p><strong>Intervenciones alternativas:<br \/>\n<\/strong>Cuando fracasan las opciones de tratamiento iniciales, \u00bfqu\u00e9 pruebas respaldan otras intervenciones?<\/p>\n<p><strong>Inyecciones y<\/strong>procedimientos invasivos<strong>:<br \/>\n<\/strong>\u00bfCu\u00e1ndo y para qu\u00e9 afecciones se recomiendan las inyecciones y otros procedimientos invasivos?<\/p>\n<p><strong>Cirug\u00eda:<br \/>\n<\/strong>\u00bfCu\u00e1ndo y para qu\u00e9 enfermedades se recomienda la cirug\u00eda?<br \/>\n\u00bfQu\u00e9 cirug\u00edas se recomiendan para cada enfermedad?<\/p>\n<p>Al abordar estas cuestiones, la gu\u00eda pretende ofrecer una visi\u00f3n completa de la evaluaci\u00f3n, el diagn\u00f3stico y el tratamiento de los trastornos oculares agudos, subagudos, cr\u00f3nicos y postoperatorios.<\/p>\n<p>&nbsp;<\/p>\n<h2>Definiciones<\/h2>\n<p>Esta directriz emplea clasificaciones basadas en duraciones com\u00fanmente aceptadas, categorizando las afecciones como agudas (&lt;1 mes), subagudas (1 a 3 meses) y cr\u00f3nicas (&gt;3 meses) cuando proceda. Estas distinciones temporales ayudan a formular recomendaciones y enfoques terap\u00e9uticos en funci\u00f3n de la duraci\u00f3n de los trastornos oculares.<\/p>\n<p>&nbsp;<\/p>\n<h2>Riesgo y causalidad<\/h2>\n<p>Las causas de la mayor\u00eda de las lesiones oculares suelen ser claras. El ojo es rico en nociceptores, lo que provoca s\u00edntomas agudos y perceptibles cuando se produce una lesi\u00f3n. En cambio, las enfermedades oculares plantean m\u00e1s complejidad, ya que diversos factores contribuyen a afecciones como la pterigi\u00f3n y las cataratas. El desarrollo de las enfermedades oculares suele estar influido por multitud de factores, lo que hace que su origen y evoluci\u00f3n sean m\u00e1s intrincados que los de las lesiones agudas.<\/p>\n<p>&nbsp;<\/p>\n<h2>Enfoque general y principios<\/h2>\n<p>A continuaci\u00f3n se exponen las principales recomendaciones para evaluar y tratar a los pacientes con s\u00edntomas oculares:<\/p>\n<ul>\n<li><strong>Evaluaci\u00f3n inicial:<\/strong>\n<ul>\n<li>La evaluaci\u00f3n inicial debe centrarse principalmente en identificar las se\u00f1ales de alarma, que son indicadores de lesiones o enfermedades potencialmente graves. La evaluaci\u00f3n y el tratamiento urgentes son necesarios cuando se detectan se\u00f1ales de alarma.<\/li>\n<\/ul>\n<\/li>\n<li><strong>Enfoque del tratamiento:<\/strong>\n<ul>\n<li>El tratamiento de los pacientes con s\u00edntomas oculares debe dar prioridad a una atenci\u00f3n m\u00e9dica \u00f3ptima, la vigilancia de posibles complicaciones, el apoyo al proceso de curaci\u00f3n, la facilitaci\u00f3n de la capacidad para permanecer en el trabajo o el fomento de una pronta reincorporaci\u00f3n al trabajo, ya sea en r\u00e9gimen modificado o a tiempo completo. Las intervenciones quir\u00fargicas deben considerarse cuando se consideren necesarias.<\/li>\n<\/ul>\n<\/li>\n<li><strong>Vuelta al trabajo:<\/strong>\n<ul>\n<li>Por lo general, se anima a los pacientes que se recuperan de problemas oculares a que permanezcan en el trabajo o consideren la posibilidad de reincorporarse pronto a un trabajo modificado, en funci\u00f3n de su estado.<\/li>\n<\/ul>\n<\/li>\n<li><strong>Factores ocupacionales:<\/strong>\n<ul>\n<li>Deben tenerse en cuenta los factores ocupacionales, sobre todo cuando se cree que el trastorno est\u00e1 causado por el trabajo.<\/li>\n<\/ul>\n<\/li>\n<li><strong>Medidas de prevenci\u00f3n:<\/strong>\n<ul>\n<li>En los casos en que la lesi\u00f3n o el trastorno puedan evitarse, deben abordarse y aplicarse medidas preventivas.<\/li>\n<\/ul>\n<\/li>\n<\/ul>\n<p>Esta directriz abarca una serie de lesiones y trastornos oculares con los que pueden encontrarse los profesionales sanitarios.<\/p>\n","protected":false},"excerpt":{"rendered":"<p>Introducci\u00f3n a los trastornos oculares La gu\u00eda de tratamiento m\u00e9dico de los trastornos oculares se ha elaborado para ofrecer a los profesionales sanitarios orientaci\u00f3n basada en la evidencia sobre el tratamiento de adultos en edad laboral con posibles problemas oculares relacionados con el trabajo, que abarcan afecciones agudas, subagudas, cr\u00f3nicas o postoperatorias. Aunque se centra [&hellip;]<\/p>\n","protected":false},"author":33,"featured_media":0,"parent":21276,"menu_order":0,"comment_status":"closed","ping_status":"closed","template":"","meta":{"_et_pb_use_builder":"","_et_pb_old_content":"","_et_gb_content_width":"","footnotes":""},"class_list":["post-21160","page","type-page","status-publish","hentry"],"yoast_head":"<!-- This site is optimized with the Yoast SEO plugin v27.2 - https:\/\/yoast.com\/product\/yoast-seo-wordpress\/ -->\n<title>Trastornos oculares | Best Hip &amp; Knee Surgeon | NY, USA<\/title>\n<meta name=\"description\" content=\"Introducci\u00f3n a los trastornos oculares La gu\u00eda de tratamiento m\u00e9dico de los trastornos oculares se ha elaborado para ofrecer a los profesionales\" \/>\n<meta name=\"robots\" content=\"index, follow, max-snippet:-1, max-image-preview:large, max-video-preview:-1\" \/>\n<link rel=\"canonical\" href=\"https:\/\/www.newyorkhipknee.com\/es\/indemnizacion-por-accidente-laboral\/directrices-de-tratamiento-medico-mtg\/trastornos-oculares\/\" \/>\n<meta property=\"og:locale\" content=\"es_ES\" \/>\n<meta property=\"og:type\" content=\"article\" \/>\n<meta property=\"og:title\" content=\"Trastornos oculares | Best Hip &amp; Knee Surgeon | NY, USA\" \/>\n<meta property=\"og:description\" content=\"Introducci\u00f3n a los trastornos oculares La gu\u00eda de tratamiento m\u00e9dico de los trastornos oculares se ha elaborado para ofrecer a los profesionales\" \/>\n<meta property=\"og:url\" content=\"https:\/\/www.newyorkhipknee.com\/es\/indemnizacion-por-accidente-laboral\/directrices-de-tratamiento-medico-mtg\/trastornos-oculares\/\" \/>\n<meta property=\"og:site_name\" content=\"Best Hip &amp; Knee Surgeon | NY, USA\" \/>\n<meta name=\"twitter:card\" content=\"summary_large_image\" \/>\n<meta name=\"twitter:label1\" content=\"Tiempo de lectura\" \/>\n\t<meta name=\"twitter:data1\" content=\"5 minutos\" \/>\n<script type=\"application\/ld+json\" class=\"yoast-schema-graph\">{\"@context\":\"https:\/\/schema.org\",\"@graph\":[{\"@type\":[\"WebPage\",\"MedicalWebPage\"],\"@id\":\"https:\/\/www.newyorkhipknee.com\/es\/indemnizacion-por-accidente-laboral\/directrices-de-tratamiento-medico-mtg\/trastornos-oculares\/\",\"url\":\"https:\/\/www.newyorkhipknee.com\/es\/indemnizacion-por-accidente-laboral\/directrices-de-tratamiento-medico-mtg\/trastornos-oculares\/\",\"name\":\"Trastornos oculares | Best Hip &amp; Knee Surgeon | NY, USA\",\"isPartOf\":{\"@id\":\"https:\/\/www.newyorkhipknee.com\/es\/#website\"},\"datePublished\":\"2023-12-26T20:49:20+00:00\",\"description\":\"Introducci\u00f3n a los trastornos oculares La gu\u00eda de tratamiento m\u00e9dico de los trastornos oculares se ha elaborado para ofrecer a los profesionales\",\"breadcrumb\":{\"@id\":\"https:\/\/www.newyorkhipknee.com\/es\/indemnizacion-por-accidente-laboral\/directrices-de-tratamiento-medico-mtg\/trastornos-oculares\/#breadcrumb\"},\"inLanguage\":\"es\",\"potentialAction\":[{\"@type\":\"ReadAction\",\"target\":[\"https:\/\/www.newyorkhipknee.com\/es\/indemnizacion-por-accidente-laboral\/directrices-de-tratamiento-medico-mtg\/trastornos-oculares\/\"]}]},{\"@type\":\"BreadcrumbList\",\"@id\":\"https:\/\/www.newyorkhipknee.com\/es\/indemnizacion-por-accidente-laboral\/directrices-de-tratamiento-medico-mtg\/trastornos-oculares\/#breadcrumb\",\"itemListElement\":[{\"@type\":\"ListItem\",\"position\":1,\"name\":\"Home\",\"item\":\"https:\/\/www.newyorkhipknee.com\/es\/\"},{\"@type\":\"ListItem\",\"position\":2,\"name\":\"Indemnizaci\u00f3n por accidente laboral\",\"item\":\"https:\/\/www.newyorkhipknee.com\/es\/indemnizacion-por-accidente-laboral\/\"},{\"@type\":\"ListItem\",\"position\":3,\"name\":\"Directrices de tratamiento m\u00e9dico (MTG)\",\"item\":\"https:\/\/www.newyorkhipknee.com\/es\/indemnizacion-por-accidente-laboral\/directrices-de-tratamiento-medico-mtg\/\"},{\"@type\":\"ListItem\",\"position\":4,\"name\":\"Trastornos oculares\"}]},{\"@type\":\"WebSite\",\"@id\":\"https:\/\/www.newyorkhipknee.com\/es\/#website\",\"url\":\"https:\/\/www.newyorkhipknee.com\/es\/\",\"name\":\"Best Hip & Knee Surgeon | NY, USA\",\"description\":\"\",\"potentialAction\":[{\"@type\":\"SearchAction\",\"target\":{\"@type\":\"EntryPoint\",\"urlTemplate\":\"https:\/\/www.newyorkhipknee.com\/es\/?s={search_term_string}\"},\"query-input\":{\"@type\":\"PropertyValueSpecification\",\"valueRequired\":true,\"valueName\":\"search_term_string\"}}],\"inLanguage\":\"es\"}]}<\/script>\n<!-- \/ Yoast SEO plugin. -->","yoast_head_json":{"title":"Trastornos oculares | Best Hip &amp; Knee Surgeon | NY, USA","description":"Introducci\u00f3n a los trastornos oculares La gu\u00eda de tratamiento m\u00e9dico de los trastornos oculares se ha elaborado para ofrecer a los profesionales","robots":{"index":"index","follow":"follow","max-snippet":"max-snippet:-1","max-image-preview":"max-image-preview:large","max-video-preview":"max-video-preview:-1"},"canonical":"https:\/\/www.newyorkhipknee.com\/es\/indemnizacion-por-accidente-laboral\/directrices-de-tratamiento-medico-mtg\/trastornos-oculares\/","og_locale":"es_ES","og_type":"article","og_title":"Trastornos oculares | Best Hip &amp; Knee Surgeon | NY, USA","og_description":"Introducci\u00f3n a los trastornos oculares La gu\u00eda de tratamiento m\u00e9dico de los trastornos oculares se ha elaborado para ofrecer a los profesionales","og_url":"https:\/\/www.newyorkhipknee.com\/es\/indemnizacion-por-accidente-laboral\/directrices-de-tratamiento-medico-mtg\/trastornos-oculares\/","og_site_name":"Best Hip &amp; Knee Surgeon | NY, USA","twitter_card":"summary_large_image","twitter_misc":{"Tiempo de lectura":"5 minutos"},"schema":{"@context":"https:\/\/schema.org","@graph":[{"@type":["WebPage","MedicalWebPage"],"@id":"https:\/\/www.newyorkhipknee.com\/es\/indemnizacion-por-accidente-laboral\/directrices-de-tratamiento-medico-mtg\/trastornos-oculares\/","url":"https:\/\/www.newyorkhipknee.com\/es\/indemnizacion-por-accidente-laboral\/directrices-de-tratamiento-medico-mtg\/trastornos-oculares\/","name":"Trastornos oculares | Best Hip &amp; Knee Surgeon | NY, USA","isPartOf":{"@id":"https:\/\/www.newyorkhipknee.com\/es\/#website"},"datePublished":"2023-12-26T20:49:20+00:00","description":"Introducci\u00f3n a los trastornos oculares La gu\u00eda de tratamiento m\u00e9dico de los trastornos oculares se ha elaborado para ofrecer a los profesionales","breadcrumb":{"@id":"https:\/\/www.newyorkhipknee.com\/es\/indemnizacion-por-accidente-laboral\/directrices-de-tratamiento-medico-mtg\/trastornos-oculares\/#breadcrumb"},"inLanguage":"es","potentialAction":[{"@type":"ReadAction","target":["https:\/\/www.newyorkhipknee.com\/es\/indemnizacion-por-accidente-laboral\/directrices-de-tratamiento-medico-mtg\/trastornos-oculares\/"]}]},{"@type":"BreadcrumbList","@id":"https:\/\/www.newyorkhipknee.com\/es\/indemnizacion-por-accidente-laboral\/directrices-de-tratamiento-medico-mtg\/trastornos-oculares\/#breadcrumb","itemListElement":[{"@type":"ListItem","position":1,"name":"Home","item":"https:\/\/www.newyorkhipknee.com\/es\/"},{"@type":"ListItem","position":2,"name":"Indemnizaci\u00f3n por accidente laboral","item":"https:\/\/www.newyorkhipknee.com\/es\/indemnizacion-por-accidente-laboral\/"},{"@type":"ListItem","position":3,"name":"Directrices de tratamiento m\u00e9dico (MTG)","item":"https:\/\/www.newyorkhipknee.com\/es\/indemnizacion-por-accidente-laboral\/directrices-de-tratamiento-medico-mtg\/"},{"@type":"ListItem","position":4,"name":"Trastornos oculares"}]},{"@type":"WebSite","@id":"https:\/\/www.newyorkhipknee.com\/es\/#website","url":"https:\/\/www.newyorkhipknee.com\/es\/","name":"Best Hip & Knee Surgeon | NY, USA","description":"","potentialAction":[{"@type":"SearchAction","target":{"@type":"EntryPoint","urlTemplate":"https:\/\/www.newyorkhipknee.com\/es\/?s={search_term_string}"},"query-input":{"@type":"PropertyValueSpecification","valueRequired":true,"valueName":"search_term_string"}}],"inLanguage":"es"}]}},"_links":{"self":[{"href":"https:\/\/www.newyorkhipknee.com\/es\/wp-json\/wp\/v2\/pages\/21160","targetHints":{"allow":["GET"]}}],"collection":[{"href":"https:\/\/www.newyorkhipknee.com\/es\/wp-json\/wp\/v2\/pages"}],"about":[{"href":"https:\/\/www.newyorkhipknee.com\/es\/wp-json\/wp\/v2\/types\/page"}],"author":[{"embeddable":true,"href":"https:\/\/www.newyorkhipknee.com\/es\/wp-json\/wp\/v2\/users\/33"}],"replies":[{"embeddable":true,"href":"https:\/\/www.newyorkhipknee.com\/es\/wp-json\/wp\/v2\/comments?post=21160"}],"version-history":[{"count":0,"href":"https:\/\/www.newyorkhipknee.com\/es\/wp-json\/wp\/v2\/pages\/21160\/revisions"}],"up":[{"embeddable":true,"href":"https:\/\/www.newyorkhipknee.com\/es\/wp-json\/wp\/v2\/pages\/21276"}],"wp:attachment":[{"href":"https:\/\/www.newyorkhipknee.com\/es\/wp-json\/wp\/v2\/media?parent=21160"}],"curies":[{"name":"wp","href":"https:\/\/api.w.org\/{rel}","templated":true}]}}