{"id":21162,"date":"2023-12-22T14:05:13","date_gmt":"2023-12-22T19:05:13","guid":{"rendered":"https:\/\/newyorkhipknee.com\/trastorno-de-estres-postraumatico-y-trastorno-de-estres-agudo\/"},"modified":"2023-12-22T14:05:13","modified_gmt":"2023-12-22T19:05:13","slug":"trastorno-de-estres-postraumatico-y-trastorno-de-estres-agudo","status":"publish","type":"page","link":"https:\/\/www.newyorkhipknee.com\/es\/indemnizacion-por-accidente-laboral\/directrices-de-tratamiento-medico-mtg\/trastorno-de-estres-postraumatico-y-trastorno-de-estres-agudo\/","title":{"rendered":"Trastorno de estr\u00e9s postraum\u00e1tico y trastorno de estr\u00e9s agudo"},"content":{"rendered":"<p>El Trastorno de Estr\u00e9s Postraum\u00e1tico (TEPT) y el Trastorno de Estr\u00e9s Agudo (TEA) son trastornos psicol\u00f3gicos que pueden afectar a las personas que han sufrido o presenciado un incidente angustioso o aterrador.<\/p>\n<p>Entre los tipos de trauma m\u00e1s comunes relacionados con el TEPT y el TEA se encuentran las lesiones graves reales o potenciales, las situaciones que ponen en peligro la vida, las agresiones f\u00edsicas o sexuales u otros sucesos sociales o naturales extremos. El diagn\u00f3stico de TEPT y TEA requiere la exposici\u00f3n a un trauma significativo, tal y como se recoge en el DSM-5. El trastorno por estr\u00e9s agudo se identifica cuando los s\u00edntomas persisten entre 3 y 30 d\u00edas despu\u00e9s de un acontecimiento traum\u00e1tico, mientras que se considera un diagn\u00f3stico de TEPT si los s\u00edntomas perduran o surgen m\u00e1s all\u00e1 de la marca de los 30 d\u00edas.<\/p>\n<p>El TEPT se manifiesta a trav\u00e9s de diversos s\u00edntomas y, aunque estos signos son frecuentes, el diagn\u00f3stico real de TEPT es relativamente infrecuente. Los s\u00edntomas abarcan la reexperimentaci\u00f3n o flashbacks del suceso, recuerdos indeseados e intrusivos, pesadillas, pensamientos aterradores, evitaci\u00f3n de entornos que recuerdan el suceso traum\u00e1tico e inquietud. Las personas tambi\u00e9n pueden mostrar una mayor excitaci\u00f3n, hipervigilancia, tensi\u00f3n, estr\u00e9s, dificultad para dormir, problemas para controlar la ira, pensamientos negativos sobre s\u00ed mismas o sobre el mundo, sentimientos distorsionados como culpa o culpabilidad, problemas para recordar aspectos clave del acontecimiento traum\u00e1tico, p\u00e9rdida de inter\u00e9s en actividades agradables y una sensaci\u00f3n de alienaci\u00f3n o distanciamiento de amigos y familiares.<\/p>\n","protected":false},"excerpt":{"rendered":"<p>El Trastorno de Estr\u00e9s Postraum\u00e1tico (TEPT) y el Trastorno de Estr\u00e9s Agudo (TEA) son trastornos psicol\u00f3gicos que pueden afectar a las personas que han sufrido o presenciado un incidente angustioso o aterrador. Entre los tipos de trauma m\u00e1s comunes relacionados con el TEPT y el TEA se encuentran las lesiones graves reales o potenciales, las [&hellip;]<\/p>\n","protected":false},"author":33,"featured_media":0,"parent":21276,"menu_order":0,"comment_status":"closed","ping_status":"closed","template":"","meta":{"_et_pb_use_builder":"","_et_pb_old_content":"","_et_gb_content_width":"","footnotes":""},"class_list":["post-21162","page","type-page","status-publish","hentry"],"yoast_head":"<!-- This site is optimized with the Yoast SEO plugin v27.2 - https:\/\/yoast.com\/product\/yoast-seo-wordpress\/ -->\n<title>Trastorno de estr\u00e9s postraum\u00e1tico y trastorno de estr\u00e9s agudo | Best Hip &amp; Knee Surgeon | NY, USA<\/title>\n<meta name=\"description\" content=\"El Trastorno de Estr\u00e9s Postraum\u00e1tico (TEPT) y el Trastorno de Estr\u00e9s Agudo (TEA) son trastornos psicol\u00f3gicos que pueden afectar a las personas que han\" \/>\n<meta name=\"robots\" content=\"index, follow, max-snippet:-1, max-image-preview:large, max-video-preview:-1\" \/>\n<link rel=\"canonical\" href=\"https:\/\/www.newyorkhipknee.com\/es\/indemnizacion-por-accidente-laboral\/directrices-de-tratamiento-medico-mtg\/trastorno-de-estres-postraumatico-y-trastorno-de-estres-agudo\/\" \/>\n<meta property=\"og:locale\" content=\"es_ES\" \/>\n<meta property=\"og:type\" content=\"article\" \/>\n<meta property=\"og:title\" content=\"Trastorno de estr\u00e9s postraum\u00e1tico y trastorno de estr\u00e9s agudo | Best Hip &amp; Knee Surgeon | NY, USA\" \/>\n<meta property=\"og:description\" content=\"El Trastorno de Estr\u00e9s Postraum\u00e1tico (TEPT) y el Trastorno de Estr\u00e9s Agudo (TEA) son trastornos psicol\u00f3gicos que pueden afectar a las personas que han\" \/>\n<meta property=\"og:url\" content=\"https:\/\/www.newyorkhipknee.com\/es\/indemnizacion-por-accidente-laboral\/directrices-de-tratamiento-medico-mtg\/trastorno-de-estres-postraumatico-y-trastorno-de-estres-agudo\/\" \/>\n<meta property=\"og:site_name\" content=\"Best Hip &amp; Knee Surgeon | NY, USA\" \/>\n<meta name=\"twitter:card\" content=\"summary_large_image\" \/>\n<meta name=\"twitter:label1\" content=\"Tiempo de lectura\" \/>\n\t<meta name=\"twitter:data1\" content=\"1 minuto\" \/>\n<script type=\"application\/ld+json\" class=\"yoast-schema-graph\">{\"@context\":\"https:\/\/schema.org\",\"@graph\":[{\"@type\":[\"WebPage\",\"MedicalWebPage\"],\"@id\":\"https:\/\/www.newyorkhipknee.com\/es\/indemnizacion-por-accidente-laboral\/directrices-de-tratamiento-medico-mtg\/trastorno-de-estres-postraumatico-y-trastorno-de-estres-agudo\/\",\"url\":\"https:\/\/www.newyorkhipknee.com\/es\/indemnizacion-por-accidente-laboral\/directrices-de-tratamiento-medico-mtg\/trastorno-de-estres-postraumatico-y-trastorno-de-estres-agudo\/\",\"name\":\"Trastorno de estr\u00e9s postraum\u00e1tico y trastorno de estr\u00e9s agudo | Best Hip &amp; Knee Surgeon | NY, USA\",\"isPartOf\":{\"@id\":\"https:\/\/www.newyorkhipknee.com\/es\/#website\"},\"datePublished\":\"2023-12-22T19:05:13+00:00\",\"description\":\"El Trastorno de Estr\u00e9s Postraum\u00e1tico (TEPT) y el Trastorno de Estr\u00e9s Agudo (TEA) son trastornos psicol\u00f3gicos que pueden afectar a las personas que han\",\"breadcrumb\":{\"@id\":\"https:\/\/www.newyorkhipknee.com\/es\/indemnizacion-por-accidente-laboral\/directrices-de-tratamiento-medico-mtg\/trastorno-de-estres-postraumatico-y-trastorno-de-estres-agudo\/#breadcrumb\"},\"inLanguage\":\"es\",\"potentialAction\":[{\"@type\":\"ReadAction\",\"target\":[\"https:\/\/www.newyorkhipknee.com\/es\/indemnizacion-por-accidente-laboral\/directrices-de-tratamiento-medico-mtg\/trastorno-de-estres-postraumatico-y-trastorno-de-estres-agudo\/\"]}]},{\"@type\":\"BreadcrumbList\",\"@id\":\"https:\/\/www.newyorkhipknee.com\/es\/indemnizacion-por-accidente-laboral\/directrices-de-tratamiento-medico-mtg\/trastorno-de-estres-postraumatico-y-trastorno-de-estres-agudo\/#breadcrumb\",\"itemListElement\":[{\"@type\":\"ListItem\",\"position\":1,\"name\":\"Home\",\"item\":\"https:\/\/www.newyorkhipknee.com\/es\/\"},{\"@type\":\"ListItem\",\"position\":2,\"name\":\"Indemnizaci\u00f3n por accidente laboral\",\"item\":\"https:\/\/www.newyorkhipknee.com\/es\/indemnizacion-por-accidente-laboral\/\"},{\"@type\":\"ListItem\",\"position\":3,\"name\":\"Directrices de tratamiento m\u00e9dico (MTG)\",\"item\":\"https:\/\/www.newyorkhipknee.com\/es\/indemnizacion-por-accidente-laboral\/directrices-de-tratamiento-medico-mtg\/\"},{\"@type\":\"ListItem\",\"position\":4,\"name\":\"Trastorno de estr\u00e9s postraum\u00e1tico y trastorno de estr\u00e9s agudo\"}]},{\"@type\":\"WebSite\",\"@id\":\"https:\/\/www.newyorkhipknee.com\/es\/#website\",\"url\":\"https:\/\/www.newyorkhipknee.com\/es\/\",\"name\":\"Best Hip & Knee Surgeon | NY, USA\",\"description\":\"\",\"potentialAction\":[{\"@type\":\"SearchAction\",\"target\":{\"@type\":\"EntryPoint\",\"urlTemplate\":\"https:\/\/www.newyorkhipknee.com\/es\/?s={search_term_string}\"},\"query-input\":{\"@type\":\"PropertyValueSpecification\",\"valueRequired\":true,\"valueName\":\"search_term_string\"}}],\"inLanguage\":\"es\"}]}<\/script>\n<!-- \/ Yoast SEO plugin. -->","yoast_head_json":{"title":"Trastorno de estr\u00e9s postraum\u00e1tico y trastorno de estr\u00e9s agudo | Best Hip &amp; Knee Surgeon | NY, USA","description":"El Trastorno de Estr\u00e9s Postraum\u00e1tico (TEPT) y el Trastorno de Estr\u00e9s Agudo (TEA) son trastornos psicol\u00f3gicos que pueden afectar a las personas que han","robots":{"index":"index","follow":"follow","max-snippet":"max-snippet:-1","max-image-preview":"max-image-preview:large","max-video-preview":"max-video-preview:-1"},"canonical":"https:\/\/www.newyorkhipknee.com\/es\/indemnizacion-por-accidente-laboral\/directrices-de-tratamiento-medico-mtg\/trastorno-de-estres-postraumatico-y-trastorno-de-estres-agudo\/","og_locale":"es_ES","og_type":"article","og_title":"Trastorno de estr\u00e9s postraum\u00e1tico y trastorno de estr\u00e9s agudo | Best Hip &amp; Knee Surgeon | NY, USA","og_description":"El Trastorno de Estr\u00e9s Postraum\u00e1tico (TEPT) y el Trastorno de Estr\u00e9s Agudo (TEA) son trastornos psicol\u00f3gicos que pueden afectar a las personas que han","og_url":"https:\/\/www.newyorkhipknee.com\/es\/indemnizacion-por-accidente-laboral\/directrices-de-tratamiento-medico-mtg\/trastorno-de-estres-postraumatico-y-trastorno-de-estres-agudo\/","og_site_name":"Best Hip &amp; Knee Surgeon | NY, USA","twitter_card":"summary_large_image","twitter_misc":{"Tiempo de lectura":"1 minuto"},"schema":{"@context":"https:\/\/schema.org","@graph":[{"@type":["WebPage","MedicalWebPage"],"@id":"https:\/\/www.newyorkhipknee.com\/es\/indemnizacion-por-accidente-laboral\/directrices-de-tratamiento-medico-mtg\/trastorno-de-estres-postraumatico-y-trastorno-de-estres-agudo\/","url":"https:\/\/www.newyorkhipknee.com\/es\/indemnizacion-por-accidente-laboral\/directrices-de-tratamiento-medico-mtg\/trastorno-de-estres-postraumatico-y-trastorno-de-estres-agudo\/","name":"Trastorno de estr\u00e9s postraum\u00e1tico y trastorno de estr\u00e9s agudo | Best Hip &amp; Knee Surgeon | NY, USA","isPartOf":{"@id":"https:\/\/www.newyorkhipknee.com\/es\/#website"},"datePublished":"2023-12-22T19:05:13+00:00","description":"El Trastorno de Estr\u00e9s Postraum\u00e1tico (TEPT) y el Trastorno de Estr\u00e9s Agudo (TEA) son trastornos psicol\u00f3gicos que pueden afectar a las personas que han","breadcrumb":{"@id":"https:\/\/www.newyorkhipknee.com\/es\/indemnizacion-por-accidente-laboral\/directrices-de-tratamiento-medico-mtg\/trastorno-de-estres-postraumatico-y-trastorno-de-estres-agudo\/#breadcrumb"},"inLanguage":"es","potentialAction":[{"@type":"ReadAction","target":["https:\/\/www.newyorkhipknee.com\/es\/indemnizacion-por-accidente-laboral\/directrices-de-tratamiento-medico-mtg\/trastorno-de-estres-postraumatico-y-trastorno-de-estres-agudo\/"]}]},{"@type":"BreadcrumbList","@id":"https:\/\/www.newyorkhipknee.com\/es\/indemnizacion-por-accidente-laboral\/directrices-de-tratamiento-medico-mtg\/trastorno-de-estres-postraumatico-y-trastorno-de-estres-agudo\/#breadcrumb","itemListElement":[{"@type":"ListItem","position":1,"name":"Home","item":"https:\/\/www.newyorkhipknee.com\/es\/"},{"@type":"ListItem","position":2,"name":"Indemnizaci\u00f3n por accidente laboral","item":"https:\/\/www.newyorkhipknee.com\/es\/indemnizacion-por-accidente-laboral\/"},{"@type":"ListItem","position":3,"name":"Directrices de tratamiento m\u00e9dico (MTG)","item":"https:\/\/www.newyorkhipknee.com\/es\/indemnizacion-por-accidente-laboral\/directrices-de-tratamiento-medico-mtg\/"},{"@type":"ListItem","position":4,"name":"Trastorno de estr\u00e9s postraum\u00e1tico y trastorno de estr\u00e9s agudo"}]},{"@type":"WebSite","@id":"https:\/\/www.newyorkhipknee.com\/es\/#website","url":"https:\/\/www.newyorkhipknee.com\/es\/","name":"Best Hip & Knee Surgeon | NY, USA","description":"","potentialAction":[{"@type":"SearchAction","target":{"@type":"EntryPoint","urlTemplate":"https:\/\/www.newyorkhipknee.com\/es\/?s={search_term_string}"},"query-input":{"@type":"PropertyValueSpecification","valueRequired":true,"valueName":"search_term_string"}}],"inLanguage":"es"}]}},"_links":{"self":[{"href":"https:\/\/www.newyorkhipknee.com\/es\/wp-json\/wp\/v2\/pages\/21162","targetHints":{"allow":["GET"]}}],"collection":[{"href":"https:\/\/www.newyorkhipknee.com\/es\/wp-json\/wp\/v2\/pages"}],"about":[{"href":"https:\/\/www.newyorkhipknee.com\/es\/wp-json\/wp\/v2\/types\/page"}],"author":[{"embeddable":true,"href":"https:\/\/www.newyorkhipknee.com\/es\/wp-json\/wp\/v2\/users\/33"}],"replies":[{"embeddable":true,"href":"https:\/\/www.newyorkhipknee.com\/es\/wp-json\/wp\/v2\/comments?post=21162"}],"version-history":[{"count":0,"href":"https:\/\/www.newyorkhipknee.com\/es\/wp-json\/wp\/v2\/pages\/21162\/revisions"}],"up":[{"embeddable":true,"href":"https:\/\/www.newyorkhipknee.com\/es\/wp-json\/wp\/v2\/pages\/21276"}],"wp:attachment":[{"href":"https:\/\/www.newyorkhipknee.com\/es\/wp-json\/wp\/v2\/media?parent=21162"}],"curies":[{"name":"wp","href":"https:\/\/api.w.org\/{rel}","templated":true}]}}