{"id":21170,"date":"2023-12-13T13:14:24","date_gmt":"2023-12-13T18:14:24","guid":{"rendered":"https:\/\/newyorkhipknee.com\/codo\/contusiones\/"},"modified":"2023-12-13T13:14:24","modified_gmt":"2023-12-13T18:14:24","slug":"contusiones","status":"publish","type":"page","link":"https:\/\/www.newyorkhipknee.com\/es\/indemnizacion-por-accidente-laboral\/directrices-de-tratamiento-medico-mtg\/codo\/contusiones\/","title":{"rendered":"Contusiones"},"content":{"rendered":"<h1>Principios Rectores Generales para Contusiones para Pacientes de Compensaci\u00f3n de Trabajadores<\/h1>\n<p>Las directrices elaboradas por la Junta de Indemnizaci\u00f3n por Accidentes de Trabajo del Estado de Nueva York est\u00e1n dise\u00f1adas para ayudar a los m\u00e9dicos, pod\u00f3logos y profesionales sanitarios a ofrecer un tratamiento adecuado de las contusiones.<\/p>\n<p>Estas directrices constituyen un valioso recurso para ayudar a los profesionales sanitarios a decidir el nivel de atenci\u00f3n m\u00e1s adecuado para los pacientes con trastornos del tobillo y el pie.<\/p>\n<p>Es importante se\u00f1alar que estas directrices no pretenden sustituir la necesidad de aplicar el juicio cl\u00ednico o la experiencia profesional. La decisi\u00f3n final sobre la atenci\u00f3n al paciente debe ser fruto de la colaboraci\u00f3n entre el paciente y su profesional sanitario.<\/p>\n<h2>Contusiones de lesiones en el codo<\/h2>\n<p>Una contusi\u00f3n es una lesi\u00f3n en la que se produce una hemorragia debajo de la piel sin que haya rotura de la misma. Este tipo de lesi\u00f3n suele producir hematomas y se considera una afecci\u00f3n aguda.<\/p>\n<p>&nbsp;<\/p>\n<h3>Medicamentos para las contusiones<\/h3>\n<p>Para las contusiones de codo, el tratamiento recomendado incluye AINE y paracetamol.<\/p>\n<p>En cuanto a los tratamientos espec\u00edficos:<\/p>\n<p><strong>Inmovilizaci\u00f3n para contusiones de codo:<\/strong> No se recomienda para las contusiones de codo. El fundamento de esta recomendaci\u00f3n se centra en la idea de que el abordaje m\u00e9dico de las contusiones debe dar prioridad al mantenimiento de la funci\u00f3n normal del codo. Esto implica la inclusi\u00f3n de antiinflamatorios en el plan de tratamiento, al tiempo que se desaconseja la inmovilidad. En su lugar, se fomenta la movilizaci\u00f3n temprana. En general, la estrategia abarca reposo, hielo, compresi\u00f3n, elevaci\u00f3n y ejercicios de amplitud de movimiento como parte de la atenci\u00f3n m\u00e9dica.<\/p>\n<p><strong>Hielo, compresi\u00f3n y ejercicios de amplitud de movimiento para las contusiones:<\/strong> Estas medidas se recomiendan para las contusiones de codo.<\/p>\n<p>&nbsp;<\/p>\n<h2>Lo que nuestra oficina puede hacer si tiene lesiones de compensaci\u00f3n laboral<\/h2>\n<p>Aportamos nuestra experiencia para ayudarle con sus lesiones de compensaci\u00f3n de trabajadores. Comprendemos los retos a los que se enfrenta y nos dedicamos a satisfacer sus necesidades m\u00e9dicas respetando las directrices establecidas por la Junta de Indemnizaci\u00f3n por Accidentes de Trabajo del Estado de Nueva York.<\/p>\n<p>Reconociendo la importancia de sus casos de indemnizaci\u00f3n laboral, nuestro objetivo es guiarle a trav\u00e9s de las complejidades de la interacci\u00f3n con la compa\u00f1\u00eda de seguros de indemnizaci\u00f3n laboral y su empleador.<\/p>\n<p>Somos conscientes de que este periodo puede ser estresante para usted y su familia. Si est\u00e1 interesado en concertar una cita, p\u00f3ngase en contacto con nosotros y haremos todo lo posible para que el proceso sea lo m\u00e1s fluido y menos estresante posible.<\/p>\n","protected":false},"excerpt":{"rendered":"<p>Principios Rectores Generales para Contusiones para Pacientes de Compensaci\u00f3n de Trabajadores Las directrices elaboradas por la Junta de Indemnizaci\u00f3n por Accidentes de Trabajo del Estado de Nueva York est\u00e1n dise\u00f1adas para ayudar a los m\u00e9dicos, pod\u00f3logos y profesionales sanitarios a ofrecer un tratamiento adecuado de las contusiones. Estas directrices constituyen un valioso recurso para ayudar [&hellip;]<\/p>\n","protected":false},"author":33,"featured_media":0,"parent":21159,"menu_order":0,"comment_status":"closed","ping_status":"closed","template":"","meta":{"_et_pb_use_builder":"","_et_pb_old_content":"","_et_gb_content_width":"","footnotes":""},"class_list":["post-21170","page","type-page","status-publish","hentry"],"yoast_head":"<!-- This site is optimized with the Yoast SEO plugin v27.2 - https:\/\/yoast.com\/product\/yoast-seo-wordpress\/ -->\n<title>Contusiones | Best Hip &amp; Knee Surgeon | NY, USA<\/title>\n<meta name=\"description\" content=\"Principios Rectores Generales para Contusiones para Pacientes de Compensaci\u00f3n de Trabajadores Las directrices elaboradas por la Junta de Indemnizaci\u00f3n por\" \/>\n<meta name=\"robots\" content=\"index, follow, max-snippet:-1, max-image-preview:large, max-video-preview:-1\" \/>\n<link rel=\"canonical\" href=\"https:\/\/www.newyorkhipknee.com\/es\/indemnizacion-por-accidente-laboral\/directrices-de-tratamiento-medico-mtg\/codo\/contusiones\/\" \/>\n<meta property=\"og:locale\" content=\"es_ES\" \/>\n<meta property=\"og:type\" content=\"article\" \/>\n<meta property=\"og:title\" content=\"Contusiones | Best Hip &amp; Knee Surgeon | NY, USA\" \/>\n<meta property=\"og:description\" content=\"Principios Rectores Generales para Contusiones para Pacientes de Compensaci\u00f3n de Trabajadores Las directrices elaboradas por la Junta de Indemnizaci\u00f3n por\" \/>\n<meta property=\"og:url\" content=\"https:\/\/www.newyorkhipknee.com\/es\/indemnizacion-por-accidente-laboral\/directrices-de-tratamiento-medico-mtg\/codo\/contusiones\/\" \/>\n<meta property=\"og:site_name\" content=\"Best Hip &amp; Knee Surgeon | NY, USA\" \/>\n<meta name=\"twitter:card\" content=\"summary_large_image\" \/>\n<meta name=\"twitter:label1\" content=\"Tiempo de lectura\" \/>\n\t<meta name=\"twitter:data1\" content=\"2 minutos\" \/>\n<script type=\"application\/ld+json\" class=\"yoast-schema-graph\">{\"@context\":\"https:\/\/schema.org\",\"@graph\":[{\"@type\":[\"WebPage\",\"MedicalWebPage\"],\"@id\":\"https:\/\/www.newyorkhipknee.com\/es\/indemnizacion-por-accidente-laboral\/directrices-de-tratamiento-medico-mtg\/codo\/contusiones\/\",\"url\":\"https:\/\/www.newyorkhipknee.com\/es\/indemnizacion-por-accidente-laboral\/directrices-de-tratamiento-medico-mtg\/codo\/contusiones\/\",\"name\":\"Contusiones | Best Hip &amp; Knee Surgeon | NY, USA\",\"isPartOf\":{\"@id\":\"https:\/\/www.newyorkhipknee.com\/es\/#website\"},\"datePublished\":\"2023-12-13T18:14:24+00:00\",\"description\":\"Principios Rectores Generales para Contusiones para Pacientes de Compensaci\u00f3n de Trabajadores Las directrices elaboradas por la Junta de Indemnizaci\u00f3n por\",\"breadcrumb\":{\"@id\":\"https:\/\/www.newyorkhipknee.com\/es\/indemnizacion-por-accidente-laboral\/directrices-de-tratamiento-medico-mtg\/codo\/contusiones\/#breadcrumb\"},\"inLanguage\":\"es\",\"potentialAction\":[{\"@type\":\"ReadAction\",\"target\":[\"https:\/\/www.newyorkhipknee.com\/es\/indemnizacion-por-accidente-laboral\/directrices-de-tratamiento-medico-mtg\/codo\/contusiones\/\"]}]},{\"@type\":\"BreadcrumbList\",\"@id\":\"https:\/\/www.newyorkhipknee.com\/es\/indemnizacion-por-accidente-laboral\/directrices-de-tratamiento-medico-mtg\/codo\/contusiones\/#breadcrumb\",\"itemListElement\":[{\"@type\":\"ListItem\",\"position\":1,\"name\":\"Home\",\"item\":\"https:\/\/www.newyorkhipknee.com\/es\/\"},{\"@type\":\"ListItem\",\"position\":2,\"name\":\"Indemnizaci\u00f3n por accidente laboral\",\"item\":\"https:\/\/www.newyorkhipknee.com\/es\/indemnizacion-por-accidente-laboral\/\"},{\"@type\":\"ListItem\",\"position\":3,\"name\":\"Directrices de tratamiento m\u00e9dico (MTG)\",\"item\":\"https:\/\/www.newyorkhipknee.com\/es\/indemnizacion-por-accidente-laboral\/directrices-de-tratamiento-medico-mtg\/\"},{\"@type\":\"ListItem\",\"position\":4,\"name\":\"Codo\",\"item\":\"https:\/\/www.newyorkhipknee.com\/es\/indemnizacion-por-accidente-laboral\/directrices-de-tratamiento-medico-mtg\/codo\/\"},{\"@type\":\"ListItem\",\"position\":5,\"name\":\"Contusiones\"}]},{\"@type\":\"WebSite\",\"@id\":\"https:\/\/www.newyorkhipknee.com\/es\/#website\",\"url\":\"https:\/\/www.newyorkhipknee.com\/es\/\",\"name\":\"Best Hip & Knee Surgeon | NY, USA\",\"description\":\"\",\"potentialAction\":[{\"@type\":\"SearchAction\",\"target\":{\"@type\":\"EntryPoint\",\"urlTemplate\":\"https:\/\/www.newyorkhipknee.com\/es\/?s={search_term_string}\"},\"query-input\":{\"@type\":\"PropertyValueSpecification\",\"valueRequired\":true,\"valueName\":\"search_term_string\"}}],\"inLanguage\":\"es\"}]}<\/script>\n<!-- \/ Yoast SEO plugin. -->","yoast_head_json":{"title":"Contusiones | Best Hip &amp; Knee Surgeon | NY, USA","description":"Principios Rectores Generales para Contusiones para Pacientes de Compensaci\u00f3n de Trabajadores Las directrices elaboradas por la Junta de Indemnizaci\u00f3n por","robots":{"index":"index","follow":"follow","max-snippet":"max-snippet:-1","max-image-preview":"max-image-preview:large","max-video-preview":"max-video-preview:-1"},"canonical":"https:\/\/www.newyorkhipknee.com\/es\/indemnizacion-por-accidente-laboral\/directrices-de-tratamiento-medico-mtg\/codo\/contusiones\/","og_locale":"es_ES","og_type":"article","og_title":"Contusiones | Best Hip &amp; Knee Surgeon | NY, USA","og_description":"Principios Rectores Generales para Contusiones para Pacientes de Compensaci\u00f3n de Trabajadores Las directrices elaboradas por la Junta de Indemnizaci\u00f3n por","og_url":"https:\/\/www.newyorkhipknee.com\/es\/indemnizacion-por-accidente-laboral\/directrices-de-tratamiento-medico-mtg\/codo\/contusiones\/","og_site_name":"Best Hip &amp; Knee Surgeon | NY, USA","twitter_card":"summary_large_image","twitter_misc":{"Tiempo de lectura":"2 minutos"},"schema":{"@context":"https:\/\/schema.org","@graph":[{"@type":["WebPage","MedicalWebPage"],"@id":"https:\/\/www.newyorkhipknee.com\/es\/indemnizacion-por-accidente-laboral\/directrices-de-tratamiento-medico-mtg\/codo\/contusiones\/","url":"https:\/\/www.newyorkhipknee.com\/es\/indemnizacion-por-accidente-laboral\/directrices-de-tratamiento-medico-mtg\/codo\/contusiones\/","name":"Contusiones | Best Hip &amp; Knee Surgeon | NY, USA","isPartOf":{"@id":"https:\/\/www.newyorkhipknee.com\/es\/#website"},"datePublished":"2023-12-13T18:14:24+00:00","description":"Principios Rectores Generales para Contusiones para Pacientes de Compensaci\u00f3n de Trabajadores Las directrices elaboradas por la Junta de Indemnizaci\u00f3n por","breadcrumb":{"@id":"https:\/\/www.newyorkhipknee.com\/es\/indemnizacion-por-accidente-laboral\/directrices-de-tratamiento-medico-mtg\/codo\/contusiones\/#breadcrumb"},"inLanguage":"es","potentialAction":[{"@type":"ReadAction","target":["https:\/\/www.newyorkhipknee.com\/es\/indemnizacion-por-accidente-laboral\/directrices-de-tratamiento-medico-mtg\/codo\/contusiones\/"]}]},{"@type":"BreadcrumbList","@id":"https:\/\/www.newyorkhipknee.com\/es\/indemnizacion-por-accidente-laboral\/directrices-de-tratamiento-medico-mtg\/codo\/contusiones\/#breadcrumb","itemListElement":[{"@type":"ListItem","position":1,"name":"Home","item":"https:\/\/www.newyorkhipknee.com\/es\/"},{"@type":"ListItem","position":2,"name":"Indemnizaci\u00f3n por accidente laboral","item":"https:\/\/www.newyorkhipknee.com\/es\/indemnizacion-por-accidente-laboral\/"},{"@type":"ListItem","position":3,"name":"Directrices de tratamiento m\u00e9dico (MTG)","item":"https:\/\/www.newyorkhipknee.com\/es\/indemnizacion-por-accidente-laboral\/directrices-de-tratamiento-medico-mtg\/"},{"@type":"ListItem","position":4,"name":"Codo","item":"https:\/\/www.newyorkhipknee.com\/es\/indemnizacion-por-accidente-laboral\/directrices-de-tratamiento-medico-mtg\/codo\/"},{"@type":"ListItem","position":5,"name":"Contusiones"}]},{"@type":"WebSite","@id":"https:\/\/www.newyorkhipknee.com\/es\/#website","url":"https:\/\/www.newyorkhipknee.com\/es\/","name":"Best Hip & Knee Surgeon | NY, USA","description":"","potentialAction":[{"@type":"SearchAction","target":{"@type":"EntryPoint","urlTemplate":"https:\/\/www.newyorkhipknee.com\/es\/?s={search_term_string}"},"query-input":{"@type":"PropertyValueSpecification","valueRequired":true,"valueName":"search_term_string"}}],"inLanguage":"es"}]}},"_links":{"self":[{"href":"https:\/\/www.newyorkhipknee.com\/es\/wp-json\/wp\/v2\/pages\/21170","targetHints":{"allow":["GET"]}}],"collection":[{"href":"https:\/\/www.newyorkhipknee.com\/es\/wp-json\/wp\/v2\/pages"}],"about":[{"href":"https:\/\/www.newyorkhipknee.com\/es\/wp-json\/wp\/v2\/types\/page"}],"author":[{"embeddable":true,"href":"https:\/\/www.newyorkhipknee.com\/es\/wp-json\/wp\/v2\/users\/33"}],"replies":[{"embeddable":true,"href":"https:\/\/www.newyorkhipknee.com\/es\/wp-json\/wp\/v2\/comments?post=21170"}],"version-history":[{"count":0,"href":"https:\/\/www.newyorkhipknee.com\/es\/wp-json\/wp\/v2\/pages\/21170\/revisions"}],"up":[{"embeddable":true,"href":"https:\/\/www.newyorkhipknee.com\/es\/wp-json\/wp\/v2\/pages\/21159"}],"wp:attachment":[{"href":"https:\/\/www.newyorkhipknee.com\/es\/wp-json\/wp\/v2\/media?parent=21170"}],"curies":[{"name":"wp","href":"https:\/\/api.w.org\/{rel}","templated":true}]}}